{"id":36933,"date":"2026-04-13T16:10:10","date_gmt":"2026-04-13T14:10:10","guid":{"rendered":"https:\/\/motionfitness.se\/produkter\/staende-hoftestot-2\/"},"modified":"2026-04-13T16:10:10","modified_gmt":"2026-04-13T14:10:10","slug":"staende-hoftestot-2","status":"publish","type":"product","link":"https:\/\/motionfitness.se\/no\/produkter\/staende-hoftestot-2\/","title":{"rendered":"St\u00e5ende hoftest\u00f8t"},"content":{"rendered":"<p>Standing Hip Thrust er en profesjonell styrketreningsmaskin som trener hele den bakre kjeden, med s\u00e6rlig fokus p\u00e5 setemuskulaturen og de sammenl\u00e5sende hamstringsmusklene.<\/p>\n<p>Den oppreiste posisjonen foredler det klassiske hoftel\u00f8ftet og gir et tydelig, kontrollert hoftestrekk. Takket v\u00e6re en kontrollert bevegelsesbane og en fysiologisk belastningskurve holdes muskelspenningen jevn gjennom hele bevegelsen, noe som gj\u00f8r det enkelt \u00e5 finne toppkontraksjonen og kontrollere den eksentriske fasen. <\/p>\n<p><strong>Maskinen tilpasser seg raskt:<\/strong> gassassisterte fotruller, valgbar startvinkel og en justerbar trykkrulle posisjonerer bekkenet p\u00e5 en sikker m\u00e5te. H\u00e5ndtakene foran gir ekstra stabilitet, reduserer u\u00f8nsket kompensasjon og sikrer at setet treffer uansett brukererfaring eller kroppsst\u00f8rrelse. Resultatet er jevn muskelkontakt for b\u00e5de m\u00e5lrettet rumpetrening og generell styrking av den bakre kjeden.  <\/p>\n<p>For en komplett underkroppsserie kan du integrere v\u00e5re <a href=\"https:\/\/motionfitness.se\/no\/produkter\/staende-abduktor\/\" target=\"_blank\" rel=\"noopener noreferrer\">abduktorer<\/a> og <a href=\"https:\/\/motionfitness.se\/no\/produkter\/adduktormaskin-3\/\" target=\"_blank\" rel=\"noopener noreferrer\">adduktorer<\/a> for lateralt arbeid, samt legge til fokusert <a href=\"https:\/\/motionfitness.se\/no\/produkter\/abdominal\/\" target=\"_blank\" rel=\"noopener noreferrer\">kjernetrening<\/a> for st\u00f8tte av hele kroppen. Maskinens robuste konstruksjon er designet for kommersielle treningssentre, bedriftsfasiliteter, hoteller, spa og rehabiliteringsmilj\u00f8er der p\u00e5litelighet og forutsigbar belastning er avgj\u00f8rende. <\/p>\n<p>Kort sagt f\u00e5r medlemmene dine en trygg hoftet\u00f8yning med h\u00f8y kontroll og tydelig muskelaktivering. Kontakt oss for r\u00e5d eller bestill en praktisk demonstrasjon p\u00e5 stedet. <\/p>\n","protected":false},"excerpt":{"rendered":"<p>Standing Hip Thrust er en profesjonell styrketreningsmaskin som trener hele den bakre kjeden, med s\u00e6rlig fokus p\u00e5 setemuskulaturen og de sammenl\u00e5sende hamstringsmusklene.<\/p>\n","protected":false},"featured_media":36930,"comment_status":"open","ping_status":"closed","template":"","meta":{"_acf_changed":false,"_monsterinsights_skip_tracking":false,"_monsterinsights_sitenote_active":false,"_monsterinsights_sitenote_note":"","_monsterinsights_sitenote_category":0},"product_brand":[],"product_cat":[789,441,722],"product_tag":[843],"class_list":{"0":"post-36933","1":"product","2":"type-product","3":"status-publish","4":"has-post-thumbnail","6":"product_cat-freeweight-one-no","7":"product_cat-panatta-no","8":"product_cat-plate-load-no-2","9":"product_tag-panatta-freeweight-one","11":"first","12":"instock","13":"taxable","14":"shipping-taxable","15":"purchasable","16":"product-type-simple"},"acf":[],"yoast_head":"<!-- This site is optimized with the Yoast SEO plugin v27.4 - https:\/\/yoast.com\/product\/yoast-seo-wordpress\/ -->\n<title>St\u00e5ende hoftest\u00f8t | Motion Fitness<\/title>\n<meta name=\"description\" content=\"Panatta Freeweight One Hip Thrust for kommersielle treningssentre. Robuste maskiner med design i verdensklasse med installasjon, service og garanti. Be om et tilbud.\" \/>\n<meta name=\"robots\" content=\"index, follow, max-snippet:-1, max-image-preview:large, max-video-preview:-1\" \/>\n<link rel=\"canonical\" href=\"https:\/\/motionfitness.se\/no\/produkter\/staende-hoftestot-2\/\" \/>\n<meta property=\"og:locale\" content=\"nb_NO\" \/>\n<meta property=\"og:type\" content=\"article\" \/>\n<meta property=\"og:title\" content=\"St\u00e5ende hoftest\u00f8t | Motion Fitness\" \/>\n<meta property=\"og:description\" content=\"Panatta Freeweight One Hip Thrust for kommersielle treningssentre. Robuste maskiner med design i verdensklasse med installasjon, service og garanti. Be om et tilbud.\" \/>\n<meta property=\"og:url\" content=\"https:\/\/motionfitness.se\/no\/produkter\/staende-hoftestot-2\/\" \/>\n<meta property=\"og:site_name\" content=\"Motion Fitness\" \/>\n<meta property=\"article:publisher\" content=\"https:\/\/www.facebook.com\/motionfitnesssverige\/\" \/>\n<meta property=\"og:image\" content=\"https:\/\/motionfitness.se\/wp-content\/uploads\/2026\/04\/Standing-Hip-Thrust-1FO197-1.webp\" \/>\n\t<meta property=\"og:image:width\" content=\"900\" \/>\n\t<meta property=\"og:image:height\" content=\"900\" \/>\n\t<meta property=\"og:image:type\" content=\"image\/webp\" \/>\n<meta name=\"twitter:card\" content=\"summary_large_image\" \/>\n<meta name=\"twitter:label1\" content=\"Ansl. lesetid\" \/>\n\t<meta name=\"twitter:data1\" content=\"1 minutt\" \/>\n<script type=\"application\/ld+json\" class=\"yoast-schema-graph\">{\"@context\":\"https:\\\/\\\/schema.org\",\"@graph\":[{\"@type\":\"WebPage\",\"@id\":\"https:\\\/\\\/motionfitness.se\\\/no\\\/produkter\\\/staende-hoftestot-2\\\/\",\"url\":\"https:\\\/\\\/motionfitness.se\\\/no\\\/produkter\\\/staende-hoftestot-2\\\/\",\"name\":\"St\u00e5ende hoftest\u00f8t | Motion Fitness\",\"isPartOf\":{\"@id\":\"https:\\\/\\\/motionfitness.se\\\/no\\\/#website\"},\"primaryImageOfPage\":{\"@id\":\"https:\\\/\\\/motionfitness.se\\\/no\\\/produkter\\\/staende-hoftestot-2\\\/#primaryimage\"},\"image\":{\"@id\":\"https:\\\/\\\/motionfitness.se\\\/no\\\/produkter\\\/staende-hoftestot-2\\\/#primaryimage\"},\"thumbnailUrl\":\"https:\\\/\\\/motionfitness.se\\\/wp-content\\\/uploads\\\/2026\\\/04\\\/Standing-Hip-Thrust-1FO197-1.webp\",\"datePublished\":\"2026-04-13T14:10:10+00:00\",\"description\":\"Panatta Freeweight One Hip Thrust for kommersielle treningssentre. Robuste maskiner med design i verdensklasse med installasjon, service og garanti. Be om et tilbud.\",\"breadcrumb\":{\"@id\":\"https:\\\/\\\/motionfitness.se\\\/no\\\/produkter\\\/staende-hoftestot-2\\\/#breadcrumb\"},\"inLanguage\":\"nb-NO\",\"potentialAction\":[{\"@type\":\"ReadAction\",\"target\":[\"https:\\\/\\\/motionfitness.se\\\/no\\\/produkter\\\/staende-hoftestot-2\\\/\"]}]},{\"@type\":\"ImageObject\",\"inLanguage\":\"nb-NO\",\"@id\":\"https:\\\/\\\/motionfitness.se\\\/no\\\/produkter\\\/staende-hoftestot-2\\\/#primaryimage\",\"url\":\"https:\\\/\\\/motionfitness.se\\\/wp-content\\\/uploads\\\/2026\\\/04\\\/Standing-Hip-Thrust-1FO197-1.webp\",\"contentUrl\":\"https:\\\/\\\/motionfitness.se\\\/wp-content\\\/uploads\\\/2026\\\/04\\\/Standing-Hip-Thrust-1FO197-1.webp\",\"width\":900,\"height\":900},{\"@type\":\"BreadcrumbList\",\"@id\":\"https:\\\/\\\/motionfitness.se\\\/no\\\/produkter\\\/staende-hoftestot-2\\\/#breadcrumb\",\"itemListElement\":[{\"@type\":\"ListItem\",\"position\":1,\"name\":\"Hem\",\"item\":\"https:\\\/\\\/motionfitness.se\\\/no\\\/startside\\\/\"},{\"@type\":\"ListItem\",\"position\":2,\"name\":\"Produkter\",\"item\":\"https:\\\/\\\/motionfitness.se\\\/no\\\/produkter\\\/\"},{\"@type\":\"ListItem\",\"position\":3,\"name\":\"St\u00e5ende hoftest\u00f8t\"}]},{\"@type\":\"WebSite\",\"@id\":\"https:\\\/\\\/motionfitness.se\\\/no\\\/#website\",\"url\":\"https:\\\/\\\/motionfitness.se\\\/no\\\/\",\"name\":\"Motion Fitness\",\"description\":\"Stronger Together\",\"publisher\":{\"@id\":\"https:\\\/\\\/motionfitness.se\\\/no\\\/#organization\"},\"potentialAction\":[{\"@type\":\"SearchAction\",\"target\":{\"@type\":\"EntryPoint\",\"urlTemplate\":\"https:\\\/\\\/motionfitness.se\\\/no\\\/?s={search_term_string}\"},\"query-input\":{\"@type\":\"PropertyValueSpecification\",\"valueRequired\":true,\"valueName\":\"search_term_string\"}}],\"inLanguage\":\"nb-NO\"},{\"@type\":\"Organization\",\"@id\":\"https:\\\/\\\/motionfitness.se\\\/no\\\/#organization\",\"name\":\"Motion Fitness\",\"url\":\"https:\\\/\\\/motionfitness.se\\\/no\\\/\",\"logo\":{\"@type\":\"ImageObject\",\"inLanguage\":\"nb-NO\",\"@id\":\"https:\\\/\\\/motionfitness.se\\\/no\\\/#\\\/schema\\\/logo\\\/image\\\/\",\"url\":\"https:\\\/\\\/motionfitness.se\\\/wp-content\\\/uploads\\\/2024\\\/01\\\/Motion-Fitness-Logol.png\",\"contentUrl\":\"https:\\\/\\\/motionfitness.se\\\/wp-content\\\/uploads\\\/2024\\\/01\\\/Motion-Fitness-Logol.png\",\"width\":1280,\"height\":720,\"caption\":\"Motion Fitness\"},\"image\":{\"@id\":\"https:\\\/\\\/motionfitness.se\\\/no\\\/#\\\/schema\\\/logo\\\/image\\\/\"},\"sameAs\":[\"https:\\\/\\\/www.facebook.com\\\/motionfitnesssverige\\\/\",\"https:\\\/\\\/www.instagram.com\\\/motionfitness.se\\\/\"]}]}<\/script>\n<!-- \/ Yoast SEO plugin. -->","yoast_head_json":{"title":"St\u00e5ende hoftest\u00f8t | Motion Fitness","description":"Panatta Freeweight One Hip Thrust for kommersielle treningssentre. Robuste maskiner med design i verdensklasse med installasjon, service og garanti. Be om et tilbud.","robots":{"index":"index","follow":"follow","max-snippet":"max-snippet:-1","max-image-preview":"max-image-preview:large","max-video-preview":"max-video-preview:-1"},"canonical":"https:\/\/motionfitness.se\/no\/produkter\/staende-hoftestot-2\/","og_locale":"nb_NO","og_type":"article","og_title":"St\u00e5ende hoftest\u00f8t | Motion Fitness","og_description":"Panatta Freeweight One Hip Thrust for kommersielle treningssentre. Robuste maskiner med design i verdensklasse med installasjon, service og garanti. Be om et tilbud.","og_url":"https:\/\/motionfitness.se\/no\/produkter\/staende-hoftestot-2\/","og_site_name":"Motion Fitness","article_publisher":"https:\/\/www.facebook.com\/motionfitnesssverige\/","og_image":[{"width":900,"height":900,"url":"https:\/\/motionfitness.se\/wp-content\/uploads\/2026\/04\/Standing-Hip-Thrust-1FO197-1.webp","type":"image\/webp"}],"twitter_card":"summary_large_image","twitter_misc":{"Ansl. lesetid":"1 minutt"},"schema":{"@context":"https:\/\/schema.org","@graph":[{"@type":"WebPage","@id":"https:\/\/motionfitness.se\/no\/produkter\/staende-hoftestot-2\/","url":"https:\/\/motionfitness.se\/no\/produkter\/staende-hoftestot-2\/","name":"St\u00e5ende hoftest\u00f8t | Motion Fitness","isPartOf":{"@id":"https:\/\/motionfitness.se\/no\/#website"},"primaryImageOfPage":{"@id":"https:\/\/motionfitness.se\/no\/produkter\/staende-hoftestot-2\/#primaryimage"},"image":{"@id":"https:\/\/motionfitness.se\/no\/produkter\/staende-hoftestot-2\/#primaryimage"},"thumbnailUrl":"https:\/\/motionfitness.se\/wp-content\/uploads\/2026\/04\/Standing-Hip-Thrust-1FO197-1.webp","datePublished":"2026-04-13T14:10:10+00:00","description":"Panatta Freeweight One Hip Thrust for kommersielle treningssentre. Robuste maskiner med design i verdensklasse med installasjon, service og garanti. Be om et tilbud.","breadcrumb":{"@id":"https:\/\/motionfitness.se\/no\/produkter\/staende-hoftestot-2\/#breadcrumb"},"inLanguage":"nb-NO","potentialAction":[{"@type":"ReadAction","target":["https:\/\/motionfitness.se\/no\/produkter\/staende-hoftestot-2\/"]}]},{"@type":"ImageObject","inLanguage":"nb-NO","@id":"https:\/\/motionfitness.se\/no\/produkter\/staende-hoftestot-2\/#primaryimage","url":"https:\/\/motionfitness.se\/wp-content\/uploads\/2026\/04\/Standing-Hip-Thrust-1FO197-1.webp","contentUrl":"https:\/\/motionfitness.se\/wp-content\/uploads\/2026\/04\/Standing-Hip-Thrust-1FO197-1.webp","width":900,"height":900},{"@type":"BreadcrumbList","@id":"https:\/\/motionfitness.se\/no\/produkter\/staende-hoftestot-2\/#breadcrumb","itemListElement":[{"@type":"ListItem","position":1,"name":"Hem","item":"https:\/\/motionfitness.se\/no\/startside\/"},{"@type":"ListItem","position":2,"name":"Produkter","item":"https:\/\/motionfitness.se\/no\/produkter\/"},{"@type":"ListItem","position":3,"name":"St\u00e5ende hoftest\u00f8t"}]},{"@type":"WebSite","@id":"https:\/\/motionfitness.se\/no\/#website","url":"https:\/\/motionfitness.se\/no\/","name":"Motion Fitness","description":"Stronger Together","publisher":{"@id":"https:\/\/motionfitness.se\/no\/#organization"},"potentialAction":[{"@type":"SearchAction","target":{"@type":"EntryPoint","urlTemplate":"https:\/\/motionfitness.se\/no\/?s={search_term_string}"},"query-input":{"@type":"PropertyValueSpecification","valueRequired":true,"valueName":"search_term_string"}}],"inLanguage":"nb-NO"},{"@type":"Organization","@id":"https:\/\/motionfitness.se\/no\/#organization","name":"Motion Fitness","url":"https:\/\/motionfitness.se\/no\/","logo":{"@type":"ImageObject","inLanguage":"nb-NO","@id":"https:\/\/motionfitness.se\/no\/#\/schema\/logo\/image\/","url":"https:\/\/motionfitness.se\/wp-content\/uploads\/2024\/01\/Motion-Fitness-Logol.png","contentUrl":"https:\/\/motionfitness.se\/wp-content\/uploads\/2024\/01\/Motion-Fitness-Logol.png","width":1280,"height":720,"caption":"Motion Fitness"},"image":{"@id":"https:\/\/motionfitness.se\/no\/#\/schema\/logo\/image\/"},"sameAs":["https:\/\/www.facebook.com\/motionfitnesssverige\/","https:\/\/www.instagram.com\/motionfitness.se\/"]}]}},"_links":{"self":[{"href":"https:\/\/motionfitness.se\/no\/wp-json\/wp\/v2\/product\/36933","targetHints":{"allow":["GET"]}}],"collection":[{"href":"https:\/\/motionfitness.se\/no\/wp-json\/wp\/v2\/product"}],"about":[{"href":"https:\/\/motionfitness.se\/no\/wp-json\/wp\/v2\/types\/product"}],"replies":[{"embeddable":true,"href":"https:\/\/motionfitness.se\/no\/wp-json\/wp\/v2\/comments?post=36933"}],"wp:featuredmedia":[{"embeddable":true,"href":"https:\/\/motionfitness.se\/no\/wp-json\/wp\/v2\/media\/36930"}],"wp:attachment":[{"href":"https:\/\/motionfitness.se\/no\/wp-json\/wp\/v2\/media?parent=36933"}],"wp:term":[{"taxonomy":"product_brand","embeddable":true,"href":"https:\/\/motionfitness.se\/no\/wp-json\/wp\/v2\/product_brand?post=36933"},{"taxonomy":"product_cat","embeddable":true,"href":"https:\/\/motionfitness.se\/no\/wp-json\/wp\/v2\/product_cat?post=36933"},{"taxonomy":"product_tag","embeddable":true,"href":"https:\/\/motionfitness.se\/no\/wp-json\/wp\/v2\/product_tag?post=36933"}],"curies":[{"name":"wp","href":"https:\/\/api.w.org\/{rel}","templated":true}]}}