{"id":36896,"date":"2026-04-20T15:05:10","date_gmt":"2026-04-20T13:05:10","guid":{"rendered":"https:\/\/motionfitness.se\/produkter\/super-lunge-machine\/"},"modified":"2026-04-20T15:05:10","modified_gmt":"2026-04-20T13:05:10","slug":"super-lunge-machine","status":"publish","type":"product","link":"https:\/\/motionfitness.se\/no\/produkter\/super-lunge-machine\/","title":{"rendered":"Super Lunge Machine"},"content":{"rendered":"<p>Finn kraften i utfallene dine uten at det g\u00e5r p\u00e5 bekostning av balansen. Super Lunge Machine styrer bevegelsen slik at du kan konsentrere deg om setemuskulaturen, forsiden av l\u00e5rene og adduktorene. Hofte, kne og ankel er p\u00e5 linje hele veien, og bakplaten glir p\u00e5 en skr\u00e5stilt skinne som gir en jevn og myk hoftestrekning.  <\/p>\n<p><strong>Hvorfor du f\u00f8ler forskjellen<\/strong><\/p>\n<p>&#8211; Veiledet bevegelsesbane som setter riktig teknikk i sentrum.<\/p>\n<p>&#8211; Sklisikker fotst\u00f8tte foran gir stabilt grep.<\/p>\n<p>&#8211; Rullene foran og den sammenleggbare bakre rullen gir tydelig posisjonering.<\/p>\n<p>&#8211; Lenkearmen skaper en belastningskurve som f\u00f8lger muskelstyrken ved b\u00e5de l\u00f8fting og bremsing.<\/p>\n<p>&#8211; Innebygd fj\u00e6rmotvekt gj\u00f8r det enkelt \u00e5 starte og tillater h\u00f8yere vekter.<\/p>\n<p><strong>Fordeler ved investeringer<\/strong><\/p>\n<p>Den styrte banen gj\u00f8r at brukeren kan jobbe gjennom hele bevegelsesomr\u00e5det uten \u00e5 bruke energi p\u00e5 \u00e5 opprettholde balansen. Takket v\u00e6re fem h\u00f8ydeposisjoner finner b\u00e5de korte og lange personer den rette startvinkelen. Seks valgfrie vektholdere holder orden rundt stasjonen og skaper et ryddig inntrykk.  <\/p>\n<p>Super Lunge Machine vil v\u00e6re midtpunktet i et rom med fokus p\u00e5 beina. Kombiner den med et <a href=\"https:\/\/motionfitness.se\/no\/reoler-og-stillaser\/\" target=\"_blank\" rel=\"noopener noreferrer\">treningsstativ<\/a>, legg til <a href=\"https:\/\/motionfitness.se\/no\/suspensjonstrening\/\" target=\"_blank\" rel=\"noopener noreferrer\">suspensjonsb\u00e5nd<\/a> for kroppsvektstrening og legg til en dedikert <a href=\"https:\/\/motionfitness.se\/no\/produkter\/abdominal-crunch\/\" target=\"_blank\" rel=\"noopener noreferrer\">magemaskin<\/a> for generell styrke. Hvis du vil se hvordan den fungerer i ditt milj\u00f8, kan du kontakte oss for \u00e5 f\u00e5 r\u00e5d eller bestille en demo for \u00e5 <a href=\"https:\/\/motionfitness.se\/no\/fremtidssikre-treningssenteret-ditt\/\" target=\"_blank\" rel=\"noopener noreferrer\">fremtidssikre<\/a> treningsstudioet ditt.  <\/p>\n","protected":false},"excerpt":{"rendered":"<p>Finn kraften i utfallene dine uten at det g\u00e5r p\u00e5 bekostning av balansen. Super Lunge Machine styrer bevegelsen slik at du kan konsentrere deg maksimalt om \u00f8velsen. <\/p>\n","protected":false},"featured_media":36895,"comment_status":"open","ping_status":"closed","template":"","meta":{"_acf_changed":false,"_monsterinsights_skip_tracking":false,"_monsterinsights_sitenote_active":false,"_monsterinsights_sitenote_note":"","_monsterinsights_sitenote_category":0},"product_brand":[],"product_cat":[480,441,722],"product_tag":[490],"class_list":{"0":"post-36896","1":"product","2":"type-product","3":"status-publish","4":"has-post-thumbnail","6":"product_cat-free-weight-produktlinje-no","7":"product_cat-panatta-no","8":"product_cat-plate-load-no-2","9":"product_tag-panatta-free-weight-special-no","11":"first","12":"outofstock","13":"taxable","14":"shipping-taxable","15":"purchasable","16":"product-type-simple"},"acf":[],"yoast_head":"<!-- This site is optimized with the Yoast SEO plugin v27.4 - https:\/\/yoast.com\/product\/yoast-seo-wordpress\/ -->\n<title>Super Lunge Machine | Motion Fitness<\/title>\n<meta name=\"description\" content=\"Tren utfall med trygg teknologi i ditt lokale: installasjon, utstyr og serviceavtaler for ditt treningssenter. Bestill en demo eller be om et tilbud.\" \/>\n<meta name=\"robots\" content=\"index, follow, max-snippet:-1, max-image-preview:large, max-video-preview:-1\" \/>\n<link rel=\"canonical\" href=\"https:\/\/motionfitness.se\/no\/produkter\/super-lunge-machine\/\" \/>\n<meta property=\"og:locale\" content=\"nb_NO\" \/>\n<meta property=\"og:type\" content=\"article\" \/>\n<meta property=\"og:title\" content=\"Super Lunge Machine | Motion Fitness\" \/>\n<meta property=\"og:description\" content=\"Tren utfall med trygg teknologi i ditt lokale: installasjon, utstyr og serviceavtaler for ditt treningssenter. Bestill en demo eller be om et tilbud.\" \/>\n<meta property=\"og:url\" content=\"https:\/\/motionfitness.se\/no\/produkter\/super-lunge-machine\/\" \/>\n<meta property=\"og:site_name\" content=\"Motion Fitness\" \/>\n<meta property=\"article:publisher\" content=\"https:\/\/www.facebook.com\/motionfitnesssverige\/\" \/>\n<meta property=\"og:image\" content=\"https:\/\/motionfitness.se\/wp-content\/uploads\/2026\/04\/Panatta-super-lunge-machine.webp\" \/>\n\t<meta property=\"og:image:width\" content=\"900\" \/>\n\t<meta property=\"og:image:height\" content=\"900\" \/>\n\t<meta property=\"og:image:type\" content=\"image\/webp\" \/>\n<meta name=\"twitter:card\" content=\"summary_large_image\" \/>\n<meta name=\"twitter:label1\" content=\"Ansl. lesetid\" \/>\n\t<meta name=\"twitter:data1\" content=\"1 minutt\" \/>\n<script type=\"application\/ld+json\" class=\"yoast-schema-graph\">{\"@context\":\"https:\\\/\\\/schema.org\",\"@graph\":[{\"@type\":\"WebPage\",\"@id\":\"https:\\\/\\\/motionfitness.se\\\/no\\\/produkter\\\/super-lunge-machine\\\/\",\"url\":\"https:\\\/\\\/motionfitness.se\\\/no\\\/produkter\\\/super-lunge-machine\\\/\",\"name\":\"Super Lunge Machine | Motion Fitness\",\"isPartOf\":{\"@id\":\"https:\\\/\\\/motionfitness.se\\\/no\\\/#website\"},\"primaryImageOfPage\":{\"@id\":\"https:\\\/\\\/motionfitness.se\\\/no\\\/produkter\\\/super-lunge-machine\\\/#primaryimage\"},\"image\":{\"@id\":\"https:\\\/\\\/motionfitness.se\\\/no\\\/produkter\\\/super-lunge-machine\\\/#primaryimage\"},\"thumbnailUrl\":\"https:\\\/\\\/motionfitness.se\\\/wp-content\\\/uploads\\\/2026\\\/04\\\/Panatta-super-lunge-machine.webp\",\"datePublished\":\"2026-04-20T13:05:10+00:00\",\"description\":\"Tren utfall med trygg teknologi i ditt lokale: installasjon, utstyr og serviceavtaler for ditt treningssenter. Bestill en demo eller be om et tilbud.\",\"breadcrumb\":{\"@id\":\"https:\\\/\\\/motionfitness.se\\\/no\\\/produkter\\\/super-lunge-machine\\\/#breadcrumb\"},\"inLanguage\":\"nb-NO\",\"potentialAction\":[{\"@type\":\"ReadAction\",\"target\":[\"https:\\\/\\\/motionfitness.se\\\/no\\\/produkter\\\/super-lunge-machine\\\/\"]}]},{\"@type\":\"ImageObject\",\"inLanguage\":\"nb-NO\",\"@id\":\"https:\\\/\\\/motionfitness.se\\\/no\\\/produkter\\\/super-lunge-machine\\\/#primaryimage\",\"url\":\"https:\\\/\\\/motionfitness.se\\\/wp-content\\\/uploads\\\/2026\\\/04\\\/Panatta-super-lunge-machine.webp\",\"contentUrl\":\"https:\\\/\\\/motionfitness.se\\\/wp-content\\\/uploads\\\/2026\\\/04\\\/Panatta-super-lunge-machine.webp\",\"width\":900,\"height\":900},{\"@type\":\"BreadcrumbList\",\"@id\":\"https:\\\/\\\/motionfitness.se\\\/no\\\/produkter\\\/super-lunge-machine\\\/#breadcrumb\",\"itemListElement\":[{\"@type\":\"ListItem\",\"position\":1,\"name\":\"Hem\",\"item\":\"https:\\\/\\\/motionfitness.se\\\/no\\\/startside\\\/\"},{\"@type\":\"ListItem\",\"position\":2,\"name\":\"Produkter\",\"item\":\"https:\\\/\\\/motionfitness.se\\\/no\\\/produkter\\\/\"},{\"@type\":\"ListItem\",\"position\":3,\"name\":\"Super Lunge Machine\"}]},{\"@type\":\"WebSite\",\"@id\":\"https:\\\/\\\/motionfitness.se\\\/no\\\/#website\",\"url\":\"https:\\\/\\\/motionfitness.se\\\/no\\\/\",\"name\":\"Motion Fitness\",\"description\":\"Stronger Together\",\"publisher\":{\"@id\":\"https:\\\/\\\/motionfitness.se\\\/no\\\/#organization\"},\"potentialAction\":[{\"@type\":\"SearchAction\",\"target\":{\"@type\":\"EntryPoint\",\"urlTemplate\":\"https:\\\/\\\/motionfitness.se\\\/no\\\/?s={search_term_string}\"},\"query-input\":{\"@type\":\"PropertyValueSpecification\",\"valueRequired\":true,\"valueName\":\"search_term_string\"}}],\"inLanguage\":\"nb-NO\"},{\"@type\":\"Organization\",\"@id\":\"https:\\\/\\\/motionfitness.se\\\/no\\\/#organization\",\"name\":\"Motion Fitness\",\"url\":\"https:\\\/\\\/motionfitness.se\\\/no\\\/\",\"logo\":{\"@type\":\"ImageObject\",\"inLanguage\":\"nb-NO\",\"@id\":\"https:\\\/\\\/motionfitness.se\\\/no\\\/#\\\/schema\\\/logo\\\/image\\\/\",\"url\":\"https:\\\/\\\/motionfitness.se\\\/wp-content\\\/uploads\\\/2024\\\/01\\\/Motion-Fitness-Logol.png\",\"contentUrl\":\"https:\\\/\\\/motionfitness.se\\\/wp-content\\\/uploads\\\/2024\\\/01\\\/Motion-Fitness-Logol.png\",\"width\":1280,\"height\":720,\"caption\":\"Motion Fitness\"},\"image\":{\"@id\":\"https:\\\/\\\/motionfitness.se\\\/no\\\/#\\\/schema\\\/logo\\\/image\\\/\"},\"sameAs\":[\"https:\\\/\\\/www.facebook.com\\\/motionfitnesssverige\\\/\",\"https:\\\/\\\/www.instagram.com\\\/motionfitness.se\\\/\"]}]}<\/script>\n<!-- \/ Yoast SEO plugin. -->","yoast_head_json":{"title":"Super Lunge Machine | Motion Fitness","description":"Tren utfall med trygg teknologi i ditt lokale: installasjon, utstyr og serviceavtaler for ditt treningssenter. Bestill en demo eller be om et tilbud.","robots":{"index":"index","follow":"follow","max-snippet":"max-snippet:-1","max-image-preview":"max-image-preview:large","max-video-preview":"max-video-preview:-1"},"canonical":"https:\/\/motionfitness.se\/no\/produkter\/super-lunge-machine\/","og_locale":"nb_NO","og_type":"article","og_title":"Super Lunge Machine | Motion Fitness","og_description":"Tren utfall med trygg teknologi i ditt lokale: installasjon, utstyr og serviceavtaler for ditt treningssenter. Bestill en demo eller be om et tilbud.","og_url":"https:\/\/motionfitness.se\/no\/produkter\/super-lunge-machine\/","og_site_name":"Motion Fitness","article_publisher":"https:\/\/www.facebook.com\/motionfitnesssverige\/","og_image":[{"width":900,"height":900,"url":"https:\/\/motionfitness.se\/wp-content\/uploads\/2026\/04\/Panatta-super-lunge-machine.webp","type":"image\/webp"}],"twitter_card":"summary_large_image","twitter_misc":{"Ansl. lesetid":"1 minutt"},"schema":{"@context":"https:\/\/schema.org","@graph":[{"@type":"WebPage","@id":"https:\/\/motionfitness.se\/no\/produkter\/super-lunge-machine\/","url":"https:\/\/motionfitness.se\/no\/produkter\/super-lunge-machine\/","name":"Super Lunge Machine | Motion Fitness","isPartOf":{"@id":"https:\/\/motionfitness.se\/no\/#website"},"primaryImageOfPage":{"@id":"https:\/\/motionfitness.se\/no\/produkter\/super-lunge-machine\/#primaryimage"},"image":{"@id":"https:\/\/motionfitness.se\/no\/produkter\/super-lunge-machine\/#primaryimage"},"thumbnailUrl":"https:\/\/motionfitness.se\/wp-content\/uploads\/2026\/04\/Panatta-super-lunge-machine.webp","datePublished":"2026-04-20T13:05:10+00:00","description":"Tren utfall med trygg teknologi i ditt lokale: installasjon, utstyr og serviceavtaler for ditt treningssenter. Bestill en demo eller be om et tilbud.","breadcrumb":{"@id":"https:\/\/motionfitness.se\/no\/produkter\/super-lunge-machine\/#breadcrumb"},"inLanguage":"nb-NO","potentialAction":[{"@type":"ReadAction","target":["https:\/\/motionfitness.se\/no\/produkter\/super-lunge-machine\/"]}]},{"@type":"ImageObject","inLanguage":"nb-NO","@id":"https:\/\/motionfitness.se\/no\/produkter\/super-lunge-machine\/#primaryimage","url":"https:\/\/motionfitness.se\/wp-content\/uploads\/2026\/04\/Panatta-super-lunge-machine.webp","contentUrl":"https:\/\/motionfitness.se\/wp-content\/uploads\/2026\/04\/Panatta-super-lunge-machine.webp","width":900,"height":900},{"@type":"BreadcrumbList","@id":"https:\/\/motionfitness.se\/no\/produkter\/super-lunge-machine\/#breadcrumb","itemListElement":[{"@type":"ListItem","position":1,"name":"Hem","item":"https:\/\/motionfitness.se\/no\/startside\/"},{"@type":"ListItem","position":2,"name":"Produkter","item":"https:\/\/motionfitness.se\/no\/produkter\/"},{"@type":"ListItem","position":3,"name":"Super Lunge Machine"}]},{"@type":"WebSite","@id":"https:\/\/motionfitness.se\/no\/#website","url":"https:\/\/motionfitness.se\/no\/","name":"Motion Fitness","description":"Stronger Together","publisher":{"@id":"https:\/\/motionfitness.se\/no\/#organization"},"potentialAction":[{"@type":"SearchAction","target":{"@type":"EntryPoint","urlTemplate":"https:\/\/motionfitness.se\/no\/?s={search_term_string}"},"query-input":{"@type":"PropertyValueSpecification","valueRequired":true,"valueName":"search_term_string"}}],"inLanguage":"nb-NO"},{"@type":"Organization","@id":"https:\/\/motionfitness.se\/no\/#organization","name":"Motion Fitness","url":"https:\/\/motionfitness.se\/no\/","logo":{"@type":"ImageObject","inLanguage":"nb-NO","@id":"https:\/\/motionfitness.se\/no\/#\/schema\/logo\/image\/","url":"https:\/\/motionfitness.se\/wp-content\/uploads\/2024\/01\/Motion-Fitness-Logol.png","contentUrl":"https:\/\/motionfitness.se\/wp-content\/uploads\/2024\/01\/Motion-Fitness-Logol.png","width":1280,"height":720,"caption":"Motion Fitness"},"image":{"@id":"https:\/\/motionfitness.se\/no\/#\/schema\/logo\/image\/"},"sameAs":["https:\/\/www.facebook.com\/motionfitnesssverige\/","https:\/\/www.instagram.com\/motionfitness.se\/"]}]}},"_links":{"self":[{"href":"https:\/\/motionfitness.se\/no\/wp-json\/wp\/v2\/product\/36896","targetHints":{"allow":["GET"]}}],"collection":[{"href":"https:\/\/motionfitness.se\/no\/wp-json\/wp\/v2\/product"}],"about":[{"href":"https:\/\/motionfitness.se\/no\/wp-json\/wp\/v2\/types\/product"}],"replies":[{"embeddable":true,"href":"https:\/\/motionfitness.se\/no\/wp-json\/wp\/v2\/comments?post=36896"}],"wp:featuredmedia":[{"embeddable":true,"href":"https:\/\/motionfitness.se\/no\/wp-json\/wp\/v2\/media\/36895"}],"wp:attachment":[{"href":"https:\/\/motionfitness.se\/no\/wp-json\/wp\/v2\/media?parent=36896"}],"wp:term":[{"taxonomy":"product_brand","embeddable":true,"href":"https:\/\/motionfitness.se\/no\/wp-json\/wp\/v2\/product_brand?post=36896"},{"taxonomy":"product_cat","embeddable":true,"href":"https:\/\/motionfitness.se\/no\/wp-json\/wp\/v2\/product_cat?post=36896"},{"taxonomy":"product_tag","embeddable":true,"href":"https:\/\/motionfitness.se\/no\/wp-json\/wp\/v2\/product_tag?post=36896"}],"curies":[{"name":"wp","href":"https:\/\/api.w.org\/{rel}","templated":true}]}}