{"id":35777,"date":"2025-02-10T12:50:10","date_gmt":"2025-02-10T11:50:10","guid":{"rendered":"https:\/\/motionfitness.se\/produkter\/rossopuro-bike-led\/"},"modified":"2025-02-10T12:50:10","modified_gmt":"2025-02-10T11:50:10","slug":"rossopuro-bike-led","status":"publish","type":"product","link":"https:\/\/motionfitness.se\/no\/produkter\/rossopuro-bike-led\/","title":{"rendered":"Rossopuro Bike LED"},"content":{"rendered":"<p data-path-to-node=\"2\"><strong>Panatta Rossopuro Bike LED &#8211; italiensk kvalitet og kompakt design<\/strong><\/p>\n<p data-path-to-node=\"3\">Panatta Rossopuro Bike LED er en profesjonell ergometersykkel som kombinerer 100 % italiensk ingeni\u00f8rkunst med enest\u00e5ende holdbarhet. Denne vertikale sykkelen er designet for \u00e5 prestere i de mest krevende treningsstudioer, samtidig som det slanke og kompakte eksteri\u00f8ret gj\u00f8r at den passer perfekt selv der det er begrenset med plass. <\/p>\n<p data-path-to-node=\"4\"><b data-path-to-node=\"4\" data-index-in-node=\"0\">Ergonomi og komfort i hvert eneste skritt:<\/b><\/p>\n<ul data-path-to-node=\"5\">\n<li>\n<p data-path-to-node=\"5,0,0\"><b data-path-to-node=\"5,0,0\" data-index-in-node=\"0\">Justerbart sete:<\/b> For \u00e5 garantere en optimal sittestilling for alle brukere, kan setet enkelt justeres i 13 ulike posisjoner. Dette sikrer riktig biomekanikk og reduserer risikoen for feilbelastning. <\/p>\n<\/li>\n<li>\n<p data-path-to-node=\"5,1,0\">H\u00e5ndtak med flere <b data-path-to-node=\"5,1,0\" data-index-in-node=\"0\">grep:<\/b> Det ergonomiske styret har flere gripealternativer (multigrep) for variert trening. H\u00e5ndtaket har en behagelig soft-touch-overflate og innebygde <b data-path-to-node=\"5,1,0\" data-index-in-node=\"179\">pulssensorer<\/b>, slik at du alltid kan holde \u00f8ye med intensiteten din. <\/p>\n<\/li>\n<li>\n<p data-path-to-node=\"5,2,0\"><b data-path-to-node=\"5,2,0\" data-index-in-node=\"0\">LED-indikatorsystem:<\/b> Panattas unike LED-system viser tydelig maskinens status &#8211; r\u00f8dt eller gr\u00f8nt lys signaliserer om sykkelen er ledig eller opptatt, noe som forbedrer flyten for medlemmene p\u00e5 treningssenteret.<\/p>\n<\/li>\n<\/ul>\n<p data-path-to-node=\"6\"><b data-path-to-node=\"6\" data-index-in-node=\"0\">Brukervennlig teknologi:<\/b><\/p>\n<ul data-path-to-node=\"7\">\n<li>\n<p data-path-to-node=\"7,0,0\"><b data-path-to-node=\"7,0,0\" data-index-in-node=\"0\">Overdimensjonerte kontroller:<\/b> Den store LED-konsollen er utstyrt med ekstra robuste kontroller som er enkle \u00e5 h\u00e5ndtere selv under en trenings\u00f8kt. Dette gj\u00f8r det enkelt for alle, uansett erfaring, \u00e5 komme raskt i gang med trenings\u00f8kten. <\/p>\n<\/li>\n<li>\n<p data-path-to-node=\"7,1,0\"><b data-path-to-node=\"7,1,0\" data-index-in-node=\"0\">Kompakt kraftpakke:<\/b> Til tross for sin robuste, kommersielle konstruksjon sparer Rossopuro-serien verdifull gulvplass uten at det g\u00e5r p\u00e5 bekostning av stabiliteten.<\/p>\n<\/li>\n<li>\n<p data-path-to-node=\"7,2,0\"><b data-path-to-node=\"7,2,0\" data-index-in-node=\"0\">Integrert flaskeholder:<\/b> Selvf\u00f8lgelig er maskinen utstyrt med en flaskeholder som er lett \u00e5 n\u00e5, slik at du f\u00e5r i deg nok v\u00e6ske.<\/p>\n<\/li>\n<\/ul>\n<p data-path-to-node=\"8\">Hvorfor velge Panatta fra Motion Fitness? Som eksklusiv distribut\u00f8r av Panatta Sport i Sverige og Norge leverer vi utstyr som er bygget for \u00e5 vare. Panattas fokus p\u00e5 detaljer og materialvalg gj\u00f8r Rossopuro Bike LED til en langsiktig investering for bedriftens treningssenter, det kommersielle treningssenteret eller borettslaget.  <\/p>\n<p data-path-to-node=\"10\"><strong>Tekniske h\u00f8ydepunkter:<\/strong><\/p>\n<ul data-path-to-node=\"11\">\n<li>\n<p data-path-to-node=\"11,0,0\"><b data-path-to-node=\"11,0,0\" data-index-in-node=\"0\">Opprinnelse:<\/b> 100 % designet og produsert i Italia.<\/p>\n<\/li>\n<li>\n<p data-path-to-node=\"11,1,0\"><b data-path-to-node=\"11,1,0\" data-index-in-node=\"0\">Setejustering<\/b>: 13 posisjoner for personlig tilpasning.<\/p>\n<\/li>\n<li>\n<p data-path-to-node=\"11,2,0\"><b data-path-to-node=\"11,2,0\" data-index-in-node=\"0\">H\u00e5ndtak:<\/b> Multigrep med myk ber\u00f8ring og pulssensorer.<\/p>\n<\/li>\n<li>\n<p data-path-to-node=\"11,3,0\"><b data-path-to-node=\"11,3,0\" data-index-in-node=\"0\">Bruk:<\/b> Fullt kommersielt milj\u00f8.<\/p>\n<\/li>\n<\/ul>\n<p data-path-to-node=\"12\"><b data-path-to-node=\"12\" data-index-in-node=\"0\">Oppgrader treningssenteret ditt med en italiensk klassiker. Kontakt oss i Motion Fitness for \u00e5 f\u00e5 et tilbud eller hjelp med fargetilpasning. <\/b><\/p>\n","protected":false},"excerpt":{"rendered":"<p>Panatta Rossopuro Bike LED er en profesjonell ergometersykkel som kombinerer 100 % italiensk ingeni\u00f8rkunst med enest\u00e5ende holdbarhet.<\/p>\n","protected":false},"featured_media":35673,"comment_status":"open","ping_status":"closed","template":"","meta":{"_acf_changed":false,"_monsterinsights_skip_tracking":false,"_monsterinsights_sitenote_active":false,"_monsterinsights_sitenote_note":"","_monsterinsights_sitenote_category":0},"product_brand":[],"product_cat":[441,476],"product_tag":[791],"class_list":{"0":"post-35777","1":"product","2":"type-product","3":"status-publish","4":"has-post-thumbnail","6":"product_cat-panatta-no","7":"product_cat-sykler","8":"product_tag-nytt-produkt","10":"first","11":"instock","12":"taxable","13":"shipping-taxable","14":"purchasable","15":"product-type-simple"},"acf":[],"yoast_head":"<!-- This site is optimized with the Yoast SEO plugin v27.4 - https:\/\/yoast.com\/product\/yoast-seo-wordpress\/ -->\n<title>Rossopuro Bike LED | Motion Fitness<\/title>\n<meta name=\"description\" content=\"Panatta Rossopuro Bike LED er en profesjonell ergometersykkel som kombinerer 100 % italiensk ingeni\u00f8rkunst med enest\u00e5ende holdbarhet.\" \/>\n<meta name=\"robots\" content=\"index, follow, max-snippet:-1, max-image-preview:large, max-video-preview:-1\" \/>\n<link rel=\"canonical\" href=\"https:\/\/motionfitness.se\/no\/produkter\/rossopuro-bike-led\/\" \/>\n<meta property=\"og:locale\" content=\"nb_NO\" \/>\n<meta property=\"og:type\" content=\"article\" \/>\n<meta property=\"og:title\" content=\"Rossopuro Bike LED | Motion Fitness\" \/>\n<meta property=\"og:description\" content=\"Panatta Rossopuro Bike LED er en profesjonell ergometersykkel som kombinerer 100 % italiensk ingeni\u00f8rkunst med enest\u00e5ende holdbarhet.\" \/>\n<meta property=\"og:url\" content=\"https:\/\/motionfitness.se\/no\/produkter\/rossopuro-bike-led\/\" \/>\n<meta property=\"og:site_name\" content=\"Motion Fitness\" \/>\n<meta property=\"article:publisher\" content=\"https:\/\/www.facebook.com\/motionfitnesssverige\/\" \/>\n<meta property=\"og:image\" content=\"https:\/\/motionfitness.se\/wp-content\/uploads\/2026\/01\/1.webp\" \/>\n\t<meta property=\"og:image:width\" content=\"1080\" \/>\n\t<meta property=\"og:image:height\" content=\"1080\" \/>\n\t<meta property=\"og:image:type\" content=\"image\/webp\" \/>\n<meta name=\"twitter:card\" content=\"summary_large_image\" \/>\n<meta name=\"twitter:label1\" content=\"Ansl. lesetid\" \/>\n\t<meta name=\"twitter:data1\" content=\"2 minutter\" \/>\n<script type=\"application\/ld+json\" class=\"yoast-schema-graph\">{\"@context\":\"https:\\\/\\\/schema.org\",\"@graph\":[{\"@type\":\"WebPage\",\"@id\":\"https:\\\/\\\/motionfitness.se\\\/no\\\/produkter\\\/rossopuro-bike-led\\\/\",\"url\":\"https:\\\/\\\/motionfitness.se\\\/no\\\/produkter\\\/rossopuro-bike-led\\\/\",\"name\":\"Rossopuro Bike LED | Motion Fitness\",\"isPartOf\":{\"@id\":\"https:\\\/\\\/motionfitness.se\\\/no\\\/#website\"},\"primaryImageOfPage\":{\"@id\":\"https:\\\/\\\/motionfitness.se\\\/no\\\/produkter\\\/rossopuro-bike-led\\\/#primaryimage\"},\"image\":{\"@id\":\"https:\\\/\\\/motionfitness.se\\\/no\\\/produkter\\\/rossopuro-bike-led\\\/#primaryimage\"},\"thumbnailUrl\":\"https:\\\/\\\/motionfitness.se\\\/wp-content\\\/uploads\\\/2026\\\/01\\\/1.webp\",\"datePublished\":\"2025-02-10T11:50:10+00:00\",\"description\":\"Panatta Rossopuro Bike LED er en profesjonell ergometersykkel som kombinerer 100 % italiensk ingeni\u00f8rkunst med enest\u00e5ende holdbarhet.\",\"breadcrumb\":{\"@id\":\"https:\\\/\\\/motionfitness.se\\\/no\\\/produkter\\\/rossopuro-bike-led\\\/#breadcrumb\"},\"inLanguage\":\"nb-NO\",\"potentialAction\":[{\"@type\":\"ReadAction\",\"target\":[\"https:\\\/\\\/motionfitness.se\\\/no\\\/produkter\\\/rossopuro-bike-led\\\/\"]}]},{\"@type\":\"ImageObject\",\"inLanguage\":\"nb-NO\",\"@id\":\"https:\\\/\\\/motionfitness.se\\\/no\\\/produkter\\\/rossopuro-bike-led\\\/#primaryimage\",\"url\":\"https:\\\/\\\/motionfitness.se\\\/wp-content\\\/uploads\\\/2026\\\/01\\\/1.webp\",\"contentUrl\":\"https:\\\/\\\/motionfitness.se\\\/wp-content\\\/uploads\\\/2026\\\/01\\\/1.webp\",\"width\":1080,\"height\":1080},{\"@type\":\"BreadcrumbList\",\"@id\":\"https:\\\/\\\/motionfitness.se\\\/no\\\/produkter\\\/rossopuro-bike-led\\\/#breadcrumb\",\"itemListElement\":[{\"@type\":\"ListItem\",\"position\":1,\"name\":\"Hem\",\"item\":\"https:\\\/\\\/motionfitness.se\\\/no\\\/startside\\\/\"},{\"@type\":\"ListItem\",\"position\":2,\"name\":\"Produkter\",\"item\":\"https:\\\/\\\/motionfitness.se\\\/no\\\/produkter\\\/\"},{\"@type\":\"ListItem\",\"position\":3,\"name\":\"Rossopuro Bike LED\"}]},{\"@type\":\"WebSite\",\"@id\":\"https:\\\/\\\/motionfitness.se\\\/no\\\/#website\",\"url\":\"https:\\\/\\\/motionfitness.se\\\/no\\\/\",\"name\":\"Motion Fitness\",\"description\":\"Stronger Together\",\"publisher\":{\"@id\":\"https:\\\/\\\/motionfitness.se\\\/no\\\/#organization\"},\"potentialAction\":[{\"@type\":\"SearchAction\",\"target\":{\"@type\":\"EntryPoint\",\"urlTemplate\":\"https:\\\/\\\/motionfitness.se\\\/no\\\/?s={search_term_string}\"},\"query-input\":{\"@type\":\"PropertyValueSpecification\",\"valueRequired\":true,\"valueName\":\"search_term_string\"}}],\"inLanguage\":\"nb-NO\"},{\"@type\":\"Organization\",\"@id\":\"https:\\\/\\\/motionfitness.se\\\/no\\\/#organization\",\"name\":\"Motion Fitness\",\"url\":\"https:\\\/\\\/motionfitness.se\\\/no\\\/\",\"logo\":{\"@type\":\"ImageObject\",\"inLanguage\":\"nb-NO\",\"@id\":\"https:\\\/\\\/motionfitness.se\\\/no\\\/#\\\/schema\\\/logo\\\/image\\\/\",\"url\":\"https:\\\/\\\/motionfitness.se\\\/wp-content\\\/uploads\\\/2024\\\/01\\\/Motion-Fitness-Logol.png\",\"contentUrl\":\"https:\\\/\\\/motionfitness.se\\\/wp-content\\\/uploads\\\/2024\\\/01\\\/Motion-Fitness-Logol.png\",\"width\":1280,\"height\":720,\"caption\":\"Motion Fitness\"},\"image\":{\"@id\":\"https:\\\/\\\/motionfitness.se\\\/no\\\/#\\\/schema\\\/logo\\\/image\\\/\"},\"sameAs\":[\"https:\\\/\\\/www.facebook.com\\\/motionfitnesssverige\\\/\",\"https:\\\/\\\/www.instagram.com\\\/motionfitness.se\\\/\"]}]}<\/script>\n<!-- \/ Yoast SEO plugin. -->","yoast_head_json":{"title":"Rossopuro Bike LED | Motion Fitness","description":"Panatta Rossopuro Bike LED er en profesjonell ergometersykkel som kombinerer 100 % italiensk ingeni\u00f8rkunst med enest\u00e5ende holdbarhet.","robots":{"index":"index","follow":"follow","max-snippet":"max-snippet:-1","max-image-preview":"max-image-preview:large","max-video-preview":"max-video-preview:-1"},"canonical":"https:\/\/motionfitness.se\/no\/produkter\/rossopuro-bike-led\/","og_locale":"nb_NO","og_type":"article","og_title":"Rossopuro Bike LED | Motion Fitness","og_description":"Panatta Rossopuro Bike LED er en profesjonell ergometersykkel som kombinerer 100 % italiensk ingeni\u00f8rkunst med enest\u00e5ende holdbarhet.","og_url":"https:\/\/motionfitness.se\/no\/produkter\/rossopuro-bike-led\/","og_site_name":"Motion Fitness","article_publisher":"https:\/\/www.facebook.com\/motionfitnesssverige\/","og_image":[{"width":1080,"height":1080,"url":"https:\/\/motionfitness.se\/wp-content\/uploads\/2026\/01\/1.webp","type":"image\/webp"}],"twitter_card":"summary_large_image","twitter_misc":{"Ansl. lesetid":"2 minutter"},"schema":{"@context":"https:\/\/schema.org","@graph":[{"@type":"WebPage","@id":"https:\/\/motionfitness.se\/no\/produkter\/rossopuro-bike-led\/","url":"https:\/\/motionfitness.se\/no\/produkter\/rossopuro-bike-led\/","name":"Rossopuro Bike LED | Motion Fitness","isPartOf":{"@id":"https:\/\/motionfitness.se\/no\/#website"},"primaryImageOfPage":{"@id":"https:\/\/motionfitness.se\/no\/produkter\/rossopuro-bike-led\/#primaryimage"},"image":{"@id":"https:\/\/motionfitness.se\/no\/produkter\/rossopuro-bike-led\/#primaryimage"},"thumbnailUrl":"https:\/\/motionfitness.se\/wp-content\/uploads\/2026\/01\/1.webp","datePublished":"2025-02-10T11:50:10+00:00","description":"Panatta Rossopuro Bike LED er en profesjonell ergometersykkel som kombinerer 100 % italiensk ingeni\u00f8rkunst med enest\u00e5ende holdbarhet.","breadcrumb":{"@id":"https:\/\/motionfitness.se\/no\/produkter\/rossopuro-bike-led\/#breadcrumb"},"inLanguage":"nb-NO","potentialAction":[{"@type":"ReadAction","target":["https:\/\/motionfitness.se\/no\/produkter\/rossopuro-bike-led\/"]}]},{"@type":"ImageObject","inLanguage":"nb-NO","@id":"https:\/\/motionfitness.se\/no\/produkter\/rossopuro-bike-led\/#primaryimage","url":"https:\/\/motionfitness.se\/wp-content\/uploads\/2026\/01\/1.webp","contentUrl":"https:\/\/motionfitness.se\/wp-content\/uploads\/2026\/01\/1.webp","width":1080,"height":1080},{"@type":"BreadcrumbList","@id":"https:\/\/motionfitness.se\/no\/produkter\/rossopuro-bike-led\/#breadcrumb","itemListElement":[{"@type":"ListItem","position":1,"name":"Hem","item":"https:\/\/motionfitness.se\/no\/startside\/"},{"@type":"ListItem","position":2,"name":"Produkter","item":"https:\/\/motionfitness.se\/no\/produkter\/"},{"@type":"ListItem","position":3,"name":"Rossopuro Bike LED"}]},{"@type":"WebSite","@id":"https:\/\/motionfitness.se\/no\/#website","url":"https:\/\/motionfitness.se\/no\/","name":"Motion Fitness","description":"Stronger Together","publisher":{"@id":"https:\/\/motionfitness.se\/no\/#organization"},"potentialAction":[{"@type":"SearchAction","target":{"@type":"EntryPoint","urlTemplate":"https:\/\/motionfitness.se\/no\/?s={search_term_string}"},"query-input":{"@type":"PropertyValueSpecification","valueRequired":true,"valueName":"search_term_string"}}],"inLanguage":"nb-NO"},{"@type":"Organization","@id":"https:\/\/motionfitness.se\/no\/#organization","name":"Motion Fitness","url":"https:\/\/motionfitness.se\/no\/","logo":{"@type":"ImageObject","inLanguage":"nb-NO","@id":"https:\/\/motionfitness.se\/no\/#\/schema\/logo\/image\/","url":"https:\/\/motionfitness.se\/wp-content\/uploads\/2024\/01\/Motion-Fitness-Logol.png","contentUrl":"https:\/\/motionfitness.se\/wp-content\/uploads\/2024\/01\/Motion-Fitness-Logol.png","width":1280,"height":720,"caption":"Motion Fitness"},"image":{"@id":"https:\/\/motionfitness.se\/no\/#\/schema\/logo\/image\/"},"sameAs":["https:\/\/www.facebook.com\/motionfitnesssverige\/","https:\/\/www.instagram.com\/motionfitness.se\/"]}]}},"_links":{"self":[{"href":"https:\/\/motionfitness.se\/no\/wp-json\/wp\/v2\/product\/35777","targetHints":{"allow":["GET"]}}],"collection":[{"href":"https:\/\/motionfitness.se\/no\/wp-json\/wp\/v2\/product"}],"about":[{"href":"https:\/\/motionfitness.se\/no\/wp-json\/wp\/v2\/types\/product"}],"replies":[{"embeddable":true,"href":"https:\/\/motionfitness.se\/no\/wp-json\/wp\/v2\/comments?post=35777"}],"wp:featuredmedia":[{"embeddable":true,"href":"https:\/\/motionfitness.se\/no\/wp-json\/wp\/v2\/media\/35673"}],"wp:attachment":[{"href":"https:\/\/motionfitness.se\/no\/wp-json\/wp\/v2\/media?parent=35777"}],"wp:term":[{"taxonomy":"product_brand","embeddable":true,"href":"https:\/\/motionfitness.se\/no\/wp-json\/wp\/v2\/product_brand?post=35777"},{"taxonomy":"product_cat","embeddable":true,"href":"https:\/\/motionfitness.se\/no\/wp-json\/wp\/v2\/product_cat?post=35777"},{"taxonomy":"product_tag","embeddable":true,"href":"https:\/\/motionfitness.se\/no\/wp-json\/wp\/v2\/product_tag?post=35777"}],"curies":[{"name":"wp","href":"https:\/\/api.w.org\/{rel}","templated":true}]}}