{"id":35775,"date":"2025-02-10T12:50:10","date_gmt":"2025-02-10T11:50:10","guid":{"rendered":"https:\/\/motionfitness.se\/produkter\/rossopuro-horizontal-bike-led\/"},"modified":"2025-02-10T12:50:10","modified_gmt":"2025-02-10T11:50:10","slug":"rossopuro-horizontal-bike-led","status":"publish","type":"product","link":"https:\/\/motionfitness.se\/no\/produkter\/rossopuro-horizontal-bike-led\/","title":{"rendered":"Rossopuro Horizontal Bike LED"},"content":{"rendered":"<p data-path-to-node=\"3\"><strong>Panatta Rossopuro Horizontal Bike LED Plus &#8211; italiensk ergonomi og tilgjengelighet<\/strong><\/p>\n<p data-path-to-node=\"4\"><b data-path-to-node=\"4\" data-index-in-node=\"0\">Rossopuro Horizontal Bike LED Plus<\/b> fra Panatta er en profesjonell liggesykkel som kombinerer 100 % italiensk design med enest\u00e5ende brukervennlighet. Denne ergometersykkelen er spesielt utviklet for \u00e5 tilby komfortabel og effektiv trening for alle, uavhengig av fysisk form. Med sin kompakte og elegante design er den et perfekt tilskudd til <b data-path-to-node=\"4\" data-index-in-node=\"351\">kommersielle treningssentre<\/b>, <b data-path-to-node=\"4\" data-index-in-node=\"369\">bedriftssentre<\/b> og <b data-path-to-node=\"4\" data-index-in-node=\"385\">rehabiliteringssentre<\/b>.  <\/p>\n<p data-path-to-node=\"5\"><b data-path-to-node=\"5\" data-index-in-node=\"0\">Enkel tilgang og maksimal komfort:<\/b><\/p>\n<ul data-path-to-node=\"6\">\n<li>\n<p data-path-to-node=\"6,0,0\"><b data-path-to-node=\"6,0,0\" data-index-in-node=\"0\">Sentral \u00e5pning (Step-through):<\/b> Maskinens <b data-path-to-node=\"6,0,0\" data-index-in-node=\"0\">gjennomtenkte<\/b> design med en lav, sentral \u00e5pning gj\u00f8r det sv\u00e6rt enkelt \u00e5 komme seg av og p\u00e5. Dette gj\u00f8r sykkelen til et ideelt valg for eldre, personer under rehabilitering eller brukere med begrenset mobilitet. <\/p>\n<\/li>\n<li>\n<p data-path-to-node=\"6,1,0\"><b data-path-to-node=\"6,1,0\" data-index-in-node=\"0\">Ergonomisk ryggst\u00f8tte og sete:<\/b> For \u00e5 sikre riktig holdning under hele trenings\u00f8kten kan setet justeres i <b data-path-to-node=\"6,1,0\" data-index-in-node=\"113\">24 posisjoner<\/b>. Sammen med det stabile rygglenet gir dette optimal ryggavlastning og en komfortabel treningsopplevelse. <\/p>\n<\/li>\n<li>\n<p data-path-to-node=\"6,2,0\"><b data-path-to-node=\"6,2,0\" data-index-in-node=\"0\">LED-indikatorsystem:<\/b> Panattas smarte <b data-path-to-node=\"6,2,0\" data-index-in-node=\"0\">LED-indikatorsystem<\/b> viser tydelig maskinens status &#8211; om den er ledig eller er i ferd med \u00e5 bli ledig &#8211; noe som optimaliserer flyten og medlemsopplevelsen i treningssenteret.<\/p>\n<\/li>\n<\/ul>\n<p data-path-to-node=\"7\"><b data-path-to-node=\"7\" data-index-in-node=\"0\">Brukervennlig teknologi for alle:<\/b><\/p>\n<ul data-path-to-node=\"8\">\n<li>\n<p data-path-to-node=\"8,0,0\"><b data-path-to-node=\"8,0,0\" data-index-in-node=\"0\">Stor LED-konsoll:<\/b> Det tydelige displayet med overdimensjonerte kontroller gj\u00f8r det enkelt for alle brukere \u00e5 navigere og justere motstanden uten problemer.<\/p>\n<\/li>\n<li>\n<p data-path-to-node=\"8,1,0\"><b data-path-to-node=\"8,1,0\" data-index-in-node=\"0\">Kompakt design:<\/b> Rossopuro-serien er kjent for \u00e5 spare plass uten \u00e5 g\u00e5 p\u00e5 kompromiss med stabiliteten, noe som gj\u00f8r den enkel \u00e5 plassere selv i lokaler med begrenset plass.<\/p>\n<\/li>\n<li>\n<p data-path-to-node=\"8,2,0\"><b data-path-to-node=\"8,2,0\" data-index-in-node=\"0\">Integrert flaskeholder:<\/b> Praktisk oppbevaring for \u00e5 holde v\u00e6skebalansen under kontroll under hele trenings\u00f8kten.<\/p>\n<\/li>\n<\/ul>\n","protected":false},"excerpt":{"rendered":"<p>Denne maskinen er spesielt utviklet for \u00e5 tilby komfortabel og effektiv kondisjonstrening for alle, uansett fysisk form.<\/p>\n","protected":false},"featured_media":35681,"comment_status":"open","ping_status":"closed","template":"","meta":{"_acf_changed":false,"_monsterinsights_skip_tracking":false,"_monsterinsights_sitenote_active":false,"_monsterinsights_sitenote_note":"","_monsterinsights_sitenote_category":0},"product_brand":[],"product_cat":[441,476],"product_tag":[791],"class_list":{"0":"post-35775","1":"product","2":"type-product","3":"status-publish","4":"has-post-thumbnail","6":"product_cat-panatta-no","7":"product_cat-sykler","8":"product_tag-nytt-produkt","10":"first","11":"instock","12":"taxable","13":"shipping-taxable","14":"purchasable","15":"product-type-simple"},"acf":[],"yoast_head":"<!-- This site is optimized with the Yoast SEO plugin v27.4 - https:\/\/yoast.com\/product\/yoast-seo-wordpress\/ -->\n<title>Rossopuro Horizontal Bike LED | Motion Fitness<\/title>\n<meta name=\"description\" content=\"Denne ergometersykkelen er spesielt utviklet for \u00e5 tilby komfortabel og effektiv trening for alle, uansett fysisk form.\" \/>\n<meta name=\"robots\" content=\"index, follow, max-snippet:-1, max-image-preview:large, max-video-preview:-1\" \/>\n<link rel=\"canonical\" href=\"https:\/\/motionfitness.se\/no\/produkter\/rossopuro-horizontal-bike-led\/\" \/>\n<meta property=\"og:locale\" content=\"nb_NO\" \/>\n<meta property=\"og:type\" content=\"article\" \/>\n<meta property=\"og:title\" content=\"Rossopuro Horizontal Bike LED | Motion Fitness\" \/>\n<meta property=\"og:description\" content=\"Denne ergometersykkelen er spesielt utviklet for \u00e5 tilby komfortabel og effektiv trening for alle, uansett fysisk form.\" \/>\n<meta property=\"og:url\" content=\"https:\/\/motionfitness.se\/no\/produkter\/rossopuro-horizontal-bike-led\/\" \/>\n<meta property=\"og:site_name\" content=\"Motion Fitness\" \/>\n<meta property=\"article:publisher\" content=\"https:\/\/www.facebook.com\/motionfitnesssverige\/\" \/>\n<meta property=\"og:image\" content=\"https:\/\/motionfitness.se\/wp-content\/uploads\/2026\/01\/3.webp\" \/>\n\t<meta property=\"og:image:width\" content=\"1080\" \/>\n\t<meta property=\"og:image:height\" content=\"1080\" \/>\n\t<meta property=\"og:image:type\" content=\"image\/webp\" \/>\n<meta name=\"twitter:card\" content=\"summary_large_image\" \/>\n<meta name=\"twitter:label1\" content=\"Ansl. lesetid\" \/>\n\t<meta name=\"twitter:data1\" content=\"1 minutt\" \/>\n<script type=\"application\/ld+json\" class=\"yoast-schema-graph\">{\"@context\":\"https:\\\/\\\/schema.org\",\"@graph\":[{\"@type\":\"WebPage\",\"@id\":\"https:\\\/\\\/motionfitness.se\\\/no\\\/produkter\\\/rossopuro-horizontal-bike-led\\\/\",\"url\":\"https:\\\/\\\/motionfitness.se\\\/no\\\/produkter\\\/rossopuro-horizontal-bike-led\\\/\",\"name\":\"Rossopuro Horizontal Bike LED | Motion Fitness\",\"isPartOf\":{\"@id\":\"https:\\\/\\\/motionfitness.se\\\/no\\\/#website\"},\"primaryImageOfPage\":{\"@id\":\"https:\\\/\\\/motionfitness.se\\\/no\\\/produkter\\\/rossopuro-horizontal-bike-led\\\/#primaryimage\"},\"image\":{\"@id\":\"https:\\\/\\\/motionfitness.se\\\/no\\\/produkter\\\/rossopuro-horizontal-bike-led\\\/#primaryimage\"},\"thumbnailUrl\":\"https:\\\/\\\/motionfitness.se\\\/wp-content\\\/uploads\\\/2026\\\/01\\\/3.webp\",\"datePublished\":\"2025-02-10T11:50:10+00:00\",\"description\":\"Denne ergometersykkelen er spesielt utviklet for \u00e5 tilby komfortabel og effektiv trening for alle, uansett fysisk form.\",\"breadcrumb\":{\"@id\":\"https:\\\/\\\/motionfitness.se\\\/no\\\/produkter\\\/rossopuro-horizontal-bike-led\\\/#breadcrumb\"},\"inLanguage\":\"nb-NO\",\"potentialAction\":[{\"@type\":\"ReadAction\",\"target\":[\"https:\\\/\\\/motionfitness.se\\\/no\\\/produkter\\\/rossopuro-horizontal-bike-led\\\/\"]}]},{\"@type\":\"ImageObject\",\"inLanguage\":\"nb-NO\",\"@id\":\"https:\\\/\\\/motionfitness.se\\\/no\\\/produkter\\\/rossopuro-horizontal-bike-led\\\/#primaryimage\",\"url\":\"https:\\\/\\\/motionfitness.se\\\/wp-content\\\/uploads\\\/2026\\\/01\\\/3.webp\",\"contentUrl\":\"https:\\\/\\\/motionfitness.se\\\/wp-content\\\/uploads\\\/2026\\\/01\\\/3.webp\",\"width\":1080,\"height\":1080},{\"@type\":\"BreadcrumbList\",\"@id\":\"https:\\\/\\\/motionfitness.se\\\/no\\\/produkter\\\/rossopuro-horizontal-bike-led\\\/#breadcrumb\",\"itemListElement\":[{\"@type\":\"ListItem\",\"position\":1,\"name\":\"Hem\",\"item\":\"https:\\\/\\\/motionfitness.se\\\/no\\\/startside\\\/\"},{\"@type\":\"ListItem\",\"position\":2,\"name\":\"Produkter\",\"item\":\"https:\\\/\\\/motionfitness.se\\\/no\\\/produkter\\\/\"},{\"@type\":\"ListItem\",\"position\":3,\"name\":\"Rossopuro Horizontal Bike LED\"}]},{\"@type\":\"WebSite\",\"@id\":\"https:\\\/\\\/motionfitness.se\\\/no\\\/#website\",\"url\":\"https:\\\/\\\/motionfitness.se\\\/no\\\/\",\"name\":\"Motion Fitness\",\"description\":\"Stronger Together\",\"publisher\":{\"@id\":\"https:\\\/\\\/motionfitness.se\\\/no\\\/#organization\"},\"potentialAction\":[{\"@type\":\"SearchAction\",\"target\":{\"@type\":\"EntryPoint\",\"urlTemplate\":\"https:\\\/\\\/motionfitness.se\\\/no\\\/?s={search_term_string}\"},\"query-input\":{\"@type\":\"PropertyValueSpecification\",\"valueRequired\":true,\"valueName\":\"search_term_string\"}}],\"inLanguage\":\"nb-NO\"},{\"@type\":\"Organization\",\"@id\":\"https:\\\/\\\/motionfitness.se\\\/no\\\/#organization\",\"name\":\"Motion Fitness\",\"url\":\"https:\\\/\\\/motionfitness.se\\\/no\\\/\",\"logo\":{\"@type\":\"ImageObject\",\"inLanguage\":\"nb-NO\",\"@id\":\"https:\\\/\\\/motionfitness.se\\\/no\\\/#\\\/schema\\\/logo\\\/image\\\/\",\"url\":\"https:\\\/\\\/motionfitness.se\\\/wp-content\\\/uploads\\\/2024\\\/01\\\/Motion-Fitness-Logol.png\",\"contentUrl\":\"https:\\\/\\\/motionfitness.se\\\/wp-content\\\/uploads\\\/2024\\\/01\\\/Motion-Fitness-Logol.png\",\"width\":1280,\"height\":720,\"caption\":\"Motion Fitness\"},\"image\":{\"@id\":\"https:\\\/\\\/motionfitness.se\\\/no\\\/#\\\/schema\\\/logo\\\/image\\\/\"},\"sameAs\":[\"https:\\\/\\\/www.facebook.com\\\/motionfitnesssverige\\\/\",\"https:\\\/\\\/www.instagram.com\\\/motionfitness.se\\\/\"]}]}<\/script>\n<!-- \/ Yoast SEO plugin. -->","yoast_head_json":{"title":"Rossopuro Horizontal Bike LED | Motion Fitness","description":"Denne ergometersykkelen er spesielt utviklet for \u00e5 tilby komfortabel og effektiv trening for alle, uansett fysisk form.","robots":{"index":"index","follow":"follow","max-snippet":"max-snippet:-1","max-image-preview":"max-image-preview:large","max-video-preview":"max-video-preview:-1"},"canonical":"https:\/\/motionfitness.se\/no\/produkter\/rossopuro-horizontal-bike-led\/","og_locale":"nb_NO","og_type":"article","og_title":"Rossopuro Horizontal Bike LED | Motion Fitness","og_description":"Denne ergometersykkelen er spesielt utviklet for \u00e5 tilby komfortabel og effektiv trening for alle, uansett fysisk form.","og_url":"https:\/\/motionfitness.se\/no\/produkter\/rossopuro-horizontal-bike-led\/","og_site_name":"Motion Fitness","article_publisher":"https:\/\/www.facebook.com\/motionfitnesssverige\/","og_image":[{"width":1080,"height":1080,"url":"https:\/\/motionfitness.se\/wp-content\/uploads\/2026\/01\/3.webp","type":"image\/webp"}],"twitter_card":"summary_large_image","twitter_misc":{"Ansl. lesetid":"1 minutt"},"schema":{"@context":"https:\/\/schema.org","@graph":[{"@type":"WebPage","@id":"https:\/\/motionfitness.se\/no\/produkter\/rossopuro-horizontal-bike-led\/","url":"https:\/\/motionfitness.se\/no\/produkter\/rossopuro-horizontal-bike-led\/","name":"Rossopuro Horizontal Bike LED | Motion Fitness","isPartOf":{"@id":"https:\/\/motionfitness.se\/no\/#website"},"primaryImageOfPage":{"@id":"https:\/\/motionfitness.se\/no\/produkter\/rossopuro-horizontal-bike-led\/#primaryimage"},"image":{"@id":"https:\/\/motionfitness.se\/no\/produkter\/rossopuro-horizontal-bike-led\/#primaryimage"},"thumbnailUrl":"https:\/\/motionfitness.se\/wp-content\/uploads\/2026\/01\/3.webp","datePublished":"2025-02-10T11:50:10+00:00","description":"Denne ergometersykkelen er spesielt utviklet for \u00e5 tilby komfortabel og effektiv trening for alle, uansett fysisk form.","breadcrumb":{"@id":"https:\/\/motionfitness.se\/no\/produkter\/rossopuro-horizontal-bike-led\/#breadcrumb"},"inLanguage":"nb-NO","potentialAction":[{"@type":"ReadAction","target":["https:\/\/motionfitness.se\/no\/produkter\/rossopuro-horizontal-bike-led\/"]}]},{"@type":"ImageObject","inLanguage":"nb-NO","@id":"https:\/\/motionfitness.se\/no\/produkter\/rossopuro-horizontal-bike-led\/#primaryimage","url":"https:\/\/motionfitness.se\/wp-content\/uploads\/2026\/01\/3.webp","contentUrl":"https:\/\/motionfitness.se\/wp-content\/uploads\/2026\/01\/3.webp","width":1080,"height":1080},{"@type":"BreadcrumbList","@id":"https:\/\/motionfitness.se\/no\/produkter\/rossopuro-horizontal-bike-led\/#breadcrumb","itemListElement":[{"@type":"ListItem","position":1,"name":"Hem","item":"https:\/\/motionfitness.se\/no\/startside\/"},{"@type":"ListItem","position":2,"name":"Produkter","item":"https:\/\/motionfitness.se\/no\/produkter\/"},{"@type":"ListItem","position":3,"name":"Rossopuro Horizontal Bike LED"}]},{"@type":"WebSite","@id":"https:\/\/motionfitness.se\/no\/#website","url":"https:\/\/motionfitness.se\/no\/","name":"Motion Fitness","description":"Stronger Together","publisher":{"@id":"https:\/\/motionfitness.se\/no\/#organization"},"potentialAction":[{"@type":"SearchAction","target":{"@type":"EntryPoint","urlTemplate":"https:\/\/motionfitness.se\/no\/?s={search_term_string}"},"query-input":{"@type":"PropertyValueSpecification","valueRequired":true,"valueName":"search_term_string"}}],"inLanguage":"nb-NO"},{"@type":"Organization","@id":"https:\/\/motionfitness.se\/no\/#organization","name":"Motion Fitness","url":"https:\/\/motionfitness.se\/no\/","logo":{"@type":"ImageObject","inLanguage":"nb-NO","@id":"https:\/\/motionfitness.se\/no\/#\/schema\/logo\/image\/","url":"https:\/\/motionfitness.se\/wp-content\/uploads\/2024\/01\/Motion-Fitness-Logol.png","contentUrl":"https:\/\/motionfitness.se\/wp-content\/uploads\/2024\/01\/Motion-Fitness-Logol.png","width":1280,"height":720,"caption":"Motion Fitness"},"image":{"@id":"https:\/\/motionfitness.se\/no\/#\/schema\/logo\/image\/"},"sameAs":["https:\/\/www.facebook.com\/motionfitnesssverige\/","https:\/\/www.instagram.com\/motionfitness.se\/"]}]}},"_links":{"self":[{"href":"https:\/\/motionfitness.se\/no\/wp-json\/wp\/v2\/product\/35775","targetHints":{"allow":["GET"]}}],"collection":[{"href":"https:\/\/motionfitness.se\/no\/wp-json\/wp\/v2\/product"}],"about":[{"href":"https:\/\/motionfitness.se\/no\/wp-json\/wp\/v2\/types\/product"}],"replies":[{"embeddable":true,"href":"https:\/\/motionfitness.se\/no\/wp-json\/wp\/v2\/comments?post=35775"}],"wp:featuredmedia":[{"embeddable":true,"href":"https:\/\/motionfitness.se\/no\/wp-json\/wp\/v2\/media\/35681"}],"wp:attachment":[{"href":"https:\/\/motionfitness.se\/no\/wp-json\/wp\/v2\/media?parent=35775"}],"wp:term":[{"taxonomy":"product_brand","embeddable":true,"href":"https:\/\/motionfitness.se\/no\/wp-json\/wp\/v2\/product_brand?post=35775"},{"taxonomy":"product_cat","embeddable":true,"href":"https:\/\/motionfitness.se\/no\/wp-json\/wp\/v2\/product_cat?post=35775"},{"taxonomy":"product_tag","embeddable":true,"href":"https:\/\/motionfitness.se\/no\/wp-json\/wp\/v2\/product_tag?post=35775"}],"curies":[{"name":"wp","href":"https:\/\/api.w.org\/{rel}","templated":true}]}}