{"id":34516,"date":"2025-10-07T10:13:26","date_gmt":"2025-10-07T08:13:26","guid":{"rendered":"https:\/\/motionfitness.se\/produkter\/vektpakke-hi-temp-stotfangerplater\/"},"modified":"2025-10-16T08:18:20","modified_gmt":"2025-10-16T06:18:20","slug":"vektpakke-hi-temp-stotfangerplater","status":"publish","type":"product","link":"https:\/\/motionfitness.se\/no\/produkter\/vektpakke-hi-temp-stotfangerplater\/","title":{"rendered":"Vektpakke Hi-Temp st\u00f8tfangerplater"},"content":{"rendered":"<p><b>Motion &amp; Fitness Hi-Temp st\u00f8tfangerplater<\/b><\/p>\n<p>Leter du etter et slitesterkt og stilleg\u00e5ende vektsett til din funksjonelle trening? Dette settet med <b>Motion &amp; Fitness Hi-Temp Bumper plates<\/b> er det optimale valget for deg som utf\u00f8rer \u00f8velser med mange fall og dropp.  De er laget for \u00e5 t\u00e5le ekstremt h\u00f8ye belastninger og er perfekte for <b>Functional Fitness<\/b>, <b>CrossFit<\/b> og andre trenings\u00f8kter med h\u00f8y intensitet.<\/p>\n<p><b>Denne vektpakken inneholder:<\/b><\/p>\n<ul>\n<li><b>2 x 15 kg Hi-Temp st\u00f8tfangerplater<\/b><\/li>\n<li><b>2 x 25 kg Hi-Temp st\u00f8tfangerplater<\/b><\/li>\n<\/ul>\n<p><b>Totalvekt:<\/b> 80 kg<\/p>\n<p><b>Det er derfor du b\u00f8r velge Hi-Temp Bumper Plates:<\/b><\/p>\n<ul>\n<li><b>Ekstremt slitesterk:<\/b> Laget av resirkulert gummi for utrolig slitestyrke.<\/li>\n<li><b>Mer stilleg\u00e5ende trening:<\/b> Den unike designen reduserer st\u00f8yniv\u00e5et betydelig n\u00e5r den slippes ut, sammenlignet med vanlige st\u00f8tfangerplater.<\/li>\n<li><b>Allsidig:<\/b> Perfekt for hjemmetreningsstudioer, bedriftstreningsstudioer og kommersielle treningsfasiliteter som \u00f8nsker \u00e5 minimere st\u00f8y og slitasje.<\/li>\n<\/ul>\n<p>Invester i en vektsekk som t\u00e5ler t\u00f8ffe trenings\u00f8kter og gir deg et roligere treningsmilj\u00f8.<\/p>\n","protected":false},"excerpt":{"rendered":"<p>Leter du etter et slitesterkt og stilleg\u00e5ende vektsett til din funksjonelle trening? Dette settet med <b>Motion &amp; Fitness Hi-Temp Bumper plates<\/b> er det optimale valget for deg som utf\u00f8rer \u00f8velser med mange fall og dropp. <\/p>\n","protected":false},"featured_media":34568,"comment_status":"closed","ping_status":"closed","template":"","meta":{"_acf_changed":false,"_monsterinsights_skip_tracking":false,"_monsterinsights_sitenote_active":false,"_monsterinsights_sitenote_note":"","_monsterinsights_sitenote_category":0},"product_brand":[],"product_cat":[720,602,518],"product_tag":[467],"class_list":{"0":"post-34516","1":"product","2":"type-product","3":"status-publish","4":"has-post-thumbnail","6":"product_cat-lagersalg-no","7":"product_cat-vektpakker","8":"product_cat-vektskiver","9":"product_tag-avhending","11":"first","12":"instock","13":"taxable","14":"shipping-taxable","15":"purchasable","16":"product-type-woosg"},"acf":[],"yoast_head":"<!-- This site is optimized with the Yoast SEO plugin v27.4 - https:\/\/yoast.com\/product\/yoast-seo-wordpress\/ -->\n<title>Vektpakke Hi-Temp st\u00f8tfangerplater | Motion Fitness<\/title>\n<meta name=\"description\" content=\"Et slitesterkt og stilleg\u00e5ende vektsett for funksjonell trening. Det optimale valget for deg som utf\u00f8rer \u00f8velser med mange dropp og fall.\" \/>\n<meta name=\"robots\" content=\"index, follow, max-snippet:-1, max-image-preview:large, max-video-preview:-1\" \/>\n<link rel=\"canonical\" href=\"https:\/\/motionfitness.se\/no\/produkter\/vektpakke-hi-temp-stotfangerplater\/\" \/>\n<meta property=\"og:locale\" content=\"nb_NO\" \/>\n<meta property=\"og:type\" content=\"article\" \/>\n<meta property=\"og:title\" content=\"Vektpakke Hi-Temp st\u00f8tfangerplater | Motion Fitness\" \/>\n<meta property=\"og:description\" content=\"Et slitesterkt og stilleg\u00e5ende vektsett for funksjonell trening. Det optimale valget for deg som utf\u00f8rer \u00f8velser med mange dropp og fall.\" \/>\n<meta property=\"og:url\" content=\"https:\/\/motionfitness.se\/no\/produkter\/vektpakke-hi-temp-stotfangerplater\/\" \/>\n<meta property=\"og:site_name\" content=\"Motion Fitness\" \/>\n<meta property=\"article:publisher\" content=\"https:\/\/www.facebook.com\/motionfitnesssverige\/\" \/>\n<meta property=\"article:modified_time\" content=\"2025-10-16T06:18:20+00:00\" \/>\n<meta property=\"og:image\" content=\"https:\/\/motionfitness.se\/wp-content\/uploads\/2025\/10\/Kopia-av-BPC-viktpaket-1.webp\" \/>\n\t<meta property=\"og:image:width\" content=\"1080\" \/>\n\t<meta property=\"og:image:height\" content=\"1080\" \/>\n\t<meta property=\"og:image:type\" content=\"image\/webp\" \/>\n<meta name=\"twitter:card\" content=\"summary_large_image\" \/>\n<meta name=\"twitter:label1\" content=\"Ansl. lesetid\" \/>\n\t<meta name=\"twitter:data1\" content=\"1 minutt\" \/>\n<script type=\"application\/ld+json\" class=\"yoast-schema-graph\">{\"@context\":\"https:\\\/\\\/schema.org\",\"@graph\":[{\"@type\":\"WebPage\",\"@id\":\"https:\\\/\\\/motionfitness.se\\\/no\\\/produkter\\\/vektpakke-hi-temp-stotfangerplater\\\/\",\"url\":\"https:\\\/\\\/motionfitness.se\\\/no\\\/produkter\\\/vektpakke-hi-temp-stotfangerplater\\\/\",\"name\":\"Vektpakke Hi-Temp st\u00f8tfangerplater | Motion Fitness\",\"isPartOf\":{\"@id\":\"https:\\\/\\\/motionfitness.se\\\/no\\\/#website\"},\"primaryImageOfPage\":{\"@id\":\"https:\\\/\\\/motionfitness.se\\\/no\\\/produkter\\\/vektpakke-hi-temp-stotfangerplater\\\/#primaryimage\"},\"image\":{\"@id\":\"https:\\\/\\\/motionfitness.se\\\/no\\\/produkter\\\/vektpakke-hi-temp-stotfangerplater\\\/#primaryimage\"},\"thumbnailUrl\":\"https:\\\/\\\/motionfitness.se\\\/wp-content\\\/uploads\\\/2025\\\/10\\\/Kopia-av-BPC-viktpaket-1.webp\",\"datePublished\":\"2025-10-07T08:13:26+00:00\",\"dateModified\":\"2025-10-16T06:18:20+00:00\",\"description\":\"Et slitesterkt og stilleg\u00e5ende vektsett for funksjonell trening. Det optimale valget for deg som utf\u00f8rer \u00f8velser med mange dropp og fall.\",\"breadcrumb\":{\"@id\":\"https:\\\/\\\/motionfitness.se\\\/no\\\/produkter\\\/vektpakke-hi-temp-stotfangerplater\\\/#breadcrumb\"},\"inLanguage\":\"nb-NO\",\"potentialAction\":[{\"@type\":\"ReadAction\",\"target\":[\"https:\\\/\\\/motionfitness.se\\\/no\\\/produkter\\\/vektpakke-hi-temp-stotfangerplater\\\/\"]}]},{\"@type\":\"ImageObject\",\"inLanguage\":\"nb-NO\",\"@id\":\"https:\\\/\\\/motionfitness.se\\\/no\\\/produkter\\\/vektpakke-hi-temp-stotfangerplater\\\/#primaryimage\",\"url\":\"https:\\\/\\\/motionfitness.se\\\/wp-content\\\/uploads\\\/2025\\\/10\\\/Kopia-av-BPC-viktpaket-1.webp\",\"contentUrl\":\"https:\\\/\\\/motionfitness.se\\\/wp-content\\\/uploads\\\/2025\\\/10\\\/Kopia-av-BPC-viktpaket-1.webp\",\"width\":1080,\"height\":1080},{\"@type\":\"BreadcrumbList\",\"@id\":\"https:\\\/\\\/motionfitness.se\\\/no\\\/produkter\\\/vektpakke-hi-temp-stotfangerplater\\\/#breadcrumb\",\"itemListElement\":[{\"@type\":\"ListItem\",\"position\":1,\"name\":\"Hem\",\"item\":\"https:\\\/\\\/motionfitness.se\\\/no\\\/startside\\\/\"},{\"@type\":\"ListItem\",\"position\":2,\"name\":\"Produkter\",\"item\":\"https:\\\/\\\/motionfitness.se\\\/no\\\/produkter\\\/\"},{\"@type\":\"ListItem\",\"position\":3,\"name\":\"Vektpakke Hi-Temp st\u00f8tfangerplater\"}]},{\"@type\":\"WebSite\",\"@id\":\"https:\\\/\\\/motionfitness.se\\\/no\\\/#website\",\"url\":\"https:\\\/\\\/motionfitness.se\\\/no\\\/\",\"name\":\"Motion Fitness\",\"description\":\"Stronger Together\",\"publisher\":{\"@id\":\"https:\\\/\\\/motionfitness.se\\\/no\\\/#organization\"},\"potentialAction\":[{\"@type\":\"SearchAction\",\"target\":{\"@type\":\"EntryPoint\",\"urlTemplate\":\"https:\\\/\\\/motionfitness.se\\\/no\\\/?s={search_term_string}\"},\"query-input\":{\"@type\":\"PropertyValueSpecification\",\"valueRequired\":true,\"valueName\":\"search_term_string\"}}],\"inLanguage\":\"nb-NO\"},{\"@type\":\"Organization\",\"@id\":\"https:\\\/\\\/motionfitness.se\\\/no\\\/#organization\",\"name\":\"Motion Fitness\",\"url\":\"https:\\\/\\\/motionfitness.se\\\/no\\\/\",\"logo\":{\"@type\":\"ImageObject\",\"inLanguage\":\"nb-NO\",\"@id\":\"https:\\\/\\\/motionfitness.se\\\/no\\\/#\\\/schema\\\/logo\\\/image\\\/\",\"url\":\"https:\\\/\\\/motionfitness.se\\\/wp-content\\\/uploads\\\/2024\\\/01\\\/Motion-Fitness-Logol.png\",\"contentUrl\":\"https:\\\/\\\/motionfitness.se\\\/wp-content\\\/uploads\\\/2024\\\/01\\\/Motion-Fitness-Logol.png\",\"width\":1280,\"height\":720,\"caption\":\"Motion Fitness\"},\"image\":{\"@id\":\"https:\\\/\\\/motionfitness.se\\\/no\\\/#\\\/schema\\\/logo\\\/image\\\/\"},\"sameAs\":[\"https:\\\/\\\/www.facebook.com\\\/motionfitnesssverige\\\/\",\"https:\\\/\\\/www.instagram.com\\\/motionfitness.se\\\/\"]}]}<\/script>\n<!-- \/ Yoast SEO plugin. -->","yoast_head_json":{"title":"Vektpakke Hi-Temp st\u00f8tfangerplater | Motion Fitness","description":"Et slitesterkt og stilleg\u00e5ende vektsett for funksjonell trening. Det optimale valget for deg som utf\u00f8rer \u00f8velser med mange dropp og fall.","robots":{"index":"index","follow":"follow","max-snippet":"max-snippet:-1","max-image-preview":"max-image-preview:large","max-video-preview":"max-video-preview:-1"},"canonical":"https:\/\/motionfitness.se\/no\/produkter\/vektpakke-hi-temp-stotfangerplater\/","og_locale":"nb_NO","og_type":"article","og_title":"Vektpakke Hi-Temp st\u00f8tfangerplater | Motion Fitness","og_description":"Et slitesterkt og stilleg\u00e5ende vektsett for funksjonell trening. Det optimale valget for deg som utf\u00f8rer \u00f8velser med mange dropp og fall.","og_url":"https:\/\/motionfitness.se\/no\/produkter\/vektpakke-hi-temp-stotfangerplater\/","og_site_name":"Motion Fitness","article_publisher":"https:\/\/www.facebook.com\/motionfitnesssverige\/","article_modified_time":"2025-10-16T06:18:20+00:00","og_image":[{"width":1080,"height":1080,"url":"https:\/\/motionfitness.se\/wp-content\/uploads\/2025\/10\/Kopia-av-BPC-viktpaket-1.webp","type":"image\/webp"}],"twitter_card":"summary_large_image","twitter_misc":{"Ansl. lesetid":"1 minutt"},"schema":{"@context":"https:\/\/schema.org","@graph":[{"@type":"WebPage","@id":"https:\/\/motionfitness.se\/no\/produkter\/vektpakke-hi-temp-stotfangerplater\/","url":"https:\/\/motionfitness.se\/no\/produkter\/vektpakke-hi-temp-stotfangerplater\/","name":"Vektpakke Hi-Temp st\u00f8tfangerplater | Motion Fitness","isPartOf":{"@id":"https:\/\/motionfitness.se\/no\/#website"},"primaryImageOfPage":{"@id":"https:\/\/motionfitness.se\/no\/produkter\/vektpakke-hi-temp-stotfangerplater\/#primaryimage"},"image":{"@id":"https:\/\/motionfitness.se\/no\/produkter\/vektpakke-hi-temp-stotfangerplater\/#primaryimage"},"thumbnailUrl":"https:\/\/motionfitness.se\/wp-content\/uploads\/2025\/10\/Kopia-av-BPC-viktpaket-1.webp","datePublished":"2025-10-07T08:13:26+00:00","dateModified":"2025-10-16T06:18:20+00:00","description":"Et slitesterkt og stilleg\u00e5ende vektsett for funksjonell trening. Det optimale valget for deg som utf\u00f8rer \u00f8velser med mange dropp og fall.","breadcrumb":{"@id":"https:\/\/motionfitness.se\/no\/produkter\/vektpakke-hi-temp-stotfangerplater\/#breadcrumb"},"inLanguage":"nb-NO","potentialAction":[{"@type":"ReadAction","target":["https:\/\/motionfitness.se\/no\/produkter\/vektpakke-hi-temp-stotfangerplater\/"]}]},{"@type":"ImageObject","inLanguage":"nb-NO","@id":"https:\/\/motionfitness.se\/no\/produkter\/vektpakke-hi-temp-stotfangerplater\/#primaryimage","url":"https:\/\/motionfitness.se\/wp-content\/uploads\/2025\/10\/Kopia-av-BPC-viktpaket-1.webp","contentUrl":"https:\/\/motionfitness.se\/wp-content\/uploads\/2025\/10\/Kopia-av-BPC-viktpaket-1.webp","width":1080,"height":1080},{"@type":"BreadcrumbList","@id":"https:\/\/motionfitness.se\/no\/produkter\/vektpakke-hi-temp-stotfangerplater\/#breadcrumb","itemListElement":[{"@type":"ListItem","position":1,"name":"Hem","item":"https:\/\/motionfitness.se\/no\/startside\/"},{"@type":"ListItem","position":2,"name":"Produkter","item":"https:\/\/motionfitness.se\/no\/produkter\/"},{"@type":"ListItem","position":3,"name":"Vektpakke Hi-Temp st\u00f8tfangerplater"}]},{"@type":"WebSite","@id":"https:\/\/motionfitness.se\/no\/#website","url":"https:\/\/motionfitness.se\/no\/","name":"Motion Fitness","description":"Stronger Together","publisher":{"@id":"https:\/\/motionfitness.se\/no\/#organization"},"potentialAction":[{"@type":"SearchAction","target":{"@type":"EntryPoint","urlTemplate":"https:\/\/motionfitness.se\/no\/?s={search_term_string}"},"query-input":{"@type":"PropertyValueSpecification","valueRequired":true,"valueName":"search_term_string"}}],"inLanguage":"nb-NO"},{"@type":"Organization","@id":"https:\/\/motionfitness.se\/no\/#organization","name":"Motion Fitness","url":"https:\/\/motionfitness.se\/no\/","logo":{"@type":"ImageObject","inLanguage":"nb-NO","@id":"https:\/\/motionfitness.se\/no\/#\/schema\/logo\/image\/","url":"https:\/\/motionfitness.se\/wp-content\/uploads\/2024\/01\/Motion-Fitness-Logol.png","contentUrl":"https:\/\/motionfitness.se\/wp-content\/uploads\/2024\/01\/Motion-Fitness-Logol.png","width":1280,"height":720,"caption":"Motion Fitness"},"image":{"@id":"https:\/\/motionfitness.se\/no\/#\/schema\/logo\/image\/"},"sameAs":["https:\/\/www.facebook.com\/motionfitnesssverige\/","https:\/\/www.instagram.com\/motionfitness.se\/"]}]}},"_links":{"self":[{"href":"https:\/\/motionfitness.se\/no\/wp-json\/wp\/v2\/product\/34516","targetHints":{"allow":["GET"]}}],"collection":[{"href":"https:\/\/motionfitness.se\/no\/wp-json\/wp\/v2\/product"}],"about":[{"href":"https:\/\/motionfitness.se\/no\/wp-json\/wp\/v2\/types\/product"}],"replies":[{"embeddable":true,"href":"https:\/\/motionfitness.se\/no\/wp-json\/wp\/v2\/comments?post=34516"}],"wp:featuredmedia":[{"embeddable":true,"href":"https:\/\/motionfitness.se\/no\/wp-json\/wp\/v2\/media\/34568"}],"wp:attachment":[{"href":"https:\/\/motionfitness.se\/no\/wp-json\/wp\/v2\/media?parent=34516"}],"wp:term":[{"taxonomy":"product_brand","embeddable":true,"href":"https:\/\/motionfitness.se\/no\/wp-json\/wp\/v2\/product_brand?post=34516"},{"taxonomy":"product_cat","embeddable":true,"href":"https:\/\/motionfitness.se\/no\/wp-json\/wp\/v2\/product_cat?post=34516"},{"taxonomy":"product_tag","embeddable":true,"href":"https:\/\/motionfitness.se\/no\/wp-json\/wp\/v2\/product_tag?post=34516"}],"curies":[{"name":"wp","href":"https:\/\/api.w.org\/{rel}","templated":true}]}}