{"id":34512,"date":"2025-10-06T13:45:23","date_gmt":"2025-10-06T11:45:23","guid":{"rendered":"https:\/\/motionfitness.se\/produkter\/vektpakke-vektskiver-konkurranse\/"},"modified":"2025-10-06T13:45:23","modified_gmt":"2025-10-06T11:45:23","slug":"vektpakke-vektskiver-konkurranse","status":"publish","type":"product","link":"https:\/\/motionfitness.se\/no\/produkter\/vektpakke-vektskiver-konkurranse\/","title":{"rendered":"Vektpakke Vektskiver Konkurranse"},"content":{"rendered":"<p><b>Trening &amp; Fitness PRO Konkurransevekter<\/b><\/p>\n<p>Denne pakken er designet for \u00e5 oppfylle de aller h\u00f8yeste standarder, og er det perfekte valget for alle kommersielle treningsstudioer, boksere eller seri\u00f8se fitnessentusiaster som \u00f8nsker konkurranse kvalitet. Disse vektskivene leverer h\u00f8y ytelse og presisjon i hvert l\u00f8ft. <\/p>\n<p><b>Innhold i pakken:<\/b><\/p>\n<ul>\n<li><b>2 x 10 kg<\/b><\/li>\n<li><b>2 x 15 kg<\/b><\/li>\n<li><b>2 x 20 kg<\/b><\/li>\n<\/ul>\n<p><b>Total vekt:<\/b> 90 kg<\/p>\n<p><b>Produktets egenskaper:<\/b><\/p>\n<ul>\n<li><b>H\u00f8y presisjon:<\/b> Vektene har en minimal feilmargin p\u00e5 bare +\/- 1 %, noe som sikrer en presis og p\u00e5litelig treningsopplevelse.<\/li>\n<li><b>Overlegen holdbarhet:<\/b> Det robuste, galvaniserte metallnavet gir eksepsjonell lang levetid og t\u00e5ler ekstremt t\u00f8ffe treningsforhold.<\/li>\n<li><b>IWF-standard:<\/b> Vektskivene er fargekodet i henhold til IWF-standarden (International Weightlifting Federation), noe som gj\u00f8r det enkelt \u00e5 raskt identifisere vekten og holde oversikt over utstyret.<\/li>\n<\/ul>\n<p><b>Exercise &amp; Fitness PRO Competition Weights<\/b> er det opplagte valget for deg som vil ha utstyr som holder m\u00e5l, enten det er til et profesjonelt treningsstudio eller til ditt eget hjemmegym, bedrifts- eller klubbtreningssenter.<\/p>\n","protected":false},"excerpt":{"rendered":"<p>Konkurransevektene fra Motion&amp;FitnessPRO har h\u00f8y ytelse og er utviklet for kommersiell bruk der belastningen og kravene er ekstremt h\u00f8ye.  <strong>GODT KJ\u00d8P MED 3 \u00c5RS GARANTI!<\/strong><\/p>\n","protected":false},"featured_media":34511,"comment_status":"closed","ping_status":"closed","template":"","meta":{"_acf_changed":false,"_monsterinsights_skip_tracking":false,"_monsterinsights_sitenote_active":false,"_monsterinsights_sitenote_note":"","_monsterinsights_sitenote_category":0},"product_brand":[],"product_cat":[720,602,518],"product_tag":[467],"class_list":{"0":"post-34512","1":"product","2":"type-product","3":"status-publish","4":"has-post-thumbnail","6":"product_cat-lagersalg-no","7":"product_cat-vektpakker","8":"product_cat-vektskiver","9":"product_tag-avhending","11":"first","12":"instock","13":"taxable","14":"shipping-taxable","15":"purchasable","16":"product-type-woosg"},"acf":[],"yoast_head":"<!-- This site is optimized with the Yoast SEO plugin v27.4 - https:\/\/yoast.com\/product\/yoast-seo-wordpress\/ -->\n<title>Vektpakke Vektskiver Konkurranse | Motion Fitness<\/title>\n<meta name=\"description\" content=\"Denne pakken er designet for \u00e5 oppfylle de aller h\u00f8yeste standarder, og er det perfekte valget for alle kommersielle treningssentre, bokser eller seri\u00f8se treningsentusiaster.\" \/>\n<meta name=\"robots\" content=\"index, follow, max-snippet:-1, max-image-preview:large, max-video-preview:-1\" \/>\n<link rel=\"canonical\" href=\"https:\/\/motionfitness.se\/no\/produkter\/vektpakke-vektskiver-konkurranse\/\" \/>\n<meta property=\"og:locale\" content=\"nb_NO\" \/>\n<meta property=\"og:type\" content=\"article\" \/>\n<meta property=\"og:title\" content=\"Vektpakke Vektskiver Konkurranse | Motion Fitness\" \/>\n<meta property=\"og:description\" content=\"Denne pakken er designet for \u00e5 oppfylle de aller h\u00f8yeste standarder, og er det perfekte valget for alle kommersielle treningssentre, bokser eller seri\u00f8se treningsentusiaster.\" \/>\n<meta property=\"og:url\" content=\"https:\/\/motionfitness.se\/no\/produkter\/vektpakke-vektskiver-konkurranse\/\" \/>\n<meta property=\"og:site_name\" content=\"Motion Fitness\" \/>\n<meta property=\"article:publisher\" content=\"https:\/\/www.facebook.com\/motionfitnesssverige\/\" \/>\n<meta property=\"og:image\" content=\"https:\/\/motionfitness.se\/wp-content\/uploads\/2025\/10\/BPF-viktpaket-1.webp\" \/>\n\t<meta property=\"og:image:width\" content=\"1080\" \/>\n\t<meta property=\"og:image:height\" content=\"1080\" \/>\n\t<meta property=\"og:image:type\" content=\"image\/webp\" \/>\n<meta name=\"twitter:card\" content=\"summary_large_image\" \/>\n<meta name=\"twitter:label1\" content=\"Ansl. lesetid\" \/>\n\t<meta name=\"twitter:data1\" content=\"1 minutt\" \/>\n<script type=\"application\/ld+json\" class=\"yoast-schema-graph\">{\"@context\":\"https:\\\/\\\/schema.org\",\"@graph\":[{\"@type\":\"WebPage\",\"@id\":\"https:\\\/\\\/motionfitness.se\\\/no\\\/produkter\\\/vektpakke-vektskiver-konkurranse\\\/\",\"url\":\"https:\\\/\\\/motionfitness.se\\\/no\\\/produkter\\\/vektpakke-vektskiver-konkurranse\\\/\",\"name\":\"Vektpakke Vektskiver Konkurranse | Motion Fitness\",\"isPartOf\":{\"@id\":\"https:\\\/\\\/motionfitness.se\\\/no\\\/#website\"},\"primaryImageOfPage\":{\"@id\":\"https:\\\/\\\/motionfitness.se\\\/no\\\/produkter\\\/vektpakke-vektskiver-konkurranse\\\/#primaryimage\"},\"image\":{\"@id\":\"https:\\\/\\\/motionfitness.se\\\/no\\\/produkter\\\/vektpakke-vektskiver-konkurranse\\\/#primaryimage\"},\"thumbnailUrl\":\"https:\\\/\\\/motionfitness.se\\\/wp-content\\\/uploads\\\/2025\\\/10\\\/BPF-viktpaket-1.webp\",\"datePublished\":\"2025-10-06T11:45:23+00:00\",\"description\":\"Denne pakken er designet for \u00e5 oppfylle de aller h\u00f8yeste standarder, og er det perfekte valget for alle kommersielle treningssentre, bokser eller seri\u00f8se treningsentusiaster.\",\"breadcrumb\":{\"@id\":\"https:\\\/\\\/motionfitness.se\\\/no\\\/produkter\\\/vektpakke-vektskiver-konkurranse\\\/#breadcrumb\"},\"inLanguage\":\"nb-NO\",\"potentialAction\":[{\"@type\":\"ReadAction\",\"target\":[\"https:\\\/\\\/motionfitness.se\\\/no\\\/produkter\\\/vektpakke-vektskiver-konkurranse\\\/\"]}]},{\"@type\":\"ImageObject\",\"inLanguage\":\"nb-NO\",\"@id\":\"https:\\\/\\\/motionfitness.se\\\/no\\\/produkter\\\/vektpakke-vektskiver-konkurranse\\\/#primaryimage\",\"url\":\"https:\\\/\\\/motionfitness.se\\\/wp-content\\\/uploads\\\/2025\\\/10\\\/BPF-viktpaket-1.webp\",\"contentUrl\":\"https:\\\/\\\/motionfitness.se\\\/wp-content\\\/uploads\\\/2025\\\/10\\\/BPF-viktpaket-1.webp\",\"width\":1080,\"height\":1080},{\"@type\":\"BreadcrumbList\",\"@id\":\"https:\\\/\\\/motionfitness.se\\\/no\\\/produkter\\\/vektpakke-vektskiver-konkurranse\\\/#breadcrumb\",\"itemListElement\":[{\"@type\":\"ListItem\",\"position\":1,\"name\":\"Hem\",\"item\":\"https:\\\/\\\/motionfitness.se\\\/no\\\/startside\\\/\"},{\"@type\":\"ListItem\",\"position\":2,\"name\":\"Produkter\",\"item\":\"https:\\\/\\\/motionfitness.se\\\/no\\\/produkter\\\/\"},{\"@type\":\"ListItem\",\"position\":3,\"name\":\"Vektpakke Vektskiver Konkurranse\"}]},{\"@type\":\"WebSite\",\"@id\":\"https:\\\/\\\/motionfitness.se\\\/no\\\/#website\",\"url\":\"https:\\\/\\\/motionfitness.se\\\/no\\\/\",\"name\":\"Motion Fitness\",\"description\":\"Stronger Together\",\"publisher\":{\"@id\":\"https:\\\/\\\/motionfitness.se\\\/no\\\/#organization\"},\"potentialAction\":[{\"@type\":\"SearchAction\",\"target\":{\"@type\":\"EntryPoint\",\"urlTemplate\":\"https:\\\/\\\/motionfitness.se\\\/no\\\/?s={search_term_string}\"},\"query-input\":{\"@type\":\"PropertyValueSpecification\",\"valueRequired\":true,\"valueName\":\"search_term_string\"}}],\"inLanguage\":\"nb-NO\"},{\"@type\":\"Organization\",\"@id\":\"https:\\\/\\\/motionfitness.se\\\/no\\\/#organization\",\"name\":\"Motion Fitness\",\"url\":\"https:\\\/\\\/motionfitness.se\\\/no\\\/\",\"logo\":{\"@type\":\"ImageObject\",\"inLanguage\":\"nb-NO\",\"@id\":\"https:\\\/\\\/motionfitness.se\\\/no\\\/#\\\/schema\\\/logo\\\/image\\\/\",\"url\":\"https:\\\/\\\/motionfitness.se\\\/wp-content\\\/uploads\\\/2024\\\/01\\\/Motion-Fitness-Logol.png\",\"contentUrl\":\"https:\\\/\\\/motionfitness.se\\\/wp-content\\\/uploads\\\/2024\\\/01\\\/Motion-Fitness-Logol.png\",\"width\":1280,\"height\":720,\"caption\":\"Motion Fitness\"},\"image\":{\"@id\":\"https:\\\/\\\/motionfitness.se\\\/no\\\/#\\\/schema\\\/logo\\\/image\\\/\"},\"sameAs\":[\"https:\\\/\\\/www.facebook.com\\\/motionfitnesssverige\\\/\",\"https:\\\/\\\/www.instagram.com\\\/motionfitness.se\\\/\"]}]}<\/script>\n<!-- \/ Yoast SEO plugin. -->","yoast_head_json":{"title":"Vektpakke Vektskiver Konkurranse | Motion Fitness","description":"Denne pakken er designet for \u00e5 oppfylle de aller h\u00f8yeste standarder, og er det perfekte valget for alle kommersielle treningssentre, bokser eller seri\u00f8se treningsentusiaster.","robots":{"index":"index","follow":"follow","max-snippet":"max-snippet:-1","max-image-preview":"max-image-preview:large","max-video-preview":"max-video-preview:-1"},"canonical":"https:\/\/motionfitness.se\/no\/produkter\/vektpakke-vektskiver-konkurranse\/","og_locale":"nb_NO","og_type":"article","og_title":"Vektpakke Vektskiver Konkurranse | Motion Fitness","og_description":"Denne pakken er designet for \u00e5 oppfylle de aller h\u00f8yeste standarder, og er det perfekte valget for alle kommersielle treningssentre, bokser eller seri\u00f8se treningsentusiaster.","og_url":"https:\/\/motionfitness.se\/no\/produkter\/vektpakke-vektskiver-konkurranse\/","og_site_name":"Motion Fitness","article_publisher":"https:\/\/www.facebook.com\/motionfitnesssverige\/","og_image":[{"width":1080,"height":1080,"url":"https:\/\/motionfitness.se\/wp-content\/uploads\/2025\/10\/BPF-viktpaket-1.webp","type":"image\/webp"}],"twitter_card":"summary_large_image","twitter_misc":{"Ansl. lesetid":"1 minutt"},"schema":{"@context":"https:\/\/schema.org","@graph":[{"@type":"WebPage","@id":"https:\/\/motionfitness.se\/no\/produkter\/vektpakke-vektskiver-konkurranse\/","url":"https:\/\/motionfitness.se\/no\/produkter\/vektpakke-vektskiver-konkurranse\/","name":"Vektpakke Vektskiver Konkurranse | Motion Fitness","isPartOf":{"@id":"https:\/\/motionfitness.se\/no\/#website"},"primaryImageOfPage":{"@id":"https:\/\/motionfitness.se\/no\/produkter\/vektpakke-vektskiver-konkurranse\/#primaryimage"},"image":{"@id":"https:\/\/motionfitness.se\/no\/produkter\/vektpakke-vektskiver-konkurranse\/#primaryimage"},"thumbnailUrl":"https:\/\/motionfitness.se\/wp-content\/uploads\/2025\/10\/BPF-viktpaket-1.webp","datePublished":"2025-10-06T11:45:23+00:00","description":"Denne pakken er designet for \u00e5 oppfylle de aller h\u00f8yeste standarder, og er det perfekte valget for alle kommersielle treningssentre, bokser eller seri\u00f8se treningsentusiaster.","breadcrumb":{"@id":"https:\/\/motionfitness.se\/no\/produkter\/vektpakke-vektskiver-konkurranse\/#breadcrumb"},"inLanguage":"nb-NO","potentialAction":[{"@type":"ReadAction","target":["https:\/\/motionfitness.se\/no\/produkter\/vektpakke-vektskiver-konkurranse\/"]}]},{"@type":"ImageObject","inLanguage":"nb-NO","@id":"https:\/\/motionfitness.se\/no\/produkter\/vektpakke-vektskiver-konkurranse\/#primaryimage","url":"https:\/\/motionfitness.se\/wp-content\/uploads\/2025\/10\/BPF-viktpaket-1.webp","contentUrl":"https:\/\/motionfitness.se\/wp-content\/uploads\/2025\/10\/BPF-viktpaket-1.webp","width":1080,"height":1080},{"@type":"BreadcrumbList","@id":"https:\/\/motionfitness.se\/no\/produkter\/vektpakke-vektskiver-konkurranse\/#breadcrumb","itemListElement":[{"@type":"ListItem","position":1,"name":"Hem","item":"https:\/\/motionfitness.se\/no\/startside\/"},{"@type":"ListItem","position":2,"name":"Produkter","item":"https:\/\/motionfitness.se\/no\/produkter\/"},{"@type":"ListItem","position":3,"name":"Vektpakke Vektskiver Konkurranse"}]},{"@type":"WebSite","@id":"https:\/\/motionfitness.se\/no\/#website","url":"https:\/\/motionfitness.se\/no\/","name":"Motion Fitness","description":"Stronger Together","publisher":{"@id":"https:\/\/motionfitness.se\/no\/#organization"},"potentialAction":[{"@type":"SearchAction","target":{"@type":"EntryPoint","urlTemplate":"https:\/\/motionfitness.se\/no\/?s={search_term_string}"},"query-input":{"@type":"PropertyValueSpecification","valueRequired":true,"valueName":"search_term_string"}}],"inLanguage":"nb-NO"},{"@type":"Organization","@id":"https:\/\/motionfitness.se\/no\/#organization","name":"Motion Fitness","url":"https:\/\/motionfitness.se\/no\/","logo":{"@type":"ImageObject","inLanguage":"nb-NO","@id":"https:\/\/motionfitness.se\/no\/#\/schema\/logo\/image\/","url":"https:\/\/motionfitness.se\/wp-content\/uploads\/2024\/01\/Motion-Fitness-Logol.png","contentUrl":"https:\/\/motionfitness.se\/wp-content\/uploads\/2024\/01\/Motion-Fitness-Logol.png","width":1280,"height":720,"caption":"Motion Fitness"},"image":{"@id":"https:\/\/motionfitness.se\/no\/#\/schema\/logo\/image\/"},"sameAs":["https:\/\/www.facebook.com\/motionfitnesssverige\/","https:\/\/www.instagram.com\/motionfitness.se\/"]}]}},"_links":{"self":[{"href":"https:\/\/motionfitness.se\/no\/wp-json\/wp\/v2\/product\/34512","targetHints":{"allow":["GET"]}}],"collection":[{"href":"https:\/\/motionfitness.se\/no\/wp-json\/wp\/v2\/product"}],"about":[{"href":"https:\/\/motionfitness.se\/no\/wp-json\/wp\/v2\/types\/product"}],"replies":[{"embeddable":true,"href":"https:\/\/motionfitness.se\/no\/wp-json\/wp\/v2\/comments?post=34512"}],"wp:featuredmedia":[{"embeddable":true,"href":"https:\/\/motionfitness.se\/no\/wp-json\/wp\/v2\/media\/34511"}],"wp:attachment":[{"href":"https:\/\/motionfitness.se\/no\/wp-json\/wp\/v2\/media?parent=34512"}],"wp:term":[{"taxonomy":"product_brand","embeddable":true,"href":"https:\/\/motionfitness.se\/no\/wp-json\/wp\/v2\/product_brand?post=34512"},{"taxonomy":"product_cat","embeddable":true,"href":"https:\/\/motionfitness.se\/no\/wp-json\/wp\/v2\/product_cat?post=34512"},{"taxonomy":"product_tag","embeddable":true,"href":"https:\/\/motionfitness.se\/no\/wp-json\/wp\/v2\/product_tag?post=34512"}],"curies":[{"name":"wp","href":"https:\/\/api.w.org\/{rel}","templated":true}]}}