{"id":34355,"date":"2025-06-09T17:40:08","date_gmt":"2025-06-09T15:40:08","guid":{"rendered":"https:\/\/motionfitness.se\/produkter\/unitrack-15x2-meter\/"},"modified":"2025-06-09T17:40:08","modified_gmt":"2025-06-09T15:40:08","slug":"unitrack-15x2-meter","status":"publish","type":"product","link":"https:\/\/motionfitness.se\/no\/produkter\/unitrack-15x2-metere\/","title":{"rendered":"UniTrack 15&#215;2 meter"},"content":{"rendered":"<p><strong>UniTrack kunstgressbane<\/strong><\/p>\n<p>UniTrack er designet for intensiv bruk og er din p\u00e5litelige partner for t\u00f8ffe <b>trenings\u00f8kter<\/b>. Med sine korte fibre og h\u00f8ye tetthet har denne kunstgressbanen en uovertruffen slitestyrke som t\u00e5ler selv de mest krevende \u00f8ktene. Enten det gjelder sprinttrening, intervalltrening, <b>Hyrox-trening<\/b> eller andre <b>funksjonelle trenings\u00f8velser<\/b>, garanterer UniTrack optimal ytelse og komfort.  <\/p>\n<h4>Ideell for utend\u00f8rs bruk<\/h4>\n<p>UniTrack er ideell for utend\u00f8rs bruk. Det er en slitesterk og v\u00e6rbestandig l\u00f8sning for utend\u00f8rs sports- og treningsaktiviteter. Materialet egner seg for en rekke ulike utemilj\u00f8er og kan enkelt installeres p\u00e5 ulike underlag. En stor fordel er den <b>UV-bestandige designen<\/b>, som betyr at banen t\u00e5ler langvarig eksponering for sollys uten at kvaliteten eller fargen p\u00e5 materialet forringes. Dette sikrer at UniTrack kan brukes i alle \u00e5rstider, uansett v\u00e6rforhold.    <\/p>\n<h4>Komplett med sokkel<\/h4>\n<p>For \u00e5 maksimere sportskomforten anbefaler vi \u00e5 bruke et <b>st\u00f8tdempende underlag<\/b>, enten av skum eller gummi, under kunstgresset. Dette kan ogs\u00e5 fungere som en fylling for \u00e5 sikre at UniTrack-banen er i samme h\u00f8yde som nabogulvet. <\/p>\n","protected":false},"excerpt":{"rendered":"<p>UniTrack er designet for intensiv bruk og er din p\u00e5litelige partner for t\u00f8ffe <b>trenings\u00f8kter<\/b>. Med sine korte fibre og h\u00f8ye tetthet har denne kunstgressbanen en uovertruffen slitestyrke som t\u00e5ler selv de mest krevende \u00f8ktene. <\/p>\n","protected":false},"featured_media":34023,"comment_status":"open","ping_status":"closed","template":"","meta":{"_acf_changed":false,"_monsterinsights_skip_tracking":false,"_monsterinsights_sitenote_active":false,"_monsterinsights_sitenote_note":"","_monsterinsights_sitenote_category":0},"product_brand":[],"product_cat":[629,528],"product_tag":[791],"class_list":{"0":"post-34355","1":"product","2":"type-product","3":"status-publish","4":"has-post-thumbnail","6":"product_cat-kunstgress","7":"product_cat-produktnyheter-no","8":"product_tag-nytt-produkt","9":"pa_color-bla-farge","10":"pa_color-gronn-farge","11":"pa_color-rod-farge","12":"pa_color-svart-no","14":"first","15":"instock","16":"taxable","17":"shipping-taxable","18":"purchasable","19":"product-type-variable"},"acf":[],"yoast_head":"<!-- This site is optimized with the Yoast SEO plugin v27.4 - https:\/\/yoast.com\/product\/yoast-seo-wordpress\/ -->\n<title>UniTrack 15x2 meter | Motion Fitness<\/title>\n<meta name=\"description\" content=\"Enten det gjelder sprint, intervaller, Hyrox-trening eller andre funksjonelle trenings\u00f8velser, garanterer UniTrack optimal ytelse og komfort.\" \/>\n<meta name=\"robots\" content=\"index, follow, max-snippet:-1, max-image-preview:large, max-video-preview:-1\" \/>\n<link rel=\"canonical\" href=\"https:\/\/motionfitness.se\/no\/produkter\/unitrack-15x2-metere\/\" \/>\n<meta property=\"og:locale\" content=\"nb_NO\" \/>\n<meta property=\"og:type\" content=\"article\" \/>\n<meta property=\"og:title\" content=\"UniTrack 15x2 meter | Motion Fitness\" \/>\n<meta property=\"og:description\" content=\"Enten det gjelder sprint, intervaller, Hyrox-trening eller andre funksjonelle trenings\u00f8velser, garanterer UniTrack optimal ytelse og komfort.\" \/>\n<meta property=\"og:url\" content=\"https:\/\/motionfitness.se\/no\/produkter\/unitrack-15x2-metere\/\" \/>\n<meta property=\"og:site_name\" content=\"Motion Fitness\" \/>\n<meta property=\"article:publisher\" content=\"https:\/\/www.facebook.com\/motionfitnesssverige\/\" \/>\n<meta property=\"og:image\" content=\"https:\/\/motionfitness.se\/wp-content\/uploads\/2025\/06\/Konstgras.png\" \/>\n\t<meta property=\"og:image:width\" content=\"1080\" \/>\n\t<meta property=\"og:image:height\" content=\"1080\" \/>\n\t<meta property=\"og:image:type\" content=\"image\/png\" \/>\n<meta name=\"twitter:card\" content=\"summary_large_image\" \/>\n<meta name=\"twitter:label1\" content=\"Ansl. lesetid\" \/>\n\t<meta name=\"twitter:data1\" content=\"1 minutt\" \/>\n<script type=\"application\/ld+json\" class=\"yoast-schema-graph\">{\"@context\":\"https:\\\/\\\/schema.org\",\"@graph\":[{\"@type\":\"WebPage\",\"@id\":\"https:\\\/\\\/motionfitness.se\\\/no\\\/produkter\\\/unitrack-15x2-metere\\\/\",\"url\":\"https:\\\/\\\/motionfitness.se\\\/no\\\/produkter\\\/unitrack-15x2-metere\\\/\",\"name\":\"UniTrack 15x2 meter | Motion Fitness\",\"isPartOf\":{\"@id\":\"https:\\\/\\\/motionfitness.se\\\/no\\\/#website\"},\"primaryImageOfPage\":{\"@id\":\"https:\\\/\\\/motionfitness.se\\\/no\\\/produkter\\\/unitrack-15x2-metere\\\/#primaryimage\"},\"image\":{\"@id\":\"https:\\\/\\\/motionfitness.se\\\/no\\\/produkter\\\/unitrack-15x2-metere\\\/#primaryimage\"},\"thumbnailUrl\":\"https:\\\/\\\/motionfitness.se\\\/wp-content\\\/uploads\\\/2025\\\/06\\\/Konstgras.png\",\"datePublished\":\"2025-06-09T15:40:08+00:00\",\"description\":\"Enten det gjelder sprint, intervaller, Hyrox-trening eller andre funksjonelle trenings\u00f8velser, garanterer UniTrack optimal ytelse og komfort.\",\"breadcrumb\":{\"@id\":\"https:\\\/\\\/motionfitness.se\\\/no\\\/produkter\\\/unitrack-15x2-metere\\\/#breadcrumb\"},\"inLanguage\":\"nb-NO\",\"potentialAction\":[{\"@type\":\"ReadAction\",\"target\":[\"https:\\\/\\\/motionfitness.se\\\/no\\\/produkter\\\/unitrack-15x2-metere\\\/\"]}]},{\"@type\":\"ImageObject\",\"inLanguage\":\"nb-NO\",\"@id\":\"https:\\\/\\\/motionfitness.se\\\/no\\\/produkter\\\/unitrack-15x2-metere\\\/#primaryimage\",\"url\":\"https:\\\/\\\/motionfitness.se\\\/wp-content\\\/uploads\\\/2025\\\/06\\\/Konstgras.png\",\"contentUrl\":\"https:\\\/\\\/motionfitness.se\\\/wp-content\\\/uploads\\\/2025\\\/06\\\/Konstgras.png\",\"width\":1080,\"height\":1080},{\"@type\":\"BreadcrumbList\",\"@id\":\"https:\\\/\\\/motionfitness.se\\\/no\\\/produkter\\\/unitrack-15x2-metere\\\/#breadcrumb\",\"itemListElement\":[{\"@type\":\"ListItem\",\"position\":1,\"name\":\"Hem\",\"item\":\"https:\\\/\\\/motionfitness.se\\\/no\\\/startside\\\/\"},{\"@type\":\"ListItem\",\"position\":2,\"name\":\"Produkter\",\"item\":\"https:\\\/\\\/motionfitness.se\\\/no\\\/produkter\\\/\"},{\"@type\":\"ListItem\",\"position\":3,\"name\":\"UniTrack 15&#215;2 meter\"}]},{\"@type\":\"WebSite\",\"@id\":\"https:\\\/\\\/motionfitness.se\\\/no\\\/#website\",\"url\":\"https:\\\/\\\/motionfitness.se\\\/no\\\/\",\"name\":\"Motion Fitness\",\"description\":\"Stronger Together\",\"publisher\":{\"@id\":\"https:\\\/\\\/motionfitness.se\\\/no\\\/#organization\"},\"potentialAction\":[{\"@type\":\"SearchAction\",\"target\":{\"@type\":\"EntryPoint\",\"urlTemplate\":\"https:\\\/\\\/motionfitness.se\\\/no\\\/?s={search_term_string}\"},\"query-input\":{\"@type\":\"PropertyValueSpecification\",\"valueRequired\":true,\"valueName\":\"search_term_string\"}}],\"inLanguage\":\"nb-NO\"},{\"@type\":\"Organization\",\"@id\":\"https:\\\/\\\/motionfitness.se\\\/no\\\/#organization\",\"name\":\"Motion Fitness\",\"url\":\"https:\\\/\\\/motionfitness.se\\\/no\\\/\",\"logo\":{\"@type\":\"ImageObject\",\"inLanguage\":\"nb-NO\",\"@id\":\"https:\\\/\\\/motionfitness.se\\\/no\\\/#\\\/schema\\\/logo\\\/image\\\/\",\"url\":\"https:\\\/\\\/motionfitness.se\\\/wp-content\\\/uploads\\\/2024\\\/01\\\/Motion-Fitness-Logol.png\",\"contentUrl\":\"https:\\\/\\\/motionfitness.se\\\/wp-content\\\/uploads\\\/2024\\\/01\\\/Motion-Fitness-Logol.png\",\"width\":1280,\"height\":720,\"caption\":\"Motion Fitness\"},\"image\":{\"@id\":\"https:\\\/\\\/motionfitness.se\\\/no\\\/#\\\/schema\\\/logo\\\/image\\\/\"},\"sameAs\":[\"https:\\\/\\\/www.facebook.com\\\/motionfitnesssverige\\\/\",\"https:\\\/\\\/www.instagram.com\\\/motionfitness.se\\\/\"]}]}<\/script>\n<!-- \/ Yoast SEO plugin. -->","yoast_head_json":{"title":"UniTrack 15x2 meter | Motion Fitness","description":"Enten det gjelder sprint, intervaller, Hyrox-trening eller andre funksjonelle trenings\u00f8velser, garanterer UniTrack optimal ytelse og komfort.","robots":{"index":"index","follow":"follow","max-snippet":"max-snippet:-1","max-image-preview":"max-image-preview:large","max-video-preview":"max-video-preview:-1"},"canonical":"https:\/\/motionfitness.se\/no\/produkter\/unitrack-15x2-metere\/","og_locale":"nb_NO","og_type":"article","og_title":"UniTrack 15x2 meter | Motion Fitness","og_description":"Enten det gjelder sprint, intervaller, Hyrox-trening eller andre funksjonelle trenings\u00f8velser, garanterer UniTrack optimal ytelse og komfort.","og_url":"https:\/\/motionfitness.se\/no\/produkter\/unitrack-15x2-metere\/","og_site_name":"Motion Fitness","article_publisher":"https:\/\/www.facebook.com\/motionfitnesssverige\/","og_image":[{"width":1080,"height":1080,"url":"https:\/\/motionfitness.se\/wp-content\/uploads\/2025\/06\/Konstgras.png","type":"image\/png"}],"twitter_card":"summary_large_image","twitter_misc":{"Ansl. lesetid":"1 minutt"},"schema":{"@context":"https:\/\/schema.org","@graph":[{"@type":"WebPage","@id":"https:\/\/motionfitness.se\/no\/produkter\/unitrack-15x2-metere\/","url":"https:\/\/motionfitness.se\/no\/produkter\/unitrack-15x2-metere\/","name":"UniTrack 15x2 meter | Motion Fitness","isPartOf":{"@id":"https:\/\/motionfitness.se\/no\/#website"},"primaryImageOfPage":{"@id":"https:\/\/motionfitness.se\/no\/produkter\/unitrack-15x2-metere\/#primaryimage"},"image":{"@id":"https:\/\/motionfitness.se\/no\/produkter\/unitrack-15x2-metere\/#primaryimage"},"thumbnailUrl":"https:\/\/motionfitness.se\/wp-content\/uploads\/2025\/06\/Konstgras.png","datePublished":"2025-06-09T15:40:08+00:00","description":"Enten det gjelder sprint, intervaller, Hyrox-trening eller andre funksjonelle trenings\u00f8velser, garanterer UniTrack optimal ytelse og komfort.","breadcrumb":{"@id":"https:\/\/motionfitness.se\/no\/produkter\/unitrack-15x2-metere\/#breadcrumb"},"inLanguage":"nb-NO","potentialAction":[{"@type":"ReadAction","target":["https:\/\/motionfitness.se\/no\/produkter\/unitrack-15x2-metere\/"]}]},{"@type":"ImageObject","inLanguage":"nb-NO","@id":"https:\/\/motionfitness.se\/no\/produkter\/unitrack-15x2-metere\/#primaryimage","url":"https:\/\/motionfitness.se\/wp-content\/uploads\/2025\/06\/Konstgras.png","contentUrl":"https:\/\/motionfitness.se\/wp-content\/uploads\/2025\/06\/Konstgras.png","width":1080,"height":1080},{"@type":"BreadcrumbList","@id":"https:\/\/motionfitness.se\/no\/produkter\/unitrack-15x2-metere\/#breadcrumb","itemListElement":[{"@type":"ListItem","position":1,"name":"Hem","item":"https:\/\/motionfitness.se\/no\/startside\/"},{"@type":"ListItem","position":2,"name":"Produkter","item":"https:\/\/motionfitness.se\/no\/produkter\/"},{"@type":"ListItem","position":3,"name":"UniTrack 15&#215;2 meter"}]},{"@type":"WebSite","@id":"https:\/\/motionfitness.se\/no\/#website","url":"https:\/\/motionfitness.se\/no\/","name":"Motion Fitness","description":"Stronger Together","publisher":{"@id":"https:\/\/motionfitness.se\/no\/#organization"},"potentialAction":[{"@type":"SearchAction","target":{"@type":"EntryPoint","urlTemplate":"https:\/\/motionfitness.se\/no\/?s={search_term_string}"},"query-input":{"@type":"PropertyValueSpecification","valueRequired":true,"valueName":"search_term_string"}}],"inLanguage":"nb-NO"},{"@type":"Organization","@id":"https:\/\/motionfitness.se\/no\/#organization","name":"Motion Fitness","url":"https:\/\/motionfitness.se\/no\/","logo":{"@type":"ImageObject","inLanguage":"nb-NO","@id":"https:\/\/motionfitness.se\/no\/#\/schema\/logo\/image\/","url":"https:\/\/motionfitness.se\/wp-content\/uploads\/2024\/01\/Motion-Fitness-Logol.png","contentUrl":"https:\/\/motionfitness.se\/wp-content\/uploads\/2024\/01\/Motion-Fitness-Logol.png","width":1280,"height":720,"caption":"Motion Fitness"},"image":{"@id":"https:\/\/motionfitness.se\/no\/#\/schema\/logo\/image\/"},"sameAs":["https:\/\/www.facebook.com\/motionfitnesssverige\/","https:\/\/www.instagram.com\/motionfitness.se\/"]}]}},"_links":{"self":[{"href":"https:\/\/motionfitness.se\/no\/wp-json\/wp\/v2\/product\/34355","targetHints":{"allow":["GET"]}}],"collection":[{"href":"https:\/\/motionfitness.se\/no\/wp-json\/wp\/v2\/product"}],"about":[{"href":"https:\/\/motionfitness.se\/no\/wp-json\/wp\/v2\/types\/product"}],"replies":[{"embeddable":true,"href":"https:\/\/motionfitness.se\/no\/wp-json\/wp\/v2\/comments?post=34355"}],"wp:featuredmedia":[{"embeddable":true,"href":"https:\/\/motionfitness.se\/no\/wp-json\/wp\/v2\/media\/34023"}],"wp:attachment":[{"href":"https:\/\/motionfitness.se\/no\/wp-json\/wp\/v2\/media?parent=34355"}],"wp:term":[{"taxonomy":"product_brand","embeddable":true,"href":"https:\/\/motionfitness.se\/no\/wp-json\/wp\/v2\/product_brand?post=34355"},{"taxonomy":"product_cat","embeddable":true,"href":"https:\/\/motionfitness.se\/no\/wp-json\/wp\/v2\/product_cat?post=34355"},{"taxonomy":"product_tag","embeddable":true,"href":"https:\/\/motionfitness.se\/no\/wp-json\/wp\/v2\/product_tag?post=34355"}],"curies":[{"name":"wp","href":"https:\/\/api.w.org\/{rel}","templated":true}]}}