{"id":34049,"date":"2025-07-04T11:45:09","date_gmt":"2025-07-04T09:45:09","guid":{"rendered":"https:\/\/motionfitness.se\/produkter\/design-grass-kunstgress\/"},"modified":"2025-07-04T11:45:09","modified_gmt":"2025-07-04T09:45:09","slug":"design-grass-kunstgress","status":"publish","type":"product","link":"https:\/\/motionfitness.se\/no\/produkter\/design-gress-kunstgress\/","title":{"rendered":"Design Grass Kunstgress"},"content":{"rendered":"<p><b>Design Grass<\/b> er en kunstgressbane som er spesielt utviklet for intensiv bruk. Kombinasjonen av sterke garner og h\u00f8y tetthet gj\u00f8r den ekstremt slitesterk og garanterer et langt liv som sportsgulv. I motsetning til mange andre kunstgressbaner er Design Grass laget med <b>nylongarn<\/b>, noe som gj\u00f8r den ekstra sterk, slitesterk og langvarig.  <\/p>\n<p>Det som virkelig skiller denne banen fra de andre, er den <b>ubegrensede designfriheten<\/b>. Alle farger og m\u00f8nstre er mulige, slik at du kan skape en unik og inspirerende treningsflate. I tillegg til de omfattende designmulighetene er Design Grass testet for brannsikkerhet. Det oppfyller <b>EN13501-1-standarden<\/b> med brannklasse Cfl og r\u00f8ykklasse S1. I tilfelle en uventet ulykke bidrar denne kunstgressbanen til \u00e5 bremse brannspredningen, noe som kan gi verdifull tid til evakuering og redningsaksjoner.    <\/p>\n<p>For \u00e5 \u00f8ke komforten anbefaler vi \u00e5 bruke et <b>st\u00f8tdempende underlag<\/b>, enten i skum eller gummi, under kunstgresset. Dette kan ogs\u00e5 fungere som en fylling for \u00e5 sikre at Design Grass-banen ligger i samme h\u00f8yde som nabogulvet. <\/p>\n<p>Kontakt oss for et tilbud.<\/p>\n","protected":false},"excerpt":{"rendered":"<p>Alle farger og m\u00f8nstre er mulige, slik at du kan skape et unikt og inspirerende treningsrom. Ta kontakt med oss, s\u00e5 hjelper vi deg med \u00e5 skape det rette designet for deg.<br \/>\n<strong>Prisen er per kvadratmeter.<\/strong><\/p>\n","protected":false},"featured_media":34051,"comment_status":"open","ping_status":"closed","template":"","meta":{"_acf_changed":false,"_monsterinsights_skip_tracking":false,"_monsterinsights_sitenote_active":false,"_monsterinsights_sitenote_note":"","_monsterinsights_sitenote_category":0},"product_brand":[],"product_cat":[629,528],"product_tag":[],"class_list":{"0":"post-34049","1":"product","2":"type-product","3":"status-publish","4":"has-post-thumbnail","6":"product_cat-kunstgress","7":"product_cat-produktnyheter-no","9":"first","10":"instock","11":"taxable","12":"shipping-taxable","13":"purchasable","14":"product-type-simple"},"acf":[],"yoast_head":"<!-- This site is optimized with the Yoast SEO plugin v27.4 - https:\/\/yoast.com\/product\/yoast-seo-wordpress\/ -->\n<title>Design Grass Kunstgress | Motion Fitness<\/title>\n<meta name=\"description\" content=\"Spesielt utviklet for intensiv bruk. Alle farger og m\u00f8nstre er mulige, slik at du kan skape en unik og inspirerende treningsflate.\" \/>\n<meta name=\"robots\" content=\"index, follow, max-snippet:-1, max-image-preview:large, max-video-preview:-1\" \/>\n<link rel=\"canonical\" href=\"https:\/\/motionfitness.se\/no\/produkter\/design-gress-kunstgress\/\" \/>\n<meta property=\"og:locale\" content=\"nb_NO\" \/>\n<meta property=\"og:type\" content=\"article\" \/>\n<meta property=\"og:title\" content=\"Design Grass Kunstgress | Motion Fitness\" \/>\n<meta property=\"og:description\" content=\"Spesielt utviklet for intensiv bruk. Alle farger og m\u00f8nstre er mulige, slik at du kan skape en unik og inspirerende treningsflate.\" \/>\n<meta property=\"og:url\" content=\"https:\/\/motionfitness.se\/no\/produkter\/design-gress-kunstgress\/\" \/>\n<meta property=\"og:site_name\" content=\"Motion Fitness\" \/>\n<meta property=\"article:publisher\" content=\"https:\/\/www.facebook.com\/motionfitnesssverige\/\" \/>\n<meta property=\"og:image\" content=\"https:\/\/motionfitness.se\/wp-content\/uploads\/2025\/07\/Konstgras-1.webp\" \/>\n\t<meta property=\"og:image:width\" content=\"1080\" \/>\n\t<meta property=\"og:image:height\" content=\"1080\" \/>\n\t<meta property=\"og:image:type\" content=\"image\/webp\" \/>\n<meta name=\"twitter:card\" content=\"summary_large_image\" \/>\n<meta name=\"twitter:label1\" content=\"Ansl. lesetid\" \/>\n\t<meta name=\"twitter:data1\" content=\"1 minutt\" \/>\n<script type=\"application\/ld+json\" class=\"yoast-schema-graph\">{\"@context\":\"https:\\\/\\\/schema.org\",\"@graph\":[{\"@type\":\"WebPage\",\"@id\":\"https:\\\/\\\/motionfitness.se\\\/no\\\/produkter\\\/design-gress-kunstgress\\\/\",\"url\":\"https:\\\/\\\/motionfitness.se\\\/no\\\/produkter\\\/design-gress-kunstgress\\\/\",\"name\":\"Design Grass Kunstgress | Motion Fitness\",\"isPartOf\":{\"@id\":\"https:\\\/\\\/motionfitness.se\\\/no\\\/#website\"},\"primaryImageOfPage\":{\"@id\":\"https:\\\/\\\/motionfitness.se\\\/no\\\/produkter\\\/design-gress-kunstgress\\\/#primaryimage\"},\"image\":{\"@id\":\"https:\\\/\\\/motionfitness.se\\\/no\\\/produkter\\\/design-gress-kunstgress\\\/#primaryimage\"},\"thumbnailUrl\":\"https:\\\/\\\/motionfitness.se\\\/wp-content\\\/uploads\\\/2025\\\/07\\\/Design-Grass-Konstgras.webp\",\"datePublished\":\"2025-07-04T09:45:09+00:00\",\"description\":\"Spesielt utviklet for intensiv bruk. Alle farger og m\u00f8nstre er mulige, slik at du kan skape en unik og inspirerende treningsflate.\",\"breadcrumb\":{\"@id\":\"https:\\\/\\\/motionfitness.se\\\/no\\\/produkter\\\/design-gress-kunstgress\\\/#breadcrumb\"},\"inLanguage\":\"nb-NO\",\"potentialAction\":[{\"@type\":\"ReadAction\",\"target\":[\"https:\\\/\\\/motionfitness.se\\\/no\\\/produkter\\\/design-gress-kunstgress\\\/\"]}]},{\"@type\":\"ImageObject\",\"inLanguage\":\"nb-NO\",\"@id\":\"https:\\\/\\\/motionfitness.se\\\/no\\\/produkter\\\/design-gress-kunstgress\\\/#primaryimage\",\"url\":\"https:\\\/\\\/motionfitness.se\\\/wp-content\\\/uploads\\\/2025\\\/07\\\/Design-Grass-Konstgras.webp\",\"contentUrl\":\"https:\\\/\\\/motionfitness.se\\\/wp-content\\\/uploads\\\/2025\\\/07\\\/Design-Grass-Konstgras.webp\",\"width\":1080,\"height\":1080},{\"@type\":\"BreadcrumbList\",\"@id\":\"https:\\\/\\\/motionfitness.se\\\/no\\\/produkter\\\/design-gress-kunstgress\\\/#breadcrumb\",\"itemListElement\":[{\"@type\":\"ListItem\",\"position\":1,\"name\":\"Hem\",\"item\":\"https:\\\/\\\/motionfitness.se\\\/no\\\/startside\\\/\"},{\"@type\":\"ListItem\",\"position\":2,\"name\":\"Produkter\",\"item\":\"https:\\\/\\\/motionfitness.se\\\/no\\\/produkter\\\/\"},{\"@type\":\"ListItem\",\"position\":3,\"name\":\"Design Grass Kunstgress\"}]},{\"@type\":\"WebSite\",\"@id\":\"https:\\\/\\\/motionfitness.se\\\/no\\\/#website\",\"url\":\"https:\\\/\\\/motionfitness.se\\\/no\\\/\",\"name\":\"Motion Fitness\",\"description\":\"Stronger Together\",\"publisher\":{\"@id\":\"https:\\\/\\\/motionfitness.se\\\/no\\\/#organization\"},\"potentialAction\":[{\"@type\":\"SearchAction\",\"target\":{\"@type\":\"EntryPoint\",\"urlTemplate\":\"https:\\\/\\\/motionfitness.se\\\/no\\\/?s={search_term_string}\"},\"query-input\":{\"@type\":\"PropertyValueSpecification\",\"valueRequired\":true,\"valueName\":\"search_term_string\"}}],\"inLanguage\":\"nb-NO\"},{\"@type\":\"Organization\",\"@id\":\"https:\\\/\\\/motionfitness.se\\\/no\\\/#organization\",\"name\":\"Motion Fitness\",\"url\":\"https:\\\/\\\/motionfitness.se\\\/no\\\/\",\"logo\":{\"@type\":\"ImageObject\",\"inLanguage\":\"nb-NO\",\"@id\":\"https:\\\/\\\/motionfitness.se\\\/no\\\/#\\\/schema\\\/logo\\\/image\\\/\",\"url\":\"https:\\\/\\\/motionfitness.se\\\/wp-content\\\/uploads\\\/2024\\\/01\\\/Motion-Fitness-Logol.png\",\"contentUrl\":\"https:\\\/\\\/motionfitness.se\\\/wp-content\\\/uploads\\\/2024\\\/01\\\/Motion-Fitness-Logol.png\",\"width\":1280,\"height\":720,\"caption\":\"Motion Fitness\"},\"image\":{\"@id\":\"https:\\\/\\\/motionfitness.se\\\/no\\\/#\\\/schema\\\/logo\\\/image\\\/\"},\"sameAs\":[\"https:\\\/\\\/www.facebook.com\\\/motionfitnesssverige\\\/\",\"https:\\\/\\\/www.instagram.com\\\/motionfitness.se\\\/\"]}]}<\/script>\n<!-- \/ Yoast SEO plugin. -->","yoast_head_json":{"title":"Design Grass Kunstgress | Motion Fitness","description":"Spesielt utviklet for intensiv bruk. Alle farger og m\u00f8nstre er mulige, slik at du kan skape en unik og inspirerende treningsflate.","robots":{"index":"index","follow":"follow","max-snippet":"max-snippet:-1","max-image-preview":"max-image-preview:large","max-video-preview":"max-video-preview:-1"},"canonical":"https:\/\/motionfitness.se\/no\/produkter\/design-gress-kunstgress\/","og_locale":"nb_NO","og_type":"article","og_title":"Design Grass Kunstgress | Motion Fitness","og_description":"Spesielt utviklet for intensiv bruk. Alle farger og m\u00f8nstre er mulige, slik at du kan skape en unik og inspirerende treningsflate.","og_url":"https:\/\/motionfitness.se\/no\/produkter\/design-gress-kunstgress\/","og_site_name":"Motion Fitness","article_publisher":"https:\/\/www.facebook.com\/motionfitnesssverige\/","og_image":[{"width":1080,"height":1080,"url":"https:\/\/motionfitness.se\/wp-content\/uploads\/2025\/07\/Konstgras-1.webp","type":"image\/webp"}],"twitter_card":"summary_large_image","twitter_misc":{"Ansl. lesetid":"1 minutt"},"schema":{"@context":"https:\/\/schema.org","@graph":[{"@type":"WebPage","@id":"https:\/\/motionfitness.se\/no\/produkter\/design-gress-kunstgress\/","url":"https:\/\/motionfitness.se\/no\/produkter\/design-gress-kunstgress\/","name":"Design Grass Kunstgress | Motion Fitness","isPartOf":{"@id":"https:\/\/motionfitness.se\/no\/#website"},"primaryImageOfPage":{"@id":"https:\/\/motionfitness.se\/no\/produkter\/design-gress-kunstgress\/#primaryimage"},"image":{"@id":"https:\/\/motionfitness.se\/no\/produkter\/design-gress-kunstgress\/#primaryimage"},"thumbnailUrl":"https:\/\/motionfitness.se\/wp-content\/uploads\/2025\/07\/Design-Grass-Konstgras.webp","datePublished":"2025-07-04T09:45:09+00:00","description":"Spesielt utviklet for intensiv bruk. Alle farger og m\u00f8nstre er mulige, slik at du kan skape en unik og inspirerende treningsflate.","breadcrumb":{"@id":"https:\/\/motionfitness.se\/no\/produkter\/design-gress-kunstgress\/#breadcrumb"},"inLanguage":"nb-NO","potentialAction":[{"@type":"ReadAction","target":["https:\/\/motionfitness.se\/no\/produkter\/design-gress-kunstgress\/"]}]},{"@type":"ImageObject","inLanguage":"nb-NO","@id":"https:\/\/motionfitness.se\/no\/produkter\/design-gress-kunstgress\/#primaryimage","url":"https:\/\/motionfitness.se\/wp-content\/uploads\/2025\/07\/Design-Grass-Konstgras.webp","contentUrl":"https:\/\/motionfitness.se\/wp-content\/uploads\/2025\/07\/Design-Grass-Konstgras.webp","width":1080,"height":1080},{"@type":"BreadcrumbList","@id":"https:\/\/motionfitness.se\/no\/produkter\/design-gress-kunstgress\/#breadcrumb","itemListElement":[{"@type":"ListItem","position":1,"name":"Hem","item":"https:\/\/motionfitness.se\/no\/startside\/"},{"@type":"ListItem","position":2,"name":"Produkter","item":"https:\/\/motionfitness.se\/no\/produkter\/"},{"@type":"ListItem","position":3,"name":"Design Grass Kunstgress"}]},{"@type":"WebSite","@id":"https:\/\/motionfitness.se\/no\/#website","url":"https:\/\/motionfitness.se\/no\/","name":"Motion Fitness","description":"Stronger Together","publisher":{"@id":"https:\/\/motionfitness.se\/no\/#organization"},"potentialAction":[{"@type":"SearchAction","target":{"@type":"EntryPoint","urlTemplate":"https:\/\/motionfitness.se\/no\/?s={search_term_string}"},"query-input":{"@type":"PropertyValueSpecification","valueRequired":true,"valueName":"search_term_string"}}],"inLanguage":"nb-NO"},{"@type":"Organization","@id":"https:\/\/motionfitness.se\/no\/#organization","name":"Motion Fitness","url":"https:\/\/motionfitness.se\/no\/","logo":{"@type":"ImageObject","inLanguage":"nb-NO","@id":"https:\/\/motionfitness.se\/no\/#\/schema\/logo\/image\/","url":"https:\/\/motionfitness.se\/wp-content\/uploads\/2024\/01\/Motion-Fitness-Logol.png","contentUrl":"https:\/\/motionfitness.se\/wp-content\/uploads\/2024\/01\/Motion-Fitness-Logol.png","width":1280,"height":720,"caption":"Motion Fitness"},"image":{"@id":"https:\/\/motionfitness.se\/no\/#\/schema\/logo\/image\/"},"sameAs":["https:\/\/www.facebook.com\/motionfitnesssverige\/","https:\/\/www.instagram.com\/motionfitness.se\/"]}]}},"_links":{"self":[{"href":"https:\/\/motionfitness.se\/no\/wp-json\/wp\/v2\/product\/34049","targetHints":{"allow":["GET"]}}],"collection":[{"href":"https:\/\/motionfitness.se\/no\/wp-json\/wp\/v2\/product"}],"about":[{"href":"https:\/\/motionfitness.se\/no\/wp-json\/wp\/v2\/types\/product"}],"replies":[{"embeddable":true,"href":"https:\/\/motionfitness.se\/no\/wp-json\/wp\/v2\/comments?post=34049"}],"wp:featuredmedia":[{"embeddable":true,"href":"https:\/\/motionfitness.se\/no\/wp-json\/wp\/v2\/media\/34051"}],"wp:attachment":[{"href":"https:\/\/motionfitness.se\/no\/wp-json\/wp\/v2\/media?parent=34049"}],"wp:term":[{"taxonomy":"product_brand","embeddable":true,"href":"https:\/\/motionfitness.se\/no\/wp-json\/wp\/v2\/product_brand?post=34049"},{"taxonomy":"product_cat","embeddable":true,"href":"https:\/\/motionfitness.se\/no\/wp-json\/wp\/v2\/product_cat?post=34049"},{"taxonomy":"product_tag","embeddable":true,"href":"https:\/\/motionfitness.se\/no\/wp-json\/wp\/v2\/product_tag?post=34049"}],"curies":[{"name":"wp","href":"https:\/\/api.w.org\/{rel}","templated":true}]}}