{"id":33237,"date":"2024-12-23T11:55:10","date_gmt":"2024-12-23T10:55:10","guid":{"rendered":"https:\/\/motionfitness.se\/produkter\/abilica-fitness-band-eco-lettvekt\/"},"modified":"2025-11-21T12:29:22","modified_gmt":"2025-11-21T11:29:22","slug":"abilica-fitness-band-eco-lettvekt","status":"publish","type":"product","link":"https:\/\/motionfitness.se\/no\/produkter\/abilica-fitness-band-eco-latt\/","title":{"rendered":"Abilica Fitness Band ECO &#8211; Lettvekt"},"content":{"rendered":"<p><strong>Milj\u00f8vennlig treningsb\u00e5nd i naturgummi.<\/strong><\/p>\n<p>Tren effektivt og b\u00e6rekraftig med Abilica Fitness Band ECO. Dette sandfargede treningsb\u00e5ndet er laget av 100 % naturgummi og er perfekt for deg som vil ta treningen til neste niv\u00e5. Med sin lette styrke er det ideelt for deg som sakte, men sikkert vil begynne \u00e5 bygge opp styrken og bevegeligheten din.  <\/p>\n<p><strong>Fordeler med Abilica Fitness Band ECO:<\/strong><\/p>\n<ul>\n<li><strong>Milj\u00f8vennlig:<\/strong> Laget av 100 % biologisk nedbrytbar naturgummi uten syntetiske materialer.<\/li>\n<li><strong>H\u00f8y kvalitet:<\/strong> Streng kvalitetskontroll sikrer et slitesterkt og p\u00e5litelig treningsb\u00e5nd.<\/li>\n<li><strong>Allsidig:<\/strong> Bruk den til \u00e5 trene rehabilitering av under- og overkropp eller til oppvarming.<\/li>\n<li><strong>Ideell for styrketrening<\/strong>: \u00d8k <strong>styrken<\/strong> og utholdenheten din med effektive \u00f8velser.<\/li>\n<li><strong>Bruksomr\u00e5der:<\/strong> Styrketrening for armer, bein og kjerne. Rehabilitering etter skade. Oppvarming f\u00f8r trenings\u00f8kter. T\u00f8ying og bevegelighetstrening.   <\/li>\n<\/ul>\n<p>Det perfekte gummib\u00e5ndet \u00e5 ha hjemme og p\u00e5 treningssenteret.<\/p>\n","protected":false},"excerpt":{"rendered":"<p>Tren effektivt og b\u00e6rekraftig med Abilica Fitness Band ECO.<br \/>\n<strong>Milj\u00f8vennlig, allergivennlig og 100 % biologisk nedbrytbart<\/strong>.<\/p>\n","protected":false},"featured_media":30296,"comment_status":"open","ping_status":"closed","template":"","meta":{"_acf_changed":false,"_monsterinsights_skip_tracking":false,"_monsterinsights_sitenote_active":false,"_monsterinsights_sitenote_note":"","_monsterinsights_sitenote_category":0},"product_brand":[],"product_cat":[750,683,720],"product_tag":[467],"class_list":{"0":"post-33237","1":"product","2":"type-product","3":"status-publish","4":"has-post-thumbnail","6":"product_cat-abilica-no-varemerker","7":"product_cat-gummistrikk","8":"product_cat-lagersalg-no","9":"product_tag-avhending","11":"first","12":"instock","13":"sale","14":"taxable","15":"shipping-taxable","16":"purchasable","17":"product-type-simple"},"acf":[],"yoast_head":"<!-- This site is optimized with the Yoast SEO plugin v27.4 - https:\/\/yoast.com\/product\/yoast-seo-wordpress\/ -->\n<title>Abilica Fitness Band ECO - Lettvekt | Motion Fitness<\/title>\n<meta name=\"description\" content=\"Dette sandfargede treningsb\u00e5ndet er laget av 100 % naturgummi og er perfekt for deg som vil ta treningen til neste niv\u00e5.\" \/>\n<meta name=\"robots\" content=\"index, follow, max-snippet:-1, max-image-preview:large, max-video-preview:-1\" \/>\n<link rel=\"canonical\" href=\"https:\/\/motionfitness.se\/no\/produkter\/abilica-fitness-band-eco-latt\/\" \/>\n<meta property=\"og:locale\" content=\"nb_NO\" \/>\n<meta property=\"og:type\" content=\"article\" \/>\n<meta property=\"og:title\" content=\"Abilica Fitness Band ECO - Lettvekt | Motion Fitness\" \/>\n<meta property=\"og:description\" content=\"Dette sandfargede treningsb\u00e5ndet er laget av 100 % naturgummi og er perfekt for deg som vil ta treningen til neste niv\u00e5.\" \/>\n<meta property=\"og:url\" content=\"https:\/\/motionfitness.se\/no\/produkter\/abilica-fitness-band-eco-latt\/\" \/>\n<meta property=\"og:site_name\" content=\"Motion Fitness\" \/>\n<meta property=\"article:publisher\" content=\"https:\/\/www.facebook.com\/motionfitnesssverige\/\" \/>\n<meta property=\"article:modified_time\" content=\"2025-11-21T11:29:22+00:00\" \/>\n<meta property=\"og:image\" content=\"https:\/\/motionfitness.se\/wp-content\/uploads\/2024\/12\/Abilica-Fitness-Band-Eco-latt.png\" \/>\n\t<meta property=\"og:image:width\" content=\"938\" \/>\n\t<meta property=\"og:image:height\" content=\"938\" \/>\n\t<meta property=\"og:image:type\" content=\"image\/png\" \/>\n<meta name=\"twitter:card\" content=\"summary_large_image\" \/>\n<meta name=\"twitter:label1\" content=\"Ansl. lesetid\" \/>\n\t<meta name=\"twitter:data1\" content=\"1 minutt\" \/>\n<script type=\"application\/ld+json\" class=\"yoast-schema-graph\">{\"@context\":\"https:\\\/\\\/schema.org\",\"@graph\":[{\"@type\":\"WebPage\",\"@id\":\"https:\\\/\\\/motionfitness.se\\\/no\\\/produkter\\\/abilica-fitness-band-eco-latt\\\/\",\"url\":\"https:\\\/\\\/motionfitness.se\\\/no\\\/produkter\\\/abilica-fitness-band-eco-latt\\\/\",\"name\":\"Abilica Fitness Band ECO - Lettvekt | Motion Fitness\",\"isPartOf\":{\"@id\":\"https:\\\/\\\/motionfitness.se\\\/no\\\/#website\"},\"primaryImageOfPage\":{\"@id\":\"https:\\\/\\\/motionfitness.se\\\/no\\\/produkter\\\/abilica-fitness-band-eco-latt\\\/#primaryimage\"},\"image\":{\"@id\":\"https:\\\/\\\/motionfitness.se\\\/no\\\/produkter\\\/abilica-fitness-band-eco-latt\\\/#primaryimage\"},\"thumbnailUrl\":\"https:\\\/\\\/motionfitness.se\\\/wp-content\\\/uploads\\\/2024\\\/12\\\/Abilica-Fitness-Band-Eco-latt.png\",\"datePublished\":\"2024-12-23T10:55:10+00:00\",\"dateModified\":\"2025-11-21T11:29:22+00:00\",\"description\":\"Dette sandfargede treningsb\u00e5ndet er laget av 100 % naturgummi og er perfekt for deg som vil ta treningen til neste niv\u00e5.\",\"breadcrumb\":{\"@id\":\"https:\\\/\\\/motionfitness.se\\\/no\\\/produkter\\\/abilica-fitness-band-eco-latt\\\/#breadcrumb\"},\"inLanguage\":\"nb-NO\",\"potentialAction\":[{\"@type\":\"ReadAction\",\"target\":[\"https:\\\/\\\/motionfitness.se\\\/no\\\/produkter\\\/abilica-fitness-band-eco-latt\\\/\"]}]},{\"@type\":\"ImageObject\",\"inLanguage\":\"nb-NO\",\"@id\":\"https:\\\/\\\/motionfitness.se\\\/no\\\/produkter\\\/abilica-fitness-band-eco-latt\\\/#primaryimage\",\"url\":\"https:\\\/\\\/motionfitness.se\\\/wp-content\\\/uploads\\\/2024\\\/12\\\/Abilica-Fitness-Band-Eco-latt.png\",\"contentUrl\":\"https:\\\/\\\/motionfitness.se\\\/wp-content\\\/uploads\\\/2024\\\/12\\\/Abilica-Fitness-Band-Eco-latt.png\",\"width\":938,\"height\":938},{\"@type\":\"BreadcrumbList\",\"@id\":\"https:\\\/\\\/motionfitness.se\\\/no\\\/produkter\\\/abilica-fitness-band-eco-latt\\\/#breadcrumb\",\"itemListElement\":[{\"@type\":\"ListItem\",\"position\":1,\"name\":\"Hem\",\"item\":\"https:\\\/\\\/motionfitness.se\\\/no\\\/startside\\\/\"},{\"@type\":\"ListItem\",\"position\":2,\"name\":\"Produkter\",\"item\":\"https:\\\/\\\/motionfitness.se\\\/no\\\/produkter\\\/\"},{\"@type\":\"ListItem\",\"position\":3,\"name\":\"Abilica Fitness Band ECO &#8211; Lettvekt\"}]},{\"@type\":\"WebSite\",\"@id\":\"https:\\\/\\\/motionfitness.se\\\/no\\\/#website\",\"url\":\"https:\\\/\\\/motionfitness.se\\\/no\\\/\",\"name\":\"Motion Fitness\",\"description\":\"Stronger Together\",\"publisher\":{\"@id\":\"https:\\\/\\\/motionfitness.se\\\/no\\\/#organization\"},\"potentialAction\":[{\"@type\":\"SearchAction\",\"target\":{\"@type\":\"EntryPoint\",\"urlTemplate\":\"https:\\\/\\\/motionfitness.se\\\/no\\\/?s={search_term_string}\"},\"query-input\":{\"@type\":\"PropertyValueSpecification\",\"valueRequired\":true,\"valueName\":\"search_term_string\"}}],\"inLanguage\":\"nb-NO\"},{\"@type\":\"Organization\",\"@id\":\"https:\\\/\\\/motionfitness.se\\\/no\\\/#organization\",\"name\":\"Motion Fitness\",\"url\":\"https:\\\/\\\/motionfitness.se\\\/no\\\/\",\"logo\":{\"@type\":\"ImageObject\",\"inLanguage\":\"nb-NO\",\"@id\":\"https:\\\/\\\/motionfitness.se\\\/no\\\/#\\\/schema\\\/logo\\\/image\\\/\",\"url\":\"https:\\\/\\\/motionfitness.se\\\/wp-content\\\/uploads\\\/2024\\\/01\\\/Motion-Fitness-Logol.png\",\"contentUrl\":\"https:\\\/\\\/motionfitness.se\\\/wp-content\\\/uploads\\\/2024\\\/01\\\/Motion-Fitness-Logol.png\",\"width\":1280,\"height\":720,\"caption\":\"Motion Fitness\"},\"image\":{\"@id\":\"https:\\\/\\\/motionfitness.se\\\/no\\\/#\\\/schema\\\/logo\\\/image\\\/\"},\"sameAs\":[\"https:\\\/\\\/www.facebook.com\\\/motionfitnesssverige\\\/\",\"https:\\\/\\\/www.instagram.com\\\/motionfitness.se\\\/\"]}]}<\/script>\n<!-- \/ Yoast SEO plugin. -->","yoast_head_json":{"title":"Abilica Fitness Band ECO - Lettvekt | Motion Fitness","description":"Dette sandfargede treningsb\u00e5ndet er laget av 100 % naturgummi og er perfekt for deg som vil ta treningen til neste niv\u00e5.","robots":{"index":"index","follow":"follow","max-snippet":"max-snippet:-1","max-image-preview":"max-image-preview:large","max-video-preview":"max-video-preview:-1"},"canonical":"https:\/\/motionfitness.se\/no\/produkter\/abilica-fitness-band-eco-latt\/","og_locale":"nb_NO","og_type":"article","og_title":"Abilica Fitness Band ECO - Lettvekt | Motion Fitness","og_description":"Dette sandfargede treningsb\u00e5ndet er laget av 100 % naturgummi og er perfekt for deg som vil ta treningen til neste niv\u00e5.","og_url":"https:\/\/motionfitness.se\/no\/produkter\/abilica-fitness-band-eco-latt\/","og_site_name":"Motion Fitness","article_publisher":"https:\/\/www.facebook.com\/motionfitnesssverige\/","article_modified_time":"2025-11-21T11:29:22+00:00","og_image":[{"width":938,"height":938,"url":"https:\/\/motionfitness.se\/wp-content\/uploads\/2024\/12\/Abilica-Fitness-Band-Eco-latt.png","type":"image\/png"}],"twitter_card":"summary_large_image","twitter_misc":{"Ansl. lesetid":"1 minutt"},"schema":{"@context":"https:\/\/schema.org","@graph":[{"@type":"WebPage","@id":"https:\/\/motionfitness.se\/no\/produkter\/abilica-fitness-band-eco-latt\/","url":"https:\/\/motionfitness.se\/no\/produkter\/abilica-fitness-band-eco-latt\/","name":"Abilica Fitness Band ECO - Lettvekt | Motion Fitness","isPartOf":{"@id":"https:\/\/motionfitness.se\/no\/#website"},"primaryImageOfPage":{"@id":"https:\/\/motionfitness.se\/no\/produkter\/abilica-fitness-band-eco-latt\/#primaryimage"},"image":{"@id":"https:\/\/motionfitness.se\/no\/produkter\/abilica-fitness-band-eco-latt\/#primaryimage"},"thumbnailUrl":"https:\/\/motionfitness.se\/wp-content\/uploads\/2024\/12\/Abilica-Fitness-Band-Eco-latt.png","datePublished":"2024-12-23T10:55:10+00:00","dateModified":"2025-11-21T11:29:22+00:00","description":"Dette sandfargede treningsb\u00e5ndet er laget av 100 % naturgummi og er perfekt for deg som vil ta treningen til neste niv\u00e5.","breadcrumb":{"@id":"https:\/\/motionfitness.se\/no\/produkter\/abilica-fitness-band-eco-latt\/#breadcrumb"},"inLanguage":"nb-NO","potentialAction":[{"@type":"ReadAction","target":["https:\/\/motionfitness.se\/no\/produkter\/abilica-fitness-band-eco-latt\/"]}]},{"@type":"ImageObject","inLanguage":"nb-NO","@id":"https:\/\/motionfitness.se\/no\/produkter\/abilica-fitness-band-eco-latt\/#primaryimage","url":"https:\/\/motionfitness.se\/wp-content\/uploads\/2024\/12\/Abilica-Fitness-Band-Eco-latt.png","contentUrl":"https:\/\/motionfitness.se\/wp-content\/uploads\/2024\/12\/Abilica-Fitness-Band-Eco-latt.png","width":938,"height":938},{"@type":"BreadcrumbList","@id":"https:\/\/motionfitness.se\/no\/produkter\/abilica-fitness-band-eco-latt\/#breadcrumb","itemListElement":[{"@type":"ListItem","position":1,"name":"Hem","item":"https:\/\/motionfitness.se\/no\/startside\/"},{"@type":"ListItem","position":2,"name":"Produkter","item":"https:\/\/motionfitness.se\/no\/produkter\/"},{"@type":"ListItem","position":3,"name":"Abilica Fitness Band ECO &#8211; Lettvekt"}]},{"@type":"WebSite","@id":"https:\/\/motionfitness.se\/no\/#website","url":"https:\/\/motionfitness.se\/no\/","name":"Motion Fitness","description":"Stronger Together","publisher":{"@id":"https:\/\/motionfitness.se\/no\/#organization"},"potentialAction":[{"@type":"SearchAction","target":{"@type":"EntryPoint","urlTemplate":"https:\/\/motionfitness.se\/no\/?s={search_term_string}"},"query-input":{"@type":"PropertyValueSpecification","valueRequired":true,"valueName":"search_term_string"}}],"inLanguage":"nb-NO"},{"@type":"Organization","@id":"https:\/\/motionfitness.se\/no\/#organization","name":"Motion Fitness","url":"https:\/\/motionfitness.se\/no\/","logo":{"@type":"ImageObject","inLanguage":"nb-NO","@id":"https:\/\/motionfitness.se\/no\/#\/schema\/logo\/image\/","url":"https:\/\/motionfitness.se\/wp-content\/uploads\/2024\/01\/Motion-Fitness-Logol.png","contentUrl":"https:\/\/motionfitness.se\/wp-content\/uploads\/2024\/01\/Motion-Fitness-Logol.png","width":1280,"height":720,"caption":"Motion Fitness"},"image":{"@id":"https:\/\/motionfitness.se\/no\/#\/schema\/logo\/image\/"},"sameAs":["https:\/\/www.facebook.com\/motionfitnesssverige\/","https:\/\/www.instagram.com\/motionfitness.se\/"]}]}},"_links":{"self":[{"href":"https:\/\/motionfitness.se\/no\/wp-json\/wp\/v2\/product\/33237","targetHints":{"allow":["GET"]}}],"collection":[{"href":"https:\/\/motionfitness.se\/no\/wp-json\/wp\/v2\/product"}],"about":[{"href":"https:\/\/motionfitness.se\/no\/wp-json\/wp\/v2\/types\/product"}],"replies":[{"embeddable":true,"href":"https:\/\/motionfitness.se\/no\/wp-json\/wp\/v2\/comments?post=33237"}],"wp:featuredmedia":[{"embeddable":true,"href":"https:\/\/motionfitness.se\/no\/wp-json\/wp\/v2\/media\/30296"}],"wp:attachment":[{"href":"https:\/\/motionfitness.se\/no\/wp-json\/wp\/v2\/media?parent=33237"}],"wp:term":[{"taxonomy":"product_brand","embeddable":true,"href":"https:\/\/motionfitness.se\/no\/wp-json\/wp\/v2\/product_brand?post=33237"},{"taxonomy":"product_cat","embeddable":true,"href":"https:\/\/motionfitness.se\/no\/wp-json\/wp\/v2\/product_cat?post=33237"},{"taxonomy":"product_tag","embeddable":true,"href":"https:\/\/motionfitness.se\/no\/wp-json\/wp\/v2\/product_tag?post=33237"}],"curies":[{"name":"wp","href":"https:\/\/api.w.org\/{rel}","templated":true}]}}