{"id":33236,"date":"2024-12-05T17:10:07","date_gmt":"2024-12-05T16:10:07","guid":{"rendered":"https:\/\/motionfitness.se\/produkter\/luftski-med-gulvstativ\/"},"modified":"2025-11-18T16:08:24","modified_gmt":"2025-11-18T15:08:24","slug":"luftski-med-gulvstativ","status":"publish","type":"product","link":"https:\/\/motionfitness.se\/no\/produkter\/luftski-med-gulvstativ\/","title":{"rendered":"Luftski med gulvstativ"},"content":{"rendered":"<p data-sourcepos=\"1:1-1:93\"><strong>Motion Fitness Air Ski &#8211; din ultimate treningspartner for eksplosiv styrke og utholdenhet!<\/strong><\/p>\n<p data-sourcepos=\"3:1-3:146\">Er du p\u00e5 utkikk etter et allsidig og effektivt treningsapparat som gir deg en komplett trenings\u00f8kt? Da er Motion Fitness Air Ski det perfekte valget for deg! <\/p>\n<p data-sourcepos=\"5:1-5:28\"><strong>For alle niv\u00e5er og m\u00e5l:<\/strong><\/p>\n<p data-sourcepos=\"7:1-7:219\">Enten du er en erfaren langrennsl\u00f8per som \u00f8nsker \u00e5 finpusse formen for sesongen, en HYROX-ut\u00f8ver p\u00e5 jakt etter en ny utfordring eller en idrettsut\u00f8ver som \u00f8nsker \u00e5 komme i toppform, gir Air Ski resultater. Den er perfekt for: <\/p>\n<ul data-sourcepos=\"9:1-13:0\">\n<li data-sourcepos=\"9:1-9:114\"><strong>Kardio- og utholdenhetstrening:<\/strong> Bygg opp en sterk kondisjon og utholdenhet med dynamiske trenings\u00f8kter.<\/li>\n<li data-sourcepos=\"10:1-10:65\"><strong>Styrketrening: Styrke<\/strong> bena, armene og kjernemuskulaturen med hvert eneste sv\u00f8mmetak.<\/li>\n<li data-sourcepos=\"11:1-11:114\"><strong>Eksplosivitet og kraft:<\/strong> Utvikler eksplosiv styrke og hurtighet, ideelt for idrettsut\u00f8vere og funksjonell trening.<\/li>\n<li data-sourcepos=\"12:1-13:0\"><strong>Rehabilitering:<\/strong> Oppbygging av styrke og bevegelighet p\u00e5 en sk\u00e5nsom m\u00e5te.<\/li>\n<\/ul>\n<p data-sourcepos=\"14:1-14:25\"><strong>Allsidighet i fokus:<\/strong><\/p>\n<p data-sourcepos=\"16:1-16:186\">Air Ski er ikke bare en stavmaskin &#8211; det er en komplett treningsstasjon! Kombiner med kettlebells, manualer og annet utstyr for \u00e5 skape intense HIIT-trenings\u00f8kter som utfordrer hele kroppen. <\/p>\n<p data-sourcepos=\"18:1-18:40\"><strong>Fordeler med Motion Fitness Air Ski:<\/strong><\/p>\n<ul data-sourcepos=\"20:1-25:0\">\n<li data-sourcepos=\"20:1-20:103\"><strong>Luftmotstand:<\/strong> Gir en naturlig og utfordrende treningsopplevelse som tilpasser seg kraften din.<\/li>\n<li data-sourcepos=\"21:1-21:74\">Stabilt <strong>gulvstativ:<\/strong> S\u00f8rger for stabilitet og sikkerhet under trening.<\/li>\n<li data-sourcepos=\"22:1-22:80\"><strong>Kompakt design:<\/strong> tar minimalt med plass og passer perfekt i hjemmetreningsstudioet.<\/li>\n<li data-sourcepos=\"23:1-25:0\"><strong>H\u00f8y kvalitet:<\/strong> Bygget for \u00e5 vare og t\u00e5le t\u00f8ffe trenings\u00f8kter.<\/li>\n<\/ul>\n<p data-sourcepos=\"26:1-26:62\"><strong>Ta treningen din til neste niv\u00e5 med Motion Fitness Air Ski!<\/strong><\/p>\n","protected":false},"excerpt":{"rendered":"<p>Er du p\u00e5 utkikk etter et allsidig og effektivt treningsapparat som gir deg en komplett trenings\u00f8kt? Da er Motion Fitness Air Ski det perfekte valget for deg! <\/p>\n","protected":false},"featured_media":24113,"comment_status":"open","ping_status":"closed","template":"","meta":{"_acf_changed":false,"_monsterinsights_skip_tracking":false,"_monsterinsights_sitenote_active":false,"_monsterinsights_sitenote_note":"","_monsterinsights_sitenote_category":0},"product_brand":[],"product_cat":[720,440,717],"product_tag":[795],"class_list":{"0":"post-33236","1":"product","2":"type-product","3":"status-publish","4":"has-post-thumbnail","6":"product_cat-lagersalg-no","7":"product_cat-motion-fitness-no","8":"product_cat-stakemaskin-no","9":"product_tag-veldig-god-valuta-for-pengene","11":"first","12":"outofstock","13":"taxable","14":"shipping-taxable","15":"purchasable","16":"product-type-simple"},"acf":[],"yoast_head":"<!-- This site is optimized with the Yoast SEO plugin v27.4 - https:\/\/yoast.com\/product\/yoast-seo-wordpress\/ -->\n<title>Luftski med gulvstativ (tren teknikk og styrke) - Motionfitness<\/title>\n<meta name=\"description\" content=\"Air Ski med gulvstativ gir deg en frittst\u00e5ende stavmaskin som er enkel \u00e5 bruke og plassere. Ideell for hjemmet eller treningssenteret uten veggfester.\" \/>\n<meta name=\"robots\" content=\"index, follow, max-snippet:-1, max-image-preview:large, max-video-preview:-1\" \/>\n<link rel=\"canonical\" href=\"https:\/\/motionfitness.se\/no\/produkter\/luftski-med-gulvstativ\/\" \/>\n<meta property=\"og:locale\" content=\"nb_NO\" \/>\n<meta property=\"og:type\" content=\"article\" \/>\n<meta property=\"og:title\" content=\"Luftski med gulvstativ (tren teknikk og styrke) - Motionfitness\" \/>\n<meta property=\"og:description\" content=\"Air Ski med gulvstativ gir deg en frittst\u00e5ende stavmaskin som er enkel \u00e5 bruke og plassere. Ideell for hjemmet eller treningssenteret uten veggfester.\" \/>\n<meta property=\"og:url\" content=\"https:\/\/motionfitness.se\/no\/produkter\/luftski-med-gulvstativ\/\" \/>\n<meta property=\"og:site_name\" content=\"Motion Fitness\" \/>\n<meta property=\"article:publisher\" content=\"https:\/\/www.facebook.com\/motionfitnesssverige\/\" \/>\n<meta property=\"article:modified_time\" content=\"2025-11-18T15:08:24+00:00\" \/>\n<meta property=\"og:image\" content=\"https:\/\/motionfitness.se\/wp-content\/uploads\/2024\/04\/Air-Ski-45-grades-vinkel.png\" \/>\n\t<meta property=\"og:image:width\" content=\"1080\" \/>\n\t<meta property=\"og:image:height\" content=\"1080\" \/>\n\t<meta property=\"og:image:type\" content=\"image\/png\" \/>\n<meta name=\"twitter:card\" content=\"summary_large_image\" \/>\n<meta name=\"twitter:label1\" content=\"Ansl. lesetid\" \/>\n\t<meta name=\"twitter:data1\" content=\"1 minutt\" \/>\n<script type=\"application\/ld+json\" class=\"yoast-schema-graph\">{\"@context\":\"https:\\\/\\\/schema.org\",\"@graph\":[{\"@type\":\"WebPage\",\"@id\":\"https:\\\/\\\/motionfitness.se\\\/no\\\/produkter\\\/luftski-med-gulvstativ\\\/\",\"url\":\"https:\\\/\\\/motionfitness.se\\\/no\\\/produkter\\\/luftski-med-gulvstativ\\\/\",\"name\":\"Luftski med gulvstativ (tren teknikk og styrke) - Motionfitness\",\"isPartOf\":{\"@id\":\"https:\\\/\\\/motionfitness.se\\\/no\\\/#website\"},\"primaryImageOfPage\":{\"@id\":\"https:\\\/\\\/motionfitness.se\\\/no\\\/produkter\\\/luftski-med-gulvstativ\\\/#primaryimage\"},\"image\":{\"@id\":\"https:\\\/\\\/motionfitness.se\\\/no\\\/produkter\\\/luftski-med-gulvstativ\\\/#primaryimage\"},\"thumbnailUrl\":\"https:\\\/\\\/motionfitness.se\\\/wp-content\\\/uploads\\\/2024\\\/04\\\/Air-Ski-45-grades-vinkel.png\",\"datePublished\":\"2024-12-05T16:10:07+00:00\",\"dateModified\":\"2025-11-18T15:08:24+00:00\",\"description\":\"Air Ski med gulvstativ gir deg en frittst\u00e5ende stavmaskin som er enkel \u00e5 bruke og plassere. Ideell for hjemmet eller treningssenteret uten veggfester.\",\"breadcrumb\":{\"@id\":\"https:\\\/\\\/motionfitness.se\\\/no\\\/produkter\\\/luftski-med-gulvstativ\\\/#breadcrumb\"},\"inLanguage\":\"nb-NO\",\"potentialAction\":[{\"@type\":\"ReadAction\",\"target\":[\"https:\\\/\\\/motionfitness.se\\\/no\\\/produkter\\\/luftski-med-gulvstativ\\\/\"]}]},{\"@type\":\"ImageObject\",\"inLanguage\":\"nb-NO\",\"@id\":\"https:\\\/\\\/motionfitness.se\\\/no\\\/produkter\\\/luftski-med-gulvstativ\\\/#primaryimage\",\"url\":\"https:\\\/\\\/motionfitness.se\\\/wp-content\\\/uploads\\\/2024\\\/04\\\/Air-Ski-45-grades-vinkel.png\",\"contentUrl\":\"https:\\\/\\\/motionfitness.se\\\/wp-content\\\/uploads\\\/2024\\\/04\\\/Air-Ski-45-grades-vinkel.png\",\"width\":1080,\"height\":1080},{\"@type\":\"BreadcrumbList\",\"@id\":\"https:\\\/\\\/motionfitness.se\\\/no\\\/produkter\\\/luftski-med-gulvstativ\\\/#breadcrumb\",\"itemListElement\":[{\"@type\":\"ListItem\",\"position\":1,\"name\":\"Hem\",\"item\":\"https:\\\/\\\/motionfitness.se\\\/no\\\/startside\\\/\"},{\"@type\":\"ListItem\",\"position\":2,\"name\":\"Produkter\",\"item\":\"https:\\\/\\\/motionfitness.se\\\/no\\\/produkter\\\/\"},{\"@type\":\"ListItem\",\"position\":3,\"name\":\"Luftski med gulvstativ\"}]},{\"@type\":\"WebSite\",\"@id\":\"https:\\\/\\\/motionfitness.se\\\/no\\\/#website\",\"url\":\"https:\\\/\\\/motionfitness.se\\\/no\\\/\",\"name\":\"Motion Fitness\",\"description\":\"Stronger Together\",\"publisher\":{\"@id\":\"https:\\\/\\\/motionfitness.se\\\/no\\\/#organization\"},\"potentialAction\":[{\"@type\":\"SearchAction\",\"target\":{\"@type\":\"EntryPoint\",\"urlTemplate\":\"https:\\\/\\\/motionfitness.se\\\/no\\\/?s={search_term_string}\"},\"query-input\":{\"@type\":\"PropertyValueSpecification\",\"valueRequired\":true,\"valueName\":\"search_term_string\"}}],\"inLanguage\":\"nb-NO\"},{\"@type\":\"Organization\",\"@id\":\"https:\\\/\\\/motionfitness.se\\\/no\\\/#organization\",\"name\":\"Motion Fitness\",\"url\":\"https:\\\/\\\/motionfitness.se\\\/no\\\/\",\"logo\":{\"@type\":\"ImageObject\",\"inLanguage\":\"nb-NO\",\"@id\":\"https:\\\/\\\/motionfitness.se\\\/no\\\/#\\\/schema\\\/logo\\\/image\\\/\",\"url\":\"https:\\\/\\\/motionfitness.se\\\/wp-content\\\/uploads\\\/2024\\\/01\\\/Motion-Fitness-Logol.png\",\"contentUrl\":\"https:\\\/\\\/motionfitness.se\\\/wp-content\\\/uploads\\\/2024\\\/01\\\/Motion-Fitness-Logol.png\",\"width\":1280,\"height\":720,\"caption\":\"Motion Fitness\"},\"image\":{\"@id\":\"https:\\\/\\\/motionfitness.se\\\/no\\\/#\\\/schema\\\/logo\\\/image\\\/\"},\"sameAs\":[\"https:\\\/\\\/www.facebook.com\\\/motionfitnesssverige\\\/\",\"https:\\\/\\\/www.instagram.com\\\/motionfitness.se\\\/\"]}]}<\/script>\n<!-- \/ Yoast SEO plugin. -->","yoast_head_json":{"title":"Luftski med gulvstativ (tren teknikk og styrke) - Motionfitness","description":"Air Ski med gulvstativ gir deg en frittst\u00e5ende stavmaskin som er enkel \u00e5 bruke og plassere. Ideell for hjemmet eller treningssenteret uten veggfester.","robots":{"index":"index","follow":"follow","max-snippet":"max-snippet:-1","max-image-preview":"max-image-preview:large","max-video-preview":"max-video-preview:-1"},"canonical":"https:\/\/motionfitness.se\/no\/produkter\/luftski-med-gulvstativ\/","og_locale":"nb_NO","og_type":"article","og_title":"Luftski med gulvstativ (tren teknikk og styrke) - Motionfitness","og_description":"Air Ski med gulvstativ gir deg en frittst\u00e5ende stavmaskin som er enkel \u00e5 bruke og plassere. Ideell for hjemmet eller treningssenteret uten veggfester.","og_url":"https:\/\/motionfitness.se\/no\/produkter\/luftski-med-gulvstativ\/","og_site_name":"Motion Fitness","article_publisher":"https:\/\/www.facebook.com\/motionfitnesssverige\/","article_modified_time":"2025-11-18T15:08:24+00:00","og_image":[{"width":1080,"height":1080,"url":"https:\/\/motionfitness.se\/wp-content\/uploads\/2024\/04\/Air-Ski-45-grades-vinkel.png","type":"image\/png"}],"twitter_card":"summary_large_image","twitter_misc":{"Ansl. lesetid":"1 minutt"},"schema":{"@context":"https:\/\/schema.org","@graph":[{"@type":"WebPage","@id":"https:\/\/motionfitness.se\/no\/produkter\/luftski-med-gulvstativ\/","url":"https:\/\/motionfitness.se\/no\/produkter\/luftski-med-gulvstativ\/","name":"Luftski med gulvstativ (tren teknikk og styrke) - Motionfitness","isPartOf":{"@id":"https:\/\/motionfitness.se\/no\/#website"},"primaryImageOfPage":{"@id":"https:\/\/motionfitness.se\/no\/produkter\/luftski-med-gulvstativ\/#primaryimage"},"image":{"@id":"https:\/\/motionfitness.se\/no\/produkter\/luftski-med-gulvstativ\/#primaryimage"},"thumbnailUrl":"https:\/\/motionfitness.se\/wp-content\/uploads\/2024\/04\/Air-Ski-45-grades-vinkel.png","datePublished":"2024-12-05T16:10:07+00:00","dateModified":"2025-11-18T15:08:24+00:00","description":"Air Ski med gulvstativ gir deg en frittst\u00e5ende stavmaskin som er enkel \u00e5 bruke og plassere. Ideell for hjemmet eller treningssenteret uten veggfester.","breadcrumb":{"@id":"https:\/\/motionfitness.se\/no\/produkter\/luftski-med-gulvstativ\/#breadcrumb"},"inLanguage":"nb-NO","potentialAction":[{"@type":"ReadAction","target":["https:\/\/motionfitness.se\/no\/produkter\/luftski-med-gulvstativ\/"]}]},{"@type":"ImageObject","inLanguage":"nb-NO","@id":"https:\/\/motionfitness.se\/no\/produkter\/luftski-med-gulvstativ\/#primaryimage","url":"https:\/\/motionfitness.se\/wp-content\/uploads\/2024\/04\/Air-Ski-45-grades-vinkel.png","contentUrl":"https:\/\/motionfitness.se\/wp-content\/uploads\/2024\/04\/Air-Ski-45-grades-vinkel.png","width":1080,"height":1080},{"@type":"BreadcrumbList","@id":"https:\/\/motionfitness.se\/no\/produkter\/luftski-med-gulvstativ\/#breadcrumb","itemListElement":[{"@type":"ListItem","position":1,"name":"Hem","item":"https:\/\/motionfitness.se\/no\/startside\/"},{"@type":"ListItem","position":2,"name":"Produkter","item":"https:\/\/motionfitness.se\/no\/produkter\/"},{"@type":"ListItem","position":3,"name":"Luftski med gulvstativ"}]},{"@type":"WebSite","@id":"https:\/\/motionfitness.se\/no\/#website","url":"https:\/\/motionfitness.se\/no\/","name":"Motion Fitness","description":"Stronger Together","publisher":{"@id":"https:\/\/motionfitness.se\/no\/#organization"},"potentialAction":[{"@type":"SearchAction","target":{"@type":"EntryPoint","urlTemplate":"https:\/\/motionfitness.se\/no\/?s={search_term_string}"},"query-input":{"@type":"PropertyValueSpecification","valueRequired":true,"valueName":"search_term_string"}}],"inLanguage":"nb-NO"},{"@type":"Organization","@id":"https:\/\/motionfitness.se\/no\/#organization","name":"Motion Fitness","url":"https:\/\/motionfitness.se\/no\/","logo":{"@type":"ImageObject","inLanguage":"nb-NO","@id":"https:\/\/motionfitness.se\/no\/#\/schema\/logo\/image\/","url":"https:\/\/motionfitness.se\/wp-content\/uploads\/2024\/01\/Motion-Fitness-Logol.png","contentUrl":"https:\/\/motionfitness.se\/wp-content\/uploads\/2024\/01\/Motion-Fitness-Logol.png","width":1280,"height":720,"caption":"Motion Fitness"},"image":{"@id":"https:\/\/motionfitness.se\/no\/#\/schema\/logo\/image\/"},"sameAs":["https:\/\/www.facebook.com\/motionfitnesssverige\/","https:\/\/www.instagram.com\/motionfitness.se\/"]}]}},"_links":{"self":[{"href":"https:\/\/motionfitness.se\/no\/wp-json\/wp\/v2\/product\/33236","targetHints":{"allow":["GET"]}}],"collection":[{"href":"https:\/\/motionfitness.se\/no\/wp-json\/wp\/v2\/product"}],"about":[{"href":"https:\/\/motionfitness.se\/no\/wp-json\/wp\/v2\/types\/product"}],"replies":[{"embeddable":true,"href":"https:\/\/motionfitness.se\/no\/wp-json\/wp\/v2\/comments?post=33236"}],"wp:featuredmedia":[{"embeddable":true,"href":"https:\/\/motionfitness.se\/no\/wp-json\/wp\/v2\/media\/24113"}],"wp:attachment":[{"href":"https:\/\/motionfitness.se\/no\/wp-json\/wp\/v2\/media?parent=33236"}],"wp:term":[{"taxonomy":"product_brand","embeddable":true,"href":"https:\/\/motionfitness.se\/no\/wp-json\/wp\/v2\/product_brand?post=33236"},{"taxonomy":"product_cat","embeddable":true,"href":"https:\/\/motionfitness.se\/no\/wp-json\/wp\/v2\/product_cat?post=33236"},{"taxonomy":"product_tag","embeddable":true,"href":"https:\/\/motionfitness.se\/no\/wp-json\/wp\/v2\/product_tag?post=33236"}],"curies":[{"name":"wp","href":"https:\/\/api.w.org\/{rel}","templated":true}]}}