{"id":33230,"date":"2025-02-10T12:45:09","date_gmt":"2025-02-10T11:45:09","guid":{"rendered":"https:\/\/motionfitness.se\/produkter\/rossopuro-bike-touch\/"},"modified":"2026-01-20T15:10:45","modified_gmt":"2026-01-20T14:10:45","slug":"rossopuro-bike-touch","status":"publish","type":"product","link":"https:\/\/motionfitness.se\/no\/produkter\/sykkel-rossopuro-touch\/","title":{"rendered":"Rossopuro Bike Touch"},"content":{"rendered":"<p data-sourcepos=\"1:1-1:71\"><strong>Italiensk design m\u00f8ter h\u00f8yteknologisk oppl\u00e6ring<\/strong><\/p>\n<p data-sourcepos=\"3:1-3:202\"><strong>Opplev treningsglede p\u00e5 et helt nytt niv\u00e5 med ROSSOPURO BIKE TOUCH!<\/strong>  Denne vertikale ergometersykkelen er 100 % designet og produsert i Italia, med fokus p\u00e5 stilig design, komfort og innovativ teknologi.<\/p>\n<p data-sourcepos=\"5:1-5:173\"><strong>Kompakt og funksjonell:<\/strong> ROSSOPURO BIKE TOUCH har en kompakt design som passer perfekt inn i ethvert treningsmilj\u00f8. Den er utstyrt med en rekke smarte funksjoner, inkludert: <\/p>\n<ul data-sourcepos=\"7:1-10:0\">\n<li data-sourcepos=\"7:1-7:143\"><strong>21,5&#8243; HD-skjerm:<\/strong> Den store og tydelige skjermen gir deg en oppslukende treningsopplevelse med krystallklar grafikk og enkel navigering.<\/li>\n<li data-sourcepos=\"8:1-8:76\"><strong>Integrert vannflaskeholder: Hold<\/strong> deg hydrert under trenings\u00f8kten.<\/li>\n<li data-sourcepos=\"9:1-10:0\"><strong>LED-signalsystem:<\/strong> viser om sykkelen er ledig eller opptatt, noe som gj\u00f8r det enklere i et travelt treningsmilj\u00f8.<\/li>\n<\/ul>\n<p data-sourcepos=\"11:1-11:34\"><strong>Innovativt brukergrensesnitt:<\/strong><\/p>\n<p data-sourcepos=\"13:1-13:87\">Ergometersykkelen har et brukervennlig grensesnitt med avanserte funksjoner, inkludert<\/p>\n<ul data-sourcepos=\"15:1-17:0\">\n<li data-sourcepos=\"15:1-15:97\"><strong>Personlige utfordringer:<\/strong> Lag skreddersydde turer og konkurrer mot andre brukere i treningsstudioet.<\/li>\n<li data-sourcepos=\"16:1-17:0\"><strong>Varierte treningsprogrammer:<\/strong> Velg mellom en rekke ulike programmer for \u00e5 n\u00e5 dine treningsm\u00e5l.<\/li>\n<\/ul>\n<p data-sourcepos=\"18:1-18:25\"><strong>Komfort og ergonomi:<\/strong><\/p>\n<ul data-sourcepos=\"20:1-22:0\">\n<li data-sourcepos=\"20:1-20:93\"><strong>Justerbart sete:<\/strong> Setet kan justeres i 13 ulike posisjoner for \u00e5 passe alle brukere.<\/li>\n<li data-sourcepos=\"21:1-22:0\">H\u00e5ndtak med <strong>flere grep:<\/strong> Det myke h\u00e5ndtaket med innebygde pulssensorer gir et komfortabelt og ergonomisk grep.<\/li>\n<\/ul>\n<p data-sourcepos=\"23:1-23:152\"><strong>ROSSOPURO BIKE TOUCH er det perfekte valget for deg som er ute etter en innovativ treningssykkel av h\u00f8y kvalitet med italiensk design og avansert teknologi.<\/strong><\/p>\n<p data-sourcepos=\"26:1-26:181\">\n","protected":false},"excerpt":{"rendered":"<p>ROSSOPURO BIKE TOUCH er det perfekte valget for deg som er ute etter en innovativ treningssykkel av h\u00f8y kvalitet med italiensk design og avansert teknologi.<\/p>\n","protected":false},"featured_media":31251,"comment_status":"open","ping_status":"closed","template":"","meta":{"_acf_changed":false,"_monsterinsights_skip_tracking":false,"_monsterinsights_sitenote_active":false,"_monsterinsights_sitenote_note":"","_monsterinsights_sitenote_category":0},"product_brand":[],"product_cat":[441,476],"product_tag":[791],"class_list":{"0":"post-33230","1":"product","2":"type-product","3":"status-publish","4":"has-post-thumbnail","6":"product_cat-panatta-no","7":"product_cat-sykler","8":"product_tag-nytt-produkt","10":"first","11":"instock","12":"taxable","13":"shipping-taxable","14":"purchasable","15":"product-type-simple"},"acf":[],"yoast_head":"<!-- This site is optimized with the Yoast SEO plugin v27.4 - https:\/\/yoast.com\/product\/yoast-seo-wordpress\/ -->\n<title>Rossopuro Bike Touch | Motion Fitness<\/title>\n<meta name=\"description\" content=\"Denne vertikale ergometersykkelen er 100 % designet og produsert i Italia, med fokus p\u00e5 stilig design, komfort og innovativ teknologi.\" \/>\n<meta name=\"robots\" content=\"index, follow, max-snippet:-1, max-image-preview:large, max-video-preview:-1\" \/>\n<link rel=\"canonical\" href=\"https:\/\/motionfitness.se\/no\/produkter\/sykkel-rossopuro-touch\/\" \/>\n<meta property=\"og:locale\" content=\"nb_NO\" \/>\n<meta property=\"og:type\" content=\"article\" \/>\n<meta property=\"og:title\" content=\"Rossopuro Bike Touch | Motion Fitness\" \/>\n<meta property=\"og:description\" content=\"Denne vertikale ergometersykkelen er 100 % designet og produsert i Italia, med fokus p\u00e5 stilig design, komfort og innovativ teknologi.\" \/>\n<meta property=\"og:url\" content=\"https:\/\/motionfitness.se\/no\/produkter\/sykkel-rossopuro-touch\/\" \/>\n<meta property=\"og:site_name\" content=\"Motion Fitness\" \/>\n<meta property=\"article:publisher\" content=\"https:\/\/www.facebook.com\/motionfitnesssverige\/\" \/>\n<meta property=\"article:modified_time\" content=\"2026-01-20T14:10:45+00:00\" \/>\n<meta property=\"og:image\" content=\"https:\/\/motionfitness.se\/wp-content\/uploads\/2025\/02\/80-cm-15-1.png\" \/>\n\t<meta property=\"og:image:width\" content=\"1080\" \/>\n\t<meta property=\"og:image:height\" content=\"1080\" \/>\n\t<meta property=\"og:image:type\" content=\"image\/png\" \/>\n<meta name=\"twitter:card\" content=\"summary_large_image\" \/>\n<meta name=\"twitter:label1\" content=\"Ansl. lesetid\" \/>\n\t<meta name=\"twitter:data1\" content=\"1 minutt\" \/>\n<script type=\"application\/ld+json\" class=\"yoast-schema-graph\">{\"@context\":\"https:\\\/\\\/schema.org\",\"@graph\":[{\"@type\":\"WebPage\",\"@id\":\"https:\\\/\\\/motionfitness.se\\\/no\\\/produkter\\\/sykkel-rossopuro-touch\\\/\",\"url\":\"https:\\\/\\\/motionfitness.se\\\/no\\\/produkter\\\/sykkel-rossopuro-touch\\\/\",\"name\":\"Rossopuro Bike Touch | Motion Fitness\",\"isPartOf\":{\"@id\":\"https:\\\/\\\/motionfitness.se\\\/no\\\/#website\"},\"primaryImageOfPage\":{\"@id\":\"https:\\\/\\\/motionfitness.se\\\/no\\\/produkter\\\/sykkel-rossopuro-touch\\\/#primaryimage\"},\"image\":{\"@id\":\"https:\\\/\\\/motionfitness.se\\\/no\\\/produkter\\\/sykkel-rossopuro-touch\\\/#primaryimage\"},\"thumbnailUrl\":\"https:\\\/\\\/motionfitness.se\\\/wp-content\\\/uploads\\\/2025\\\/02\\\/80-cm-15-1.png\",\"datePublished\":\"2025-02-10T11:45:09+00:00\",\"dateModified\":\"2026-01-20T14:10:45+00:00\",\"description\":\"Denne vertikale ergometersykkelen er 100 % designet og produsert i Italia, med fokus p\u00e5 stilig design, komfort og innovativ teknologi.\",\"breadcrumb\":{\"@id\":\"https:\\\/\\\/motionfitness.se\\\/no\\\/produkter\\\/sykkel-rossopuro-touch\\\/#breadcrumb\"},\"inLanguage\":\"nb-NO\",\"potentialAction\":[{\"@type\":\"ReadAction\",\"target\":[\"https:\\\/\\\/motionfitness.se\\\/no\\\/produkter\\\/sykkel-rossopuro-touch\\\/\"]}]},{\"@type\":\"ImageObject\",\"inLanguage\":\"nb-NO\",\"@id\":\"https:\\\/\\\/motionfitness.se\\\/no\\\/produkter\\\/sykkel-rossopuro-touch\\\/#primaryimage\",\"url\":\"https:\\\/\\\/motionfitness.se\\\/wp-content\\\/uploads\\\/2025\\\/02\\\/80-cm-15-1.png\",\"contentUrl\":\"https:\\\/\\\/motionfitness.se\\\/wp-content\\\/uploads\\\/2025\\\/02\\\/80-cm-15-1.png\",\"width\":1080,\"height\":1080,\"caption\":\"Motion Fitness Rossopuro Bike Touch\"},{\"@type\":\"BreadcrumbList\",\"@id\":\"https:\\\/\\\/motionfitness.se\\\/no\\\/produkter\\\/sykkel-rossopuro-touch\\\/#breadcrumb\",\"itemListElement\":[{\"@type\":\"ListItem\",\"position\":1,\"name\":\"Hem\",\"item\":\"https:\\\/\\\/motionfitness.se\\\/no\\\/startside\\\/\"},{\"@type\":\"ListItem\",\"position\":2,\"name\":\"Produkter\",\"item\":\"https:\\\/\\\/motionfitness.se\\\/no\\\/produkter\\\/\"},{\"@type\":\"ListItem\",\"position\":3,\"name\":\"Rossopuro Bike Touch\"}]},{\"@type\":\"WebSite\",\"@id\":\"https:\\\/\\\/motionfitness.se\\\/no\\\/#website\",\"url\":\"https:\\\/\\\/motionfitness.se\\\/no\\\/\",\"name\":\"Motion Fitness\",\"description\":\"Stronger Together\",\"publisher\":{\"@id\":\"https:\\\/\\\/motionfitness.se\\\/no\\\/#organization\"},\"potentialAction\":[{\"@type\":\"SearchAction\",\"target\":{\"@type\":\"EntryPoint\",\"urlTemplate\":\"https:\\\/\\\/motionfitness.se\\\/no\\\/?s={search_term_string}\"},\"query-input\":{\"@type\":\"PropertyValueSpecification\",\"valueRequired\":true,\"valueName\":\"search_term_string\"}}],\"inLanguage\":\"nb-NO\"},{\"@type\":\"Organization\",\"@id\":\"https:\\\/\\\/motionfitness.se\\\/no\\\/#organization\",\"name\":\"Motion Fitness\",\"url\":\"https:\\\/\\\/motionfitness.se\\\/no\\\/\",\"logo\":{\"@type\":\"ImageObject\",\"inLanguage\":\"nb-NO\",\"@id\":\"https:\\\/\\\/motionfitness.se\\\/no\\\/#\\\/schema\\\/logo\\\/image\\\/\",\"url\":\"https:\\\/\\\/motionfitness.se\\\/wp-content\\\/uploads\\\/2024\\\/01\\\/Motion-Fitness-Logol.png\",\"contentUrl\":\"https:\\\/\\\/motionfitness.se\\\/wp-content\\\/uploads\\\/2024\\\/01\\\/Motion-Fitness-Logol.png\",\"width\":1280,\"height\":720,\"caption\":\"Motion Fitness\"},\"image\":{\"@id\":\"https:\\\/\\\/motionfitness.se\\\/no\\\/#\\\/schema\\\/logo\\\/image\\\/\"},\"sameAs\":[\"https:\\\/\\\/www.facebook.com\\\/motionfitnesssverige\\\/\",\"https:\\\/\\\/www.instagram.com\\\/motionfitness.se\\\/\"]}]}<\/script>\n<!-- \/ Yoast SEO plugin. -->","yoast_head_json":{"title":"Rossopuro Bike Touch | Motion Fitness","description":"Denne vertikale ergometersykkelen er 100 % designet og produsert i Italia, med fokus p\u00e5 stilig design, komfort og innovativ teknologi.","robots":{"index":"index","follow":"follow","max-snippet":"max-snippet:-1","max-image-preview":"max-image-preview:large","max-video-preview":"max-video-preview:-1"},"canonical":"https:\/\/motionfitness.se\/no\/produkter\/sykkel-rossopuro-touch\/","og_locale":"nb_NO","og_type":"article","og_title":"Rossopuro Bike Touch | Motion Fitness","og_description":"Denne vertikale ergometersykkelen er 100 % designet og produsert i Italia, med fokus p\u00e5 stilig design, komfort og innovativ teknologi.","og_url":"https:\/\/motionfitness.se\/no\/produkter\/sykkel-rossopuro-touch\/","og_site_name":"Motion Fitness","article_publisher":"https:\/\/www.facebook.com\/motionfitnesssverige\/","article_modified_time":"2026-01-20T14:10:45+00:00","og_image":[{"width":1080,"height":1080,"url":"https:\/\/motionfitness.se\/wp-content\/uploads\/2025\/02\/80-cm-15-1.png","type":"image\/png"}],"twitter_card":"summary_large_image","twitter_misc":{"Ansl. lesetid":"1 minutt"},"schema":{"@context":"https:\/\/schema.org","@graph":[{"@type":"WebPage","@id":"https:\/\/motionfitness.se\/no\/produkter\/sykkel-rossopuro-touch\/","url":"https:\/\/motionfitness.se\/no\/produkter\/sykkel-rossopuro-touch\/","name":"Rossopuro Bike Touch | Motion Fitness","isPartOf":{"@id":"https:\/\/motionfitness.se\/no\/#website"},"primaryImageOfPage":{"@id":"https:\/\/motionfitness.se\/no\/produkter\/sykkel-rossopuro-touch\/#primaryimage"},"image":{"@id":"https:\/\/motionfitness.se\/no\/produkter\/sykkel-rossopuro-touch\/#primaryimage"},"thumbnailUrl":"https:\/\/motionfitness.se\/wp-content\/uploads\/2025\/02\/80-cm-15-1.png","datePublished":"2025-02-10T11:45:09+00:00","dateModified":"2026-01-20T14:10:45+00:00","description":"Denne vertikale ergometersykkelen er 100 % designet og produsert i Italia, med fokus p\u00e5 stilig design, komfort og innovativ teknologi.","breadcrumb":{"@id":"https:\/\/motionfitness.se\/no\/produkter\/sykkel-rossopuro-touch\/#breadcrumb"},"inLanguage":"nb-NO","potentialAction":[{"@type":"ReadAction","target":["https:\/\/motionfitness.se\/no\/produkter\/sykkel-rossopuro-touch\/"]}]},{"@type":"ImageObject","inLanguage":"nb-NO","@id":"https:\/\/motionfitness.se\/no\/produkter\/sykkel-rossopuro-touch\/#primaryimage","url":"https:\/\/motionfitness.se\/wp-content\/uploads\/2025\/02\/80-cm-15-1.png","contentUrl":"https:\/\/motionfitness.se\/wp-content\/uploads\/2025\/02\/80-cm-15-1.png","width":1080,"height":1080,"caption":"Motion Fitness Rossopuro Bike Touch"},{"@type":"BreadcrumbList","@id":"https:\/\/motionfitness.se\/no\/produkter\/sykkel-rossopuro-touch\/#breadcrumb","itemListElement":[{"@type":"ListItem","position":1,"name":"Hem","item":"https:\/\/motionfitness.se\/no\/startside\/"},{"@type":"ListItem","position":2,"name":"Produkter","item":"https:\/\/motionfitness.se\/no\/produkter\/"},{"@type":"ListItem","position":3,"name":"Rossopuro Bike Touch"}]},{"@type":"WebSite","@id":"https:\/\/motionfitness.se\/no\/#website","url":"https:\/\/motionfitness.se\/no\/","name":"Motion Fitness","description":"Stronger Together","publisher":{"@id":"https:\/\/motionfitness.se\/no\/#organization"},"potentialAction":[{"@type":"SearchAction","target":{"@type":"EntryPoint","urlTemplate":"https:\/\/motionfitness.se\/no\/?s={search_term_string}"},"query-input":{"@type":"PropertyValueSpecification","valueRequired":true,"valueName":"search_term_string"}}],"inLanguage":"nb-NO"},{"@type":"Organization","@id":"https:\/\/motionfitness.se\/no\/#organization","name":"Motion Fitness","url":"https:\/\/motionfitness.se\/no\/","logo":{"@type":"ImageObject","inLanguage":"nb-NO","@id":"https:\/\/motionfitness.se\/no\/#\/schema\/logo\/image\/","url":"https:\/\/motionfitness.se\/wp-content\/uploads\/2024\/01\/Motion-Fitness-Logol.png","contentUrl":"https:\/\/motionfitness.se\/wp-content\/uploads\/2024\/01\/Motion-Fitness-Logol.png","width":1280,"height":720,"caption":"Motion Fitness"},"image":{"@id":"https:\/\/motionfitness.se\/no\/#\/schema\/logo\/image\/"},"sameAs":["https:\/\/www.facebook.com\/motionfitnesssverige\/","https:\/\/www.instagram.com\/motionfitness.se\/"]}]}},"_links":{"self":[{"href":"https:\/\/motionfitness.se\/no\/wp-json\/wp\/v2\/product\/33230","targetHints":{"allow":["GET"]}}],"collection":[{"href":"https:\/\/motionfitness.se\/no\/wp-json\/wp\/v2\/product"}],"about":[{"href":"https:\/\/motionfitness.se\/no\/wp-json\/wp\/v2\/types\/product"}],"replies":[{"embeddable":true,"href":"https:\/\/motionfitness.se\/no\/wp-json\/wp\/v2\/comments?post=33230"}],"wp:featuredmedia":[{"embeddable":true,"href":"https:\/\/motionfitness.se\/no\/wp-json\/wp\/v2\/media\/31251"}],"wp:attachment":[{"href":"https:\/\/motionfitness.se\/no\/wp-json\/wp\/v2\/media?parent=33230"}],"wp:term":[{"taxonomy":"product_brand","embeddable":true,"href":"https:\/\/motionfitness.se\/no\/wp-json\/wp\/v2\/product_brand?post=33230"},{"taxonomy":"product_cat","embeddable":true,"href":"https:\/\/motionfitness.se\/no\/wp-json\/wp\/v2\/product_cat?post=33230"},{"taxonomy":"product_tag","embeddable":true,"href":"https:\/\/motionfitness.se\/no\/wp-json\/wp\/v2\/product_tag?post=33230"}],"curies":[{"name":"wp","href":"https:\/\/api.w.org\/{rel}","templated":true}]}}