{"id":33220,"date":"2025-03-19T11:05:09","date_gmt":"2025-03-19T10:05:09","guid":{"rendered":"https:\/\/motionfitness.se\/produkter\/powerband-blue\/"},"modified":"2025-03-19T11:05:09","modified_gmt":"2025-03-19T10:05:09","slug":"powerband-blue","status":"publish","type":"product","link":"https:\/\/motionfitness.se\/no\/produkter\/powerband-blue\/","title":{"rendered":"Powerband Blue"},"content":{"rendered":"<p data-sourcepos=\"3:1-3:61\"><strong>Effektiviser treningen din med Motion Fitness Power Bands.<\/strong><\/p>\n<p data-sourcepos=\"5:1-5:344\">Maksimer treningspotensialet ditt med Motion Fitness Power Bands. Disse allsidige gummib\u00e5ndene er designet for \u00e5 gi deg ekstra motstand i alt fra benkpress og kneb\u00f8y til rehabiliterings- og mobilitets\u00f8velser. De er laget av slitesterk gummi og er et uunnv\u00e6rlig verkt\u00f8y for alle treningsfasiliteter eller hjemmegym som \u00f8nsker \u00e5 oppn\u00e5 resultater.  <\/p>\n<p data-sourcepos=\"7:1-7:46\"><strong>Funksjoner som effektiviserer treningen din.<\/strong><\/p>\n<p><strong>B\u00e6rekraftig og langvarig:<\/strong><\/p>\n<ul>\n<li style=\"list-style-type: none;\">\n<ul data-sourcepos=\"10:5-11:82\">\n<li data-sourcepos=\"10:5-10:108\">Laget av gummi av h\u00f8y kvalitet for \u00e5 sikre lang holdbarhet, selv ved intensiv bruk.<\/li>\n<li data-sourcepos=\"11:5-11:82\">Med den karakteristiske Motion Fitness-logoen, et symbol p\u00e5 kvalitet.<\/li>\n<\/ul>\n<\/li>\n<\/ul>\n<p>&nbsp;<\/p>\n<p><strong>Presisjonsdimensjonering:<\/strong><\/p>\n<ul>\n<li>Hvert b\u00e5nd er 1040 mm langt, og bredden og tykkelsen kan tilpasses slik at du f\u00e5r akkurat den motstanden du trenger.<\/li>\n<\/ul>\n<p>&nbsp;<\/p>\n<p><strong>Merkede motstandsniv\u00e5er:<\/strong><\/p>\n<ul>\n<li>Alle b\u00e5ndene er tydelig merket med motstandsniv\u00e5er, noe som gj\u00f8r det enkelt \u00e5 velge riktig b\u00e5nd til hver \u00f8velse. Dette gj\u00f8r treningen mer effektiv og trygg. <\/li>\n<\/ul>\n<p>&nbsp;<\/p>\n<p><strong>Fleksible innkj\u00f8psalternativer:<\/strong><\/p>\n<ul>\n<li>Velg mellom \u00e5 kj\u00f8pe b\u00e5ndene enkeltvis eller som et komplett sett med seks b\u00e5nd, tilpasset dine spesifikke treningsbehov.<\/li>\n<\/ul>\n<p>&nbsp;<\/p>\n<p><strong>Fargekoding for rask identifikasjon:<\/strong><\/p>\n<ul>\n<li>Hvert b\u00e5nd har forskjellig farge, bredde og tykkelse, noe som gj\u00f8r det enkelt \u00e5 raskt identifisere motstandsniv\u00e5et.<\/li>\n<\/ul>\n<p>&nbsp;<\/p>\n<p data-sourcepos=\"21:1-21:132\">Motion Fitness Power Bands er et effektivt og allsidig treningsverkt\u00f8y som hjelper deg med \u00e5 n\u00e5 dine treningsm\u00e5l raskere.<\/p>\n","protected":false},"excerpt":{"rendered":"<p>Motion Fitness Power Bands er et effektivt og allsidig treningsverkt\u00f8y som hjelper deg med \u00e5 n\u00e5 dine treningsm\u00e5l raskere. Alle b\u00e5ndene er tydelig merket med motstandsniv\u00e5er i kg. <\/p>\n","protected":false},"featured_media":31622,"comment_status":"open","ping_status":"closed","template":"","meta":{"_acf_changed":false,"_monsterinsights_skip_tracking":false,"_monsterinsights_sitenote_active":false,"_monsterinsights_sitenote_note":"","_monsterinsights_sitenote_category":0},"product_brand":[],"product_cat":[683,440,528],"product_tag":[791],"class_list":{"0":"post-33220","1":"product","2":"type-product","3":"status-publish","4":"has-post-thumbnail","6":"product_cat-gummistrikk","7":"product_cat-motion-fitness-no","8":"product_cat-produktnyheter-no","9":"product_tag-nytt-produkt","11":"first","12":"outofstock","13":"taxable","14":"shipping-taxable","15":"purchasable","16":"product-type-simple"},"acf":[],"yoast_head":"<!-- This site is optimized with the Yoast SEO plugin v27.4 - https:\/\/yoast.com\/product\/yoast-seo-wordpress\/ -->\n<title>Powerband Blue | Motion Fitness<\/title>\n<meta name=\"description\" content=\"Motion Fitness Power Bands er et effektivt og allsidig treningsverkt\u00f8y som hjelper deg med \u00e5 n\u00e5 dine treningsm\u00e5l raskere.\" \/>\n<meta name=\"robots\" content=\"index, follow, max-snippet:-1, max-image-preview:large, max-video-preview:-1\" \/>\n<link rel=\"canonical\" href=\"https:\/\/motionfitness.se\/no\/produkter\/powerband-blue\/\" \/>\n<meta property=\"og:locale\" content=\"nb_NO\" \/>\n<meta property=\"og:type\" content=\"article\" \/>\n<meta property=\"og:title\" content=\"Powerband Blue | Motion Fitness\" \/>\n<meta property=\"og:description\" content=\"Motion Fitness Power Bands er et effektivt og allsidig treningsverkt\u00f8y som hjelper deg med \u00e5 n\u00e5 dine treningsm\u00e5l raskere.\" \/>\n<meta property=\"og:url\" content=\"https:\/\/motionfitness.se\/no\/produkter\/powerband-blue\/\" \/>\n<meta property=\"og:site_name\" content=\"Motion Fitness\" \/>\n<meta property=\"article:publisher\" content=\"https:\/\/www.facebook.com\/motionfitnesssverige\/\" \/>\n<meta property=\"og:image\" content=\"https:\/\/motionfitness.se\/wp-content\/uploads\/2025\/03\/9-3.png\" \/>\n\t<meta property=\"og:image:width\" content=\"1050\" \/>\n\t<meta property=\"og:image:height\" content=\"1050\" \/>\n\t<meta property=\"og:image:type\" content=\"image\/png\" \/>\n<meta name=\"twitter:card\" content=\"summary_large_image\" \/>\n<meta name=\"twitter:label1\" content=\"Ansl. lesetid\" \/>\n\t<meta name=\"twitter:data1\" content=\"1 minutt\" \/>\n<script type=\"application\/ld+json\" class=\"yoast-schema-graph\">{\"@context\":\"https:\\\/\\\/schema.org\",\"@graph\":[{\"@type\":\"WebPage\",\"@id\":\"https:\\\/\\\/motionfitness.se\\\/no\\\/produkter\\\/powerband-blue\\\/\",\"url\":\"https:\\\/\\\/motionfitness.se\\\/no\\\/produkter\\\/powerband-blue\\\/\",\"name\":\"Powerband Blue | Motion Fitness\",\"isPartOf\":{\"@id\":\"https:\\\/\\\/motionfitness.se\\\/no\\\/#website\"},\"primaryImageOfPage\":{\"@id\":\"https:\\\/\\\/motionfitness.se\\\/no\\\/produkter\\\/powerband-blue\\\/#primaryimage\"},\"image\":{\"@id\":\"https:\\\/\\\/motionfitness.se\\\/no\\\/produkter\\\/powerband-blue\\\/#primaryimage\"},\"thumbnailUrl\":\"https:\\\/\\\/motionfitness.se\\\/wp-content\\\/uploads\\\/2025\\\/03\\\/9-3.png\",\"datePublished\":\"2025-03-19T10:05:09+00:00\",\"description\":\"Motion Fitness Power Bands er et effektivt og allsidig treningsverkt\u00f8y som hjelper deg med \u00e5 n\u00e5 dine treningsm\u00e5l raskere.\",\"breadcrumb\":{\"@id\":\"https:\\\/\\\/motionfitness.se\\\/no\\\/produkter\\\/powerband-blue\\\/#breadcrumb\"},\"inLanguage\":\"nb-NO\",\"potentialAction\":[{\"@type\":\"ReadAction\",\"target\":[\"https:\\\/\\\/motionfitness.se\\\/no\\\/produkter\\\/powerband-blue\\\/\"]}]},{\"@type\":\"ImageObject\",\"inLanguage\":\"nb-NO\",\"@id\":\"https:\\\/\\\/motionfitness.se\\\/no\\\/produkter\\\/powerband-blue\\\/#primaryimage\",\"url\":\"https:\\\/\\\/motionfitness.se\\\/wp-content\\\/uploads\\\/2025\\\/03\\\/9-3.png\",\"contentUrl\":\"https:\\\/\\\/motionfitness.se\\\/wp-content\\\/uploads\\\/2025\\\/03\\\/9-3.png\",\"width\":1050,\"height\":1050,\"caption\":\"Motion Fitness Powerband\"},{\"@type\":\"BreadcrumbList\",\"@id\":\"https:\\\/\\\/motionfitness.se\\\/no\\\/produkter\\\/powerband-blue\\\/#breadcrumb\",\"itemListElement\":[{\"@type\":\"ListItem\",\"position\":1,\"name\":\"Hem\",\"item\":\"https:\\\/\\\/motionfitness.se\\\/no\\\/startside\\\/\"},{\"@type\":\"ListItem\",\"position\":2,\"name\":\"Produkter\",\"item\":\"https:\\\/\\\/motionfitness.se\\\/no\\\/produkter\\\/\"},{\"@type\":\"ListItem\",\"position\":3,\"name\":\"Powerband Blue\"}]},{\"@type\":\"WebSite\",\"@id\":\"https:\\\/\\\/motionfitness.se\\\/no\\\/#website\",\"url\":\"https:\\\/\\\/motionfitness.se\\\/no\\\/\",\"name\":\"Motion Fitness\",\"description\":\"Stronger Together\",\"publisher\":{\"@id\":\"https:\\\/\\\/motionfitness.se\\\/no\\\/#organization\"},\"potentialAction\":[{\"@type\":\"SearchAction\",\"target\":{\"@type\":\"EntryPoint\",\"urlTemplate\":\"https:\\\/\\\/motionfitness.se\\\/no\\\/?s={search_term_string}\"},\"query-input\":{\"@type\":\"PropertyValueSpecification\",\"valueRequired\":true,\"valueName\":\"search_term_string\"}}],\"inLanguage\":\"nb-NO\"},{\"@type\":\"Organization\",\"@id\":\"https:\\\/\\\/motionfitness.se\\\/no\\\/#organization\",\"name\":\"Motion Fitness\",\"url\":\"https:\\\/\\\/motionfitness.se\\\/no\\\/\",\"logo\":{\"@type\":\"ImageObject\",\"inLanguage\":\"nb-NO\",\"@id\":\"https:\\\/\\\/motionfitness.se\\\/no\\\/#\\\/schema\\\/logo\\\/image\\\/\",\"url\":\"https:\\\/\\\/motionfitness.se\\\/wp-content\\\/uploads\\\/2024\\\/01\\\/Motion-Fitness-Logol.png\",\"contentUrl\":\"https:\\\/\\\/motionfitness.se\\\/wp-content\\\/uploads\\\/2024\\\/01\\\/Motion-Fitness-Logol.png\",\"width\":1280,\"height\":720,\"caption\":\"Motion Fitness\"},\"image\":{\"@id\":\"https:\\\/\\\/motionfitness.se\\\/no\\\/#\\\/schema\\\/logo\\\/image\\\/\"},\"sameAs\":[\"https:\\\/\\\/www.facebook.com\\\/motionfitnesssverige\\\/\",\"https:\\\/\\\/www.instagram.com\\\/motionfitness.se\\\/\"]}]}<\/script>\n<!-- \/ Yoast SEO plugin. -->","yoast_head_json":{"title":"Powerband Blue | Motion Fitness","description":"Motion Fitness Power Bands er et effektivt og allsidig treningsverkt\u00f8y som hjelper deg med \u00e5 n\u00e5 dine treningsm\u00e5l raskere.","robots":{"index":"index","follow":"follow","max-snippet":"max-snippet:-1","max-image-preview":"max-image-preview:large","max-video-preview":"max-video-preview:-1"},"canonical":"https:\/\/motionfitness.se\/no\/produkter\/powerband-blue\/","og_locale":"nb_NO","og_type":"article","og_title":"Powerband Blue | Motion Fitness","og_description":"Motion Fitness Power Bands er et effektivt og allsidig treningsverkt\u00f8y som hjelper deg med \u00e5 n\u00e5 dine treningsm\u00e5l raskere.","og_url":"https:\/\/motionfitness.se\/no\/produkter\/powerband-blue\/","og_site_name":"Motion Fitness","article_publisher":"https:\/\/www.facebook.com\/motionfitnesssverige\/","og_image":[{"width":1050,"height":1050,"url":"https:\/\/motionfitness.se\/wp-content\/uploads\/2025\/03\/9-3.png","type":"image\/png"}],"twitter_card":"summary_large_image","twitter_misc":{"Ansl. lesetid":"1 minutt"},"schema":{"@context":"https:\/\/schema.org","@graph":[{"@type":"WebPage","@id":"https:\/\/motionfitness.se\/no\/produkter\/powerband-blue\/","url":"https:\/\/motionfitness.se\/no\/produkter\/powerband-blue\/","name":"Powerband Blue | Motion Fitness","isPartOf":{"@id":"https:\/\/motionfitness.se\/no\/#website"},"primaryImageOfPage":{"@id":"https:\/\/motionfitness.se\/no\/produkter\/powerband-blue\/#primaryimage"},"image":{"@id":"https:\/\/motionfitness.se\/no\/produkter\/powerband-blue\/#primaryimage"},"thumbnailUrl":"https:\/\/motionfitness.se\/wp-content\/uploads\/2025\/03\/9-3.png","datePublished":"2025-03-19T10:05:09+00:00","description":"Motion Fitness Power Bands er et effektivt og allsidig treningsverkt\u00f8y som hjelper deg med \u00e5 n\u00e5 dine treningsm\u00e5l raskere.","breadcrumb":{"@id":"https:\/\/motionfitness.se\/no\/produkter\/powerband-blue\/#breadcrumb"},"inLanguage":"nb-NO","potentialAction":[{"@type":"ReadAction","target":["https:\/\/motionfitness.se\/no\/produkter\/powerband-blue\/"]}]},{"@type":"ImageObject","inLanguage":"nb-NO","@id":"https:\/\/motionfitness.se\/no\/produkter\/powerband-blue\/#primaryimage","url":"https:\/\/motionfitness.se\/wp-content\/uploads\/2025\/03\/9-3.png","contentUrl":"https:\/\/motionfitness.se\/wp-content\/uploads\/2025\/03\/9-3.png","width":1050,"height":1050,"caption":"Motion Fitness Powerband"},{"@type":"BreadcrumbList","@id":"https:\/\/motionfitness.se\/no\/produkter\/powerband-blue\/#breadcrumb","itemListElement":[{"@type":"ListItem","position":1,"name":"Hem","item":"https:\/\/motionfitness.se\/no\/startside\/"},{"@type":"ListItem","position":2,"name":"Produkter","item":"https:\/\/motionfitness.se\/no\/produkter\/"},{"@type":"ListItem","position":3,"name":"Powerband Blue"}]},{"@type":"WebSite","@id":"https:\/\/motionfitness.se\/no\/#website","url":"https:\/\/motionfitness.se\/no\/","name":"Motion Fitness","description":"Stronger Together","publisher":{"@id":"https:\/\/motionfitness.se\/no\/#organization"},"potentialAction":[{"@type":"SearchAction","target":{"@type":"EntryPoint","urlTemplate":"https:\/\/motionfitness.se\/no\/?s={search_term_string}"},"query-input":{"@type":"PropertyValueSpecification","valueRequired":true,"valueName":"search_term_string"}}],"inLanguage":"nb-NO"},{"@type":"Organization","@id":"https:\/\/motionfitness.se\/no\/#organization","name":"Motion Fitness","url":"https:\/\/motionfitness.se\/no\/","logo":{"@type":"ImageObject","inLanguage":"nb-NO","@id":"https:\/\/motionfitness.se\/no\/#\/schema\/logo\/image\/","url":"https:\/\/motionfitness.se\/wp-content\/uploads\/2024\/01\/Motion-Fitness-Logol.png","contentUrl":"https:\/\/motionfitness.se\/wp-content\/uploads\/2024\/01\/Motion-Fitness-Logol.png","width":1280,"height":720,"caption":"Motion Fitness"},"image":{"@id":"https:\/\/motionfitness.se\/no\/#\/schema\/logo\/image\/"},"sameAs":["https:\/\/www.facebook.com\/motionfitnesssverige\/","https:\/\/www.instagram.com\/motionfitness.se\/"]}]}},"_links":{"self":[{"href":"https:\/\/motionfitness.se\/no\/wp-json\/wp\/v2\/product\/33220","targetHints":{"allow":["GET"]}}],"collection":[{"href":"https:\/\/motionfitness.se\/no\/wp-json\/wp\/v2\/product"}],"about":[{"href":"https:\/\/motionfitness.se\/no\/wp-json\/wp\/v2\/types\/product"}],"replies":[{"embeddable":true,"href":"https:\/\/motionfitness.se\/no\/wp-json\/wp\/v2\/comments?post=33220"}],"wp:featuredmedia":[{"embeddable":true,"href":"https:\/\/motionfitness.se\/no\/wp-json\/wp\/v2\/media\/31622"}],"wp:attachment":[{"href":"https:\/\/motionfitness.se\/no\/wp-json\/wp\/v2\/media?parent=33220"}],"wp:term":[{"taxonomy":"product_brand","embeddable":true,"href":"https:\/\/motionfitness.se\/no\/wp-json\/wp\/v2\/product_brand?post=33220"},{"taxonomy":"product_cat","embeddable":true,"href":"https:\/\/motionfitness.se\/no\/wp-json\/wp\/v2\/product_cat?post=33220"},{"taxonomy":"product_tag","embeddable":true,"href":"https:\/\/motionfitness.se\/no\/wp-json\/wp\/v2\/product_tag?post=33220"}],"curies":[{"name":"wp","href":"https:\/\/api.w.org\/{rel}","templated":true}]}}