{"id":33210,"date":"2025-05-01T21:18:28","date_gmt":"2025-05-01T19:18:28","guid":{"rendered":"https:\/\/motionfitness.se\/produkter\/bygg-ditt-eget-sett-med-vektstenger\/"},"modified":"2025-10-16T16:15:15","modified_gmt":"2025-10-16T14:15:15","slug":"bygg-ditt-eget-sett-med-vektstenger","status":"publish","type":"product","link":"https:\/\/motionfitness.se\/no\/produkter\/bygg-ditt-eget-sett-med-vektstenger\/","title":{"rendered":"Bygg ditt eget sett med vektstenger"},"content":{"rendered":"<p data-sourcepos=\"3:1-3:70\"><strong>Lag ditt ultimate vektstangsett &#8211; Velg stang, vekter og l\u00e5s (50 mm)<\/strong><\/p>\n<p data-sourcepos=\"5:1-5:176\">Dr\u00f8mmer du om \u00e5 kunne l\u00f8fte tungt hjemme, p\u00e5 dine egne premisser? V\u00e5rt fleksible vektstangsett gir deg friheten til \u00e5 bygge det perfekte settet for din trening! <\/p>\n<p data-sourcepos=\"7:1-7:261\">For din bekvemmelighet og trygghet har vi samlet alle v\u00e5re <strong>50 mm vektstenger<\/strong> her. Denne standardst\u00f8rrelsen, ogs\u00e5 kjent som &laquo;olympisk&raquo;, er den mest brukte p\u00e5 treningssentre og garanterer at vektene dine vil passe perfekt &#8211; ingen feilkj\u00f8p eller frustrerende overraskelser! <\/p>\n<p data-sourcepos=\"9:1-9:58\"><strong>Slik lager du enkelt ditt personlige sett med vektstenger:<\/strong><\/p>\n<ol data-sourcepos=\"11:1-14:0\">\n<li data-sourcepos=\"11:1-11:220\"><strong>Velg din vektstang:<\/strong> Utforsk v\u00e5rt utvalg av 50 mm vektstenger av h\u00f8y kvalitet i ulike lengder og design. Enten du fokuserer p\u00e5 grunnleggende \u00f8velser eller mer spesialiserte l\u00f8ft, har vi en vektstang som passer for deg. <\/li>\n<li data-sourcepos=\"12:1-12:142\"><strong>Velg dine vekter:<\/strong> Legg til de 50 mm vektskivene du trenger for \u00e5 utfordre deg selv. Begynn der du er, og bygg opp i ditt eget tempo. <\/li>\n<li data-sourcepos=\"13:1-14:0\"><strong>Bygg din dr\u00f8mmeheis:<\/strong> Legg til tilbeh\u00f8r som l\u00e5ser og stativer for \u00e5 optimalisere treningsopplevelsen din.<\/li>\n<\/ol>\n<p data-sourcepos=\"15:1-15:215\">Med Motion Fitness f\u00e5r du ikke bare kvalitetsutstyr, men ogs\u00e5 tryggheten ved \u00e5 velge produkter som er laget for \u00e5 vare og prestere. Bygg ditt unike sett med vektstenger i dag og ta treningen din til neste niv\u00e5! <\/p>\n","protected":false},"excerpt":{"rendered":"<p>For din bekvemmelighet og trygghet har vi samlet alle v\u00e5re <strong>50 mm vektstenger<\/strong> her. Denne standardst\u00f8rrelsen, ogs\u00e5 kjent som &laquo;olympisk&raquo;, er den mest brukte p\u00e5 treningssentre og garanterer at vektene dine vil passe perfekt &#8211; ingen feilkj\u00f8p eller frustrerende overraskelser! <\/p>\n","protected":false},"featured_media":32198,"comment_status":"closed","ping_status":"closed","template":"","meta":{"_acf_changed":false,"_monsterinsights_skip_tracking":false,"_monsterinsights_sitenote_active":false,"_monsterinsights_sitenote_note":"","_monsterinsights_sitenote_category":0},"product_brand":[],"product_cat":[440,439],"product_tag":[790],"class_list":{"0":"post-33210","1":"product","2":"type-product","3":"status-publish","4":"has-post-thumbnail","6":"product_cat-motion-fitness-no","7":"product_cat-vektstangpakker","8":"product_tag-ny","10":"first","11":"instock","12":"taxable","13":"shipping-taxable","14":"purchasable","15":"product-type-woosg"},"acf":[],"yoast_head":"<!-- This site is optimized with the Yoast SEO plugin v27.4 - https:\/\/yoast.com\/product\/yoast-seo-wordpress\/ -->\n<title>Bygg ditt eget sett med vektstenger | Motion Fitness<\/title>\n<meta name=\"description\" content=\"Dr\u00f8mmer du om \u00e5 kunne l\u00f8fte tungt hjemme? V\u00e5rt fleksible vektstangsett gir deg friheten til \u00e5 bygge det perfekte settet for din trening!\" \/>\n<meta name=\"robots\" content=\"index, follow, max-snippet:-1, max-image-preview:large, max-video-preview:-1\" \/>\n<link rel=\"canonical\" href=\"https:\/\/motionfitness.se\/no\/produkter\/bygg-ditt-eget-sett-med-vektstenger\/\" \/>\n<meta property=\"og:locale\" content=\"nb_NO\" \/>\n<meta property=\"og:type\" content=\"article\" \/>\n<meta property=\"og:title\" content=\"Bygg ditt eget sett med vektstenger | Motion Fitness\" \/>\n<meta property=\"og:description\" content=\"Dr\u00f8mmer du om \u00e5 kunne l\u00f8fte tungt hjemme? V\u00e5rt fleksible vektstangsett gir deg friheten til \u00e5 bygge det perfekte settet for din trening!\" \/>\n<meta property=\"og:url\" content=\"https:\/\/motionfitness.se\/no\/produkter\/bygg-ditt-eget-sett-med-vektstenger\/\" \/>\n<meta property=\"og:site_name\" content=\"Motion Fitness\" \/>\n<meta property=\"article:publisher\" content=\"https:\/\/www.facebook.com\/motionfitnesssverige\/\" \/>\n<meta property=\"article:modified_time\" content=\"2025-10-16T14:15:15+00:00\" \/>\n<meta property=\"og:image\" content=\"https:\/\/motionfitness.se\/wp-content\/uploads\/2025\/05\/Skivstangspaket.webp\" \/>\n\t<meta property=\"og:image:width\" content=\"1080\" \/>\n\t<meta property=\"og:image:height\" content=\"1080\" \/>\n\t<meta property=\"og:image:type\" content=\"image\/webp\" \/>\n<meta name=\"twitter:card\" content=\"summary_large_image\" \/>\n<meta name=\"twitter:label1\" content=\"Ansl. lesetid\" \/>\n\t<meta name=\"twitter:data1\" content=\"1 minutt\" \/>\n<script type=\"application\/ld+json\" class=\"yoast-schema-graph\">{\"@context\":\"https:\\\/\\\/schema.org\",\"@graph\":[{\"@type\":\"WebPage\",\"@id\":\"https:\\\/\\\/motionfitness.se\\\/no\\\/produkter\\\/bygg-ditt-eget-sett-med-vektstenger\\\/\",\"url\":\"https:\\\/\\\/motionfitness.se\\\/no\\\/produkter\\\/bygg-ditt-eget-sett-med-vektstenger\\\/\",\"name\":\"Bygg ditt eget sett med vektstenger | Motion Fitness\",\"isPartOf\":{\"@id\":\"https:\\\/\\\/motionfitness.se\\\/no\\\/#website\"},\"primaryImageOfPage\":{\"@id\":\"https:\\\/\\\/motionfitness.se\\\/no\\\/produkter\\\/bygg-ditt-eget-sett-med-vektstenger\\\/#primaryimage\"},\"image\":{\"@id\":\"https:\\\/\\\/motionfitness.se\\\/no\\\/produkter\\\/bygg-ditt-eget-sett-med-vektstenger\\\/#primaryimage\"},\"thumbnailUrl\":\"https:\\\/\\\/motionfitness.se\\\/wp-content\\\/uploads\\\/2025\\\/05\\\/Skivstangspaket.webp\",\"datePublished\":\"2025-05-01T19:18:28+00:00\",\"dateModified\":\"2025-10-16T14:15:15+00:00\",\"description\":\"Dr\u00f8mmer du om \u00e5 kunne l\u00f8fte tungt hjemme? V\u00e5rt fleksible vektstangsett gir deg friheten til \u00e5 bygge det perfekte settet for din trening!\",\"breadcrumb\":{\"@id\":\"https:\\\/\\\/motionfitness.se\\\/no\\\/produkter\\\/bygg-ditt-eget-sett-med-vektstenger\\\/#breadcrumb\"},\"inLanguage\":\"nb-NO\",\"potentialAction\":[{\"@type\":\"ReadAction\",\"target\":[\"https:\\\/\\\/motionfitness.se\\\/no\\\/produkter\\\/bygg-ditt-eget-sett-med-vektstenger\\\/\"]}]},{\"@type\":\"ImageObject\",\"inLanguage\":\"nb-NO\",\"@id\":\"https:\\\/\\\/motionfitness.se\\\/no\\\/produkter\\\/bygg-ditt-eget-sett-med-vektstenger\\\/#primaryimage\",\"url\":\"https:\\\/\\\/motionfitness.se\\\/wp-content\\\/uploads\\\/2025\\\/05\\\/Skivstangspaket.webp\",\"contentUrl\":\"https:\\\/\\\/motionfitness.se\\\/wp-content\\\/uploads\\\/2025\\\/05\\\/Skivstangspaket.webp\",\"width\":1080,\"height\":1080},{\"@type\":\"BreadcrumbList\",\"@id\":\"https:\\\/\\\/motionfitness.se\\\/no\\\/produkter\\\/bygg-ditt-eget-sett-med-vektstenger\\\/#breadcrumb\",\"itemListElement\":[{\"@type\":\"ListItem\",\"position\":1,\"name\":\"Hem\",\"item\":\"https:\\\/\\\/motionfitness.se\\\/no\\\/startside\\\/\"},{\"@type\":\"ListItem\",\"position\":2,\"name\":\"Produkter\",\"item\":\"https:\\\/\\\/motionfitness.se\\\/no\\\/produkter\\\/\"},{\"@type\":\"ListItem\",\"position\":3,\"name\":\"Bygg ditt eget sett med vektstenger\"}]},{\"@type\":\"WebSite\",\"@id\":\"https:\\\/\\\/motionfitness.se\\\/no\\\/#website\",\"url\":\"https:\\\/\\\/motionfitness.se\\\/no\\\/\",\"name\":\"Motion Fitness\",\"description\":\"Stronger Together\",\"publisher\":{\"@id\":\"https:\\\/\\\/motionfitness.se\\\/no\\\/#organization\"},\"potentialAction\":[{\"@type\":\"SearchAction\",\"target\":{\"@type\":\"EntryPoint\",\"urlTemplate\":\"https:\\\/\\\/motionfitness.se\\\/no\\\/?s={search_term_string}\"},\"query-input\":{\"@type\":\"PropertyValueSpecification\",\"valueRequired\":true,\"valueName\":\"search_term_string\"}}],\"inLanguage\":\"nb-NO\"},{\"@type\":\"Organization\",\"@id\":\"https:\\\/\\\/motionfitness.se\\\/no\\\/#organization\",\"name\":\"Motion Fitness\",\"url\":\"https:\\\/\\\/motionfitness.se\\\/no\\\/\",\"logo\":{\"@type\":\"ImageObject\",\"inLanguage\":\"nb-NO\",\"@id\":\"https:\\\/\\\/motionfitness.se\\\/no\\\/#\\\/schema\\\/logo\\\/image\\\/\",\"url\":\"https:\\\/\\\/motionfitness.se\\\/wp-content\\\/uploads\\\/2024\\\/01\\\/Motion-Fitness-Logol.png\",\"contentUrl\":\"https:\\\/\\\/motionfitness.se\\\/wp-content\\\/uploads\\\/2024\\\/01\\\/Motion-Fitness-Logol.png\",\"width\":1280,\"height\":720,\"caption\":\"Motion Fitness\"},\"image\":{\"@id\":\"https:\\\/\\\/motionfitness.se\\\/no\\\/#\\\/schema\\\/logo\\\/image\\\/\"},\"sameAs\":[\"https:\\\/\\\/www.facebook.com\\\/motionfitnesssverige\\\/\",\"https:\\\/\\\/www.instagram.com\\\/motionfitness.se\\\/\"]}]}<\/script>\n<!-- \/ Yoast SEO plugin. -->","yoast_head_json":{"title":"Bygg ditt eget sett med vektstenger | Motion Fitness","description":"Dr\u00f8mmer du om \u00e5 kunne l\u00f8fte tungt hjemme? V\u00e5rt fleksible vektstangsett gir deg friheten til \u00e5 bygge det perfekte settet for din trening!","robots":{"index":"index","follow":"follow","max-snippet":"max-snippet:-1","max-image-preview":"max-image-preview:large","max-video-preview":"max-video-preview:-1"},"canonical":"https:\/\/motionfitness.se\/no\/produkter\/bygg-ditt-eget-sett-med-vektstenger\/","og_locale":"nb_NO","og_type":"article","og_title":"Bygg ditt eget sett med vektstenger | Motion Fitness","og_description":"Dr\u00f8mmer du om \u00e5 kunne l\u00f8fte tungt hjemme? V\u00e5rt fleksible vektstangsett gir deg friheten til \u00e5 bygge det perfekte settet for din trening!","og_url":"https:\/\/motionfitness.se\/no\/produkter\/bygg-ditt-eget-sett-med-vektstenger\/","og_site_name":"Motion Fitness","article_publisher":"https:\/\/www.facebook.com\/motionfitnesssverige\/","article_modified_time":"2025-10-16T14:15:15+00:00","og_image":[{"width":1080,"height":1080,"url":"https:\/\/motionfitness.se\/wp-content\/uploads\/2025\/05\/Skivstangspaket.webp","type":"image\/webp"}],"twitter_card":"summary_large_image","twitter_misc":{"Ansl. lesetid":"1 minutt"},"schema":{"@context":"https:\/\/schema.org","@graph":[{"@type":"WebPage","@id":"https:\/\/motionfitness.se\/no\/produkter\/bygg-ditt-eget-sett-med-vektstenger\/","url":"https:\/\/motionfitness.se\/no\/produkter\/bygg-ditt-eget-sett-med-vektstenger\/","name":"Bygg ditt eget sett med vektstenger | Motion Fitness","isPartOf":{"@id":"https:\/\/motionfitness.se\/no\/#website"},"primaryImageOfPage":{"@id":"https:\/\/motionfitness.se\/no\/produkter\/bygg-ditt-eget-sett-med-vektstenger\/#primaryimage"},"image":{"@id":"https:\/\/motionfitness.se\/no\/produkter\/bygg-ditt-eget-sett-med-vektstenger\/#primaryimage"},"thumbnailUrl":"https:\/\/motionfitness.se\/wp-content\/uploads\/2025\/05\/Skivstangspaket.webp","datePublished":"2025-05-01T19:18:28+00:00","dateModified":"2025-10-16T14:15:15+00:00","description":"Dr\u00f8mmer du om \u00e5 kunne l\u00f8fte tungt hjemme? V\u00e5rt fleksible vektstangsett gir deg friheten til \u00e5 bygge det perfekte settet for din trening!","breadcrumb":{"@id":"https:\/\/motionfitness.se\/no\/produkter\/bygg-ditt-eget-sett-med-vektstenger\/#breadcrumb"},"inLanguage":"nb-NO","potentialAction":[{"@type":"ReadAction","target":["https:\/\/motionfitness.se\/no\/produkter\/bygg-ditt-eget-sett-med-vektstenger\/"]}]},{"@type":"ImageObject","inLanguage":"nb-NO","@id":"https:\/\/motionfitness.se\/no\/produkter\/bygg-ditt-eget-sett-med-vektstenger\/#primaryimage","url":"https:\/\/motionfitness.se\/wp-content\/uploads\/2025\/05\/Skivstangspaket.webp","contentUrl":"https:\/\/motionfitness.se\/wp-content\/uploads\/2025\/05\/Skivstangspaket.webp","width":1080,"height":1080},{"@type":"BreadcrumbList","@id":"https:\/\/motionfitness.se\/no\/produkter\/bygg-ditt-eget-sett-med-vektstenger\/#breadcrumb","itemListElement":[{"@type":"ListItem","position":1,"name":"Hem","item":"https:\/\/motionfitness.se\/no\/startside\/"},{"@type":"ListItem","position":2,"name":"Produkter","item":"https:\/\/motionfitness.se\/no\/produkter\/"},{"@type":"ListItem","position":3,"name":"Bygg ditt eget sett med vektstenger"}]},{"@type":"WebSite","@id":"https:\/\/motionfitness.se\/no\/#website","url":"https:\/\/motionfitness.se\/no\/","name":"Motion Fitness","description":"Stronger Together","publisher":{"@id":"https:\/\/motionfitness.se\/no\/#organization"},"potentialAction":[{"@type":"SearchAction","target":{"@type":"EntryPoint","urlTemplate":"https:\/\/motionfitness.se\/no\/?s={search_term_string}"},"query-input":{"@type":"PropertyValueSpecification","valueRequired":true,"valueName":"search_term_string"}}],"inLanguage":"nb-NO"},{"@type":"Organization","@id":"https:\/\/motionfitness.se\/no\/#organization","name":"Motion Fitness","url":"https:\/\/motionfitness.se\/no\/","logo":{"@type":"ImageObject","inLanguage":"nb-NO","@id":"https:\/\/motionfitness.se\/no\/#\/schema\/logo\/image\/","url":"https:\/\/motionfitness.se\/wp-content\/uploads\/2024\/01\/Motion-Fitness-Logol.png","contentUrl":"https:\/\/motionfitness.se\/wp-content\/uploads\/2024\/01\/Motion-Fitness-Logol.png","width":1280,"height":720,"caption":"Motion Fitness"},"image":{"@id":"https:\/\/motionfitness.se\/no\/#\/schema\/logo\/image\/"},"sameAs":["https:\/\/www.facebook.com\/motionfitnesssverige\/","https:\/\/www.instagram.com\/motionfitness.se\/"]}]}},"_links":{"self":[{"href":"https:\/\/motionfitness.se\/no\/wp-json\/wp\/v2\/product\/33210","targetHints":{"allow":["GET"]}}],"collection":[{"href":"https:\/\/motionfitness.se\/no\/wp-json\/wp\/v2\/product"}],"about":[{"href":"https:\/\/motionfitness.se\/no\/wp-json\/wp\/v2\/types\/product"}],"replies":[{"embeddable":true,"href":"https:\/\/motionfitness.se\/no\/wp-json\/wp\/v2\/comments?post=33210"}],"wp:featuredmedia":[{"embeddable":true,"href":"https:\/\/motionfitness.se\/no\/wp-json\/wp\/v2\/media\/32198"}],"wp:attachment":[{"href":"https:\/\/motionfitness.se\/no\/wp-json\/wp\/v2\/media?parent=33210"}],"wp:term":[{"taxonomy":"product_brand","embeddable":true,"href":"https:\/\/motionfitness.se\/no\/wp-json\/wp\/v2\/product_brand?post=33210"},{"taxonomy":"product_cat","embeddable":true,"href":"https:\/\/motionfitness.se\/no\/wp-json\/wp\/v2\/product_cat?post=33210"},{"taxonomy":"product_tag","embeddable":true,"href":"https:\/\/motionfitness.se\/no\/wp-json\/wp\/v2\/product_tag?post=33210"}],"curies":[{"name":"wp","href":"https:\/\/api.w.org\/{rel}","templated":true}]}}