{"id":33167,"date":"2024-10-22T14:44:03","date_gmt":"2024-10-22T12:44:03","guid":{"rendered":"https:\/\/motionfitness.se\/produkter\/liggesykkel-450-i2\/"},"modified":"2026-04-27T14:00:34","modified_gmt":"2026-04-27T12:00:34","slug":"liggesykkel-450-i2","status":"publish","type":"product","link":"https:\/\/motionfitness.se\/no\/produkter\/liggesykkel-450-i2\/","title":{"rendered":"Liggesykkel 450 i2"},"content":{"rendered":"<p data-sourcepos=\"1:1-1:45\"><strong>Ergonomisk presisjon for st\u00f8ttende komfort &#8211; <\/strong><strong>designet for \u00e5 v\u00e6re sk\u00e5nsom<\/strong>mot kroppen<strong><br \/>\n Liggesykkelen er designet med ergonomisk presisjon, og st\u00f8tter kroppens naturlige holdning for en jevn og sk\u00e5nsom trenings\u00f8kt. Nyt en jevn og behagelig tur samtidig som du forbedrer din kardiovaskul\u00e6re helse. Perfekt for alle treningsniv\u00e5er.<\/strong>  <\/p>\n<p data-sourcepos=\"1:1-1:45\"><strong>Designet for alle brukere<br \/>\n<\/strong>Liggesykkelen har et lavt innsteg, noe som gj\u00f8r det enkelt for brukere p\u00e5 alle niv\u00e5er \u00e5 komme seg av og p\u00e5 sykkelen. I tillegg er det en motstandsjusteringskontroll som er praktisk plassert innen rekkevidde. <\/p>\n<p data-sourcepos=\"1:1-1:45\"><strong>Personlig tilpasset intensitet<br \/>\n<\/strong>Opplev en utfordrende trenings\u00f8kt p\u00e5 ethvert treningsniv\u00e5 med 40 motstandsniv\u00e5er p\u00e5 liggesykkelen. Den tilbyr lett motstand for sk\u00e5nsom trening, samtidig som den gir nok intensitet for en krevende trenings\u00f8kt. <\/p>\n<p data-sourcepos=\"15:1-15:20\"><strong>Duo-treningsmodus<\/strong><\/p>\n<ul data-sourcepos=\"17:1-19:0\">\n<li data-sourcepos=\"17:1-17:118\"><strong>Sykkelmodus:<\/strong> Opplev en realistisk sykkelopplevelse med motstand som automatisk tilpasser seg pedalhastigheten.<\/li>\n<li data-sourcepos=\"18:1-19:0\"><strong>Power-modus:<\/strong> Oppretthold konstant motstand for m\u00e5lrettet styrketrening, intervalltrening eller rehabiliterings\u00f8velser uavhengig av pedalhastigheten.<\/li>\n<\/ul>\n<p>&nbsp;<\/p>\n<p data-sourcepos=\"20:1-20:47\"><strong>ComfortFit\u2122 &#8211; Nyt en st\u00f8ttende sykkeltur<\/strong><\/p>\n<p data-sourcepos=\"22:1-22:254\">Liggesykkelen er designet med ergonomisk presisjon og st\u00f8tter kroppens naturlige holdning for en jevn og sk\u00e5nsom trenings\u00f8kt. Nyt en jevn og behagelig tur samtidig som du forbedrer hjerte- og karsystemet. Perfekt for alle treningsniv\u00e5er.  <\/p>\n<p data-sourcepos=\"24:1-24:17\"><strong>Serie 450 i2-konsoll &#8211; &#8211; &#8211; &#8211; &#8211; &#8211; &#8211; &#8211; &#8211; &#8211; &#8211; &#8211; &#8211; &#8211; &#8211; &#8211; &#8211; &#8211; &#8211; &#8211; &#8211; &#8211; &#8211; &#8211; &#8211; &#8211; &#8211; &#8211; &#8211; &#8211; &#8211; &#8211; &#8211; &#8211; &#8211; &#8211; &#8211; &#8211; &#8211; &#8211; &#8211; &#8211; &#8211; &#8211; &#8211; &#8211; &#8211; &#8211; &#8211; &#8211; &#8211; &#8211; &#8211; &#8211; &#8211; &#8211; &#8211; &#8211; &#8211; &#8211; &#8211; &#8211; &#8211; &#8211; &#8211; &#8211; &#8211; &#8211; &#8211; &#8211; &#8211; &#8211; &#8211; &#8211; &#8211; &#8211; &#8211; &#8211; &#8211; &#8211; &#8211; <\/strong><strong>Interaktiv funksjonalitet<\/strong><\/p>\n<p data-sourcepos=\"28:1-28:226\">Den 12-tommers LCD-skjermen kombinerer funksjonalitet og estetikk, og gir et rent og lettlest brukergrensesnitt. Den er det perfekte valget for anlegg som setter pris p\u00e5 b\u00e5de design og ytelse. <\/p>\n","protected":false},"excerpt":{"rendered":"<p>Liggesykkelen er designet med ergonomisk presisjon og st\u00f8tter kroppens naturlige holdning for en jevn og sk\u00e5nsom trenings\u00f8kt.<\/p>\n","protected":false},"featured_media":29211,"comment_status":"closed","ping_status":"closed","template":"","meta":{"_acf_changed":false,"_monsterinsights_skip_tracking":false,"_monsterinsights_sitenote_active":false,"_monsterinsights_sitenote_note":"","_monsterinsights_sitenote_category":0},"product_brand":[],"product_cat":[803,499,476],"product_tag":[804],"class_list":{"0":"post-33167","1":"product","2":"type-product","3":"status-publish","4":"has-post-thumbnail","6":"product_cat-450-i2-serien","7":"product_cat-intenza-no","8":"product_cat-sykler","9":"product_tag-intenza-450-i2-no","11":"first","12":"instock","13":"taxable","14":"shipping-taxable","15":"purchasable","16":"product-type-simple"},"acf":[],"yoast_head":"<!-- This site is optimized with the Yoast SEO plugin v27.5 - https:\/\/yoast.com\/product\/yoast-seo-wordpress\/ -->\n<title>Liggesykkel 450 i2 (for trening med lav intensitet) - Motionfitness<\/title>\n<meta name=\"description\" content=\"450 i2 Recumbent Bike er ideell for trening med lav intensitet. Komfortabel ryggst\u00f8tte og justerbar motstand gj\u00f8r treningen smidig og sk\u00e5nsom.\" \/>\n<meta name=\"robots\" content=\"index, follow, max-snippet:-1, max-image-preview:large, max-video-preview:-1\" \/>\n<link rel=\"canonical\" href=\"https:\/\/motionfitness.se\/no\/produkter\/liggesykkel-450-i2\/\" \/>\n<meta property=\"og:locale\" content=\"nb_NO\" \/>\n<meta property=\"og:type\" content=\"article\" \/>\n<meta property=\"og:title\" content=\"Liggesykkel 450 i2 (for trening med lav intensitet) - Motionfitness\" \/>\n<meta property=\"og:description\" content=\"450 i2 Recumbent Bike er ideell for trening med lav intensitet. Komfortabel ryggst\u00f8tte og justerbar motstand gj\u00f8r treningen smidig og sk\u00e5nsom.\" \/>\n<meta property=\"og:url\" content=\"https:\/\/motionfitness.se\/no\/produkter\/liggesykkel-450-i2\/\" \/>\n<meta property=\"og:site_name\" content=\"Motion Fitness\" \/>\n<meta property=\"article:publisher\" content=\"https:\/\/www.facebook.com\/motionfitnesssverige\/\" \/>\n<meta property=\"article:modified_time\" content=\"2026-04-27T12:00:34+00:00\" \/>\n<meta property=\"og:image\" content=\"https:\/\/motionfitness.se\/wp-content\/uploads\/2024\/10\/Recumbent-Bike-450i2.png\" \/>\n\t<meta property=\"og:image:width\" content=\"1080\" \/>\n\t<meta property=\"og:image:height\" content=\"1080\" \/>\n\t<meta property=\"og:image:type\" content=\"image\/png\" \/>\n<meta name=\"twitter:card\" content=\"summary_large_image\" \/>\n<meta name=\"twitter:label1\" content=\"Ansl. lesetid\" \/>\n\t<meta name=\"twitter:data1\" content=\"2 minutter\" \/>\n<script type=\"application\/ld+json\" class=\"yoast-schema-graph\">{\"@context\":\"https:\\\/\\\/schema.org\",\"@graph\":[{\"@type\":\"WebPage\",\"@id\":\"https:\\\/\\\/motionfitness.se\\\/no\\\/produkter\\\/liggesykkel-450-i2\\\/\",\"url\":\"https:\\\/\\\/motionfitness.se\\\/no\\\/produkter\\\/liggesykkel-450-i2\\\/\",\"name\":\"Liggesykkel 450 i2 (for trening med lav intensitet) - Motionfitness\",\"isPartOf\":{\"@id\":\"https:\\\/\\\/motionfitness.se\\\/no\\\/#website\"},\"primaryImageOfPage\":{\"@id\":\"https:\\\/\\\/motionfitness.se\\\/no\\\/produkter\\\/liggesykkel-450-i2\\\/#primaryimage\"},\"image\":{\"@id\":\"https:\\\/\\\/motionfitness.se\\\/no\\\/produkter\\\/liggesykkel-450-i2\\\/#primaryimage\"},\"thumbnailUrl\":\"https:\\\/\\\/motionfitness.se\\\/wp-content\\\/uploads\\\/2024\\\/10\\\/Recumbent-Bike-450i2.png\",\"datePublished\":\"2024-10-22T12:44:03+00:00\",\"dateModified\":\"2026-04-27T12:00:34+00:00\",\"description\":\"450 i2 Recumbent Bike er ideell for trening med lav intensitet. Komfortabel ryggst\u00f8tte og justerbar motstand gj\u00f8r treningen smidig og sk\u00e5nsom.\",\"breadcrumb\":{\"@id\":\"https:\\\/\\\/motionfitness.se\\\/no\\\/produkter\\\/liggesykkel-450-i2\\\/#breadcrumb\"},\"inLanguage\":\"nb-NO\",\"potentialAction\":[{\"@type\":\"ReadAction\",\"target\":[\"https:\\\/\\\/motionfitness.se\\\/no\\\/produkter\\\/liggesykkel-450-i2\\\/\"]}]},{\"@type\":\"ImageObject\",\"inLanguage\":\"nb-NO\",\"@id\":\"https:\\\/\\\/motionfitness.se\\\/no\\\/produkter\\\/liggesykkel-450-i2\\\/#primaryimage\",\"url\":\"https:\\\/\\\/motionfitness.se\\\/wp-content\\\/uploads\\\/2024\\\/10\\\/Recumbent-Bike-450i2.png\",\"contentUrl\":\"https:\\\/\\\/motionfitness.se\\\/wp-content\\\/uploads\\\/2024\\\/10\\\/Recumbent-Bike-450i2.png\",\"width\":1080,\"height\":1080,\"caption\":\"Intenza Liggesykkel RBi2\"},{\"@type\":\"BreadcrumbList\",\"@id\":\"https:\\\/\\\/motionfitness.se\\\/no\\\/produkter\\\/liggesykkel-450-i2\\\/#breadcrumb\",\"itemListElement\":[{\"@type\":\"ListItem\",\"position\":1,\"name\":\"Hem\",\"item\":\"https:\\\/\\\/motionfitness.se\\\/no\\\/startside\\\/\"},{\"@type\":\"ListItem\",\"position\":2,\"name\":\"Produkter\",\"item\":\"https:\\\/\\\/motionfitness.se\\\/no\\\/produkter\\\/\"},{\"@type\":\"ListItem\",\"position\":3,\"name\":\"Liggesykkel 450 i2\"}]},{\"@type\":\"WebSite\",\"@id\":\"https:\\\/\\\/motionfitness.se\\\/no\\\/#website\",\"url\":\"https:\\\/\\\/motionfitness.se\\\/no\\\/\",\"name\":\"Motion Fitness\",\"description\":\"Stronger Together\",\"publisher\":{\"@id\":\"https:\\\/\\\/motionfitness.se\\\/no\\\/#organization\"},\"potentialAction\":[{\"@type\":\"SearchAction\",\"target\":{\"@type\":\"EntryPoint\",\"urlTemplate\":\"https:\\\/\\\/motionfitness.se\\\/no\\\/?s={search_term_string}\"},\"query-input\":{\"@type\":\"PropertyValueSpecification\",\"valueRequired\":true,\"valueName\":\"search_term_string\"}}],\"inLanguage\":\"nb-NO\"},{\"@type\":\"Organization\",\"@id\":\"https:\\\/\\\/motionfitness.se\\\/no\\\/#organization\",\"name\":\"Motion Fitness\",\"url\":\"https:\\\/\\\/motionfitness.se\\\/no\\\/\",\"logo\":{\"@type\":\"ImageObject\",\"inLanguage\":\"nb-NO\",\"@id\":\"https:\\\/\\\/motionfitness.se\\\/no\\\/#\\\/schema\\\/logo\\\/image\\\/\",\"url\":\"https:\\\/\\\/motionfitness.se\\\/wp-content\\\/uploads\\\/2024\\\/01\\\/Motion-Fitness-Logol.png\",\"contentUrl\":\"https:\\\/\\\/motionfitness.se\\\/wp-content\\\/uploads\\\/2024\\\/01\\\/Motion-Fitness-Logol.png\",\"width\":1280,\"height\":720,\"caption\":\"Motion Fitness\"},\"image\":{\"@id\":\"https:\\\/\\\/motionfitness.se\\\/no\\\/#\\\/schema\\\/logo\\\/image\\\/\"},\"sameAs\":[\"https:\\\/\\\/www.facebook.com\\\/motionfitnesssverige\\\/\",\"https:\\\/\\\/www.instagram.com\\\/motionfitness.se\\\/\"]}]}<\/script>\n<!-- \/ Yoast SEO plugin. -->","yoast_head_json":{"title":"Liggesykkel 450 i2 (for trening med lav intensitet) - Motionfitness","description":"450 i2 Recumbent Bike er ideell for trening med lav intensitet. Komfortabel ryggst\u00f8tte og justerbar motstand gj\u00f8r treningen smidig og sk\u00e5nsom.","robots":{"index":"index","follow":"follow","max-snippet":"max-snippet:-1","max-image-preview":"max-image-preview:large","max-video-preview":"max-video-preview:-1"},"canonical":"https:\/\/motionfitness.se\/no\/produkter\/liggesykkel-450-i2\/","og_locale":"nb_NO","og_type":"article","og_title":"Liggesykkel 450 i2 (for trening med lav intensitet) - Motionfitness","og_description":"450 i2 Recumbent Bike er ideell for trening med lav intensitet. Komfortabel ryggst\u00f8tte og justerbar motstand gj\u00f8r treningen smidig og sk\u00e5nsom.","og_url":"https:\/\/motionfitness.se\/no\/produkter\/liggesykkel-450-i2\/","og_site_name":"Motion Fitness","article_publisher":"https:\/\/www.facebook.com\/motionfitnesssverige\/","article_modified_time":"2026-04-27T12:00:34+00:00","og_image":[{"width":1080,"height":1080,"url":"https:\/\/motionfitness.se\/wp-content\/uploads\/2024\/10\/Recumbent-Bike-450i2.png","type":"image\/png"}],"twitter_card":"summary_large_image","twitter_misc":{"Ansl. lesetid":"2 minutter"},"schema":{"@context":"https:\/\/schema.org","@graph":[{"@type":"WebPage","@id":"https:\/\/motionfitness.se\/no\/produkter\/liggesykkel-450-i2\/","url":"https:\/\/motionfitness.se\/no\/produkter\/liggesykkel-450-i2\/","name":"Liggesykkel 450 i2 (for trening med lav intensitet) - Motionfitness","isPartOf":{"@id":"https:\/\/motionfitness.se\/no\/#website"},"primaryImageOfPage":{"@id":"https:\/\/motionfitness.se\/no\/produkter\/liggesykkel-450-i2\/#primaryimage"},"image":{"@id":"https:\/\/motionfitness.se\/no\/produkter\/liggesykkel-450-i2\/#primaryimage"},"thumbnailUrl":"https:\/\/motionfitness.se\/wp-content\/uploads\/2024\/10\/Recumbent-Bike-450i2.png","datePublished":"2024-10-22T12:44:03+00:00","dateModified":"2026-04-27T12:00:34+00:00","description":"450 i2 Recumbent Bike er ideell for trening med lav intensitet. Komfortabel ryggst\u00f8tte og justerbar motstand gj\u00f8r treningen smidig og sk\u00e5nsom.","breadcrumb":{"@id":"https:\/\/motionfitness.se\/no\/produkter\/liggesykkel-450-i2\/#breadcrumb"},"inLanguage":"nb-NO","potentialAction":[{"@type":"ReadAction","target":["https:\/\/motionfitness.se\/no\/produkter\/liggesykkel-450-i2\/"]}]},{"@type":"ImageObject","inLanguage":"nb-NO","@id":"https:\/\/motionfitness.se\/no\/produkter\/liggesykkel-450-i2\/#primaryimage","url":"https:\/\/motionfitness.se\/wp-content\/uploads\/2024\/10\/Recumbent-Bike-450i2.png","contentUrl":"https:\/\/motionfitness.se\/wp-content\/uploads\/2024\/10\/Recumbent-Bike-450i2.png","width":1080,"height":1080,"caption":"Intenza Liggesykkel RBi2"},{"@type":"BreadcrumbList","@id":"https:\/\/motionfitness.se\/no\/produkter\/liggesykkel-450-i2\/#breadcrumb","itemListElement":[{"@type":"ListItem","position":1,"name":"Hem","item":"https:\/\/motionfitness.se\/no\/startside\/"},{"@type":"ListItem","position":2,"name":"Produkter","item":"https:\/\/motionfitness.se\/no\/produkter\/"},{"@type":"ListItem","position":3,"name":"Liggesykkel 450 i2"}]},{"@type":"WebSite","@id":"https:\/\/motionfitness.se\/no\/#website","url":"https:\/\/motionfitness.se\/no\/","name":"Motion Fitness","description":"Stronger Together","publisher":{"@id":"https:\/\/motionfitness.se\/no\/#organization"},"potentialAction":[{"@type":"SearchAction","target":{"@type":"EntryPoint","urlTemplate":"https:\/\/motionfitness.se\/no\/?s={search_term_string}"},"query-input":{"@type":"PropertyValueSpecification","valueRequired":true,"valueName":"search_term_string"}}],"inLanguage":"nb-NO"},{"@type":"Organization","@id":"https:\/\/motionfitness.se\/no\/#organization","name":"Motion Fitness","url":"https:\/\/motionfitness.se\/no\/","logo":{"@type":"ImageObject","inLanguage":"nb-NO","@id":"https:\/\/motionfitness.se\/no\/#\/schema\/logo\/image\/","url":"https:\/\/motionfitness.se\/wp-content\/uploads\/2024\/01\/Motion-Fitness-Logol.png","contentUrl":"https:\/\/motionfitness.se\/wp-content\/uploads\/2024\/01\/Motion-Fitness-Logol.png","width":1280,"height":720,"caption":"Motion Fitness"},"image":{"@id":"https:\/\/motionfitness.se\/no\/#\/schema\/logo\/image\/"},"sameAs":["https:\/\/www.facebook.com\/motionfitnesssverige\/","https:\/\/www.instagram.com\/motionfitness.se\/"]}]}},"_links":{"self":[{"href":"https:\/\/motionfitness.se\/no\/wp-json\/wp\/v2\/product\/33167","targetHints":{"allow":["GET"]}}],"collection":[{"href":"https:\/\/motionfitness.se\/no\/wp-json\/wp\/v2\/product"}],"about":[{"href":"https:\/\/motionfitness.se\/no\/wp-json\/wp\/v2\/types\/product"}],"replies":[{"embeddable":true,"href":"https:\/\/motionfitness.se\/no\/wp-json\/wp\/v2\/comments?post=33167"}],"wp:featuredmedia":[{"embeddable":true,"href":"https:\/\/motionfitness.se\/no\/wp-json\/wp\/v2\/media\/29211"}],"wp:attachment":[{"href":"https:\/\/motionfitness.se\/no\/wp-json\/wp\/v2\/media?parent=33167"}],"wp:term":[{"taxonomy":"product_brand","embeddable":true,"href":"https:\/\/motionfitness.se\/no\/wp-json\/wp\/v2\/product_brand?post=33167"},{"taxonomy":"product_cat","embeddable":true,"href":"https:\/\/motionfitness.se\/no\/wp-json\/wp\/v2\/product_cat?post=33167"},{"taxonomy":"product_tag","embeddable":true,"href":"https:\/\/motionfitness.se\/no\/wp-json\/wp\/v2\/product_tag?post=33167"}],"curies":[{"name":"wp","href":"https:\/\/api.w.org\/{rel}","templated":true}]}}