{"id":33153,"date":"2024-08-23T13:00:33","date_gmt":"2024-08-23T11:00:33","guid":{"rendered":"https:\/\/motionfitness.se\/produkter\/deltoideus-bak\/"},"modified":"2026-04-27T13:56:39","modified_gmt":"2026-04-27T11:56:39","slug":"deltoideus-bak","status":"publish","type":"product","link":"https:\/\/motionfitness.se\/no\/produkter\/back-deltoid\/","title":{"rendered":"Deltoideus bak"},"content":{"rendered":"<p data-sourcepos=\"1:1-1:51\"><strong>Tren skuldrene effektivt med Back Deltoids!<\/strong><\/p>\n<p data-sourcepos=\"3:1-3:117\"><strong>Back Deltoids er spesielt utviklet for \u00e5 isolere og trene den bakre delen av skuldermuskelen (deltoideus posterior).<\/strong><\/p>\n<p data-sourcepos=\"5:1-5:113\">Denne maskinen gir deg en fokusert og effektiv trenings\u00f8kt som hjelper deg med \u00e5 bygge styrke og definisjon i skuldrene.<\/p>\n<p data-sourcepos=\"7:1-7:13\"><strong>Fordeler:<\/strong><\/p>\n<ul data-sourcepos=\"9:1-14:0\">\n<li data-sourcepos=\"9:1-9:74\"><strong>Isolert trening:<\/strong> treffer baksiden av skuldrene med presisjon.<\/li>\n<li data-sourcepos=\"10:1-10:89\"><strong>Justerbart sete:<\/strong> Gassassistert h\u00f8ydejustering gj\u00f8r det enkelt \u00e5 finne riktig posisjon.<\/li>\n<li data-sourcepos=\"11:1-11:102\"><strong>Mono- og bilateral trening:<\/strong> Uavhengige spaker muliggj\u00f8r b\u00e5de enkel- og dobbeltsidig trening.<\/li>\n<li data-sourcepos=\"12:1-12:110\"><strong>Fysiologisk belastningskurve:<\/strong> Optimaliserer motstanden gjennom hele bevegelsesbanen for maksimal muskelaktivering.<\/li>\n<li data-sourcepos=\"13:1-14:0\"><strong>Fj\u00e6rmotvekt:<\/strong> Reduserer vekten p\u00e5 de bevegelige delene, noe som gir en jevnere og mer kontrollert bevegelse.<\/li>\n<\/ul>\n<p data-sourcepos=\"15:1-15:79\"><strong>Opplev forskjellen med Back Deltoids og ta skuldertreningen din til neste niv\u00e5!<\/strong><\/p>\n","protected":false},"excerpt":{"rendered":"<p><strong>Back Deltoids er spesielt utviklet for \u00e5 isolere og trene den bakre delen av skuldermuskelen (deltoideus posterior).<\/strong><\/p>\n","protected":false},"featured_media":29358,"comment_status":"open","ping_status":"closed","template":"","meta":{"_acf_changed":false,"_monsterinsights_skip_tracking":false,"_monsterinsights_sitenote_active":false,"_monsterinsights_sitenote_note":"","_monsterinsights_sitenote_category":0},"product_brand":[],"product_cat":[789,441,528,567],"product_tag":[790],"class_list":{"0":"post-33153","1":"product","2":"type-product","3":"status-publish","4":"has-post-thumbnail","6":"product_cat-freeweight-one-no","7":"product_cat-panatta-no","8":"product_cat-produktnyheter-no","9":"product_cat-skuldre","10":"product_tag-ny","12":"first","13":"instock","14":"taxable","15":"shipping-taxable","16":"purchasable","17":"product-type-simple"},"acf":[],"yoast_head":"<!-- This site is optimized with the Yoast SEO plugin v27.5 - https:\/\/yoast.com\/product\/yoast-seo-wordpress\/ -->\n<title>Deltoideus bak | Motion Fitness<\/title>\n<meta name=\"description\" content=\"Back Deltoids er spesielt utviklet for \u00e5 isolere og trene den bakre delen av skuldermuskelen (deltoideus posterior). Tren skuldrene effektivt med Panatta!\" \/>\n<meta name=\"robots\" content=\"index, follow, max-snippet:-1, max-image-preview:large, max-video-preview:-1\" \/>\n<link rel=\"canonical\" href=\"https:\/\/motionfitness.se\/no\/produkter\/back-deltoid\/\" \/>\n<meta property=\"og:locale\" content=\"nb_NO\" \/>\n<meta property=\"og:type\" content=\"article\" \/>\n<meta property=\"og:title\" content=\"Deltoideus bak | Motion Fitness\" \/>\n<meta property=\"og:description\" content=\"Back Deltoids er spesielt utviklet for \u00e5 isolere og trene den bakre delen av skuldermuskelen (deltoideus posterior). Tren skuldrene effektivt med Panatta!\" \/>\n<meta property=\"og:url\" content=\"https:\/\/motionfitness.se\/no\/produkter\/back-deltoid\/\" \/>\n<meta property=\"og:site_name\" content=\"Motion Fitness\" \/>\n<meta property=\"article:publisher\" content=\"https:\/\/www.facebook.com\/motionfitnesssverige\/\" \/>\n<meta property=\"article:modified_time\" content=\"2026-04-27T11:56:39+00:00\" \/>\n<meta property=\"og:image\" content=\"https:\/\/motionfitness.se\/wp-content\/uploads\/2024\/08\/Back-Deltoid-FreeWeight-One.png\" \/>\n\t<meta property=\"og:image:width\" content=\"1080\" \/>\n\t<meta property=\"og:image:height\" content=\"1080\" \/>\n\t<meta property=\"og:image:type\" content=\"image\/png\" \/>\n<meta name=\"twitter:card\" content=\"summary_large_image\" \/>\n<meta name=\"twitter:label1\" content=\"Ansl. lesetid\" \/>\n\t<meta name=\"twitter:data1\" content=\"1 minutt\" \/>\n<script type=\"application\/ld+json\" class=\"yoast-schema-graph\">{\"@context\":\"https:\\\/\\\/schema.org\",\"@graph\":[{\"@type\":\"WebPage\",\"@id\":\"https:\\\/\\\/motionfitness.se\\\/no\\\/produkter\\\/back-deltoid\\\/\",\"url\":\"https:\\\/\\\/motionfitness.se\\\/no\\\/produkter\\\/back-deltoid\\\/\",\"name\":\"Deltoideus bak | Motion Fitness\",\"isPartOf\":{\"@id\":\"https:\\\/\\\/motionfitness.se\\\/no\\\/#website\"},\"primaryImageOfPage\":{\"@id\":\"https:\\\/\\\/motionfitness.se\\\/no\\\/produkter\\\/back-deltoid\\\/#primaryimage\"},\"image\":{\"@id\":\"https:\\\/\\\/motionfitness.se\\\/no\\\/produkter\\\/back-deltoid\\\/#primaryimage\"},\"thumbnailUrl\":\"https:\\\/\\\/motionfitness.se\\\/wp-content\\\/uploads\\\/2024\\\/08\\\/Back-Deltoid-FreeWeight-One.png\",\"datePublished\":\"2024-08-23T11:00:33+00:00\",\"dateModified\":\"2026-04-27T11:56:39+00:00\",\"description\":\"Back Deltoids er spesielt utviklet for \u00e5 isolere og trene den bakre delen av skuldermuskelen (deltoideus posterior). Tren skuldrene effektivt med Panatta!\",\"breadcrumb\":{\"@id\":\"https:\\\/\\\/motionfitness.se\\\/no\\\/produkter\\\/back-deltoid\\\/#breadcrumb\"},\"inLanguage\":\"nb-NO\",\"potentialAction\":[{\"@type\":\"ReadAction\",\"target\":[\"https:\\\/\\\/motionfitness.se\\\/no\\\/produkter\\\/back-deltoid\\\/\"]}]},{\"@type\":\"ImageObject\",\"inLanguage\":\"nb-NO\",\"@id\":\"https:\\\/\\\/motionfitness.se\\\/no\\\/produkter\\\/back-deltoid\\\/#primaryimage\",\"url\":\"https:\\\/\\\/motionfitness.se\\\/wp-content\\\/uploads\\\/2024\\\/08\\\/Back-Deltoid-FreeWeight-One.png\",\"contentUrl\":\"https:\\\/\\\/motionfitness.se\\\/wp-content\\\/uploads\\\/2024\\\/08\\\/Back-Deltoid-FreeWeight-One.png\",\"width\":1080,\"height\":1080,\"caption\":\"Rygg Deltoid FreeWeight One\"},{\"@type\":\"BreadcrumbList\",\"@id\":\"https:\\\/\\\/motionfitness.se\\\/no\\\/produkter\\\/back-deltoid\\\/#breadcrumb\",\"itemListElement\":[{\"@type\":\"ListItem\",\"position\":1,\"name\":\"Hem\",\"item\":\"https:\\\/\\\/motionfitness.se\\\/no\\\/startside\\\/\"},{\"@type\":\"ListItem\",\"position\":2,\"name\":\"Produkter\",\"item\":\"https:\\\/\\\/motionfitness.se\\\/no\\\/produkter\\\/\"},{\"@type\":\"ListItem\",\"position\":3,\"name\":\"Deltoideus bak\"}]},{\"@type\":\"WebSite\",\"@id\":\"https:\\\/\\\/motionfitness.se\\\/no\\\/#website\",\"url\":\"https:\\\/\\\/motionfitness.se\\\/no\\\/\",\"name\":\"Motion Fitness\",\"description\":\"Stronger Together\",\"publisher\":{\"@id\":\"https:\\\/\\\/motionfitness.se\\\/no\\\/#organization\"},\"potentialAction\":[{\"@type\":\"SearchAction\",\"target\":{\"@type\":\"EntryPoint\",\"urlTemplate\":\"https:\\\/\\\/motionfitness.se\\\/no\\\/?s={search_term_string}\"},\"query-input\":{\"@type\":\"PropertyValueSpecification\",\"valueRequired\":true,\"valueName\":\"search_term_string\"}}],\"inLanguage\":\"nb-NO\"},{\"@type\":\"Organization\",\"@id\":\"https:\\\/\\\/motionfitness.se\\\/no\\\/#organization\",\"name\":\"Motion Fitness\",\"url\":\"https:\\\/\\\/motionfitness.se\\\/no\\\/\",\"logo\":{\"@type\":\"ImageObject\",\"inLanguage\":\"nb-NO\",\"@id\":\"https:\\\/\\\/motionfitness.se\\\/no\\\/#\\\/schema\\\/logo\\\/image\\\/\",\"url\":\"https:\\\/\\\/motionfitness.se\\\/wp-content\\\/uploads\\\/2024\\\/01\\\/Motion-Fitness-Logol.png\",\"contentUrl\":\"https:\\\/\\\/motionfitness.se\\\/wp-content\\\/uploads\\\/2024\\\/01\\\/Motion-Fitness-Logol.png\",\"width\":1280,\"height\":720,\"caption\":\"Motion Fitness\"},\"image\":{\"@id\":\"https:\\\/\\\/motionfitness.se\\\/no\\\/#\\\/schema\\\/logo\\\/image\\\/\"},\"sameAs\":[\"https:\\\/\\\/www.facebook.com\\\/motionfitnesssverige\\\/\",\"https:\\\/\\\/www.instagram.com\\\/motionfitness.se\\\/\"]}]}<\/script>\n<!-- \/ Yoast SEO plugin. -->","yoast_head_json":{"title":"Deltoideus bak | Motion Fitness","description":"Back Deltoids er spesielt utviklet for \u00e5 isolere og trene den bakre delen av skuldermuskelen (deltoideus posterior). Tren skuldrene effektivt med Panatta!","robots":{"index":"index","follow":"follow","max-snippet":"max-snippet:-1","max-image-preview":"max-image-preview:large","max-video-preview":"max-video-preview:-1"},"canonical":"https:\/\/motionfitness.se\/no\/produkter\/back-deltoid\/","og_locale":"nb_NO","og_type":"article","og_title":"Deltoideus bak | Motion Fitness","og_description":"Back Deltoids er spesielt utviklet for \u00e5 isolere og trene den bakre delen av skuldermuskelen (deltoideus posterior). Tren skuldrene effektivt med Panatta!","og_url":"https:\/\/motionfitness.se\/no\/produkter\/back-deltoid\/","og_site_name":"Motion Fitness","article_publisher":"https:\/\/www.facebook.com\/motionfitnesssverige\/","article_modified_time":"2026-04-27T11:56:39+00:00","og_image":[{"width":1080,"height":1080,"url":"https:\/\/motionfitness.se\/wp-content\/uploads\/2024\/08\/Back-Deltoid-FreeWeight-One.png","type":"image\/png"}],"twitter_card":"summary_large_image","twitter_misc":{"Ansl. lesetid":"1 minutt"},"schema":{"@context":"https:\/\/schema.org","@graph":[{"@type":"WebPage","@id":"https:\/\/motionfitness.se\/no\/produkter\/back-deltoid\/","url":"https:\/\/motionfitness.se\/no\/produkter\/back-deltoid\/","name":"Deltoideus bak | Motion Fitness","isPartOf":{"@id":"https:\/\/motionfitness.se\/no\/#website"},"primaryImageOfPage":{"@id":"https:\/\/motionfitness.se\/no\/produkter\/back-deltoid\/#primaryimage"},"image":{"@id":"https:\/\/motionfitness.se\/no\/produkter\/back-deltoid\/#primaryimage"},"thumbnailUrl":"https:\/\/motionfitness.se\/wp-content\/uploads\/2024\/08\/Back-Deltoid-FreeWeight-One.png","datePublished":"2024-08-23T11:00:33+00:00","dateModified":"2026-04-27T11:56:39+00:00","description":"Back Deltoids er spesielt utviklet for \u00e5 isolere og trene den bakre delen av skuldermuskelen (deltoideus posterior). Tren skuldrene effektivt med Panatta!","breadcrumb":{"@id":"https:\/\/motionfitness.se\/no\/produkter\/back-deltoid\/#breadcrumb"},"inLanguage":"nb-NO","potentialAction":[{"@type":"ReadAction","target":["https:\/\/motionfitness.se\/no\/produkter\/back-deltoid\/"]}]},{"@type":"ImageObject","inLanguage":"nb-NO","@id":"https:\/\/motionfitness.se\/no\/produkter\/back-deltoid\/#primaryimage","url":"https:\/\/motionfitness.se\/wp-content\/uploads\/2024\/08\/Back-Deltoid-FreeWeight-One.png","contentUrl":"https:\/\/motionfitness.se\/wp-content\/uploads\/2024\/08\/Back-Deltoid-FreeWeight-One.png","width":1080,"height":1080,"caption":"Rygg Deltoid FreeWeight One"},{"@type":"BreadcrumbList","@id":"https:\/\/motionfitness.se\/no\/produkter\/back-deltoid\/#breadcrumb","itemListElement":[{"@type":"ListItem","position":1,"name":"Hem","item":"https:\/\/motionfitness.se\/no\/startside\/"},{"@type":"ListItem","position":2,"name":"Produkter","item":"https:\/\/motionfitness.se\/no\/produkter\/"},{"@type":"ListItem","position":3,"name":"Deltoideus bak"}]},{"@type":"WebSite","@id":"https:\/\/motionfitness.se\/no\/#website","url":"https:\/\/motionfitness.se\/no\/","name":"Motion Fitness","description":"Stronger Together","publisher":{"@id":"https:\/\/motionfitness.se\/no\/#organization"},"potentialAction":[{"@type":"SearchAction","target":{"@type":"EntryPoint","urlTemplate":"https:\/\/motionfitness.se\/no\/?s={search_term_string}"},"query-input":{"@type":"PropertyValueSpecification","valueRequired":true,"valueName":"search_term_string"}}],"inLanguage":"nb-NO"},{"@type":"Organization","@id":"https:\/\/motionfitness.se\/no\/#organization","name":"Motion Fitness","url":"https:\/\/motionfitness.se\/no\/","logo":{"@type":"ImageObject","inLanguage":"nb-NO","@id":"https:\/\/motionfitness.se\/no\/#\/schema\/logo\/image\/","url":"https:\/\/motionfitness.se\/wp-content\/uploads\/2024\/01\/Motion-Fitness-Logol.png","contentUrl":"https:\/\/motionfitness.se\/wp-content\/uploads\/2024\/01\/Motion-Fitness-Logol.png","width":1280,"height":720,"caption":"Motion Fitness"},"image":{"@id":"https:\/\/motionfitness.se\/no\/#\/schema\/logo\/image\/"},"sameAs":["https:\/\/www.facebook.com\/motionfitnesssverige\/","https:\/\/www.instagram.com\/motionfitness.se\/"]}]}},"_links":{"self":[{"href":"https:\/\/motionfitness.se\/no\/wp-json\/wp\/v2\/product\/33153","targetHints":{"allow":["GET"]}}],"collection":[{"href":"https:\/\/motionfitness.se\/no\/wp-json\/wp\/v2\/product"}],"about":[{"href":"https:\/\/motionfitness.se\/no\/wp-json\/wp\/v2\/types\/product"}],"replies":[{"embeddable":true,"href":"https:\/\/motionfitness.se\/no\/wp-json\/wp\/v2\/comments?post=33153"}],"wp:featuredmedia":[{"embeddable":true,"href":"https:\/\/motionfitness.se\/no\/wp-json\/wp\/v2\/media\/29358"}],"wp:attachment":[{"href":"https:\/\/motionfitness.se\/no\/wp-json\/wp\/v2\/media?parent=33153"}],"wp:term":[{"taxonomy":"product_brand","embeddable":true,"href":"https:\/\/motionfitness.se\/no\/wp-json\/wp\/v2\/product_brand?post=33153"},{"taxonomy":"product_cat","embeddable":true,"href":"https:\/\/motionfitness.se\/no\/wp-json\/wp\/v2\/product_cat?post=33153"},{"taxonomy":"product_tag","embeddable":true,"href":"https:\/\/motionfitness.se\/no\/wp-json\/wp\/v2\/product_tag?post=33153"}],"curies":[{"name":"wp","href":"https:\/\/api.w.org\/{rel}","templated":true}]}}