{"id":33152,"date":"2024-08-23T13:00:34","date_gmt":"2024-08-23T11:00:34","guid":{"rendered":"https:\/\/motionfitness.se\/produkter\/pendel-kneboy\/"},"modified":"2024-08-23T13:00:34","modified_gmt":"2024-08-23T11:00:34","slug":"pendel-kneboy","status":"publish","type":"product","link":"https:\/\/motionfitness.se\/no\/produkter\/pendulum-squat\/","title":{"rendered":"Pendel kneb\u00f8y"},"content":{"rendered":"<p data-sourcepos=\"1:1-1:39\"><strong>Bygg sterke ben med pendelkneb\u00f8y!<\/strong><\/p>\n<p data-sourcepos=\"3:1-3:123\"><strong>F\u00e5 mest mulig ut av beintreningen med Pendulum Squat &#8211; en unik maskin som kombinerer fordelene med kneb\u00f8y og beinpress.<\/strong><\/p>\n<p data-sourcepos=\"5:1-5:180\">Pendulum Squat er ideell for trening av hele l\u00e5rmuskulaturen, med fokus p\u00e5 quadriceps. Den guidede bevegelsesbanen gir en effektiv og trygg trenings\u00f8kt som er sk\u00e5nsom for kn\u00e6r og rygg. <\/p>\n<p data-sourcepos=\"7:1-7:13\"><strong>Fordeler:<\/strong><\/p>\n<ul data-sourcepos=\"9:1-14:0\">\n<li data-sourcepos=\"9:1-9:74\"><strong>Effektiv trening:<\/strong> Isolerer og styrker quadriceps p\u00e5 en unik m\u00e5te.<\/li>\n<li data-sourcepos=\"10:1-10:92\"><strong>Sk\u00e5nsom for leddene:<\/strong> Den guidede bevegelsesbanen minimerer belastningen p\u00e5 kn\u00e6r og rygg.<\/li>\n<li data-sourcepos=\"11:1-11:146\"><strong>Passer for alle:<\/strong> Justerbar startposisjon og fj\u00e6rende motvekt gj\u00f8r at maskinen kan tilpasses alle brukere, uansett erfaring og styrkeniv\u00e5.<\/li>\n<li data-sourcepos=\"12:1-12:92\"><strong>Sikkerhet:<\/strong> Utstyrt med en sikkerhetsspak i to h\u00f8yder for \u00e5 sikre trygg trening.<\/li>\n<li data-sourcepos=\"13:1-14:0\"><strong>Komfortabel:<\/strong> Bred og sklisikker plattform (80&#215;60 cm) gir stabilitet og komfort.<\/li>\n<\/ul>\n<p data-sourcepos=\"15:1-15:21\"><strong>Unike funksjoner:<\/strong><\/p>\n<ul data-sourcepos=\"17:1-20:0\">\n<li data-sourcepos=\"17:1-17:82\"><strong>Fysiologisk belastningskurve:<\/strong> Gir optimal motstand gjennom hele bevegelsesomr\u00e5det.<\/li>\n<li data-sourcepos=\"18:1-18:112\"><strong>Fj\u00e6rmotvekt:<\/strong> Reduserer vekten p\u00e5 de bevegelige delene, noe som gir en jevnere og mer kontrollert bevegelse.<\/li>\n<li data-sourcepos=\"19:1-20:0\"><strong>Fysiologisk bevegelsesstart:<\/strong> Gj\u00f8r det enkelt \u00e5 starte treningen p\u00e5 en ergonomisk riktig m\u00e5te.<\/li>\n<\/ul>\n<p data-sourcepos=\"21:1-21:79\"><strong>Opplev forskjellen med Pendulum Squat og ta beintreningen din til neste niv\u00e5!<\/strong><\/p>\n","protected":false},"excerpt":{"rendered":"<p>F\u00e5 mest mulig ut av beintreningen med Pendulum Squat &#8211; en unik maskin som kombinerer fordelene med kneb\u00f8y og beinpress.<\/p>\n","protected":false},"featured_media":29337,"comment_status":"open","ping_status":"closed","template":"","meta":{"_acf_changed":false,"_monsterinsights_skip_tracking":false,"_monsterinsights_sitenote_active":false,"_monsterinsights_sitenote_note":"","_monsterinsights_sitenote_category":0},"product_brand":[],"product_cat":[789,492,441],"product_tag":[790],"class_list":{"0":"post-33152","1":"product","2":"type-product","3":"status-publish","4":"has-post-thumbnail","6":"product_cat-freeweight-one-no","7":"product_cat-nedre-del-av-kroppen","8":"product_cat-panatta-no","9":"product_tag-ny","11":"first","12":"instock","13":"taxable","14":"shipping-taxable","15":"purchasable","16":"product-type-simple"},"acf":[],"yoast_head":"<!-- This site is optimized with the Yoast SEO plugin v27.4 - https:\/\/yoast.com\/product\/yoast-seo-wordpress\/ -->\n<title>Pendel kneb\u00f8y | Motion Fitness<\/title>\n<meta name=\"description\" content=\"Maksimer beintreningen din med Pendulum Squat - en unik maskin som kombinerer fordelene med kneb\u00f8y og beinpress. Ta beintreningen din til neste niv\u00e5!\" \/>\n<meta name=\"robots\" content=\"index, follow, max-snippet:-1, max-image-preview:large, max-video-preview:-1\" \/>\n<link rel=\"canonical\" href=\"https:\/\/motionfitness.se\/no\/produkter\/pendulum-squat\/\" \/>\n<meta property=\"og:locale\" content=\"nb_NO\" \/>\n<meta property=\"og:type\" content=\"article\" \/>\n<meta property=\"og:title\" content=\"Pendel kneb\u00f8y | Motion Fitness\" \/>\n<meta property=\"og:description\" content=\"Maksimer beintreningen din med Pendulum Squat - en unik maskin som kombinerer fordelene med kneb\u00f8y og beinpress. Ta beintreningen din til neste niv\u00e5!\" \/>\n<meta property=\"og:url\" content=\"https:\/\/motionfitness.se\/no\/produkter\/pendulum-squat\/\" \/>\n<meta property=\"og:site_name\" content=\"Motion Fitness\" \/>\n<meta property=\"article:publisher\" content=\"https:\/\/www.facebook.com\/motionfitnesssverige\/\" \/>\n<meta property=\"og:image\" content=\"https:\/\/motionfitness.se\/wp-content\/uploads\/2024\/08\/Pendulum-Squat-FreeWeight-One.png\" \/>\n\t<meta property=\"og:image:width\" content=\"1080\" \/>\n\t<meta property=\"og:image:height\" content=\"1080\" \/>\n\t<meta property=\"og:image:type\" content=\"image\/png\" \/>\n<meta name=\"twitter:card\" content=\"summary_large_image\" \/>\n<meta name=\"twitter:label1\" content=\"Ansl. lesetid\" \/>\n\t<meta name=\"twitter:data1\" content=\"1 minutt\" \/>\n<script type=\"application\/ld+json\" class=\"yoast-schema-graph\">{\"@context\":\"https:\\\/\\\/schema.org\",\"@graph\":[{\"@type\":\"WebPage\",\"@id\":\"https:\\\/\\\/motionfitness.se\\\/no\\\/produkter\\\/pendulum-squat\\\/\",\"url\":\"https:\\\/\\\/motionfitness.se\\\/no\\\/produkter\\\/pendulum-squat\\\/\",\"name\":\"Pendel kneb\u00f8y | Motion Fitness\",\"isPartOf\":{\"@id\":\"https:\\\/\\\/motionfitness.se\\\/no\\\/#website\"},\"primaryImageOfPage\":{\"@id\":\"https:\\\/\\\/motionfitness.se\\\/no\\\/produkter\\\/pendulum-squat\\\/#primaryimage\"},\"image\":{\"@id\":\"https:\\\/\\\/motionfitness.se\\\/no\\\/produkter\\\/pendulum-squat\\\/#primaryimage\"},\"thumbnailUrl\":\"https:\\\/\\\/motionfitness.se\\\/wp-content\\\/uploads\\\/2024\\\/08\\\/Pendulum-Squat-FreeWeight-One.png\",\"datePublished\":\"2024-08-23T11:00:34+00:00\",\"description\":\"Maksimer beintreningen din med Pendulum Squat - en unik maskin som kombinerer fordelene med kneb\u00f8y og beinpress. Ta beintreningen din til neste niv\u00e5!\",\"breadcrumb\":{\"@id\":\"https:\\\/\\\/motionfitness.se\\\/no\\\/produkter\\\/pendulum-squat\\\/#breadcrumb\"},\"inLanguage\":\"nb-NO\",\"potentialAction\":[{\"@type\":\"ReadAction\",\"target\":[\"https:\\\/\\\/motionfitness.se\\\/no\\\/produkter\\\/pendulum-squat\\\/\"]}]},{\"@type\":\"ImageObject\",\"inLanguage\":\"nb-NO\",\"@id\":\"https:\\\/\\\/motionfitness.se\\\/no\\\/produkter\\\/pendulum-squat\\\/#primaryimage\",\"url\":\"https:\\\/\\\/motionfitness.se\\\/wp-content\\\/uploads\\\/2024\\\/08\\\/Pendulum-Squat-FreeWeight-One.png\",\"contentUrl\":\"https:\\\/\\\/motionfitness.se\\\/wp-content\\\/uploads\\\/2024\\\/08\\\/Pendulum-Squat-FreeWeight-One.png\",\"width\":1080,\"height\":1080,\"caption\":\"Pendel kneb\u00f8y fri vekt \u00e9n\"},{\"@type\":\"BreadcrumbList\",\"@id\":\"https:\\\/\\\/motionfitness.se\\\/no\\\/produkter\\\/pendulum-squat\\\/#breadcrumb\",\"itemListElement\":[{\"@type\":\"ListItem\",\"position\":1,\"name\":\"Hem\",\"item\":\"https:\\\/\\\/motionfitness.se\\\/no\\\/startside\\\/\"},{\"@type\":\"ListItem\",\"position\":2,\"name\":\"Produkter\",\"item\":\"https:\\\/\\\/motionfitness.se\\\/no\\\/produkter\\\/\"},{\"@type\":\"ListItem\",\"position\":3,\"name\":\"Pendel kneb\u00f8y\"}]},{\"@type\":\"WebSite\",\"@id\":\"https:\\\/\\\/motionfitness.se\\\/no\\\/#website\",\"url\":\"https:\\\/\\\/motionfitness.se\\\/no\\\/\",\"name\":\"Motion Fitness\",\"description\":\"Stronger Together\",\"publisher\":{\"@id\":\"https:\\\/\\\/motionfitness.se\\\/no\\\/#organization\"},\"potentialAction\":[{\"@type\":\"SearchAction\",\"target\":{\"@type\":\"EntryPoint\",\"urlTemplate\":\"https:\\\/\\\/motionfitness.se\\\/no\\\/?s={search_term_string}\"},\"query-input\":{\"@type\":\"PropertyValueSpecification\",\"valueRequired\":true,\"valueName\":\"search_term_string\"}}],\"inLanguage\":\"nb-NO\"},{\"@type\":\"Organization\",\"@id\":\"https:\\\/\\\/motionfitness.se\\\/no\\\/#organization\",\"name\":\"Motion Fitness\",\"url\":\"https:\\\/\\\/motionfitness.se\\\/no\\\/\",\"logo\":{\"@type\":\"ImageObject\",\"inLanguage\":\"nb-NO\",\"@id\":\"https:\\\/\\\/motionfitness.se\\\/no\\\/#\\\/schema\\\/logo\\\/image\\\/\",\"url\":\"https:\\\/\\\/motionfitness.se\\\/wp-content\\\/uploads\\\/2024\\\/01\\\/Motion-Fitness-Logol.png\",\"contentUrl\":\"https:\\\/\\\/motionfitness.se\\\/wp-content\\\/uploads\\\/2024\\\/01\\\/Motion-Fitness-Logol.png\",\"width\":1280,\"height\":720,\"caption\":\"Motion Fitness\"},\"image\":{\"@id\":\"https:\\\/\\\/motionfitness.se\\\/no\\\/#\\\/schema\\\/logo\\\/image\\\/\"},\"sameAs\":[\"https:\\\/\\\/www.facebook.com\\\/motionfitnesssverige\\\/\",\"https:\\\/\\\/www.instagram.com\\\/motionfitness.se\\\/\"]}]}<\/script>\n<!-- \/ Yoast SEO plugin. -->","yoast_head_json":{"title":"Pendel kneb\u00f8y | Motion Fitness","description":"Maksimer beintreningen din med Pendulum Squat - en unik maskin som kombinerer fordelene med kneb\u00f8y og beinpress. Ta beintreningen din til neste niv\u00e5!","robots":{"index":"index","follow":"follow","max-snippet":"max-snippet:-1","max-image-preview":"max-image-preview:large","max-video-preview":"max-video-preview:-1"},"canonical":"https:\/\/motionfitness.se\/no\/produkter\/pendulum-squat\/","og_locale":"nb_NO","og_type":"article","og_title":"Pendel kneb\u00f8y | Motion Fitness","og_description":"Maksimer beintreningen din med Pendulum Squat - en unik maskin som kombinerer fordelene med kneb\u00f8y og beinpress. Ta beintreningen din til neste niv\u00e5!","og_url":"https:\/\/motionfitness.se\/no\/produkter\/pendulum-squat\/","og_site_name":"Motion Fitness","article_publisher":"https:\/\/www.facebook.com\/motionfitnesssverige\/","og_image":[{"width":1080,"height":1080,"url":"https:\/\/motionfitness.se\/wp-content\/uploads\/2024\/08\/Pendulum-Squat-FreeWeight-One.png","type":"image\/png"}],"twitter_card":"summary_large_image","twitter_misc":{"Ansl. lesetid":"1 minutt"},"schema":{"@context":"https:\/\/schema.org","@graph":[{"@type":"WebPage","@id":"https:\/\/motionfitness.se\/no\/produkter\/pendulum-squat\/","url":"https:\/\/motionfitness.se\/no\/produkter\/pendulum-squat\/","name":"Pendel kneb\u00f8y | Motion Fitness","isPartOf":{"@id":"https:\/\/motionfitness.se\/no\/#website"},"primaryImageOfPage":{"@id":"https:\/\/motionfitness.se\/no\/produkter\/pendulum-squat\/#primaryimage"},"image":{"@id":"https:\/\/motionfitness.se\/no\/produkter\/pendulum-squat\/#primaryimage"},"thumbnailUrl":"https:\/\/motionfitness.se\/wp-content\/uploads\/2024\/08\/Pendulum-Squat-FreeWeight-One.png","datePublished":"2024-08-23T11:00:34+00:00","description":"Maksimer beintreningen din med Pendulum Squat - en unik maskin som kombinerer fordelene med kneb\u00f8y og beinpress. Ta beintreningen din til neste niv\u00e5!","breadcrumb":{"@id":"https:\/\/motionfitness.se\/no\/produkter\/pendulum-squat\/#breadcrumb"},"inLanguage":"nb-NO","potentialAction":[{"@type":"ReadAction","target":["https:\/\/motionfitness.se\/no\/produkter\/pendulum-squat\/"]}]},{"@type":"ImageObject","inLanguage":"nb-NO","@id":"https:\/\/motionfitness.se\/no\/produkter\/pendulum-squat\/#primaryimage","url":"https:\/\/motionfitness.se\/wp-content\/uploads\/2024\/08\/Pendulum-Squat-FreeWeight-One.png","contentUrl":"https:\/\/motionfitness.se\/wp-content\/uploads\/2024\/08\/Pendulum-Squat-FreeWeight-One.png","width":1080,"height":1080,"caption":"Pendel kneb\u00f8y fri vekt \u00e9n"},{"@type":"BreadcrumbList","@id":"https:\/\/motionfitness.se\/no\/produkter\/pendulum-squat\/#breadcrumb","itemListElement":[{"@type":"ListItem","position":1,"name":"Hem","item":"https:\/\/motionfitness.se\/no\/startside\/"},{"@type":"ListItem","position":2,"name":"Produkter","item":"https:\/\/motionfitness.se\/no\/produkter\/"},{"@type":"ListItem","position":3,"name":"Pendel kneb\u00f8y"}]},{"@type":"WebSite","@id":"https:\/\/motionfitness.se\/no\/#website","url":"https:\/\/motionfitness.se\/no\/","name":"Motion Fitness","description":"Stronger Together","publisher":{"@id":"https:\/\/motionfitness.se\/no\/#organization"},"potentialAction":[{"@type":"SearchAction","target":{"@type":"EntryPoint","urlTemplate":"https:\/\/motionfitness.se\/no\/?s={search_term_string}"},"query-input":{"@type":"PropertyValueSpecification","valueRequired":true,"valueName":"search_term_string"}}],"inLanguage":"nb-NO"},{"@type":"Organization","@id":"https:\/\/motionfitness.se\/no\/#organization","name":"Motion Fitness","url":"https:\/\/motionfitness.se\/no\/","logo":{"@type":"ImageObject","inLanguage":"nb-NO","@id":"https:\/\/motionfitness.se\/no\/#\/schema\/logo\/image\/","url":"https:\/\/motionfitness.se\/wp-content\/uploads\/2024\/01\/Motion-Fitness-Logol.png","contentUrl":"https:\/\/motionfitness.se\/wp-content\/uploads\/2024\/01\/Motion-Fitness-Logol.png","width":1280,"height":720,"caption":"Motion Fitness"},"image":{"@id":"https:\/\/motionfitness.se\/no\/#\/schema\/logo\/image\/"},"sameAs":["https:\/\/www.facebook.com\/motionfitnesssverige\/","https:\/\/www.instagram.com\/motionfitness.se\/"]}]}},"_links":{"self":[{"href":"https:\/\/motionfitness.se\/no\/wp-json\/wp\/v2\/product\/33152","targetHints":{"allow":["GET"]}}],"collection":[{"href":"https:\/\/motionfitness.se\/no\/wp-json\/wp\/v2\/product"}],"about":[{"href":"https:\/\/motionfitness.se\/no\/wp-json\/wp\/v2\/types\/product"}],"replies":[{"embeddable":true,"href":"https:\/\/motionfitness.se\/no\/wp-json\/wp\/v2\/comments?post=33152"}],"wp:featuredmedia":[{"embeddable":true,"href":"https:\/\/motionfitness.se\/no\/wp-json\/wp\/v2\/media\/29337"}],"wp:attachment":[{"href":"https:\/\/motionfitness.se\/no\/wp-json\/wp\/v2\/media?parent=33152"}],"wp:term":[{"taxonomy":"product_brand","embeddable":true,"href":"https:\/\/motionfitness.se\/no\/wp-json\/wp\/v2\/product_brand?post=33152"},{"taxonomy":"product_cat","embeddable":true,"href":"https:\/\/motionfitness.se\/no\/wp-json\/wp\/v2\/product_cat?post=33152"},{"taxonomy":"product_tag","embeddable":true,"href":"https:\/\/motionfitness.se\/no\/wp-json\/wp\/v2\/product_tag?post=33152"}],"curies":[{"name":"wp","href":"https:\/\/api.w.org\/{rel}","templated":true}]}}