{"id":33117,"date":"2024-10-16T11:54:32","date_gmt":"2024-10-16T09:54:32","guid":{"rendered":"https:\/\/motionfitness.se\/produkter\/gummierte-cpu-manualer-2-kg-60-kg\/"},"modified":"2026-04-27T14:00:11","modified_gmt":"2026-04-27T12:00:11","slug":"gummierte-cpu-manualer-2-kg-60-kg","status":"publish","type":"product","link":"https:\/\/motionfitness.se\/no\/produkter\/gummierte-cpu-hantler-2kg-60kg\/","title":{"rendered":"Gummierte CPU-manualer 2 kg &#8211; 60 kg"},"content":{"rendered":"<p data-sourcepos=\"3:1-3:81\"><strong>Ta styrketreningen til neste niv\u00e5 med Morion Fitness gummiert CPU-hantel!<\/strong><\/p>\n<p data-sourcepos=\"5:1-5:241\">Denne manualen er designet for \u00e5 gi deg en overlegen treningsopplevelse, enten du er nybegynner eller erfaren idrettsut\u00f8ver. Med sin slitesterke konstruksjon og ergonomiske design gir den deg alt du trenger for \u00e5 n\u00e5 treningsm\u00e5lene dine. <\/p>\n<p data-sourcepos=\"7:1-7:13\"><strong>Fordeler:<\/strong><\/p>\n<ul data-sourcepos=\"9:1-14:0\">\n<li data-sourcepos=\"9:1-9:82\"><strong>Gummibelegg av h\u00f8y kvalitet:<\/strong> Beskytter b\u00e5de manualen og gulvet mot skader.<\/li>\n<li data-sourcepos=\"10:1-10:87\"><strong>H\u00e5ndtak av h\u00f8y kvalitet:<\/strong> Gir et sikkert og komfortabelt grep, selv under intense trenings\u00f8kter.<\/li>\n<li data-sourcepos=\"11:1-11:85\"><strong>Elegant og moderne design:<\/strong> En stilig manual som passer perfekt inn i ethvert treningsmilj\u00f8.<\/li>\n<li data-sourcepos=\"12:1-12:84\"><strong>Lett \u00e5 rengj\u00f8re:<\/strong> Hold h\u00e5ndtaket friskt og hygienisk med minimal innsats.<\/li>\n<li data-sourcepos=\"13:1-14:0\"><strong>Allsidig:<\/strong> Perfekt for en rekke \u00f8velser, fra bicepscurls til skulderpress.<\/li>\n<li data-sourcepos=\"17:1-17:92\">Finnes i en rekke ulike vektklasser, slik at du kan finne den perfekte manualen for dine behov.<\/li>\n<li data-sourcepos=\"18:1-19:0\">Laget av st\u00e5l og gummi av h\u00f8y kvalitet for maksimal holdbarhet.<\/li>\n<\/ul>\n<p data-sourcepos=\"20:1-20:84\"><strong>Invester i helse og velv\u00e6re med Morion Fitness gummiert CPU-hantel!<\/strong><\/p>\n<p data-sourcepos=\"22:1-22:50\"><strong>Bestill manualen din i dag og opplev forskjellen!<\/strong><\/p>\n","protected":false},"excerpt":{"rendered":"<p>Denne manualen er utviklet for \u00e5 gi deg en overlegen treningsopplevelse, enten du er nybegynner eller erfaren idrettsut\u00f8ver.<\/p>\n<p><strong>Prisen gjelder for 1.<\/strong> manual.<\/p>\n","protected":false},"featured_media":29528,"comment_status":"closed","ping_status":"closed","template":"","meta":{"_acf_changed":false,"_monsterinsights_skip_tracking":false,"_monsterinsights_sitenote_active":false,"_monsterinsights_sitenote_note":"","_monsterinsights_sitenote_category":0},"product_brand":[],"product_cat":[469,440,528],"product_tag":[],"class_list":{"0":"post-33117","1":"product","2":"type-product","3":"status-publish","4":"has-post-thumbnail","6":"product_cat-manualer","7":"product_cat-motion-fitness-no","8":"product_cat-produktnyheter-no","9":"pa_valj-vikt-10-kg","10":"pa_valj-vikt-125-kg-no","11":"pa_valj-vikt-15-kg","12":"pa_valj-vikt-175-kg","13":"pa_valj-vikt-2-kg","14":"pa_valj-vikt-20-kg","15":"pa_valj-vikt-225-kg","16":"pa_valj-vikt-25-kg","17":"pa_valj-vikt-275-kg","18":"pa_valj-vikt-30-kg","19":"pa_valj-vikt-325-kg","20":"pa_valj-vikt-35-kg","21":"pa_valj-vikt-375-kg","22":"pa_valj-vikt-4-kg","23":"pa_valj-vikt-40-kg","24":"pa_valj-vikt-425-kg","25":"pa_valj-vikt-45-kg","26":"pa_valj-vikt-475-kg","27":"pa_valj-vikt-50-kg","28":"pa_valj-vikt-525-kg","29":"pa_valj-vikt-55-kg","30":"pa_valj-vikt-575-kg","31":"pa_valj-vikt-60-kg","33":"first","34":"outofstock","35":"taxable","36":"shipping-taxable","37":"purchasable","38":"product-type-variable"},"acf":[],"yoast_head":"<!-- This site is optimized with the Yoast SEO plugin v27.5 - https:\/\/yoast.com\/product\/yoast-seo-wordpress\/ -->\n<title>Gummierte CPU-manualer 2 kg - 60 kg | Motion Fitness<\/title>\n<meta name=\"description\" content=\"Denne manualen er utviklet for \u00e5 gi deg en overlegen treningsopplevelse, enten du er nybegynner eller erfaren idrettsut\u00f8ver.\" \/>\n<meta name=\"robots\" content=\"index, follow, max-snippet:-1, max-image-preview:large, max-video-preview:-1\" \/>\n<link rel=\"canonical\" href=\"https:\/\/motionfitness.se\/no\/produkter\/gummierte-cpu-hantler-2kg-60kg\/\" \/>\n<meta property=\"og:locale\" content=\"nb_NO\" \/>\n<meta property=\"og:type\" content=\"article\" \/>\n<meta property=\"og:title\" content=\"Gummierte CPU-manualer 2 kg - 60 kg | Motion Fitness\" \/>\n<meta property=\"og:description\" content=\"Denne manualen er utviklet for \u00e5 gi deg en overlegen treningsopplevelse, enten du er nybegynner eller erfaren idrettsut\u00f8ver.\" \/>\n<meta property=\"og:url\" content=\"https:\/\/motionfitness.se\/no\/produkter\/gummierte-cpu-hantler-2kg-60kg\/\" \/>\n<meta property=\"og:site_name\" content=\"Motion Fitness\" \/>\n<meta property=\"article:publisher\" content=\"https:\/\/www.facebook.com\/motionfitnesssverige\/\" \/>\n<meta property=\"article:modified_time\" content=\"2026-04-27T12:00:11+00:00\" \/>\n<meta property=\"og:image\" content=\"https:\/\/motionfitness.se\/wp-content\/uploads\/2024\/07\/21-1.png\" \/>\n\t<meta property=\"og:image:width\" content=\"1080\" \/>\n\t<meta property=\"og:image:height\" content=\"1080\" \/>\n\t<meta property=\"og:image:type\" content=\"image\/png\" \/>\n<meta name=\"twitter:card\" content=\"summary_large_image\" \/>\n<meta name=\"twitter:label1\" content=\"Ansl. lesetid\" \/>\n\t<meta name=\"twitter:data1\" content=\"1 minutt\" \/>\n<script type=\"application\/ld+json\" class=\"yoast-schema-graph\">{\"@context\":\"https:\\\/\\\/schema.org\",\"@graph\":[{\"@type\":\"WebPage\",\"@id\":\"https:\\\/\\\/motionfitness.se\\\/no\\\/produkter\\\/gummierte-cpu-hantler-2kg-60kg\\\/\",\"url\":\"https:\\\/\\\/motionfitness.se\\\/no\\\/produkter\\\/gummierte-cpu-hantler-2kg-60kg\\\/\",\"name\":\"Gummierte CPU-manualer 2 kg - 60 kg | Motion Fitness\",\"isPartOf\":{\"@id\":\"https:\\\/\\\/motionfitness.se\\\/no\\\/#website\"},\"primaryImageOfPage\":{\"@id\":\"https:\\\/\\\/motionfitness.se\\\/no\\\/produkter\\\/gummierte-cpu-hantler-2kg-60kg\\\/#primaryimage\"},\"image\":{\"@id\":\"https:\\\/\\\/motionfitness.se\\\/no\\\/produkter\\\/gummierte-cpu-hantler-2kg-60kg\\\/#primaryimage\"},\"thumbnailUrl\":\"https:\\\/\\\/motionfitness.se\\\/wp-content\\\/uploads\\\/2024\\\/07\\\/21-1.png\",\"datePublished\":\"2024-10-16T09:54:32+00:00\",\"dateModified\":\"2026-04-27T12:00:11+00:00\",\"description\":\"Denne manualen er utviklet for \u00e5 gi deg en overlegen treningsopplevelse, enten du er nybegynner eller erfaren idrettsut\u00f8ver.\",\"breadcrumb\":{\"@id\":\"https:\\\/\\\/motionfitness.se\\\/no\\\/produkter\\\/gummierte-cpu-hantler-2kg-60kg\\\/#breadcrumb\"},\"inLanguage\":\"nb-NO\",\"potentialAction\":[{\"@type\":\"ReadAction\",\"target\":[\"https:\\\/\\\/motionfitness.se\\\/no\\\/produkter\\\/gummierte-cpu-hantler-2kg-60kg\\\/\"]}]},{\"@type\":\"ImageObject\",\"inLanguage\":\"nb-NO\",\"@id\":\"https:\\\/\\\/motionfitness.se\\\/no\\\/produkter\\\/gummierte-cpu-hantler-2kg-60kg\\\/#primaryimage\",\"url\":\"https:\\\/\\\/motionfitness.se\\\/wp-content\\\/uploads\\\/2024\\\/07\\\/21-1.png\",\"contentUrl\":\"https:\\\/\\\/motionfitness.se\\\/wp-content\\\/uploads\\\/2024\\\/07\\\/21-1.png\",\"width\":1080,\"height\":1080,\"caption\":\"Motion Fitness CPU-manualgruppe\"},{\"@type\":\"BreadcrumbList\",\"@id\":\"https:\\\/\\\/motionfitness.se\\\/no\\\/produkter\\\/gummierte-cpu-hantler-2kg-60kg\\\/#breadcrumb\",\"itemListElement\":[{\"@type\":\"ListItem\",\"position\":1,\"name\":\"Hem\",\"item\":\"https:\\\/\\\/motionfitness.se\\\/no\\\/startside\\\/\"},{\"@type\":\"ListItem\",\"position\":2,\"name\":\"Produkter\",\"item\":\"https:\\\/\\\/motionfitness.se\\\/no\\\/produkter\\\/\"},{\"@type\":\"ListItem\",\"position\":3,\"name\":\"Gummierte CPU-manualer 2 kg &#8211; 60 kg\"}]},{\"@type\":\"WebSite\",\"@id\":\"https:\\\/\\\/motionfitness.se\\\/no\\\/#website\",\"url\":\"https:\\\/\\\/motionfitness.se\\\/no\\\/\",\"name\":\"Motion Fitness\",\"description\":\"Stronger Together\",\"publisher\":{\"@id\":\"https:\\\/\\\/motionfitness.se\\\/no\\\/#organization\"},\"potentialAction\":[{\"@type\":\"SearchAction\",\"target\":{\"@type\":\"EntryPoint\",\"urlTemplate\":\"https:\\\/\\\/motionfitness.se\\\/no\\\/?s={search_term_string}\"},\"query-input\":{\"@type\":\"PropertyValueSpecification\",\"valueRequired\":true,\"valueName\":\"search_term_string\"}}],\"inLanguage\":\"nb-NO\"},{\"@type\":\"Organization\",\"@id\":\"https:\\\/\\\/motionfitness.se\\\/no\\\/#organization\",\"name\":\"Motion Fitness\",\"url\":\"https:\\\/\\\/motionfitness.se\\\/no\\\/\",\"logo\":{\"@type\":\"ImageObject\",\"inLanguage\":\"nb-NO\",\"@id\":\"https:\\\/\\\/motionfitness.se\\\/no\\\/#\\\/schema\\\/logo\\\/image\\\/\",\"url\":\"https:\\\/\\\/motionfitness.se\\\/wp-content\\\/uploads\\\/2024\\\/01\\\/Motion-Fitness-Logol.png\",\"contentUrl\":\"https:\\\/\\\/motionfitness.se\\\/wp-content\\\/uploads\\\/2024\\\/01\\\/Motion-Fitness-Logol.png\",\"width\":1280,\"height\":720,\"caption\":\"Motion Fitness\"},\"image\":{\"@id\":\"https:\\\/\\\/motionfitness.se\\\/no\\\/#\\\/schema\\\/logo\\\/image\\\/\"},\"sameAs\":[\"https:\\\/\\\/www.facebook.com\\\/motionfitnesssverige\\\/\",\"https:\\\/\\\/www.instagram.com\\\/motionfitness.se\\\/\"]}]}<\/script>\n<!-- \/ Yoast SEO plugin. -->","yoast_head_json":{"title":"Gummierte CPU-manualer 2 kg - 60 kg | Motion Fitness","description":"Denne manualen er utviklet for \u00e5 gi deg en overlegen treningsopplevelse, enten du er nybegynner eller erfaren idrettsut\u00f8ver.","robots":{"index":"index","follow":"follow","max-snippet":"max-snippet:-1","max-image-preview":"max-image-preview:large","max-video-preview":"max-video-preview:-1"},"canonical":"https:\/\/motionfitness.se\/no\/produkter\/gummierte-cpu-hantler-2kg-60kg\/","og_locale":"nb_NO","og_type":"article","og_title":"Gummierte CPU-manualer 2 kg - 60 kg | Motion Fitness","og_description":"Denne manualen er utviklet for \u00e5 gi deg en overlegen treningsopplevelse, enten du er nybegynner eller erfaren idrettsut\u00f8ver.","og_url":"https:\/\/motionfitness.se\/no\/produkter\/gummierte-cpu-hantler-2kg-60kg\/","og_site_name":"Motion Fitness","article_publisher":"https:\/\/www.facebook.com\/motionfitnesssverige\/","article_modified_time":"2026-04-27T12:00:11+00:00","og_image":[{"width":1080,"height":1080,"url":"https:\/\/motionfitness.se\/wp-content\/uploads\/2024\/07\/21-1.png","type":"image\/png"}],"twitter_card":"summary_large_image","twitter_misc":{"Ansl. lesetid":"1 minutt"},"schema":{"@context":"https:\/\/schema.org","@graph":[{"@type":"WebPage","@id":"https:\/\/motionfitness.se\/no\/produkter\/gummierte-cpu-hantler-2kg-60kg\/","url":"https:\/\/motionfitness.se\/no\/produkter\/gummierte-cpu-hantler-2kg-60kg\/","name":"Gummierte CPU-manualer 2 kg - 60 kg | Motion Fitness","isPartOf":{"@id":"https:\/\/motionfitness.se\/no\/#website"},"primaryImageOfPage":{"@id":"https:\/\/motionfitness.se\/no\/produkter\/gummierte-cpu-hantler-2kg-60kg\/#primaryimage"},"image":{"@id":"https:\/\/motionfitness.se\/no\/produkter\/gummierte-cpu-hantler-2kg-60kg\/#primaryimage"},"thumbnailUrl":"https:\/\/motionfitness.se\/wp-content\/uploads\/2024\/07\/21-1.png","datePublished":"2024-10-16T09:54:32+00:00","dateModified":"2026-04-27T12:00:11+00:00","description":"Denne manualen er utviklet for \u00e5 gi deg en overlegen treningsopplevelse, enten du er nybegynner eller erfaren idrettsut\u00f8ver.","breadcrumb":{"@id":"https:\/\/motionfitness.se\/no\/produkter\/gummierte-cpu-hantler-2kg-60kg\/#breadcrumb"},"inLanguage":"nb-NO","potentialAction":[{"@type":"ReadAction","target":["https:\/\/motionfitness.se\/no\/produkter\/gummierte-cpu-hantler-2kg-60kg\/"]}]},{"@type":"ImageObject","inLanguage":"nb-NO","@id":"https:\/\/motionfitness.se\/no\/produkter\/gummierte-cpu-hantler-2kg-60kg\/#primaryimage","url":"https:\/\/motionfitness.se\/wp-content\/uploads\/2024\/07\/21-1.png","contentUrl":"https:\/\/motionfitness.se\/wp-content\/uploads\/2024\/07\/21-1.png","width":1080,"height":1080,"caption":"Motion Fitness CPU-manualgruppe"},{"@type":"BreadcrumbList","@id":"https:\/\/motionfitness.se\/no\/produkter\/gummierte-cpu-hantler-2kg-60kg\/#breadcrumb","itemListElement":[{"@type":"ListItem","position":1,"name":"Hem","item":"https:\/\/motionfitness.se\/no\/startside\/"},{"@type":"ListItem","position":2,"name":"Produkter","item":"https:\/\/motionfitness.se\/no\/produkter\/"},{"@type":"ListItem","position":3,"name":"Gummierte CPU-manualer 2 kg &#8211; 60 kg"}]},{"@type":"WebSite","@id":"https:\/\/motionfitness.se\/no\/#website","url":"https:\/\/motionfitness.se\/no\/","name":"Motion Fitness","description":"Stronger Together","publisher":{"@id":"https:\/\/motionfitness.se\/no\/#organization"},"potentialAction":[{"@type":"SearchAction","target":{"@type":"EntryPoint","urlTemplate":"https:\/\/motionfitness.se\/no\/?s={search_term_string}"},"query-input":{"@type":"PropertyValueSpecification","valueRequired":true,"valueName":"search_term_string"}}],"inLanguage":"nb-NO"},{"@type":"Organization","@id":"https:\/\/motionfitness.se\/no\/#organization","name":"Motion Fitness","url":"https:\/\/motionfitness.se\/no\/","logo":{"@type":"ImageObject","inLanguage":"nb-NO","@id":"https:\/\/motionfitness.se\/no\/#\/schema\/logo\/image\/","url":"https:\/\/motionfitness.se\/wp-content\/uploads\/2024\/01\/Motion-Fitness-Logol.png","contentUrl":"https:\/\/motionfitness.se\/wp-content\/uploads\/2024\/01\/Motion-Fitness-Logol.png","width":1280,"height":720,"caption":"Motion Fitness"},"image":{"@id":"https:\/\/motionfitness.se\/no\/#\/schema\/logo\/image\/"},"sameAs":["https:\/\/www.facebook.com\/motionfitnesssverige\/","https:\/\/www.instagram.com\/motionfitness.se\/"]}]}},"_links":{"self":[{"href":"https:\/\/motionfitness.se\/no\/wp-json\/wp\/v2\/product\/33117","targetHints":{"allow":["GET"]}}],"collection":[{"href":"https:\/\/motionfitness.se\/no\/wp-json\/wp\/v2\/product"}],"about":[{"href":"https:\/\/motionfitness.se\/no\/wp-json\/wp\/v2\/types\/product"}],"replies":[{"embeddable":true,"href":"https:\/\/motionfitness.se\/no\/wp-json\/wp\/v2\/comments?post=33117"}],"wp:featuredmedia":[{"embeddable":true,"href":"https:\/\/motionfitness.se\/no\/wp-json\/wp\/v2\/media\/29528"}],"wp:attachment":[{"href":"https:\/\/motionfitness.se\/no\/wp-json\/wp\/v2\/media?parent=33117"}],"wp:term":[{"taxonomy":"product_brand","embeddable":true,"href":"https:\/\/motionfitness.se\/no\/wp-json\/wp\/v2\/product_brand?post=33117"},{"taxonomy":"product_cat","embeddable":true,"href":"https:\/\/motionfitness.se\/no\/wp-json\/wp\/v2\/product_cat?post=33117"},{"taxonomy":"product_tag","embeddable":true,"href":"https:\/\/motionfitness.se\/no\/wp-json\/wp\/v2\/product_tag?post=33117"}],"curies":[{"name":"wp","href":"https:\/\/api.w.org\/{rel}","templated":true}]}}