{"id":33113,"date":"2024-12-23T17:30:36","date_gmt":"2024-12-23T16:30:36","guid":{"rendered":"https:\/\/motionfitness.se\/produkter\/abilica-resistance-bands-set\/"},"modified":"2026-04-27T14:00:59","modified_gmt":"2026-04-27T12:00:59","slug":"abilica-resistance-bands-set","status":"publish","type":"product","link":"https:\/\/motionfitness.se\/no\/produkter\/abilica-resistance-bands-set\/","title":{"rendered":"Abilica Resistance Bands Set"},"content":{"rendered":"<p><strong>3 tekstiltreningsb\u00e5nd (Light, Medium, Hard) Ta treningen din til neste niv\u00e5 med Abilica Resistance Bands Set.<\/strong><\/p>\n<p>Dette settet inneholder tre brede treningsb\u00e5nd i tekstil av h\u00f8y kvalitet med ulike motstandsniv\u00e5er, lett, middels og hard. Ideell for b\u00e5de hjemme- og utend\u00f8rsbruk <\/p>\n<p><strong>Fordeler med programmet<\/strong><\/p>\n<ul>\n<li>Tekstil av h\u00f8y kvalitet: Slitesterke og motstandsdyktige stropper som t\u00e5ler mer enn tradisjonelle gummistrikk.<\/li>\n<li>Ulike motstandsniv\u00e5er: Varier treningen og utfordre deg selv med tre ulike styrker.<\/li>\n<li>Ekstra lang og bred: Gir plass til flere \u00f8velser og gir en mer komfortabel og allsidig treningsopplevelse.<\/li>\n<li>Ideell for utend\u00f8rs bruk: t\u00e5ler sol og fuktighet bedre enn gummistrikk.<\/li>\n<li>Praktisk oppbevaringspose: Oppbevar og transporter kassettene dine enkelt og praktisk.<\/li>\n<li>Bruksomr\u00e5der: Styrketrening for hele kroppen, rehabilitering, oppvarming, t\u00f8ying og bevegelighetstrening Bestill ditt Abilica Resistance Bands Set i dag og opplev forskjellen!<\/li>\n<\/ul>\n","protected":false},"excerpt":{"rendered":"<p>Dette settet inneholder tre brede treningsb\u00e5nd i tekstil av h\u00f8y kvalitet med ulike motstandsniv\u00e5er, lett, middels og hard. Perfekt for b\u00e5de hjemme- og utend\u00f8rsbruk. <\/p>\n","protected":false},"featured_media":30303,"comment_status":"closed","ping_status":"closed","template":"","meta":{"_acf_changed":false,"_monsterinsights_skip_tracking":false,"_monsterinsights_sitenote_active":false,"_monsterinsights_sitenote_note":"","_monsterinsights_sitenote_category":0},"product_brand":[],"product_cat":[750,683,720],"product_tag":[467],"class_list":{"0":"post-33113","1":"product","2":"type-product","3":"status-publish","4":"has-post-thumbnail","6":"product_cat-abilica-no-varemerker","7":"product_cat-gummistrikk","8":"product_cat-lagersalg-no","9":"product_tag-avhending","11":"first","12":"instock","13":"sale","14":"taxable","15":"shipping-taxable","16":"purchasable","17":"product-type-simple"},"acf":[],"yoast_head":"<!-- This site is optimized with the Yoast SEO plugin v27.4 - https:\/\/yoast.com\/product\/yoast-seo-wordpress\/ -->\n<title>Abilica Resistance Bands Set | Motion Fitness<\/title>\n<meta name=\"robots\" content=\"index, follow, max-snippet:-1, max-image-preview:large, max-video-preview:-1\" \/>\n<link rel=\"canonical\" href=\"https:\/\/motionfitness.se\/no\/produkter\/abilica-resistance-bands-set\/\" \/>\n<meta property=\"og:locale\" content=\"nb_NO\" \/>\n<meta property=\"og:type\" content=\"article\" \/>\n<meta property=\"og:title\" content=\"Abilica Resistance Bands Set | Motion Fitness\" \/>\n<meta property=\"og:description\" content=\"Dette settet inneholder tre brede treningsb\u00e5nd i tekstil av h\u00f8y kvalitet med ulike motstandsniv\u00e5er, lett, middels og hard. Perfekt for b\u00e5de hjemme- og utend\u00f8rsbruk.\" \/>\n<meta property=\"og:url\" content=\"https:\/\/motionfitness.se\/no\/produkter\/abilica-resistance-bands-set\/\" \/>\n<meta property=\"og:site_name\" content=\"Motion Fitness\" \/>\n<meta property=\"article:publisher\" content=\"https:\/\/www.facebook.com\/motionfitnesssverige\/\" \/>\n<meta property=\"article:modified_time\" content=\"2026-04-27T12:00:59+00:00\" \/>\n<meta property=\"og:image\" content=\"https:\/\/motionfitness.se\/wp-content\/uploads\/2024\/12\/Abilica-Resistance-Bands-Set.png\" \/>\n\t<meta property=\"og:image:width\" content=\"938\" \/>\n\t<meta property=\"og:image:height\" content=\"938\" \/>\n\t<meta property=\"og:image:type\" content=\"image\/png\" \/>\n<meta name=\"twitter:card\" content=\"summary_large_image\" \/>\n<meta name=\"twitter:label1\" content=\"Ansl. lesetid\" \/>\n\t<meta name=\"twitter:data1\" content=\"1 minutt\" \/>\n<script type=\"application\/ld+json\" class=\"yoast-schema-graph\">{\"@context\":\"https:\\\/\\\/schema.org\",\"@graph\":[{\"@type\":\"WebPage\",\"@id\":\"https:\\\/\\\/motionfitness.se\\\/no\\\/produkter\\\/abilica-resistance-bands-set\\\/\",\"url\":\"https:\\\/\\\/motionfitness.se\\\/no\\\/produkter\\\/abilica-resistance-bands-set\\\/\",\"name\":\"Abilica Resistance Bands Set | Motion Fitness\",\"isPartOf\":{\"@id\":\"https:\\\/\\\/motionfitness.se\\\/no\\\/#website\"},\"primaryImageOfPage\":{\"@id\":\"https:\\\/\\\/motionfitness.se\\\/no\\\/produkter\\\/abilica-resistance-bands-set\\\/#primaryimage\"},\"image\":{\"@id\":\"https:\\\/\\\/motionfitness.se\\\/no\\\/produkter\\\/abilica-resistance-bands-set\\\/#primaryimage\"},\"thumbnailUrl\":\"https:\\\/\\\/motionfitness.se\\\/wp-content\\\/uploads\\\/2024\\\/12\\\/Abilica-Resistance-Bands-Set.png\",\"datePublished\":\"2024-12-23T16:30:36+00:00\",\"dateModified\":\"2026-04-27T12:00:59+00:00\",\"breadcrumb\":{\"@id\":\"https:\\\/\\\/motionfitness.se\\\/no\\\/produkter\\\/abilica-resistance-bands-set\\\/#breadcrumb\"},\"inLanguage\":\"nb-NO\",\"potentialAction\":[{\"@type\":\"ReadAction\",\"target\":[\"https:\\\/\\\/motionfitness.se\\\/no\\\/produkter\\\/abilica-resistance-bands-set\\\/\"]}]},{\"@type\":\"ImageObject\",\"inLanguage\":\"nb-NO\",\"@id\":\"https:\\\/\\\/motionfitness.se\\\/no\\\/produkter\\\/abilica-resistance-bands-set\\\/#primaryimage\",\"url\":\"https:\\\/\\\/motionfitness.se\\\/wp-content\\\/uploads\\\/2024\\\/12\\\/Abilica-Resistance-Bands-Set.png\",\"contentUrl\":\"https:\\\/\\\/motionfitness.se\\\/wp-content\\\/uploads\\\/2024\\\/12\\\/Abilica-Resistance-Bands-Set.png\",\"width\":938,\"height\":938},{\"@type\":\"BreadcrumbList\",\"@id\":\"https:\\\/\\\/motionfitness.se\\\/no\\\/produkter\\\/abilica-resistance-bands-set\\\/#breadcrumb\",\"itemListElement\":[{\"@type\":\"ListItem\",\"position\":1,\"name\":\"Hem\",\"item\":\"https:\\\/\\\/motionfitness.se\\\/no\\\/startside\\\/\"},{\"@type\":\"ListItem\",\"position\":2,\"name\":\"Produkter\",\"item\":\"https:\\\/\\\/motionfitness.se\\\/no\\\/produkter\\\/\"},{\"@type\":\"ListItem\",\"position\":3,\"name\":\"Abilica Resistance Bands Set\"}]},{\"@type\":\"WebSite\",\"@id\":\"https:\\\/\\\/motionfitness.se\\\/no\\\/#website\",\"url\":\"https:\\\/\\\/motionfitness.se\\\/no\\\/\",\"name\":\"Motion Fitness\",\"description\":\"Stronger Together\",\"publisher\":{\"@id\":\"https:\\\/\\\/motionfitness.se\\\/no\\\/#organization\"},\"potentialAction\":[{\"@type\":\"SearchAction\",\"target\":{\"@type\":\"EntryPoint\",\"urlTemplate\":\"https:\\\/\\\/motionfitness.se\\\/no\\\/?s={search_term_string}\"},\"query-input\":{\"@type\":\"PropertyValueSpecification\",\"valueRequired\":true,\"valueName\":\"search_term_string\"}}],\"inLanguage\":\"nb-NO\"},{\"@type\":\"Organization\",\"@id\":\"https:\\\/\\\/motionfitness.se\\\/no\\\/#organization\",\"name\":\"Motion Fitness\",\"url\":\"https:\\\/\\\/motionfitness.se\\\/no\\\/\",\"logo\":{\"@type\":\"ImageObject\",\"inLanguage\":\"nb-NO\",\"@id\":\"https:\\\/\\\/motionfitness.se\\\/no\\\/#\\\/schema\\\/logo\\\/image\\\/\",\"url\":\"https:\\\/\\\/motionfitness.se\\\/wp-content\\\/uploads\\\/2024\\\/01\\\/Motion-Fitness-Logol.png\",\"contentUrl\":\"https:\\\/\\\/motionfitness.se\\\/wp-content\\\/uploads\\\/2024\\\/01\\\/Motion-Fitness-Logol.png\",\"width\":1280,\"height\":720,\"caption\":\"Motion Fitness\"},\"image\":{\"@id\":\"https:\\\/\\\/motionfitness.se\\\/no\\\/#\\\/schema\\\/logo\\\/image\\\/\"},\"sameAs\":[\"https:\\\/\\\/www.facebook.com\\\/motionfitnesssverige\\\/\",\"https:\\\/\\\/www.instagram.com\\\/motionfitness.se\\\/\"]}]}<\/script>\n<!-- \/ Yoast SEO plugin. -->","yoast_head_json":{"title":"Abilica Resistance Bands Set | Motion Fitness","robots":{"index":"index","follow":"follow","max-snippet":"max-snippet:-1","max-image-preview":"max-image-preview:large","max-video-preview":"max-video-preview:-1"},"canonical":"https:\/\/motionfitness.se\/no\/produkter\/abilica-resistance-bands-set\/","og_locale":"nb_NO","og_type":"article","og_title":"Abilica Resistance Bands Set | Motion Fitness","og_description":"Dette settet inneholder tre brede treningsb\u00e5nd i tekstil av h\u00f8y kvalitet med ulike motstandsniv\u00e5er, lett, middels og hard. Perfekt for b\u00e5de hjemme- og utend\u00f8rsbruk.","og_url":"https:\/\/motionfitness.se\/no\/produkter\/abilica-resistance-bands-set\/","og_site_name":"Motion Fitness","article_publisher":"https:\/\/www.facebook.com\/motionfitnesssverige\/","article_modified_time":"2026-04-27T12:00:59+00:00","og_image":[{"width":938,"height":938,"url":"https:\/\/motionfitness.se\/wp-content\/uploads\/2024\/12\/Abilica-Resistance-Bands-Set.png","type":"image\/png"}],"twitter_card":"summary_large_image","twitter_misc":{"Ansl. lesetid":"1 minutt"},"schema":{"@context":"https:\/\/schema.org","@graph":[{"@type":"WebPage","@id":"https:\/\/motionfitness.se\/no\/produkter\/abilica-resistance-bands-set\/","url":"https:\/\/motionfitness.se\/no\/produkter\/abilica-resistance-bands-set\/","name":"Abilica Resistance Bands Set | Motion Fitness","isPartOf":{"@id":"https:\/\/motionfitness.se\/no\/#website"},"primaryImageOfPage":{"@id":"https:\/\/motionfitness.se\/no\/produkter\/abilica-resistance-bands-set\/#primaryimage"},"image":{"@id":"https:\/\/motionfitness.se\/no\/produkter\/abilica-resistance-bands-set\/#primaryimage"},"thumbnailUrl":"https:\/\/motionfitness.se\/wp-content\/uploads\/2024\/12\/Abilica-Resistance-Bands-Set.png","datePublished":"2024-12-23T16:30:36+00:00","dateModified":"2026-04-27T12:00:59+00:00","breadcrumb":{"@id":"https:\/\/motionfitness.se\/no\/produkter\/abilica-resistance-bands-set\/#breadcrumb"},"inLanguage":"nb-NO","potentialAction":[{"@type":"ReadAction","target":["https:\/\/motionfitness.se\/no\/produkter\/abilica-resistance-bands-set\/"]}]},{"@type":"ImageObject","inLanguage":"nb-NO","@id":"https:\/\/motionfitness.se\/no\/produkter\/abilica-resistance-bands-set\/#primaryimage","url":"https:\/\/motionfitness.se\/wp-content\/uploads\/2024\/12\/Abilica-Resistance-Bands-Set.png","contentUrl":"https:\/\/motionfitness.se\/wp-content\/uploads\/2024\/12\/Abilica-Resistance-Bands-Set.png","width":938,"height":938},{"@type":"BreadcrumbList","@id":"https:\/\/motionfitness.se\/no\/produkter\/abilica-resistance-bands-set\/#breadcrumb","itemListElement":[{"@type":"ListItem","position":1,"name":"Hem","item":"https:\/\/motionfitness.se\/no\/startside\/"},{"@type":"ListItem","position":2,"name":"Produkter","item":"https:\/\/motionfitness.se\/no\/produkter\/"},{"@type":"ListItem","position":3,"name":"Abilica Resistance Bands Set"}]},{"@type":"WebSite","@id":"https:\/\/motionfitness.se\/no\/#website","url":"https:\/\/motionfitness.se\/no\/","name":"Motion Fitness","description":"Stronger Together","publisher":{"@id":"https:\/\/motionfitness.se\/no\/#organization"},"potentialAction":[{"@type":"SearchAction","target":{"@type":"EntryPoint","urlTemplate":"https:\/\/motionfitness.se\/no\/?s={search_term_string}"},"query-input":{"@type":"PropertyValueSpecification","valueRequired":true,"valueName":"search_term_string"}}],"inLanguage":"nb-NO"},{"@type":"Organization","@id":"https:\/\/motionfitness.se\/no\/#organization","name":"Motion Fitness","url":"https:\/\/motionfitness.se\/no\/","logo":{"@type":"ImageObject","inLanguage":"nb-NO","@id":"https:\/\/motionfitness.se\/no\/#\/schema\/logo\/image\/","url":"https:\/\/motionfitness.se\/wp-content\/uploads\/2024\/01\/Motion-Fitness-Logol.png","contentUrl":"https:\/\/motionfitness.se\/wp-content\/uploads\/2024\/01\/Motion-Fitness-Logol.png","width":1280,"height":720,"caption":"Motion Fitness"},"image":{"@id":"https:\/\/motionfitness.se\/no\/#\/schema\/logo\/image\/"},"sameAs":["https:\/\/www.facebook.com\/motionfitnesssverige\/","https:\/\/www.instagram.com\/motionfitness.se\/"]}]}},"_links":{"self":[{"href":"https:\/\/motionfitness.se\/no\/wp-json\/wp\/v2\/product\/33113","targetHints":{"allow":["GET"]}}],"collection":[{"href":"https:\/\/motionfitness.se\/no\/wp-json\/wp\/v2\/product"}],"about":[{"href":"https:\/\/motionfitness.se\/no\/wp-json\/wp\/v2\/types\/product"}],"replies":[{"embeddable":true,"href":"https:\/\/motionfitness.se\/no\/wp-json\/wp\/v2\/comments?post=33113"}],"wp:featuredmedia":[{"embeddable":true,"href":"https:\/\/motionfitness.se\/no\/wp-json\/wp\/v2\/media\/30303"}],"wp:attachment":[{"href":"https:\/\/motionfitness.se\/no\/wp-json\/wp\/v2\/media?parent=33113"}],"wp:term":[{"taxonomy":"product_brand","embeddable":true,"href":"https:\/\/motionfitness.se\/no\/wp-json\/wp\/v2\/product_brand?post=33113"},{"taxonomy":"product_cat","embeddable":true,"href":"https:\/\/motionfitness.se\/no\/wp-json\/wp\/v2\/product_cat?post=33113"},{"taxonomy":"product_tag","embeddable":true,"href":"https:\/\/motionfitness.se\/no\/wp-json\/wp\/v2\/product_tag?post=33113"}],"curies":[{"name":"wp","href":"https:\/\/api.w.org\/{rel}","templated":true}]}}