{"id":33112,"date":"2024-10-21T21:52:52","date_gmt":"2024-10-21T19:52:52","guid":{"rendered":"https:\/\/motionfitness.se\/produkter\/crosstrainer-450-i2\/"},"modified":"2024-10-21T21:52:52","modified_gmt":"2024-10-21T19:52:52","slug":"crosstrainer-450-i2","status":"publish","type":"product","link":"https:\/\/motionfitness.se\/no\/produkter\/crosstrainer-450-i2\/","title":{"rendered":"Crosstrainer 450 i2"},"content":{"rendered":"<p data-sourcepos=\"1:1-1:39\"><strong>Designet for \u00e5 bevege seg som deg<\/strong><\/p>\n<p data-sourcepos=\"3:1-3:47\">F\u00e5 en sk\u00e5nsom og effektiv helkroppstrening<strong> &#8211; <\/strong>450 i2 crosstrainer gir en jevn og sk\u00e5nsom helkroppstrening som etterligner den naturlige rytmen i l\u00f8ping, og gir stabilitet og smidighet for hvert skritt. Denne brukervennlige maskinen har ogs\u00e5 justerbare stignings- og motstandsniv\u00e5er, noe som gir effektive treningsresultater med minimal belastning p\u00e5 leddene. <\/p>\n<p data-sourcepos=\"7:1-7:20\"><strong>Naturlig bevegelse<\/strong><\/p>\n<p data-sourcepos=\"9:1-9:218\">Opplev en komfortabel trenings\u00f8kt med den naturlige bevegelsesbanen til crosstraineren. Den er designet for \u00e5 gjenskape naturlige gang- og l\u00f8pebevegelser, noe som minimerer belastningen p\u00e5 leddene og gir et jevnt og flytende steg. <\/p>\n<p data-sourcepos=\"11:1-11:35\"><strong>Fra lett tilgjengelig til avansert<\/strong><\/p>\n<p data-sourcepos=\"13:1-13:211\">Crosstraineren tilpasser seg uansett hvilket treningsniv\u00e5 du er p\u00e5. Med 40 forskjellige motstandsniv\u00e5er kan brukerne tilpasse treningsintensiteten fra enkle nybegynnerinnstillinger til avanserte atletiske innstillinger. <\/p>\n<p data-sourcepos=\"15:1-15:27\"><strong>Form treningen din<\/strong><\/p>\n<p data-sourcepos=\"17:1-17:272\">Tilpass enhver trenings\u00f8kt i mellomtiden og oppn\u00e5 optimale resultater med den justerbare stigningen. Du kan enkelt justere rampen fra 13 til 40 grader (den amerikanske modellen er fast p\u00e5 21 grader) for \u00e5 m\u00e5lrette mot spesifikke muskelgrupper for en mer omfattende trenings\u00f8kt. <\/p>\n<p data-sourcepos=\"19:1-19:16\"><strong>ComfortFit\u2122:<\/strong><\/p>\n<p data-sourcepos=\"21:1-21:29\"><strong>Tren med selvtillit<\/strong><\/p>\n<p data-sourcepos=\"23:1-23:315\">Crosstraineren gir en jevn og sk\u00e5nsom trening for hele kroppen som etterligner den naturlige rytmen i l\u00f8ping, og gir stabilitet og smidighet i hvert eneste skritt. Denne brukervennlige maskinen har ogs\u00e5 justerbare stignings- og motstandsniv\u00e5er, noe som gir effektive treningsresultater med minimal belastning p\u00e5 leddene. <\/p>\n<p data-sourcepos=\"25:1-25:17\"><strong>450 SERIE i2<\/strong><\/p>\n<p data-sourcepos=\"27:1-27:29\"><strong>Interaktiv funksjonalitet<\/strong><\/p>\n<p data-sourcepos=\"29:1-29:226\">Den 12-tommers LCD-skjermen kombinerer funksjonalitet og estetikk, og gir et rent og lettlest brukergrensesnitt. Den er det perfekte valget for anlegg som setter pris p\u00e5 b\u00e5de design og ytelse. <\/p>\n","protected":false},"excerpt":{"rendered":"<p>F\u00e5 en sk\u00e5nsom og effektiv trening for hele kroppen<strong> &#8211; <\/strong>450 i2 crosstrainer gir en jevn og sk\u00e5nsom trening for hele kroppen som etterligner den naturlige rytmen til l\u00f8ping, og gir stabilitet og smidighet i hvert eneste skritt.<\/p>\n","protected":false},"featured_media":29183,"comment_status":"closed","ping_status":"closed","template":"","meta":{"_acf_changed":false,"_monsterinsights_skip_tracking":false,"_monsterinsights_sitenote_active":false,"_monsterinsights_sitenote_note":"","_monsterinsights_sitenote_category":0},"product_brand":[],"product_cat":[803,485,499],"product_tag":[804],"class_list":{"0":"post-33112","1":"product","2":"type-product","3":"status-publish","4":"has-post-thumbnail","6":"product_cat-450-i2-serien","7":"product_cat-crosstrainer-no","8":"product_cat-intenza-no","9":"product_tag-intenza-450-i2-no","11":"first","12":"instock","13":"taxable","14":"shipping-taxable","15":"purchasable","16":"product-type-simple"},"acf":[],"yoast_head":"<!-- This site is optimized with the Yoast SEO plugin v27.4 - https:\/\/yoast.com\/product\/yoast-seo-wordpress\/ -->\n<title>Crosstrainer 450 i2 | Motion Fitness<\/title>\n<meta name=\"description\" content=\"Opplev en behagelig trenings\u00f8kt med den naturlige bevegelsesbanen til crosstraineren. Den er designet for \u00e5 gjenskape naturlige gang- og l\u00f8psbevegelser.\" \/>\n<meta name=\"robots\" content=\"index, follow, max-snippet:-1, max-image-preview:large, max-video-preview:-1\" \/>\n<link rel=\"canonical\" href=\"https:\/\/motionfitness.se\/no\/produkter\/crosstrainer-450-i2\/\" \/>\n<meta property=\"og:locale\" content=\"nb_NO\" \/>\n<meta property=\"og:type\" content=\"article\" \/>\n<meta property=\"og:title\" content=\"Crosstrainer 450 i2 | Motion Fitness\" \/>\n<meta property=\"og:description\" content=\"Opplev en behagelig trenings\u00f8kt med den naturlige bevegelsesbanen til crosstraineren. Den er designet for \u00e5 gjenskape naturlige gang- og l\u00f8psbevegelser.\" \/>\n<meta property=\"og:url\" content=\"https:\/\/motionfitness.se\/no\/produkter\/crosstrainer-450-i2\/\" \/>\n<meta property=\"og:site_name\" content=\"Motion Fitness\" \/>\n<meta property=\"article:publisher\" content=\"https:\/\/www.facebook.com\/motionfitnesssverige\/\" \/>\n<meta property=\"og:image\" content=\"https:\/\/motionfitness.se\/wp-content\/uploads\/2024\/10\/Crosstrainer-450i2.png\" \/>\n\t<meta property=\"og:image:width\" content=\"1080\" \/>\n\t<meta property=\"og:image:height\" content=\"1080\" \/>\n\t<meta property=\"og:image:type\" content=\"image\/png\" \/>\n<meta name=\"twitter:card\" content=\"summary_large_image\" \/>\n<meta name=\"twitter:label1\" content=\"Ansl. lesetid\" \/>\n\t<meta name=\"twitter:data1\" content=\"1 minutt\" \/>\n<script type=\"application\/ld+json\" class=\"yoast-schema-graph\">{\"@context\":\"https:\\\/\\\/schema.org\",\"@graph\":[{\"@type\":\"WebPage\",\"@id\":\"https:\\\/\\\/motionfitness.se\\\/no\\\/produkter\\\/crosstrainer-450-i2\\\/\",\"url\":\"https:\\\/\\\/motionfitness.se\\\/no\\\/produkter\\\/crosstrainer-450-i2\\\/\",\"name\":\"Crosstrainer 450 i2 | Motion Fitness\",\"isPartOf\":{\"@id\":\"https:\\\/\\\/motionfitness.se\\\/no\\\/#website\"},\"primaryImageOfPage\":{\"@id\":\"https:\\\/\\\/motionfitness.se\\\/no\\\/produkter\\\/crosstrainer-450-i2\\\/#primaryimage\"},\"image\":{\"@id\":\"https:\\\/\\\/motionfitness.se\\\/no\\\/produkter\\\/crosstrainer-450-i2\\\/#primaryimage\"},\"thumbnailUrl\":\"https:\\\/\\\/motionfitness.se\\\/wp-content\\\/uploads\\\/2024\\\/10\\\/Crosstrainer-450i2.png\",\"datePublished\":\"2024-10-21T19:52:52+00:00\",\"description\":\"Opplev en behagelig trenings\u00f8kt med den naturlige bevegelsesbanen til crosstraineren. Den er designet for \u00e5 gjenskape naturlige gang- og l\u00f8psbevegelser.\",\"breadcrumb\":{\"@id\":\"https:\\\/\\\/motionfitness.se\\\/no\\\/produkter\\\/crosstrainer-450-i2\\\/#breadcrumb\"},\"inLanguage\":\"nb-NO\",\"potentialAction\":[{\"@type\":\"ReadAction\",\"target\":[\"https:\\\/\\\/motionfitness.se\\\/no\\\/produkter\\\/crosstrainer-450-i2\\\/\"]}]},{\"@type\":\"ImageObject\",\"inLanguage\":\"nb-NO\",\"@id\":\"https:\\\/\\\/motionfitness.se\\\/no\\\/produkter\\\/crosstrainer-450-i2\\\/#primaryimage\",\"url\":\"https:\\\/\\\/motionfitness.se\\\/wp-content\\\/uploads\\\/2024\\\/10\\\/Crosstrainer-450i2.png\",\"contentUrl\":\"https:\\\/\\\/motionfitness.se\\\/wp-content\\\/uploads\\\/2024\\\/10\\\/Crosstrainer-450i2.png\",\"width\":1080,\"height\":1080},{\"@type\":\"BreadcrumbList\",\"@id\":\"https:\\\/\\\/motionfitness.se\\\/no\\\/produkter\\\/crosstrainer-450-i2\\\/#breadcrumb\",\"itemListElement\":[{\"@type\":\"ListItem\",\"position\":1,\"name\":\"Hem\",\"item\":\"https:\\\/\\\/motionfitness.se\\\/no\\\/startside\\\/\"},{\"@type\":\"ListItem\",\"position\":2,\"name\":\"Produkter\",\"item\":\"https:\\\/\\\/motionfitness.se\\\/no\\\/produkter\\\/\"},{\"@type\":\"ListItem\",\"position\":3,\"name\":\"Crosstrainer 450 i2\"}]},{\"@type\":\"WebSite\",\"@id\":\"https:\\\/\\\/motionfitness.se\\\/no\\\/#website\",\"url\":\"https:\\\/\\\/motionfitness.se\\\/no\\\/\",\"name\":\"Motion Fitness\",\"description\":\"Stronger Together\",\"publisher\":{\"@id\":\"https:\\\/\\\/motionfitness.se\\\/no\\\/#organization\"},\"potentialAction\":[{\"@type\":\"SearchAction\",\"target\":{\"@type\":\"EntryPoint\",\"urlTemplate\":\"https:\\\/\\\/motionfitness.se\\\/no\\\/?s={search_term_string}\"},\"query-input\":{\"@type\":\"PropertyValueSpecification\",\"valueRequired\":true,\"valueName\":\"search_term_string\"}}],\"inLanguage\":\"nb-NO\"},{\"@type\":\"Organization\",\"@id\":\"https:\\\/\\\/motionfitness.se\\\/no\\\/#organization\",\"name\":\"Motion Fitness\",\"url\":\"https:\\\/\\\/motionfitness.se\\\/no\\\/\",\"logo\":{\"@type\":\"ImageObject\",\"inLanguage\":\"nb-NO\",\"@id\":\"https:\\\/\\\/motionfitness.se\\\/no\\\/#\\\/schema\\\/logo\\\/image\\\/\",\"url\":\"https:\\\/\\\/motionfitness.se\\\/wp-content\\\/uploads\\\/2024\\\/01\\\/Motion-Fitness-Logol.png\",\"contentUrl\":\"https:\\\/\\\/motionfitness.se\\\/wp-content\\\/uploads\\\/2024\\\/01\\\/Motion-Fitness-Logol.png\",\"width\":1280,\"height\":720,\"caption\":\"Motion Fitness\"},\"image\":{\"@id\":\"https:\\\/\\\/motionfitness.se\\\/no\\\/#\\\/schema\\\/logo\\\/image\\\/\"},\"sameAs\":[\"https:\\\/\\\/www.facebook.com\\\/motionfitnesssverige\\\/\",\"https:\\\/\\\/www.instagram.com\\\/motionfitness.se\\\/\"]}]}<\/script>\n<!-- \/ Yoast SEO plugin. -->","yoast_head_json":{"title":"Crosstrainer 450 i2 | Motion Fitness","description":"Opplev en behagelig trenings\u00f8kt med den naturlige bevegelsesbanen til crosstraineren. Den er designet for \u00e5 gjenskape naturlige gang- og l\u00f8psbevegelser.","robots":{"index":"index","follow":"follow","max-snippet":"max-snippet:-1","max-image-preview":"max-image-preview:large","max-video-preview":"max-video-preview:-1"},"canonical":"https:\/\/motionfitness.se\/no\/produkter\/crosstrainer-450-i2\/","og_locale":"nb_NO","og_type":"article","og_title":"Crosstrainer 450 i2 | Motion Fitness","og_description":"Opplev en behagelig trenings\u00f8kt med den naturlige bevegelsesbanen til crosstraineren. Den er designet for \u00e5 gjenskape naturlige gang- og l\u00f8psbevegelser.","og_url":"https:\/\/motionfitness.se\/no\/produkter\/crosstrainer-450-i2\/","og_site_name":"Motion Fitness","article_publisher":"https:\/\/www.facebook.com\/motionfitnesssverige\/","og_image":[{"width":1080,"height":1080,"url":"https:\/\/motionfitness.se\/wp-content\/uploads\/2024\/10\/Crosstrainer-450i2.png","type":"image\/png"}],"twitter_card":"summary_large_image","twitter_misc":{"Ansl. lesetid":"1 minutt"},"schema":{"@context":"https:\/\/schema.org","@graph":[{"@type":"WebPage","@id":"https:\/\/motionfitness.se\/no\/produkter\/crosstrainer-450-i2\/","url":"https:\/\/motionfitness.se\/no\/produkter\/crosstrainer-450-i2\/","name":"Crosstrainer 450 i2 | Motion Fitness","isPartOf":{"@id":"https:\/\/motionfitness.se\/no\/#website"},"primaryImageOfPage":{"@id":"https:\/\/motionfitness.se\/no\/produkter\/crosstrainer-450-i2\/#primaryimage"},"image":{"@id":"https:\/\/motionfitness.se\/no\/produkter\/crosstrainer-450-i2\/#primaryimage"},"thumbnailUrl":"https:\/\/motionfitness.se\/wp-content\/uploads\/2024\/10\/Crosstrainer-450i2.png","datePublished":"2024-10-21T19:52:52+00:00","description":"Opplev en behagelig trenings\u00f8kt med den naturlige bevegelsesbanen til crosstraineren. Den er designet for \u00e5 gjenskape naturlige gang- og l\u00f8psbevegelser.","breadcrumb":{"@id":"https:\/\/motionfitness.se\/no\/produkter\/crosstrainer-450-i2\/#breadcrumb"},"inLanguage":"nb-NO","potentialAction":[{"@type":"ReadAction","target":["https:\/\/motionfitness.se\/no\/produkter\/crosstrainer-450-i2\/"]}]},{"@type":"ImageObject","inLanguage":"nb-NO","@id":"https:\/\/motionfitness.se\/no\/produkter\/crosstrainer-450-i2\/#primaryimage","url":"https:\/\/motionfitness.se\/wp-content\/uploads\/2024\/10\/Crosstrainer-450i2.png","contentUrl":"https:\/\/motionfitness.se\/wp-content\/uploads\/2024\/10\/Crosstrainer-450i2.png","width":1080,"height":1080},{"@type":"BreadcrumbList","@id":"https:\/\/motionfitness.se\/no\/produkter\/crosstrainer-450-i2\/#breadcrumb","itemListElement":[{"@type":"ListItem","position":1,"name":"Hem","item":"https:\/\/motionfitness.se\/no\/startside\/"},{"@type":"ListItem","position":2,"name":"Produkter","item":"https:\/\/motionfitness.se\/no\/produkter\/"},{"@type":"ListItem","position":3,"name":"Crosstrainer 450 i2"}]},{"@type":"WebSite","@id":"https:\/\/motionfitness.se\/no\/#website","url":"https:\/\/motionfitness.se\/no\/","name":"Motion Fitness","description":"Stronger Together","publisher":{"@id":"https:\/\/motionfitness.se\/no\/#organization"},"potentialAction":[{"@type":"SearchAction","target":{"@type":"EntryPoint","urlTemplate":"https:\/\/motionfitness.se\/no\/?s={search_term_string}"},"query-input":{"@type":"PropertyValueSpecification","valueRequired":true,"valueName":"search_term_string"}}],"inLanguage":"nb-NO"},{"@type":"Organization","@id":"https:\/\/motionfitness.se\/no\/#organization","name":"Motion Fitness","url":"https:\/\/motionfitness.se\/no\/","logo":{"@type":"ImageObject","inLanguage":"nb-NO","@id":"https:\/\/motionfitness.se\/no\/#\/schema\/logo\/image\/","url":"https:\/\/motionfitness.se\/wp-content\/uploads\/2024\/01\/Motion-Fitness-Logol.png","contentUrl":"https:\/\/motionfitness.se\/wp-content\/uploads\/2024\/01\/Motion-Fitness-Logol.png","width":1280,"height":720,"caption":"Motion Fitness"},"image":{"@id":"https:\/\/motionfitness.se\/no\/#\/schema\/logo\/image\/"},"sameAs":["https:\/\/www.facebook.com\/motionfitnesssverige\/","https:\/\/www.instagram.com\/motionfitness.se\/"]}]}},"_links":{"self":[{"href":"https:\/\/motionfitness.se\/no\/wp-json\/wp\/v2\/product\/33112","targetHints":{"allow":["GET"]}}],"collection":[{"href":"https:\/\/motionfitness.se\/no\/wp-json\/wp\/v2\/product"}],"about":[{"href":"https:\/\/motionfitness.se\/no\/wp-json\/wp\/v2\/types\/product"}],"replies":[{"embeddable":true,"href":"https:\/\/motionfitness.se\/no\/wp-json\/wp\/v2\/comments?post=33112"}],"wp:featuredmedia":[{"embeddable":true,"href":"https:\/\/motionfitness.se\/no\/wp-json\/wp\/v2\/media\/29183"}],"wp:attachment":[{"href":"https:\/\/motionfitness.se\/no\/wp-json\/wp\/v2\/media?parent=33112"}],"wp:term":[{"taxonomy":"product_brand","embeddable":true,"href":"https:\/\/motionfitness.se\/no\/wp-json\/wp\/v2\/product_brand?post=33112"},{"taxonomy":"product_cat","embeddable":true,"href":"https:\/\/motionfitness.se\/no\/wp-json\/wp\/v2\/product_cat?post=33112"},{"taxonomy":"product_tag","embeddable":true,"href":"https:\/\/motionfitness.se\/no\/wp-json\/wp\/v2\/product_tag?post=33112"}],"curies":[{"name":"wp","href":"https:\/\/api.w.org\/{rel}","templated":true}]}}