{"id":33054,"date":"2024-04-15T12:00:23","date_gmt":"2024-04-15T10:00:23","guid":{"rendered":"https:\/\/motionfitness.se\/produkter\/hoy-rad\/"},"modified":"2026-04-05T15:08:21","modified_gmt":"2026-04-05T13:08:21","slug":"high-row-2","status":"publish","type":"product","link":"https:\/\/motionfitness.se\/no\/produkter\/hoy-rad\/","title":{"rendered":"High Row"},"content":{"rendered":"<p data-sourcepos=\"3:1-3:60\">Panatta FreeWeight One High Row gir deg den ultimate ryggtreningen. Den er spesielt utviklet for \u00e5 aktivere hele ryggen. Med High Row kan du bygge styrke, definere musklene dine og forbedre holdningen din.<\/p>\n<p data-sourcepos=\"5:1-5:13\"><strong>Hovedfunksjoner:<\/strong><\/p>\n<ul data-sourcepos=\"7:1-8:2\">\n<li data-sourcepos=\"7:1-7:107\"><strong>Justerbart sete med gassfj\u00e6rer:<\/strong> Enkel justering av seteh\u00f8yden for optimal komfort og maksimal treningseffekt.<\/li>\n<li data-sourcepos=\"8:1-8:2\"><strong>Justerbar bryst- og knest\u00f8tte med gassfj\u00e6r<\/strong>: Juster bryst- og knest\u00f8tten slik at den passer til din kroppsform og dine preferanser.<\/li>\n<li data-sourcepos=\"9:1-9:134\"><strong>Uavhengige armer:<\/strong> Velg mellom enkel- eller dobbeltsidig trening for \u00e5 variere programmet og utfordre musklene dine p\u00e5 nye m\u00e5ter.<\/li>\n<li data-sourcepos=\"10:1-10:181\"><strong>Fysiologisk belastningskurve:<\/strong> Utformet for \u00e5 f\u00f8lge kroppens naturlige bevegelsesm\u00f8nster, noe som gir en sk\u00e5nsom og effektiv trenings\u00f8kt samtidig som risikoen for skader reduseres.<\/li>\n<li data-sourcepos=\"11:1-11:26\"><strong>Flere h\u00e5ndtak:<\/strong> Ulike grep gir deg fleksibilitet og variasjon i treningen, slik at du kan aktivere alle ryggmusklene.<\/li>\n<li data-sourcepos=\"12:1-13:0\"><strong>Fast midtgrep:<\/strong> Stabiliserer kroppen under ensidig trening, slik at du f\u00e5r en sikker og effektiv bevegelse.<\/li>\n<\/ul>\n<p data-sourcepos=\"14:1-14:13\"><strong>Fordeler:<\/strong><\/p>\n<ul data-sourcepos=\"16:1-18:1\">\n<li data-sourcepos=\"16:1-16:109\"><strong>Omfattende ryggtrening:<\/strong> Tren alle de store muskelgruppene i ryggen for \u00e5 f\u00e5 en sterk og balansert kroppsbygning.<\/li>\n<li data-sourcepos=\"17:1-17:118\"><strong>Bedre holdning:<\/strong> Styrker musklene som st\u00f8tter ryggraden og forbedrer holdningen din for en sunnere kropp.<\/li>\n<li data-sourcepos=\"18:1-18:1\"><strong>\u00d8kt styrke og muskelmasse:<\/strong> Bygg en imponerende rygg med \u00f8kt styrke og muskelmasse.<\/li>\n<li data-sourcepos=\"19:1-19:112\"><strong>Allsidig trening:<\/strong> Ulike grepsmuligheter og justerbare st\u00f8tter gir deg variasjon og utfordringer i treningen.<\/li>\n<li data-sourcepos=\"20:1-21:0\"><strong>Sk\u00e5nsom trening:<\/strong> Den fysiologiske belastningskurven reduserer risikoen for skader og gj\u00f8r maskinen egnet for alle niv\u00e5er, fra nybegynnere til viderekomne.<\/li>\n<\/ul>\n<p data-sourcepos=\"22:1-22:90\"><strong>Oppgrader ryggtreningen din med High Row og oppn\u00e5 en sterk, veltrent og imponerende rygg!<\/strong><\/p>\n","protected":false},"excerpt":{"rendered":"<p>Panatta FreeWeight One High Row gir deg den ultimate ryggtreningen. Den er spesielt utviklet for \u00e5 aktivere hele ryggen. Med High Row kan du bygge styrke, definere musklene dine og forbedre holdningen din.<\/p>\n","protected":false},"featured_media":29277,"comment_status":"open","ping_status":"closed","template":"","meta":{"_acf_changed":false,"_monsterinsights_skip_tracking":false,"_monsterinsights_sitenote_active":false,"_monsterinsights_sitenote_note":"","_monsterinsights_sitenote_category":0},"product_brand":[],"product_cat":[789,723,441,722,528,564],"product_tag":[790],"class_list":{"0":"post-33054","1":"product","2":"type-product","3":"status-publish","4":"has-post-thumbnail","6":"product_cat-freeweight-one-no","7":"product_cat-ovre-del-av-kroppen","8":"product_cat-panatta-no","9":"product_cat-plate-load-no-2","10":"product_cat-produktnyheter-no","11":"product_cat-rygg-no-2","12":"product_tag-ny","14":"first","15":"instock","16":"taxable","17":"shipping-taxable","18":"purchasable","19":"product-type-simple"},"acf":[],"yoast_head":"<!-- This site is optimized with the Yoast SEO plugin v27.4 - https:\/\/yoast.com\/product\/yoast-seo-wordpress\/ -->\n<title>High Row | Motion Fitness<\/title>\n<meta name=\"description\" content=\"Panatta FreeWeight One High Row gir deg den ultimate ryggtreningen. Den er spesielt utviklet for \u00e5 aktivere hele ryggen. Bygg ryggen og forbedre holdningen din.\" \/>\n<meta name=\"robots\" content=\"index, follow, max-snippet:-1, max-image-preview:large, max-video-preview:-1\" \/>\n<link rel=\"canonical\" href=\"https:\/\/motionfitness.se\/no\/produkter\/hoy-rad\/\" \/>\n<meta property=\"og:locale\" content=\"nb_NO\" \/>\n<meta property=\"og:type\" content=\"article\" \/>\n<meta property=\"og:title\" content=\"High Row | Motion Fitness\" \/>\n<meta property=\"og:description\" content=\"Panatta FreeWeight One High Row gir deg den ultimate ryggtreningen. Den er spesielt utviklet for \u00e5 aktivere hele ryggen. Bygg ryggen og forbedre holdningen din.\" \/>\n<meta property=\"og:url\" content=\"https:\/\/motionfitness.se\/no\/produkter\/hoy-rad\/\" \/>\n<meta property=\"og:site_name\" content=\"Motion Fitness\" \/>\n<meta property=\"article:publisher\" content=\"https:\/\/www.facebook.com\/motionfitnesssverige\/\" \/>\n<meta property=\"article:modified_time\" content=\"2026-04-05T13:08:21+00:00\" \/>\n<meta property=\"og:image\" content=\"https:\/\/motionfitness.se\/wp-content\/uploads\/2024\/08\/2-6.png\" \/>\n\t<meta property=\"og:image:width\" content=\"1080\" \/>\n\t<meta property=\"og:image:height\" content=\"1080\" \/>\n\t<meta property=\"og:image:type\" content=\"image\/png\" \/>\n<meta name=\"twitter:card\" content=\"summary_large_image\" \/>\n<meta name=\"twitter:label1\" content=\"Ansl. lesetid\" \/>\n\t<meta name=\"twitter:data1\" content=\"2 minutter\" \/>\n<script type=\"application\/ld+json\" class=\"yoast-schema-graph\">{\"@context\":\"https:\\\/\\\/schema.org\",\"@graph\":[{\"@type\":\"WebPage\",\"@id\":\"https:\\\/\\\/motionfitness.se\\\/no\\\/produkter\\\/hoy-rad\\\/\",\"url\":\"https:\\\/\\\/motionfitness.se\\\/no\\\/produkter\\\/hoy-rad\\\/\",\"name\":\"High Row | Motion Fitness\",\"isPartOf\":{\"@id\":\"https:\\\/\\\/motionfitness.se\\\/no\\\/#website\"},\"primaryImageOfPage\":{\"@id\":\"https:\\\/\\\/motionfitness.se\\\/no\\\/produkter\\\/hoy-rad\\\/#primaryimage\"},\"image\":{\"@id\":\"https:\\\/\\\/motionfitness.se\\\/no\\\/produkter\\\/hoy-rad\\\/#primaryimage\"},\"thumbnailUrl\":\"https:\\\/\\\/motionfitness.se\\\/wp-content\\\/uploads\\\/2024\\\/08\\\/2-6.png\",\"datePublished\":\"2024-04-15T10:00:23+00:00\",\"dateModified\":\"2026-04-05T13:08:21+00:00\",\"description\":\"Panatta FreeWeight One High Row gir deg den ultimate ryggtreningen. Den er spesielt utviklet for \u00e5 aktivere hele ryggen. Bygg ryggen og forbedre holdningen din.\",\"breadcrumb\":{\"@id\":\"https:\\\/\\\/motionfitness.se\\\/no\\\/produkter\\\/hoy-rad\\\/#breadcrumb\"},\"inLanguage\":\"nb-NO\",\"potentialAction\":[{\"@type\":\"ReadAction\",\"target\":[\"https:\\\/\\\/motionfitness.se\\\/no\\\/produkter\\\/hoy-rad\\\/\"]}]},{\"@type\":\"ImageObject\",\"inLanguage\":\"nb-NO\",\"@id\":\"https:\\\/\\\/motionfitness.se\\\/no\\\/produkter\\\/hoy-rad\\\/#primaryimage\",\"url\":\"https:\\\/\\\/motionfitness.se\\\/wp-content\\\/uploads\\\/2024\\\/08\\\/2-6.png\",\"contentUrl\":\"https:\\\/\\\/motionfitness.se\\\/wp-content\\\/uploads\\\/2024\\\/08\\\/2-6.png\",\"width\":1080,\"height\":1080,\"caption\":\"High Row Freeweight one\"},{\"@type\":\"BreadcrumbList\",\"@id\":\"https:\\\/\\\/motionfitness.se\\\/no\\\/produkter\\\/hoy-rad\\\/#breadcrumb\",\"itemListElement\":[{\"@type\":\"ListItem\",\"position\":1,\"name\":\"Hem\",\"item\":\"https:\\\/\\\/motionfitness.se\\\/no\\\/startside\\\/\"},{\"@type\":\"ListItem\",\"position\":2,\"name\":\"Produkter\",\"item\":\"https:\\\/\\\/motionfitness.se\\\/no\\\/produkter\\\/\"},{\"@type\":\"ListItem\",\"position\":3,\"name\":\"High Row\"}]},{\"@type\":\"WebSite\",\"@id\":\"https:\\\/\\\/motionfitness.se\\\/no\\\/#website\",\"url\":\"https:\\\/\\\/motionfitness.se\\\/no\\\/\",\"name\":\"Motion Fitness\",\"description\":\"Stronger Together\",\"publisher\":{\"@id\":\"https:\\\/\\\/motionfitness.se\\\/no\\\/#organization\"},\"potentialAction\":[{\"@type\":\"SearchAction\",\"target\":{\"@type\":\"EntryPoint\",\"urlTemplate\":\"https:\\\/\\\/motionfitness.se\\\/no\\\/?s={search_term_string}\"},\"query-input\":{\"@type\":\"PropertyValueSpecification\",\"valueRequired\":true,\"valueName\":\"search_term_string\"}}],\"inLanguage\":\"nb-NO\"},{\"@type\":\"Organization\",\"@id\":\"https:\\\/\\\/motionfitness.se\\\/no\\\/#organization\",\"name\":\"Motion Fitness\",\"url\":\"https:\\\/\\\/motionfitness.se\\\/no\\\/\",\"logo\":{\"@type\":\"ImageObject\",\"inLanguage\":\"nb-NO\",\"@id\":\"https:\\\/\\\/motionfitness.se\\\/no\\\/#\\\/schema\\\/logo\\\/image\\\/\",\"url\":\"https:\\\/\\\/motionfitness.se\\\/wp-content\\\/uploads\\\/2024\\\/01\\\/Motion-Fitness-Logol.png\",\"contentUrl\":\"https:\\\/\\\/motionfitness.se\\\/wp-content\\\/uploads\\\/2024\\\/01\\\/Motion-Fitness-Logol.png\",\"width\":1280,\"height\":720,\"caption\":\"Motion Fitness\"},\"image\":{\"@id\":\"https:\\\/\\\/motionfitness.se\\\/no\\\/#\\\/schema\\\/logo\\\/image\\\/\"},\"sameAs\":[\"https:\\\/\\\/www.facebook.com\\\/motionfitnesssverige\\\/\",\"https:\\\/\\\/www.instagram.com\\\/motionfitness.se\\\/\"]}]}<\/script>\n<!-- \/ Yoast SEO plugin. -->","yoast_head_json":{"title":"High Row | Motion Fitness","description":"Panatta FreeWeight One High Row gir deg den ultimate ryggtreningen. Den er spesielt utviklet for \u00e5 aktivere hele ryggen. Bygg ryggen og forbedre holdningen din.","robots":{"index":"index","follow":"follow","max-snippet":"max-snippet:-1","max-image-preview":"max-image-preview:large","max-video-preview":"max-video-preview:-1"},"canonical":"https:\/\/motionfitness.se\/no\/produkter\/hoy-rad\/","og_locale":"nb_NO","og_type":"article","og_title":"High Row | Motion Fitness","og_description":"Panatta FreeWeight One High Row gir deg den ultimate ryggtreningen. Den er spesielt utviklet for \u00e5 aktivere hele ryggen. Bygg ryggen og forbedre holdningen din.","og_url":"https:\/\/motionfitness.se\/no\/produkter\/hoy-rad\/","og_site_name":"Motion Fitness","article_publisher":"https:\/\/www.facebook.com\/motionfitnesssverige\/","article_modified_time":"2026-04-05T13:08:21+00:00","og_image":[{"width":1080,"height":1080,"url":"https:\/\/motionfitness.se\/wp-content\/uploads\/2024\/08\/2-6.png","type":"image\/png"}],"twitter_card":"summary_large_image","twitter_misc":{"Ansl. lesetid":"2 minutter"},"schema":{"@context":"https:\/\/schema.org","@graph":[{"@type":"WebPage","@id":"https:\/\/motionfitness.se\/no\/produkter\/hoy-rad\/","url":"https:\/\/motionfitness.se\/no\/produkter\/hoy-rad\/","name":"High Row | Motion Fitness","isPartOf":{"@id":"https:\/\/motionfitness.se\/no\/#website"},"primaryImageOfPage":{"@id":"https:\/\/motionfitness.se\/no\/produkter\/hoy-rad\/#primaryimage"},"image":{"@id":"https:\/\/motionfitness.se\/no\/produkter\/hoy-rad\/#primaryimage"},"thumbnailUrl":"https:\/\/motionfitness.se\/wp-content\/uploads\/2024\/08\/2-6.png","datePublished":"2024-04-15T10:00:23+00:00","dateModified":"2026-04-05T13:08:21+00:00","description":"Panatta FreeWeight One High Row gir deg den ultimate ryggtreningen. Den er spesielt utviklet for \u00e5 aktivere hele ryggen. Bygg ryggen og forbedre holdningen din.","breadcrumb":{"@id":"https:\/\/motionfitness.se\/no\/produkter\/hoy-rad\/#breadcrumb"},"inLanguage":"nb-NO","potentialAction":[{"@type":"ReadAction","target":["https:\/\/motionfitness.se\/no\/produkter\/hoy-rad\/"]}]},{"@type":"ImageObject","inLanguage":"nb-NO","@id":"https:\/\/motionfitness.se\/no\/produkter\/hoy-rad\/#primaryimage","url":"https:\/\/motionfitness.se\/wp-content\/uploads\/2024\/08\/2-6.png","contentUrl":"https:\/\/motionfitness.se\/wp-content\/uploads\/2024\/08\/2-6.png","width":1080,"height":1080,"caption":"High Row Freeweight one"},{"@type":"BreadcrumbList","@id":"https:\/\/motionfitness.se\/no\/produkter\/hoy-rad\/#breadcrumb","itemListElement":[{"@type":"ListItem","position":1,"name":"Hem","item":"https:\/\/motionfitness.se\/no\/startside\/"},{"@type":"ListItem","position":2,"name":"Produkter","item":"https:\/\/motionfitness.se\/no\/produkter\/"},{"@type":"ListItem","position":3,"name":"High Row"}]},{"@type":"WebSite","@id":"https:\/\/motionfitness.se\/no\/#website","url":"https:\/\/motionfitness.se\/no\/","name":"Motion Fitness","description":"Stronger Together","publisher":{"@id":"https:\/\/motionfitness.se\/no\/#organization"},"potentialAction":[{"@type":"SearchAction","target":{"@type":"EntryPoint","urlTemplate":"https:\/\/motionfitness.se\/no\/?s={search_term_string}"},"query-input":{"@type":"PropertyValueSpecification","valueRequired":true,"valueName":"search_term_string"}}],"inLanguage":"nb-NO"},{"@type":"Organization","@id":"https:\/\/motionfitness.se\/no\/#organization","name":"Motion Fitness","url":"https:\/\/motionfitness.se\/no\/","logo":{"@type":"ImageObject","inLanguage":"nb-NO","@id":"https:\/\/motionfitness.se\/no\/#\/schema\/logo\/image\/","url":"https:\/\/motionfitness.se\/wp-content\/uploads\/2024\/01\/Motion-Fitness-Logol.png","contentUrl":"https:\/\/motionfitness.se\/wp-content\/uploads\/2024\/01\/Motion-Fitness-Logol.png","width":1280,"height":720,"caption":"Motion Fitness"},"image":{"@id":"https:\/\/motionfitness.se\/no\/#\/schema\/logo\/image\/"},"sameAs":["https:\/\/www.facebook.com\/motionfitnesssverige\/","https:\/\/www.instagram.com\/motionfitness.se\/"]}]}},"_links":{"self":[{"href":"https:\/\/motionfitness.se\/no\/wp-json\/wp\/v2\/product\/33054","targetHints":{"allow":["GET"]}}],"collection":[{"href":"https:\/\/motionfitness.se\/no\/wp-json\/wp\/v2\/product"}],"about":[{"href":"https:\/\/motionfitness.se\/no\/wp-json\/wp\/v2\/types\/product"}],"replies":[{"embeddable":true,"href":"https:\/\/motionfitness.se\/no\/wp-json\/wp\/v2\/comments?post=33054"}],"wp:featuredmedia":[{"embeddable":true,"href":"https:\/\/motionfitness.se\/no\/wp-json\/wp\/v2\/media\/29277"}],"wp:attachment":[{"href":"https:\/\/motionfitness.se\/no\/wp-json\/wp\/v2\/media?parent=33054"}],"wp:term":[{"taxonomy":"product_brand","embeddable":true,"href":"https:\/\/motionfitness.se\/no\/wp-json\/wp\/v2\/product_brand?post=33054"},{"taxonomy":"product_cat","embeddable":true,"href":"https:\/\/motionfitness.se\/no\/wp-json\/wp\/v2\/product_cat?post=33054"},{"taxonomy":"product_tag","embeddable":true,"href":"https:\/\/motionfitness.se\/no\/wp-json\/wp\/v2\/product_tag?post=33054"}],"curies":[{"name":"wp","href":"https:\/\/api.w.org\/{rel}","templated":true}]}}