{"id":33045,"date":"2024-04-30T10:00:22","date_gmt":"2024-04-30T08:00:22","guid":{"rendered":"https:\/\/motionfitness.se\/produkter\/roterende-pushdown-og-curlstang\/"},"modified":"2026-04-16T07:18:13","modified_gmt":"2026-04-16T05:18:13","slug":"roterende-pushdown-og-curlstang","status":"publish","type":"product","link":"https:\/\/motionfitness.se\/no\/produkter\/roterende-pushdown-og-curlstang\/","title":{"rendered":"Revolving Pushdown &#038; Curl Bar"},"content":{"rendered":"<div class=\"markdown markdown-main-panel\" dir=\"ltr\">\n<p class=\"first-token\" data-sourcepos=\"1:1-1:21\">Motion Fitness Revolving Pushdown &amp; Curl Bar bygger sterke armer med komfort og presisjon.<\/p>\n<p data-sourcepos=\"3:1-3:49\">Maksimer armtreningen din med Motion Fitness Revolving Pushdown &amp; Curl Bar. Dette h\u00e5ndtaket er laget av solid herdet, forkrommet st\u00e5l for optimal holdbarhet, stabilitet og balanse, og gir deg den perfekte posisjonen for effektiv trening av biceps og triceps. Den lett vinklede formen reduserer belastningen p\u00e5 h\u00e5ndledd og underarmer, noe som gir en mer komfortabel og sk\u00e5nsom trenings\u00f8kt.<\/p>\n<p data-sourcepos=\"3:1-3:49\">Med en gener\u00f8s grepslengde og en variert avlastningsring kan du trene biceps med b\u00e5de brede og smale grep. Du kan utf\u00f8re \u00f8velser som sittende roing og lattrekk med et skulderbredt grep. Den presise avlastningsringen gir et sikkert grep og forhindrer at hendene dine sklir. Den fleraksede rotasjonen og den solide \u00f8yeboltfestingen sikrer en jevn og p\u00e5litelig tilkobling til vektmagasinet. De elegante, svarte 38 mm endestykker beskytter h\u00e5ndtaket mot slitasje og gir det et stilig utseende.<\/p>\n<\/div>\n","protected":false},"excerpt":{"rendered":"<p>Motion Fitness Revolving Pushdown &amp; Curl Bar bygger sterke armer med komfort og presisjon.<\/p>\n","protected":false},"featured_media":24662,"comment_status":"open","ping_status":"closed","template":"","meta":{"_acf_changed":false,"_monsterinsights_skip_tracking":false,"_monsterinsights_sitenote_active":false,"_monsterinsights_sitenote_note":"","_monsterinsights_sitenote_category":0},"product_brand":[],"product_cat":[484,440],"product_tag":[],"class_list":{"0":"post-33045","1":"product","2":"type-product","3":"status-publish","4":"has-post-thumbnail","6":"product_cat-handtak","7":"product_cat-motion-fitness-no","9":"first","10":"instock","11":"taxable","12":"shipping-taxable","13":"purchasable","14":"product-type-simple"},"acf":[],"yoast_head":"<!-- This site is optimized with the Yoast SEO plugin v27.4 - https:\/\/yoast.com\/product\/yoast-seo-wordpress\/ -->\n<title>Revolving Pushdown &amp; Curl Bar | Motion Fitness<\/title>\n<meta name=\"description\" content=\"Motion Fitness Revolving Pushdown &amp; Curl Bar bygger sterke armer p\u00e5 en komfortabel og presis m\u00e5te. Laget av herdet, forkrommet st\u00e5l for optimal holdbarhet.\" \/>\n<meta name=\"robots\" content=\"index, follow, max-snippet:-1, max-image-preview:large, max-video-preview:-1\" \/>\n<link rel=\"canonical\" href=\"https:\/\/motionfitness.se\/no\/produkter\/roterende-pushdown-og-curlstang\/\" \/>\n<meta property=\"og:locale\" content=\"nb_NO\" \/>\n<meta property=\"og:type\" content=\"article\" \/>\n<meta property=\"og:title\" content=\"Revolving Pushdown &amp; Curl Bar | Motion Fitness\" \/>\n<meta property=\"og:description\" content=\"Motion Fitness Revolving Pushdown &amp; Curl Bar bygger sterke armer p\u00e5 en komfortabel og presis m\u00e5te. Laget av herdet, forkrommet st\u00e5l for optimal holdbarhet.\" \/>\n<meta property=\"og:url\" content=\"https:\/\/motionfitness.se\/no\/produkter\/roterende-pushdown-og-curlstang\/\" \/>\n<meta property=\"og:site_name\" content=\"Motion Fitness\" \/>\n<meta property=\"article:publisher\" content=\"https:\/\/www.facebook.com\/motionfitnesssverige\/\" \/>\n<meta property=\"article:modified_time\" content=\"2026-04-16T05:18:13+00:00\" \/>\n<meta property=\"og:image\" content=\"https:\/\/motionfitness.se\/wp-content\/uploads\/2024\/04\/21.png\" \/>\n\t<meta property=\"og:image:width\" content=\"1080\" \/>\n\t<meta property=\"og:image:height\" content=\"1080\" \/>\n\t<meta property=\"og:image:type\" content=\"image\/png\" \/>\n<meta name=\"twitter:card\" content=\"summary_large_image\" \/>\n<meta name=\"twitter:label1\" content=\"Ansl. lesetid\" \/>\n\t<meta name=\"twitter:data1\" content=\"1 minutt\" \/>\n<script type=\"application\/ld+json\" class=\"yoast-schema-graph\">{\"@context\":\"https:\\\/\\\/schema.org\",\"@graph\":[{\"@type\":\"WebPage\",\"@id\":\"https:\\\/\\\/motionfitness.se\\\/no\\\/produkter\\\/roterende-pushdown-og-curlstang\\\/\",\"url\":\"https:\\\/\\\/motionfitness.se\\\/no\\\/produkter\\\/roterende-pushdown-og-curlstang\\\/\",\"name\":\"Revolving Pushdown & Curl Bar | Motion Fitness\",\"isPartOf\":{\"@id\":\"https:\\\/\\\/motionfitness.se\\\/no\\\/#website\"},\"primaryImageOfPage\":{\"@id\":\"https:\\\/\\\/motionfitness.se\\\/no\\\/produkter\\\/roterende-pushdown-og-curlstang\\\/#primaryimage\"},\"image\":{\"@id\":\"https:\\\/\\\/motionfitness.se\\\/no\\\/produkter\\\/roterende-pushdown-og-curlstang\\\/#primaryimage\"},\"thumbnailUrl\":\"https:\\\/\\\/motionfitness.se\\\/wp-content\\\/uploads\\\/2024\\\/04\\\/21.png\",\"datePublished\":\"2024-04-30T08:00:22+00:00\",\"dateModified\":\"2026-04-16T05:18:13+00:00\",\"description\":\"Motion Fitness Revolving Pushdown & Curl Bar bygger sterke armer p\u00e5 en komfortabel og presis m\u00e5te. Laget av herdet, forkrommet st\u00e5l for optimal holdbarhet.\",\"breadcrumb\":{\"@id\":\"https:\\\/\\\/motionfitness.se\\\/no\\\/produkter\\\/roterende-pushdown-og-curlstang\\\/#breadcrumb\"},\"inLanguage\":\"nb-NO\",\"potentialAction\":[{\"@type\":\"ReadAction\",\"target\":[\"https:\\\/\\\/motionfitness.se\\\/no\\\/produkter\\\/roterende-pushdown-og-curlstang\\\/\"]}]},{\"@type\":\"ImageObject\",\"inLanguage\":\"nb-NO\",\"@id\":\"https:\\\/\\\/motionfitness.se\\\/no\\\/produkter\\\/roterende-pushdown-og-curlstang\\\/#primaryimage\",\"url\":\"https:\\\/\\\/motionfitness.se\\\/wp-content\\\/uploads\\\/2024\\\/04\\\/21.png\",\"contentUrl\":\"https:\\\/\\\/motionfitness.se\\\/wp-content\\\/uploads\\\/2024\\\/04\\\/21.png\",\"width\":1080,\"height\":1080,\"caption\":\"Motion Fitness H\u00e5ndtak Biceps \\\/ Triceps Curl Rotating\"},{\"@type\":\"BreadcrumbList\",\"@id\":\"https:\\\/\\\/motionfitness.se\\\/no\\\/produkter\\\/roterende-pushdown-og-curlstang\\\/#breadcrumb\",\"itemListElement\":[{\"@type\":\"ListItem\",\"position\":1,\"name\":\"Hem\",\"item\":\"https:\\\/\\\/motionfitness.se\\\/no\\\/startside\\\/\"},{\"@type\":\"ListItem\",\"position\":2,\"name\":\"Produkter\",\"item\":\"https:\\\/\\\/motionfitness.se\\\/no\\\/produkter\\\/\"},{\"@type\":\"ListItem\",\"position\":3,\"name\":\"Revolving Pushdown &#038; Curl Bar\"}]},{\"@type\":\"WebSite\",\"@id\":\"https:\\\/\\\/motionfitness.se\\\/no\\\/#website\",\"url\":\"https:\\\/\\\/motionfitness.se\\\/no\\\/\",\"name\":\"Motion Fitness\",\"description\":\"Stronger Together\",\"publisher\":{\"@id\":\"https:\\\/\\\/motionfitness.se\\\/no\\\/#organization\"},\"potentialAction\":[{\"@type\":\"SearchAction\",\"target\":{\"@type\":\"EntryPoint\",\"urlTemplate\":\"https:\\\/\\\/motionfitness.se\\\/no\\\/?s={search_term_string}\"},\"query-input\":{\"@type\":\"PropertyValueSpecification\",\"valueRequired\":true,\"valueName\":\"search_term_string\"}}],\"inLanguage\":\"nb-NO\"},{\"@type\":\"Organization\",\"@id\":\"https:\\\/\\\/motionfitness.se\\\/no\\\/#organization\",\"name\":\"Motion Fitness\",\"url\":\"https:\\\/\\\/motionfitness.se\\\/no\\\/\",\"logo\":{\"@type\":\"ImageObject\",\"inLanguage\":\"nb-NO\",\"@id\":\"https:\\\/\\\/motionfitness.se\\\/no\\\/#\\\/schema\\\/logo\\\/image\\\/\",\"url\":\"https:\\\/\\\/motionfitness.se\\\/wp-content\\\/uploads\\\/2024\\\/01\\\/Motion-Fitness-Logol.png\",\"contentUrl\":\"https:\\\/\\\/motionfitness.se\\\/wp-content\\\/uploads\\\/2024\\\/01\\\/Motion-Fitness-Logol.png\",\"width\":1280,\"height\":720,\"caption\":\"Motion Fitness\"},\"image\":{\"@id\":\"https:\\\/\\\/motionfitness.se\\\/no\\\/#\\\/schema\\\/logo\\\/image\\\/\"},\"sameAs\":[\"https:\\\/\\\/www.facebook.com\\\/motionfitnesssverige\\\/\",\"https:\\\/\\\/www.instagram.com\\\/motionfitness.se\\\/\"]}]}<\/script>\n<!-- \/ Yoast SEO plugin. -->","yoast_head_json":{"title":"Revolving Pushdown & Curl Bar | Motion Fitness","description":"Motion Fitness Revolving Pushdown & Curl Bar bygger sterke armer p\u00e5 en komfortabel og presis m\u00e5te. Laget av herdet, forkrommet st\u00e5l for optimal holdbarhet.","robots":{"index":"index","follow":"follow","max-snippet":"max-snippet:-1","max-image-preview":"max-image-preview:large","max-video-preview":"max-video-preview:-1"},"canonical":"https:\/\/motionfitness.se\/no\/produkter\/roterende-pushdown-og-curlstang\/","og_locale":"nb_NO","og_type":"article","og_title":"Revolving Pushdown & Curl Bar | Motion Fitness","og_description":"Motion Fitness Revolving Pushdown & Curl Bar bygger sterke armer p\u00e5 en komfortabel og presis m\u00e5te. Laget av herdet, forkrommet st\u00e5l for optimal holdbarhet.","og_url":"https:\/\/motionfitness.se\/no\/produkter\/roterende-pushdown-og-curlstang\/","og_site_name":"Motion Fitness","article_publisher":"https:\/\/www.facebook.com\/motionfitnesssverige\/","article_modified_time":"2026-04-16T05:18:13+00:00","og_image":[{"width":1080,"height":1080,"url":"https:\/\/motionfitness.se\/wp-content\/uploads\/2024\/04\/21.png","type":"image\/png"}],"twitter_card":"summary_large_image","twitter_misc":{"Ansl. lesetid":"1 minutt"},"schema":{"@context":"https:\/\/schema.org","@graph":[{"@type":"WebPage","@id":"https:\/\/motionfitness.se\/no\/produkter\/roterende-pushdown-og-curlstang\/","url":"https:\/\/motionfitness.se\/no\/produkter\/roterende-pushdown-og-curlstang\/","name":"Revolving Pushdown & Curl Bar | Motion Fitness","isPartOf":{"@id":"https:\/\/motionfitness.se\/no\/#website"},"primaryImageOfPage":{"@id":"https:\/\/motionfitness.se\/no\/produkter\/roterende-pushdown-og-curlstang\/#primaryimage"},"image":{"@id":"https:\/\/motionfitness.se\/no\/produkter\/roterende-pushdown-og-curlstang\/#primaryimage"},"thumbnailUrl":"https:\/\/motionfitness.se\/wp-content\/uploads\/2024\/04\/21.png","datePublished":"2024-04-30T08:00:22+00:00","dateModified":"2026-04-16T05:18:13+00:00","description":"Motion Fitness Revolving Pushdown & Curl Bar bygger sterke armer p\u00e5 en komfortabel og presis m\u00e5te. Laget av herdet, forkrommet st\u00e5l for optimal holdbarhet.","breadcrumb":{"@id":"https:\/\/motionfitness.se\/no\/produkter\/roterende-pushdown-og-curlstang\/#breadcrumb"},"inLanguage":"nb-NO","potentialAction":[{"@type":"ReadAction","target":["https:\/\/motionfitness.se\/no\/produkter\/roterende-pushdown-og-curlstang\/"]}]},{"@type":"ImageObject","inLanguage":"nb-NO","@id":"https:\/\/motionfitness.se\/no\/produkter\/roterende-pushdown-og-curlstang\/#primaryimage","url":"https:\/\/motionfitness.se\/wp-content\/uploads\/2024\/04\/21.png","contentUrl":"https:\/\/motionfitness.se\/wp-content\/uploads\/2024\/04\/21.png","width":1080,"height":1080,"caption":"Motion Fitness H\u00e5ndtak Biceps \/ Triceps Curl Rotating"},{"@type":"BreadcrumbList","@id":"https:\/\/motionfitness.se\/no\/produkter\/roterende-pushdown-og-curlstang\/#breadcrumb","itemListElement":[{"@type":"ListItem","position":1,"name":"Hem","item":"https:\/\/motionfitness.se\/no\/startside\/"},{"@type":"ListItem","position":2,"name":"Produkter","item":"https:\/\/motionfitness.se\/no\/produkter\/"},{"@type":"ListItem","position":3,"name":"Revolving Pushdown &#038; Curl Bar"}]},{"@type":"WebSite","@id":"https:\/\/motionfitness.se\/no\/#website","url":"https:\/\/motionfitness.se\/no\/","name":"Motion Fitness","description":"Stronger Together","publisher":{"@id":"https:\/\/motionfitness.se\/no\/#organization"},"potentialAction":[{"@type":"SearchAction","target":{"@type":"EntryPoint","urlTemplate":"https:\/\/motionfitness.se\/no\/?s={search_term_string}"},"query-input":{"@type":"PropertyValueSpecification","valueRequired":true,"valueName":"search_term_string"}}],"inLanguage":"nb-NO"},{"@type":"Organization","@id":"https:\/\/motionfitness.se\/no\/#organization","name":"Motion Fitness","url":"https:\/\/motionfitness.se\/no\/","logo":{"@type":"ImageObject","inLanguage":"nb-NO","@id":"https:\/\/motionfitness.se\/no\/#\/schema\/logo\/image\/","url":"https:\/\/motionfitness.se\/wp-content\/uploads\/2024\/01\/Motion-Fitness-Logol.png","contentUrl":"https:\/\/motionfitness.se\/wp-content\/uploads\/2024\/01\/Motion-Fitness-Logol.png","width":1280,"height":720,"caption":"Motion Fitness"},"image":{"@id":"https:\/\/motionfitness.se\/no\/#\/schema\/logo\/image\/"},"sameAs":["https:\/\/www.facebook.com\/motionfitnesssverige\/","https:\/\/www.instagram.com\/motionfitness.se\/"]}]}},"_links":{"self":[{"href":"https:\/\/motionfitness.se\/no\/wp-json\/wp\/v2\/product\/33045","targetHints":{"allow":["GET"]}}],"collection":[{"href":"https:\/\/motionfitness.se\/no\/wp-json\/wp\/v2\/product"}],"about":[{"href":"https:\/\/motionfitness.se\/no\/wp-json\/wp\/v2\/types\/product"}],"replies":[{"embeddable":true,"href":"https:\/\/motionfitness.se\/no\/wp-json\/wp\/v2\/comments?post=33045"}],"wp:featuredmedia":[{"embeddable":true,"href":"https:\/\/motionfitness.se\/no\/wp-json\/wp\/v2\/media\/24662"}],"wp:attachment":[{"href":"https:\/\/motionfitness.se\/no\/wp-json\/wp\/v2\/media?parent=33045"}],"wp:term":[{"taxonomy":"product_brand","embeddable":true,"href":"https:\/\/motionfitness.se\/no\/wp-json\/wp\/v2\/product_brand?post=33045"},{"taxonomy":"product_cat","embeddable":true,"href":"https:\/\/motionfitness.se\/no\/wp-json\/wp\/v2\/product_cat?post=33045"},{"taxonomy":"product_tag","embeddable":true,"href":"https:\/\/motionfitness.se\/no\/wp-json\/wp\/v2\/product_tag?post=33045"}],"curies":[{"name":"wp","href":"https:\/\/api.w.org\/{rel}","templated":true}]}}