{"id":33017,"date":"2024-07-09T10:00:57","date_gmt":"2024-07-09T08:00:57","guid":{"rendered":"https:\/\/motionfitness.se\/produkter\/half-rack-elite-double\/"},"modified":"2025-10-24T13:56:22","modified_gmt":"2025-10-24T11:56:22","slug":"half-rack-elite-double","status":"publish","type":"product","link":"https:\/\/motionfitness.se\/no\/produkter\/halv-rack-elite-double\/","title":{"rendered":"Half Rack Elite Double"},"content":{"rendered":"<p data-sourcepos=\"1:1-1:68\"><strong>Motion Fitness Half Rack Elite Double &#8211; Dobbel styrke, maksimal sikkerhet<br \/>\n<\/strong>Motion Fitness Half Rack Elite Double er grunnlaget for en allsidig dobbel styrketreningsstasjon som maksimerer treningsplassen din. Den helsvarte, pulverlakkerte st\u00e5lrammen i matt svart t\u00e5ler hard bruk og gir et robust og stilig utseende. <\/p>\n<p data-sourcepos=\"5:1-5:161\"><strong>Sikkerhet i fokus:<\/strong> Sikringsarmene er utstyrt med ekstra sikkerhetsn\u00e5ler som er festet med st\u00e5ltr\u00e5d for maksimal sikkerhet og for \u00e5 sikre at de aldri mistes.<\/p>\n<p data-sourcepos=\"1:1-1:39\"><strong>Forbedret stabilitet og ergonomi:<\/strong><\/p>\n<ul data-sourcepos=\"3:1-4:318\">\n<li data-sourcepos=\"3:1-3:213\"><strong>Presisjonskonstruerte ben:<\/strong> Bena i rustfritt st\u00e5l har 25 mm hullavstand med tydelig etset nummerering, noe som gir deg <strong>presis<\/strong> kontroll over l\u00f8ftene dine. Den slitesterke overflaten er optimalisert for jevn justering av tilbeh\u00f8r. <\/li>\n<li data-sourcepos=\"4:1-4:318\"><strong>Perfekt balanse:<\/strong> Rammen er laget av robust 70&#215;70 mm st\u00e5l og designet for optimal balanse og stabilitet, noe som gir deg ekstra plass og komfort n\u00e5r du griper, posisjonerer og l\u00f8fter vektstangen. Enten du er nybegynner eller eliteut\u00f8ver, gir Half Rack Double deg den st\u00f8tten du trenger for \u00e5 n\u00e5 m\u00e5lene dine. <\/li>\n<\/ul>\n<p>&nbsp;<\/p>\n<p data-sourcepos=\"12:1-12:129\"><strong>Med Motion Fitness Half Rack Double f\u00e5r du en robust og allsidig treningsstasjon som tar styrketreningen din til neste niv\u00e5.<\/strong><\/p>\n","protected":false},"excerpt":{"rendered":"<p>Motion Fitness Half Rack Elite Double er grunnlaget for en allsidig dobbel styrketreningsstasjon som maksimerer treningsplassen din. Den helsvarte, pulverlakkerte st\u00e5lrammen i matt svart t\u00e5ler t\u00f8ff bruk og gir et robust og stilig utseende.   <strong>5 \u00e5rs garanti!<\/strong><\/p>\n","protected":false},"featured_media":28629,"comment_status":"open","ping_status":"closed","template":"","meta":{"_acf_changed":false,"_monsterinsights_skip_tracking":false,"_monsterinsights_sitenote_active":false,"_monsterinsights_sitenote_note":"","_monsterinsights_sitenote_category":0},"product_brand":[],"product_cat":[559,440,528,519],"product_tag":[],"class_list":{"0":"post-33017","1":"product","2":"type-product","3":"status-publish","4":"has-post-thumbnail","6":"product_cat-half-rack","7":"product_cat-motion-fitness-no","8":"product_cat-produktnyheter-no","9":"product_cat-stativer-og-stillaser","11":"first","12":"instock","13":"taxable","14":"shipping-taxable","15":"purchasable","16":"product-type-simple"},"acf":[],"yoast_head":"<!-- This site is optimized with the Yoast SEO plugin v27.4 - https:\/\/yoast.com\/product\/yoast-seo-wordpress\/ -->\n<title>Half Rack Elite Double | Motion Fitness<\/title>\n<meta name=\"description\" content=\"Motion Fitness Half Rack Elite Double er grunnlaget for en allsidig dobbel styrketreningsstasjon som maksimerer treningsplassen din.\" \/>\n<meta name=\"robots\" content=\"index, follow, max-snippet:-1, max-image-preview:large, max-video-preview:-1\" \/>\n<link rel=\"canonical\" href=\"https:\/\/motionfitness.se\/no\/produkter\/halv-rack-elite-double\/\" \/>\n<meta property=\"og:locale\" content=\"nb_NO\" \/>\n<meta property=\"og:type\" content=\"article\" \/>\n<meta property=\"og:title\" content=\"Half Rack Elite Double | Motion Fitness\" \/>\n<meta property=\"og:description\" content=\"Motion Fitness Half Rack Elite Double er grunnlaget for en allsidig dobbel styrketreningsstasjon som maksimerer treningsplassen din.\" \/>\n<meta property=\"og:url\" content=\"https:\/\/motionfitness.se\/no\/produkter\/halv-rack-elite-double\/\" \/>\n<meta property=\"og:site_name\" content=\"Motion Fitness\" \/>\n<meta property=\"article:publisher\" content=\"https:\/\/www.facebook.com\/motionfitnesssverige\/\" \/>\n<meta property=\"article:modified_time\" content=\"2025-10-24T11:56:22+00:00\" \/>\n<meta property=\"og:image\" content=\"https:\/\/motionfitness.se\/wp-content\/uploads\/2024\/07\/57.png\" \/>\n\t<meta property=\"og:image:width\" content=\"1080\" \/>\n\t<meta property=\"og:image:height\" content=\"1080\" \/>\n\t<meta property=\"og:image:type\" content=\"image\/png\" \/>\n<meta name=\"twitter:card\" content=\"summary_large_image\" \/>\n<meta name=\"twitter:label1\" content=\"Ansl. lesetid\" \/>\n\t<meta name=\"twitter:data1\" content=\"1 minutt\" \/>\n<script type=\"application\/ld+json\" class=\"yoast-schema-graph\">{\"@context\":\"https:\\\/\\\/schema.org\",\"@graph\":[{\"@type\":\"WebPage\",\"@id\":\"https:\\\/\\\/motionfitness.se\\\/no\\\/produkter\\\/halv-rack-elite-double\\\/\",\"url\":\"https:\\\/\\\/motionfitness.se\\\/no\\\/produkter\\\/halv-rack-elite-double\\\/\",\"name\":\"Half Rack Elite Double | Motion Fitness\",\"isPartOf\":{\"@id\":\"https:\\\/\\\/motionfitness.se\\\/no\\\/#website\"},\"primaryImageOfPage\":{\"@id\":\"https:\\\/\\\/motionfitness.se\\\/no\\\/produkter\\\/halv-rack-elite-double\\\/#primaryimage\"},\"image\":{\"@id\":\"https:\\\/\\\/motionfitness.se\\\/no\\\/produkter\\\/halv-rack-elite-double\\\/#primaryimage\"},\"thumbnailUrl\":\"https:\\\/\\\/motionfitness.se\\\/wp-content\\\/uploads\\\/2024\\\/07\\\/57.png\",\"datePublished\":\"2024-07-09T08:00:57+00:00\",\"dateModified\":\"2025-10-24T11:56:22+00:00\",\"description\":\"Motion Fitness Half Rack Elite Double er grunnlaget for en allsidig dobbel styrketreningsstasjon som maksimerer treningsplassen din.\",\"breadcrumb\":{\"@id\":\"https:\\\/\\\/motionfitness.se\\\/no\\\/produkter\\\/halv-rack-elite-double\\\/#breadcrumb\"},\"inLanguage\":\"nb-NO\",\"potentialAction\":[{\"@type\":\"ReadAction\",\"target\":[\"https:\\\/\\\/motionfitness.se\\\/no\\\/produkter\\\/halv-rack-elite-double\\\/\"]}]},{\"@type\":\"ImageObject\",\"inLanguage\":\"nb-NO\",\"@id\":\"https:\\\/\\\/motionfitness.se\\\/no\\\/produkter\\\/halv-rack-elite-double\\\/#primaryimage\",\"url\":\"https:\\\/\\\/motionfitness.se\\\/wp-content\\\/uploads\\\/2024\\\/07\\\/57.png\",\"contentUrl\":\"https:\\\/\\\/motionfitness.se\\\/wp-content\\\/uploads\\\/2024\\\/07\\\/57.png\",\"width\":1080,\"height\":1080,\"caption\":\"halv rack elite dobbel\"},{\"@type\":\"BreadcrumbList\",\"@id\":\"https:\\\/\\\/motionfitness.se\\\/no\\\/produkter\\\/halv-rack-elite-double\\\/#breadcrumb\",\"itemListElement\":[{\"@type\":\"ListItem\",\"position\":1,\"name\":\"Hem\",\"item\":\"https:\\\/\\\/motionfitness.se\\\/no\\\/startside\\\/\"},{\"@type\":\"ListItem\",\"position\":2,\"name\":\"Produkter\",\"item\":\"https:\\\/\\\/motionfitness.se\\\/no\\\/produkter\\\/\"},{\"@type\":\"ListItem\",\"position\":3,\"name\":\"Half Rack Elite Double\"}]},{\"@type\":\"WebSite\",\"@id\":\"https:\\\/\\\/motionfitness.se\\\/no\\\/#website\",\"url\":\"https:\\\/\\\/motionfitness.se\\\/no\\\/\",\"name\":\"Motion Fitness\",\"description\":\"Stronger Together\",\"publisher\":{\"@id\":\"https:\\\/\\\/motionfitness.se\\\/no\\\/#organization\"},\"potentialAction\":[{\"@type\":\"SearchAction\",\"target\":{\"@type\":\"EntryPoint\",\"urlTemplate\":\"https:\\\/\\\/motionfitness.se\\\/no\\\/?s={search_term_string}\"},\"query-input\":{\"@type\":\"PropertyValueSpecification\",\"valueRequired\":true,\"valueName\":\"search_term_string\"}}],\"inLanguage\":\"nb-NO\"},{\"@type\":\"Organization\",\"@id\":\"https:\\\/\\\/motionfitness.se\\\/no\\\/#organization\",\"name\":\"Motion Fitness\",\"url\":\"https:\\\/\\\/motionfitness.se\\\/no\\\/\",\"logo\":{\"@type\":\"ImageObject\",\"inLanguage\":\"nb-NO\",\"@id\":\"https:\\\/\\\/motionfitness.se\\\/no\\\/#\\\/schema\\\/logo\\\/image\\\/\",\"url\":\"https:\\\/\\\/motionfitness.se\\\/wp-content\\\/uploads\\\/2024\\\/01\\\/Motion-Fitness-Logol.png\",\"contentUrl\":\"https:\\\/\\\/motionfitness.se\\\/wp-content\\\/uploads\\\/2024\\\/01\\\/Motion-Fitness-Logol.png\",\"width\":1280,\"height\":720,\"caption\":\"Motion Fitness\"},\"image\":{\"@id\":\"https:\\\/\\\/motionfitness.se\\\/no\\\/#\\\/schema\\\/logo\\\/image\\\/\"},\"sameAs\":[\"https:\\\/\\\/www.facebook.com\\\/motionfitnesssverige\\\/\",\"https:\\\/\\\/www.instagram.com\\\/motionfitness.se\\\/\"]}]}<\/script>\n<!-- \/ Yoast SEO plugin. -->","yoast_head_json":{"title":"Half Rack Elite Double | Motion Fitness","description":"Motion Fitness Half Rack Elite Double er grunnlaget for en allsidig dobbel styrketreningsstasjon som maksimerer treningsplassen din.","robots":{"index":"index","follow":"follow","max-snippet":"max-snippet:-1","max-image-preview":"max-image-preview:large","max-video-preview":"max-video-preview:-1"},"canonical":"https:\/\/motionfitness.se\/no\/produkter\/halv-rack-elite-double\/","og_locale":"nb_NO","og_type":"article","og_title":"Half Rack Elite Double | Motion Fitness","og_description":"Motion Fitness Half Rack Elite Double er grunnlaget for en allsidig dobbel styrketreningsstasjon som maksimerer treningsplassen din.","og_url":"https:\/\/motionfitness.se\/no\/produkter\/halv-rack-elite-double\/","og_site_name":"Motion Fitness","article_publisher":"https:\/\/www.facebook.com\/motionfitnesssverige\/","article_modified_time":"2025-10-24T11:56:22+00:00","og_image":[{"width":1080,"height":1080,"url":"https:\/\/motionfitness.se\/wp-content\/uploads\/2024\/07\/57.png","type":"image\/png"}],"twitter_card":"summary_large_image","twitter_misc":{"Ansl. lesetid":"1 minutt"},"schema":{"@context":"https:\/\/schema.org","@graph":[{"@type":"WebPage","@id":"https:\/\/motionfitness.se\/no\/produkter\/halv-rack-elite-double\/","url":"https:\/\/motionfitness.se\/no\/produkter\/halv-rack-elite-double\/","name":"Half Rack Elite Double | Motion Fitness","isPartOf":{"@id":"https:\/\/motionfitness.se\/no\/#website"},"primaryImageOfPage":{"@id":"https:\/\/motionfitness.se\/no\/produkter\/halv-rack-elite-double\/#primaryimage"},"image":{"@id":"https:\/\/motionfitness.se\/no\/produkter\/halv-rack-elite-double\/#primaryimage"},"thumbnailUrl":"https:\/\/motionfitness.se\/wp-content\/uploads\/2024\/07\/57.png","datePublished":"2024-07-09T08:00:57+00:00","dateModified":"2025-10-24T11:56:22+00:00","description":"Motion Fitness Half Rack Elite Double er grunnlaget for en allsidig dobbel styrketreningsstasjon som maksimerer treningsplassen din.","breadcrumb":{"@id":"https:\/\/motionfitness.se\/no\/produkter\/halv-rack-elite-double\/#breadcrumb"},"inLanguage":"nb-NO","potentialAction":[{"@type":"ReadAction","target":["https:\/\/motionfitness.se\/no\/produkter\/halv-rack-elite-double\/"]}]},{"@type":"ImageObject","inLanguage":"nb-NO","@id":"https:\/\/motionfitness.se\/no\/produkter\/halv-rack-elite-double\/#primaryimage","url":"https:\/\/motionfitness.se\/wp-content\/uploads\/2024\/07\/57.png","contentUrl":"https:\/\/motionfitness.se\/wp-content\/uploads\/2024\/07\/57.png","width":1080,"height":1080,"caption":"halv rack elite dobbel"},{"@type":"BreadcrumbList","@id":"https:\/\/motionfitness.se\/no\/produkter\/halv-rack-elite-double\/#breadcrumb","itemListElement":[{"@type":"ListItem","position":1,"name":"Hem","item":"https:\/\/motionfitness.se\/no\/startside\/"},{"@type":"ListItem","position":2,"name":"Produkter","item":"https:\/\/motionfitness.se\/no\/produkter\/"},{"@type":"ListItem","position":3,"name":"Half Rack Elite Double"}]},{"@type":"WebSite","@id":"https:\/\/motionfitness.se\/no\/#website","url":"https:\/\/motionfitness.se\/no\/","name":"Motion Fitness","description":"Stronger Together","publisher":{"@id":"https:\/\/motionfitness.se\/no\/#organization"},"potentialAction":[{"@type":"SearchAction","target":{"@type":"EntryPoint","urlTemplate":"https:\/\/motionfitness.se\/no\/?s={search_term_string}"},"query-input":{"@type":"PropertyValueSpecification","valueRequired":true,"valueName":"search_term_string"}}],"inLanguage":"nb-NO"},{"@type":"Organization","@id":"https:\/\/motionfitness.se\/no\/#organization","name":"Motion Fitness","url":"https:\/\/motionfitness.se\/no\/","logo":{"@type":"ImageObject","inLanguage":"nb-NO","@id":"https:\/\/motionfitness.se\/no\/#\/schema\/logo\/image\/","url":"https:\/\/motionfitness.se\/wp-content\/uploads\/2024\/01\/Motion-Fitness-Logol.png","contentUrl":"https:\/\/motionfitness.se\/wp-content\/uploads\/2024\/01\/Motion-Fitness-Logol.png","width":1280,"height":720,"caption":"Motion Fitness"},"image":{"@id":"https:\/\/motionfitness.se\/no\/#\/schema\/logo\/image\/"},"sameAs":["https:\/\/www.facebook.com\/motionfitnesssverige\/","https:\/\/www.instagram.com\/motionfitness.se\/"]}]}},"_links":{"self":[{"href":"https:\/\/motionfitness.se\/no\/wp-json\/wp\/v2\/product\/33017","targetHints":{"allow":["GET"]}}],"collection":[{"href":"https:\/\/motionfitness.se\/no\/wp-json\/wp\/v2\/product"}],"about":[{"href":"https:\/\/motionfitness.se\/no\/wp-json\/wp\/v2\/types\/product"}],"replies":[{"embeddable":true,"href":"https:\/\/motionfitness.se\/no\/wp-json\/wp\/v2\/comments?post=33017"}],"wp:featuredmedia":[{"embeddable":true,"href":"https:\/\/motionfitness.se\/no\/wp-json\/wp\/v2\/media\/28629"}],"wp:attachment":[{"href":"https:\/\/motionfitness.se\/no\/wp-json\/wp\/v2\/media?parent=33017"}],"wp:term":[{"taxonomy":"product_brand","embeddable":true,"href":"https:\/\/motionfitness.se\/no\/wp-json\/wp\/v2\/product_brand?post=33017"},{"taxonomy":"product_cat","embeddable":true,"href":"https:\/\/motionfitness.se\/no\/wp-json\/wp\/v2\/product_cat?post=33017"},{"taxonomy":"product_tag","embeddable":true,"href":"https:\/\/motionfitness.se\/no\/wp-json\/wp\/v2\/product_tag?post=33017"}],"curies":[{"name":"wp","href":"https:\/\/api.w.org\/{rel}","templated":true}]}}