{"id":33014,"date":"2024-08-23T13:00:33","date_gmt":"2024-08-23T11:00:33","guid":{"rendered":"https:\/\/motionfitness.se\/produkter\/romaskin-4\/"},"modified":"2026-04-27T13:56:39","modified_gmt":"2026-04-27T11:56:39","slug":"romaskin-4","status":"publish","type":"product","link":"https:\/\/motionfitness.se\/no\/produkter\/frivekts-en-rowing-maskin\/","title":{"rendered":"Romaskin"},"content":{"rendered":"<p data-sourcepos=\"3:1-3:42\"><strong>Tren ryggen effektivt:<\/strong> Panatta romaskin er spesielt utviklet for \u00e5 trene den midtre delen av ryggen, noe som er ideelt for \u00e5 utvikle masse og styrke i denne viktige muskelgruppen.<\/p>\n<p data-sourcepos=\"5:1-5:21\"><strong>Viktige funksjoner:<\/strong><\/p>\n<ul data-sourcepos=\"7:1-7:52\">\n<li data-sourcepos=\"7:1-7:52\"><strong>Justerbart sete med gassfj\u00e6r:<\/strong> Juster seteh\u00f8yden enkelt for optimal komfort og effektiv trening.<\/li>\n<li data-sourcepos=\"8:1-8:91\"><strong>Uavhengige armer:<\/strong> Tren \u00e9n eller begge armene samtidig for \u00e5 variere \u00f8velsene og maksimere muskelaktiveringen.<\/li>\n<li data-sourcepos=\"9:1-9:159\"><strong>Fysiologisk belastningskurve:<\/strong> Utformet for \u00e5 f\u00f8lge kroppens naturlige bevegelsesm\u00f8nster, noe som reduserer belastningen p\u00e5 leddene og \u00f8ker muskelaktiveringen.<\/li>\n<li data-sourcepos=\"10:1-10:130\"><strong>H\u00e5ndtak med flere grep:<\/strong> Ulike grep gir deg fleksibilitet og variasjon i treningen, slik at du treffer ulike muskelfibre.<\/li>\n<li data-sourcepos=\"11:1-11:108\"><strong>Fj\u00e6rmotvekt:<\/strong> Reduserer vekten p\u00e5 armene n\u00e5r de ikke er i bruk, noe som gj\u00f8r maskinen enklere \u00e5 h\u00e5ndtere.<\/li>\n<li data-sourcepos=\"12:1-12:42\"><strong>Fast midtgrep:<\/strong> Gir ekstra stabilitet under ensidig trening for sikker og effektiv bevegelse.<\/li>\n<\/ul>\n<p data-sourcepos=\"14:1-14:13\"><strong>Fordeler:<\/strong><\/p>\n<ul data-sourcepos=\"16:1-19:72\">\n<li data-sourcepos=\"16:1-16:101\"><strong>Sterkere ryggmuskulatur:<\/strong> Tren effektivt de musklene som er avgj\u00f8rende for en sterk og stabil rygg.<\/li>\n<li data-sourcepos=\"17:1-17:92\"><strong>Bedre holdning:<\/strong> Styrker musklene som st\u00f8tter ryggraden og forbedrer holdningen din.<\/li>\n<li data-sourcepos=\"18:1-18:98\"><strong>\u00d8kt kraft og eksplosivitet:<\/strong> \u00d8v p\u00e5 eksplosive robevegelser for \u00e5 utvikle styrke og kraft.<\/li>\n<li data-sourcepos=\"19:1-19:72\"><strong>Sk\u00e5nsom trening:<\/strong> Den fysiologiske belastningskurven reduserer risikoen for skader og gj\u00f8r maskinen egnet for alle niv\u00e5er.<\/li>\n<li data-sourcepos=\"20:1-21:0\"><strong>Allsidig:<\/strong> Ulike grepsmuligheter og justerbart sete gir deg variasjon og utfordringer i treningen.<\/li>\n<\/ul>\n<p data-sourcepos=\"22:1-22:92\"><strong>Oppgrader ryggtreningen din med Panatta FreeWeight One romaskin og oppn\u00e5 en sterkere rygg!<\/strong><\/p>\n","protected":false},"excerpt":{"rendered":"<p>Panatta romaskin er spesielt utviklet for \u00e5 trene den midtre delen av ryggen, noe som er ideelt for \u00e5 utvikle masse og styrke i denne viktige muskelgruppen.<\/p>\n","protected":false},"featured_media":29275,"comment_status":"open","ping_status":"closed","template":"","meta":{"_acf_changed":false,"_monsterinsights_skip_tracking":false,"_monsterinsights_sitenote_active":false,"_monsterinsights_sitenote_note":"","_monsterinsights_sitenote_category":0},"product_brand":[],"product_cat":[789,723,441,722,528,564],"product_tag":[790],"class_list":{"0":"post-33014","1":"product","2":"type-product","3":"status-publish","4":"has-post-thumbnail","6":"product_cat-freeweight-one-no","7":"product_cat-ovre-del-av-kroppen","8":"product_cat-panatta-no","9":"product_cat-plate-load-no-2","10":"product_cat-produktnyheter-no","11":"product_cat-rygg-no-2","12":"product_tag-ny","14":"first","15":"instock","16":"taxable","17":"shipping-taxable","18":"purchasable","19":"product-type-simple"},"acf":[],"yoast_head":"<!-- This site is optimized with the Yoast SEO plugin v27.4 - https:\/\/yoast.com\/product\/yoast-seo-wordpress\/ -->\n<title>Romaskin | Motion Fitness<\/title>\n<meta name=\"description\" content=\"Panatta FreeWeight One romaskin er spesielt utviklet for \u00e5 trene den midtre delen av ryggen, noe som er ideelt for \u00e5 utvikle st\u00f8rrelse. Bygg ryggen din!\" \/>\n<meta name=\"robots\" content=\"index, follow, max-snippet:-1, max-image-preview:large, max-video-preview:-1\" \/>\n<link rel=\"canonical\" href=\"https:\/\/motionfitness.se\/no\/produkter\/frivekts-en-rowing-maskin\/\" \/>\n<meta property=\"og:locale\" content=\"nb_NO\" \/>\n<meta property=\"og:type\" content=\"article\" \/>\n<meta property=\"og:title\" content=\"Romaskin | Motion Fitness\" \/>\n<meta property=\"og:description\" content=\"Panatta FreeWeight One romaskin er spesielt utviklet for \u00e5 trene den midtre delen av ryggen, noe som er ideelt for \u00e5 utvikle st\u00f8rrelse. Bygg ryggen din!\" \/>\n<meta property=\"og:url\" content=\"https:\/\/motionfitness.se\/no\/produkter\/frivekts-en-rowing-maskin\/\" \/>\n<meta property=\"og:site_name\" content=\"Motion Fitness\" \/>\n<meta property=\"article:publisher\" content=\"https:\/\/www.facebook.com\/motionfitnesssverige\/\" \/>\n<meta property=\"article:modified_time\" content=\"2026-04-27T11:56:39+00:00\" \/>\n<meta property=\"og:image\" content=\"https:\/\/motionfitness.se\/wp-content\/uploads\/2024\/08\/1-6.png\" \/>\n\t<meta property=\"og:image:width\" content=\"1080\" \/>\n\t<meta property=\"og:image:height\" content=\"1080\" \/>\n\t<meta property=\"og:image:type\" content=\"image\/png\" \/>\n<meta name=\"twitter:card\" content=\"summary_large_image\" \/>\n<meta name=\"twitter:label1\" content=\"Ansl. lesetid\" \/>\n\t<meta name=\"twitter:data1\" content=\"1 minutt\" \/>\n<script type=\"application\/ld+json\" class=\"yoast-schema-graph\">{\"@context\":\"https:\\\/\\\/schema.org\",\"@graph\":[{\"@type\":\"WebPage\",\"@id\":\"https:\\\/\\\/motionfitness.se\\\/no\\\/produkter\\\/frivekts-en-rowing-maskin\\\/\",\"url\":\"https:\\\/\\\/motionfitness.se\\\/no\\\/produkter\\\/frivekts-en-rowing-maskin\\\/\",\"name\":\"Romaskin | Motion Fitness\",\"isPartOf\":{\"@id\":\"https:\\\/\\\/motionfitness.se\\\/no\\\/#website\"},\"primaryImageOfPage\":{\"@id\":\"https:\\\/\\\/motionfitness.se\\\/no\\\/produkter\\\/frivekts-en-rowing-maskin\\\/#primaryimage\"},\"image\":{\"@id\":\"https:\\\/\\\/motionfitness.se\\\/no\\\/produkter\\\/frivekts-en-rowing-maskin\\\/#primaryimage\"},\"thumbnailUrl\":\"https:\\\/\\\/motionfitness.se\\\/wp-content\\\/uploads\\\/2024\\\/08\\\/1-6.png\",\"datePublished\":\"2024-08-23T11:00:33+00:00\",\"dateModified\":\"2026-04-27T11:56:39+00:00\",\"description\":\"Panatta FreeWeight One romaskin er spesielt utviklet for \u00e5 trene den midtre delen av ryggen, noe som er ideelt for \u00e5 utvikle st\u00f8rrelse. Bygg ryggen din!\",\"breadcrumb\":{\"@id\":\"https:\\\/\\\/motionfitness.se\\\/no\\\/produkter\\\/frivekts-en-rowing-maskin\\\/#breadcrumb\"},\"inLanguage\":\"nb-NO\",\"potentialAction\":[{\"@type\":\"ReadAction\",\"target\":[\"https:\\\/\\\/motionfitness.se\\\/no\\\/produkter\\\/frivekts-en-rowing-maskin\\\/\"]}]},{\"@type\":\"ImageObject\",\"inLanguage\":\"nb-NO\",\"@id\":\"https:\\\/\\\/motionfitness.se\\\/no\\\/produkter\\\/frivekts-en-rowing-maskin\\\/#primaryimage\",\"url\":\"https:\\\/\\\/motionfitness.se\\\/wp-content\\\/uploads\\\/2024\\\/08\\\/1-6.png\",\"contentUrl\":\"https:\\\/\\\/motionfitness.se\\\/wp-content\\\/uploads\\\/2024\\\/08\\\/1-6.png\",\"width\":1080,\"height\":1080,\"caption\":\"Romaskin FreeWeight One\"},{\"@type\":\"BreadcrumbList\",\"@id\":\"https:\\\/\\\/motionfitness.se\\\/no\\\/produkter\\\/frivekts-en-rowing-maskin\\\/#breadcrumb\",\"itemListElement\":[{\"@type\":\"ListItem\",\"position\":1,\"name\":\"Hem\",\"item\":\"https:\\\/\\\/motionfitness.se\\\/no\\\/startside\\\/\"},{\"@type\":\"ListItem\",\"position\":2,\"name\":\"Produkter\",\"item\":\"https:\\\/\\\/motionfitness.se\\\/no\\\/produkter\\\/\"},{\"@type\":\"ListItem\",\"position\":3,\"name\":\"Romaskin\"}]},{\"@type\":\"WebSite\",\"@id\":\"https:\\\/\\\/motionfitness.se\\\/no\\\/#website\",\"url\":\"https:\\\/\\\/motionfitness.se\\\/no\\\/\",\"name\":\"Motion Fitness\",\"description\":\"Stronger Together\",\"publisher\":{\"@id\":\"https:\\\/\\\/motionfitness.se\\\/no\\\/#organization\"},\"potentialAction\":[{\"@type\":\"SearchAction\",\"target\":{\"@type\":\"EntryPoint\",\"urlTemplate\":\"https:\\\/\\\/motionfitness.se\\\/no\\\/?s={search_term_string}\"},\"query-input\":{\"@type\":\"PropertyValueSpecification\",\"valueRequired\":true,\"valueName\":\"search_term_string\"}}],\"inLanguage\":\"nb-NO\"},{\"@type\":\"Organization\",\"@id\":\"https:\\\/\\\/motionfitness.se\\\/no\\\/#organization\",\"name\":\"Motion Fitness\",\"url\":\"https:\\\/\\\/motionfitness.se\\\/no\\\/\",\"logo\":{\"@type\":\"ImageObject\",\"inLanguage\":\"nb-NO\",\"@id\":\"https:\\\/\\\/motionfitness.se\\\/no\\\/#\\\/schema\\\/logo\\\/image\\\/\",\"url\":\"https:\\\/\\\/motionfitness.se\\\/wp-content\\\/uploads\\\/2024\\\/01\\\/Motion-Fitness-Logol.png\",\"contentUrl\":\"https:\\\/\\\/motionfitness.se\\\/wp-content\\\/uploads\\\/2024\\\/01\\\/Motion-Fitness-Logol.png\",\"width\":1280,\"height\":720,\"caption\":\"Motion Fitness\"},\"image\":{\"@id\":\"https:\\\/\\\/motionfitness.se\\\/no\\\/#\\\/schema\\\/logo\\\/image\\\/\"},\"sameAs\":[\"https:\\\/\\\/www.facebook.com\\\/motionfitnesssverige\\\/\",\"https:\\\/\\\/www.instagram.com\\\/motionfitness.se\\\/\"]}]}<\/script>\n<!-- \/ Yoast SEO plugin. -->","yoast_head_json":{"title":"Romaskin | Motion Fitness","description":"Panatta FreeWeight One romaskin er spesielt utviklet for \u00e5 trene den midtre delen av ryggen, noe som er ideelt for \u00e5 utvikle st\u00f8rrelse. Bygg ryggen din!","robots":{"index":"index","follow":"follow","max-snippet":"max-snippet:-1","max-image-preview":"max-image-preview:large","max-video-preview":"max-video-preview:-1"},"canonical":"https:\/\/motionfitness.se\/no\/produkter\/frivekts-en-rowing-maskin\/","og_locale":"nb_NO","og_type":"article","og_title":"Romaskin | Motion Fitness","og_description":"Panatta FreeWeight One romaskin er spesielt utviklet for \u00e5 trene den midtre delen av ryggen, noe som er ideelt for \u00e5 utvikle st\u00f8rrelse. Bygg ryggen din!","og_url":"https:\/\/motionfitness.se\/no\/produkter\/frivekts-en-rowing-maskin\/","og_site_name":"Motion Fitness","article_publisher":"https:\/\/www.facebook.com\/motionfitnesssverige\/","article_modified_time":"2026-04-27T11:56:39+00:00","og_image":[{"width":1080,"height":1080,"url":"https:\/\/motionfitness.se\/wp-content\/uploads\/2024\/08\/1-6.png","type":"image\/png"}],"twitter_card":"summary_large_image","twitter_misc":{"Ansl. lesetid":"1 minutt"},"schema":{"@context":"https:\/\/schema.org","@graph":[{"@type":"WebPage","@id":"https:\/\/motionfitness.se\/no\/produkter\/frivekts-en-rowing-maskin\/","url":"https:\/\/motionfitness.se\/no\/produkter\/frivekts-en-rowing-maskin\/","name":"Romaskin | Motion Fitness","isPartOf":{"@id":"https:\/\/motionfitness.se\/no\/#website"},"primaryImageOfPage":{"@id":"https:\/\/motionfitness.se\/no\/produkter\/frivekts-en-rowing-maskin\/#primaryimage"},"image":{"@id":"https:\/\/motionfitness.se\/no\/produkter\/frivekts-en-rowing-maskin\/#primaryimage"},"thumbnailUrl":"https:\/\/motionfitness.se\/wp-content\/uploads\/2024\/08\/1-6.png","datePublished":"2024-08-23T11:00:33+00:00","dateModified":"2026-04-27T11:56:39+00:00","description":"Panatta FreeWeight One romaskin er spesielt utviklet for \u00e5 trene den midtre delen av ryggen, noe som er ideelt for \u00e5 utvikle st\u00f8rrelse. Bygg ryggen din!","breadcrumb":{"@id":"https:\/\/motionfitness.se\/no\/produkter\/frivekts-en-rowing-maskin\/#breadcrumb"},"inLanguage":"nb-NO","potentialAction":[{"@type":"ReadAction","target":["https:\/\/motionfitness.se\/no\/produkter\/frivekts-en-rowing-maskin\/"]}]},{"@type":"ImageObject","inLanguage":"nb-NO","@id":"https:\/\/motionfitness.se\/no\/produkter\/frivekts-en-rowing-maskin\/#primaryimage","url":"https:\/\/motionfitness.se\/wp-content\/uploads\/2024\/08\/1-6.png","contentUrl":"https:\/\/motionfitness.se\/wp-content\/uploads\/2024\/08\/1-6.png","width":1080,"height":1080,"caption":"Romaskin FreeWeight One"},{"@type":"BreadcrumbList","@id":"https:\/\/motionfitness.se\/no\/produkter\/frivekts-en-rowing-maskin\/#breadcrumb","itemListElement":[{"@type":"ListItem","position":1,"name":"Hem","item":"https:\/\/motionfitness.se\/no\/startside\/"},{"@type":"ListItem","position":2,"name":"Produkter","item":"https:\/\/motionfitness.se\/no\/produkter\/"},{"@type":"ListItem","position":3,"name":"Romaskin"}]},{"@type":"WebSite","@id":"https:\/\/motionfitness.se\/no\/#website","url":"https:\/\/motionfitness.se\/no\/","name":"Motion Fitness","description":"Stronger Together","publisher":{"@id":"https:\/\/motionfitness.se\/no\/#organization"},"potentialAction":[{"@type":"SearchAction","target":{"@type":"EntryPoint","urlTemplate":"https:\/\/motionfitness.se\/no\/?s={search_term_string}"},"query-input":{"@type":"PropertyValueSpecification","valueRequired":true,"valueName":"search_term_string"}}],"inLanguage":"nb-NO"},{"@type":"Organization","@id":"https:\/\/motionfitness.se\/no\/#organization","name":"Motion Fitness","url":"https:\/\/motionfitness.se\/no\/","logo":{"@type":"ImageObject","inLanguage":"nb-NO","@id":"https:\/\/motionfitness.se\/no\/#\/schema\/logo\/image\/","url":"https:\/\/motionfitness.se\/wp-content\/uploads\/2024\/01\/Motion-Fitness-Logol.png","contentUrl":"https:\/\/motionfitness.se\/wp-content\/uploads\/2024\/01\/Motion-Fitness-Logol.png","width":1280,"height":720,"caption":"Motion Fitness"},"image":{"@id":"https:\/\/motionfitness.se\/no\/#\/schema\/logo\/image\/"},"sameAs":["https:\/\/www.facebook.com\/motionfitnesssverige\/","https:\/\/www.instagram.com\/motionfitness.se\/"]}]}},"_links":{"self":[{"href":"https:\/\/motionfitness.se\/no\/wp-json\/wp\/v2\/product\/33014","targetHints":{"allow":["GET"]}}],"collection":[{"href":"https:\/\/motionfitness.se\/no\/wp-json\/wp\/v2\/product"}],"about":[{"href":"https:\/\/motionfitness.se\/no\/wp-json\/wp\/v2\/types\/product"}],"replies":[{"embeddable":true,"href":"https:\/\/motionfitness.se\/no\/wp-json\/wp\/v2\/comments?post=33014"}],"wp:featuredmedia":[{"embeddable":true,"href":"https:\/\/motionfitness.se\/no\/wp-json\/wp\/v2\/media\/29275"}],"wp:attachment":[{"href":"https:\/\/motionfitness.se\/no\/wp-json\/wp\/v2\/media?parent=33014"}],"wp:term":[{"taxonomy":"product_brand","embeddable":true,"href":"https:\/\/motionfitness.se\/no\/wp-json\/wp\/v2\/product_brand?post=33014"},{"taxonomy":"product_cat","embeddable":true,"href":"https:\/\/motionfitness.se\/no\/wp-json\/wp\/v2\/product_cat?post=33014"},{"taxonomy":"product_tag","embeddable":true,"href":"https:\/\/motionfitness.se\/no\/wp-json\/wp\/v2\/product_tag?post=33014"}],"curies":[{"name":"wp","href":"https:\/\/api.w.org\/{rel}","templated":true}]}}