{"id":22062,"date":"2022-11-16T10:39:28","date_gmt":"2022-11-16T09:39:28","guid":{"rendered":"https:\/\/motionfitness.se\/produkter\/ergogrip-trekkhandtak\/"},"modified":"2026-04-27T15:38:10","modified_gmt":"2026-04-27T13:38:10","slug":"ergogrip-trekkhandtak","status":"publish","type":"product","link":"https:\/\/motionfitness.se\/no\/produkter\/ergogrip-trekkhandtak\/","title":{"rendered":"ErgoGrip trekkh\u00e5ndtak"},"content":{"rendered":"<p>ErgoGrip-trekkh\u00e5ndtakene fra motion&amp;fitnessPRO er ergonomisk utformet og gj\u00f8r det mulig \u00e5 trene flere ulike muskelgrupper. De vinklede h\u00e5ndtakene gir deg en sk\u00e5nsom, men effektiv trening, og du kan trene hardere med riktig h\u00e5nd\/arm-stilling uten \u00e5 belaste kroppen un\u00f8dvendig.<\/p>\n","protected":false},"excerpt":{"rendered":"<p>Ergonomisk formede ErgoGrip-trekkh\u00e5ndtak for \u00f8kt effektivitet i treningen.<\/p>\n<p>H\u00e5ndtakene er formet i ulike vinkler som gj\u00f8r at du kan trene ulike muskelgrupper, med riktig h\u00e5nd\/armposisjon for best mulig resultat.<\/p>\n<p>Pakken inneholder 5 h\u00e5ndtak.<\/p>\n","protected":false},"featured_media":28553,"comment_status":"open","ping_status":"closed","template":"","meta":{"_acf_changed":false,"_monsterinsights_skip_tracking":false,"_monsterinsights_sitenote_active":false,"_monsterinsights_sitenote_note":"","_monsterinsights_sitenote_category":0},"product_brand":[],"product_cat":[484,440],"product_tag":[],"class_list":{"0":"post-22062","1":"product","2":"type-product","3":"status-publish","4":"has-post-thumbnail","6":"product_cat-handtak","7":"product_cat-motion-fitness-no","9":"first","10":"instock","11":"taxable","12":"shipping-taxable","13":"purchasable","14":"product-type-simple"},"acf":[],"yoast_head":"<!-- This site is optimized with the Yoast SEO plugin v27.5 - https:\/\/yoast.com\/product\/yoast-seo-wordpress\/ -->\n<title>ErgoGrip trekkh\u00e5ndtak | Motion Fitness<\/title>\n<meta name=\"description\" content=\"ErgoGrip er ergonomiske trekkh\u00e5ndtak som gir deg en helt ny m\u00e5te \u00e5 trene ulike muskelgrupper p\u00e5. 5 forskjellige trekkh\u00e5ndtak i \u00e9n pakke.\" \/>\n<meta name=\"robots\" content=\"index, follow, max-snippet:-1, max-image-preview:large, max-video-preview:-1\" \/>\n<link rel=\"canonical\" href=\"https:\/\/motionfitness.se\/no\/produkter\/ergogrip-trekkhandtak\/\" \/>\n<meta property=\"og:locale\" content=\"nb_NO\" \/>\n<meta property=\"og:type\" content=\"article\" \/>\n<meta property=\"og:title\" content=\"ErgoGrip trekkh\u00e5ndtak | Motion Fitness\" \/>\n<meta property=\"og:description\" content=\"ErgoGrip er ergonomiske trekkh\u00e5ndtak som gir deg en helt ny m\u00e5te \u00e5 trene ulike muskelgrupper p\u00e5. 5 forskjellige trekkh\u00e5ndtak i \u00e9n pakke.\" \/>\n<meta property=\"og:url\" content=\"https:\/\/motionfitness.se\/no\/produkter\/ergogrip-trekkhandtak\/\" \/>\n<meta property=\"og:site_name\" content=\"Motion Fitness\" \/>\n<meta property=\"article:publisher\" content=\"https:\/\/www.facebook.com\/motionfitnesssverige\/\" \/>\n<meta property=\"article:modified_time\" content=\"2026-04-27T13:38:10+00:00\" \/>\n<meta property=\"og:image\" content=\"https:\/\/motionfitness.se\/wp-content\/uploads\/2022\/11\/ND4_0228.png\" \/>\n<meta name=\"twitter:card\" content=\"summary_large_image\" \/>\n<script type=\"application\/ld+json\" class=\"yoast-schema-graph\">{\"@context\":\"https:\\\/\\\/schema.org\",\"@graph\":[{\"@type\":\"WebPage\",\"@id\":\"https:\\\/\\\/motionfitness.se\\\/no\\\/produkter\\\/ergogrip-trekkhandtak\\\/\",\"url\":\"https:\\\/\\\/motionfitness.se\\\/no\\\/produkter\\\/ergogrip-trekkhandtak\\\/\",\"name\":\"ErgoGrip trekkh\u00e5ndtak | Motion Fitness\",\"isPartOf\":{\"@id\":\"https:\\\/\\\/motionfitness.se\\\/no\\\/#website\"},\"primaryImageOfPage\":{\"@id\":\"https:\\\/\\\/motionfitness.se\\\/no\\\/produkter\\\/ergogrip-trekkhandtak\\\/#primaryimage\"},\"image\":{\"@id\":\"https:\\\/\\\/motionfitness.se\\\/no\\\/produkter\\\/ergogrip-trekkhandtak\\\/#primaryimage\"},\"thumbnailUrl\":\"https:\\\/\\\/motionfitness.se\\\/wp-content\\\/uploads\\\/2022\\\/11\\\/10.png\",\"datePublished\":\"2022-11-16T09:39:28+00:00\",\"dateModified\":\"2026-04-27T13:38:10+00:00\",\"description\":\"ErgoGrip er ergonomiske trekkh\u00e5ndtak som gir deg en helt ny m\u00e5te \u00e5 trene ulike muskelgrupper p\u00e5. 5 forskjellige trekkh\u00e5ndtak i \u00e9n pakke.\",\"breadcrumb\":{\"@id\":\"https:\\\/\\\/motionfitness.se\\\/no\\\/produkter\\\/ergogrip-trekkhandtak\\\/#breadcrumb\"},\"inLanguage\":\"nb-NO\",\"potentialAction\":[{\"@type\":\"ReadAction\",\"target\":[\"https:\\\/\\\/motionfitness.se\\\/no\\\/produkter\\\/ergogrip-trekkhandtak\\\/\"]}]},{\"@type\":\"ImageObject\",\"inLanguage\":\"nb-NO\",\"@id\":\"https:\\\/\\\/motionfitness.se\\\/no\\\/produkter\\\/ergogrip-trekkhandtak\\\/#primaryimage\",\"url\":\"https:\\\/\\\/motionfitness.se\\\/wp-content\\\/uploads\\\/2022\\\/11\\\/10.png\",\"contentUrl\":\"https:\\\/\\\/motionfitness.se\\\/wp-content\\\/uploads\\\/2022\\\/11\\\/10.png\",\"width\":1080,\"height\":1080,\"caption\":\"Motion Fitness Ergogrips\"},{\"@type\":\"BreadcrumbList\",\"@id\":\"https:\\\/\\\/motionfitness.se\\\/no\\\/produkter\\\/ergogrip-trekkhandtak\\\/#breadcrumb\",\"itemListElement\":[{\"@type\":\"ListItem\",\"position\":1,\"name\":\"Hem\",\"item\":\"https:\\\/\\\/motionfitness.se\\\/no\\\/startside\\\/\"},{\"@type\":\"ListItem\",\"position\":2,\"name\":\"Produkter\",\"item\":\"https:\\\/\\\/motionfitness.se\\\/no\\\/produkter\\\/\"},{\"@type\":\"ListItem\",\"position\":3,\"name\":\"ErgoGrip trekkh\u00e5ndtak\"}]},{\"@type\":\"WebSite\",\"@id\":\"https:\\\/\\\/motionfitness.se\\\/no\\\/#website\",\"url\":\"https:\\\/\\\/motionfitness.se\\\/no\\\/\",\"name\":\"Motion Fitness\",\"description\":\"Stronger Together\",\"publisher\":{\"@id\":\"https:\\\/\\\/motionfitness.se\\\/no\\\/#organization\"},\"potentialAction\":[{\"@type\":\"SearchAction\",\"target\":{\"@type\":\"EntryPoint\",\"urlTemplate\":\"https:\\\/\\\/motionfitness.se\\\/no\\\/?s={search_term_string}\"},\"query-input\":{\"@type\":\"PropertyValueSpecification\",\"valueRequired\":true,\"valueName\":\"search_term_string\"}}],\"inLanguage\":\"nb-NO\"},{\"@type\":\"Organization\",\"@id\":\"https:\\\/\\\/motionfitness.se\\\/no\\\/#organization\",\"name\":\"Motion Fitness\",\"url\":\"https:\\\/\\\/motionfitness.se\\\/no\\\/\",\"logo\":{\"@type\":\"ImageObject\",\"inLanguage\":\"nb-NO\",\"@id\":\"https:\\\/\\\/motionfitness.se\\\/no\\\/#\\\/schema\\\/logo\\\/image\\\/\",\"url\":\"https:\\\/\\\/motionfitness.se\\\/wp-content\\\/uploads\\\/2024\\\/01\\\/Motion-Fitness-Logol.png\",\"contentUrl\":\"https:\\\/\\\/motionfitness.se\\\/wp-content\\\/uploads\\\/2024\\\/01\\\/Motion-Fitness-Logol.png\",\"width\":1280,\"height\":720,\"caption\":\"Motion Fitness\"},\"image\":{\"@id\":\"https:\\\/\\\/motionfitness.se\\\/no\\\/#\\\/schema\\\/logo\\\/image\\\/\"},\"sameAs\":[\"https:\\\/\\\/www.facebook.com\\\/motionfitnesssverige\\\/\",\"https:\\\/\\\/www.instagram.com\\\/motionfitness.se\\\/\"]}]}<\/script>\n<!-- \/ Yoast SEO plugin. -->","yoast_head_json":{"title":"ErgoGrip trekkh\u00e5ndtak | Motion Fitness","description":"ErgoGrip er ergonomiske trekkh\u00e5ndtak som gir deg en helt ny m\u00e5te \u00e5 trene ulike muskelgrupper p\u00e5. 5 forskjellige trekkh\u00e5ndtak i \u00e9n pakke.","robots":{"index":"index","follow":"follow","max-snippet":"max-snippet:-1","max-image-preview":"max-image-preview:large","max-video-preview":"max-video-preview:-1"},"canonical":"https:\/\/motionfitness.se\/no\/produkter\/ergogrip-trekkhandtak\/","og_locale":"nb_NO","og_type":"article","og_title":"ErgoGrip trekkh\u00e5ndtak | Motion Fitness","og_description":"ErgoGrip er ergonomiske trekkh\u00e5ndtak som gir deg en helt ny m\u00e5te \u00e5 trene ulike muskelgrupper p\u00e5. 5 forskjellige trekkh\u00e5ndtak i \u00e9n pakke.","og_url":"https:\/\/motionfitness.se\/no\/produkter\/ergogrip-trekkhandtak\/","og_site_name":"Motion Fitness","article_publisher":"https:\/\/www.facebook.com\/motionfitnesssverige\/","article_modified_time":"2026-04-27T13:38:10+00:00","og_image":[{"url":"https:\/\/motionfitness.se\/wp-content\/uploads\/2022\/11\/ND4_0228.png","type":"","width":"","height":""}],"twitter_card":"summary_large_image","schema":{"@context":"https:\/\/schema.org","@graph":[{"@type":"WebPage","@id":"https:\/\/motionfitness.se\/no\/produkter\/ergogrip-trekkhandtak\/","url":"https:\/\/motionfitness.se\/no\/produkter\/ergogrip-trekkhandtak\/","name":"ErgoGrip trekkh\u00e5ndtak | Motion Fitness","isPartOf":{"@id":"https:\/\/motionfitness.se\/no\/#website"},"primaryImageOfPage":{"@id":"https:\/\/motionfitness.se\/no\/produkter\/ergogrip-trekkhandtak\/#primaryimage"},"image":{"@id":"https:\/\/motionfitness.se\/no\/produkter\/ergogrip-trekkhandtak\/#primaryimage"},"thumbnailUrl":"https:\/\/motionfitness.se\/wp-content\/uploads\/2022\/11\/10.png","datePublished":"2022-11-16T09:39:28+00:00","dateModified":"2026-04-27T13:38:10+00:00","description":"ErgoGrip er ergonomiske trekkh\u00e5ndtak som gir deg en helt ny m\u00e5te \u00e5 trene ulike muskelgrupper p\u00e5. 5 forskjellige trekkh\u00e5ndtak i \u00e9n pakke.","breadcrumb":{"@id":"https:\/\/motionfitness.se\/no\/produkter\/ergogrip-trekkhandtak\/#breadcrumb"},"inLanguage":"nb-NO","potentialAction":[{"@type":"ReadAction","target":["https:\/\/motionfitness.se\/no\/produkter\/ergogrip-trekkhandtak\/"]}]},{"@type":"ImageObject","inLanguage":"nb-NO","@id":"https:\/\/motionfitness.se\/no\/produkter\/ergogrip-trekkhandtak\/#primaryimage","url":"https:\/\/motionfitness.se\/wp-content\/uploads\/2022\/11\/10.png","contentUrl":"https:\/\/motionfitness.se\/wp-content\/uploads\/2022\/11\/10.png","width":1080,"height":1080,"caption":"Motion Fitness Ergogrips"},{"@type":"BreadcrumbList","@id":"https:\/\/motionfitness.se\/no\/produkter\/ergogrip-trekkhandtak\/#breadcrumb","itemListElement":[{"@type":"ListItem","position":1,"name":"Hem","item":"https:\/\/motionfitness.se\/no\/startside\/"},{"@type":"ListItem","position":2,"name":"Produkter","item":"https:\/\/motionfitness.se\/no\/produkter\/"},{"@type":"ListItem","position":3,"name":"ErgoGrip trekkh\u00e5ndtak"}]},{"@type":"WebSite","@id":"https:\/\/motionfitness.se\/no\/#website","url":"https:\/\/motionfitness.se\/no\/","name":"Motion Fitness","description":"Stronger Together","publisher":{"@id":"https:\/\/motionfitness.se\/no\/#organization"},"potentialAction":[{"@type":"SearchAction","target":{"@type":"EntryPoint","urlTemplate":"https:\/\/motionfitness.se\/no\/?s={search_term_string}"},"query-input":{"@type":"PropertyValueSpecification","valueRequired":true,"valueName":"search_term_string"}}],"inLanguage":"nb-NO"},{"@type":"Organization","@id":"https:\/\/motionfitness.se\/no\/#organization","name":"Motion Fitness","url":"https:\/\/motionfitness.se\/no\/","logo":{"@type":"ImageObject","inLanguage":"nb-NO","@id":"https:\/\/motionfitness.se\/no\/#\/schema\/logo\/image\/","url":"https:\/\/motionfitness.se\/wp-content\/uploads\/2024\/01\/Motion-Fitness-Logol.png","contentUrl":"https:\/\/motionfitness.se\/wp-content\/uploads\/2024\/01\/Motion-Fitness-Logol.png","width":1280,"height":720,"caption":"Motion Fitness"},"image":{"@id":"https:\/\/motionfitness.se\/no\/#\/schema\/logo\/image\/"},"sameAs":["https:\/\/www.facebook.com\/motionfitnesssverige\/","https:\/\/www.instagram.com\/motionfitness.se\/"]}]}},"_links":{"self":[{"href":"https:\/\/motionfitness.se\/no\/wp-json\/wp\/v2\/product\/22062","targetHints":{"allow":["GET"]}}],"collection":[{"href":"https:\/\/motionfitness.se\/no\/wp-json\/wp\/v2\/product"}],"about":[{"href":"https:\/\/motionfitness.se\/no\/wp-json\/wp\/v2\/types\/product"}],"replies":[{"embeddable":true,"href":"https:\/\/motionfitness.se\/no\/wp-json\/wp\/v2\/comments?post=22062"}],"wp:featuredmedia":[{"embeddable":true,"href":"https:\/\/motionfitness.se\/no\/wp-json\/wp\/v2\/media\/28553"}],"wp:attachment":[{"href":"https:\/\/motionfitness.se\/no\/wp-json\/wp\/v2\/media?parent=22062"}],"wp:term":[{"taxonomy":"product_brand","embeddable":true,"href":"https:\/\/motionfitness.se\/no\/wp-json\/wp\/v2\/product_brand?post=22062"},{"taxonomy":"product_cat","embeddable":true,"href":"https:\/\/motionfitness.se\/no\/wp-json\/wp\/v2\/product_cat?post=22062"},{"taxonomy":"product_tag","embeddable":true,"href":"https:\/\/motionfitness.se\/no\/wp-json\/wp\/v2\/product_tag?post=22062"}],"curies":[{"name":"wp","href":"https:\/\/api.w.org\/{rel}","templated":true}]}}