{"id":22060,"date":"2022-11-16T10:39:26","date_gmt":"2022-11-16T09:39:26","guid":{"rendered":"https:\/\/motionfitness.se\/produkter\/crossfit-vektstang-20-kg\/"},"modified":"2026-04-27T10:09:53","modified_gmt":"2026-04-27T08:09:53","slug":"crossfit-vektstang-20-kg","status":"publish","type":"product","link":"https:\/\/motionfitness.se\/no\/produkter\/crossfit-vektstang-20-kg\/","title":{"rendered":"Functional Fitness vektstang 20 kg"},"content":{"rendered":"<p data-sourcepos=\"5:1-5:33\"><strong>Motion Fitness Functional Fitness Barbell: Din ultimate partner for funksjonell trening.<\/strong><\/p>\n<p data-sourcepos=\"7:1-7:76\">Opplev kraften og presisjonen til Motion Fitness Functional Fitness Barbell &#8211; den ultimate f\u00f8lgesvennen for idrettsut\u00f8vere, entusiaster og alle som elsker funksjonell trening. Denne vektstangen er designet for \u00e5 h\u00e5ndtere alt fra tunge l\u00f8ft til dynamiske dropp, og gir enest\u00e5ende ytelse uansett om du trener p\u00e5 treningssenteret, i boksen eller hjemme. <\/p>\n<p data-sourcepos=\"9:1-9:61\"><strong>Hvorfor velge Motion Fitness Functional Fitness vektstenger?<\/strong><\/p>\n<ul data-sourcepos=\"11:1-13:119\">\n<li data-sourcepos=\"11:1-11:139\"><strong>Uovertruffen allsidighet:<\/strong> Perfekt for olympiske l\u00f8ft, WODs, strongman-trening og mye mer. Det er bare fantasien som setter grenser. <\/li>\n<li data-sourcepos=\"12:1-12:152\"><strong>Robust og fleksibel:<\/strong> Den spesialbehandlede overflaten gir enest\u00e5ende slitestyrke, samtidig som den er optimal fleksibel for smidig bevegelse.<\/li>\n<li data-sourcepos=\"13:1-13:119\"><strong>Perfekt balanse og rotasjon:<\/strong> Nyt en balansert og sk\u00e5nsom rotasjon som gir deg full kontroll og en naturlig f\u00f8lelse gjennom hele l\u00f8ftet.<\/li>\n<li data-sourcepos=\"14:1-15:0\"><strong>F\u00f8rsteklasses kvalitet:<\/strong> Laget av materialer av h\u00f8y kvalitet for \u00e5 t\u00e5le de t\u00f8ffeste utfordringene og gi deg mange \u00e5rs p\u00e5litelig bruk.<\/li>\n<\/ul>\n<p data-sourcepos=\"16:1-16:48\"><strong>Ta den funksjonelle treningen til neste niv\u00e5.<\/strong><\/p>\n<p data-sourcepos=\"18:1-18:168\">Med Motion Fitness Functional Fitness Barbell kan du trene hardere, smartere og mer effektivt. Utfordre deg selv, n\u00e5 nye m\u00e5l og bli den beste versjonen av deg selv. <\/p>\n","protected":false},"excerpt":{"rendered":"<p>Opplev kraften og presisjonen til Motion Fitness Functional Fitness Barbell &#8211; den ultimate f\u00f8lgesvennen for idrettsut\u00f8vere, entusiaster og alle som elsker funksjonell trening.<\/p>\n","protected":false},"featured_media":19718,"comment_status":"open","ping_status":"closed","template":"","meta":{"_acf_changed":false,"_monsterinsights_skip_tracking":false,"_monsterinsights_sitenote_active":false,"_monsterinsights_sitenote_note":"","_monsterinsights_sitenote_category":0},"product_brand":[],"product_cat":[440,585],"product_tag":[520],"class_list":{"0":"post-22060","1":"product","2":"type-product","3":"status-publish","4":"has-post-thumbnail","6":"product_cat-motion-fitness-no","7":"product_cat-vektstenger","8":"product_tag-kampanjen","10":"first","11":"outofstock","12":"taxable","13":"shipping-taxable","14":"purchasable","15":"product-type-simple"},"acf":[],"yoast_head":"<!-- This site is optimized with the Yoast SEO plugin v27.5 - https:\/\/yoast.com\/product\/yoast-seo-wordpress\/ -->\n<title>Functional Fitness vektstang 20 kg | Motion Fitness<\/title>\n<meta name=\"description\" content=\"Motion Fitness Functional Fitness Barbell - den ultimate f\u00f8lgesvennen for idrettsut\u00f8vere, entusiaster og alle som elsker funksjonell trening.\" \/>\n<meta name=\"robots\" content=\"index, follow, max-snippet:-1, max-image-preview:large, max-video-preview:-1\" \/>\n<link rel=\"canonical\" href=\"https:\/\/motionfitness.se\/no\/produkter\/crossfit-vektstang-20-kg\/\" \/>\n<meta property=\"og:locale\" content=\"nb_NO\" \/>\n<meta property=\"og:type\" content=\"article\" \/>\n<meta property=\"og:title\" content=\"Functional Fitness vektstang 20 kg | Motion Fitness\" \/>\n<meta property=\"og:description\" content=\"Motion Fitness Functional Fitness Barbell - den ultimate f\u00f8lgesvennen for idrettsut\u00f8vere, entusiaster og alle som elsker funksjonell trening.\" \/>\n<meta property=\"og:url\" content=\"https:\/\/motionfitness.se\/no\/produkter\/crossfit-vektstang-20-kg\/\" \/>\n<meta property=\"og:site_name\" content=\"Motion Fitness\" \/>\n<meta property=\"article:publisher\" content=\"https:\/\/www.facebook.com\/motionfitnesssverige\/\" \/>\n<meta property=\"article:modified_time\" content=\"2026-04-27T08:09:53+00:00\" \/>\n<meta property=\"og:image\" content=\"https:\/\/motionfitness.se\/wp-content\/uploads\/2022\/12\/crossfit_bar.png\" \/>\n\t<meta property=\"og:image:width\" content=\"1440\" \/>\n\t<meta property=\"og:image:height\" content=\"1440\" \/>\n\t<meta property=\"og:image:type\" content=\"image\/png\" \/>\n<meta name=\"twitter:card\" content=\"summary_large_image\" \/>\n<meta name=\"twitter:label1\" content=\"Ansl. lesetid\" \/>\n\t<meta name=\"twitter:data1\" content=\"1 minutt\" \/>\n<script type=\"application\/ld+json\" class=\"yoast-schema-graph\">{\"@context\":\"https:\\\/\\\/schema.org\",\"@graph\":[{\"@type\":\"WebPage\",\"@id\":\"https:\\\/\\\/motionfitness.se\\\/no\\\/produkter\\\/crossfit-vektstang-20-kg\\\/\",\"url\":\"https:\\\/\\\/motionfitness.se\\\/no\\\/produkter\\\/crossfit-vektstang-20-kg\\\/\",\"name\":\"Functional Fitness vektstang 20 kg | Motion Fitness\",\"isPartOf\":{\"@id\":\"https:\\\/\\\/motionfitness.se\\\/no\\\/#website\"},\"primaryImageOfPage\":{\"@id\":\"https:\\\/\\\/motionfitness.se\\\/no\\\/produkter\\\/crossfit-vektstang-20-kg\\\/#primaryimage\"},\"image\":{\"@id\":\"https:\\\/\\\/motionfitness.se\\\/no\\\/produkter\\\/crossfit-vektstang-20-kg\\\/#primaryimage\"},\"thumbnailUrl\":\"https:\\\/\\\/motionfitness.se\\\/wp-content\\\/uploads\\\/2022\\\/12\\\/crossfit_bar.png\",\"datePublished\":\"2022-11-16T09:39:26+00:00\",\"dateModified\":\"2026-04-27T08:09:53+00:00\",\"description\":\"Motion Fitness Functional Fitness Barbell - den ultimate f\u00f8lgesvennen for idrettsut\u00f8vere, entusiaster og alle som elsker funksjonell trening.\",\"breadcrumb\":{\"@id\":\"https:\\\/\\\/motionfitness.se\\\/no\\\/produkter\\\/crossfit-vektstang-20-kg\\\/#breadcrumb\"},\"inLanguage\":\"nb-NO\",\"potentialAction\":[{\"@type\":\"ReadAction\",\"target\":[\"https:\\\/\\\/motionfitness.se\\\/no\\\/produkter\\\/crossfit-vektstang-20-kg\\\/\"]}]},{\"@type\":\"ImageObject\",\"inLanguage\":\"nb-NO\",\"@id\":\"https:\\\/\\\/motionfitness.se\\\/no\\\/produkter\\\/crossfit-vektstang-20-kg\\\/#primaryimage\",\"url\":\"https:\\\/\\\/motionfitness.se\\\/wp-content\\\/uploads\\\/2022\\\/12\\\/crossfit_bar.png\",\"contentUrl\":\"https:\\\/\\\/motionfitness.se\\\/wp-content\\\/uploads\\\/2022\\\/12\\\/crossfit_bar.png\",\"width\":1440,\"height\":1440},{\"@type\":\"BreadcrumbList\",\"@id\":\"https:\\\/\\\/motionfitness.se\\\/no\\\/produkter\\\/crossfit-vektstang-20-kg\\\/#breadcrumb\",\"itemListElement\":[{\"@type\":\"ListItem\",\"position\":1,\"name\":\"Hem\",\"item\":\"https:\\\/\\\/motionfitness.se\\\/no\\\/startside\\\/\"},{\"@type\":\"ListItem\",\"position\":2,\"name\":\"Produkter\",\"item\":\"https:\\\/\\\/motionfitness.se\\\/no\\\/produkter\\\/\"},{\"@type\":\"ListItem\",\"position\":3,\"name\":\"Functional Fitness vektstang 20 kg\"}]},{\"@type\":\"WebSite\",\"@id\":\"https:\\\/\\\/motionfitness.se\\\/no\\\/#website\",\"url\":\"https:\\\/\\\/motionfitness.se\\\/no\\\/\",\"name\":\"Motion Fitness\",\"description\":\"Stronger Together\",\"publisher\":{\"@id\":\"https:\\\/\\\/motionfitness.se\\\/no\\\/#organization\"},\"potentialAction\":[{\"@type\":\"SearchAction\",\"target\":{\"@type\":\"EntryPoint\",\"urlTemplate\":\"https:\\\/\\\/motionfitness.se\\\/no\\\/?s={search_term_string}\"},\"query-input\":{\"@type\":\"PropertyValueSpecification\",\"valueRequired\":true,\"valueName\":\"search_term_string\"}}],\"inLanguage\":\"nb-NO\"},{\"@type\":\"Organization\",\"@id\":\"https:\\\/\\\/motionfitness.se\\\/no\\\/#organization\",\"name\":\"Motion Fitness\",\"url\":\"https:\\\/\\\/motionfitness.se\\\/no\\\/\",\"logo\":{\"@type\":\"ImageObject\",\"inLanguage\":\"nb-NO\",\"@id\":\"https:\\\/\\\/motionfitness.se\\\/no\\\/#\\\/schema\\\/logo\\\/image\\\/\",\"url\":\"https:\\\/\\\/motionfitness.se\\\/wp-content\\\/uploads\\\/2024\\\/01\\\/Motion-Fitness-Logol.png\",\"contentUrl\":\"https:\\\/\\\/motionfitness.se\\\/wp-content\\\/uploads\\\/2024\\\/01\\\/Motion-Fitness-Logol.png\",\"width\":1280,\"height\":720,\"caption\":\"Motion Fitness\"},\"image\":{\"@id\":\"https:\\\/\\\/motionfitness.se\\\/no\\\/#\\\/schema\\\/logo\\\/image\\\/\"},\"sameAs\":[\"https:\\\/\\\/www.facebook.com\\\/motionfitnesssverige\\\/\",\"https:\\\/\\\/www.instagram.com\\\/motionfitness.se\\\/\"]}]}<\/script>\n<!-- \/ Yoast SEO plugin. -->","yoast_head_json":{"title":"Functional Fitness vektstang 20 kg | Motion Fitness","description":"Motion Fitness Functional Fitness Barbell - den ultimate f\u00f8lgesvennen for idrettsut\u00f8vere, entusiaster og alle som elsker funksjonell trening.","robots":{"index":"index","follow":"follow","max-snippet":"max-snippet:-1","max-image-preview":"max-image-preview:large","max-video-preview":"max-video-preview:-1"},"canonical":"https:\/\/motionfitness.se\/no\/produkter\/crossfit-vektstang-20-kg\/","og_locale":"nb_NO","og_type":"article","og_title":"Functional Fitness vektstang 20 kg | Motion Fitness","og_description":"Motion Fitness Functional Fitness Barbell - den ultimate f\u00f8lgesvennen for idrettsut\u00f8vere, entusiaster og alle som elsker funksjonell trening.","og_url":"https:\/\/motionfitness.se\/no\/produkter\/crossfit-vektstang-20-kg\/","og_site_name":"Motion Fitness","article_publisher":"https:\/\/www.facebook.com\/motionfitnesssverige\/","article_modified_time":"2026-04-27T08:09:53+00:00","og_image":[{"width":1440,"height":1440,"url":"https:\/\/motionfitness.se\/wp-content\/uploads\/2022\/12\/crossfit_bar.png","type":"image\/png"}],"twitter_card":"summary_large_image","twitter_misc":{"Ansl. lesetid":"1 minutt"},"schema":{"@context":"https:\/\/schema.org","@graph":[{"@type":"WebPage","@id":"https:\/\/motionfitness.se\/no\/produkter\/crossfit-vektstang-20-kg\/","url":"https:\/\/motionfitness.se\/no\/produkter\/crossfit-vektstang-20-kg\/","name":"Functional Fitness vektstang 20 kg | Motion Fitness","isPartOf":{"@id":"https:\/\/motionfitness.se\/no\/#website"},"primaryImageOfPage":{"@id":"https:\/\/motionfitness.se\/no\/produkter\/crossfit-vektstang-20-kg\/#primaryimage"},"image":{"@id":"https:\/\/motionfitness.se\/no\/produkter\/crossfit-vektstang-20-kg\/#primaryimage"},"thumbnailUrl":"https:\/\/motionfitness.se\/wp-content\/uploads\/2022\/12\/crossfit_bar.png","datePublished":"2022-11-16T09:39:26+00:00","dateModified":"2026-04-27T08:09:53+00:00","description":"Motion Fitness Functional Fitness Barbell - den ultimate f\u00f8lgesvennen for idrettsut\u00f8vere, entusiaster og alle som elsker funksjonell trening.","breadcrumb":{"@id":"https:\/\/motionfitness.se\/no\/produkter\/crossfit-vektstang-20-kg\/#breadcrumb"},"inLanguage":"nb-NO","potentialAction":[{"@type":"ReadAction","target":["https:\/\/motionfitness.se\/no\/produkter\/crossfit-vektstang-20-kg\/"]}]},{"@type":"ImageObject","inLanguage":"nb-NO","@id":"https:\/\/motionfitness.se\/no\/produkter\/crossfit-vektstang-20-kg\/#primaryimage","url":"https:\/\/motionfitness.se\/wp-content\/uploads\/2022\/12\/crossfit_bar.png","contentUrl":"https:\/\/motionfitness.se\/wp-content\/uploads\/2022\/12\/crossfit_bar.png","width":1440,"height":1440},{"@type":"BreadcrumbList","@id":"https:\/\/motionfitness.se\/no\/produkter\/crossfit-vektstang-20-kg\/#breadcrumb","itemListElement":[{"@type":"ListItem","position":1,"name":"Hem","item":"https:\/\/motionfitness.se\/no\/startside\/"},{"@type":"ListItem","position":2,"name":"Produkter","item":"https:\/\/motionfitness.se\/no\/produkter\/"},{"@type":"ListItem","position":3,"name":"Functional Fitness vektstang 20 kg"}]},{"@type":"WebSite","@id":"https:\/\/motionfitness.se\/no\/#website","url":"https:\/\/motionfitness.se\/no\/","name":"Motion Fitness","description":"Stronger Together","publisher":{"@id":"https:\/\/motionfitness.se\/no\/#organization"},"potentialAction":[{"@type":"SearchAction","target":{"@type":"EntryPoint","urlTemplate":"https:\/\/motionfitness.se\/no\/?s={search_term_string}"},"query-input":{"@type":"PropertyValueSpecification","valueRequired":true,"valueName":"search_term_string"}}],"inLanguage":"nb-NO"},{"@type":"Organization","@id":"https:\/\/motionfitness.se\/no\/#organization","name":"Motion Fitness","url":"https:\/\/motionfitness.se\/no\/","logo":{"@type":"ImageObject","inLanguage":"nb-NO","@id":"https:\/\/motionfitness.se\/no\/#\/schema\/logo\/image\/","url":"https:\/\/motionfitness.se\/wp-content\/uploads\/2024\/01\/Motion-Fitness-Logol.png","contentUrl":"https:\/\/motionfitness.se\/wp-content\/uploads\/2024\/01\/Motion-Fitness-Logol.png","width":1280,"height":720,"caption":"Motion Fitness"},"image":{"@id":"https:\/\/motionfitness.se\/no\/#\/schema\/logo\/image\/"},"sameAs":["https:\/\/www.facebook.com\/motionfitnesssverige\/","https:\/\/www.instagram.com\/motionfitness.se\/"]}]}},"_links":{"self":[{"href":"https:\/\/motionfitness.se\/no\/wp-json\/wp\/v2\/product\/22060","targetHints":{"allow":["GET"]}}],"collection":[{"href":"https:\/\/motionfitness.se\/no\/wp-json\/wp\/v2\/product"}],"about":[{"href":"https:\/\/motionfitness.se\/no\/wp-json\/wp\/v2\/types\/product"}],"replies":[{"embeddable":true,"href":"https:\/\/motionfitness.se\/no\/wp-json\/wp\/v2\/comments?post=22060"}],"wp:featuredmedia":[{"embeddable":true,"href":"https:\/\/motionfitness.se\/no\/wp-json\/wp\/v2\/media\/19718"}],"wp:attachment":[{"href":"https:\/\/motionfitness.se\/no\/wp-json\/wp\/v2\/media?parent=22060"}],"wp:term":[{"taxonomy":"product_brand","embeddable":true,"href":"https:\/\/motionfitness.se\/no\/wp-json\/wp\/v2\/product_brand?post=22060"},{"taxonomy":"product_cat","embeddable":true,"href":"https:\/\/motionfitness.se\/no\/wp-json\/wp\/v2\/product_cat?post=22060"},{"taxonomy":"product_tag","embeddable":true,"href":"https:\/\/motionfitness.se\/no\/wp-json\/wp\/v2\/product_tag?post=22060"}],"curies":[{"name":"wp","href":"https:\/\/api.w.org\/{rel}","templated":true}]}}