{"id":22038,"date":"2022-11-16T10:39:12","date_gmt":"2022-11-16T09:39:12","guid":{"rendered":"https:\/\/motionfitness.se\/produkter\/airbike-ergometersykkel\/"},"modified":"2026-04-13T12:53:10","modified_gmt":"2026-04-13T10:53:10","slug":"airbike-ergometersykkel","status":"publish","type":"product","link":"https:\/\/motionfitness.se\/no\/produkter\/luftsykkel-trening-sykkel\/","title":{"rendered":"Air Bike Ergometersykkel"},"content":{"rendered":"<p>Oppdag Motion Fitness Air Bike og ta treningen din til nye h\u00f8yder! F\u00e5 med deg hele kroppen for en komplett og effektiv kardio- og muskeltrening.  Med sine dynamiske h\u00e5ndtak gir den en allsidig treningsopplevelse som involverer b\u00e5de over- og underkroppen.<\/p>\n<p>Denne Air Bike er det ultimate valget for kondisjonstrening og gir en intuitiv brukeropplevelse gjennom luftmotstanden &#8211; der \u00f8kt pedalhastighet resulterer i \u00f8kt motstand. Allsidigheten gj\u00f8r den perfekt for alle milj\u00f8er, fra rehabilitering til intens kondisjonstrening p\u00e5 treningssenteret, hjemme eller i Functional Fitness. <\/p>\n<p>Motion Fitness Air Bike er konstruert med en solid ramme og presisjonslagre, noe som sikrer en stabil og effektiv trenings\u00f8kt. Med en imponerende vekt p\u00e5 55 kg gir den stabilitet for maksimal ytelse. Det kraftige viftehjulet gir et utfordrende motstandsniv\u00e5 for \u00e5 maksimere treningsresultatene dine. Det reimdrevne systemet s\u00f8rger for en stilleg\u00e5ende og friksjonsfri kj\u00f8ring. Med et brukervennlig display kan du enkelt overv\u00e5ke treningen og fremgangen din.    <\/p>\n","protected":false},"excerpt":{"rendered":"<p>Oppdag Motion Fitness Air Bike og ta treningen din til nye h\u00f8yder! F\u00e5 med deg hele kroppen for en komplett og effektiv kardio- og muskeltrening. <\/p>\n","protected":false},"featured_media":28774,"comment_status":"open","ping_status":"closed","template":"","meta":{"_acf_changed":false,"_monsterinsights_skip_tracking":false,"_monsterinsights_sitenote_active":false,"_monsterinsights_sitenote_note":"","_monsterinsights_sitenote_category":0},"product_brand":[],"product_cat":[715,440,476],"product_tag":[],"class_list":{"0":"post-22038","1":"product","2":"type-product","3":"status-publish","4":"has-post-thumbnail","6":"product_cat-kondisjon","7":"product_cat-motion-fitness-no","8":"product_cat-sykler","10":"first","11":"outofstock","12":"taxable","13":"shipping-taxable","14":"purchasable","15":"product-type-simple"},"acf":[],"yoast_head":"<!-- This site is optimized with the Yoast SEO plugin v27.4 - https:\/\/yoast.com\/product\/yoast-seo-wordpress\/ -->\n<title>Airbike ergometersykkel (for trening med h\u00f8y intensitet) - Motionfitness<\/title>\n<meta name=\"description\" content=\"Oppdag Motion Fitness Air Bike og ta treningen din til nye h\u00f8yder! F\u00e5 med deg hele kroppen for en effektiv kardio- og muskeltrening.\" \/>\n<meta name=\"robots\" content=\"index, follow, max-snippet:-1, max-image-preview:large, max-video-preview:-1\" \/>\n<link rel=\"canonical\" href=\"https:\/\/motionfitness.se\/no\/produkter\/luftsykkel-trening-sykkel\/\" \/>\n<meta property=\"og:locale\" content=\"nb_NO\" \/>\n<meta property=\"og:type\" content=\"article\" \/>\n<meta property=\"og:title\" content=\"Airbike ergometersykkel (for trening med h\u00f8y intensitet) - Motionfitness\" \/>\n<meta property=\"og:description\" content=\"Oppdag Motion Fitness Air Bike og ta treningen din til nye h\u00f8yder! F\u00e5 med deg hele kroppen for en effektiv kardio- og muskeltrening.\" \/>\n<meta property=\"og:url\" content=\"https:\/\/motionfitness.se\/no\/produkter\/luftsykkel-trening-sykkel\/\" \/>\n<meta property=\"og:site_name\" content=\"Motion Fitness\" \/>\n<meta property=\"article:publisher\" content=\"https:\/\/www.facebook.com\/motionfitnesssverige\/\" \/>\n<meta property=\"article:modified_time\" content=\"2026-04-13T10:53:10+00:00\" \/>\n<meta property=\"og:image\" content=\"https:\/\/motionfitness.se\/wp-content\/uploads\/2022\/11\/23.png\" \/>\n\t<meta property=\"og:image:width\" content=\"1080\" \/>\n\t<meta property=\"og:image:height\" content=\"1080\" \/>\n\t<meta property=\"og:image:type\" content=\"image\/png\" \/>\n<meta name=\"twitter:card\" content=\"summary_large_image\" \/>\n<meta name=\"twitter:label1\" content=\"Ansl. lesetid\" \/>\n\t<meta name=\"twitter:data1\" content=\"1 minutt\" \/>\n<script type=\"application\/ld+json\" class=\"yoast-schema-graph\">{\"@context\":\"https:\\\/\\\/schema.org\",\"@graph\":[{\"@type\":\"WebPage\",\"@id\":\"https:\\\/\\\/motionfitness.se\\\/no\\\/produkter\\\/luftsykkel-trening-sykkel\\\/\",\"url\":\"https:\\\/\\\/motionfitness.se\\\/no\\\/produkter\\\/luftsykkel-trening-sykkel\\\/\",\"name\":\"Airbike ergometersykkel (for trening med h\u00f8y intensitet) - Motionfitness\",\"isPartOf\":{\"@id\":\"https:\\\/\\\/motionfitness.se\\\/no\\\/#website\"},\"primaryImageOfPage\":{\"@id\":\"https:\\\/\\\/motionfitness.se\\\/no\\\/produkter\\\/luftsykkel-trening-sykkel\\\/#primaryimage\"},\"image\":{\"@id\":\"https:\\\/\\\/motionfitness.se\\\/no\\\/produkter\\\/luftsykkel-trening-sykkel\\\/#primaryimage\"},\"thumbnailUrl\":\"https:\\\/\\\/motionfitness.se\\\/wp-content\\\/uploads\\\/2022\\\/11\\\/23.png\",\"datePublished\":\"2022-11-16T09:39:12+00:00\",\"dateModified\":\"2026-04-13T10:53:10+00:00\",\"description\":\"Oppdag Motion Fitness Air Bike og ta treningen din til nye h\u00f8yder! F\u00e5 med deg hele kroppen for en effektiv kardio- og muskeltrening.\",\"breadcrumb\":{\"@id\":\"https:\\\/\\\/motionfitness.se\\\/no\\\/produkter\\\/luftsykkel-trening-sykkel\\\/#breadcrumb\"},\"inLanguage\":\"nb-NO\",\"potentialAction\":[{\"@type\":\"ReadAction\",\"target\":[\"https:\\\/\\\/motionfitness.se\\\/no\\\/produkter\\\/luftsykkel-trening-sykkel\\\/\"]}]},{\"@type\":\"ImageObject\",\"inLanguage\":\"nb-NO\",\"@id\":\"https:\\\/\\\/motionfitness.se\\\/no\\\/produkter\\\/luftsykkel-trening-sykkel\\\/#primaryimage\",\"url\":\"https:\\\/\\\/motionfitness.se\\\/wp-content\\\/uploads\\\/2022\\\/11\\\/23.png\",\"contentUrl\":\"https:\\\/\\\/motionfitness.se\\\/wp-content\\\/uploads\\\/2022\\\/11\\\/23.png\",\"width\":1080,\"height\":1080,\"caption\":\"Motion Fitness AirBike\"},{\"@type\":\"BreadcrumbList\",\"@id\":\"https:\\\/\\\/motionfitness.se\\\/no\\\/produkter\\\/luftsykkel-trening-sykkel\\\/#breadcrumb\",\"itemListElement\":[{\"@type\":\"ListItem\",\"position\":1,\"name\":\"Hem\",\"item\":\"https:\\\/\\\/motionfitness.se\\\/no\\\/startside\\\/\"},{\"@type\":\"ListItem\",\"position\":2,\"name\":\"Produkter\",\"item\":\"https:\\\/\\\/motionfitness.se\\\/no\\\/produkter\\\/\"},{\"@type\":\"ListItem\",\"position\":3,\"name\":\"Air Bike Ergometersykkel\"}]},{\"@type\":\"WebSite\",\"@id\":\"https:\\\/\\\/motionfitness.se\\\/no\\\/#website\",\"url\":\"https:\\\/\\\/motionfitness.se\\\/no\\\/\",\"name\":\"Motion Fitness\",\"description\":\"Stronger Together\",\"publisher\":{\"@id\":\"https:\\\/\\\/motionfitness.se\\\/no\\\/#organization\"},\"potentialAction\":[{\"@type\":\"SearchAction\",\"target\":{\"@type\":\"EntryPoint\",\"urlTemplate\":\"https:\\\/\\\/motionfitness.se\\\/no\\\/?s={search_term_string}\"},\"query-input\":{\"@type\":\"PropertyValueSpecification\",\"valueRequired\":true,\"valueName\":\"search_term_string\"}}],\"inLanguage\":\"nb-NO\"},{\"@type\":\"Organization\",\"@id\":\"https:\\\/\\\/motionfitness.se\\\/no\\\/#organization\",\"name\":\"Motion Fitness\",\"url\":\"https:\\\/\\\/motionfitness.se\\\/no\\\/\",\"logo\":{\"@type\":\"ImageObject\",\"inLanguage\":\"nb-NO\",\"@id\":\"https:\\\/\\\/motionfitness.se\\\/no\\\/#\\\/schema\\\/logo\\\/image\\\/\",\"url\":\"https:\\\/\\\/motionfitness.se\\\/wp-content\\\/uploads\\\/2024\\\/01\\\/Motion-Fitness-Logol.png\",\"contentUrl\":\"https:\\\/\\\/motionfitness.se\\\/wp-content\\\/uploads\\\/2024\\\/01\\\/Motion-Fitness-Logol.png\",\"width\":1280,\"height\":720,\"caption\":\"Motion Fitness\"},\"image\":{\"@id\":\"https:\\\/\\\/motionfitness.se\\\/no\\\/#\\\/schema\\\/logo\\\/image\\\/\"},\"sameAs\":[\"https:\\\/\\\/www.facebook.com\\\/motionfitnesssverige\\\/\",\"https:\\\/\\\/www.instagram.com\\\/motionfitness.se\\\/\"]}]}<\/script>\n<!-- \/ Yoast SEO plugin. -->","yoast_head_json":{"title":"Airbike ergometersykkel (for trening med h\u00f8y intensitet) - Motionfitness","description":"Oppdag Motion Fitness Air Bike og ta treningen din til nye h\u00f8yder! F\u00e5 med deg hele kroppen for en effektiv kardio- og muskeltrening.","robots":{"index":"index","follow":"follow","max-snippet":"max-snippet:-1","max-image-preview":"max-image-preview:large","max-video-preview":"max-video-preview:-1"},"canonical":"https:\/\/motionfitness.se\/no\/produkter\/luftsykkel-trening-sykkel\/","og_locale":"nb_NO","og_type":"article","og_title":"Airbike ergometersykkel (for trening med h\u00f8y intensitet) - Motionfitness","og_description":"Oppdag Motion Fitness Air Bike og ta treningen din til nye h\u00f8yder! F\u00e5 med deg hele kroppen for en effektiv kardio- og muskeltrening.","og_url":"https:\/\/motionfitness.se\/no\/produkter\/luftsykkel-trening-sykkel\/","og_site_name":"Motion Fitness","article_publisher":"https:\/\/www.facebook.com\/motionfitnesssverige\/","article_modified_time":"2026-04-13T10:53:10+00:00","og_image":[{"width":1080,"height":1080,"url":"https:\/\/motionfitness.se\/wp-content\/uploads\/2022\/11\/23.png","type":"image\/png"}],"twitter_card":"summary_large_image","twitter_misc":{"Ansl. lesetid":"1 minutt"},"schema":{"@context":"https:\/\/schema.org","@graph":[{"@type":"WebPage","@id":"https:\/\/motionfitness.se\/no\/produkter\/luftsykkel-trening-sykkel\/","url":"https:\/\/motionfitness.se\/no\/produkter\/luftsykkel-trening-sykkel\/","name":"Airbike ergometersykkel (for trening med h\u00f8y intensitet) - Motionfitness","isPartOf":{"@id":"https:\/\/motionfitness.se\/no\/#website"},"primaryImageOfPage":{"@id":"https:\/\/motionfitness.se\/no\/produkter\/luftsykkel-trening-sykkel\/#primaryimage"},"image":{"@id":"https:\/\/motionfitness.se\/no\/produkter\/luftsykkel-trening-sykkel\/#primaryimage"},"thumbnailUrl":"https:\/\/motionfitness.se\/wp-content\/uploads\/2022\/11\/23.png","datePublished":"2022-11-16T09:39:12+00:00","dateModified":"2026-04-13T10:53:10+00:00","description":"Oppdag Motion Fitness Air Bike og ta treningen din til nye h\u00f8yder! F\u00e5 med deg hele kroppen for en effektiv kardio- og muskeltrening.","breadcrumb":{"@id":"https:\/\/motionfitness.se\/no\/produkter\/luftsykkel-trening-sykkel\/#breadcrumb"},"inLanguage":"nb-NO","potentialAction":[{"@type":"ReadAction","target":["https:\/\/motionfitness.se\/no\/produkter\/luftsykkel-trening-sykkel\/"]}]},{"@type":"ImageObject","inLanguage":"nb-NO","@id":"https:\/\/motionfitness.se\/no\/produkter\/luftsykkel-trening-sykkel\/#primaryimage","url":"https:\/\/motionfitness.se\/wp-content\/uploads\/2022\/11\/23.png","contentUrl":"https:\/\/motionfitness.se\/wp-content\/uploads\/2022\/11\/23.png","width":1080,"height":1080,"caption":"Motion Fitness AirBike"},{"@type":"BreadcrumbList","@id":"https:\/\/motionfitness.se\/no\/produkter\/luftsykkel-trening-sykkel\/#breadcrumb","itemListElement":[{"@type":"ListItem","position":1,"name":"Hem","item":"https:\/\/motionfitness.se\/no\/startside\/"},{"@type":"ListItem","position":2,"name":"Produkter","item":"https:\/\/motionfitness.se\/no\/produkter\/"},{"@type":"ListItem","position":3,"name":"Air Bike Ergometersykkel"}]},{"@type":"WebSite","@id":"https:\/\/motionfitness.se\/no\/#website","url":"https:\/\/motionfitness.se\/no\/","name":"Motion Fitness","description":"Stronger Together","publisher":{"@id":"https:\/\/motionfitness.se\/no\/#organization"},"potentialAction":[{"@type":"SearchAction","target":{"@type":"EntryPoint","urlTemplate":"https:\/\/motionfitness.se\/no\/?s={search_term_string}"},"query-input":{"@type":"PropertyValueSpecification","valueRequired":true,"valueName":"search_term_string"}}],"inLanguage":"nb-NO"},{"@type":"Organization","@id":"https:\/\/motionfitness.se\/no\/#organization","name":"Motion Fitness","url":"https:\/\/motionfitness.se\/no\/","logo":{"@type":"ImageObject","inLanguage":"nb-NO","@id":"https:\/\/motionfitness.se\/no\/#\/schema\/logo\/image\/","url":"https:\/\/motionfitness.se\/wp-content\/uploads\/2024\/01\/Motion-Fitness-Logol.png","contentUrl":"https:\/\/motionfitness.se\/wp-content\/uploads\/2024\/01\/Motion-Fitness-Logol.png","width":1280,"height":720,"caption":"Motion Fitness"},"image":{"@id":"https:\/\/motionfitness.se\/no\/#\/schema\/logo\/image\/"},"sameAs":["https:\/\/www.facebook.com\/motionfitnesssverige\/","https:\/\/www.instagram.com\/motionfitness.se\/"]}]}},"_links":{"self":[{"href":"https:\/\/motionfitness.se\/no\/wp-json\/wp\/v2\/product\/22038","targetHints":{"allow":["GET"]}}],"collection":[{"href":"https:\/\/motionfitness.se\/no\/wp-json\/wp\/v2\/product"}],"about":[{"href":"https:\/\/motionfitness.se\/no\/wp-json\/wp\/v2\/types\/product"}],"replies":[{"embeddable":true,"href":"https:\/\/motionfitness.se\/no\/wp-json\/wp\/v2\/comments?post=22038"}],"wp:featuredmedia":[{"embeddable":true,"href":"https:\/\/motionfitness.se\/no\/wp-json\/wp\/v2\/media\/28774"}],"wp:attachment":[{"href":"https:\/\/motionfitness.se\/no\/wp-json\/wp\/v2\/media?parent=22038"}],"wp:term":[{"taxonomy":"product_brand","embeddable":true,"href":"https:\/\/motionfitness.se\/no\/wp-json\/wp\/v2\/product_brand?post=22038"},{"taxonomy":"product_cat","embeddable":true,"href":"https:\/\/motionfitness.se\/no\/wp-json\/wp\/v2\/product_cat?post=22038"},{"taxonomy":"product_tag","embeddable":true,"href":"https:\/\/motionfitness.se\/no\/wp-json\/wp\/v2\/product_tag?post=22038"}],"curies":[{"name":"wp","href":"https:\/\/api.w.org\/{rel}","templated":true}]}}