{"id":22037,"date":"2022-11-16T10:39:25","date_gmt":"2022-11-16T09:39:25","guid":{"rendered":"https:\/\/motionfitness.se\/produkter\/klassisk-kneboystativ\/"},"modified":"2026-04-27T10:10:03","modified_gmt":"2026-04-27T08:10:03","slug":"klassisk-kneboystativ","status":"publish","type":"product","link":"https:\/\/motionfitness.se\/no\/produkter\/klassisk-kneboystativ\/","title":{"rendered":"Klassisk kneb\u00f8ystativ"},"content":{"rendered":"<p data-sourcepos=\"9:1-9:66\"><strong>Classic Squat Stand<\/strong> er et robust og p\u00e5litelig kneb\u00f8ystativ som er perfekt for b\u00e5de nybegynnere og erfarne l\u00f8ftere. Med sin solide konstruksjon og smarte funksjoner tilbyr den en trygg og effektiv treningsplattform for kneb\u00f8y, benkpress og mye mer.<\/p>\n<p data-sourcepos=\"11:1-11:13\"><strong>Fordeler:<\/strong><\/p>\n<ul data-sourcepos=\"13:1-15:71\">\n<li data-sourcepos=\"13:1-13:99\"><strong>Robust konstruksjon:<\/strong> Laget av st\u00e5l av h\u00f8y kvalitet for maksimal stabilitet og holdbarhet.<\/li>\n<li data-sourcepos=\"14:1-14:90\"><strong>Justerbar<\/strong>: Tilpass h\u00f8yde og lengde slik at den passer til din kroppsbygning og dine \u00f8velser.<\/li>\n<li data-sourcepos=\"15:1-15:71\"><strong>Sikkerhetskroker:<\/strong> Beskytter deg under tunge l\u00f8ft og gir ekstra sikkerhet under trening.<\/li>\n<li data-sourcepos=\"16:1-16:76\"><strong>Nylonruller:<\/strong> gj\u00f8r det enkelt \u00e5 flytte vektstangen til riktig posisjon.<\/li>\n<li data-sourcepos=\"17:1-17:71\"><strong>Allsidig:<\/strong> Kan brukes til kneb\u00f8y, benkpress, dips og andre \u00f8velser.<\/li>\n<li data-sourcepos=\"18:1-19:0\"><strong>Plassbesparende:<\/strong> Ideell for hjemmetreningssentre og mindre treningsrom<\/li>\n<\/ul>\n","protected":false},"excerpt":{"rendered":"<p><strong>Classic Squat Stand<\/strong> er et robust og p\u00e5litelig kneb\u00f8ystativ som er perfekt for b\u00e5de nybegynnere og erfarne l\u00f8ftere.<\/p>\n","protected":false},"featured_media":28785,"comment_status":"open","ping_status":"closed","template":"","meta":{"_acf_changed":false,"_monsterinsights_skip_tracking":false,"_monsterinsights_sitenote_active":false,"_monsterinsights_sitenote_note":"","_monsterinsights_sitenote_category":0},"product_brand":[],"product_cat":[558,440,519],"product_tag":[],"class_list":{"0":"post-22037","1":"product","2":"type-product","3":"status-publish","4":"has-post-thumbnail","6":"product_cat-kneboystativ","7":"product_cat-motion-fitness-no","8":"product_cat-stativer-og-stillaser","10":"first","11":"instock","12":"taxable","13":"shipping-taxable","14":"purchasable","15":"product-type-simple"},"acf":[],"yoast_head":"<!-- This site is optimized with the Yoast SEO plugin v27.5 - https:\/\/yoast.com\/product\/yoast-seo-wordpress\/ -->\n<title>Klassisk kneb\u00f8ystativ | Motion Fitness<\/title>\n<meta name=\"description\" content=\"Klassisk kneb\u00f8ystativ fra Motion Fitness. Robust, allsidig og plassbesparende kneb\u00f8ystativ med justerbar h\u00f8yde og bredde. Ideell for hjemmetrening og boksetrening\" \/>\n<meta name=\"robots\" content=\"index, follow, max-snippet:-1, max-image-preview:large, max-video-preview:-1\" \/>\n<link rel=\"canonical\" href=\"https:\/\/motionfitness.se\/no\/produkter\/klassisk-kneboystativ\/\" \/>\n<meta property=\"og:locale\" content=\"nb_NO\" \/>\n<meta property=\"og:type\" content=\"article\" \/>\n<meta property=\"og:title\" content=\"Klassisk kneb\u00f8ystativ | Motion Fitness\" \/>\n<meta property=\"og:description\" content=\"Klassisk kneb\u00f8ystativ fra Motion Fitness. Robust, allsidig og plassbesparende kneb\u00f8ystativ med justerbar h\u00f8yde og bredde. Ideell for hjemmetrening og boksetrening\" \/>\n<meta property=\"og:url\" content=\"https:\/\/motionfitness.se\/no\/produkter\/klassisk-kneboystativ\/\" \/>\n<meta property=\"og:site_name\" content=\"Motion Fitness\" \/>\n<meta property=\"article:publisher\" content=\"https:\/\/www.facebook.com\/motionfitnesssverige\/\" \/>\n<meta property=\"article:modified_time\" content=\"2026-04-27T08:10:03+00:00\" \/>\n<meta property=\"og:image\" content=\"https:\/\/motionfitness.se\/wp-content\/uploads\/2022\/11\/28.png\" \/>\n\t<meta property=\"og:image:width\" content=\"1080\" \/>\n\t<meta property=\"og:image:height\" content=\"1080\" \/>\n\t<meta property=\"og:image:type\" content=\"image\/png\" \/>\n<meta name=\"twitter:card\" content=\"summary_large_image\" \/>\n<meta name=\"twitter:label1\" content=\"Ansl. lesetid\" \/>\n\t<meta name=\"twitter:data1\" content=\"1 minutt\" \/>\n<script type=\"application\/ld+json\" class=\"yoast-schema-graph\">{\"@context\":\"https:\\\/\\\/schema.org\",\"@graph\":[{\"@type\":\"WebPage\",\"@id\":\"https:\\\/\\\/motionfitness.se\\\/no\\\/produkter\\\/klassisk-kneboystativ\\\/\",\"url\":\"https:\\\/\\\/motionfitness.se\\\/no\\\/produkter\\\/klassisk-kneboystativ\\\/\",\"name\":\"Klassisk kneb\u00f8ystativ | Motion Fitness\",\"isPartOf\":{\"@id\":\"https:\\\/\\\/motionfitness.se\\\/no\\\/#website\"},\"primaryImageOfPage\":{\"@id\":\"https:\\\/\\\/motionfitness.se\\\/no\\\/produkter\\\/klassisk-kneboystativ\\\/#primaryimage\"},\"image\":{\"@id\":\"https:\\\/\\\/motionfitness.se\\\/no\\\/produkter\\\/klassisk-kneboystativ\\\/#primaryimage\"},\"thumbnailUrl\":\"https:\\\/\\\/motionfitness.se\\\/wp-content\\\/uploads\\\/2022\\\/11\\\/28.png\",\"datePublished\":\"2022-11-16T09:39:25+00:00\",\"dateModified\":\"2026-04-27T08:10:03+00:00\",\"description\":\"Klassisk kneb\u00f8ystativ fra Motion Fitness. Robust, allsidig og plassbesparende kneb\u00f8ystativ med justerbar h\u00f8yde og bredde. Ideell for hjemmetrening og boksetrening\",\"breadcrumb\":{\"@id\":\"https:\\\/\\\/motionfitness.se\\\/no\\\/produkter\\\/klassisk-kneboystativ\\\/#breadcrumb\"},\"inLanguage\":\"nb-NO\",\"potentialAction\":[{\"@type\":\"ReadAction\",\"target\":[\"https:\\\/\\\/motionfitness.se\\\/no\\\/produkter\\\/klassisk-kneboystativ\\\/\"]}]},{\"@type\":\"ImageObject\",\"inLanguage\":\"nb-NO\",\"@id\":\"https:\\\/\\\/motionfitness.se\\\/no\\\/produkter\\\/klassisk-kneboystativ\\\/#primaryimage\",\"url\":\"https:\\\/\\\/motionfitness.se\\\/wp-content\\\/uploads\\\/2022\\\/11\\\/28.png\",\"contentUrl\":\"https:\\\/\\\/motionfitness.se\\\/wp-content\\\/uploads\\\/2022\\\/11\\\/28.png\",\"width\":1080,\"height\":1080,\"caption\":\"Motion Fitness Classic kneb\u00f8ystativ\"},{\"@type\":\"BreadcrumbList\",\"@id\":\"https:\\\/\\\/motionfitness.se\\\/no\\\/produkter\\\/klassisk-kneboystativ\\\/#breadcrumb\",\"itemListElement\":[{\"@type\":\"ListItem\",\"position\":1,\"name\":\"Hem\",\"item\":\"https:\\\/\\\/motionfitness.se\\\/no\\\/startside\\\/\"},{\"@type\":\"ListItem\",\"position\":2,\"name\":\"Produkter\",\"item\":\"https:\\\/\\\/motionfitness.se\\\/no\\\/produkter\\\/\"},{\"@type\":\"ListItem\",\"position\":3,\"name\":\"Klassisk kneb\u00f8ystativ\"}]},{\"@type\":\"WebSite\",\"@id\":\"https:\\\/\\\/motionfitness.se\\\/no\\\/#website\",\"url\":\"https:\\\/\\\/motionfitness.se\\\/no\\\/\",\"name\":\"Motion Fitness\",\"description\":\"Stronger Together\",\"publisher\":{\"@id\":\"https:\\\/\\\/motionfitness.se\\\/no\\\/#organization\"},\"potentialAction\":[{\"@type\":\"SearchAction\",\"target\":{\"@type\":\"EntryPoint\",\"urlTemplate\":\"https:\\\/\\\/motionfitness.se\\\/no\\\/?s={search_term_string}\"},\"query-input\":{\"@type\":\"PropertyValueSpecification\",\"valueRequired\":true,\"valueName\":\"search_term_string\"}}],\"inLanguage\":\"nb-NO\"},{\"@type\":\"Organization\",\"@id\":\"https:\\\/\\\/motionfitness.se\\\/no\\\/#organization\",\"name\":\"Motion Fitness\",\"url\":\"https:\\\/\\\/motionfitness.se\\\/no\\\/\",\"logo\":{\"@type\":\"ImageObject\",\"inLanguage\":\"nb-NO\",\"@id\":\"https:\\\/\\\/motionfitness.se\\\/no\\\/#\\\/schema\\\/logo\\\/image\\\/\",\"url\":\"https:\\\/\\\/motionfitness.se\\\/wp-content\\\/uploads\\\/2024\\\/01\\\/Motion-Fitness-Logol.png\",\"contentUrl\":\"https:\\\/\\\/motionfitness.se\\\/wp-content\\\/uploads\\\/2024\\\/01\\\/Motion-Fitness-Logol.png\",\"width\":1280,\"height\":720,\"caption\":\"Motion Fitness\"},\"image\":{\"@id\":\"https:\\\/\\\/motionfitness.se\\\/no\\\/#\\\/schema\\\/logo\\\/image\\\/\"},\"sameAs\":[\"https:\\\/\\\/www.facebook.com\\\/motionfitnesssverige\\\/\",\"https:\\\/\\\/www.instagram.com\\\/motionfitness.se\\\/\"]}]}<\/script>\n<!-- \/ Yoast SEO plugin. -->","yoast_head_json":{"title":"Klassisk kneb\u00f8ystativ | Motion Fitness","description":"Klassisk kneb\u00f8ystativ fra Motion Fitness. Robust, allsidig og plassbesparende kneb\u00f8ystativ med justerbar h\u00f8yde og bredde. Ideell for hjemmetrening og boksetrening","robots":{"index":"index","follow":"follow","max-snippet":"max-snippet:-1","max-image-preview":"max-image-preview:large","max-video-preview":"max-video-preview:-1"},"canonical":"https:\/\/motionfitness.se\/no\/produkter\/klassisk-kneboystativ\/","og_locale":"nb_NO","og_type":"article","og_title":"Klassisk kneb\u00f8ystativ | Motion Fitness","og_description":"Klassisk kneb\u00f8ystativ fra Motion Fitness. Robust, allsidig og plassbesparende kneb\u00f8ystativ med justerbar h\u00f8yde og bredde. Ideell for hjemmetrening og boksetrening","og_url":"https:\/\/motionfitness.se\/no\/produkter\/klassisk-kneboystativ\/","og_site_name":"Motion Fitness","article_publisher":"https:\/\/www.facebook.com\/motionfitnesssverige\/","article_modified_time":"2026-04-27T08:10:03+00:00","og_image":[{"width":1080,"height":1080,"url":"https:\/\/motionfitness.se\/wp-content\/uploads\/2022\/11\/28.png","type":"image\/png"}],"twitter_card":"summary_large_image","twitter_misc":{"Ansl. lesetid":"1 minutt"},"schema":{"@context":"https:\/\/schema.org","@graph":[{"@type":"WebPage","@id":"https:\/\/motionfitness.se\/no\/produkter\/klassisk-kneboystativ\/","url":"https:\/\/motionfitness.se\/no\/produkter\/klassisk-kneboystativ\/","name":"Klassisk kneb\u00f8ystativ | Motion Fitness","isPartOf":{"@id":"https:\/\/motionfitness.se\/no\/#website"},"primaryImageOfPage":{"@id":"https:\/\/motionfitness.se\/no\/produkter\/klassisk-kneboystativ\/#primaryimage"},"image":{"@id":"https:\/\/motionfitness.se\/no\/produkter\/klassisk-kneboystativ\/#primaryimage"},"thumbnailUrl":"https:\/\/motionfitness.se\/wp-content\/uploads\/2022\/11\/28.png","datePublished":"2022-11-16T09:39:25+00:00","dateModified":"2026-04-27T08:10:03+00:00","description":"Klassisk kneb\u00f8ystativ fra Motion Fitness. Robust, allsidig og plassbesparende kneb\u00f8ystativ med justerbar h\u00f8yde og bredde. Ideell for hjemmetrening og boksetrening","breadcrumb":{"@id":"https:\/\/motionfitness.se\/no\/produkter\/klassisk-kneboystativ\/#breadcrumb"},"inLanguage":"nb-NO","potentialAction":[{"@type":"ReadAction","target":["https:\/\/motionfitness.se\/no\/produkter\/klassisk-kneboystativ\/"]}]},{"@type":"ImageObject","inLanguage":"nb-NO","@id":"https:\/\/motionfitness.se\/no\/produkter\/klassisk-kneboystativ\/#primaryimage","url":"https:\/\/motionfitness.se\/wp-content\/uploads\/2022\/11\/28.png","contentUrl":"https:\/\/motionfitness.se\/wp-content\/uploads\/2022\/11\/28.png","width":1080,"height":1080,"caption":"Motion Fitness Classic kneb\u00f8ystativ"},{"@type":"BreadcrumbList","@id":"https:\/\/motionfitness.se\/no\/produkter\/klassisk-kneboystativ\/#breadcrumb","itemListElement":[{"@type":"ListItem","position":1,"name":"Hem","item":"https:\/\/motionfitness.se\/no\/startside\/"},{"@type":"ListItem","position":2,"name":"Produkter","item":"https:\/\/motionfitness.se\/no\/produkter\/"},{"@type":"ListItem","position":3,"name":"Klassisk kneb\u00f8ystativ"}]},{"@type":"WebSite","@id":"https:\/\/motionfitness.se\/no\/#website","url":"https:\/\/motionfitness.se\/no\/","name":"Motion Fitness","description":"Stronger Together","publisher":{"@id":"https:\/\/motionfitness.se\/no\/#organization"},"potentialAction":[{"@type":"SearchAction","target":{"@type":"EntryPoint","urlTemplate":"https:\/\/motionfitness.se\/no\/?s={search_term_string}"},"query-input":{"@type":"PropertyValueSpecification","valueRequired":true,"valueName":"search_term_string"}}],"inLanguage":"nb-NO"},{"@type":"Organization","@id":"https:\/\/motionfitness.se\/no\/#organization","name":"Motion Fitness","url":"https:\/\/motionfitness.se\/no\/","logo":{"@type":"ImageObject","inLanguage":"nb-NO","@id":"https:\/\/motionfitness.se\/no\/#\/schema\/logo\/image\/","url":"https:\/\/motionfitness.se\/wp-content\/uploads\/2024\/01\/Motion-Fitness-Logol.png","contentUrl":"https:\/\/motionfitness.se\/wp-content\/uploads\/2024\/01\/Motion-Fitness-Logol.png","width":1280,"height":720,"caption":"Motion Fitness"},"image":{"@id":"https:\/\/motionfitness.se\/no\/#\/schema\/logo\/image\/"},"sameAs":["https:\/\/www.facebook.com\/motionfitnesssverige\/","https:\/\/www.instagram.com\/motionfitness.se\/"]}]}},"_links":{"self":[{"href":"https:\/\/motionfitness.se\/no\/wp-json\/wp\/v2\/product\/22037","targetHints":{"allow":["GET"]}}],"collection":[{"href":"https:\/\/motionfitness.se\/no\/wp-json\/wp\/v2\/product"}],"about":[{"href":"https:\/\/motionfitness.se\/no\/wp-json\/wp\/v2\/types\/product"}],"replies":[{"embeddable":true,"href":"https:\/\/motionfitness.se\/no\/wp-json\/wp\/v2\/comments?post=22037"}],"wp:featuredmedia":[{"embeddable":true,"href":"https:\/\/motionfitness.se\/no\/wp-json\/wp\/v2\/media\/28785"}],"wp:attachment":[{"href":"https:\/\/motionfitness.se\/no\/wp-json\/wp\/v2\/media?parent=22037"}],"wp:term":[{"taxonomy":"product_brand","embeddable":true,"href":"https:\/\/motionfitness.se\/no\/wp-json\/wp\/v2\/product_brand?post=22037"},{"taxonomy":"product_cat","embeddable":true,"href":"https:\/\/motionfitness.se\/no\/wp-json\/wp\/v2\/product_cat?post=22037"},{"taxonomy":"product_tag","embeddable":true,"href":"https:\/\/motionfitness.se\/no\/wp-json\/wp\/v2\/product_tag?post=22037"}],"curies":[{"name":"wp","href":"https:\/\/api.w.org\/{rel}","templated":true}]}}