{"id":21914,"date":"2022-11-16T10:39:52","date_gmt":"2022-11-16T09:39:52","guid":{"rendered":"https:\/\/motionfitness.se\/produkter\/sekskantede-manualer-1-40-kg\/"},"modified":"2026-04-13T15:18:24","modified_gmt":"2026-04-13T13:18:24","slug":"sekskantede-manualer-1-40-kg","status":"publish","type":"product","link":"https:\/\/motionfitness.se\/no\/produkter\/heksagon-hantler-1-40kg\/","title":{"rendered":"Hexagonmanualer 1-40 kg"},"content":{"rendered":"<p data-sourcepos=\"3:1-3:64\"><strong>Motion Fitness Hexagon Dumbbells &#8211; din perfekte treningspartner<\/strong><\/p>\n<p data-sourcepos=\"5:1-5:140\">Er du ute etter allsidige manualer som leverer b\u00e5de kvalitet og ytelse? Da er Motion Fitness Hexagon Dumbbells det perfekte valget for deg! <\/p>\n<p data-sourcepos=\"7:1-7:13\"><strong>Fordeler:<\/strong><\/p>\n<ul data-sourcepos=\"9:1-14:0\">\n<li data-sourcepos=\"9:1-9:123\"><strong>Uovertruffen holdbarhet:<\/strong> Laget av robust gummi med forkrommet metallh\u00e5ndtak. T\u00e5ler r\u00f8ff h\u00e5ndtering og varer lenge. <\/li>\n<li data-sourcepos=\"10:1-10:113\"><strong>Sikkert grep:<\/strong> H\u00e5ndtakets ribbede design gir optimalt grep, selv under svette trenings\u00f8kter.<\/li>\n<li data-sourcepos=\"11:1-11:145\"><strong>Allsidighet:<\/strong> Perfekt for en rekke \u00f8velser, fra styrketrening til funksjonell fitness. Bruk dem hjemme, p\u00e5 treningssenteret eller utend\u00f8rs. <\/li>\n<li data-sourcepos=\"12:1-12:124\"><strong>Stabile og enkle<\/strong> \u00e5 oppbevare: Den sekskantede formen forhindrer at manualene ruller bort og gj\u00f8r dem enkle \u00e5 oppbevare.<\/li>\n<li data-sourcepos=\"13:1-14:0\"><strong>Selges enkeltvis<\/strong>: bygg ditt eget sett med akkurat de vektene du trenger.<\/li>\n<\/ul>\n<p><strong>Oppgrader treningen din med Motion Fitness Hexagon Dumbbells!<\/strong><\/p>\n","protected":false},"excerpt":{"rendered":"<p>Er du ute etter allsidige manualer som leverer b\u00e5de kvalitet og ytelse? Da er Motion Fitness Hexagon Dumbbells det perfekte valget for deg!<br \/>\nSelges enkeltvis, prisen gjelder for \u00e9n manual.<\/p>\n","protected":false},"featured_media":29891,"comment_status":"open","ping_status":"closed","template":"","meta":{"_acf_changed":false,"_monsterinsights_skip_tracking":false,"_monsterinsights_sitenote_active":false,"_monsterinsights_sitenote_note":"","_monsterinsights_sitenote_category":0},"product_brand":[],"product_cat":[469,440],"product_tag":[798],"class_list":{"0":"post-21914","1":"product","2":"type-product","3":"status-publish","4":"has-post-thumbnail","6":"product_cat-manualer","7":"product_cat-motion-fitness-no","8":"product_tag-en-storselger","9":"pa_valj-vikt-1-kg","10":"pa_valj-vikt-10-kg","11":"pa_valj-vikt-125-kg-no","12":"pa_valj-vikt-15-kg","13":"pa_valj-vikt-175-kg","14":"pa_valj-vikt-2-kg","15":"pa_valj-vikt-20-kg","16":"pa_valj-vikt-225-kg","17":"pa_valj-vikt-25-kg","18":"pa_valj-vikt-275-kg","19":"pa_valj-vikt-3-kg","20":"pa_valj-vikt-30-kg","21":"pa_valj-vikt-325-kg","22":"pa_valj-vikt-35-kg","23":"pa_valj-vikt-375-kg","24":"pa_valj-vikt-4-kg","25":"pa_valj-vikt-40-kg","26":"pa_valj-vikt-5-kg","27":"pa_valj-vikt-6-kg","28":"pa_valj-vikt-7-kg","29":"pa_valj-vikt-8-kg","30":"pa_valj-vikt-9-kg","32":"first","33":"instock","34":"sale","35":"featured","36":"taxable","37":"shipping-taxable","38":"purchasable","39":"product-type-variable"},"acf":[],"yoast_head":"<!-- This site is optimized with the Yoast SEO plugin v27.4 - https:\/\/yoast.com\/product\/yoast-seo-wordpress\/ -->\n<title>Hexagonmanualer 1-40 kg | Motion Fitness<\/title>\n<meta name=\"description\" content=\"Er du ute etter allsidige manualer som leverer b\u00e5de kvalitet og ytelse? Da er Motion Fitness Hexagon Dumbbells det perfekte valget for deg!\" \/>\n<meta name=\"robots\" content=\"index, follow, max-snippet:-1, max-image-preview:large, max-video-preview:-1\" \/>\n<link rel=\"canonical\" href=\"https:\/\/motionfitness.se\/no\/produkter\/heksagon-hantler-1-40kg\/\" \/>\n<meta property=\"og:locale\" content=\"nb_NO\" \/>\n<meta property=\"og:type\" content=\"article\" \/>\n<meta property=\"og:title\" content=\"Hexagonmanualer 1-40 kg | Motion Fitness\" \/>\n<meta property=\"og:description\" content=\"Er du ute etter allsidige manualer som leverer b\u00e5de kvalitet og ytelse? Da er Motion Fitness Hexagon Dumbbells det perfekte valget for deg!\" \/>\n<meta property=\"og:url\" content=\"https:\/\/motionfitness.se\/no\/produkter\/heksagon-hantler-1-40kg\/\" \/>\n<meta property=\"og:site_name\" content=\"Motion Fitness\" \/>\n<meta property=\"article:publisher\" content=\"https:\/\/www.facebook.com\/motionfitnesssverige\/\" \/>\n<meta property=\"article:modified_time\" content=\"2026-04-13T13:18:24+00:00\" \/>\n<meta property=\"og:image\" content=\"https:\/\/motionfitness.se\/wp-content\/uploads\/2022\/11\/1-3.png\" \/>\n\t<meta property=\"og:image:width\" content=\"1080\" \/>\n\t<meta property=\"og:image:height\" content=\"1080\" \/>\n\t<meta property=\"og:image:type\" content=\"image\/png\" \/>\n<meta name=\"twitter:card\" content=\"summary_large_image\" \/>\n<meta name=\"twitter:label1\" content=\"Ansl. lesetid\" \/>\n\t<meta name=\"twitter:data1\" content=\"1 minutt\" \/>\n<script type=\"application\/ld+json\" class=\"yoast-schema-graph\">{\"@context\":\"https:\\\/\\\/schema.org\",\"@graph\":[{\"@type\":\"WebPage\",\"@id\":\"https:\\\/\\\/motionfitness.se\\\/no\\\/produkter\\\/heksagon-hantler-1-40kg\\\/\",\"url\":\"https:\\\/\\\/motionfitness.se\\\/no\\\/produkter\\\/heksagon-hantler-1-40kg\\\/\",\"name\":\"Hexagonmanualer 1-40 kg | Motion Fitness\",\"isPartOf\":{\"@id\":\"https:\\\/\\\/motionfitness.se\\\/no\\\/#website\"},\"primaryImageOfPage\":{\"@id\":\"https:\\\/\\\/motionfitness.se\\\/no\\\/produkter\\\/heksagon-hantler-1-40kg\\\/#primaryimage\"},\"image\":{\"@id\":\"https:\\\/\\\/motionfitness.se\\\/no\\\/produkter\\\/heksagon-hantler-1-40kg\\\/#primaryimage\"},\"thumbnailUrl\":\"https:\\\/\\\/motionfitness.se\\\/wp-content\\\/uploads\\\/2022\\\/11\\\/1-3.png\",\"datePublished\":\"2022-11-16T09:39:52+00:00\",\"dateModified\":\"2026-04-13T13:18:24+00:00\",\"description\":\"Er du ute etter allsidige manualer som leverer b\u00e5de kvalitet og ytelse? Da er Motion Fitness Hexagon Dumbbells det perfekte valget for deg!\",\"breadcrumb\":{\"@id\":\"https:\\\/\\\/motionfitness.se\\\/no\\\/produkter\\\/heksagon-hantler-1-40kg\\\/#breadcrumb\"},\"inLanguage\":\"nb-NO\",\"potentialAction\":[{\"@type\":\"ReadAction\",\"target\":[\"https:\\\/\\\/motionfitness.se\\\/no\\\/produkter\\\/heksagon-hantler-1-40kg\\\/\"]}]},{\"@type\":\"ImageObject\",\"inLanguage\":\"nb-NO\",\"@id\":\"https:\\\/\\\/motionfitness.se\\\/no\\\/produkter\\\/heksagon-hantler-1-40kg\\\/#primaryimage\",\"url\":\"https:\\\/\\\/motionfitness.se\\\/wp-content\\\/uploads\\\/2022\\\/11\\\/1-3.png\",\"contentUrl\":\"https:\\\/\\\/motionfitness.se\\\/wp-content\\\/uploads\\\/2022\\\/11\\\/1-3.png\",\"width\":1080,\"height\":1080,\"caption\":\"Sekskantede manualer\"},{\"@type\":\"BreadcrumbList\",\"@id\":\"https:\\\/\\\/motionfitness.se\\\/no\\\/produkter\\\/heksagon-hantler-1-40kg\\\/#breadcrumb\",\"itemListElement\":[{\"@type\":\"ListItem\",\"position\":1,\"name\":\"Hem\",\"item\":\"https:\\\/\\\/motionfitness.se\\\/no\\\/startside\\\/\"},{\"@type\":\"ListItem\",\"position\":2,\"name\":\"Produkter\",\"item\":\"https:\\\/\\\/motionfitness.se\\\/no\\\/produkter\\\/\"},{\"@type\":\"ListItem\",\"position\":3,\"name\":\"Hexagonmanualer 1-40 kg\"}]},{\"@type\":\"WebSite\",\"@id\":\"https:\\\/\\\/motionfitness.se\\\/no\\\/#website\",\"url\":\"https:\\\/\\\/motionfitness.se\\\/no\\\/\",\"name\":\"Motion Fitness\",\"description\":\"Stronger Together\",\"publisher\":{\"@id\":\"https:\\\/\\\/motionfitness.se\\\/no\\\/#organization\"},\"potentialAction\":[{\"@type\":\"SearchAction\",\"target\":{\"@type\":\"EntryPoint\",\"urlTemplate\":\"https:\\\/\\\/motionfitness.se\\\/no\\\/?s={search_term_string}\"},\"query-input\":{\"@type\":\"PropertyValueSpecification\",\"valueRequired\":true,\"valueName\":\"search_term_string\"}}],\"inLanguage\":\"nb-NO\"},{\"@type\":\"Organization\",\"@id\":\"https:\\\/\\\/motionfitness.se\\\/no\\\/#organization\",\"name\":\"Motion Fitness\",\"url\":\"https:\\\/\\\/motionfitness.se\\\/no\\\/\",\"logo\":{\"@type\":\"ImageObject\",\"inLanguage\":\"nb-NO\",\"@id\":\"https:\\\/\\\/motionfitness.se\\\/no\\\/#\\\/schema\\\/logo\\\/image\\\/\",\"url\":\"https:\\\/\\\/motionfitness.se\\\/wp-content\\\/uploads\\\/2024\\\/01\\\/Motion-Fitness-Logol.png\",\"contentUrl\":\"https:\\\/\\\/motionfitness.se\\\/wp-content\\\/uploads\\\/2024\\\/01\\\/Motion-Fitness-Logol.png\",\"width\":1280,\"height\":720,\"caption\":\"Motion Fitness\"},\"image\":{\"@id\":\"https:\\\/\\\/motionfitness.se\\\/no\\\/#\\\/schema\\\/logo\\\/image\\\/\"},\"sameAs\":[\"https:\\\/\\\/www.facebook.com\\\/motionfitnesssverige\\\/\",\"https:\\\/\\\/www.instagram.com\\\/motionfitness.se\\\/\"]}]}<\/script>\n<!-- \/ Yoast SEO plugin. -->","yoast_head_json":{"title":"Hexagonmanualer 1-40 kg | Motion Fitness","description":"Er du ute etter allsidige manualer som leverer b\u00e5de kvalitet og ytelse? Da er Motion Fitness Hexagon Dumbbells det perfekte valget for deg!","robots":{"index":"index","follow":"follow","max-snippet":"max-snippet:-1","max-image-preview":"max-image-preview:large","max-video-preview":"max-video-preview:-1"},"canonical":"https:\/\/motionfitness.se\/no\/produkter\/heksagon-hantler-1-40kg\/","og_locale":"nb_NO","og_type":"article","og_title":"Hexagonmanualer 1-40 kg | Motion Fitness","og_description":"Er du ute etter allsidige manualer som leverer b\u00e5de kvalitet og ytelse? Da er Motion Fitness Hexagon Dumbbells det perfekte valget for deg!","og_url":"https:\/\/motionfitness.se\/no\/produkter\/heksagon-hantler-1-40kg\/","og_site_name":"Motion Fitness","article_publisher":"https:\/\/www.facebook.com\/motionfitnesssverige\/","article_modified_time":"2026-04-13T13:18:24+00:00","og_image":[{"width":1080,"height":1080,"url":"https:\/\/motionfitness.se\/wp-content\/uploads\/2022\/11\/1-3.png","type":"image\/png"}],"twitter_card":"summary_large_image","twitter_misc":{"Ansl. lesetid":"1 minutt"},"schema":{"@context":"https:\/\/schema.org","@graph":[{"@type":"WebPage","@id":"https:\/\/motionfitness.se\/no\/produkter\/heksagon-hantler-1-40kg\/","url":"https:\/\/motionfitness.se\/no\/produkter\/heksagon-hantler-1-40kg\/","name":"Hexagonmanualer 1-40 kg | Motion Fitness","isPartOf":{"@id":"https:\/\/motionfitness.se\/no\/#website"},"primaryImageOfPage":{"@id":"https:\/\/motionfitness.se\/no\/produkter\/heksagon-hantler-1-40kg\/#primaryimage"},"image":{"@id":"https:\/\/motionfitness.se\/no\/produkter\/heksagon-hantler-1-40kg\/#primaryimage"},"thumbnailUrl":"https:\/\/motionfitness.se\/wp-content\/uploads\/2022\/11\/1-3.png","datePublished":"2022-11-16T09:39:52+00:00","dateModified":"2026-04-13T13:18:24+00:00","description":"Er du ute etter allsidige manualer som leverer b\u00e5de kvalitet og ytelse? Da er Motion Fitness Hexagon Dumbbells det perfekte valget for deg!","breadcrumb":{"@id":"https:\/\/motionfitness.se\/no\/produkter\/heksagon-hantler-1-40kg\/#breadcrumb"},"inLanguage":"nb-NO","potentialAction":[{"@type":"ReadAction","target":["https:\/\/motionfitness.se\/no\/produkter\/heksagon-hantler-1-40kg\/"]}]},{"@type":"ImageObject","inLanguage":"nb-NO","@id":"https:\/\/motionfitness.se\/no\/produkter\/heksagon-hantler-1-40kg\/#primaryimage","url":"https:\/\/motionfitness.se\/wp-content\/uploads\/2022\/11\/1-3.png","contentUrl":"https:\/\/motionfitness.se\/wp-content\/uploads\/2022\/11\/1-3.png","width":1080,"height":1080,"caption":"Sekskantede manualer"},{"@type":"BreadcrumbList","@id":"https:\/\/motionfitness.se\/no\/produkter\/heksagon-hantler-1-40kg\/#breadcrumb","itemListElement":[{"@type":"ListItem","position":1,"name":"Hem","item":"https:\/\/motionfitness.se\/no\/startside\/"},{"@type":"ListItem","position":2,"name":"Produkter","item":"https:\/\/motionfitness.se\/no\/produkter\/"},{"@type":"ListItem","position":3,"name":"Hexagonmanualer 1-40 kg"}]},{"@type":"WebSite","@id":"https:\/\/motionfitness.se\/no\/#website","url":"https:\/\/motionfitness.se\/no\/","name":"Motion Fitness","description":"Stronger Together","publisher":{"@id":"https:\/\/motionfitness.se\/no\/#organization"},"potentialAction":[{"@type":"SearchAction","target":{"@type":"EntryPoint","urlTemplate":"https:\/\/motionfitness.se\/no\/?s={search_term_string}"},"query-input":{"@type":"PropertyValueSpecification","valueRequired":true,"valueName":"search_term_string"}}],"inLanguage":"nb-NO"},{"@type":"Organization","@id":"https:\/\/motionfitness.se\/no\/#organization","name":"Motion Fitness","url":"https:\/\/motionfitness.se\/no\/","logo":{"@type":"ImageObject","inLanguage":"nb-NO","@id":"https:\/\/motionfitness.se\/no\/#\/schema\/logo\/image\/","url":"https:\/\/motionfitness.se\/wp-content\/uploads\/2024\/01\/Motion-Fitness-Logol.png","contentUrl":"https:\/\/motionfitness.se\/wp-content\/uploads\/2024\/01\/Motion-Fitness-Logol.png","width":1280,"height":720,"caption":"Motion Fitness"},"image":{"@id":"https:\/\/motionfitness.se\/no\/#\/schema\/logo\/image\/"},"sameAs":["https:\/\/www.facebook.com\/motionfitnesssverige\/","https:\/\/www.instagram.com\/motionfitness.se\/"]}]}},"_links":{"self":[{"href":"https:\/\/motionfitness.se\/no\/wp-json\/wp\/v2\/product\/21914","targetHints":{"allow":["GET"]}}],"collection":[{"href":"https:\/\/motionfitness.se\/no\/wp-json\/wp\/v2\/product"}],"about":[{"href":"https:\/\/motionfitness.se\/no\/wp-json\/wp\/v2\/types\/product"}],"replies":[{"embeddable":true,"href":"https:\/\/motionfitness.se\/no\/wp-json\/wp\/v2\/comments?post=21914"}],"wp:featuredmedia":[{"embeddable":true,"href":"https:\/\/motionfitness.se\/no\/wp-json\/wp\/v2\/media\/29891"}],"wp:attachment":[{"href":"https:\/\/motionfitness.se\/no\/wp-json\/wp\/v2\/media?parent=21914"}],"wp:term":[{"taxonomy":"product_brand","embeddable":true,"href":"https:\/\/motionfitness.se\/no\/wp-json\/wp\/v2\/product_brand?post=21914"},{"taxonomy":"product_cat","embeddable":true,"href":"https:\/\/motionfitness.se\/no\/wp-json\/wp\/v2\/product_cat?post=21914"},{"taxonomy":"product_tag","embeddable":true,"href":"https:\/\/motionfitness.se\/no\/wp-json\/wp\/v2\/product_tag?post=21914"}],"curies":[{"name":"wp","href":"https:\/\/api.w.org\/{rel}","templated":true}]}}