{"id":21900,"date":"2022-11-16T10:39:50","date_gmt":"2022-11-16T09:39:50","guid":{"rendered":"https:\/\/motionfitness.se\/produkter\/gymgulv-20-mm-puslespill\/"},"modified":"2026-04-13T11:28:13","modified_gmt":"2026-04-13T09:28:13","slug":"gymgulv-20-mm-puzzle","status":"publish","type":"product","link":"https:\/\/motionfitness.se\/no\/produkter\/gymgulv-20mm-puslespill\/","title":{"rendered":"Gymgulv 20 mm Puzzle"},"content":{"rendered":"<p>St\u00f8tdempende treningsgulv for tung trening! Et sv\u00e6rt komfortabelt og slitesterkt treningsgulv av resirkulert gummi som er ideelt for bruk i f.eks. st\u00f8rre vektomr\u00e5der i et treningsstudio der manualer, kettlebells og vektstenger kan slippes ned. Takket v\u00e6re en litt ru overflate gir gulvet et veldig godt grep og er derfor ogs\u00e5 utmerket selv under for eksempel romaskiner som har en tendens til \u00e5 bevege seg p\u00e5 gulvet.<\/p>\n<p>Dette 20 mm 1&#215;1 m store treningsgulvet er et kvalitetsgulv som er st\u00f8tdempende og et godt alternativ til de tykkere treningsgulvene. Dette gulvet er perfekt for frivektsomr\u00e5det i treningsstudioet eller for deg som \u00f8nsker et kvalitetsgulv i hjemmet. Gulvet er enkelt \u00e5 legge, det er ikke behov for lim eller noe som helst ettersom det er en puslespillvariant. Gulvet er sv\u00e6rt enkelt \u00e5 rengj\u00f8re.<\/p>\n","protected":false},"excerpt":{"rendered":"<p>St\u00f8tdempende treningsgulv for tung trening!<\/p>\n","protected":false},"featured_media":20275,"comment_status":"open","ping_status":"closed","template":"","meta":{"_acf_changed":false,"_monsterinsights_skip_tracking":false,"_monsterinsights_sitenote_active":false,"_monsterinsights_sitenote_note":"","_monsterinsights_sitenote_category":0},"product_brand":[],"product_cat":[482,440],"product_tag":[],"class_list":{"0":"post-21900","1":"product","2":"type-product","3":"status-publish","4":"has-post-thumbnail","6":"product_cat-gymgulv","7":"product_cat-motion-fitness-no","9":"first","10":"instock","11":"taxable","12":"shipping-taxable","13":"purchasable","14":"product-type-simple"},"acf":[],"yoast_head":"<!-- This site is optimized with the Yoast SEO plugin v27.4 - https:\/\/yoast.com\/product\/yoast-seo-wordpress\/ -->\n<title>20 mm Puzzle-gulv (st\u00f8tdempende og slitesterkt)<\/title>\n<meta name=\"description\" content=\"Med en tykkelse p\u00e5 20 mm beskytter dette treningsgulvet b\u00e5de gulvet og utstyret. Puslespillutformingen gj\u00f8r det enkelt \u00e5 tilpasse til ulike underlag.\" \/>\n<meta name=\"robots\" content=\"index, follow, max-snippet:-1, max-image-preview:large, max-video-preview:-1\" \/>\n<link rel=\"canonical\" href=\"https:\/\/motionfitness.se\/no\/produkter\/gymgulv-20mm-puslespill\/\" \/>\n<meta property=\"og:locale\" content=\"nb_NO\" \/>\n<meta property=\"og:type\" content=\"article\" \/>\n<meta property=\"og:title\" content=\"20 mm Puzzle-gulv (st\u00f8tdempende og slitesterkt)\" \/>\n<meta property=\"og:description\" content=\"Med en tykkelse p\u00e5 20 mm beskytter dette treningsgulvet b\u00e5de gulvet og utstyret. Puslespillutformingen gj\u00f8r det enkelt \u00e5 tilpasse til ulike underlag.\" \/>\n<meta property=\"og:url\" content=\"https:\/\/motionfitness.se\/no\/produkter\/gymgulv-20mm-puslespill\/\" \/>\n<meta property=\"og:site_name\" content=\"Motion Fitness\" \/>\n<meta property=\"article:publisher\" content=\"https:\/\/www.facebook.com\/motionfitnesssverige\/\" \/>\n<meta property=\"article:modified_time\" content=\"2026-04-13T09:28:13+00:00\" \/>\n<meta property=\"og:image\" content=\"https:\/\/motionfitness.se\/wp-content\/uploads\/2022\/11\/20230712_160420_fri_1000x1000.png\" \/>\n\t<meta property=\"og:image:width\" content=\"1000\" \/>\n\t<meta property=\"og:image:height\" content=\"1000\" \/>\n\t<meta property=\"og:image:type\" content=\"image\/png\" \/>\n<meta name=\"twitter:card\" content=\"summary_large_image\" \/>\n<meta name=\"twitter:label1\" content=\"Ansl. lesetid\" \/>\n\t<meta name=\"twitter:data1\" content=\"1 minutt\" \/>\n<script type=\"application\/ld+json\" class=\"yoast-schema-graph\">{\"@context\":\"https:\\\/\\\/schema.org\",\"@graph\":[{\"@type\":\"WebPage\",\"@id\":\"https:\\\/\\\/motionfitness.se\\\/no\\\/produkter\\\/gymgulv-20mm-puslespill\\\/\",\"url\":\"https:\\\/\\\/motionfitness.se\\\/no\\\/produkter\\\/gymgulv-20mm-puslespill\\\/\",\"name\":\"20 mm Puzzle-gulv (st\u00f8tdempende og slitesterkt)\",\"isPartOf\":{\"@id\":\"https:\\\/\\\/motionfitness.se\\\/no\\\/#website\"},\"primaryImageOfPage\":{\"@id\":\"https:\\\/\\\/motionfitness.se\\\/no\\\/produkter\\\/gymgulv-20mm-puslespill\\\/#primaryimage\"},\"image\":{\"@id\":\"https:\\\/\\\/motionfitness.se\\\/no\\\/produkter\\\/gymgulv-20mm-puslespill\\\/#primaryimage\"},\"thumbnailUrl\":\"https:\\\/\\\/motionfitness.se\\\/wp-content\\\/uploads\\\/2022\\\/11\\\/20230712_160420_fri_1000x1000.png\",\"datePublished\":\"2022-11-16T09:39:50+00:00\",\"dateModified\":\"2026-04-13T09:28:13+00:00\",\"description\":\"Med en tykkelse p\u00e5 20 mm beskytter dette treningsgulvet b\u00e5de gulvet og utstyret. Puslespillutformingen gj\u00f8r det enkelt \u00e5 tilpasse til ulike underlag.\",\"breadcrumb\":{\"@id\":\"https:\\\/\\\/motionfitness.se\\\/no\\\/produkter\\\/gymgulv-20mm-puslespill\\\/#breadcrumb\"},\"inLanguage\":\"nb-NO\",\"potentialAction\":[{\"@type\":\"ReadAction\",\"target\":[\"https:\\\/\\\/motionfitness.se\\\/no\\\/produkter\\\/gymgulv-20mm-puslespill\\\/\"]}]},{\"@type\":\"ImageObject\",\"inLanguage\":\"nb-NO\",\"@id\":\"https:\\\/\\\/motionfitness.se\\\/no\\\/produkter\\\/gymgulv-20mm-puslespill\\\/#primaryimage\",\"url\":\"https:\\\/\\\/motionfitness.se\\\/wp-content\\\/uploads\\\/2022\\\/11\\\/20230712_160420_fri_1000x1000.png\",\"contentUrl\":\"https:\\\/\\\/motionfitness.se\\\/wp-content\\\/uploads\\\/2022\\\/11\\\/20230712_160420_fri_1000x1000.png\",\"width\":1000,\"height\":1000,\"caption\":\"MF-1002_gymgolv_puzzle_1\"},{\"@type\":\"BreadcrumbList\",\"@id\":\"https:\\\/\\\/motionfitness.se\\\/no\\\/produkter\\\/gymgulv-20mm-puslespill\\\/#breadcrumb\",\"itemListElement\":[{\"@type\":\"ListItem\",\"position\":1,\"name\":\"Hem\",\"item\":\"https:\\\/\\\/motionfitness.se\\\/no\\\/startside\\\/\"},{\"@type\":\"ListItem\",\"position\":2,\"name\":\"Produkter\",\"item\":\"https:\\\/\\\/motionfitness.se\\\/no\\\/produkter\\\/\"},{\"@type\":\"ListItem\",\"position\":3,\"name\":\"Gymgulv 20 mm Puzzle\"}]},{\"@type\":\"WebSite\",\"@id\":\"https:\\\/\\\/motionfitness.se\\\/no\\\/#website\",\"url\":\"https:\\\/\\\/motionfitness.se\\\/no\\\/\",\"name\":\"Motion Fitness\",\"description\":\"Stronger Together\",\"publisher\":{\"@id\":\"https:\\\/\\\/motionfitness.se\\\/no\\\/#organization\"},\"potentialAction\":[{\"@type\":\"SearchAction\",\"target\":{\"@type\":\"EntryPoint\",\"urlTemplate\":\"https:\\\/\\\/motionfitness.se\\\/no\\\/?s={search_term_string}\"},\"query-input\":{\"@type\":\"PropertyValueSpecification\",\"valueRequired\":true,\"valueName\":\"search_term_string\"}}],\"inLanguage\":\"nb-NO\"},{\"@type\":\"Organization\",\"@id\":\"https:\\\/\\\/motionfitness.se\\\/no\\\/#organization\",\"name\":\"Motion Fitness\",\"url\":\"https:\\\/\\\/motionfitness.se\\\/no\\\/\",\"logo\":{\"@type\":\"ImageObject\",\"inLanguage\":\"nb-NO\",\"@id\":\"https:\\\/\\\/motionfitness.se\\\/no\\\/#\\\/schema\\\/logo\\\/image\\\/\",\"url\":\"https:\\\/\\\/motionfitness.se\\\/wp-content\\\/uploads\\\/2024\\\/01\\\/Motion-Fitness-Logol.png\",\"contentUrl\":\"https:\\\/\\\/motionfitness.se\\\/wp-content\\\/uploads\\\/2024\\\/01\\\/Motion-Fitness-Logol.png\",\"width\":1280,\"height\":720,\"caption\":\"Motion Fitness\"},\"image\":{\"@id\":\"https:\\\/\\\/motionfitness.se\\\/no\\\/#\\\/schema\\\/logo\\\/image\\\/\"},\"sameAs\":[\"https:\\\/\\\/www.facebook.com\\\/motionfitnesssverige\\\/\",\"https:\\\/\\\/www.instagram.com\\\/motionfitness.se\\\/\"]}]}<\/script>\n<!-- \/ Yoast SEO plugin. -->","yoast_head_json":{"title":"20 mm Puzzle-gulv (st\u00f8tdempende og slitesterkt)","description":"Med en tykkelse p\u00e5 20 mm beskytter dette treningsgulvet b\u00e5de gulvet og utstyret. Puslespillutformingen gj\u00f8r det enkelt \u00e5 tilpasse til ulike underlag.","robots":{"index":"index","follow":"follow","max-snippet":"max-snippet:-1","max-image-preview":"max-image-preview:large","max-video-preview":"max-video-preview:-1"},"canonical":"https:\/\/motionfitness.se\/no\/produkter\/gymgulv-20mm-puslespill\/","og_locale":"nb_NO","og_type":"article","og_title":"20 mm Puzzle-gulv (st\u00f8tdempende og slitesterkt)","og_description":"Med en tykkelse p\u00e5 20 mm beskytter dette treningsgulvet b\u00e5de gulvet og utstyret. Puslespillutformingen gj\u00f8r det enkelt \u00e5 tilpasse til ulike underlag.","og_url":"https:\/\/motionfitness.se\/no\/produkter\/gymgulv-20mm-puslespill\/","og_site_name":"Motion Fitness","article_publisher":"https:\/\/www.facebook.com\/motionfitnesssverige\/","article_modified_time":"2026-04-13T09:28:13+00:00","og_image":[{"width":1000,"height":1000,"url":"https:\/\/motionfitness.se\/wp-content\/uploads\/2022\/11\/20230712_160420_fri_1000x1000.png","type":"image\/png"}],"twitter_card":"summary_large_image","twitter_misc":{"Ansl. lesetid":"1 minutt"},"schema":{"@context":"https:\/\/schema.org","@graph":[{"@type":"WebPage","@id":"https:\/\/motionfitness.se\/no\/produkter\/gymgulv-20mm-puslespill\/","url":"https:\/\/motionfitness.se\/no\/produkter\/gymgulv-20mm-puslespill\/","name":"20 mm Puzzle-gulv (st\u00f8tdempende og slitesterkt)","isPartOf":{"@id":"https:\/\/motionfitness.se\/no\/#website"},"primaryImageOfPage":{"@id":"https:\/\/motionfitness.se\/no\/produkter\/gymgulv-20mm-puslespill\/#primaryimage"},"image":{"@id":"https:\/\/motionfitness.se\/no\/produkter\/gymgulv-20mm-puslespill\/#primaryimage"},"thumbnailUrl":"https:\/\/motionfitness.se\/wp-content\/uploads\/2022\/11\/20230712_160420_fri_1000x1000.png","datePublished":"2022-11-16T09:39:50+00:00","dateModified":"2026-04-13T09:28:13+00:00","description":"Med en tykkelse p\u00e5 20 mm beskytter dette treningsgulvet b\u00e5de gulvet og utstyret. Puslespillutformingen gj\u00f8r det enkelt \u00e5 tilpasse til ulike underlag.","breadcrumb":{"@id":"https:\/\/motionfitness.se\/no\/produkter\/gymgulv-20mm-puslespill\/#breadcrumb"},"inLanguage":"nb-NO","potentialAction":[{"@type":"ReadAction","target":["https:\/\/motionfitness.se\/no\/produkter\/gymgulv-20mm-puslespill\/"]}]},{"@type":"ImageObject","inLanguage":"nb-NO","@id":"https:\/\/motionfitness.se\/no\/produkter\/gymgulv-20mm-puslespill\/#primaryimage","url":"https:\/\/motionfitness.se\/wp-content\/uploads\/2022\/11\/20230712_160420_fri_1000x1000.png","contentUrl":"https:\/\/motionfitness.se\/wp-content\/uploads\/2022\/11\/20230712_160420_fri_1000x1000.png","width":1000,"height":1000,"caption":"MF-1002_gymgolv_puzzle_1"},{"@type":"BreadcrumbList","@id":"https:\/\/motionfitness.se\/no\/produkter\/gymgulv-20mm-puslespill\/#breadcrumb","itemListElement":[{"@type":"ListItem","position":1,"name":"Hem","item":"https:\/\/motionfitness.se\/no\/startside\/"},{"@type":"ListItem","position":2,"name":"Produkter","item":"https:\/\/motionfitness.se\/no\/produkter\/"},{"@type":"ListItem","position":3,"name":"Gymgulv 20 mm Puzzle"}]},{"@type":"WebSite","@id":"https:\/\/motionfitness.se\/no\/#website","url":"https:\/\/motionfitness.se\/no\/","name":"Motion Fitness","description":"Stronger Together","publisher":{"@id":"https:\/\/motionfitness.se\/no\/#organization"},"potentialAction":[{"@type":"SearchAction","target":{"@type":"EntryPoint","urlTemplate":"https:\/\/motionfitness.se\/no\/?s={search_term_string}"},"query-input":{"@type":"PropertyValueSpecification","valueRequired":true,"valueName":"search_term_string"}}],"inLanguage":"nb-NO"},{"@type":"Organization","@id":"https:\/\/motionfitness.se\/no\/#organization","name":"Motion Fitness","url":"https:\/\/motionfitness.se\/no\/","logo":{"@type":"ImageObject","inLanguage":"nb-NO","@id":"https:\/\/motionfitness.se\/no\/#\/schema\/logo\/image\/","url":"https:\/\/motionfitness.se\/wp-content\/uploads\/2024\/01\/Motion-Fitness-Logol.png","contentUrl":"https:\/\/motionfitness.se\/wp-content\/uploads\/2024\/01\/Motion-Fitness-Logol.png","width":1280,"height":720,"caption":"Motion Fitness"},"image":{"@id":"https:\/\/motionfitness.se\/no\/#\/schema\/logo\/image\/"},"sameAs":["https:\/\/www.facebook.com\/motionfitnesssverige\/","https:\/\/www.instagram.com\/motionfitness.se\/"]}]}},"_links":{"self":[{"href":"https:\/\/motionfitness.se\/no\/wp-json\/wp\/v2\/product\/21900","targetHints":{"allow":["GET"]}}],"collection":[{"href":"https:\/\/motionfitness.se\/no\/wp-json\/wp\/v2\/product"}],"about":[{"href":"https:\/\/motionfitness.se\/no\/wp-json\/wp\/v2\/types\/product"}],"replies":[{"embeddable":true,"href":"https:\/\/motionfitness.se\/no\/wp-json\/wp\/v2\/comments?post=21900"}],"wp:featuredmedia":[{"embeddable":true,"href":"https:\/\/motionfitness.se\/no\/wp-json\/wp\/v2\/media\/20275"}],"wp:attachment":[{"href":"https:\/\/motionfitness.se\/no\/wp-json\/wp\/v2\/media?parent=21900"}],"wp:term":[{"taxonomy":"product_brand","embeddable":true,"href":"https:\/\/motionfitness.se\/no\/wp-json\/wp\/v2\/product_brand?post=21900"},{"taxonomy":"product_cat","embeddable":true,"href":"https:\/\/motionfitness.se\/no\/wp-json\/wp\/v2\/product_cat?post=21900"},{"taxonomy":"product_tag","embeddable":true,"href":"https:\/\/motionfitness.se\/no\/wp-json\/wp\/v2\/product_tag?post=21900"}],"curies":[{"name":"wp","href":"https:\/\/api.w.org\/{rel}","templated":true}]}}