{"id":21895,"date":"2022-11-16T10:40:08","date_gmt":"2022-11-16T09:40:08","guid":{"rendered":"https:\/\/motionfitness.se\/?post_type=product&#038;p=21895"},"modified":"2025-11-06T12:33:10","modified_gmt":"2025-11-06T11:33:10","slug":"kettlebell-i-jern-4-36-kg","status":"publish","type":"product","link":"https:\/\/motionfitness.se\/no\/produkter\/kettlebell-i-garn-4kg-36kg\/","title":{"rendered":"Kettlebell av jern 36 kg"},"content":{"rendered":"<p>En kettlebell helt i jern. Den enklere og r\u00f8ffere versjonen av kettlebells. Det stadig mer popul\u00e6re muskelbyggingsverkt\u00f8yet for kampsport, crosstraining og lignende fysisk trening. Invester i gode kettlebells med lang levetid!<\/p>\n","protected":false},"excerpt":{"rendered":"<p><!--more-->En solid kettlebell av jern. Dette produktet fases blant annet ut av sortimentet v\u00e5rt. p\u00e5 grunn av. estetiske grunner. Det oppst\u00e5r ujevnheter p\u00e5 produktene.<\/p>\n","protected":false},"featured_media":18620,"comment_status":"open","ping_status":"closed","template":"","meta":{"_acf_changed":false,"_monsterinsights_skip_tracking":false,"_monsterinsights_sitenote_active":false,"_monsterinsights_sitenote_note":"","_monsterinsights_sitenote_category":0},"product_brand":[],"product_cat":[470,720,440],"product_tag":[794],"class_list":{"0":"post-21895","1":"product","2":"type-product","3":"status-publish","4":"has-post-thumbnail","6":"product_cat-kettlebells-no","7":"product_cat-lagersalg-no","8":"product_cat-motion-fitness-no","9":"product_tag-megadeal-no","10":"pa_valj-vikt-10-kg","11":"pa_valj-vikt-12-kg","12":"pa_valj-vikt-14-kg","13":"pa_valj-vikt-16-kg","14":"pa_valj-vikt-18-kg","15":"pa_valj-vikt-20-kg","16":"pa_valj-vikt-22-kg","17":"pa_valj-vikt-24-kg","18":"pa_valj-vikt-26-kg","19":"pa_valj-vikt-28-kg","20":"pa_valj-vikt-32-kg","21":"pa_valj-vikt-36-kg","22":"pa_valj-vikt-4-kg","23":"pa_valj-vikt-6-kg","24":"pa_valj-vikt-8-kg","26":"first","27":"instock","28":"sale","29":"featured","30":"taxable","31":"shipping-taxable","32":"purchasable","33":"product-type-variable"},"acf":[],"yoast_head":"<!-- This site is optimized with the Yoast SEO plugin v27.4 - https:\/\/yoast.com\/product\/yoast-seo-wordpress\/ -->\n<title>Kettlebell av jern 36 kg | Motion Fitness<\/title>\n<meta name=\"description\" content=\"En kettlebell st\u00f8pt helt i jern. Den enklere og r\u00f8ffere versjonen av kettlebells. Invester i gode kettlebells med lang levetid! Bestill hos Motion Fitness!\" \/>\n<meta name=\"robots\" content=\"index, follow, max-snippet:-1, max-image-preview:large, max-video-preview:-1\" \/>\n<link rel=\"canonical\" href=\"https:\/\/motionfitness.se\/no\/produkter\/kettlebell-i-garn-4kg-36kg\/\" \/>\n<meta property=\"og:locale\" content=\"nb_NO\" \/>\n<meta property=\"og:type\" content=\"article\" \/>\n<meta property=\"og:title\" content=\"Kettlebell av jern 36 kg | Motion Fitness\" \/>\n<meta property=\"og:description\" content=\"En kettlebell st\u00f8pt helt i jern. Den enklere og r\u00f8ffere versjonen av kettlebells. Invester i gode kettlebells med lang levetid! Bestill hos Motion Fitness!\" \/>\n<meta property=\"og:url\" content=\"https:\/\/motionfitness.se\/no\/produkter\/kettlebell-i-garn-4kg-36kg\/\" \/>\n<meta property=\"og:site_name\" content=\"Motion Fitness\" \/>\n<meta property=\"article:publisher\" content=\"https:\/\/www.facebook.com\/motionfitnesssverige\/\" \/>\n<meta property=\"article:modified_time\" content=\"2025-11-06T11:33:10+00:00\" \/>\n<meta property=\"og:image\" content=\"https:\/\/motionfitness.se\/wp-content\/uploads\/2022\/11\/kettlebell_jarn_motionfitnesspro.png\" \/>\n\t<meta property=\"og:image:width\" content=\"1440\" \/>\n\t<meta property=\"og:image:height\" content=\"1440\" \/>\n\t<meta property=\"og:image:type\" content=\"image\/png\" \/>\n<meta name=\"twitter:card\" content=\"summary_large_image\" \/>\n<script type=\"application\/ld+json\" class=\"yoast-schema-graph\">{\"@context\":\"https:\\\/\\\/schema.org\",\"@graph\":[{\"@type\":\"WebPage\",\"@id\":\"https:\\\/\\\/motionfitness.se\\\/no\\\/produkter\\\/kettlebell-i-garn-4kg-36kg\\\/\",\"url\":\"https:\\\/\\\/motionfitness.se\\\/no\\\/produkter\\\/kettlebell-i-garn-4kg-36kg\\\/\",\"name\":\"Kettlebell av jern 36 kg | Motion Fitness\",\"isPartOf\":{\"@id\":\"https:\\\/\\\/motionfitness.se\\\/no\\\/#website\"},\"primaryImageOfPage\":{\"@id\":\"https:\\\/\\\/motionfitness.se\\\/no\\\/produkter\\\/kettlebell-i-garn-4kg-36kg\\\/#primaryimage\"},\"image\":{\"@id\":\"https:\\\/\\\/motionfitness.se\\\/no\\\/produkter\\\/kettlebell-i-garn-4kg-36kg\\\/#primaryimage\"},\"thumbnailUrl\":\"https:\\\/\\\/motionfitness.se\\\/wp-content\\\/uploads\\\/2022\\\/11\\\/kettlebell_jarn_motionfitnesspro.png\",\"datePublished\":\"2022-11-16T09:40:08+00:00\",\"dateModified\":\"2025-11-06T11:33:10+00:00\",\"description\":\"En kettlebell st\u00f8pt helt i jern. Den enklere og r\u00f8ffere versjonen av kettlebells. Invester i gode kettlebells med lang levetid! Bestill hos Motion Fitness!\",\"breadcrumb\":{\"@id\":\"https:\\\/\\\/motionfitness.se\\\/no\\\/produkter\\\/kettlebell-i-garn-4kg-36kg\\\/#breadcrumb\"},\"inLanguage\":\"nb-NO\",\"potentialAction\":[{\"@type\":\"ReadAction\",\"target\":[\"https:\\\/\\\/motionfitness.se\\\/no\\\/produkter\\\/kettlebell-i-garn-4kg-36kg\\\/\"]}]},{\"@type\":\"ImageObject\",\"inLanguage\":\"nb-NO\",\"@id\":\"https:\\\/\\\/motionfitness.se\\\/no\\\/produkter\\\/kettlebell-i-garn-4kg-36kg\\\/#primaryimage\",\"url\":\"https:\\\/\\\/motionfitness.se\\\/wp-content\\\/uploads\\\/2022\\\/11\\\/kettlebell_jarn_motionfitnesspro.png\",\"contentUrl\":\"https:\\\/\\\/motionfitness.se\\\/wp-content\\\/uploads\\\/2022\\\/11\\\/kettlebell_jarn_motionfitnesspro.png\",\"width\":1440,\"height\":1440,\"caption\":\"iron kettlebell-motion&amp;fitnesspro\"},{\"@type\":\"BreadcrumbList\",\"@id\":\"https:\\\/\\\/motionfitness.se\\\/no\\\/produkter\\\/kettlebell-i-garn-4kg-36kg\\\/#breadcrumb\",\"itemListElement\":[{\"@type\":\"ListItem\",\"position\":1,\"name\":\"Hem\",\"item\":\"https:\\\/\\\/motionfitness.se\\\/no\\\/startside\\\/\"},{\"@type\":\"ListItem\",\"position\":2,\"name\":\"Produkter\",\"item\":\"https:\\\/\\\/motionfitness.se\\\/no\\\/produkter\\\/\"},{\"@type\":\"ListItem\",\"position\":3,\"name\":\"Kettlebell av jern 36 kg\"}]},{\"@type\":\"WebSite\",\"@id\":\"https:\\\/\\\/motionfitness.se\\\/no\\\/#website\",\"url\":\"https:\\\/\\\/motionfitness.se\\\/no\\\/\",\"name\":\"Motion Fitness\",\"description\":\"Stronger Together\",\"publisher\":{\"@id\":\"https:\\\/\\\/motionfitness.se\\\/no\\\/#organization\"},\"potentialAction\":[{\"@type\":\"SearchAction\",\"target\":{\"@type\":\"EntryPoint\",\"urlTemplate\":\"https:\\\/\\\/motionfitness.se\\\/no\\\/?s={search_term_string}\"},\"query-input\":{\"@type\":\"PropertyValueSpecification\",\"valueRequired\":true,\"valueName\":\"search_term_string\"}}],\"inLanguage\":\"nb-NO\"},{\"@type\":\"Organization\",\"@id\":\"https:\\\/\\\/motionfitness.se\\\/no\\\/#organization\",\"name\":\"Motion Fitness\",\"url\":\"https:\\\/\\\/motionfitness.se\\\/no\\\/\",\"logo\":{\"@type\":\"ImageObject\",\"inLanguage\":\"nb-NO\",\"@id\":\"https:\\\/\\\/motionfitness.se\\\/no\\\/#\\\/schema\\\/logo\\\/image\\\/\",\"url\":\"https:\\\/\\\/motionfitness.se\\\/wp-content\\\/uploads\\\/2024\\\/01\\\/Motion-Fitness-Logol.png\",\"contentUrl\":\"https:\\\/\\\/motionfitness.se\\\/wp-content\\\/uploads\\\/2024\\\/01\\\/Motion-Fitness-Logol.png\",\"width\":1280,\"height\":720,\"caption\":\"Motion Fitness\"},\"image\":{\"@id\":\"https:\\\/\\\/motionfitness.se\\\/no\\\/#\\\/schema\\\/logo\\\/image\\\/\"},\"sameAs\":[\"https:\\\/\\\/www.facebook.com\\\/motionfitnesssverige\\\/\",\"https:\\\/\\\/www.instagram.com\\\/motionfitness.se\\\/\"]}]}<\/script>\n<!-- \/ Yoast SEO plugin. -->","yoast_head_json":{"title":"Kettlebell av jern 36 kg | Motion Fitness","description":"En kettlebell st\u00f8pt helt i jern. Den enklere og r\u00f8ffere versjonen av kettlebells. Invester i gode kettlebells med lang levetid! Bestill hos Motion Fitness!","robots":{"index":"index","follow":"follow","max-snippet":"max-snippet:-1","max-image-preview":"max-image-preview:large","max-video-preview":"max-video-preview:-1"},"canonical":"https:\/\/motionfitness.se\/no\/produkter\/kettlebell-i-garn-4kg-36kg\/","og_locale":"nb_NO","og_type":"article","og_title":"Kettlebell av jern 36 kg | Motion Fitness","og_description":"En kettlebell st\u00f8pt helt i jern. Den enklere og r\u00f8ffere versjonen av kettlebells. Invester i gode kettlebells med lang levetid! Bestill hos Motion Fitness!","og_url":"https:\/\/motionfitness.se\/no\/produkter\/kettlebell-i-garn-4kg-36kg\/","og_site_name":"Motion Fitness","article_publisher":"https:\/\/www.facebook.com\/motionfitnesssverige\/","article_modified_time":"2025-11-06T11:33:10+00:00","og_image":[{"width":1440,"height":1440,"url":"https:\/\/motionfitness.se\/wp-content\/uploads\/2022\/11\/kettlebell_jarn_motionfitnesspro.png","type":"image\/png"}],"twitter_card":"summary_large_image","schema":{"@context":"https:\/\/schema.org","@graph":[{"@type":"WebPage","@id":"https:\/\/motionfitness.se\/no\/produkter\/kettlebell-i-garn-4kg-36kg\/","url":"https:\/\/motionfitness.se\/no\/produkter\/kettlebell-i-garn-4kg-36kg\/","name":"Kettlebell av jern 36 kg | Motion Fitness","isPartOf":{"@id":"https:\/\/motionfitness.se\/no\/#website"},"primaryImageOfPage":{"@id":"https:\/\/motionfitness.se\/no\/produkter\/kettlebell-i-garn-4kg-36kg\/#primaryimage"},"image":{"@id":"https:\/\/motionfitness.se\/no\/produkter\/kettlebell-i-garn-4kg-36kg\/#primaryimage"},"thumbnailUrl":"https:\/\/motionfitness.se\/wp-content\/uploads\/2022\/11\/kettlebell_jarn_motionfitnesspro.png","datePublished":"2022-11-16T09:40:08+00:00","dateModified":"2025-11-06T11:33:10+00:00","description":"En kettlebell st\u00f8pt helt i jern. Den enklere og r\u00f8ffere versjonen av kettlebells. Invester i gode kettlebells med lang levetid! Bestill hos Motion Fitness!","breadcrumb":{"@id":"https:\/\/motionfitness.se\/no\/produkter\/kettlebell-i-garn-4kg-36kg\/#breadcrumb"},"inLanguage":"nb-NO","potentialAction":[{"@type":"ReadAction","target":["https:\/\/motionfitness.se\/no\/produkter\/kettlebell-i-garn-4kg-36kg\/"]}]},{"@type":"ImageObject","inLanguage":"nb-NO","@id":"https:\/\/motionfitness.se\/no\/produkter\/kettlebell-i-garn-4kg-36kg\/#primaryimage","url":"https:\/\/motionfitness.se\/wp-content\/uploads\/2022\/11\/kettlebell_jarn_motionfitnesspro.png","contentUrl":"https:\/\/motionfitness.se\/wp-content\/uploads\/2022\/11\/kettlebell_jarn_motionfitnesspro.png","width":1440,"height":1440,"caption":"iron kettlebell-motion&amp;fitnesspro"},{"@type":"BreadcrumbList","@id":"https:\/\/motionfitness.se\/no\/produkter\/kettlebell-i-garn-4kg-36kg\/#breadcrumb","itemListElement":[{"@type":"ListItem","position":1,"name":"Hem","item":"https:\/\/motionfitness.se\/no\/startside\/"},{"@type":"ListItem","position":2,"name":"Produkter","item":"https:\/\/motionfitness.se\/no\/produkter\/"},{"@type":"ListItem","position":3,"name":"Kettlebell av jern 36 kg"}]},{"@type":"WebSite","@id":"https:\/\/motionfitness.se\/no\/#website","url":"https:\/\/motionfitness.se\/no\/","name":"Motion Fitness","description":"Stronger Together","publisher":{"@id":"https:\/\/motionfitness.se\/no\/#organization"},"potentialAction":[{"@type":"SearchAction","target":{"@type":"EntryPoint","urlTemplate":"https:\/\/motionfitness.se\/no\/?s={search_term_string}"},"query-input":{"@type":"PropertyValueSpecification","valueRequired":true,"valueName":"search_term_string"}}],"inLanguage":"nb-NO"},{"@type":"Organization","@id":"https:\/\/motionfitness.se\/no\/#organization","name":"Motion Fitness","url":"https:\/\/motionfitness.se\/no\/","logo":{"@type":"ImageObject","inLanguage":"nb-NO","@id":"https:\/\/motionfitness.se\/no\/#\/schema\/logo\/image\/","url":"https:\/\/motionfitness.se\/wp-content\/uploads\/2024\/01\/Motion-Fitness-Logol.png","contentUrl":"https:\/\/motionfitness.se\/wp-content\/uploads\/2024\/01\/Motion-Fitness-Logol.png","width":1280,"height":720,"caption":"Motion Fitness"},"image":{"@id":"https:\/\/motionfitness.se\/no\/#\/schema\/logo\/image\/"},"sameAs":["https:\/\/www.facebook.com\/motionfitnesssverige\/","https:\/\/www.instagram.com\/motionfitness.se\/"]}]}},"_links":{"self":[{"href":"https:\/\/motionfitness.se\/no\/wp-json\/wp\/v2\/product\/21895","targetHints":{"allow":["GET"]}}],"collection":[{"href":"https:\/\/motionfitness.se\/no\/wp-json\/wp\/v2\/product"}],"about":[{"href":"https:\/\/motionfitness.se\/no\/wp-json\/wp\/v2\/types\/product"}],"replies":[{"embeddable":true,"href":"https:\/\/motionfitness.se\/no\/wp-json\/wp\/v2\/comments?post=21895"}],"wp:featuredmedia":[{"embeddable":true,"href":"https:\/\/motionfitness.se\/no\/wp-json\/wp\/v2\/media\/18620"}],"wp:attachment":[{"href":"https:\/\/motionfitness.se\/no\/wp-json\/wp\/v2\/media?parent=21895"}],"wp:term":[{"taxonomy":"product_brand","embeddable":true,"href":"https:\/\/motionfitness.se\/no\/wp-json\/wp\/v2\/product_brand?post=21895"},{"taxonomy":"product_cat","embeddable":true,"href":"https:\/\/motionfitness.se\/no\/wp-json\/wp\/v2\/product_cat?post=21895"},{"taxonomy":"product_tag","embeddable":true,"href":"https:\/\/motionfitness.se\/no\/wp-json\/wp\/v2\/product_tag?post=21895"}],"curies":[{"name":"wp","href":"https:\/\/api.w.org\/{rel}","templated":true}]}}