{"id":21891,"date":"2022-11-16T10:40:35","date_gmt":"2022-11-16T09:40:35","guid":{"rendered":"https:\/\/motionfitness.se\/produkter\/plyobox-sett\/"},"modified":"2025-12-30T19:03:10","modified_gmt":"2025-12-30T18:03:10","slug":"plyobox-sett","status":"publish","type":"product","link":"https:\/\/motionfitness.se\/no\/produkter\/plyobox-sett\/","title":{"rendered":"Plyobox Set"},"content":{"rendered":"<p><strong>Bygg eksplosiv styrke og fleksibilitet med 4-i-1-settet!<\/strong><\/p>\n<p data-path-to-node=\"2\">Dette komplette settet med <b>plyometriske bokser<\/b> er utviklet for \u00e5 ta hopp- og <b>styrketreningen<\/b> din til neste niv\u00e5. Boksene er produsert med en robust <b>metallfinish<\/b> og er utformet for \u00e5 t\u00e5le p\u00e5kjenningene ved gjentatt bruk i et kommersielt treningsmilj\u00f8. <\/p>\n<p data-path-to-node=\"3\"><b>Optimal sikkerhet og progresjon:<\/b><\/p>\n<ul data-path-to-node=\"4\">\n<li>\n<p data-path-to-node=\"4,0,0\"><b>Sklisikker topp:<\/b> Hver <b>hoppkasse<\/b> er utstyrt med et <b>sklisikkert materiale av<\/b> h\u00f8y kvalitet <b>p\u00e5 toppen<\/b>, noe som gir godt fotfeste og maksimal sikkerhet ved landing.<\/p>\n<\/li>\n<li>\n<p data-path-to-node=\"4,1,0\"><b>Progressiv vanskelighetsgrad:<\/b> Settet best\u00e5r av fire individuelle bokser som gj\u00f8r det enkelt \u00e5 \u00f8ke utfordringen gradvis. Perfekt for \u00e5 trene <b>eksplosivitet<\/b>, <b>fleksibilitet<\/b> og <b>balanse<\/b>. <\/p>\n<\/li>\n<\/ul>\n<p data-path-to-node=\"5\"><b>Settet inneholder de optimale st\u00f8rrelsene:<br \/>\n<\/b><em>Settet leveres med fire bokser i de vanligste h\u00f8ydene, noe som gir deg maksimal fleksibilitet i treningen.<\/em><\/p>\n<ul data-path-to-node=\"7\">\n<li>\n<p data-path-to-node=\"7,0,0\">30 cm<\/p>\n<\/li>\n<li>\n<p data-path-to-node=\"7,1,0\">45 cm<\/p>\n<\/li>\n<li>\n<p data-path-to-node=\"7,2,0\">60 cm<\/p>\n<\/li>\n<li>\n<p data-path-to-node=\"7,3,0\">75 cm<\/p>\n<\/li>\n<\/ul>\n<p data-path-to-node=\"8\"><b>Motion Fitness Plyo Boxes er et must for funksjonell trening, crossfit-boksere og alle som \u00f8nsker \u00e5 utvikle maksimal eksplosivitet.<\/b><\/p>\n","protected":false},"excerpt":{"rendered":"<p>Plyometriske bokser med metallfinish og sklisikkert materiale p\u00e5 toppen.<\/p>\n","protected":false},"featured_media":19837,"comment_status":"open","ping_status":"closed","template":"","meta":{"_acf_changed":false,"_monsterinsights_skip_tracking":false,"_monsterinsights_sitenote_active":false,"_monsterinsights_sitenote_note":"","_monsterinsights_sitenote_category":0},"product_brand":[],"product_cat":[720,440,663],"product_tag":[467],"class_list":{"0":"post-21891","1":"product","2":"type-product","3":"status-publish","4":"has-post-thumbnail","6":"product_cat-lagersalg-no","7":"product_cat-motion-fitness-no","8":"product_cat-plyobox-no","9":"product_tag-avhending","11":"first","12":"outofstock","13":"sale","14":"taxable","15":"shipping-taxable","16":"purchasable","17":"product-type-simple"},"acf":[],"yoast_head":"<!-- This site is optimized with the Yoast SEO plugin v27.4 - https:\/\/yoast.com\/product\/yoast-seo-wordpress\/ -->\n<title>Plyobox Set | Motion Fitness<\/title>\n<meta name=\"description\" content=\"Dette komplette settet med plyometriske bokser er utviklet for \u00e5 ta hopp- og styrketreningen din til neste niv\u00e5. Boksene er laget av robust metall.\" \/>\n<meta name=\"robots\" content=\"index, follow, max-snippet:-1, max-image-preview:large, max-video-preview:-1\" \/>\n<link rel=\"canonical\" href=\"https:\/\/motionfitness.se\/no\/produkter\/plyobox-sett\/\" \/>\n<meta property=\"og:locale\" content=\"nb_NO\" \/>\n<meta property=\"og:type\" content=\"article\" \/>\n<meta property=\"og:title\" content=\"Plyobox Set | Motion Fitness\" \/>\n<meta property=\"og:description\" content=\"Dette komplette settet med plyometriske bokser er utviklet for \u00e5 ta hopp- og styrketreningen din til neste niv\u00e5. Boksene er laget av robust metall.\" \/>\n<meta property=\"og:url\" content=\"https:\/\/motionfitness.se\/no\/produkter\/plyobox-sett\/\" \/>\n<meta property=\"og:site_name\" content=\"Motion Fitness\" \/>\n<meta property=\"article:publisher\" content=\"https:\/\/www.facebook.com\/motionfitnesssverige\/\" \/>\n<meta property=\"article:modified_time\" content=\"2025-12-30T18:03:10+00:00\" \/>\n<meta property=\"og:image\" content=\"https:\/\/motionfitness.se\/wp-content\/uploads\/2022\/12\/plyoboxset.png\" \/>\n\t<meta property=\"og:image:width\" content=\"1440\" \/>\n\t<meta property=\"og:image:height\" content=\"1440\" \/>\n\t<meta property=\"og:image:type\" content=\"image\/png\" \/>\n<meta name=\"twitter:card\" content=\"summary_large_image\" \/>\n<meta name=\"twitter:label1\" content=\"Ansl. lesetid\" \/>\n\t<meta name=\"twitter:data1\" content=\"1 minutt\" \/>\n<script type=\"application\/ld+json\" class=\"yoast-schema-graph\">{\"@context\":\"https:\\\/\\\/schema.org\",\"@graph\":[{\"@type\":\"WebPage\",\"@id\":\"https:\\\/\\\/motionfitness.se\\\/no\\\/produkter\\\/plyobox-sett\\\/\",\"url\":\"https:\\\/\\\/motionfitness.se\\\/no\\\/produkter\\\/plyobox-sett\\\/\",\"name\":\"Plyobox Set | Motion Fitness\",\"isPartOf\":{\"@id\":\"https:\\\/\\\/motionfitness.se\\\/no\\\/#website\"},\"primaryImageOfPage\":{\"@id\":\"https:\\\/\\\/motionfitness.se\\\/no\\\/produkter\\\/plyobox-sett\\\/#primaryimage\"},\"image\":{\"@id\":\"https:\\\/\\\/motionfitness.se\\\/no\\\/produkter\\\/plyobox-sett\\\/#primaryimage\"},\"thumbnailUrl\":\"https:\\\/\\\/motionfitness.se\\\/wp-content\\\/uploads\\\/2022\\\/12\\\/plyoboxset.png\",\"datePublished\":\"2022-11-16T09:40:35+00:00\",\"dateModified\":\"2025-12-30T18:03:10+00:00\",\"description\":\"Dette komplette settet med plyometriske bokser er utviklet for \u00e5 ta hopp- og styrketreningen din til neste niv\u00e5. Boksene er laget av robust metall.\",\"breadcrumb\":{\"@id\":\"https:\\\/\\\/motionfitness.se\\\/no\\\/produkter\\\/plyobox-sett\\\/#breadcrumb\"},\"inLanguage\":\"nb-NO\",\"potentialAction\":[{\"@type\":\"ReadAction\",\"target\":[\"https:\\\/\\\/motionfitness.se\\\/no\\\/produkter\\\/plyobox-sett\\\/\"]}]},{\"@type\":\"ImageObject\",\"inLanguage\":\"nb-NO\",\"@id\":\"https:\\\/\\\/motionfitness.se\\\/no\\\/produkter\\\/plyobox-sett\\\/#primaryimage\",\"url\":\"https:\\\/\\\/motionfitness.se\\\/wp-content\\\/uploads\\\/2022\\\/12\\\/plyoboxset.png\",\"contentUrl\":\"https:\\\/\\\/motionfitness.se\\\/wp-content\\\/uploads\\\/2022\\\/12\\\/plyoboxset.png\",\"width\":1440,\"height\":1440},{\"@type\":\"BreadcrumbList\",\"@id\":\"https:\\\/\\\/motionfitness.se\\\/no\\\/produkter\\\/plyobox-sett\\\/#breadcrumb\",\"itemListElement\":[{\"@type\":\"ListItem\",\"position\":1,\"name\":\"Hem\",\"item\":\"https:\\\/\\\/motionfitness.se\\\/no\\\/startside\\\/\"},{\"@type\":\"ListItem\",\"position\":2,\"name\":\"Produkter\",\"item\":\"https:\\\/\\\/motionfitness.se\\\/no\\\/produkter\\\/\"},{\"@type\":\"ListItem\",\"position\":3,\"name\":\"Plyobox Set\"}]},{\"@type\":\"WebSite\",\"@id\":\"https:\\\/\\\/motionfitness.se\\\/no\\\/#website\",\"url\":\"https:\\\/\\\/motionfitness.se\\\/no\\\/\",\"name\":\"Motion Fitness\",\"description\":\"Stronger Together\",\"publisher\":{\"@id\":\"https:\\\/\\\/motionfitness.se\\\/no\\\/#organization\"},\"potentialAction\":[{\"@type\":\"SearchAction\",\"target\":{\"@type\":\"EntryPoint\",\"urlTemplate\":\"https:\\\/\\\/motionfitness.se\\\/no\\\/?s={search_term_string}\"},\"query-input\":{\"@type\":\"PropertyValueSpecification\",\"valueRequired\":true,\"valueName\":\"search_term_string\"}}],\"inLanguage\":\"nb-NO\"},{\"@type\":\"Organization\",\"@id\":\"https:\\\/\\\/motionfitness.se\\\/no\\\/#organization\",\"name\":\"Motion Fitness\",\"url\":\"https:\\\/\\\/motionfitness.se\\\/no\\\/\",\"logo\":{\"@type\":\"ImageObject\",\"inLanguage\":\"nb-NO\",\"@id\":\"https:\\\/\\\/motionfitness.se\\\/no\\\/#\\\/schema\\\/logo\\\/image\\\/\",\"url\":\"https:\\\/\\\/motionfitness.se\\\/wp-content\\\/uploads\\\/2024\\\/01\\\/Motion-Fitness-Logol.png\",\"contentUrl\":\"https:\\\/\\\/motionfitness.se\\\/wp-content\\\/uploads\\\/2024\\\/01\\\/Motion-Fitness-Logol.png\",\"width\":1280,\"height\":720,\"caption\":\"Motion Fitness\"},\"image\":{\"@id\":\"https:\\\/\\\/motionfitness.se\\\/no\\\/#\\\/schema\\\/logo\\\/image\\\/\"},\"sameAs\":[\"https:\\\/\\\/www.facebook.com\\\/motionfitnesssverige\\\/\",\"https:\\\/\\\/www.instagram.com\\\/motionfitness.se\\\/\"]}]}<\/script>\n<!-- \/ Yoast SEO plugin. -->","yoast_head_json":{"title":"Plyobox Set | Motion Fitness","description":"Dette komplette settet med plyometriske bokser er utviklet for \u00e5 ta hopp- og styrketreningen din til neste niv\u00e5. Boksene er laget av robust metall.","robots":{"index":"index","follow":"follow","max-snippet":"max-snippet:-1","max-image-preview":"max-image-preview:large","max-video-preview":"max-video-preview:-1"},"canonical":"https:\/\/motionfitness.se\/no\/produkter\/plyobox-sett\/","og_locale":"nb_NO","og_type":"article","og_title":"Plyobox Set | Motion Fitness","og_description":"Dette komplette settet med plyometriske bokser er utviklet for \u00e5 ta hopp- og styrketreningen din til neste niv\u00e5. Boksene er laget av robust metall.","og_url":"https:\/\/motionfitness.se\/no\/produkter\/plyobox-sett\/","og_site_name":"Motion Fitness","article_publisher":"https:\/\/www.facebook.com\/motionfitnesssverige\/","article_modified_time":"2025-12-30T18:03:10+00:00","og_image":[{"width":1440,"height":1440,"url":"https:\/\/motionfitness.se\/wp-content\/uploads\/2022\/12\/plyoboxset.png","type":"image\/png"}],"twitter_card":"summary_large_image","twitter_misc":{"Ansl. lesetid":"1 minutt"},"schema":{"@context":"https:\/\/schema.org","@graph":[{"@type":"WebPage","@id":"https:\/\/motionfitness.se\/no\/produkter\/plyobox-sett\/","url":"https:\/\/motionfitness.se\/no\/produkter\/plyobox-sett\/","name":"Plyobox Set | Motion Fitness","isPartOf":{"@id":"https:\/\/motionfitness.se\/no\/#website"},"primaryImageOfPage":{"@id":"https:\/\/motionfitness.se\/no\/produkter\/plyobox-sett\/#primaryimage"},"image":{"@id":"https:\/\/motionfitness.se\/no\/produkter\/plyobox-sett\/#primaryimage"},"thumbnailUrl":"https:\/\/motionfitness.se\/wp-content\/uploads\/2022\/12\/plyoboxset.png","datePublished":"2022-11-16T09:40:35+00:00","dateModified":"2025-12-30T18:03:10+00:00","description":"Dette komplette settet med plyometriske bokser er utviklet for \u00e5 ta hopp- og styrketreningen din til neste niv\u00e5. Boksene er laget av robust metall.","breadcrumb":{"@id":"https:\/\/motionfitness.se\/no\/produkter\/plyobox-sett\/#breadcrumb"},"inLanguage":"nb-NO","potentialAction":[{"@type":"ReadAction","target":["https:\/\/motionfitness.se\/no\/produkter\/plyobox-sett\/"]}]},{"@type":"ImageObject","inLanguage":"nb-NO","@id":"https:\/\/motionfitness.se\/no\/produkter\/plyobox-sett\/#primaryimage","url":"https:\/\/motionfitness.se\/wp-content\/uploads\/2022\/12\/plyoboxset.png","contentUrl":"https:\/\/motionfitness.se\/wp-content\/uploads\/2022\/12\/plyoboxset.png","width":1440,"height":1440},{"@type":"BreadcrumbList","@id":"https:\/\/motionfitness.se\/no\/produkter\/plyobox-sett\/#breadcrumb","itemListElement":[{"@type":"ListItem","position":1,"name":"Hem","item":"https:\/\/motionfitness.se\/no\/startside\/"},{"@type":"ListItem","position":2,"name":"Produkter","item":"https:\/\/motionfitness.se\/no\/produkter\/"},{"@type":"ListItem","position":3,"name":"Plyobox Set"}]},{"@type":"WebSite","@id":"https:\/\/motionfitness.se\/no\/#website","url":"https:\/\/motionfitness.se\/no\/","name":"Motion Fitness","description":"Stronger Together","publisher":{"@id":"https:\/\/motionfitness.se\/no\/#organization"},"potentialAction":[{"@type":"SearchAction","target":{"@type":"EntryPoint","urlTemplate":"https:\/\/motionfitness.se\/no\/?s={search_term_string}"},"query-input":{"@type":"PropertyValueSpecification","valueRequired":true,"valueName":"search_term_string"}}],"inLanguage":"nb-NO"},{"@type":"Organization","@id":"https:\/\/motionfitness.se\/no\/#organization","name":"Motion Fitness","url":"https:\/\/motionfitness.se\/no\/","logo":{"@type":"ImageObject","inLanguage":"nb-NO","@id":"https:\/\/motionfitness.se\/no\/#\/schema\/logo\/image\/","url":"https:\/\/motionfitness.se\/wp-content\/uploads\/2024\/01\/Motion-Fitness-Logol.png","contentUrl":"https:\/\/motionfitness.se\/wp-content\/uploads\/2024\/01\/Motion-Fitness-Logol.png","width":1280,"height":720,"caption":"Motion Fitness"},"image":{"@id":"https:\/\/motionfitness.se\/no\/#\/schema\/logo\/image\/"},"sameAs":["https:\/\/www.facebook.com\/motionfitnesssverige\/","https:\/\/www.instagram.com\/motionfitness.se\/"]}]}},"_links":{"self":[{"href":"https:\/\/motionfitness.se\/no\/wp-json\/wp\/v2\/product\/21891","targetHints":{"allow":["GET"]}}],"collection":[{"href":"https:\/\/motionfitness.se\/no\/wp-json\/wp\/v2\/product"}],"about":[{"href":"https:\/\/motionfitness.se\/no\/wp-json\/wp\/v2\/types\/product"}],"replies":[{"embeddable":true,"href":"https:\/\/motionfitness.se\/no\/wp-json\/wp\/v2\/comments?post=21891"}],"wp:featuredmedia":[{"embeddable":true,"href":"https:\/\/motionfitness.se\/no\/wp-json\/wp\/v2\/media\/19837"}],"wp:attachment":[{"href":"https:\/\/motionfitness.se\/no\/wp-json\/wp\/v2\/media?parent=21891"}],"wp:term":[{"taxonomy":"product_brand","embeddable":true,"href":"https:\/\/motionfitness.se\/no\/wp-json\/wp\/v2\/product_brand?post=21891"},{"taxonomy":"product_cat","embeddable":true,"href":"https:\/\/motionfitness.se\/no\/wp-json\/wp\/v2\/product_cat?post=21891"},{"taxonomy":"product_tag","embeddable":true,"href":"https:\/\/motionfitness.se\/no\/wp-json\/wp\/v2\/product_tag?post=21891"}],"curies":[{"name":"wp","href":"https:\/\/api.w.org\/{rel}","templated":true}]}}