{"id":21883,"date":"2022-11-16T10:40:37","date_gmt":"2022-11-16T09:40:37","guid":{"rendered":"https:\/\/motionfitness.se\/produkter\/puslespillmatte-1x1m-25mm\/"},"modified":"2026-03-28T17:19:45","modified_gmt":"2026-03-28T16:19:45","slug":"puzzlematte-1x1m-25mm","status":"publish","type":"product","link":"https:\/\/motionfitness.se\/no\/produkter\/puzzlematte-1x1m-25mm\/","title":{"rendered":"Puzzle-matte 1x1m 25mm"},"content":{"rendered":"<p>Hvert stykke er 1 x 1 m. Matten har en farge p\u00e5 hver side. Du kan alts\u00e5 velge \u00e5 legge bare den ene sidens farge oppover. Med en R\u00d8D\/BL\u00c5 matte kan du for eksempel velge \u00e5 bare legge den r\u00f8de (eller bl\u00e5) siden opp p\u00e5 hele flaten. En 25 mm tykk puzzle-matte i myk hardhet. En god matte for kampsport der kast er utelukket. Sweeps og takedowns b\u00f8r ogs\u00e5 v\u00e6re sjeldne. Denne matten er ogs\u00e5 v\u00e5r anbefaling n\u00e5r det gjelder matter til stretchomr\u00e5der p\u00e5 treningssenter og lignende. Mattene er m\u00f8nstret for \u00e5 unng\u00e5 at man sklir.<\/p>\n","protected":false},"excerpt":{"rendered":"<p>Puzzle-matte som er perfekt til kampsport og som stretchunderlag.<\/p>\n","protected":false},"featured_media":20250,"comment_status":"open","ping_status":"closed","template":"","meta":{"_acf_changed":false,"_monsterinsights_skip_tracking":false,"_monsterinsights_sitenote_active":false,"_monsterinsights_sitenote_note":"","_monsterinsights_sitenote_category":0},"product_brand":[],"product_cat":[440,660],"product_tag":[],"class_list":{"0":"post-21883","1":"product","2":"type-product","3":"status-publish","4":"has-post-thumbnail","6":"product_cat-motion-fitness-no","7":"product_cat-puzzle-matte-no","9":"first","10":"outofstock","11":"taxable","12":"shipping-taxable","13":"purchasable","14":"product-type-simple"},"acf":[],"yoast_head":"<!-- This site is optimized with the Yoast SEO plugin v27.4 - https:\/\/yoast.com\/product\/yoast-seo-wordpress\/ -->\n<title>Puzzlematte 25 mm (sklisikker) - Motionfitness.com<\/title>\n<meta name=\"description\" content=\"Motion Fitness Puzzle Mat 25 mm er ideell til kampsport og stretching. Den sklisikre overflaten gir godt grep og stabilitet under trening.\" \/>\n<meta name=\"robots\" content=\"index, follow, max-snippet:-1, max-image-preview:large, max-video-preview:-1\" \/>\n<link rel=\"canonical\" href=\"https:\/\/motionfitness.se\/no\/produkter\/puzzlematte-1x1m-25mm\/\" \/>\n<meta property=\"og:locale\" content=\"nb_NO\" \/>\n<meta property=\"og:type\" content=\"article\" \/>\n<meta property=\"og:title\" content=\"Puzzlematte 25 mm (sklisikker) - Motionfitness.com\" \/>\n<meta property=\"og:description\" content=\"Motion Fitness Puzzle Mat 25 mm er ideell til kampsport og stretching. Den sklisikre overflaten gir godt grep og stabilitet under trening.\" \/>\n<meta property=\"og:url\" content=\"https:\/\/motionfitness.se\/no\/produkter\/puzzlematte-1x1m-25mm\/\" \/>\n<meta property=\"og:site_name\" content=\"Motion Fitness\" \/>\n<meta property=\"article:publisher\" content=\"https:\/\/www.facebook.com\/motionfitnesssverige\/\" \/>\n<meta property=\"article:modified_time\" content=\"2026-03-28T16:19:45+00:00\" \/>\n<meta property=\"og:image\" content=\"https:\/\/motionfitness.se\/wp-content\/uploads\/2023\/10\/ND4_0220.png\" \/>\n\t<meta property=\"og:image:width\" content=\"1035\" \/>\n\t<meta property=\"og:image:height\" content=\"1050\" \/>\n\t<meta property=\"og:image:type\" content=\"image\/png\" \/>\n<meta name=\"twitter:card\" content=\"summary_large_image\" \/>\n<meta name=\"twitter:label1\" content=\"Ansl. lesetid\" \/>\n\t<meta name=\"twitter:data1\" content=\"1 minutt\" \/>\n<script type=\"application\/ld+json\" class=\"yoast-schema-graph\">{\"@context\":\"https:\\\/\\\/schema.org\",\"@graph\":[{\"@type\":\"WebPage\",\"@id\":\"https:\\\/\\\/motionfitness.se\\\/no\\\/produkter\\\/puzzlematte-1x1m-25mm\\\/\",\"url\":\"https:\\\/\\\/motionfitness.se\\\/no\\\/produkter\\\/puzzlematte-1x1m-25mm\\\/\",\"name\":\"Puzzlematte 25 mm (sklisikker) - Motionfitness.com\",\"isPartOf\":{\"@id\":\"https:\\\/\\\/motionfitness.se\\\/no\\\/#website\"},\"primaryImageOfPage\":{\"@id\":\"https:\\\/\\\/motionfitness.se\\\/no\\\/produkter\\\/puzzlematte-1x1m-25mm\\\/#primaryimage\"},\"image\":{\"@id\":\"https:\\\/\\\/motionfitness.se\\\/no\\\/produkter\\\/puzzlematte-1x1m-25mm\\\/#primaryimage\"},\"thumbnailUrl\":\"https:\\\/\\\/motionfitness.se\\\/wp-content\\\/uploads\\\/2023\\\/10\\\/ND4_0220.png\",\"datePublished\":\"2022-11-16T09:40:37+00:00\",\"dateModified\":\"2026-03-28T16:19:45+00:00\",\"description\":\"Motion Fitness Puzzle Mat 25 mm er ideell til kampsport og stretching. Den sklisikre overflaten gir godt grep og stabilitet under trening.\",\"breadcrumb\":{\"@id\":\"https:\\\/\\\/motionfitness.se\\\/no\\\/produkter\\\/puzzlematte-1x1m-25mm\\\/#breadcrumb\"},\"inLanguage\":\"nb-NO\",\"potentialAction\":[{\"@type\":\"ReadAction\",\"target\":[\"https:\\\/\\\/motionfitness.se\\\/no\\\/produkter\\\/puzzlematte-1x1m-25mm\\\/\"]}]},{\"@type\":\"ImageObject\",\"inLanguage\":\"nb-NO\",\"@id\":\"https:\\\/\\\/motionfitness.se\\\/no\\\/produkter\\\/puzzlematte-1x1m-25mm\\\/#primaryimage\",\"url\":\"https:\\\/\\\/motionfitness.se\\\/wp-content\\\/uploads\\\/2023\\\/10\\\/ND4_0220.png\",\"contentUrl\":\"https:\\\/\\\/motionfitness.se\\\/wp-content\\\/uploads\\\/2023\\\/10\\\/ND4_0220.png\",\"width\":1035,\"height\":1050,\"caption\":\"MF_PZM10_puzzlematte_motionfitnesspro\"},{\"@type\":\"BreadcrumbList\",\"@id\":\"https:\\\/\\\/motionfitness.se\\\/no\\\/produkter\\\/puzzlematte-1x1m-25mm\\\/#breadcrumb\",\"itemListElement\":[{\"@type\":\"ListItem\",\"position\":1,\"name\":\"Hem\",\"item\":\"https:\\\/\\\/motionfitness.se\\\/no\\\/startside\\\/\"},{\"@type\":\"ListItem\",\"position\":2,\"name\":\"Produkter\",\"item\":\"https:\\\/\\\/motionfitness.se\\\/no\\\/produkter\\\/\"},{\"@type\":\"ListItem\",\"position\":3,\"name\":\"Puzzle-matte 1x1m 25mm\"}]},{\"@type\":\"WebSite\",\"@id\":\"https:\\\/\\\/motionfitness.se\\\/no\\\/#website\",\"url\":\"https:\\\/\\\/motionfitness.se\\\/no\\\/\",\"name\":\"Motion Fitness\",\"description\":\"Stronger Together\",\"publisher\":{\"@id\":\"https:\\\/\\\/motionfitness.se\\\/no\\\/#organization\"},\"potentialAction\":[{\"@type\":\"SearchAction\",\"target\":{\"@type\":\"EntryPoint\",\"urlTemplate\":\"https:\\\/\\\/motionfitness.se\\\/no\\\/?s={search_term_string}\"},\"query-input\":{\"@type\":\"PropertyValueSpecification\",\"valueRequired\":true,\"valueName\":\"search_term_string\"}}],\"inLanguage\":\"nb-NO\"},{\"@type\":\"Organization\",\"@id\":\"https:\\\/\\\/motionfitness.se\\\/no\\\/#organization\",\"name\":\"Motion Fitness\",\"url\":\"https:\\\/\\\/motionfitness.se\\\/no\\\/\",\"logo\":{\"@type\":\"ImageObject\",\"inLanguage\":\"nb-NO\",\"@id\":\"https:\\\/\\\/motionfitness.se\\\/no\\\/#\\\/schema\\\/logo\\\/image\\\/\",\"url\":\"https:\\\/\\\/motionfitness.se\\\/wp-content\\\/uploads\\\/2024\\\/01\\\/Motion-Fitness-Logol.png\",\"contentUrl\":\"https:\\\/\\\/motionfitness.se\\\/wp-content\\\/uploads\\\/2024\\\/01\\\/Motion-Fitness-Logol.png\",\"width\":1280,\"height\":720,\"caption\":\"Motion Fitness\"},\"image\":{\"@id\":\"https:\\\/\\\/motionfitness.se\\\/no\\\/#\\\/schema\\\/logo\\\/image\\\/\"},\"sameAs\":[\"https:\\\/\\\/www.facebook.com\\\/motionfitnesssverige\\\/\",\"https:\\\/\\\/www.instagram.com\\\/motionfitness.se\\\/\"]}]}<\/script>\n<!-- \/ Yoast SEO plugin. -->","yoast_head_json":{"title":"Puzzlematte 25 mm (sklisikker) - Motionfitness.com","description":"Motion Fitness Puzzle Mat 25 mm er ideell til kampsport og stretching. Den sklisikre overflaten gir godt grep og stabilitet under trening.","robots":{"index":"index","follow":"follow","max-snippet":"max-snippet:-1","max-image-preview":"max-image-preview:large","max-video-preview":"max-video-preview:-1"},"canonical":"https:\/\/motionfitness.se\/no\/produkter\/puzzlematte-1x1m-25mm\/","og_locale":"nb_NO","og_type":"article","og_title":"Puzzlematte 25 mm (sklisikker) - Motionfitness.com","og_description":"Motion Fitness Puzzle Mat 25 mm er ideell til kampsport og stretching. Den sklisikre overflaten gir godt grep og stabilitet under trening.","og_url":"https:\/\/motionfitness.se\/no\/produkter\/puzzlematte-1x1m-25mm\/","og_site_name":"Motion Fitness","article_publisher":"https:\/\/www.facebook.com\/motionfitnesssverige\/","article_modified_time":"2026-03-28T16:19:45+00:00","og_image":[{"width":1035,"height":1050,"url":"https:\/\/motionfitness.se\/wp-content\/uploads\/2023\/10\/ND4_0220.png","type":"image\/png"}],"twitter_card":"summary_large_image","twitter_misc":{"Ansl. lesetid":"1 minutt"},"schema":{"@context":"https:\/\/schema.org","@graph":[{"@type":"WebPage","@id":"https:\/\/motionfitness.se\/no\/produkter\/puzzlematte-1x1m-25mm\/","url":"https:\/\/motionfitness.se\/no\/produkter\/puzzlematte-1x1m-25mm\/","name":"Puzzlematte 25 mm (sklisikker) - Motionfitness.com","isPartOf":{"@id":"https:\/\/motionfitness.se\/no\/#website"},"primaryImageOfPage":{"@id":"https:\/\/motionfitness.se\/no\/produkter\/puzzlematte-1x1m-25mm\/#primaryimage"},"image":{"@id":"https:\/\/motionfitness.se\/no\/produkter\/puzzlematte-1x1m-25mm\/#primaryimage"},"thumbnailUrl":"https:\/\/motionfitness.se\/wp-content\/uploads\/2023\/10\/ND4_0220.png","datePublished":"2022-11-16T09:40:37+00:00","dateModified":"2026-03-28T16:19:45+00:00","description":"Motion Fitness Puzzle Mat 25 mm er ideell til kampsport og stretching. Den sklisikre overflaten gir godt grep og stabilitet under trening.","breadcrumb":{"@id":"https:\/\/motionfitness.se\/no\/produkter\/puzzlematte-1x1m-25mm\/#breadcrumb"},"inLanguage":"nb-NO","potentialAction":[{"@type":"ReadAction","target":["https:\/\/motionfitness.se\/no\/produkter\/puzzlematte-1x1m-25mm\/"]}]},{"@type":"ImageObject","inLanguage":"nb-NO","@id":"https:\/\/motionfitness.se\/no\/produkter\/puzzlematte-1x1m-25mm\/#primaryimage","url":"https:\/\/motionfitness.se\/wp-content\/uploads\/2023\/10\/ND4_0220.png","contentUrl":"https:\/\/motionfitness.se\/wp-content\/uploads\/2023\/10\/ND4_0220.png","width":1035,"height":1050,"caption":"MF_PZM10_puzzlematte_motionfitnesspro"},{"@type":"BreadcrumbList","@id":"https:\/\/motionfitness.se\/no\/produkter\/puzzlematte-1x1m-25mm\/#breadcrumb","itemListElement":[{"@type":"ListItem","position":1,"name":"Hem","item":"https:\/\/motionfitness.se\/no\/startside\/"},{"@type":"ListItem","position":2,"name":"Produkter","item":"https:\/\/motionfitness.se\/no\/produkter\/"},{"@type":"ListItem","position":3,"name":"Puzzle-matte 1x1m 25mm"}]},{"@type":"WebSite","@id":"https:\/\/motionfitness.se\/no\/#website","url":"https:\/\/motionfitness.se\/no\/","name":"Motion Fitness","description":"Stronger Together","publisher":{"@id":"https:\/\/motionfitness.se\/no\/#organization"},"potentialAction":[{"@type":"SearchAction","target":{"@type":"EntryPoint","urlTemplate":"https:\/\/motionfitness.se\/no\/?s={search_term_string}"},"query-input":{"@type":"PropertyValueSpecification","valueRequired":true,"valueName":"search_term_string"}}],"inLanguage":"nb-NO"},{"@type":"Organization","@id":"https:\/\/motionfitness.se\/no\/#organization","name":"Motion Fitness","url":"https:\/\/motionfitness.se\/no\/","logo":{"@type":"ImageObject","inLanguage":"nb-NO","@id":"https:\/\/motionfitness.se\/no\/#\/schema\/logo\/image\/","url":"https:\/\/motionfitness.se\/wp-content\/uploads\/2024\/01\/Motion-Fitness-Logol.png","contentUrl":"https:\/\/motionfitness.se\/wp-content\/uploads\/2024\/01\/Motion-Fitness-Logol.png","width":1280,"height":720,"caption":"Motion Fitness"},"image":{"@id":"https:\/\/motionfitness.se\/no\/#\/schema\/logo\/image\/"},"sameAs":["https:\/\/www.facebook.com\/motionfitnesssverige\/","https:\/\/www.instagram.com\/motionfitness.se\/"]}]}},"_links":{"self":[{"href":"https:\/\/motionfitness.se\/no\/wp-json\/wp\/v2\/product\/21883","targetHints":{"allow":["GET"]}}],"collection":[{"href":"https:\/\/motionfitness.se\/no\/wp-json\/wp\/v2\/product"}],"about":[{"href":"https:\/\/motionfitness.se\/no\/wp-json\/wp\/v2\/types\/product"}],"replies":[{"embeddable":true,"href":"https:\/\/motionfitness.se\/no\/wp-json\/wp\/v2\/comments?post=21883"}],"wp:featuredmedia":[{"embeddable":true,"href":"https:\/\/motionfitness.se\/no\/wp-json\/wp\/v2\/media\/20250"}],"wp:attachment":[{"href":"https:\/\/motionfitness.se\/no\/wp-json\/wp\/v2\/media?parent=21883"}],"wp:term":[{"taxonomy":"product_brand","embeddable":true,"href":"https:\/\/motionfitness.se\/no\/wp-json\/wp\/v2\/product_brand?post=21883"},{"taxonomy":"product_cat","embeddable":true,"href":"https:\/\/motionfitness.se\/no\/wp-json\/wp\/v2\/product_cat?post=21883"},{"taxonomy":"product_tag","embeddable":true,"href":"https:\/\/motionfitness.se\/no\/wp-json\/wp\/v2\/product_tag?post=21883"}],"curies":[{"name":"wp","href":"https:\/\/api.w.org\/{rel}","templated":true}]}}