{"id":21830,"date":"2022-11-16T10:40:50","date_gmt":"2022-11-16T09:40:50","guid":{"rendered":"https:\/\/motionfitness.se\/produkter\/pro-bar-20-kg\/"},"modified":"2025-12-12T15:33:49","modified_gmt":"2025-12-12T14:33:49","slug":"pro-bar-20-kg","status":"publish","type":"product","link":"https:\/\/motionfitness.se\/no\/produkter\/pro-bar-20-kg\/","title":{"rendered":"Pro Bar 20 kg"},"content":{"rendered":"<p>PRO-stangen v\u00e5r er den ultimate vektstangen \u00e5 ha i stativet. Den litt lettere vektringen gir et behagelig grep ved ulike \u00f8velser som markl\u00f8ft, benkpress og kneb\u00f8y. Vektstangen er balansert for god kontroll gjennom hele \u00f8velsen. Denne vektstangen er designet for \u00e5 passe til et bredt spekter av brukere.<\/p>\n","protected":false},"excerpt":{"rendered":"<p>Den ultimate vektstangen \u00e5 ha i stativet.<\/p>\n","protected":false},"featured_media":19716,"comment_status":"open","ping_status":"closed","template":"","meta":{"_acf_changed":false,"_monsterinsights_skip_tracking":false,"_monsterinsights_sitenote_active":false,"_monsterinsights_sitenote_note":"","_monsterinsights_sitenote_category":0},"product_brand":[],"product_cat":[440,585],"product_tag":[467],"class_list":{"0":"post-21830","1":"product","2":"type-product","3":"status-publish","4":"has-post-thumbnail","6":"product_cat-motion-fitness-no","7":"product_cat-vektstenger","8":"product_tag-avhending","10":"first","11":"outofstock","12":"taxable","13":"shipping-taxable","14":"purchasable","15":"product-type-simple"},"acf":[],"yoast_head":"<!-- This site is optimized with the Yoast SEO plugin v27.4 - https:\/\/yoast.com\/product\/yoast-seo-wordpress\/ -->\n<title>Pro Bar 20 kg | Motion Fitness<\/title>\n<meta name=\"description\" content=\"V\u00e5r PRO-stang 20 kg, med en litt lettere vektring, gir et komfortabelt grep for ulike \u00f8velser som markl\u00f8ft, benkpress og kneb\u00f8y.\" \/>\n<meta name=\"robots\" content=\"index, follow, max-snippet:-1, max-image-preview:large, max-video-preview:-1\" \/>\n<link rel=\"canonical\" href=\"https:\/\/motionfitness.se\/no\/produkter\/pro-bar-20-kg\/\" \/>\n<meta property=\"og:locale\" content=\"nb_NO\" \/>\n<meta property=\"og:type\" content=\"article\" \/>\n<meta property=\"og:title\" content=\"Pro Bar 20 kg | Motion Fitness\" \/>\n<meta property=\"og:description\" content=\"V\u00e5r PRO-stang 20 kg, med en litt lettere vektring, gir et komfortabelt grep for ulike \u00f8velser som markl\u00f8ft, benkpress og kneb\u00f8y.\" \/>\n<meta property=\"og:url\" content=\"https:\/\/motionfitness.se\/no\/produkter\/pro-bar-20-kg\/\" \/>\n<meta property=\"og:site_name\" content=\"Motion Fitness\" \/>\n<meta property=\"article:publisher\" content=\"https:\/\/www.facebook.com\/motionfitnesssverige\/\" \/>\n<meta property=\"article:modified_time\" content=\"2025-12-12T14:33:49+00:00\" \/>\n<meta property=\"og:image\" content=\"https:\/\/motionfitness.se\/wp-content\/uploads\/2022\/12\/commercial_bar.png\" \/>\n\t<meta property=\"og:image:width\" content=\"1440\" \/>\n\t<meta property=\"og:image:height\" content=\"1440\" \/>\n\t<meta property=\"og:image:type\" content=\"image\/png\" \/>\n<meta name=\"twitter:card\" content=\"summary_large_image\" \/>\n<script type=\"application\/ld+json\" class=\"yoast-schema-graph\">{\"@context\":\"https:\\\/\\\/schema.org\",\"@graph\":[{\"@type\":\"WebPage\",\"@id\":\"https:\\\/\\\/motionfitness.se\\\/no\\\/produkter\\\/pro-bar-20-kg\\\/\",\"url\":\"https:\\\/\\\/motionfitness.se\\\/no\\\/produkter\\\/pro-bar-20-kg\\\/\",\"name\":\"Pro Bar 20 kg | Motion Fitness\",\"isPartOf\":{\"@id\":\"https:\\\/\\\/motionfitness.se\\\/no\\\/#website\"},\"primaryImageOfPage\":{\"@id\":\"https:\\\/\\\/motionfitness.se\\\/no\\\/produkter\\\/pro-bar-20-kg\\\/#primaryimage\"},\"image\":{\"@id\":\"https:\\\/\\\/motionfitness.se\\\/no\\\/produkter\\\/pro-bar-20-kg\\\/#primaryimage\"},\"thumbnailUrl\":\"https:\\\/\\\/motionfitness.se\\\/wp-content\\\/uploads\\\/2022\\\/12\\\/commercial_bar.png\",\"datePublished\":\"2022-11-16T09:40:50+00:00\",\"dateModified\":\"2025-12-12T14:33:49+00:00\",\"description\":\"V\u00e5r PRO-stang 20 kg, med en litt lettere vektring, gir et komfortabelt grep for ulike \u00f8velser som markl\u00f8ft, benkpress og kneb\u00f8y.\",\"breadcrumb\":{\"@id\":\"https:\\\/\\\/motionfitness.se\\\/no\\\/produkter\\\/pro-bar-20-kg\\\/#breadcrumb\"},\"inLanguage\":\"nb-NO\",\"potentialAction\":[{\"@type\":\"ReadAction\",\"target\":[\"https:\\\/\\\/motionfitness.se\\\/no\\\/produkter\\\/pro-bar-20-kg\\\/\"]}]},{\"@type\":\"ImageObject\",\"inLanguage\":\"nb-NO\",\"@id\":\"https:\\\/\\\/motionfitness.se\\\/no\\\/produkter\\\/pro-bar-20-kg\\\/#primaryimage\",\"url\":\"https:\\\/\\\/motionfitness.se\\\/wp-content\\\/uploads\\\/2022\\\/12\\\/commercial_bar.png\",\"contentUrl\":\"https:\\\/\\\/motionfitness.se\\\/wp-content\\\/uploads\\\/2022\\\/12\\\/commercial_bar.png\",\"width\":1440,\"height\":1440,\"caption\":\"Vektstang 15 kg\"},{\"@type\":\"BreadcrumbList\",\"@id\":\"https:\\\/\\\/motionfitness.se\\\/no\\\/produkter\\\/pro-bar-20-kg\\\/#breadcrumb\",\"itemListElement\":[{\"@type\":\"ListItem\",\"position\":1,\"name\":\"Hem\",\"item\":\"https:\\\/\\\/motionfitness.se\\\/no\\\/startside\\\/\"},{\"@type\":\"ListItem\",\"position\":2,\"name\":\"Produkter\",\"item\":\"https:\\\/\\\/motionfitness.se\\\/no\\\/produkter\\\/\"},{\"@type\":\"ListItem\",\"position\":3,\"name\":\"Pro Bar 20 kg\"}]},{\"@type\":\"WebSite\",\"@id\":\"https:\\\/\\\/motionfitness.se\\\/no\\\/#website\",\"url\":\"https:\\\/\\\/motionfitness.se\\\/no\\\/\",\"name\":\"Motion Fitness\",\"description\":\"Stronger Together\",\"publisher\":{\"@id\":\"https:\\\/\\\/motionfitness.se\\\/no\\\/#organization\"},\"potentialAction\":[{\"@type\":\"SearchAction\",\"target\":{\"@type\":\"EntryPoint\",\"urlTemplate\":\"https:\\\/\\\/motionfitness.se\\\/no\\\/?s={search_term_string}\"},\"query-input\":{\"@type\":\"PropertyValueSpecification\",\"valueRequired\":true,\"valueName\":\"search_term_string\"}}],\"inLanguage\":\"nb-NO\"},{\"@type\":\"Organization\",\"@id\":\"https:\\\/\\\/motionfitness.se\\\/no\\\/#organization\",\"name\":\"Motion Fitness\",\"url\":\"https:\\\/\\\/motionfitness.se\\\/no\\\/\",\"logo\":{\"@type\":\"ImageObject\",\"inLanguage\":\"nb-NO\",\"@id\":\"https:\\\/\\\/motionfitness.se\\\/no\\\/#\\\/schema\\\/logo\\\/image\\\/\",\"url\":\"https:\\\/\\\/motionfitness.se\\\/wp-content\\\/uploads\\\/2024\\\/01\\\/Motion-Fitness-Logol.png\",\"contentUrl\":\"https:\\\/\\\/motionfitness.se\\\/wp-content\\\/uploads\\\/2024\\\/01\\\/Motion-Fitness-Logol.png\",\"width\":1280,\"height\":720,\"caption\":\"Motion Fitness\"},\"image\":{\"@id\":\"https:\\\/\\\/motionfitness.se\\\/no\\\/#\\\/schema\\\/logo\\\/image\\\/\"},\"sameAs\":[\"https:\\\/\\\/www.facebook.com\\\/motionfitnesssverige\\\/\",\"https:\\\/\\\/www.instagram.com\\\/motionfitness.se\\\/\"]}]}<\/script>\n<!-- \/ Yoast SEO plugin. -->","yoast_head_json":{"title":"Pro Bar 20 kg | Motion Fitness","description":"V\u00e5r PRO-stang 20 kg, med en litt lettere vektring, gir et komfortabelt grep for ulike \u00f8velser som markl\u00f8ft, benkpress og kneb\u00f8y.","robots":{"index":"index","follow":"follow","max-snippet":"max-snippet:-1","max-image-preview":"max-image-preview:large","max-video-preview":"max-video-preview:-1"},"canonical":"https:\/\/motionfitness.se\/no\/produkter\/pro-bar-20-kg\/","og_locale":"nb_NO","og_type":"article","og_title":"Pro Bar 20 kg | Motion Fitness","og_description":"V\u00e5r PRO-stang 20 kg, med en litt lettere vektring, gir et komfortabelt grep for ulike \u00f8velser som markl\u00f8ft, benkpress og kneb\u00f8y.","og_url":"https:\/\/motionfitness.se\/no\/produkter\/pro-bar-20-kg\/","og_site_name":"Motion Fitness","article_publisher":"https:\/\/www.facebook.com\/motionfitnesssverige\/","article_modified_time":"2025-12-12T14:33:49+00:00","og_image":[{"width":1440,"height":1440,"url":"https:\/\/motionfitness.se\/wp-content\/uploads\/2022\/12\/commercial_bar.png","type":"image\/png"}],"twitter_card":"summary_large_image","schema":{"@context":"https:\/\/schema.org","@graph":[{"@type":"WebPage","@id":"https:\/\/motionfitness.se\/no\/produkter\/pro-bar-20-kg\/","url":"https:\/\/motionfitness.se\/no\/produkter\/pro-bar-20-kg\/","name":"Pro Bar 20 kg | Motion Fitness","isPartOf":{"@id":"https:\/\/motionfitness.se\/no\/#website"},"primaryImageOfPage":{"@id":"https:\/\/motionfitness.se\/no\/produkter\/pro-bar-20-kg\/#primaryimage"},"image":{"@id":"https:\/\/motionfitness.se\/no\/produkter\/pro-bar-20-kg\/#primaryimage"},"thumbnailUrl":"https:\/\/motionfitness.se\/wp-content\/uploads\/2022\/12\/commercial_bar.png","datePublished":"2022-11-16T09:40:50+00:00","dateModified":"2025-12-12T14:33:49+00:00","description":"V\u00e5r PRO-stang 20 kg, med en litt lettere vektring, gir et komfortabelt grep for ulike \u00f8velser som markl\u00f8ft, benkpress og kneb\u00f8y.","breadcrumb":{"@id":"https:\/\/motionfitness.se\/no\/produkter\/pro-bar-20-kg\/#breadcrumb"},"inLanguage":"nb-NO","potentialAction":[{"@type":"ReadAction","target":["https:\/\/motionfitness.se\/no\/produkter\/pro-bar-20-kg\/"]}]},{"@type":"ImageObject","inLanguage":"nb-NO","@id":"https:\/\/motionfitness.se\/no\/produkter\/pro-bar-20-kg\/#primaryimage","url":"https:\/\/motionfitness.se\/wp-content\/uploads\/2022\/12\/commercial_bar.png","contentUrl":"https:\/\/motionfitness.se\/wp-content\/uploads\/2022\/12\/commercial_bar.png","width":1440,"height":1440,"caption":"Vektstang 15 kg"},{"@type":"BreadcrumbList","@id":"https:\/\/motionfitness.se\/no\/produkter\/pro-bar-20-kg\/#breadcrumb","itemListElement":[{"@type":"ListItem","position":1,"name":"Hem","item":"https:\/\/motionfitness.se\/no\/startside\/"},{"@type":"ListItem","position":2,"name":"Produkter","item":"https:\/\/motionfitness.se\/no\/produkter\/"},{"@type":"ListItem","position":3,"name":"Pro Bar 20 kg"}]},{"@type":"WebSite","@id":"https:\/\/motionfitness.se\/no\/#website","url":"https:\/\/motionfitness.se\/no\/","name":"Motion Fitness","description":"Stronger Together","publisher":{"@id":"https:\/\/motionfitness.se\/no\/#organization"},"potentialAction":[{"@type":"SearchAction","target":{"@type":"EntryPoint","urlTemplate":"https:\/\/motionfitness.se\/no\/?s={search_term_string}"},"query-input":{"@type":"PropertyValueSpecification","valueRequired":true,"valueName":"search_term_string"}}],"inLanguage":"nb-NO"},{"@type":"Organization","@id":"https:\/\/motionfitness.se\/no\/#organization","name":"Motion Fitness","url":"https:\/\/motionfitness.se\/no\/","logo":{"@type":"ImageObject","inLanguage":"nb-NO","@id":"https:\/\/motionfitness.se\/no\/#\/schema\/logo\/image\/","url":"https:\/\/motionfitness.se\/wp-content\/uploads\/2024\/01\/Motion-Fitness-Logol.png","contentUrl":"https:\/\/motionfitness.se\/wp-content\/uploads\/2024\/01\/Motion-Fitness-Logol.png","width":1280,"height":720,"caption":"Motion Fitness"},"image":{"@id":"https:\/\/motionfitness.se\/no\/#\/schema\/logo\/image\/"},"sameAs":["https:\/\/www.facebook.com\/motionfitnesssverige\/","https:\/\/www.instagram.com\/motionfitness.se\/"]}]}},"_links":{"self":[{"href":"https:\/\/motionfitness.se\/no\/wp-json\/wp\/v2\/product\/21830","targetHints":{"allow":["GET"]}}],"collection":[{"href":"https:\/\/motionfitness.se\/no\/wp-json\/wp\/v2\/product"}],"about":[{"href":"https:\/\/motionfitness.se\/no\/wp-json\/wp\/v2\/types\/product"}],"replies":[{"embeddable":true,"href":"https:\/\/motionfitness.se\/no\/wp-json\/wp\/v2\/comments?post=21830"}],"wp:featuredmedia":[{"embeddable":true,"href":"https:\/\/motionfitness.se\/no\/wp-json\/wp\/v2\/media\/19716"}],"wp:attachment":[{"href":"https:\/\/motionfitness.se\/no\/wp-json\/wp\/v2\/media?parent=21830"}],"wp:term":[{"taxonomy":"product_brand","embeddable":true,"href":"https:\/\/motionfitness.se\/no\/wp-json\/wp\/v2\/product_brand?post=21830"},{"taxonomy":"product_cat","embeddable":true,"href":"https:\/\/motionfitness.se\/no\/wp-json\/wp\/v2\/product_cat?post=21830"},{"taxonomy":"product_tag","embeddable":true,"href":"https:\/\/motionfitness.se\/no\/wp-json\/wp\/v2\/product_tag?post=21830"}],"curies":[{"name":"wp","href":"https:\/\/api.w.org\/{rel}","templated":true}]}}