{"id":21829,"date":"2022-11-16T10:41:20","date_gmt":"2022-11-16T09:41:20","guid":{"rendered":"https:\/\/motionfitness.se\/produkter\/justerbar-belysning-til-treningsbenk\/"},"modified":"2026-04-27T10:13:11","modified_gmt":"2026-04-27T08:13:11","slug":"justerbar-belysning-til-treningsbenk","status":"publish","type":"product","link":"https:\/\/motionfitness.se\/no\/produkter\/justerbar-belysning-til-treningsbenk\/","title":{"rendered":"Justerbar Treningsbenk Light"},"content":{"rendered":"<p data-sourcepos=\"9:1-9:80\"><strong>Motion Fitness Justerbar treningsbenk &#8211; din stabile base for effektiv trening<\/strong><\/p>\n<p data-sourcepos=\"11:1-11:397\">Denne vektbenken fra Motion Fitness er et utmerket basisprodukt for deg som er p\u00e5 utkikk etter en p\u00e5litelig og allsidig l\u00f8sning for treningsstudioet hjemme eller p\u00e5 jobben. Den er designet for \u00e5 gi deg et stabilt grunnlag for en rekke \u00f8velser uten \u00e5 g\u00e5 p\u00e5 kompromiss med funksjonaliteten. Med justerbart ryggst\u00f8tte og sete kan du enkelt tilpasse benken til alt fra benkpress og skulderpress til roing med manualer og mage\u00f8velser. <\/p>\n<p data-sourcepos=\"13:1-13:13\"><strong>Fordeler:<\/strong><\/p>\n<ul data-sourcepos=\"15:1-20:0\">\n<li data-sourcepos=\"15:1-15:107\"><strong>Allsidig:<\/strong> Tren effektivt flere muskelgrupper som bryst, rygg, skuldre og kjerne med \u00e9n og samme benk.<\/li>\n<li data-sourcepos=\"16:1-16:130\"><strong>Kan tilpasses:<\/strong> Finn den perfekte posisjonen for hver \u00f8velse takket v\u00e6re det justerbare rygglenet (0-85 grader) og setet.<\/li>\n<li data-sourcepos=\"17:1-17:105\"><strong>Robust design:<\/strong> Bygget for \u00e5 v\u00e6re stabil og holdbar, noe som gir deg trygghet under trenings\u00f8ktene.<\/li>\n<li data-sourcepos=\"18:1-18:83\"><strong>Komfortabel:<\/strong> Ergonomisk design som gir god st\u00f8tte og komfort under treningen.<\/li>\n<li data-sourcepos=\"19:1-20:0\"><strong>Kompakt og praktisk:<\/strong> tar minimalt med plass og er enkel \u00e5 flytte takket v\u00e6re hjul og h\u00e5ndtak. Med en vekt p\u00e5 bare 25 kg er den ogs\u00e5 lett \u00e5 h\u00e5ndtere. <\/li>\n<\/ul>\n","protected":false},"excerpt":{"rendered":"<p>Denne benken fra Motion Fitness er et flott basisprodukt for dem som er ute etter en p\u00e5litelig og allsidig l\u00f8sning for hjemmet eller treningsstudioet.<br \/>\n2 \u00e5rs garanti!<\/p>\n","protected":false},"featured_media":35295,"comment_status":"open","ping_status":"closed","template":"","meta":{"_acf_changed":false,"_monsterinsights_skip_tracking":false,"_monsterinsights_sitenote_active":false,"_monsterinsights_sitenote_note":"","_monsterinsights_sitenote_category":0},"product_brand":[],"product_cat":[471,440],"product_tag":[795],"class_list":{"0":"post-21829","1":"product","2":"type-product","3":"status-publish","4":"has-post-thumbnail","6":"product_cat-benker","7":"product_cat-motion-fitness-no","8":"product_tag-veldig-god-valuta-for-pengene","10":"first","11":"instock","12":"taxable","13":"shipping-taxable","14":"purchasable","15":"product-type-simple"},"acf":[],"yoast_head":"<!-- This site is optimized with the Yoast SEO plugin v27.5 - https:\/\/yoast.com\/product\/yoast-seo-wordpress\/ -->\n<title>Kampanje | Motion Fitness<\/title>\n<meta name=\"description\" content=\"Denne vektbenken fra Motion Fitness er et utmerket basisprodukt for deg som er p\u00e5 utkikk etter en p\u00e5litelig og allsidig l\u00f8sning for treningsstudioet hjemme eller p\u00e5 jobben.\" \/>\n<meta name=\"robots\" content=\"index, follow, max-snippet:-1, max-image-preview:large, max-video-preview:-1\" \/>\n<link rel=\"canonical\" href=\"https:\/\/motionfitness.se\/no\/produkter\/justerbar-belysning-til-treningsbenk\/\" \/>\n<meta property=\"og:locale\" content=\"nb_NO\" \/>\n<meta property=\"og:type\" content=\"article\" \/>\n<meta property=\"og:title\" content=\"Kampanje | Motion Fitness\" \/>\n<meta property=\"og:description\" content=\"Denne vektbenken fra Motion Fitness er et utmerket basisprodukt for deg som er p\u00e5 utkikk etter en p\u00e5litelig og allsidig l\u00f8sning for treningsstudioet hjemme eller p\u00e5 jobben.\" \/>\n<meta property=\"og:url\" content=\"https:\/\/motionfitness.se\/no\/produkter\/justerbar-belysning-til-treningsbenk\/\" \/>\n<meta property=\"og:site_name\" content=\"Motion Fitness\" \/>\n<meta property=\"article:publisher\" content=\"https:\/\/www.facebook.com\/motionfitnesssverige\/\" \/>\n<meta property=\"article:modified_time\" content=\"2026-04-27T08:13:11+00:00\" \/>\n<meta property=\"og:image\" content=\"https:\/\/motionfitness.se\/wp-content\/uploads\/2022\/11\/MF_ABH10_trningsbnk_stllbar_motionfitnesspro.png\" \/>\n<meta name=\"twitter:card\" content=\"summary_large_image\" \/>\n<meta name=\"twitter:label1\" content=\"Ansl. lesetid\" \/>\n\t<meta name=\"twitter:data1\" content=\"1 minutt\" \/>\n<script type=\"application\/ld+json\" class=\"yoast-schema-graph\">{\"@context\":\"https:\\\/\\\/schema.org\",\"@graph\":[{\"@type\":\"WebPage\",\"@id\":\"https:\\\/\\\/motionfitness.se\\\/no\\\/produkter\\\/justerbar-belysning-til-treningsbenk\\\/\",\"url\":\"https:\\\/\\\/motionfitness.se\\\/no\\\/produkter\\\/justerbar-belysning-til-treningsbenk\\\/\",\"name\":\"Kampanje | Motion Fitness\",\"isPartOf\":{\"@id\":\"https:\\\/\\\/motionfitness.se\\\/no\\\/#website\"},\"primaryImageOfPage\":{\"@id\":\"https:\\\/\\\/motionfitness.se\\\/no\\\/produkter\\\/justerbar-belysning-til-treningsbenk\\\/#primaryimage\"},\"image\":{\"@id\":\"https:\\\/\\\/motionfitness.se\\\/no\\\/produkter\\\/justerbar-belysning-til-treningsbenk\\\/#primaryimage\"},\"thumbnailUrl\":\"https:\\\/\\\/motionfitness.se\\\/wp-content\\\/uploads\\\/2022\\\/11\\\/Stallbar-bank-light.webp\",\"datePublished\":\"2022-11-16T09:41:20+00:00\",\"dateModified\":\"2026-04-27T08:13:11+00:00\",\"description\":\"Denne vektbenken fra Motion Fitness er et utmerket basisprodukt for deg som er p\u00e5 utkikk etter en p\u00e5litelig og allsidig l\u00f8sning for treningsstudioet hjemme eller p\u00e5 jobben.\",\"breadcrumb\":{\"@id\":\"https:\\\/\\\/motionfitness.se\\\/no\\\/produkter\\\/justerbar-belysning-til-treningsbenk\\\/#breadcrumb\"},\"inLanguage\":\"nb-NO\",\"potentialAction\":[{\"@type\":\"ReadAction\",\"target\":[\"https:\\\/\\\/motionfitness.se\\\/no\\\/produkter\\\/justerbar-belysning-til-treningsbenk\\\/\"]}]},{\"@type\":\"ImageObject\",\"inLanguage\":\"nb-NO\",\"@id\":\"https:\\\/\\\/motionfitness.se\\\/no\\\/produkter\\\/justerbar-belysning-til-treningsbenk\\\/#primaryimage\",\"url\":\"https:\\\/\\\/motionfitness.se\\\/wp-content\\\/uploads\\\/2022\\\/11\\\/Stallbar-bank-light.webp\",\"contentUrl\":\"https:\\\/\\\/motionfitness.se\\\/wp-content\\\/uploads\\\/2022\\\/11\\\/Stallbar-bank-light.webp\",\"width\":1080,\"height\":1080},{\"@type\":\"BreadcrumbList\",\"@id\":\"https:\\\/\\\/motionfitness.se\\\/no\\\/produkter\\\/justerbar-belysning-til-treningsbenk\\\/#breadcrumb\",\"itemListElement\":[{\"@type\":\"ListItem\",\"position\":1,\"name\":\"Hem\",\"item\":\"https:\\\/\\\/motionfitness.se\\\/no\\\/startside\\\/\"},{\"@type\":\"ListItem\",\"position\":2,\"name\":\"Produkter\",\"item\":\"https:\\\/\\\/motionfitness.se\\\/no\\\/produkter\\\/\"},{\"@type\":\"ListItem\",\"position\":3,\"name\":\"Justerbar Treningsbenk Light\"}]},{\"@type\":\"WebSite\",\"@id\":\"https:\\\/\\\/motionfitness.se\\\/no\\\/#website\",\"url\":\"https:\\\/\\\/motionfitness.se\\\/no\\\/\",\"name\":\"Motion Fitness\",\"description\":\"Stronger Together\",\"publisher\":{\"@id\":\"https:\\\/\\\/motionfitness.se\\\/no\\\/#organization\"},\"potentialAction\":[{\"@type\":\"SearchAction\",\"target\":{\"@type\":\"EntryPoint\",\"urlTemplate\":\"https:\\\/\\\/motionfitness.se\\\/no\\\/?s={search_term_string}\"},\"query-input\":{\"@type\":\"PropertyValueSpecification\",\"valueRequired\":true,\"valueName\":\"search_term_string\"}}],\"inLanguage\":\"nb-NO\"},{\"@type\":\"Organization\",\"@id\":\"https:\\\/\\\/motionfitness.se\\\/no\\\/#organization\",\"name\":\"Motion Fitness\",\"url\":\"https:\\\/\\\/motionfitness.se\\\/no\\\/\",\"logo\":{\"@type\":\"ImageObject\",\"inLanguage\":\"nb-NO\",\"@id\":\"https:\\\/\\\/motionfitness.se\\\/no\\\/#\\\/schema\\\/logo\\\/image\\\/\",\"url\":\"https:\\\/\\\/motionfitness.se\\\/wp-content\\\/uploads\\\/2024\\\/01\\\/Motion-Fitness-Logol.png\",\"contentUrl\":\"https:\\\/\\\/motionfitness.se\\\/wp-content\\\/uploads\\\/2024\\\/01\\\/Motion-Fitness-Logol.png\",\"width\":1280,\"height\":720,\"caption\":\"Motion Fitness\"},\"image\":{\"@id\":\"https:\\\/\\\/motionfitness.se\\\/no\\\/#\\\/schema\\\/logo\\\/image\\\/\"},\"sameAs\":[\"https:\\\/\\\/www.facebook.com\\\/motionfitnesssverige\\\/\",\"https:\\\/\\\/www.instagram.com\\\/motionfitness.se\\\/\"]}]}<\/script>\n<!-- \/ Yoast SEO plugin. -->","yoast_head_json":{"title":"Kampanje | Motion Fitness","description":"Denne vektbenken fra Motion Fitness er et utmerket basisprodukt for deg som er p\u00e5 utkikk etter en p\u00e5litelig og allsidig l\u00f8sning for treningsstudioet hjemme eller p\u00e5 jobben.","robots":{"index":"index","follow":"follow","max-snippet":"max-snippet:-1","max-image-preview":"max-image-preview:large","max-video-preview":"max-video-preview:-1"},"canonical":"https:\/\/motionfitness.se\/no\/produkter\/justerbar-belysning-til-treningsbenk\/","og_locale":"nb_NO","og_type":"article","og_title":"Kampanje | Motion Fitness","og_description":"Denne vektbenken fra Motion Fitness er et utmerket basisprodukt for deg som er p\u00e5 utkikk etter en p\u00e5litelig og allsidig l\u00f8sning for treningsstudioet hjemme eller p\u00e5 jobben.","og_url":"https:\/\/motionfitness.se\/no\/produkter\/justerbar-belysning-til-treningsbenk\/","og_site_name":"Motion Fitness","article_publisher":"https:\/\/www.facebook.com\/motionfitnesssverige\/","article_modified_time":"2026-04-27T08:13:11+00:00","og_image":[{"url":"https:\/\/motionfitness.se\/wp-content\/uploads\/2022\/11\/MF_ABH10_trningsbnk_stllbar_motionfitnesspro.png","type":"","width":"","height":""}],"twitter_card":"summary_large_image","twitter_misc":{"Ansl. lesetid":"1 minutt"},"schema":{"@context":"https:\/\/schema.org","@graph":[{"@type":"WebPage","@id":"https:\/\/motionfitness.se\/no\/produkter\/justerbar-belysning-til-treningsbenk\/","url":"https:\/\/motionfitness.se\/no\/produkter\/justerbar-belysning-til-treningsbenk\/","name":"Kampanje | Motion Fitness","isPartOf":{"@id":"https:\/\/motionfitness.se\/no\/#website"},"primaryImageOfPage":{"@id":"https:\/\/motionfitness.se\/no\/produkter\/justerbar-belysning-til-treningsbenk\/#primaryimage"},"image":{"@id":"https:\/\/motionfitness.se\/no\/produkter\/justerbar-belysning-til-treningsbenk\/#primaryimage"},"thumbnailUrl":"https:\/\/motionfitness.se\/wp-content\/uploads\/2022\/11\/Stallbar-bank-light.webp","datePublished":"2022-11-16T09:41:20+00:00","dateModified":"2026-04-27T08:13:11+00:00","description":"Denne vektbenken fra Motion Fitness er et utmerket basisprodukt for deg som er p\u00e5 utkikk etter en p\u00e5litelig og allsidig l\u00f8sning for treningsstudioet hjemme eller p\u00e5 jobben.","breadcrumb":{"@id":"https:\/\/motionfitness.se\/no\/produkter\/justerbar-belysning-til-treningsbenk\/#breadcrumb"},"inLanguage":"nb-NO","potentialAction":[{"@type":"ReadAction","target":["https:\/\/motionfitness.se\/no\/produkter\/justerbar-belysning-til-treningsbenk\/"]}]},{"@type":"ImageObject","inLanguage":"nb-NO","@id":"https:\/\/motionfitness.se\/no\/produkter\/justerbar-belysning-til-treningsbenk\/#primaryimage","url":"https:\/\/motionfitness.se\/wp-content\/uploads\/2022\/11\/Stallbar-bank-light.webp","contentUrl":"https:\/\/motionfitness.se\/wp-content\/uploads\/2022\/11\/Stallbar-bank-light.webp","width":1080,"height":1080},{"@type":"BreadcrumbList","@id":"https:\/\/motionfitness.se\/no\/produkter\/justerbar-belysning-til-treningsbenk\/#breadcrumb","itemListElement":[{"@type":"ListItem","position":1,"name":"Hem","item":"https:\/\/motionfitness.se\/no\/startside\/"},{"@type":"ListItem","position":2,"name":"Produkter","item":"https:\/\/motionfitness.se\/no\/produkter\/"},{"@type":"ListItem","position":3,"name":"Justerbar Treningsbenk Light"}]},{"@type":"WebSite","@id":"https:\/\/motionfitness.se\/no\/#website","url":"https:\/\/motionfitness.se\/no\/","name":"Motion Fitness","description":"Stronger Together","publisher":{"@id":"https:\/\/motionfitness.se\/no\/#organization"},"potentialAction":[{"@type":"SearchAction","target":{"@type":"EntryPoint","urlTemplate":"https:\/\/motionfitness.se\/no\/?s={search_term_string}"},"query-input":{"@type":"PropertyValueSpecification","valueRequired":true,"valueName":"search_term_string"}}],"inLanguage":"nb-NO"},{"@type":"Organization","@id":"https:\/\/motionfitness.se\/no\/#organization","name":"Motion Fitness","url":"https:\/\/motionfitness.se\/no\/","logo":{"@type":"ImageObject","inLanguage":"nb-NO","@id":"https:\/\/motionfitness.se\/no\/#\/schema\/logo\/image\/","url":"https:\/\/motionfitness.se\/wp-content\/uploads\/2024\/01\/Motion-Fitness-Logol.png","contentUrl":"https:\/\/motionfitness.se\/wp-content\/uploads\/2024\/01\/Motion-Fitness-Logol.png","width":1280,"height":720,"caption":"Motion Fitness"},"image":{"@id":"https:\/\/motionfitness.se\/no\/#\/schema\/logo\/image\/"},"sameAs":["https:\/\/www.facebook.com\/motionfitnesssverige\/","https:\/\/www.instagram.com\/motionfitness.se\/"]}]}},"_links":{"self":[{"href":"https:\/\/motionfitness.se\/no\/wp-json\/wp\/v2\/product\/21829","targetHints":{"allow":["GET"]}}],"collection":[{"href":"https:\/\/motionfitness.se\/no\/wp-json\/wp\/v2\/product"}],"about":[{"href":"https:\/\/motionfitness.se\/no\/wp-json\/wp\/v2\/types\/product"}],"replies":[{"embeddable":true,"href":"https:\/\/motionfitness.se\/no\/wp-json\/wp\/v2\/comments?post=21829"}],"wp:featuredmedia":[{"embeddable":true,"href":"https:\/\/motionfitness.se\/no\/wp-json\/wp\/v2\/media\/35295"}],"wp:attachment":[{"href":"https:\/\/motionfitness.se\/no\/wp-json\/wp\/v2\/media?parent=21829"}],"wp:term":[{"taxonomy":"product_brand","embeddable":true,"href":"https:\/\/motionfitness.se\/no\/wp-json\/wp\/v2\/product_brand?post=21829"},{"taxonomy":"product_cat","embeddable":true,"href":"https:\/\/motionfitness.se\/no\/wp-json\/wp\/v2\/product_cat?post=21829"},{"taxonomy":"product_tag","embeddable":true,"href":"https:\/\/motionfitness.se\/no\/wp-json\/wp\/v2\/product_tag?post=21829"}],"curies":[{"name":"wp","href":"https:\/\/api.w.org\/{rel}","templated":true}]}}