{"id":21823,"date":"2022-11-16T10:41:19","date_gmt":"2022-11-16T09:41:19","guid":{"rendered":"https:\/\/motionfitness.se\/produkter\/yoga-stropp\/"},"modified":"2025-12-27T10:16:16","modified_gmt":"2025-12-27T09:16:16","slug":"yoga-stropp","status":"publish","type":"product","link":"https:\/\/motionfitness.se\/no\/produkter\/yoga-stropp\/","title":{"rendered":"Yogastropp"},"content":{"rendered":"<p data-path-to-node=\"2\"><strong>Motion Fitness Yoga Strap &#8211; for bedre bevegelighet og teknikk<\/strong><\/p>\n<p data-path-to-node=\"3\"><b>F\u00e5 mest mulig ut av yogapraksisen din med Motion Fitness Yoga Strap. Dette enkle, men effektive verkt\u00f8yet fungerer som en forlengelse av armene dine og hjelper deg med \u00e5 finne de riktige posisjonene. <\/b><\/p>\n<p data-path-to-node=\"4\">Enten du er en stiv nybegynner eller en erfaren yogi som \u00f8nsker \u00e5 t\u00f8ye dypere, gir dette yogab\u00e5ndet deg den st\u00f8tten du trenger. Det hjelper deg med \u00e5 opprettholde riktig linje uten \u00e5 g\u00e5 p\u00e5 akkord med formen, noe som reduserer risikoen for skader og \u00f8ker effekten av \u00f8velsen din. B\u00e5ndet er lett og tar minimalt med plass, noe som gj\u00f8r det enkelt \u00e5 pakke ned i vesken og ta med til yogastudioet, treningsstudioet eller p\u00e5 reise.  <\/p>\n<p data-path-to-node=\"5\"><b>Fordeler med produktet:<\/b><\/p>\n<ul data-path-to-node=\"6\">\n<li>\n<p data-path-to-node=\"6,0,0\"><b>\u00d8kt rekkevidde:<\/b> N\u00e5 posisjoner som ellers f\u00f8les umulige.<\/p>\n<\/li>\n<li>\n<p data-path-to-node=\"6,1,0\"><b>Bedre teknikk:<\/b> Hjelper deg med \u00e5 holde ryggen rett og skuldrene nede.<\/p>\n<\/li>\n<li>\n<p data-path-to-node=\"6,2,0\"><b>Alltid med deg:<\/b> Praktisk format som er enkelt \u00e5 ta med seg overalt.<\/p>\n<\/li>\n<\/ul>\n","protected":false},"excerpt":{"rendered":"<p>Yogastroppen hjelper deg med \u00e5 komme lettere inn i posisjonene. Lett \u00e5 ta med seg p\u00e5 reise og til yogastudioet.<\/p>\n","protected":false},"featured_media":19218,"comment_status":"open","ping_status":"closed","template":"","meta":{"_acf_changed":false,"_monsterinsights_skip_tracking":false,"_monsterinsights_sitenote_active":false,"_monsterinsights_sitenote_note":"","_monsterinsights_sitenote_category":0},"product_brand":[],"product_cat":[720,440,488],"product_tag":[467],"class_list":{"0":"post-21823","1":"product","2":"type-product","3":"status-publish","4":"has-post-thumbnail","6":"product_cat-lagersalg-no","7":"product_cat-motion-fitness-no","8":"product_cat-yoga-no","9":"product_tag-avhending","11":"first","12":"instock","13":"sale","14":"taxable","15":"shipping-taxable","16":"purchasable","17":"product-type-simple"},"acf":[],"yoast_head":"<!-- This site is optimized with the Yoast SEO plugin v27.4 - https:\/\/yoast.com\/product\/yoast-seo-wordpress\/ -->\n<title>Yogastropp | Motion Fitness<\/title>\n<meta name=\"description\" content=\"Motion&amp;fitness Yoga Strap hjelper deg med \u00e5 finne veien inn i posisjonene p\u00e5 en enklere m\u00e5te. Lett \u00e5 ta med seg p\u00e5 reise eller til yogastudioet.\" \/>\n<meta name=\"robots\" content=\"index, follow, max-snippet:-1, max-image-preview:large, max-video-preview:-1\" \/>\n<link rel=\"canonical\" href=\"https:\/\/motionfitness.se\/no\/produkter\/yoga-stropp\/\" \/>\n<meta property=\"og:locale\" content=\"nb_NO\" \/>\n<meta property=\"og:type\" content=\"article\" \/>\n<meta property=\"og:title\" content=\"Yogastropp | Motion Fitness\" \/>\n<meta property=\"og:description\" content=\"Motion&amp;fitness Yoga Strap hjelper deg med \u00e5 finne veien inn i posisjonene p\u00e5 en enklere m\u00e5te. Lett \u00e5 ta med seg p\u00e5 reise eller til yogastudioet.\" \/>\n<meta property=\"og:url\" content=\"https:\/\/motionfitness.se\/no\/produkter\/yoga-stropp\/\" \/>\n<meta property=\"og:site_name\" content=\"Motion Fitness\" \/>\n<meta property=\"article:publisher\" content=\"https:\/\/www.facebook.com\/motionfitnesssverige\/\" \/>\n<meta property=\"article:modified_time\" content=\"2025-12-27T09:16:16+00:00\" \/>\n<meta property=\"og:image\" content=\"https:\/\/motionfitness.se\/wp-content\/uploads\/2022\/11\/ND4_9287.png\" \/>\n\t<meta property=\"og:image:width\" content=\"1440\" \/>\n\t<meta property=\"og:image:height\" content=\"1440\" \/>\n\t<meta property=\"og:image:type\" content=\"image\/png\" \/>\n<meta name=\"twitter:card\" content=\"summary_large_image\" \/>\n<meta name=\"twitter:label1\" content=\"Ansl. lesetid\" \/>\n\t<meta name=\"twitter:data1\" content=\"1 minutt\" \/>\n<script type=\"application\/ld+json\" class=\"yoast-schema-graph\">{\"@context\":\"https:\\\/\\\/schema.org\",\"@graph\":[{\"@type\":\"WebPage\",\"@id\":\"https:\\\/\\\/motionfitness.se\\\/no\\\/produkter\\\/yoga-stropp\\\/\",\"url\":\"https:\\\/\\\/motionfitness.se\\\/no\\\/produkter\\\/yoga-stropp\\\/\",\"name\":\"Yogastropp | Motion Fitness\",\"isPartOf\":{\"@id\":\"https:\\\/\\\/motionfitness.se\\\/no\\\/#website\"},\"primaryImageOfPage\":{\"@id\":\"https:\\\/\\\/motionfitness.se\\\/no\\\/produkter\\\/yoga-stropp\\\/#primaryimage\"},\"image\":{\"@id\":\"https:\\\/\\\/motionfitness.se\\\/no\\\/produkter\\\/yoga-stropp\\\/#primaryimage\"},\"thumbnailUrl\":\"https:\\\/\\\/motionfitness.se\\\/wp-content\\\/uploads\\\/2022\\\/11\\\/ND4_9287.png\",\"datePublished\":\"2022-11-16T09:41:19+00:00\",\"dateModified\":\"2025-12-27T09:16:16+00:00\",\"description\":\"Motion&fitness Yoga Strap hjelper deg med \u00e5 finne veien inn i posisjonene p\u00e5 en enklere m\u00e5te. Lett \u00e5 ta med seg p\u00e5 reise eller til yogastudioet.\",\"breadcrumb\":{\"@id\":\"https:\\\/\\\/motionfitness.se\\\/no\\\/produkter\\\/yoga-stropp\\\/#breadcrumb\"},\"inLanguage\":\"nb-NO\",\"potentialAction\":[{\"@type\":\"ReadAction\",\"target\":[\"https:\\\/\\\/motionfitness.se\\\/no\\\/produkter\\\/yoga-stropp\\\/\"]}]},{\"@type\":\"ImageObject\",\"inLanguage\":\"nb-NO\",\"@id\":\"https:\\\/\\\/motionfitness.se\\\/no\\\/produkter\\\/yoga-stropp\\\/#primaryimage\",\"url\":\"https:\\\/\\\/motionfitness.se\\\/wp-content\\\/uploads\\\/2022\\\/11\\\/ND4_9287.png\",\"contentUrl\":\"https:\\\/\\\/motionfitness.se\\\/wp-content\\\/uploads\\\/2022\\\/11\\\/ND4_9287.png\",\"width\":1440,\"height\":1440},{\"@type\":\"BreadcrumbList\",\"@id\":\"https:\\\/\\\/motionfitness.se\\\/no\\\/produkter\\\/yoga-stropp\\\/#breadcrumb\",\"itemListElement\":[{\"@type\":\"ListItem\",\"position\":1,\"name\":\"Hem\",\"item\":\"https:\\\/\\\/motionfitness.se\\\/no\\\/startside\\\/\"},{\"@type\":\"ListItem\",\"position\":2,\"name\":\"Produkter\",\"item\":\"https:\\\/\\\/motionfitness.se\\\/no\\\/produkter\\\/\"},{\"@type\":\"ListItem\",\"position\":3,\"name\":\"Yogastropp\"}]},{\"@type\":\"WebSite\",\"@id\":\"https:\\\/\\\/motionfitness.se\\\/no\\\/#website\",\"url\":\"https:\\\/\\\/motionfitness.se\\\/no\\\/\",\"name\":\"Motion Fitness\",\"description\":\"Stronger Together\",\"publisher\":{\"@id\":\"https:\\\/\\\/motionfitness.se\\\/no\\\/#organization\"},\"potentialAction\":[{\"@type\":\"SearchAction\",\"target\":{\"@type\":\"EntryPoint\",\"urlTemplate\":\"https:\\\/\\\/motionfitness.se\\\/no\\\/?s={search_term_string}\"},\"query-input\":{\"@type\":\"PropertyValueSpecification\",\"valueRequired\":true,\"valueName\":\"search_term_string\"}}],\"inLanguage\":\"nb-NO\"},{\"@type\":\"Organization\",\"@id\":\"https:\\\/\\\/motionfitness.se\\\/no\\\/#organization\",\"name\":\"Motion Fitness\",\"url\":\"https:\\\/\\\/motionfitness.se\\\/no\\\/\",\"logo\":{\"@type\":\"ImageObject\",\"inLanguage\":\"nb-NO\",\"@id\":\"https:\\\/\\\/motionfitness.se\\\/no\\\/#\\\/schema\\\/logo\\\/image\\\/\",\"url\":\"https:\\\/\\\/motionfitness.se\\\/wp-content\\\/uploads\\\/2024\\\/01\\\/Motion-Fitness-Logol.png\",\"contentUrl\":\"https:\\\/\\\/motionfitness.se\\\/wp-content\\\/uploads\\\/2024\\\/01\\\/Motion-Fitness-Logol.png\",\"width\":1280,\"height\":720,\"caption\":\"Motion Fitness\"},\"image\":{\"@id\":\"https:\\\/\\\/motionfitness.se\\\/no\\\/#\\\/schema\\\/logo\\\/image\\\/\"},\"sameAs\":[\"https:\\\/\\\/www.facebook.com\\\/motionfitnesssverige\\\/\",\"https:\\\/\\\/www.instagram.com\\\/motionfitness.se\\\/\"]}]}<\/script>\n<!-- \/ Yoast SEO plugin. -->","yoast_head_json":{"title":"Yogastropp | Motion Fitness","description":"Motion&fitness Yoga Strap hjelper deg med \u00e5 finne veien inn i posisjonene p\u00e5 en enklere m\u00e5te. Lett \u00e5 ta med seg p\u00e5 reise eller til yogastudioet.","robots":{"index":"index","follow":"follow","max-snippet":"max-snippet:-1","max-image-preview":"max-image-preview:large","max-video-preview":"max-video-preview:-1"},"canonical":"https:\/\/motionfitness.se\/no\/produkter\/yoga-stropp\/","og_locale":"nb_NO","og_type":"article","og_title":"Yogastropp | Motion Fitness","og_description":"Motion&fitness Yoga Strap hjelper deg med \u00e5 finne veien inn i posisjonene p\u00e5 en enklere m\u00e5te. Lett \u00e5 ta med seg p\u00e5 reise eller til yogastudioet.","og_url":"https:\/\/motionfitness.se\/no\/produkter\/yoga-stropp\/","og_site_name":"Motion Fitness","article_publisher":"https:\/\/www.facebook.com\/motionfitnesssverige\/","article_modified_time":"2025-12-27T09:16:16+00:00","og_image":[{"width":1440,"height":1440,"url":"https:\/\/motionfitness.se\/wp-content\/uploads\/2022\/11\/ND4_9287.png","type":"image\/png"}],"twitter_card":"summary_large_image","twitter_misc":{"Ansl. lesetid":"1 minutt"},"schema":{"@context":"https:\/\/schema.org","@graph":[{"@type":"WebPage","@id":"https:\/\/motionfitness.se\/no\/produkter\/yoga-stropp\/","url":"https:\/\/motionfitness.se\/no\/produkter\/yoga-stropp\/","name":"Yogastropp | Motion Fitness","isPartOf":{"@id":"https:\/\/motionfitness.se\/no\/#website"},"primaryImageOfPage":{"@id":"https:\/\/motionfitness.se\/no\/produkter\/yoga-stropp\/#primaryimage"},"image":{"@id":"https:\/\/motionfitness.se\/no\/produkter\/yoga-stropp\/#primaryimage"},"thumbnailUrl":"https:\/\/motionfitness.se\/wp-content\/uploads\/2022\/11\/ND4_9287.png","datePublished":"2022-11-16T09:41:19+00:00","dateModified":"2025-12-27T09:16:16+00:00","description":"Motion&fitness Yoga Strap hjelper deg med \u00e5 finne veien inn i posisjonene p\u00e5 en enklere m\u00e5te. Lett \u00e5 ta med seg p\u00e5 reise eller til yogastudioet.","breadcrumb":{"@id":"https:\/\/motionfitness.se\/no\/produkter\/yoga-stropp\/#breadcrumb"},"inLanguage":"nb-NO","potentialAction":[{"@type":"ReadAction","target":["https:\/\/motionfitness.se\/no\/produkter\/yoga-stropp\/"]}]},{"@type":"ImageObject","inLanguage":"nb-NO","@id":"https:\/\/motionfitness.se\/no\/produkter\/yoga-stropp\/#primaryimage","url":"https:\/\/motionfitness.se\/wp-content\/uploads\/2022\/11\/ND4_9287.png","contentUrl":"https:\/\/motionfitness.se\/wp-content\/uploads\/2022\/11\/ND4_9287.png","width":1440,"height":1440},{"@type":"BreadcrumbList","@id":"https:\/\/motionfitness.se\/no\/produkter\/yoga-stropp\/#breadcrumb","itemListElement":[{"@type":"ListItem","position":1,"name":"Hem","item":"https:\/\/motionfitness.se\/no\/startside\/"},{"@type":"ListItem","position":2,"name":"Produkter","item":"https:\/\/motionfitness.se\/no\/produkter\/"},{"@type":"ListItem","position":3,"name":"Yogastropp"}]},{"@type":"WebSite","@id":"https:\/\/motionfitness.se\/no\/#website","url":"https:\/\/motionfitness.se\/no\/","name":"Motion Fitness","description":"Stronger Together","publisher":{"@id":"https:\/\/motionfitness.se\/no\/#organization"},"potentialAction":[{"@type":"SearchAction","target":{"@type":"EntryPoint","urlTemplate":"https:\/\/motionfitness.se\/no\/?s={search_term_string}"},"query-input":{"@type":"PropertyValueSpecification","valueRequired":true,"valueName":"search_term_string"}}],"inLanguage":"nb-NO"},{"@type":"Organization","@id":"https:\/\/motionfitness.se\/no\/#organization","name":"Motion Fitness","url":"https:\/\/motionfitness.se\/no\/","logo":{"@type":"ImageObject","inLanguage":"nb-NO","@id":"https:\/\/motionfitness.se\/no\/#\/schema\/logo\/image\/","url":"https:\/\/motionfitness.se\/wp-content\/uploads\/2024\/01\/Motion-Fitness-Logol.png","contentUrl":"https:\/\/motionfitness.se\/wp-content\/uploads\/2024\/01\/Motion-Fitness-Logol.png","width":1280,"height":720,"caption":"Motion Fitness"},"image":{"@id":"https:\/\/motionfitness.se\/no\/#\/schema\/logo\/image\/"},"sameAs":["https:\/\/www.facebook.com\/motionfitnesssverige\/","https:\/\/www.instagram.com\/motionfitness.se\/"]}]}},"_links":{"self":[{"href":"https:\/\/motionfitness.se\/no\/wp-json\/wp\/v2\/product\/21823","targetHints":{"allow":["GET"]}}],"collection":[{"href":"https:\/\/motionfitness.se\/no\/wp-json\/wp\/v2\/product"}],"about":[{"href":"https:\/\/motionfitness.se\/no\/wp-json\/wp\/v2\/types\/product"}],"replies":[{"embeddable":true,"href":"https:\/\/motionfitness.se\/no\/wp-json\/wp\/v2\/comments?post=21823"}],"wp:featuredmedia":[{"embeddable":true,"href":"https:\/\/motionfitness.se\/no\/wp-json\/wp\/v2\/media\/19218"}],"wp:attachment":[{"href":"https:\/\/motionfitness.se\/no\/wp-json\/wp\/v2\/media?parent=21823"}],"wp:term":[{"taxonomy":"product_brand","embeddable":true,"href":"https:\/\/motionfitness.se\/no\/wp-json\/wp\/v2\/product_brand?post=21823"},{"taxonomy":"product_cat","embeddable":true,"href":"https:\/\/motionfitness.se\/no\/wp-json\/wp\/v2\/product_cat?post=21823"},{"taxonomy":"product_tag","embeddable":true,"href":"https:\/\/motionfitness.se\/no\/wp-json\/wp\/v2\/product_tag?post=21823"}],"curies":[{"name":"wp","href":"https:\/\/api.w.org\/{rel}","templated":true}]}}