{"id":21799,"date":"2022-11-16T10:41:13","date_gmt":"2022-11-16T09:41:13","guid":{"rendered":"https:\/\/motionfitness.se\/produkter\/yogamatte\/"},"modified":"2025-10-20T14:28:07","modified_gmt":"2025-10-20T12:28:07","slug":"yogamatte","status":"publish","type":"product","link":"https:\/\/motionfitness.se\/no\/produkter\/yogamatte\/","title":{"rendered":"Yogamatte"},"content":{"rendered":"<p>Yogamatten gir deg stabilitet, demping og bedre balanse. Du kan trygt utf\u00f8re de \u00f8velsene du \u00f8nsker, og den polstrede matten hjelper deg med \u00e5 holde balansen. Matten har to hull for oppheng og passer fint inn i treningsrommet ditt.<\/p>\n","protected":false},"excerpt":{"rendered":"<p>Yogamatten gir deg stabilitet, demping og bedre balanse.<\/p>\n","protected":false},"featured_media":19253,"comment_status":"open","ping_status":"closed","template":"","meta":{"_acf_changed":false,"_monsterinsights_skip_tracking":false,"_monsterinsights_sitenote_active":false,"_monsterinsights_sitenote_note":"","_monsterinsights_sitenote_category":0},"product_brand":[],"product_cat":[440,488],"product_tag":[],"class_list":{"0":"post-21799","1":"product","2":"type-product","3":"status-publish","4":"has-post-thumbnail","6":"product_cat-motion-fitness-no","7":"product_cat-yoga-no","9":"first","10":"outofstock","11":"taxable","12":"shipping-taxable","13":"purchasable","14":"product-type-simple"},"acf":[],"yoast_head":"<!-- This site is optimized with the Yoast SEO plugin v27.4 - https:\/\/yoast.com\/product\/yoast-seo-wordpress\/ -->\n<title>Yogamatte | Motion Fitness<\/title>\n<meta name=\"description\" content=\"Yogamatten gir deg stabilitet, demping og bedre balanse. Du kan trygt utf\u00f8re de \u00f8velsene du \u00f8nsker, og den polstrede matten hjelper deg med \u00e5 holde balansen.\" \/>\n<meta name=\"robots\" content=\"index, follow, max-snippet:-1, max-image-preview:large, max-video-preview:-1\" \/>\n<link rel=\"canonical\" href=\"https:\/\/motionfitness.se\/no\/produkter\/yogamatte\/\" \/>\n<meta property=\"og:locale\" content=\"nb_NO\" \/>\n<meta property=\"og:type\" content=\"article\" \/>\n<meta property=\"og:title\" content=\"Yogamatte | Motion Fitness\" \/>\n<meta property=\"og:description\" content=\"Yogamatten gir deg stabilitet, demping og bedre balanse. Du kan trygt utf\u00f8re de \u00f8velsene du \u00f8nsker, og den polstrede matten hjelper deg med \u00e5 holde balansen.\" \/>\n<meta property=\"og:url\" content=\"https:\/\/motionfitness.se\/no\/produkter\/yogamatte\/\" \/>\n<meta property=\"og:site_name\" content=\"Motion Fitness\" \/>\n<meta property=\"article:publisher\" content=\"https:\/\/www.facebook.com\/motionfitnesssverige\/\" \/>\n<meta property=\"article:modified_time\" content=\"2025-10-20T12:28:07+00:00\" \/>\n<meta property=\"og:image\" content=\"https:\/\/motionfitness.se\/wp-content\/uploads\/2022\/11\/ND4_9535.png\" \/>\n\t<meta property=\"og:image:width\" content=\"1440\" \/>\n\t<meta property=\"og:image:height\" content=\"1440\" \/>\n\t<meta property=\"og:image:type\" content=\"image\/png\" \/>\n<meta name=\"twitter:card\" content=\"summary_large_image\" \/>\n<meta name=\"twitter:label1\" content=\"Ansl. lesetid\" \/>\n\t<meta name=\"twitter:data1\" content=\"1 minutt\" \/>\n<script type=\"application\/ld+json\" class=\"yoast-schema-graph\">{\"@context\":\"https:\\\/\\\/schema.org\",\"@graph\":[{\"@type\":\"WebPage\",\"@id\":\"https:\\\/\\\/motionfitness.se\\\/no\\\/produkter\\\/yogamatte\\\/\",\"url\":\"https:\\\/\\\/motionfitness.se\\\/no\\\/produkter\\\/yogamatte\\\/\",\"name\":\"Yogamatte | Motion Fitness\",\"isPartOf\":{\"@id\":\"https:\\\/\\\/motionfitness.se\\\/no\\\/#website\"},\"primaryImageOfPage\":{\"@id\":\"https:\\\/\\\/motionfitness.se\\\/no\\\/produkter\\\/yogamatte\\\/#primaryimage\"},\"image\":{\"@id\":\"https:\\\/\\\/motionfitness.se\\\/no\\\/produkter\\\/yogamatte\\\/#primaryimage\"},\"thumbnailUrl\":\"https:\\\/\\\/motionfitness.se\\\/wp-content\\\/uploads\\\/2022\\\/11\\\/ND4_9535.png\",\"datePublished\":\"2022-11-16T09:41:13+00:00\",\"dateModified\":\"2025-10-20T12:28:07+00:00\",\"description\":\"Yogamatten gir deg stabilitet, demping og bedre balanse. Du kan trygt utf\u00f8re de \u00f8velsene du \u00f8nsker, og den polstrede matten hjelper deg med \u00e5 holde balansen.\",\"breadcrumb\":{\"@id\":\"https:\\\/\\\/motionfitness.se\\\/no\\\/produkter\\\/yogamatte\\\/#breadcrumb\"},\"inLanguage\":\"nb-NO\",\"potentialAction\":[{\"@type\":\"ReadAction\",\"target\":[\"https:\\\/\\\/motionfitness.se\\\/no\\\/produkter\\\/yogamatte\\\/\"]}]},{\"@type\":\"ImageObject\",\"inLanguage\":\"nb-NO\",\"@id\":\"https:\\\/\\\/motionfitness.se\\\/no\\\/produkter\\\/yogamatte\\\/#primaryimage\",\"url\":\"https:\\\/\\\/motionfitness.se\\\/wp-content\\\/uploads\\\/2022\\\/11\\\/ND4_9535.png\",\"contentUrl\":\"https:\\\/\\\/motionfitness.se\\\/wp-content\\\/uploads\\\/2022\\\/11\\\/ND4_9535.png\",\"width\":1440,\"height\":1440},{\"@type\":\"BreadcrumbList\",\"@id\":\"https:\\\/\\\/motionfitness.se\\\/no\\\/produkter\\\/yogamatte\\\/#breadcrumb\",\"itemListElement\":[{\"@type\":\"ListItem\",\"position\":1,\"name\":\"Hem\",\"item\":\"https:\\\/\\\/motionfitness.se\\\/no\\\/startside\\\/\"},{\"@type\":\"ListItem\",\"position\":2,\"name\":\"Produkter\",\"item\":\"https:\\\/\\\/motionfitness.se\\\/no\\\/produkter\\\/\"},{\"@type\":\"ListItem\",\"position\":3,\"name\":\"Yogamatte\"}]},{\"@type\":\"WebSite\",\"@id\":\"https:\\\/\\\/motionfitness.se\\\/no\\\/#website\",\"url\":\"https:\\\/\\\/motionfitness.se\\\/no\\\/\",\"name\":\"Motion Fitness\",\"description\":\"Stronger Together\",\"publisher\":{\"@id\":\"https:\\\/\\\/motionfitness.se\\\/no\\\/#organization\"},\"potentialAction\":[{\"@type\":\"SearchAction\",\"target\":{\"@type\":\"EntryPoint\",\"urlTemplate\":\"https:\\\/\\\/motionfitness.se\\\/no\\\/?s={search_term_string}\"},\"query-input\":{\"@type\":\"PropertyValueSpecification\",\"valueRequired\":true,\"valueName\":\"search_term_string\"}}],\"inLanguage\":\"nb-NO\"},{\"@type\":\"Organization\",\"@id\":\"https:\\\/\\\/motionfitness.se\\\/no\\\/#organization\",\"name\":\"Motion Fitness\",\"url\":\"https:\\\/\\\/motionfitness.se\\\/no\\\/\",\"logo\":{\"@type\":\"ImageObject\",\"inLanguage\":\"nb-NO\",\"@id\":\"https:\\\/\\\/motionfitness.se\\\/no\\\/#\\\/schema\\\/logo\\\/image\\\/\",\"url\":\"https:\\\/\\\/motionfitness.se\\\/wp-content\\\/uploads\\\/2024\\\/01\\\/Motion-Fitness-Logol.png\",\"contentUrl\":\"https:\\\/\\\/motionfitness.se\\\/wp-content\\\/uploads\\\/2024\\\/01\\\/Motion-Fitness-Logol.png\",\"width\":1280,\"height\":720,\"caption\":\"Motion Fitness\"},\"image\":{\"@id\":\"https:\\\/\\\/motionfitness.se\\\/no\\\/#\\\/schema\\\/logo\\\/image\\\/\"},\"sameAs\":[\"https:\\\/\\\/www.facebook.com\\\/motionfitnesssverige\\\/\",\"https:\\\/\\\/www.instagram.com\\\/motionfitness.se\\\/\"]}]}<\/script>\n<!-- \/ Yoast SEO plugin. -->","yoast_head_json":{"title":"Yogamatte | Motion Fitness","description":"Yogamatten gir deg stabilitet, demping og bedre balanse. Du kan trygt utf\u00f8re de \u00f8velsene du \u00f8nsker, og den polstrede matten hjelper deg med \u00e5 holde balansen.","robots":{"index":"index","follow":"follow","max-snippet":"max-snippet:-1","max-image-preview":"max-image-preview:large","max-video-preview":"max-video-preview:-1"},"canonical":"https:\/\/motionfitness.se\/no\/produkter\/yogamatte\/","og_locale":"nb_NO","og_type":"article","og_title":"Yogamatte | Motion Fitness","og_description":"Yogamatten gir deg stabilitet, demping og bedre balanse. Du kan trygt utf\u00f8re de \u00f8velsene du \u00f8nsker, og den polstrede matten hjelper deg med \u00e5 holde balansen.","og_url":"https:\/\/motionfitness.se\/no\/produkter\/yogamatte\/","og_site_name":"Motion Fitness","article_publisher":"https:\/\/www.facebook.com\/motionfitnesssverige\/","article_modified_time":"2025-10-20T12:28:07+00:00","og_image":[{"width":1440,"height":1440,"url":"https:\/\/motionfitness.se\/wp-content\/uploads\/2022\/11\/ND4_9535.png","type":"image\/png"}],"twitter_card":"summary_large_image","twitter_misc":{"Ansl. lesetid":"1 minutt"},"schema":{"@context":"https:\/\/schema.org","@graph":[{"@type":"WebPage","@id":"https:\/\/motionfitness.se\/no\/produkter\/yogamatte\/","url":"https:\/\/motionfitness.se\/no\/produkter\/yogamatte\/","name":"Yogamatte | Motion Fitness","isPartOf":{"@id":"https:\/\/motionfitness.se\/no\/#website"},"primaryImageOfPage":{"@id":"https:\/\/motionfitness.se\/no\/produkter\/yogamatte\/#primaryimage"},"image":{"@id":"https:\/\/motionfitness.se\/no\/produkter\/yogamatte\/#primaryimage"},"thumbnailUrl":"https:\/\/motionfitness.se\/wp-content\/uploads\/2022\/11\/ND4_9535.png","datePublished":"2022-11-16T09:41:13+00:00","dateModified":"2025-10-20T12:28:07+00:00","description":"Yogamatten gir deg stabilitet, demping og bedre balanse. Du kan trygt utf\u00f8re de \u00f8velsene du \u00f8nsker, og den polstrede matten hjelper deg med \u00e5 holde balansen.","breadcrumb":{"@id":"https:\/\/motionfitness.se\/no\/produkter\/yogamatte\/#breadcrumb"},"inLanguage":"nb-NO","potentialAction":[{"@type":"ReadAction","target":["https:\/\/motionfitness.se\/no\/produkter\/yogamatte\/"]}]},{"@type":"ImageObject","inLanguage":"nb-NO","@id":"https:\/\/motionfitness.se\/no\/produkter\/yogamatte\/#primaryimage","url":"https:\/\/motionfitness.se\/wp-content\/uploads\/2022\/11\/ND4_9535.png","contentUrl":"https:\/\/motionfitness.se\/wp-content\/uploads\/2022\/11\/ND4_9535.png","width":1440,"height":1440},{"@type":"BreadcrumbList","@id":"https:\/\/motionfitness.se\/no\/produkter\/yogamatte\/#breadcrumb","itemListElement":[{"@type":"ListItem","position":1,"name":"Hem","item":"https:\/\/motionfitness.se\/no\/startside\/"},{"@type":"ListItem","position":2,"name":"Produkter","item":"https:\/\/motionfitness.se\/no\/produkter\/"},{"@type":"ListItem","position":3,"name":"Yogamatte"}]},{"@type":"WebSite","@id":"https:\/\/motionfitness.se\/no\/#website","url":"https:\/\/motionfitness.se\/no\/","name":"Motion Fitness","description":"Stronger Together","publisher":{"@id":"https:\/\/motionfitness.se\/no\/#organization"},"potentialAction":[{"@type":"SearchAction","target":{"@type":"EntryPoint","urlTemplate":"https:\/\/motionfitness.se\/no\/?s={search_term_string}"},"query-input":{"@type":"PropertyValueSpecification","valueRequired":true,"valueName":"search_term_string"}}],"inLanguage":"nb-NO"},{"@type":"Organization","@id":"https:\/\/motionfitness.se\/no\/#organization","name":"Motion Fitness","url":"https:\/\/motionfitness.se\/no\/","logo":{"@type":"ImageObject","inLanguage":"nb-NO","@id":"https:\/\/motionfitness.se\/no\/#\/schema\/logo\/image\/","url":"https:\/\/motionfitness.se\/wp-content\/uploads\/2024\/01\/Motion-Fitness-Logol.png","contentUrl":"https:\/\/motionfitness.se\/wp-content\/uploads\/2024\/01\/Motion-Fitness-Logol.png","width":1280,"height":720,"caption":"Motion Fitness"},"image":{"@id":"https:\/\/motionfitness.se\/no\/#\/schema\/logo\/image\/"},"sameAs":["https:\/\/www.facebook.com\/motionfitnesssverige\/","https:\/\/www.instagram.com\/motionfitness.se\/"]}]}},"_links":{"self":[{"href":"https:\/\/motionfitness.se\/no\/wp-json\/wp\/v2\/product\/21799","targetHints":{"allow":["GET"]}}],"collection":[{"href":"https:\/\/motionfitness.se\/no\/wp-json\/wp\/v2\/product"}],"about":[{"href":"https:\/\/motionfitness.se\/no\/wp-json\/wp\/v2\/types\/product"}],"replies":[{"embeddable":true,"href":"https:\/\/motionfitness.se\/no\/wp-json\/wp\/v2\/comments?post=21799"}],"wp:featuredmedia":[{"embeddable":true,"href":"https:\/\/motionfitness.se\/no\/wp-json\/wp\/v2\/media\/19253"}],"wp:attachment":[{"href":"https:\/\/motionfitness.se\/no\/wp-json\/wp\/v2\/media?parent=21799"}],"wp:term":[{"taxonomy":"product_brand","embeddable":true,"href":"https:\/\/motionfitness.se\/no\/wp-json\/wp\/v2\/product_brand?post=21799"},{"taxonomy":"product_cat","embeddable":true,"href":"https:\/\/motionfitness.se\/no\/wp-json\/wp\/v2\/product_cat?post=21799"},{"taxonomy":"product_tag","embeddable":true,"href":"https:\/\/motionfitness.se\/no\/wp-json\/wp\/v2\/product_tag?post=21799"}],"curies":[{"name":"wp","href":"https:\/\/api.w.org\/{rel}","templated":true}]}}