{"id":21778,"date":"2022-11-16T10:41:04","date_gmt":"2022-11-16T09:41:04","guid":{"rendered":"https:\/\/motionfitness.se\/produkter\/torsonator\/"},"modified":"2026-03-28T17:47:57","modified_gmt":"2026-03-28T16:47:57","slug":"torsonator","status":"publish","type":"product","link":"https:\/\/motionfitness.se\/no\/produkter\/landmine\/","title":{"rendered":"Landmine"},"content":{"rendered":"<p data-sourcepos=\"5:1-5:94\"><strong>Motion Fitness Landmine: Slipp l\u00f8s hele styrkepotensialet ditt med 360 graders bevegelsesfrihet.<\/strong><\/p>\n<p data-sourcepos=\"7:1-7:172\">Lei av endimensjonale \u00f8velser? Motion Fitness Landmine revolusjonerer treningen din ved \u00e5 \u00e5pne opp for en verden av allsidige bevegelser. Denne robuste tungmetallplaten er utstyrt med et flerveis svingbart feste der du enkelt kan feste en 50 mm vektstang eller stav eller pinne (dobbeltfunksjon) for \u00e5 utf\u00f8re \u00f8velser i alle plan.<\/p>\n<p data-sourcepos=\"9:1-9:41\"><strong>Hvorfor velge Motion Fitness Landmine?<\/strong><\/p>\n<ul data-sourcepos=\"11:1-13:72\">\n<li data-sourcepos=\"11:1-11:173\"><strong>Trening for hele kroppen:<\/strong> Bygg styrke, stabilitet og eksplosivitet for hele kroppen med ett og samme redskap. Perfekt for alt fra klassiske markl\u00f8ft til roterende kjerne\u00f8velser.<\/li>\n<li data-sourcepos=\"12:1-12:119\"><strong>Forbedre grepsstyrken:<\/strong> Utfordre underarmene og grepsstyrken med hver bevegelse. F\u00e5 et jerngrep som imponerer.<\/li>\n<li data-sourcepos=\"13:1-13:72\"><strong>Aktiver kj<\/strong><strong>ernemuskulaturen:<\/strong> Landmine\u00f8velser <strong>aktiverer<\/strong> kjernemuskulaturen p\u00e5 en unik m\u00e5te, noe som gir deg et sterkere og mer stabilt fundament.<\/li>\n<li data-sourcepos=\"14:1-14:120\"><strong>Allsidig og effektiv:<\/strong> Med uendelig mange variasjonsmuligheter kan du skreddersy treningen etter dine m\u00e5l og behov.<\/li>\n<li data-sourcepos=\"15:1-16:0\"><strong>Kompakt og slitesterk:<\/strong> Laget av materialer av h\u00f8y kvalitet som t\u00e5ler de t\u00f8ffeste forhold.<\/li>\n<\/ul>\n<p data-sourcepos=\"17:1-17:99\"><strong>Maksimer treningspotensialet ditt med Motion Fitness Landmine. Bestill i dag og opplev forskjellen! <\/strong><\/p>\n","protected":false},"excerpt":{"rendered":"<p>Lei av endimensjonale \u00f8velser? Motion Fitness Landmine revolusjonerer treningen din ved \u00e5 \u00e5pne opp for en verden av allsidige bevegelser.<\/p>\n","protected":false},"featured_media":19729,"comment_status":"open","ping_status":"closed","template":"","meta":{"_acf_changed":false,"_monsterinsights_skip_tracking":false,"_monsterinsights_sitenote_active":false,"_monsterinsights_sitenote_note":"","_monsterinsights_sitenote_category":0},"product_brand":[],"product_cat":[720,440,445],"product_tag":[520],"class_list":{"0":"post-21778","1":"product","2":"type-product","3":"status-publish","4":"has-post-thumbnail","6":"product_cat-lagersalg-no","7":"product_cat-motion-fitness-no","8":"product_cat-tilbehor","9":"product_tag-kampanjen","11":"first","12":"instock","13":"taxable","14":"shipping-taxable","15":"purchasable","16":"product-type-simple"},"acf":[],"yoast_head":"<!-- This site is optimized with the Yoast SEO plugin v27.4 - https:\/\/yoast.com\/product\/yoast-seo-wordpress\/ -->\n<title>Landmine | Motion Fitness<\/title>\n<meta name=\"description\" content=\"Lei av endimensjonale \u00f8velser? Motion Fitness Landmine revolusjonerer treningen din ved \u00e5 \u00e5pne opp for en verden av allsidige bevegelser.\" \/>\n<meta name=\"robots\" content=\"index, follow, max-snippet:-1, max-image-preview:large, max-video-preview:-1\" \/>\n<link rel=\"canonical\" href=\"https:\/\/motionfitness.se\/no\/produkter\/landmine\/\" \/>\n<meta property=\"og:locale\" content=\"nb_NO\" \/>\n<meta property=\"og:type\" content=\"article\" \/>\n<meta property=\"og:title\" content=\"Landmine | Motion Fitness\" \/>\n<meta property=\"og:description\" content=\"Lei av endimensjonale \u00f8velser? Motion Fitness Landmine revolusjonerer treningen din ved \u00e5 \u00e5pne opp for en verden av allsidige bevegelser.\" \/>\n<meta property=\"og:url\" content=\"https:\/\/motionfitness.se\/no\/produkter\/landmine\/\" \/>\n<meta property=\"og:site_name\" content=\"Motion Fitness\" \/>\n<meta property=\"article:publisher\" content=\"https:\/\/www.facebook.com\/motionfitnesssverige\/\" \/>\n<meta property=\"article:modified_time\" content=\"2026-03-28T16:47:57+00:00\" \/>\n<meta property=\"og:image\" content=\"https:\/\/motionfitness.se\/wp-content\/uploads\/2022\/12\/TORSON1.png\" \/>\n\t<meta property=\"og:image:width\" content=\"1440\" \/>\n\t<meta property=\"og:image:height\" content=\"1440\" \/>\n\t<meta property=\"og:image:type\" content=\"image\/png\" \/>\n<meta name=\"twitter:card\" content=\"summary_large_image\" \/>\n<meta name=\"twitter:label1\" content=\"Ansl. lesetid\" \/>\n\t<meta name=\"twitter:data1\" content=\"2 minutter\" \/>\n<script type=\"application\/ld+json\" class=\"yoast-schema-graph\">{\"@context\":\"https:\\\/\\\/schema.org\",\"@graph\":[{\"@type\":\"WebPage\",\"@id\":\"https:\\\/\\\/motionfitness.se\\\/no\\\/produkter\\\/landmine\\\/\",\"url\":\"https:\\\/\\\/motionfitness.se\\\/no\\\/produkter\\\/landmine\\\/\",\"name\":\"Landmine | Motion Fitness\",\"isPartOf\":{\"@id\":\"https:\\\/\\\/motionfitness.se\\\/no\\\/#website\"},\"primaryImageOfPage\":{\"@id\":\"https:\\\/\\\/motionfitness.se\\\/no\\\/produkter\\\/landmine\\\/#primaryimage\"},\"image\":{\"@id\":\"https:\\\/\\\/motionfitness.se\\\/no\\\/produkter\\\/landmine\\\/#primaryimage\"},\"thumbnailUrl\":\"https:\\\/\\\/motionfitness.se\\\/wp-content\\\/uploads\\\/2022\\\/12\\\/TORSON1.png\",\"datePublished\":\"2022-11-16T09:41:04+00:00\",\"dateModified\":\"2026-03-28T16:47:57+00:00\",\"description\":\"Lei av endimensjonale \u00f8velser? Motion Fitness Landmine revolusjonerer treningen din ved \u00e5 \u00e5pne opp for en verden av allsidige bevegelser.\",\"breadcrumb\":{\"@id\":\"https:\\\/\\\/motionfitness.se\\\/no\\\/produkter\\\/landmine\\\/#breadcrumb\"},\"inLanguage\":\"nb-NO\",\"potentialAction\":[{\"@type\":\"ReadAction\",\"target\":[\"https:\\\/\\\/motionfitness.se\\\/no\\\/produkter\\\/landmine\\\/\"]}]},{\"@type\":\"ImageObject\",\"inLanguage\":\"nb-NO\",\"@id\":\"https:\\\/\\\/motionfitness.se\\\/no\\\/produkter\\\/landmine\\\/#primaryimage\",\"url\":\"https:\\\/\\\/motionfitness.se\\\/wp-content\\\/uploads\\\/2022\\\/12\\\/TORSON1.png\",\"contentUrl\":\"https:\\\/\\\/motionfitness.se\\\/wp-content\\\/uploads\\\/2022\\\/12\\\/TORSON1.png\",\"width\":1440,\"height\":1440},{\"@type\":\"BreadcrumbList\",\"@id\":\"https:\\\/\\\/motionfitness.se\\\/no\\\/produkter\\\/landmine\\\/#breadcrumb\",\"itemListElement\":[{\"@type\":\"ListItem\",\"position\":1,\"name\":\"Hem\",\"item\":\"https:\\\/\\\/motionfitness.se\\\/no\\\/startside\\\/\"},{\"@type\":\"ListItem\",\"position\":2,\"name\":\"Produkter\",\"item\":\"https:\\\/\\\/motionfitness.se\\\/no\\\/produkter\\\/\"},{\"@type\":\"ListItem\",\"position\":3,\"name\":\"Landmine\"}]},{\"@type\":\"WebSite\",\"@id\":\"https:\\\/\\\/motionfitness.se\\\/no\\\/#website\",\"url\":\"https:\\\/\\\/motionfitness.se\\\/no\\\/\",\"name\":\"Motion Fitness\",\"description\":\"Stronger Together\",\"publisher\":{\"@id\":\"https:\\\/\\\/motionfitness.se\\\/no\\\/#organization\"},\"potentialAction\":[{\"@type\":\"SearchAction\",\"target\":{\"@type\":\"EntryPoint\",\"urlTemplate\":\"https:\\\/\\\/motionfitness.se\\\/no\\\/?s={search_term_string}\"},\"query-input\":{\"@type\":\"PropertyValueSpecification\",\"valueRequired\":true,\"valueName\":\"search_term_string\"}}],\"inLanguage\":\"nb-NO\"},{\"@type\":\"Organization\",\"@id\":\"https:\\\/\\\/motionfitness.se\\\/no\\\/#organization\",\"name\":\"Motion Fitness\",\"url\":\"https:\\\/\\\/motionfitness.se\\\/no\\\/\",\"logo\":{\"@type\":\"ImageObject\",\"inLanguage\":\"nb-NO\",\"@id\":\"https:\\\/\\\/motionfitness.se\\\/no\\\/#\\\/schema\\\/logo\\\/image\\\/\",\"url\":\"https:\\\/\\\/motionfitness.se\\\/wp-content\\\/uploads\\\/2024\\\/01\\\/Motion-Fitness-Logol.png\",\"contentUrl\":\"https:\\\/\\\/motionfitness.se\\\/wp-content\\\/uploads\\\/2024\\\/01\\\/Motion-Fitness-Logol.png\",\"width\":1280,\"height\":720,\"caption\":\"Motion Fitness\"},\"image\":{\"@id\":\"https:\\\/\\\/motionfitness.se\\\/no\\\/#\\\/schema\\\/logo\\\/image\\\/\"},\"sameAs\":[\"https:\\\/\\\/www.facebook.com\\\/motionfitnesssverige\\\/\",\"https:\\\/\\\/www.instagram.com\\\/motionfitness.se\\\/\"]}]}<\/script>\n<!-- \/ Yoast SEO plugin. -->","yoast_head_json":{"title":"Landmine | Motion Fitness","description":"Lei av endimensjonale \u00f8velser? Motion Fitness Landmine revolusjonerer treningen din ved \u00e5 \u00e5pne opp for en verden av allsidige bevegelser.","robots":{"index":"index","follow":"follow","max-snippet":"max-snippet:-1","max-image-preview":"max-image-preview:large","max-video-preview":"max-video-preview:-1"},"canonical":"https:\/\/motionfitness.se\/no\/produkter\/landmine\/","og_locale":"nb_NO","og_type":"article","og_title":"Landmine | Motion Fitness","og_description":"Lei av endimensjonale \u00f8velser? Motion Fitness Landmine revolusjonerer treningen din ved \u00e5 \u00e5pne opp for en verden av allsidige bevegelser.","og_url":"https:\/\/motionfitness.se\/no\/produkter\/landmine\/","og_site_name":"Motion Fitness","article_publisher":"https:\/\/www.facebook.com\/motionfitnesssverige\/","article_modified_time":"2026-03-28T16:47:57+00:00","og_image":[{"width":1440,"height":1440,"url":"https:\/\/motionfitness.se\/wp-content\/uploads\/2022\/12\/TORSON1.png","type":"image\/png"}],"twitter_card":"summary_large_image","twitter_misc":{"Ansl. lesetid":"2 minutter"},"schema":{"@context":"https:\/\/schema.org","@graph":[{"@type":"WebPage","@id":"https:\/\/motionfitness.se\/no\/produkter\/landmine\/","url":"https:\/\/motionfitness.se\/no\/produkter\/landmine\/","name":"Landmine | Motion Fitness","isPartOf":{"@id":"https:\/\/motionfitness.se\/no\/#website"},"primaryImageOfPage":{"@id":"https:\/\/motionfitness.se\/no\/produkter\/landmine\/#primaryimage"},"image":{"@id":"https:\/\/motionfitness.se\/no\/produkter\/landmine\/#primaryimage"},"thumbnailUrl":"https:\/\/motionfitness.se\/wp-content\/uploads\/2022\/12\/TORSON1.png","datePublished":"2022-11-16T09:41:04+00:00","dateModified":"2026-03-28T16:47:57+00:00","description":"Lei av endimensjonale \u00f8velser? Motion Fitness Landmine revolusjonerer treningen din ved \u00e5 \u00e5pne opp for en verden av allsidige bevegelser.","breadcrumb":{"@id":"https:\/\/motionfitness.se\/no\/produkter\/landmine\/#breadcrumb"},"inLanguage":"nb-NO","potentialAction":[{"@type":"ReadAction","target":["https:\/\/motionfitness.se\/no\/produkter\/landmine\/"]}]},{"@type":"ImageObject","inLanguage":"nb-NO","@id":"https:\/\/motionfitness.se\/no\/produkter\/landmine\/#primaryimage","url":"https:\/\/motionfitness.se\/wp-content\/uploads\/2022\/12\/TORSON1.png","contentUrl":"https:\/\/motionfitness.se\/wp-content\/uploads\/2022\/12\/TORSON1.png","width":1440,"height":1440},{"@type":"BreadcrumbList","@id":"https:\/\/motionfitness.se\/no\/produkter\/landmine\/#breadcrumb","itemListElement":[{"@type":"ListItem","position":1,"name":"Hem","item":"https:\/\/motionfitness.se\/no\/startside\/"},{"@type":"ListItem","position":2,"name":"Produkter","item":"https:\/\/motionfitness.se\/no\/produkter\/"},{"@type":"ListItem","position":3,"name":"Landmine"}]},{"@type":"WebSite","@id":"https:\/\/motionfitness.se\/no\/#website","url":"https:\/\/motionfitness.se\/no\/","name":"Motion Fitness","description":"Stronger Together","publisher":{"@id":"https:\/\/motionfitness.se\/no\/#organization"},"potentialAction":[{"@type":"SearchAction","target":{"@type":"EntryPoint","urlTemplate":"https:\/\/motionfitness.se\/no\/?s={search_term_string}"},"query-input":{"@type":"PropertyValueSpecification","valueRequired":true,"valueName":"search_term_string"}}],"inLanguage":"nb-NO"},{"@type":"Organization","@id":"https:\/\/motionfitness.se\/no\/#organization","name":"Motion Fitness","url":"https:\/\/motionfitness.se\/no\/","logo":{"@type":"ImageObject","inLanguage":"nb-NO","@id":"https:\/\/motionfitness.se\/no\/#\/schema\/logo\/image\/","url":"https:\/\/motionfitness.se\/wp-content\/uploads\/2024\/01\/Motion-Fitness-Logol.png","contentUrl":"https:\/\/motionfitness.se\/wp-content\/uploads\/2024\/01\/Motion-Fitness-Logol.png","width":1280,"height":720,"caption":"Motion Fitness"},"image":{"@id":"https:\/\/motionfitness.se\/no\/#\/schema\/logo\/image\/"},"sameAs":["https:\/\/www.facebook.com\/motionfitnesssverige\/","https:\/\/www.instagram.com\/motionfitness.se\/"]}]}},"_links":{"self":[{"href":"https:\/\/motionfitness.se\/no\/wp-json\/wp\/v2\/product\/21778","targetHints":{"allow":["GET"]}}],"collection":[{"href":"https:\/\/motionfitness.se\/no\/wp-json\/wp\/v2\/product"}],"about":[{"href":"https:\/\/motionfitness.se\/no\/wp-json\/wp\/v2\/types\/product"}],"replies":[{"embeddable":true,"href":"https:\/\/motionfitness.se\/no\/wp-json\/wp\/v2\/comments?post=21778"}],"wp:featuredmedia":[{"embeddable":true,"href":"https:\/\/motionfitness.se\/no\/wp-json\/wp\/v2\/media\/19729"}],"wp:attachment":[{"href":"https:\/\/motionfitness.se\/no\/wp-json\/wp\/v2\/media?parent=21778"}],"wp:term":[{"taxonomy":"product_brand","embeddable":true,"href":"https:\/\/motionfitness.se\/no\/wp-json\/wp\/v2\/product_brand?post=21778"},{"taxonomy":"product_cat","embeddable":true,"href":"https:\/\/motionfitness.se\/no\/wp-json\/wp\/v2\/product_cat?post=21778"},{"taxonomy":"product_tag","embeddable":true,"href":"https:\/\/motionfitness.se\/no\/wp-json\/wp\/v2\/product_tag?post=21778"}],"curies":[{"name":"wp","href":"https:\/\/api.w.org\/{rel}","templated":true}]}}