{"id":21765,"date":"2022-11-16T10:40:59","date_gmt":"2022-11-16T09:40:59","guid":{"rendered":"https:\/\/motionfitness.se\/produkter\/wallball\/"},"modified":"2026-04-23T12:03:15","modified_gmt":"2026-04-23T10:03:15","slug":"wallball","status":"publish","type":"product","link":"https:\/\/motionfitness.se\/no\/produkter\/wallball\/","title":{"rendered":"Veggball Medisinball"},"content":{"rendered":"<p data-path-to-node=\"5\"><strong>Motion Fitness Wallball Medicine Ball &#8211; din partner for eksplosiv funksjonell trening<\/strong><\/p>\n<p data-path-to-node=\"6\">Motion Fitness Wallball Medicine Ball er det ultimate verkt\u00f8yet for deg som \u00f8nsker \u00e5 ta funksjonell og hybrid trening til neste niv\u00e5. Disse ballene er designet for \u00e5 t\u00e5le h\u00f8ye hastigheter og intens bruk, spesielt under klassiske Wallball-\u00f8velser, men er ogs\u00e5 perfekte for kjernetrening, kast og styrke\u00f8velser. <\/p>\n<p data-path-to-node=\"7\"><strong>Funksjoner og fordeler:<\/strong><\/p>\n<ul data-path-to-node=\"8\">\n<li>\n<p data-path-to-node=\"8,0,0\"><b>Optimal hold<\/b> barhet: Laget av slitesterkt syntetisk skinn og dobbeltsydd for maksimal holdbarhet &#8211; t\u00e5ler tusenvis av slag mot veggen med letthet.<\/p>\n<\/li>\n<li>\n<p data-path-to-node=\"8,1,0\"><b>Balansert vektfordeling:<\/b> Fylt med en spesiell blanding som s\u00f8rger for at ballen beholder sin form, stabilitet og vektbalanse under bevegelse. Dette gir en jevn og kontrollert kasteopplevelse. <\/p>\n<\/li>\n<li>\n<p data-path-to-node=\"8,2,0\"><b>Ergonomisk grep: Den<\/b> ytre overflaten gir et utmerket, sklisikkert grep selv under de mest svette \u00f8ktene.<\/p>\n<\/li>\n<li>\n<p data-path-to-node=\"8,3,0\"><b>For alle niv\u00e5er:<\/b> Tilgjengelig med vekter fra 3 kg til 15 kg, noe som gj\u00f8r den ideell for alt fra rehabilitering til toppidrettsut\u00f8vere.<\/p>\n<\/li>\n<\/ul>\n<p>&nbsp;<\/p>\n<p data-path-to-node=\"9\">Enten du bygger <b>utholdenhet<\/b> i boksen, trener <b>eksplosivitet<\/b> eller styrker <b>kroppsstabiliteten<\/b>, er Motion Fitness Wallball Medicine Ball et uunnv\u00e6rlig verkt\u00f8y i treningsstudioet eller hjemmegymmet ditt. Invester i kvalitet og maksimer treningen din i dag!<\/p>\n","protected":false},"excerpt":{"rendered":"<p>Enten du bygger <b>utholdenhet<\/b> i boksen, trener <b>eksplosivitet<\/b> eller styrker <b>kroppsstabiliteten<\/b>, er Motion Fitness Wallball Medicine Ball et uunnv\u00e6rlig verkt\u00f8y i treningsstudioet eller hjemmegymmet ditt.<\/p>\n","protected":false},"featured_media":35373,"comment_status":"open","ping_status":"closed","template":"","meta":{"_acf_changed":false,"_monsterinsights_skip_tracking":false,"_monsterinsights_sitenote_active":false,"_monsterinsights_sitenote_note":"","_monsterinsights_sitenote_category":0},"product_brand":[],"product_cat":[465,440],"product_tag":[],"class_list":{"0":"post-21765","1":"product","2":"type-product","3":"status-publish","4":"has-post-thumbnail","6":"product_cat-baller","7":"product_cat-motion-fitness-no","8":"pa_valj-vikt-veggball-10-kg","9":"pa_valj-vikt-veggball-3-kg","10":"pa_valj-vikt-veggball-8-kg","11":"pa_valj-vikt-wallball-12-kg","12":"pa_valj-vikt-wallball-15-kg","13":"pa_valj-vikt-wallball-4-kg","14":"pa_valj-vikt-wallball-5-kg","15":"pa_valj-vikt-wallball-6-kg","16":"pa_valj-vikt-wallball-7-kg","17":"pa_valj-vikt-wallball-9-kg","19":"first","20":"instock","21":"featured","22":"taxable","23":"shipping-taxable","24":"purchasable","25":"product-type-variable"},"acf":[],"yoast_head":"<!-- This site is optimized with the Yoast SEO plugin v27.4 - https:\/\/yoast.com\/product\/yoast-seo-wordpress\/ -->\n<title>Veggball Medisinball | Motion Fitness<\/title>\n<meta name=\"description\" content=\"Motion Fitness Wallball Medicine Balls er ekstra slitesterke og designet for \u00e5 t\u00e5le p\u00e5kjenninger og belastninger under t\u00f8ffere trenings\u00f8kter.\" \/>\n<meta name=\"robots\" content=\"index, follow, max-snippet:-1, max-image-preview:large, max-video-preview:-1\" \/>\n<link rel=\"canonical\" href=\"https:\/\/motionfitness.se\/no\/produkter\/wallball\/\" \/>\n<meta property=\"og:locale\" content=\"nb_NO\" \/>\n<meta property=\"og:type\" content=\"article\" \/>\n<meta property=\"og:title\" content=\"Veggball Medisinball | Motion Fitness\" \/>\n<meta property=\"og:description\" content=\"Motion Fitness Wallball Medicine Balls er ekstra slitesterke og designet for \u00e5 t\u00e5le p\u00e5kjenninger og belastninger under t\u00f8ffere trenings\u00f8kter.\" \/>\n<meta property=\"og:url\" content=\"https:\/\/motionfitness.se\/no\/produkter\/wallball\/\" \/>\n<meta property=\"og:site_name\" content=\"Motion Fitness\" \/>\n<meta property=\"article:publisher\" content=\"https:\/\/www.facebook.com\/motionfitnesssverige\/\" \/>\n<meta property=\"article:modified_time\" content=\"2026-04-23T10:03:15+00:00\" \/>\n<meta property=\"og:image\" content=\"https:\/\/motionfitness.se\/wp-content\/uploads\/2022\/11\/Medicinwallball.webp\" \/>\n\t<meta property=\"og:image:width\" content=\"1080\" \/>\n\t<meta property=\"og:image:height\" content=\"1080\" \/>\n\t<meta property=\"og:image:type\" content=\"image\/webp\" \/>\n<meta name=\"twitter:card\" content=\"summary_large_image\" \/>\n<meta name=\"twitter:label1\" content=\"Ansl. lesetid\" \/>\n\t<meta name=\"twitter:data1\" content=\"1 minutt\" \/>\n<script type=\"application\/ld+json\" class=\"yoast-schema-graph\">{\"@context\":\"https:\\\/\\\/schema.org\",\"@graph\":[{\"@type\":\"WebPage\",\"@id\":\"https:\\\/\\\/motionfitness.se\\\/no\\\/produkter\\\/wallball\\\/\",\"url\":\"https:\\\/\\\/motionfitness.se\\\/no\\\/produkter\\\/wallball\\\/\",\"name\":\"Veggball Medisinball | Motion Fitness\",\"isPartOf\":{\"@id\":\"https:\\\/\\\/motionfitness.se\\\/no\\\/#website\"},\"primaryImageOfPage\":{\"@id\":\"https:\\\/\\\/motionfitness.se\\\/no\\\/produkter\\\/wallball\\\/#primaryimage\"},\"image\":{\"@id\":\"https:\\\/\\\/motionfitness.se\\\/no\\\/produkter\\\/wallball\\\/#primaryimage\"},\"thumbnailUrl\":\"https:\\\/\\\/motionfitness.se\\\/wp-content\\\/uploads\\\/2022\\\/11\\\/Medicinwallball.webp\",\"datePublished\":\"2022-11-16T09:40:59+00:00\",\"dateModified\":\"2026-04-23T10:03:15+00:00\",\"description\":\"Motion Fitness Wallball Medicine Balls er ekstra slitesterke og designet for \u00e5 t\u00e5le p\u00e5kjenninger og belastninger under t\u00f8ffere trenings\u00f8kter.\",\"breadcrumb\":{\"@id\":\"https:\\\/\\\/motionfitness.se\\\/no\\\/produkter\\\/wallball\\\/#breadcrumb\"},\"inLanguage\":\"nb-NO\",\"potentialAction\":[{\"@type\":\"ReadAction\",\"target\":[\"https:\\\/\\\/motionfitness.se\\\/no\\\/produkter\\\/wallball\\\/\"]}]},{\"@type\":\"ImageObject\",\"inLanguage\":\"nb-NO\",\"@id\":\"https:\\\/\\\/motionfitness.se\\\/no\\\/produkter\\\/wallball\\\/#primaryimage\",\"url\":\"https:\\\/\\\/motionfitness.se\\\/wp-content\\\/uploads\\\/2022\\\/11\\\/Medicinwallball.webp\",\"contentUrl\":\"https:\\\/\\\/motionfitness.se\\\/wp-content\\\/uploads\\\/2022\\\/11\\\/Medicinwallball.webp\",\"width\":1080,\"height\":1080},{\"@type\":\"BreadcrumbList\",\"@id\":\"https:\\\/\\\/motionfitness.se\\\/no\\\/produkter\\\/wallball\\\/#breadcrumb\",\"itemListElement\":[{\"@type\":\"ListItem\",\"position\":1,\"name\":\"Hem\",\"item\":\"https:\\\/\\\/motionfitness.se\\\/no\\\/startside\\\/\"},{\"@type\":\"ListItem\",\"position\":2,\"name\":\"Produkter\",\"item\":\"https:\\\/\\\/motionfitness.se\\\/no\\\/produkter\\\/\"},{\"@type\":\"ListItem\",\"position\":3,\"name\":\"Veggball Medisinball\"}]},{\"@type\":\"WebSite\",\"@id\":\"https:\\\/\\\/motionfitness.se\\\/no\\\/#website\",\"url\":\"https:\\\/\\\/motionfitness.se\\\/no\\\/\",\"name\":\"Motion Fitness\",\"description\":\"Stronger Together\",\"publisher\":{\"@id\":\"https:\\\/\\\/motionfitness.se\\\/no\\\/#organization\"},\"potentialAction\":[{\"@type\":\"SearchAction\",\"target\":{\"@type\":\"EntryPoint\",\"urlTemplate\":\"https:\\\/\\\/motionfitness.se\\\/no\\\/?s={search_term_string}\"},\"query-input\":{\"@type\":\"PropertyValueSpecification\",\"valueRequired\":true,\"valueName\":\"search_term_string\"}}],\"inLanguage\":\"nb-NO\"},{\"@type\":\"Organization\",\"@id\":\"https:\\\/\\\/motionfitness.se\\\/no\\\/#organization\",\"name\":\"Motion Fitness\",\"url\":\"https:\\\/\\\/motionfitness.se\\\/no\\\/\",\"logo\":{\"@type\":\"ImageObject\",\"inLanguage\":\"nb-NO\",\"@id\":\"https:\\\/\\\/motionfitness.se\\\/no\\\/#\\\/schema\\\/logo\\\/image\\\/\",\"url\":\"https:\\\/\\\/motionfitness.se\\\/wp-content\\\/uploads\\\/2024\\\/01\\\/Motion-Fitness-Logol.png\",\"contentUrl\":\"https:\\\/\\\/motionfitness.se\\\/wp-content\\\/uploads\\\/2024\\\/01\\\/Motion-Fitness-Logol.png\",\"width\":1280,\"height\":720,\"caption\":\"Motion Fitness\"},\"image\":{\"@id\":\"https:\\\/\\\/motionfitness.se\\\/no\\\/#\\\/schema\\\/logo\\\/image\\\/\"},\"sameAs\":[\"https:\\\/\\\/www.facebook.com\\\/motionfitnesssverige\\\/\",\"https:\\\/\\\/www.instagram.com\\\/motionfitness.se\\\/\"]}]}<\/script>\n<!-- \/ Yoast SEO plugin. -->","yoast_head_json":{"title":"Veggball Medisinball | Motion Fitness","description":"Motion Fitness Wallball Medicine Balls er ekstra slitesterke og designet for \u00e5 t\u00e5le p\u00e5kjenninger og belastninger under t\u00f8ffere trenings\u00f8kter.","robots":{"index":"index","follow":"follow","max-snippet":"max-snippet:-1","max-image-preview":"max-image-preview:large","max-video-preview":"max-video-preview:-1"},"canonical":"https:\/\/motionfitness.se\/no\/produkter\/wallball\/","og_locale":"nb_NO","og_type":"article","og_title":"Veggball Medisinball | Motion Fitness","og_description":"Motion Fitness Wallball Medicine Balls er ekstra slitesterke og designet for \u00e5 t\u00e5le p\u00e5kjenninger og belastninger under t\u00f8ffere trenings\u00f8kter.","og_url":"https:\/\/motionfitness.se\/no\/produkter\/wallball\/","og_site_name":"Motion Fitness","article_publisher":"https:\/\/www.facebook.com\/motionfitnesssverige\/","article_modified_time":"2026-04-23T10:03:15+00:00","og_image":[{"width":1080,"height":1080,"url":"https:\/\/motionfitness.se\/wp-content\/uploads\/2022\/11\/Medicinwallball.webp","type":"image\/webp"}],"twitter_card":"summary_large_image","twitter_misc":{"Ansl. lesetid":"1 minutt"},"schema":{"@context":"https:\/\/schema.org","@graph":[{"@type":"WebPage","@id":"https:\/\/motionfitness.se\/no\/produkter\/wallball\/","url":"https:\/\/motionfitness.se\/no\/produkter\/wallball\/","name":"Veggball Medisinball | Motion Fitness","isPartOf":{"@id":"https:\/\/motionfitness.se\/no\/#website"},"primaryImageOfPage":{"@id":"https:\/\/motionfitness.se\/no\/produkter\/wallball\/#primaryimage"},"image":{"@id":"https:\/\/motionfitness.se\/no\/produkter\/wallball\/#primaryimage"},"thumbnailUrl":"https:\/\/motionfitness.se\/wp-content\/uploads\/2022\/11\/Medicinwallball.webp","datePublished":"2022-11-16T09:40:59+00:00","dateModified":"2026-04-23T10:03:15+00:00","description":"Motion Fitness Wallball Medicine Balls er ekstra slitesterke og designet for \u00e5 t\u00e5le p\u00e5kjenninger og belastninger under t\u00f8ffere trenings\u00f8kter.","breadcrumb":{"@id":"https:\/\/motionfitness.se\/no\/produkter\/wallball\/#breadcrumb"},"inLanguage":"nb-NO","potentialAction":[{"@type":"ReadAction","target":["https:\/\/motionfitness.se\/no\/produkter\/wallball\/"]}]},{"@type":"ImageObject","inLanguage":"nb-NO","@id":"https:\/\/motionfitness.se\/no\/produkter\/wallball\/#primaryimage","url":"https:\/\/motionfitness.se\/wp-content\/uploads\/2022\/11\/Medicinwallball.webp","contentUrl":"https:\/\/motionfitness.se\/wp-content\/uploads\/2022\/11\/Medicinwallball.webp","width":1080,"height":1080},{"@type":"BreadcrumbList","@id":"https:\/\/motionfitness.se\/no\/produkter\/wallball\/#breadcrumb","itemListElement":[{"@type":"ListItem","position":1,"name":"Hem","item":"https:\/\/motionfitness.se\/no\/startside\/"},{"@type":"ListItem","position":2,"name":"Produkter","item":"https:\/\/motionfitness.se\/no\/produkter\/"},{"@type":"ListItem","position":3,"name":"Veggball Medisinball"}]},{"@type":"WebSite","@id":"https:\/\/motionfitness.se\/no\/#website","url":"https:\/\/motionfitness.se\/no\/","name":"Motion Fitness","description":"Stronger Together","publisher":{"@id":"https:\/\/motionfitness.se\/no\/#organization"},"potentialAction":[{"@type":"SearchAction","target":{"@type":"EntryPoint","urlTemplate":"https:\/\/motionfitness.se\/no\/?s={search_term_string}"},"query-input":{"@type":"PropertyValueSpecification","valueRequired":true,"valueName":"search_term_string"}}],"inLanguage":"nb-NO"},{"@type":"Organization","@id":"https:\/\/motionfitness.se\/no\/#organization","name":"Motion Fitness","url":"https:\/\/motionfitness.se\/no\/","logo":{"@type":"ImageObject","inLanguage":"nb-NO","@id":"https:\/\/motionfitness.se\/no\/#\/schema\/logo\/image\/","url":"https:\/\/motionfitness.se\/wp-content\/uploads\/2024\/01\/Motion-Fitness-Logol.png","contentUrl":"https:\/\/motionfitness.se\/wp-content\/uploads\/2024\/01\/Motion-Fitness-Logol.png","width":1280,"height":720,"caption":"Motion Fitness"},"image":{"@id":"https:\/\/motionfitness.se\/no\/#\/schema\/logo\/image\/"},"sameAs":["https:\/\/www.facebook.com\/motionfitnesssverige\/","https:\/\/www.instagram.com\/motionfitness.se\/"]}]}},"_links":{"self":[{"href":"https:\/\/motionfitness.se\/no\/wp-json\/wp\/v2\/product\/21765","targetHints":{"allow":["GET"]}}],"collection":[{"href":"https:\/\/motionfitness.se\/no\/wp-json\/wp\/v2\/product"}],"about":[{"href":"https:\/\/motionfitness.se\/no\/wp-json\/wp\/v2\/types\/product"}],"replies":[{"embeddable":true,"href":"https:\/\/motionfitness.se\/no\/wp-json\/wp\/v2\/comments?post=21765"}],"wp:featuredmedia":[{"embeddable":true,"href":"https:\/\/motionfitness.se\/no\/wp-json\/wp\/v2\/media\/35373"}],"wp:attachment":[{"href":"https:\/\/motionfitness.se\/no\/wp-json\/wp\/v2\/media?parent=21765"}],"wp:term":[{"taxonomy":"product_brand","embeddable":true,"href":"https:\/\/motionfitness.se\/no\/wp-json\/wp\/v2\/product_brand?post=21765"},{"taxonomy":"product_cat","embeddable":true,"href":"https:\/\/motionfitness.se\/no\/wp-json\/wp\/v2\/product_cat?post=21765"},{"taxonomy":"product_tag","embeddable":true,"href":"https:\/\/motionfitness.se\/no\/wp-json\/wp\/v2\/product_tag?post=21765"}],"curies":[{"name":"wp","href":"https:\/\/api.w.org\/{rel}","templated":true}]}}