{"id":21730,"date":"2022-11-16T10:41:28","date_gmt":"2022-11-16T09:41:28","guid":{"rendered":"https:\/\/motionfitness.se\/produkter\/skyvbar-oppbevaringsvegg\/"},"modified":"2026-04-27T10:12:58","modified_gmt":"2026-04-27T08:12:58","slug":"skyvbar-oppbevaringsvegg","status":"publish","type":"product","link":"https:\/\/motionfitness.se\/no\/produkter\/skyvbar-oppbevaringsvegg\/","title":{"rendered":"Vektstangoppbevaring vegg"},"content":{"rendered":"<p>Smart oppbevaring av vektstangen p\u00e5 veggen. Den plasseffektive utformingen gj\u00f8r at oppbevaring av vektstengene tar minimalt med plass og gir enkel tilgang til vektstengene. Oppbevaringsstativet har plass til opptil 8 vektstenger. Vektstangstativet best\u00e5r av 2 l\u00f8se deler og kan justeres i bredden for \u00e5 passe til ulike typer vektstenger.<\/p>\n","protected":false},"excerpt":{"rendered":"<p>Smart vektstangoppbevaring for vegg. N\u00e5 kan du oppbevare alle vektstengene dine p\u00e5 en ryddig og oversiktlig m\u00e5te! <\/p>\n","protected":false},"featured_media":19451,"comment_status":"open","ping_status":"closed","template":"","meta":{"_acf_changed":false,"_monsterinsights_skip_tracking":false,"_monsterinsights_sitenote_active":false,"_monsterinsights_sitenote_note":"","_monsterinsights_sitenote_category":0},"product_brand":[],"product_cat":[720,440,479],"product_tag":[520],"class_list":{"0":"post-21730","1":"product","2":"type-product","3":"status-publish","4":"has-post-thumbnail","6":"product_cat-lagersalg-no","7":"product_cat-motion-fitness-no","8":"product_cat-oppbevaring","9":"product_tag-kampanjen","11":"first","12":"instock","13":"sale","14":"taxable","15":"shipping-taxable","16":"purchasable","17":"product-type-simple"},"acf":[],"yoast_head":"<!-- This site is optimized with the Yoast SEO plugin v27.4 - https:\/\/yoast.com\/product\/yoast-seo-wordpress\/ -->\n<title>Vektstangoppbevaring vegg | Motion Fitness<\/title>\n<meta name=\"description\" content=\"Motion Fitness Barbell Storage Wall. Plassbesparende design for alle dine vektstenger, tar minimalt med plass og gir enkel tilgang til vektstengene.\" \/>\n<meta name=\"robots\" content=\"index, follow, max-snippet:-1, max-image-preview:large, max-video-preview:-1\" \/>\n<link rel=\"canonical\" href=\"https:\/\/motionfitness.se\/no\/produkter\/skyvbar-oppbevaringsvegg\/\" \/>\n<meta property=\"og:locale\" content=\"nb_NO\" \/>\n<meta property=\"og:type\" content=\"article\" \/>\n<meta property=\"og:title\" content=\"Vektstangoppbevaring vegg | Motion Fitness\" \/>\n<meta property=\"og:description\" content=\"Motion Fitness Barbell Storage Wall. Plassbesparende design for alle dine vektstenger, tar minimalt med plass og gir enkel tilgang til vektstengene.\" \/>\n<meta property=\"og:url\" content=\"https:\/\/motionfitness.se\/no\/produkter\/skyvbar-oppbevaringsvegg\/\" \/>\n<meta property=\"og:site_name\" content=\"Motion Fitness\" \/>\n<meta property=\"article:publisher\" content=\"https:\/\/www.facebook.com\/motionfitnesssverige\/\" \/>\n<meta property=\"article:modified_time\" content=\"2026-04-27T08:12:58+00:00\" \/>\n<meta property=\"og:image\" content=\"https:\/\/motionfitness.se\/wp-content\/uploads\/2022\/11\/MF_SKS11_fri_lager.png\" \/>\n\t<meta property=\"og:image:width\" content=\"1440\" \/>\n\t<meta property=\"og:image:height\" content=\"1440\" \/>\n\t<meta property=\"og:image:type\" content=\"image\/png\" \/>\n<meta name=\"twitter:card\" content=\"summary_large_image\" \/>\n<meta name=\"twitter:label1\" content=\"Ansl. lesetid\" \/>\n\t<meta name=\"twitter:data1\" content=\"1 minutt\" \/>\n<script type=\"application\/ld+json\" class=\"yoast-schema-graph\">{\"@context\":\"https:\\\/\\\/schema.org\",\"@graph\":[{\"@type\":\"WebPage\",\"@id\":\"https:\\\/\\\/motionfitness.se\\\/no\\\/produkter\\\/skyvbar-oppbevaringsvegg\\\/\",\"url\":\"https:\\\/\\\/motionfitness.se\\\/no\\\/produkter\\\/skyvbar-oppbevaringsvegg\\\/\",\"name\":\"Vektstangoppbevaring vegg | Motion Fitness\",\"isPartOf\":{\"@id\":\"https:\\\/\\\/motionfitness.se\\\/no\\\/#website\"},\"primaryImageOfPage\":{\"@id\":\"https:\\\/\\\/motionfitness.se\\\/no\\\/produkter\\\/skyvbar-oppbevaringsvegg\\\/#primaryimage\"},\"image\":{\"@id\":\"https:\\\/\\\/motionfitness.se\\\/no\\\/produkter\\\/skyvbar-oppbevaringsvegg\\\/#primaryimage\"},\"thumbnailUrl\":\"https:\\\/\\\/motionfitness.se\\\/wp-content\\\/uploads\\\/2022\\\/11\\\/MF_SKS11_fri_lager.png\",\"datePublished\":\"2022-11-16T09:41:28+00:00\",\"dateModified\":\"2026-04-27T08:12:58+00:00\",\"description\":\"Motion Fitness Barbell Storage Wall. Plassbesparende design for alle dine vektstenger, tar minimalt med plass og gir enkel tilgang til vektstengene.\",\"breadcrumb\":{\"@id\":\"https:\\\/\\\/motionfitness.se\\\/no\\\/produkter\\\/skyvbar-oppbevaringsvegg\\\/#breadcrumb\"},\"inLanguage\":\"nb-NO\",\"potentialAction\":[{\"@type\":\"ReadAction\",\"target\":[\"https:\\\/\\\/motionfitness.se\\\/no\\\/produkter\\\/skyvbar-oppbevaringsvegg\\\/\"]}]},{\"@type\":\"ImageObject\",\"inLanguage\":\"nb-NO\",\"@id\":\"https:\\\/\\\/motionfitness.se\\\/no\\\/produkter\\\/skyvbar-oppbevaringsvegg\\\/#primaryimage\",\"url\":\"https:\\\/\\\/motionfitness.se\\\/wp-content\\\/uploads\\\/2022\\\/11\\\/MF_SKS11_fri_lager.png\",\"contentUrl\":\"https:\\\/\\\/motionfitness.se\\\/wp-content\\\/uploads\\\/2022\\\/11\\\/MF_SKS11_fri_lager.png\",\"width\":1440,\"height\":1440},{\"@type\":\"BreadcrumbList\",\"@id\":\"https:\\\/\\\/motionfitness.se\\\/no\\\/produkter\\\/skyvbar-oppbevaringsvegg\\\/#breadcrumb\",\"itemListElement\":[{\"@type\":\"ListItem\",\"position\":1,\"name\":\"Hem\",\"item\":\"https:\\\/\\\/motionfitness.se\\\/no\\\/startside\\\/\"},{\"@type\":\"ListItem\",\"position\":2,\"name\":\"Produkter\",\"item\":\"https:\\\/\\\/motionfitness.se\\\/no\\\/produkter\\\/\"},{\"@type\":\"ListItem\",\"position\":3,\"name\":\"Vektstangoppbevaring vegg\"}]},{\"@type\":\"WebSite\",\"@id\":\"https:\\\/\\\/motionfitness.se\\\/no\\\/#website\",\"url\":\"https:\\\/\\\/motionfitness.se\\\/no\\\/\",\"name\":\"Motion Fitness\",\"description\":\"Stronger Together\",\"publisher\":{\"@id\":\"https:\\\/\\\/motionfitness.se\\\/no\\\/#organization\"},\"potentialAction\":[{\"@type\":\"SearchAction\",\"target\":{\"@type\":\"EntryPoint\",\"urlTemplate\":\"https:\\\/\\\/motionfitness.se\\\/no\\\/?s={search_term_string}\"},\"query-input\":{\"@type\":\"PropertyValueSpecification\",\"valueRequired\":true,\"valueName\":\"search_term_string\"}}],\"inLanguage\":\"nb-NO\"},{\"@type\":\"Organization\",\"@id\":\"https:\\\/\\\/motionfitness.se\\\/no\\\/#organization\",\"name\":\"Motion Fitness\",\"url\":\"https:\\\/\\\/motionfitness.se\\\/no\\\/\",\"logo\":{\"@type\":\"ImageObject\",\"inLanguage\":\"nb-NO\",\"@id\":\"https:\\\/\\\/motionfitness.se\\\/no\\\/#\\\/schema\\\/logo\\\/image\\\/\",\"url\":\"https:\\\/\\\/motionfitness.se\\\/wp-content\\\/uploads\\\/2024\\\/01\\\/Motion-Fitness-Logol.png\",\"contentUrl\":\"https:\\\/\\\/motionfitness.se\\\/wp-content\\\/uploads\\\/2024\\\/01\\\/Motion-Fitness-Logol.png\",\"width\":1280,\"height\":720,\"caption\":\"Motion Fitness\"},\"image\":{\"@id\":\"https:\\\/\\\/motionfitness.se\\\/no\\\/#\\\/schema\\\/logo\\\/image\\\/\"},\"sameAs\":[\"https:\\\/\\\/www.facebook.com\\\/motionfitnesssverige\\\/\",\"https:\\\/\\\/www.instagram.com\\\/motionfitness.se\\\/\"]}]}<\/script>\n<!-- \/ Yoast SEO plugin. -->","yoast_head_json":{"title":"Vektstangoppbevaring vegg | Motion Fitness","description":"Motion Fitness Barbell Storage Wall. Plassbesparende design for alle dine vektstenger, tar minimalt med plass og gir enkel tilgang til vektstengene.","robots":{"index":"index","follow":"follow","max-snippet":"max-snippet:-1","max-image-preview":"max-image-preview:large","max-video-preview":"max-video-preview:-1"},"canonical":"https:\/\/motionfitness.se\/no\/produkter\/skyvbar-oppbevaringsvegg\/","og_locale":"nb_NO","og_type":"article","og_title":"Vektstangoppbevaring vegg | Motion Fitness","og_description":"Motion Fitness Barbell Storage Wall. Plassbesparende design for alle dine vektstenger, tar minimalt med plass og gir enkel tilgang til vektstengene.","og_url":"https:\/\/motionfitness.se\/no\/produkter\/skyvbar-oppbevaringsvegg\/","og_site_name":"Motion Fitness","article_publisher":"https:\/\/www.facebook.com\/motionfitnesssverige\/","article_modified_time":"2026-04-27T08:12:58+00:00","og_image":[{"width":1440,"height":1440,"url":"https:\/\/motionfitness.se\/wp-content\/uploads\/2022\/11\/MF_SKS11_fri_lager.png","type":"image\/png"}],"twitter_card":"summary_large_image","twitter_misc":{"Ansl. lesetid":"1 minutt"},"schema":{"@context":"https:\/\/schema.org","@graph":[{"@type":"WebPage","@id":"https:\/\/motionfitness.se\/no\/produkter\/skyvbar-oppbevaringsvegg\/","url":"https:\/\/motionfitness.se\/no\/produkter\/skyvbar-oppbevaringsvegg\/","name":"Vektstangoppbevaring vegg | Motion Fitness","isPartOf":{"@id":"https:\/\/motionfitness.se\/no\/#website"},"primaryImageOfPage":{"@id":"https:\/\/motionfitness.se\/no\/produkter\/skyvbar-oppbevaringsvegg\/#primaryimage"},"image":{"@id":"https:\/\/motionfitness.se\/no\/produkter\/skyvbar-oppbevaringsvegg\/#primaryimage"},"thumbnailUrl":"https:\/\/motionfitness.se\/wp-content\/uploads\/2022\/11\/MF_SKS11_fri_lager.png","datePublished":"2022-11-16T09:41:28+00:00","dateModified":"2026-04-27T08:12:58+00:00","description":"Motion Fitness Barbell Storage Wall. Plassbesparende design for alle dine vektstenger, tar minimalt med plass og gir enkel tilgang til vektstengene.","breadcrumb":{"@id":"https:\/\/motionfitness.se\/no\/produkter\/skyvbar-oppbevaringsvegg\/#breadcrumb"},"inLanguage":"nb-NO","potentialAction":[{"@type":"ReadAction","target":["https:\/\/motionfitness.se\/no\/produkter\/skyvbar-oppbevaringsvegg\/"]}]},{"@type":"ImageObject","inLanguage":"nb-NO","@id":"https:\/\/motionfitness.se\/no\/produkter\/skyvbar-oppbevaringsvegg\/#primaryimage","url":"https:\/\/motionfitness.se\/wp-content\/uploads\/2022\/11\/MF_SKS11_fri_lager.png","contentUrl":"https:\/\/motionfitness.se\/wp-content\/uploads\/2022\/11\/MF_SKS11_fri_lager.png","width":1440,"height":1440},{"@type":"BreadcrumbList","@id":"https:\/\/motionfitness.se\/no\/produkter\/skyvbar-oppbevaringsvegg\/#breadcrumb","itemListElement":[{"@type":"ListItem","position":1,"name":"Hem","item":"https:\/\/motionfitness.se\/no\/startside\/"},{"@type":"ListItem","position":2,"name":"Produkter","item":"https:\/\/motionfitness.se\/no\/produkter\/"},{"@type":"ListItem","position":3,"name":"Vektstangoppbevaring vegg"}]},{"@type":"WebSite","@id":"https:\/\/motionfitness.se\/no\/#website","url":"https:\/\/motionfitness.se\/no\/","name":"Motion Fitness","description":"Stronger Together","publisher":{"@id":"https:\/\/motionfitness.se\/no\/#organization"},"potentialAction":[{"@type":"SearchAction","target":{"@type":"EntryPoint","urlTemplate":"https:\/\/motionfitness.se\/no\/?s={search_term_string}"},"query-input":{"@type":"PropertyValueSpecification","valueRequired":true,"valueName":"search_term_string"}}],"inLanguage":"nb-NO"},{"@type":"Organization","@id":"https:\/\/motionfitness.se\/no\/#organization","name":"Motion Fitness","url":"https:\/\/motionfitness.se\/no\/","logo":{"@type":"ImageObject","inLanguage":"nb-NO","@id":"https:\/\/motionfitness.se\/no\/#\/schema\/logo\/image\/","url":"https:\/\/motionfitness.se\/wp-content\/uploads\/2024\/01\/Motion-Fitness-Logol.png","contentUrl":"https:\/\/motionfitness.se\/wp-content\/uploads\/2024\/01\/Motion-Fitness-Logol.png","width":1280,"height":720,"caption":"Motion Fitness"},"image":{"@id":"https:\/\/motionfitness.se\/no\/#\/schema\/logo\/image\/"},"sameAs":["https:\/\/www.facebook.com\/motionfitnesssverige\/","https:\/\/www.instagram.com\/motionfitness.se\/"]}]}},"_links":{"self":[{"href":"https:\/\/motionfitness.se\/no\/wp-json\/wp\/v2\/product\/21730","targetHints":{"allow":["GET"]}}],"collection":[{"href":"https:\/\/motionfitness.se\/no\/wp-json\/wp\/v2\/product"}],"about":[{"href":"https:\/\/motionfitness.se\/no\/wp-json\/wp\/v2\/types\/product"}],"replies":[{"embeddable":true,"href":"https:\/\/motionfitness.se\/no\/wp-json\/wp\/v2\/comments?post=21730"}],"wp:featuredmedia":[{"embeddable":true,"href":"https:\/\/motionfitness.se\/no\/wp-json\/wp\/v2\/media\/19451"}],"wp:attachment":[{"href":"https:\/\/motionfitness.se\/no\/wp-json\/wp\/v2\/media?parent=21730"}],"wp:term":[{"taxonomy":"product_brand","embeddable":true,"href":"https:\/\/motionfitness.se\/no\/wp-json\/wp\/v2\/product_brand?post=21730"},{"taxonomy":"product_cat","embeddable":true,"href":"https:\/\/motionfitness.se\/no\/wp-json\/wp\/v2\/product_cat?post=21730"},{"taxonomy":"product_tag","embeddable":true,"href":"https:\/\/motionfitness.se\/no\/wp-json\/wp\/v2\/product_tag?post=21730"}],"curies":[{"name":"wp","href":"https:\/\/api.w.org\/{rel}","templated":true}]}}