{"id":21721,"date":"2022-11-16T10:41:42","date_gmt":"2022-11-16T09:41:42","guid":{"rendered":"https:\/\/motionfitness.se\/produkter\/endestykke-30-mm-rett\/"},"modified":"2026-03-28T18:27:02","modified_gmt":"2026-03-28T17:27:02","slug":"endestykke-30-mm-rett","status":"publish","type":"product","link":"https:\/\/motionfitness.se\/no\/produkter\/endestykke-30-mm-rett\/","title":{"rendered":"Endestykke 30 mm Rett"},"content":{"rendered":"<p>Disse rette endestykkene er perfekte \u00e5 legge p\u00e5 et Motion&amp;FitnessPRO-gulv for \u00e5 gi det en fin finish hvis det legges mot en \u00e5pen flate. Endestykket varierer fra 30-10 mm, slik at man unng\u00e5r en h\u00f8y kant som kan utgj\u00f8re en snublefare.<\/p>\n","protected":false},"excerpt":{"rendered":"<p>Endestykker for fin finish p\u00e5 treningsstudioet<\/p>\n","protected":false},"featured_media":20295,"comment_status":"open","ping_status":"closed","template":"","meta":{"_acf_changed":false,"_monsterinsights_skip_tracking":false,"_monsterinsights_sitenote_active":false,"_monsterinsights_sitenote_note":"","_monsterinsights_sitenote_category":0},"product_brand":[],"product_cat":[482,440],"product_tag":[],"class_list":{"0":"post-21721","1":"product","2":"type-product","3":"status-publish","4":"has-post-thumbnail","6":"product_cat-gymgulv","7":"product_cat-motion-fitness-no","9":"first","10":"outofstock","11":"taxable","12":"shipping-taxable","13":"purchasable","14":"product-type-simple"},"acf":[],"yoast_head":"<!-- This site is optimized with the Yoast SEO plugin v27.4 - https:\/\/yoast.com\/product\/yoast-seo-wordpress\/ -->\n<title>Endestykke 20 mm Rett (passer til 20 mm gulv i treningsstudio) - Motionfitness.com<\/title>\n<meta name=\"description\" content=\"Dette endestykket er spesialdesignet for \u00e5 beskytte og jevne ut kantene p\u00e5 treningsstudioets gulv. Passer til gulv med en tykkelse p\u00e5 30 mm og er enkelt \u00e5 montere.\" \/>\n<meta name=\"robots\" content=\"index, follow, max-snippet:-1, max-image-preview:large, max-video-preview:-1\" \/>\n<link rel=\"canonical\" href=\"https:\/\/motionfitness.se\/no\/produkter\/endestykke-30-mm-rett\/\" \/>\n<meta property=\"og:locale\" content=\"nb_NO\" \/>\n<meta property=\"og:type\" content=\"article\" \/>\n<meta property=\"og:title\" content=\"Endestykke 20 mm Rett (passer til 20 mm gulv i treningsstudio) - Motionfitness.com\" \/>\n<meta property=\"og:description\" content=\"Dette endestykket er spesialdesignet for \u00e5 beskytte og jevne ut kantene p\u00e5 treningsstudioets gulv. Passer til gulv med en tykkelse p\u00e5 30 mm og er enkelt \u00e5 montere.\" \/>\n<meta property=\"og:url\" content=\"https:\/\/motionfitness.se\/no\/produkter\/endestykke-30-mm-rett\/\" \/>\n<meta property=\"og:site_name\" content=\"Motion Fitness\" \/>\n<meta property=\"article:publisher\" content=\"https:\/\/www.facebook.com\/motionfitnesssverige\/\" \/>\n<meta property=\"article:modified_time\" content=\"2026-03-28T17:27:02+00:00\" \/>\n<meta property=\"og:image\" content=\"https:\/\/motionfitness.se\/wp-content\/uploads\/2022\/11\/20230712_155051_fri_1000x1000.png\" \/>\n\t<meta property=\"og:image:width\" content=\"1000\" \/>\n\t<meta property=\"og:image:height\" content=\"1000\" \/>\n\t<meta property=\"og:image:type\" content=\"image\/png\" \/>\n<meta name=\"twitter:card\" content=\"summary_large_image\" \/>\n<meta name=\"twitter:label1\" content=\"Ansl. lesetid\" \/>\n\t<meta name=\"twitter:data1\" content=\"1 minutt\" \/>\n<script type=\"application\/ld+json\" class=\"yoast-schema-graph\">{\"@context\":\"https:\\\/\\\/schema.org\",\"@graph\":[{\"@type\":\"WebPage\",\"@id\":\"https:\\\/\\\/motionfitness.se\\\/no\\\/produkter\\\/endestykke-30-mm-rett\\\/\",\"url\":\"https:\\\/\\\/motionfitness.se\\\/no\\\/produkter\\\/endestykke-30-mm-rett\\\/\",\"name\":\"Endestykke 20 mm Rett (passer til 20 mm gulv i treningsstudio) - Motionfitness.com\",\"isPartOf\":{\"@id\":\"https:\\\/\\\/motionfitness.se\\\/no\\\/#website\"},\"primaryImageOfPage\":{\"@id\":\"https:\\\/\\\/motionfitness.se\\\/no\\\/produkter\\\/endestykke-30-mm-rett\\\/#primaryimage\"},\"image\":{\"@id\":\"https:\\\/\\\/motionfitness.se\\\/no\\\/produkter\\\/endestykke-30-mm-rett\\\/#primaryimage\"},\"thumbnailUrl\":\"https:\\\/\\\/motionfitness.se\\\/wp-content\\\/uploads\\\/2022\\\/11\\\/20230712_155051_fri_1000x1000.png\",\"datePublished\":\"2022-11-16T09:41:42+00:00\",\"dateModified\":\"2026-03-28T17:27:02+00:00\",\"description\":\"Dette endestykket er spesialdesignet for \u00e5 beskytte og jevne ut kantene p\u00e5 treningsstudioets gulv. Passer til gulv med en tykkelse p\u00e5 30 mm og er enkelt \u00e5 montere.\",\"breadcrumb\":{\"@id\":\"https:\\\/\\\/motionfitness.se\\\/no\\\/produkter\\\/endestykke-30-mm-rett\\\/#breadcrumb\"},\"inLanguage\":\"nb-NO\",\"potentialAction\":[{\"@type\":\"ReadAction\",\"target\":[\"https:\\\/\\\/motionfitness.se\\\/no\\\/produkter\\\/endestykke-30-mm-rett\\\/\"]}]},{\"@type\":\"ImageObject\",\"inLanguage\":\"nb-NO\",\"@id\":\"https:\\\/\\\/motionfitness.se\\\/no\\\/produkter\\\/endestykke-30-mm-rett\\\/#primaryimage\",\"url\":\"https:\\\/\\\/motionfitness.se\\\/wp-content\\\/uploads\\\/2022\\\/11\\\/20230712_155051_fri_1000x1000.png\",\"contentUrl\":\"https:\\\/\\\/motionfitness.se\\\/wp-content\\\/uploads\\\/2022\\\/11\\\/20230712_155051_fri_1000x1000.png\",\"width\":1000,\"height\":1000,\"caption\":\"Endestykke rett_gym gulv\"},{\"@type\":\"BreadcrumbList\",\"@id\":\"https:\\\/\\\/motionfitness.se\\\/no\\\/produkter\\\/endestykke-30-mm-rett\\\/#breadcrumb\",\"itemListElement\":[{\"@type\":\"ListItem\",\"position\":1,\"name\":\"Hem\",\"item\":\"https:\\\/\\\/motionfitness.se\\\/no\\\/startside\\\/\"},{\"@type\":\"ListItem\",\"position\":2,\"name\":\"Produkter\",\"item\":\"https:\\\/\\\/motionfitness.se\\\/no\\\/produkter\\\/\"},{\"@type\":\"ListItem\",\"position\":3,\"name\":\"Endestykke 30 mm Rett\"}]},{\"@type\":\"WebSite\",\"@id\":\"https:\\\/\\\/motionfitness.se\\\/no\\\/#website\",\"url\":\"https:\\\/\\\/motionfitness.se\\\/no\\\/\",\"name\":\"Motion Fitness\",\"description\":\"Stronger Together\",\"publisher\":{\"@id\":\"https:\\\/\\\/motionfitness.se\\\/no\\\/#organization\"},\"potentialAction\":[{\"@type\":\"SearchAction\",\"target\":{\"@type\":\"EntryPoint\",\"urlTemplate\":\"https:\\\/\\\/motionfitness.se\\\/no\\\/?s={search_term_string}\"},\"query-input\":{\"@type\":\"PropertyValueSpecification\",\"valueRequired\":true,\"valueName\":\"search_term_string\"}}],\"inLanguage\":\"nb-NO\"},{\"@type\":\"Organization\",\"@id\":\"https:\\\/\\\/motionfitness.se\\\/no\\\/#organization\",\"name\":\"Motion Fitness\",\"url\":\"https:\\\/\\\/motionfitness.se\\\/no\\\/\",\"logo\":{\"@type\":\"ImageObject\",\"inLanguage\":\"nb-NO\",\"@id\":\"https:\\\/\\\/motionfitness.se\\\/no\\\/#\\\/schema\\\/logo\\\/image\\\/\",\"url\":\"https:\\\/\\\/motionfitness.se\\\/wp-content\\\/uploads\\\/2024\\\/01\\\/Motion-Fitness-Logol.png\",\"contentUrl\":\"https:\\\/\\\/motionfitness.se\\\/wp-content\\\/uploads\\\/2024\\\/01\\\/Motion-Fitness-Logol.png\",\"width\":1280,\"height\":720,\"caption\":\"Motion Fitness\"},\"image\":{\"@id\":\"https:\\\/\\\/motionfitness.se\\\/no\\\/#\\\/schema\\\/logo\\\/image\\\/\"},\"sameAs\":[\"https:\\\/\\\/www.facebook.com\\\/motionfitnesssverige\\\/\",\"https:\\\/\\\/www.instagram.com\\\/motionfitness.se\\\/\"]}]}<\/script>\n<!-- \/ Yoast SEO plugin. -->","yoast_head_json":{"title":"Endestykke 20 mm Rett (passer til 20 mm gulv i treningsstudio) - Motionfitness.com","description":"Dette endestykket er spesialdesignet for \u00e5 beskytte og jevne ut kantene p\u00e5 treningsstudioets gulv. Passer til gulv med en tykkelse p\u00e5 30 mm og er enkelt \u00e5 montere.","robots":{"index":"index","follow":"follow","max-snippet":"max-snippet:-1","max-image-preview":"max-image-preview:large","max-video-preview":"max-video-preview:-1"},"canonical":"https:\/\/motionfitness.se\/no\/produkter\/endestykke-30-mm-rett\/","og_locale":"nb_NO","og_type":"article","og_title":"Endestykke 20 mm Rett (passer til 20 mm gulv i treningsstudio) - Motionfitness.com","og_description":"Dette endestykket er spesialdesignet for \u00e5 beskytte og jevne ut kantene p\u00e5 treningsstudioets gulv. Passer til gulv med en tykkelse p\u00e5 30 mm og er enkelt \u00e5 montere.","og_url":"https:\/\/motionfitness.se\/no\/produkter\/endestykke-30-mm-rett\/","og_site_name":"Motion Fitness","article_publisher":"https:\/\/www.facebook.com\/motionfitnesssverige\/","article_modified_time":"2026-03-28T17:27:02+00:00","og_image":[{"width":1000,"height":1000,"url":"https:\/\/motionfitness.se\/wp-content\/uploads\/2022\/11\/20230712_155051_fri_1000x1000.png","type":"image\/png"}],"twitter_card":"summary_large_image","twitter_misc":{"Ansl. lesetid":"1 minutt"},"schema":{"@context":"https:\/\/schema.org","@graph":[{"@type":"WebPage","@id":"https:\/\/motionfitness.se\/no\/produkter\/endestykke-30-mm-rett\/","url":"https:\/\/motionfitness.se\/no\/produkter\/endestykke-30-mm-rett\/","name":"Endestykke 20 mm Rett (passer til 20 mm gulv i treningsstudio) - Motionfitness.com","isPartOf":{"@id":"https:\/\/motionfitness.se\/no\/#website"},"primaryImageOfPage":{"@id":"https:\/\/motionfitness.se\/no\/produkter\/endestykke-30-mm-rett\/#primaryimage"},"image":{"@id":"https:\/\/motionfitness.se\/no\/produkter\/endestykke-30-mm-rett\/#primaryimage"},"thumbnailUrl":"https:\/\/motionfitness.se\/wp-content\/uploads\/2022\/11\/20230712_155051_fri_1000x1000.png","datePublished":"2022-11-16T09:41:42+00:00","dateModified":"2026-03-28T17:27:02+00:00","description":"Dette endestykket er spesialdesignet for \u00e5 beskytte og jevne ut kantene p\u00e5 treningsstudioets gulv. Passer til gulv med en tykkelse p\u00e5 30 mm og er enkelt \u00e5 montere.","breadcrumb":{"@id":"https:\/\/motionfitness.se\/no\/produkter\/endestykke-30-mm-rett\/#breadcrumb"},"inLanguage":"nb-NO","potentialAction":[{"@type":"ReadAction","target":["https:\/\/motionfitness.se\/no\/produkter\/endestykke-30-mm-rett\/"]}]},{"@type":"ImageObject","inLanguage":"nb-NO","@id":"https:\/\/motionfitness.se\/no\/produkter\/endestykke-30-mm-rett\/#primaryimage","url":"https:\/\/motionfitness.se\/wp-content\/uploads\/2022\/11\/20230712_155051_fri_1000x1000.png","contentUrl":"https:\/\/motionfitness.se\/wp-content\/uploads\/2022\/11\/20230712_155051_fri_1000x1000.png","width":1000,"height":1000,"caption":"Endestykke rett_gym gulv"},{"@type":"BreadcrumbList","@id":"https:\/\/motionfitness.se\/no\/produkter\/endestykke-30-mm-rett\/#breadcrumb","itemListElement":[{"@type":"ListItem","position":1,"name":"Hem","item":"https:\/\/motionfitness.se\/no\/startside\/"},{"@type":"ListItem","position":2,"name":"Produkter","item":"https:\/\/motionfitness.se\/no\/produkter\/"},{"@type":"ListItem","position":3,"name":"Endestykke 30 mm Rett"}]},{"@type":"WebSite","@id":"https:\/\/motionfitness.se\/no\/#website","url":"https:\/\/motionfitness.se\/no\/","name":"Motion Fitness","description":"Stronger Together","publisher":{"@id":"https:\/\/motionfitness.se\/no\/#organization"},"potentialAction":[{"@type":"SearchAction","target":{"@type":"EntryPoint","urlTemplate":"https:\/\/motionfitness.se\/no\/?s={search_term_string}"},"query-input":{"@type":"PropertyValueSpecification","valueRequired":true,"valueName":"search_term_string"}}],"inLanguage":"nb-NO"},{"@type":"Organization","@id":"https:\/\/motionfitness.se\/no\/#organization","name":"Motion Fitness","url":"https:\/\/motionfitness.se\/no\/","logo":{"@type":"ImageObject","inLanguage":"nb-NO","@id":"https:\/\/motionfitness.se\/no\/#\/schema\/logo\/image\/","url":"https:\/\/motionfitness.se\/wp-content\/uploads\/2024\/01\/Motion-Fitness-Logol.png","contentUrl":"https:\/\/motionfitness.se\/wp-content\/uploads\/2024\/01\/Motion-Fitness-Logol.png","width":1280,"height":720,"caption":"Motion Fitness"},"image":{"@id":"https:\/\/motionfitness.se\/no\/#\/schema\/logo\/image\/"},"sameAs":["https:\/\/www.facebook.com\/motionfitnesssverige\/","https:\/\/www.instagram.com\/motionfitness.se\/"]}]}},"_links":{"self":[{"href":"https:\/\/motionfitness.se\/no\/wp-json\/wp\/v2\/product\/21721","targetHints":{"allow":["GET"]}}],"collection":[{"href":"https:\/\/motionfitness.se\/no\/wp-json\/wp\/v2\/product"}],"about":[{"href":"https:\/\/motionfitness.se\/no\/wp-json\/wp\/v2\/types\/product"}],"replies":[{"embeddable":true,"href":"https:\/\/motionfitness.se\/no\/wp-json\/wp\/v2\/comments?post=21721"}],"wp:featuredmedia":[{"embeddable":true,"href":"https:\/\/motionfitness.se\/no\/wp-json\/wp\/v2\/media\/20295"}],"wp:attachment":[{"href":"https:\/\/motionfitness.se\/no\/wp-json\/wp\/v2\/media?parent=21721"}],"wp:term":[{"taxonomy":"product_brand","embeddable":true,"href":"https:\/\/motionfitness.se\/no\/wp-json\/wp\/v2\/product_brand?post=21721"},{"taxonomy":"product_cat","embeddable":true,"href":"https:\/\/motionfitness.se\/no\/wp-json\/wp\/v2\/product_cat?post=21721"},{"taxonomy":"product_tag","embeddable":true,"href":"https:\/\/motionfitness.se\/no\/wp-json\/wp\/v2\/product_tag?post=21721"}],"curies":[{"name":"wp","href":"https:\/\/api.w.org\/{rel}","templated":true}]}}