{"id":21692,"date":"2022-11-16T10:42:06","date_gmt":"2022-11-16T09:42:06","guid":{"rendered":"https:\/\/motionfitness.se\/produkter\/spinningsykkel-sp7\/"},"modified":"2026-04-13T11:48:25","modified_gmt":"2026-04-13T09:48:25","slug":"spinningsykkel-sp7","status":"publish","type":"product","link":"https:\/\/motionfitness.se\/no\/produkter\/spinningbike-sp7\/","title":{"rendered":"Spinningsykkel SP7"},"content":{"rendered":"<p><strong>Circle Fitness SP7 Spinningsykkel: Jevn, stilleg\u00e5ende og f\u00f8rsteklasses ytelse<\/strong><\/p>\n<p><b>Circle Fitness SP7<\/b> er spinningsykkelen som kombinerer kompromissl\u00f8s kvalitet med intuitiv design for \u00e5 optimalisere treningen og anlegget ditt.<br \/>\nDenne robuste og lettkj\u00f8rte ergometersykkelen er designet for \u00e5 levere <b>h\u00f8yest mulig ytelse<\/b>, enten det er i et <b>lett kommersielt trenings<\/b> studio eller <b>hjemme<\/b>.<\/p>\n<p><b>Funksjoner og teknologi med h\u00f8y ytelse:<\/b><\/p>\n<ul>\n<li><b>Rolig og jevn bevegelse:<\/b> Den reimdrevne designen gir en stilleg\u00e5ende, komfortabel og jevn kj\u00f8ring, noe som er viktig b\u00e5de hjemme og p\u00e5 treningssenteret.<\/li>\n<li><b>Dobbel magnetisk motstand:<\/b> Forbedre og utvid treningen din med avansert teknologi som sikrer presisjon i motstanden.<\/li>\n<li><b>Robust skaft:<\/b> SP7 er designet med et kraftig skaft som prioriterer langsiktig <b>holdbarhet<\/b>, noe som gj\u00f8r den til en utvilsomt <b>f\u00f8rsteklasses<\/b> investering.<\/li>\n<li><b>Enkel justering:<\/b> Sykkelen er sv\u00e6rt intuitiv og <b>enkel<\/b> \u00e5 <b>justere<\/b> for raskt \u00e5 sikre optimal komfort og posisjon for alle brukere.<\/li>\n<\/ul>\n<p><b>Full kontroll og komfort:<\/b><\/p>\n<ul>\n<li><b>Tydelige ytelsesdata:<\/b> Leveres med et enkelt og tydelig display som gir deg umiddelbar tilbakemelding for \u00e5 f\u00f8lge med p\u00e5 ytelsen din gjennom hele trenings\u00f8kten.<\/li>\n<li>Enkle <b>kontroller:<\/b> Juster motstanden og bremsen raskt og enkelt med brukervennlige kontroller, slik at du aldri mister rytmen.<\/li>\n<li><b>Komfort i fokus:<\/b> Til tross for den robuste konstruksjonen er komforten satt i h\u00f8ysetet for \u00e5 gi en optimal brukeropplevelse.<\/li>\n<\/ul>\n<p>&nbsp;<\/p>\n<p><b>Invester i Circle Fitness SP7 Spinningsykkel &#8211; en kombinasjon av f\u00f8rsteklasses ytelse, holdbarhet og stilleg\u00e5ende teknologi.<\/b><\/p>\n","protected":false},"excerpt":{"rendered":"<p>Circle SP7 spinningsykkel er en stabil og smidig ergometersykkel for lette kommersielle treningsstudioer og for hjemmet. Justerbar og egnet for alle brukere. Spinningsykkelen har et enkelt og oversiktlig display som gj\u00f8r det mulig for brukeren \u00e5 f\u00f8lge med p\u00e5 ytelsen under trenings\u00f8kten. Remdrift med enkle kontroller for valg av motstand og bremsing. &laquo;Smooth motion&raquo;-teknologien gir en stilleg\u00e5ende, komfortabel og behagelig kj\u00f8retur.<\/p>\n","protected":false},"featured_media":35111,"comment_status":"open","ping_status":"closed","template":"","meta":{"_acf_changed":false,"_monsterinsights_skip_tracking":false,"_monsterinsights_sitenote_active":false,"_monsterinsights_sitenote_note":"","_monsterinsights_sitenote_category":0},"product_brand":[],"product_cat":[591,476],"product_tag":[],"class_list":{"0":"post-21692","1":"product","2":"type-product","3":"status-publish","4":"has-post-thumbnail","6":"product_cat-circle-fitness-no","7":"product_cat-sykler","9":"first","10":"outofstock","11":"taxable","12":"shipping-taxable","13":"purchasable","14":"product-type-simple"},"acf":[],"yoast_head":"<!-- This site is optimized with the Yoast SEO plugin v27.4 - https:\/\/yoast.com\/product\/yoast-seo-wordpress\/ -->\n<title>Spinningsykkel SP7 (for treningsstudio) - Motionfitness.com<\/title>\n<meta name=\"description\" content=\"Invester i Circle Fitness SP7 Spinningsykkel - en kombinasjon av f\u00f8rsteklasses ytelse, holdbarhet og stilleg\u00e5ende teknologi.\" \/>\n<meta name=\"robots\" content=\"index, follow, max-snippet:-1, max-image-preview:large, max-video-preview:-1\" \/>\n<link rel=\"canonical\" href=\"https:\/\/motionfitness.se\/no\/produkter\/spinningbike-sp7\/\" \/>\n<meta property=\"og:locale\" content=\"nb_NO\" \/>\n<meta property=\"og:type\" content=\"article\" \/>\n<meta property=\"og:title\" content=\"Spinningsykkel SP7 (for treningsstudio) - Motionfitness.com\" \/>\n<meta property=\"og:description\" content=\"Invester i Circle Fitness SP7 Spinningsykkel - en kombinasjon av f\u00f8rsteklasses ytelse, holdbarhet og stilleg\u00e5ende teknologi.\" \/>\n<meta property=\"og:url\" content=\"https:\/\/motionfitness.se\/no\/produkter\/spinningbike-sp7\/\" \/>\n<meta property=\"og:site_name\" content=\"Motion Fitness\" \/>\n<meta property=\"article:publisher\" content=\"https:\/\/www.facebook.com\/motionfitnesssverige\/\" \/>\n<meta property=\"article:modified_time\" content=\"2026-04-13T09:48:25+00:00\" \/>\n<meta property=\"og:image\" content=\"https:\/\/motionfitness.se\/wp-content\/uploads\/2022\/11\/2-11.png\" \/>\n\t<meta property=\"og:image:width\" content=\"1080\" \/>\n\t<meta property=\"og:image:height\" content=\"1080\" \/>\n\t<meta property=\"og:image:type\" content=\"image\/png\" \/>\n<meta name=\"twitter:card\" content=\"summary_large_image\" \/>\n<meta name=\"twitter:label1\" content=\"Ansl. lesetid\" \/>\n\t<meta name=\"twitter:data1\" content=\"1 minutt\" \/>\n<script type=\"application\/ld+json\" class=\"yoast-schema-graph\">{\"@context\":\"https:\\\/\\\/schema.org\",\"@graph\":[{\"@type\":\"WebPage\",\"@id\":\"https:\\\/\\\/motionfitness.se\\\/no\\\/produkter\\\/spinningbike-sp7\\\/\",\"url\":\"https:\\\/\\\/motionfitness.se\\\/no\\\/produkter\\\/spinningbike-sp7\\\/\",\"name\":\"Spinningsykkel SP7 (for treningsstudio) - Motionfitness.com\",\"isPartOf\":{\"@id\":\"https:\\\/\\\/motionfitness.se\\\/no\\\/#website\"},\"primaryImageOfPage\":{\"@id\":\"https:\\\/\\\/motionfitness.se\\\/no\\\/produkter\\\/spinningbike-sp7\\\/#primaryimage\"},\"image\":{\"@id\":\"https:\\\/\\\/motionfitness.se\\\/no\\\/produkter\\\/spinningbike-sp7\\\/#primaryimage\"},\"thumbnailUrl\":\"https:\\\/\\\/motionfitness.se\\\/wp-content\\\/uploads\\\/2022\\\/11\\\/2-11.png\",\"datePublished\":\"2022-11-16T09:42:06+00:00\",\"dateModified\":\"2026-04-13T09:48:25+00:00\",\"description\":\"Invester i Circle Fitness SP7 Spinningsykkel - en kombinasjon av f\u00f8rsteklasses ytelse, holdbarhet og stilleg\u00e5ende teknologi.\",\"breadcrumb\":{\"@id\":\"https:\\\/\\\/motionfitness.se\\\/no\\\/produkter\\\/spinningbike-sp7\\\/#breadcrumb\"},\"inLanguage\":\"nb-NO\",\"potentialAction\":[{\"@type\":\"ReadAction\",\"target\":[\"https:\\\/\\\/motionfitness.se\\\/no\\\/produkter\\\/spinningbike-sp7\\\/\"]}]},{\"@type\":\"ImageObject\",\"inLanguage\":\"nb-NO\",\"@id\":\"https:\\\/\\\/motionfitness.se\\\/no\\\/produkter\\\/spinningbike-sp7\\\/#primaryimage\",\"url\":\"https:\\\/\\\/motionfitness.se\\\/wp-content\\\/uploads\\\/2022\\\/11\\\/2-11.png\",\"contentUrl\":\"https:\\\/\\\/motionfitness.se\\\/wp-content\\\/uploads\\\/2022\\\/11\\\/2-11.png\",\"width\":1080,\"height\":1080},{\"@type\":\"BreadcrumbList\",\"@id\":\"https:\\\/\\\/motionfitness.se\\\/no\\\/produkter\\\/spinningbike-sp7\\\/#breadcrumb\",\"itemListElement\":[{\"@type\":\"ListItem\",\"position\":1,\"name\":\"Hem\",\"item\":\"https:\\\/\\\/motionfitness.se\\\/no\\\/startside\\\/\"},{\"@type\":\"ListItem\",\"position\":2,\"name\":\"Produkter\",\"item\":\"https:\\\/\\\/motionfitness.se\\\/no\\\/produkter\\\/\"},{\"@type\":\"ListItem\",\"position\":3,\"name\":\"Spinningsykkel SP7\"}]},{\"@type\":\"WebSite\",\"@id\":\"https:\\\/\\\/motionfitness.se\\\/no\\\/#website\",\"url\":\"https:\\\/\\\/motionfitness.se\\\/no\\\/\",\"name\":\"Motion Fitness\",\"description\":\"Stronger Together\",\"publisher\":{\"@id\":\"https:\\\/\\\/motionfitness.se\\\/no\\\/#organization\"},\"potentialAction\":[{\"@type\":\"SearchAction\",\"target\":{\"@type\":\"EntryPoint\",\"urlTemplate\":\"https:\\\/\\\/motionfitness.se\\\/no\\\/?s={search_term_string}\"},\"query-input\":{\"@type\":\"PropertyValueSpecification\",\"valueRequired\":true,\"valueName\":\"search_term_string\"}}],\"inLanguage\":\"nb-NO\"},{\"@type\":\"Organization\",\"@id\":\"https:\\\/\\\/motionfitness.se\\\/no\\\/#organization\",\"name\":\"Motion Fitness\",\"url\":\"https:\\\/\\\/motionfitness.se\\\/no\\\/\",\"logo\":{\"@type\":\"ImageObject\",\"inLanguage\":\"nb-NO\",\"@id\":\"https:\\\/\\\/motionfitness.se\\\/no\\\/#\\\/schema\\\/logo\\\/image\\\/\",\"url\":\"https:\\\/\\\/motionfitness.se\\\/wp-content\\\/uploads\\\/2024\\\/01\\\/Motion-Fitness-Logol.png\",\"contentUrl\":\"https:\\\/\\\/motionfitness.se\\\/wp-content\\\/uploads\\\/2024\\\/01\\\/Motion-Fitness-Logol.png\",\"width\":1280,\"height\":720,\"caption\":\"Motion Fitness\"},\"image\":{\"@id\":\"https:\\\/\\\/motionfitness.se\\\/no\\\/#\\\/schema\\\/logo\\\/image\\\/\"},\"sameAs\":[\"https:\\\/\\\/www.facebook.com\\\/motionfitnesssverige\\\/\",\"https:\\\/\\\/www.instagram.com\\\/motionfitness.se\\\/\"]}]}<\/script>\n<!-- \/ Yoast SEO plugin. -->","yoast_head_json":{"title":"Spinningsykkel SP7 (for treningsstudio) - Motionfitness.com","description":"Invester i Circle Fitness SP7 Spinningsykkel - en kombinasjon av f\u00f8rsteklasses ytelse, holdbarhet og stilleg\u00e5ende teknologi.","robots":{"index":"index","follow":"follow","max-snippet":"max-snippet:-1","max-image-preview":"max-image-preview:large","max-video-preview":"max-video-preview:-1"},"canonical":"https:\/\/motionfitness.se\/no\/produkter\/spinningbike-sp7\/","og_locale":"nb_NO","og_type":"article","og_title":"Spinningsykkel SP7 (for treningsstudio) - Motionfitness.com","og_description":"Invester i Circle Fitness SP7 Spinningsykkel - en kombinasjon av f\u00f8rsteklasses ytelse, holdbarhet og stilleg\u00e5ende teknologi.","og_url":"https:\/\/motionfitness.se\/no\/produkter\/spinningbike-sp7\/","og_site_name":"Motion Fitness","article_publisher":"https:\/\/www.facebook.com\/motionfitnesssverige\/","article_modified_time":"2026-04-13T09:48:25+00:00","og_image":[{"width":1080,"height":1080,"url":"https:\/\/motionfitness.se\/wp-content\/uploads\/2022\/11\/2-11.png","type":"image\/png"}],"twitter_card":"summary_large_image","twitter_misc":{"Ansl. lesetid":"1 minutt"},"schema":{"@context":"https:\/\/schema.org","@graph":[{"@type":"WebPage","@id":"https:\/\/motionfitness.se\/no\/produkter\/spinningbike-sp7\/","url":"https:\/\/motionfitness.se\/no\/produkter\/spinningbike-sp7\/","name":"Spinningsykkel SP7 (for treningsstudio) - Motionfitness.com","isPartOf":{"@id":"https:\/\/motionfitness.se\/no\/#website"},"primaryImageOfPage":{"@id":"https:\/\/motionfitness.se\/no\/produkter\/spinningbike-sp7\/#primaryimage"},"image":{"@id":"https:\/\/motionfitness.se\/no\/produkter\/spinningbike-sp7\/#primaryimage"},"thumbnailUrl":"https:\/\/motionfitness.se\/wp-content\/uploads\/2022\/11\/2-11.png","datePublished":"2022-11-16T09:42:06+00:00","dateModified":"2026-04-13T09:48:25+00:00","description":"Invester i Circle Fitness SP7 Spinningsykkel - en kombinasjon av f\u00f8rsteklasses ytelse, holdbarhet og stilleg\u00e5ende teknologi.","breadcrumb":{"@id":"https:\/\/motionfitness.se\/no\/produkter\/spinningbike-sp7\/#breadcrumb"},"inLanguage":"nb-NO","potentialAction":[{"@type":"ReadAction","target":["https:\/\/motionfitness.se\/no\/produkter\/spinningbike-sp7\/"]}]},{"@type":"ImageObject","inLanguage":"nb-NO","@id":"https:\/\/motionfitness.se\/no\/produkter\/spinningbike-sp7\/#primaryimage","url":"https:\/\/motionfitness.se\/wp-content\/uploads\/2022\/11\/2-11.png","contentUrl":"https:\/\/motionfitness.se\/wp-content\/uploads\/2022\/11\/2-11.png","width":1080,"height":1080},{"@type":"BreadcrumbList","@id":"https:\/\/motionfitness.se\/no\/produkter\/spinningbike-sp7\/#breadcrumb","itemListElement":[{"@type":"ListItem","position":1,"name":"Hem","item":"https:\/\/motionfitness.se\/no\/startside\/"},{"@type":"ListItem","position":2,"name":"Produkter","item":"https:\/\/motionfitness.se\/no\/produkter\/"},{"@type":"ListItem","position":3,"name":"Spinningsykkel SP7"}]},{"@type":"WebSite","@id":"https:\/\/motionfitness.se\/no\/#website","url":"https:\/\/motionfitness.se\/no\/","name":"Motion Fitness","description":"Stronger Together","publisher":{"@id":"https:\/\/motionfitness.se\/no\/#organization"},"potentialAction":[{"@type":"SearchAction","target":{"@type":"EntryPoint","urlTemplate":"https:\/\/motionfitness.se\/no\/?s={search_term_string}"},"query-input":{"@type":"PropertyValueSpecification","valueRequired":true,"valueName":"search_term_string"}}],"inLanguage":"nb-NO"},{"@type":"Organization","@id":"https:\/\/motionfitness.se\/no\/#organization","name":"Motion Fitness","url":"https:\/\/motionfitness.se\/no\/","logo":{"@type":"ImageObject","inLanguage":"nb-NO","@id":"https:\/\/motionfitness.se\/no\/#\/schema\/logo\/image\/","url":"https:\/\/motionfitness.se\/wp-content\/uploads\/2024\/01\/Motion-Fitness-Logol.png","contentUrl":"https:\/\/motionfitness.se\/wp-content\/uploads\/2024\/01\/Motion-Fitness-Logol.png","width":1280,"height":720,"caption":"Motion Fitness"},"image":{"@id":"https:\/\/motionfitness.se\/no\/#\/schema\/logo\/image\/"},"sameAs":["https:\/\/www.facebook.com\/motionfitnesssverige\/","https:\/\/www.instagram.com\/motionfitness.se\/"]}]}},"_links":{"self":[{"href":"https:\/\/motionfitness.se\/no\/wp-json\/wp\/v2\/product\/21692","targetHints":{"allow":["GET"]}}],"collection":[{"href":"https:\/\/motionfitness.se\/no\/wp-json\/wp\/v2\/product"}],"about":[{"href":"https:\/\/motionfitness.se\/no\/wp-json\/wp\/v2\/types\/product"}],"replies":[{"embeddable":true,"href":"https:\/\/motionfitness.se\/no\/wp-json\/wp\/v2\/comments?post=21692"}],"wp:featuredmedia":[{"embeddable":true,"href":"https:\/\/motionfitness.se\/no\/wp-json\/wp\/v2\/media\/35111"}],"wp:attachment":[{"href":"https:\/\/motionfitness.se\/no\/wp-json\/wp\/v2\/media?parent=21692"}],"wp:term":[{"taxonomy":"product_brand","embeddable":true,"href":"https:\/\/motionfitness.se\/no\/wp-json\/wp\/v2\/product_brand?post=21692"},{"taxonomy":"product_cat","embeddable":true,"href":"https:\/\/motionfitness.se\/no\/wp-json\/wp\/v2\/product_cat?post=21692"},{"taxonomy":"product_tag","embeddable":true,"href":"https:\/\/motionfitness.se\/no\/wp-json\/wp\/v2\/product_tag?post=21692"}],"curies":[{"name":"wp","href":"https:\/\/api.w.org\/{rel}","templated":true}]}}