{"id":21674,"date":"2022-11-16T10:41:55","date_gmt":"2022-11-16T09:41:55","guid":{"rendered":"https:\/\/motionfitness.se\/produkter\/crosstrainer-e6\/"},"modified":"2026-04-27T10:13:57","modified_gmt":"2026-04-27T08:13:57","slug":"crosstrainer-e6","status":"publish","type":"product","link":"https:\/\/motionfitness.se\/no\/produkter\/crosstrainer-e6\/","title":{"rendered":"Crosstrainer E6"},"content":{"rendered":"<p><strong>Circle Fitness E6 crosstrainer &#8211; kompakt design, h\u00f8y ytelse<\/strong><\/p>\n<p><b>Circle Fitness E6 Crosstrainer<\/b> setter en ny standard for ellipsemaskin-trening. Med sin minimalistiske, <b>plassbesparende design<\/b> og garanterte holdbarhet gir denne maskinen en effektiv <b>helkroppstrening<\/b> som oppfyller de h\u00f8ye kravene som stilles p\u00e5 ethvert treningsanlegg. E6 er bygget for \u00e5 v\u00e6re b\u00e5de bedre og mer fleksibel. Den er tilgjengelig i to ulike varianter, en med LED-skjerm og en med ber\u00f8ringsskjerm.   <\/p>\n<p><b>Designet for plass og stil:<\/b><\/p>\n<ul>\n<li><b>Plassbesparende ramme:<\/b> Circle Fitness E6 kombinerer topp ytelse med en praktisk, slitesterk ramme som gir optimal plass. Et ideelt valg for <b>bedriftssentre<\/b>, lettere kommersielle anlegg og hjemmetreningsstudioer der plass er en prioritet. <\/li>\n<li><b>Ergonomisk kontroll:<\/b> Utstyrt med en praktisk plassert <b>ergonomisk girspak<\/b> for rask og effektiv justering under intense \u00f8kter.<\/li>\n<li><b>Smart oppbevaring:<\/b> Gjennomtenkt design inkluderer en lett tilgjengelig vannflaskeholder som motiverer deg til \u00e5 holde tempoet oppe under hele trenings\u00f8kten.<\/li>\n<\/ul>\n<p><b>Overlegen bevegelse og kontroll:<\/b><\/p>\n<ul>\n<li><b>Jevnt og naturlig tr\u00e5kk:<\/b> E6 er et kommersielt produkt bygget med materialer av h\u00f8yeste kvalitet. Den gir eksepsjonell <b>flyt<\/b> og et romslig pedalomr\u00e5de for en naturlig treningsopplevelse, hver gang. <\/li>\n<li><b>Overlegne skinner i aluminium:<\/b> Aluminiumsskinnene er produsert med en glatt overflate, noe som sikrer en jevn kj\u00f8ring og slitesterk betjening av overkroppen, og forlenger maskinens levetid.<\/li>\n<li>Pulskontroll <b>i fokus:<\/b> Ta full kontroll over treningen din med den innebygde <b>pulskontrollfunksjonen<\/b>. Optimaliser tempoet ditt og unng\u00e5 plat\u00e5er ved \u00e5 trene i riktig pulssone. <\/li>\n<\/ul>\n<p>&nbsp;<\/p>\n<p><b>Circle Fitness E6 Crosstrainer &#8211; bygget for \u00e5 levere kraft og presisjon, noe som gj\u00f8r den til en langsiktig investering i helse og ytelse.<\/b><\/p>\n","protected":false},"excerpt":{"rendered":"<p>Circle Fitness E6 er den perfekte crosstraineren for bedriftssenteret, borettslaget, hotellet eller hjemmetreningssenteret.<br \/>\nKompakt design, h\u00f8y ytelse &#8211; <strong>Velg din modell med enten LED eller ber\u00f8ringsskjerm<\/strong>.<\/p>\n","protected":false},"featured_media":35066,"comment_status":"open","ping_status":"closed","template":"","meta":{"_acf_changed":false,"_monsterinsights_skip_tracking":false,"_monsterinsights_sitenote_active":false,"_monsterinsights_sitenote_note":"","_monsterinsights_sitenote_category":0},"product_brand":[],"product_cat":[591,485],"product_tag":[],"class_list":{"0":"post-21674","1":"product","2":"type-product","3":"status-publish","4":"has-post-thumbnail","6":"product_cat-circle-fitness-no","7":"product_cat-crosstrainer-no","8":"product_shipping_class-omfangsrik","9":"pa_valj-modell-beroringskonsoll","10":"pa_valj-modell-e-plus-konsoll","11":"pa_valj-modell-led-konsoll","13":"first","14":"outofstock","15":"taxable","16":"shipping-taxable","17":"purchasable","18":"product-type-variable"},"acf":[],"yoast_head":"<!-- This site is optimized with the Yoast SEO plugin v27.5 - https:\/\/yoast.com\/product\/yoast-seo-wordpress\/ -->\n<title>E6 Crosstrainer (for hele kroppen) - Motionfitness.com<\/title>\n<meta name=\"description\" content=\"Tren hele kroppen med E6 Crosstrainer, som gir en jevn og sk\u00e5nsom bevegelse som passer for b\u00e5de nybegynnere og erfarne brukere.\" \/>\n<meta name=\"robots\" content=\"index, follow, max-snippet:-1, max-image-preview:large, max-video-preview:-1\" \/>\n<link rel=\"canonical\" href=\"https:\/\/motionfitness.se\/no\/produkter\/crosstrainer-e6\/\" \/>\n<meta property=\"og:locale\" content=\"nb_NO\" \/>\n<meta property=\"og:type\" content=\"article\" \/>\n<meta property=\"og:title\" content=\"E6 Crosstrainer (for hele kroppen) - Motionfitness.com\" \/>\n<meta property=\"og:description\" content=\"Tren hele kroppen med E6 Crosstrainer, som gir en jevn og sk\u00e5nsom bevegelse som passer for b\u00e5de nybegynnere og erfarne brukere.\" \/>\n<meta property=\"og:url\" content=\"https:\/\/motionfitness.se\/no\/produkter\/crosstrainer-e6\/\" \/>\n<meta property=\"og:site_name\" content=\"Motion Fitness\" \/>\n<meta property=\"article:publisher\" content=\"https:\/\/www.facebook.com\/motionfitnesssverige\/\" \/>\n<meta property=\"article:modified_time\" content=\"2026-04-27T08:13:57+00:00\" \/>\n<meta property=\"og:image\" content=\"https:\/\/motionfitness.se\/wp-content\/uploads\/2022\/11\/10-3.webp\" \/>\n\t<meta property=\"og:image:width\" content=\"1080\" \/>\n\t<meta property=\"og:image:height\" content=\"1080\" \/>\n\t<meta property=\"og:image:type\" content=\"image\/webp\" \/>\n<meta name=\"twitter:card\" content=\"summary_large_image\" \/>\n<meta name=\"twitter:label1\" content=\"Ansl. lesetid\" \/>\n\t<meta name=\"twitter:data1\" content=\"1 minutt\" \/>\n<script type=\"application\/ld+json\" class=\"yoast-schema-graph\">{\"@context\":\"https:\\\/\\\/schema.org\",\"@graph\":[{\"@type\":\"WebPage\",\"@id\":\"https:\\\/\\\/motionfitness.se\\\/no\\\/produkter\\\/crosstrainer-e6\\\/\",\"url\":\"https:\\\/\\\/motionfitness.se\\\/no\\\/produkter\\\/crosstrainer-e6\\\/\",\"name\":\"E6 Crosstrainer (for hele kroppen) - Motionfitness.com\",\"isPartOf\":{\"@id\":\"https:\\\/\\\/motionfitness.se\\\/no\\\/#website\"},\"primaryImageOfPage\":{\"@id\":\"https:\\\/\\\/motionfitness.se\\\/no\\\/produkter\\\/crosstrainer-e6\\\/#primaryimage\"},\"image\":{\"@id\":\"https:\\\/\\\/motionfitness.se\\\/no\\\/produkter\\\/crosstrainer-e6\\\/#primaryimage\"},\"thumbnailUrl\":\"https:\\\/\\\/motionfitness.se\\\/wp-content\\\/uploads\\\/2022\\\/11\\\/10-3.webp\",\"datePublished\":\"2022-11-16T09:41:55+00:00\",\"dateModified\":\"2026-04-27T08:13:57+00:00\",\"description\":\"Tren hele kroppen med E6 Crosstrainer, som gir en jevn og sk\u00e5nsom bevegelse som passer for b\u00e5de nybegynnere og erfarne brukere.\",\"breadcrumb\":{\"@id\":\"https:\\\/\\\/motionfitness.se\\\/no\\\/produkter\\\/crosstrainer-e6\\\/#breadcrumb\"},\"inLanguage\":\"nb-NO\",\"potentialAction\":[{\"@type\":\"ReadAction\",\"target\":[\"https:\\\/\\\/motionfitness.se\\\/no\\\/produkter\\\/crosstrainer-e6\\\/\"]}]},{\"@type\":\"ImageObject\",\"inLanguage\":\"nb-NO\",\"@id\":\"https:\\\/\\\/motionfitness.se\\\/no\\\/produkter\\\/crosstrainer-e6\\\/#primaryimage\",\"url\":\"https:\\\/\\\/motionfitness.se\\\/wp-content\\\/uploads\\\/2022\\\/11\\\/10-3.webp\",\"contentUrl\":\"https:\\\/\\\/motionfitness.se\\\/wp-content\\\/uploads\\\/2022\\\/11\\\/10-3.webp\",\"width\":1080,\"height\":1080},{\"@type\":\"BreadcrumbList\",\"@id\":\"https:\\\/\\\/motionfitness.se\\\/no\\\/produkter\\\/crosstrainer-e6\\\/#breadcrumb\",\"itemListElement\":[{\"@type\":\"ListItem\",\"position\":1,\"name\":\"Hem\",\"item\":\"https:\\\/\\\/motionfitness.se\\\/no\\\/startside\\\/\"},{\"@type\":\"ListItem\",\"position\":2,\"name\":\"Produkter\",\"item\":\"https:\\\/\\\/motionfitness.se\\\/no\\\/produkter\\\/\"},{\"@type\":\"ListItem\",\"position\":3,\"name\":\"Crosstrainer E6\"}]},{\"@type\":\"WebSite\",\"@id\":\"https:\\\/\\\/motionfitness.se\\\/no\\\/#website\",\"url\":\"https:\\\/\\\/motionfitness.se\\\/no\\\/\",\"name\":\"Motion Fitness\",\"description\":\"Stronger Together\",\"publisher\":{\"@id\":\"https:\\\/\\\/motionfitness.se\\\/no\\\/#organization\"},\"potentialAction\":[{\"@type\":\"SearchAction\",\"target\":{\"@type\":\"EntryPoint\",\"urlTemplate\":\"https:\\\/\\\/motionfitness.se\\\/no\\\/?s={search_term_string}\"},\"query-input\":{\"@type\":\"PropertyValueSpecification\",\"valueRequired\":true,\"valueName\":\"search_term_string\"}}],\"inLanguage\":\"nb-NO\"},{\"@type\":\"Organization\",\"@id\":\"https:\\\/\\\/motionfitness.se\\\/no\\\/#organization\",\"name\":\"Motion Fitness\",\"url\":\"https:\\\/\\\/motionfitness.se\\\/no\\\/\",\"logo\":{\"@type\":\"ImageObject\",\"inLanguage\":\"nb-NO\",\"@id\":\"https:\\\/\\\/motionfitness.se\\\/no\\\/#\\\/schema\\\/logo\\\/image\\\/\",\"url\":\"https:\\\/\\\/motionfitness.se\\\/wp-content\\\/uploads\\\/2024\\\/01\\\/Motion-Fitness-Logol.png\",\"contentUrl\":\"https:\\\/\\\/motionfitness.se\\\/wp-content\\\/uploads\\\/2024\\\/01\\\/Motion-Fitness-Logol.png\",\"width\":1280,\"height\":720,\"caption\":\"Motion Fitness\"},\"image\":{\"@id\":\"https:\\\/\\\/motionfitness.se\\\/no\\\/#\\\/schema\\\/logo\\\/image\\\/\"},\"sameAs\":[\"https:\\\/\\\/www.facebook.com\\\/motionfitnesssverige\\\/\",\"https:\\\/\\\/www.instagram.com\\\/motionfitness.se\\\/\"]}]}<\/script>\n<!-- \/ Yoast SEO plugin. -->","yoast_head_json":{"title":"E6 Crosstrainer (for hele kroppen) - Motionfitness.com","description":"Tren hele kroppen med E6 Crosstrainer, som gir en jevn og sk\u00e5nsom bevegelse som passer for b\u00e5de nybegynnere og erfarne brukere.","robots":{"index":"index","follow":"follow","max-snippet":"max-snippet:-1","max-image-preview":"max-image-preview:large","max-video-preview":"max-video-preview:-1"},"canonical":"https:\/\/motionfitness.se\/no\/produkter\/crosstrainer-e6\/","og_locale":"nb_NO","og_type":"article","og_title":"E6 Crosstrainer (for hele kroppen) - Motionfitness.com","og_description":"Tren hele kroppen med E6 Crosstrainer, som gir en jevn og sk\u00e5nsom bevegelse som passer for b\u00e5de nybegynnere og erfarne brukere.","og_url":"https:\/\/motionfitness.se\/no\/produkter\/crosstrainer-e6\/","og_site_name":"Motion Fitness","article_publisher":"https:\/\/www.facebook.com\/motionfitnesssverige\/","article_modified_time":"2026-04-27T08:13:57+00:00","og_image":[{"width":1080,"height":1080,"url":"https:\/\/motionfitness.se\/wp-content\/uploads\/2022\/11\/10-3.webp","type":"image\/webp"}],"twitter_card":"summary_large_image","twitter_misc":{"Ansl. lesetid":"1 minutt"},"schema":{"@context":"https:\/\/schema.org","@graph":[{"@type":"WebPage","@id":"https:\/\/motionfitness.se\/no\/produkter\/crosstrainer-e6\/","url":"https:\/\/motionfitness.se\/no\/produkter\/crosstrainer-e6\/","name":"E6 Crosstrainer (for hele kroppen) - Motionfitness.com","isPartOf":{"@id":"https:\/\/motionfitness.se\/no\/#website"},"primaryImageOfPage":{"@id":"https:\/\/motionfitness.se\/no\/produkter\/crosstrainer-e6\/#primaryimage"},"image":{"@id":"https:\/\/motionfitness.se\/no\/produkter\/crosstrainer-e6\/#primaryimage"},"thumbnailUrl":"https:\/\/motionfitness.se\/wp-content\/uploads\/2022\/11\/10-3.webp","datePublished":"2022-11-16T09:41:55+00:00","dateModified":"2026-04-27T08:13:57+00:00","description":"Tren hele kroppen med E6 Crosstrainer, som gir en jevn og sk\u00e5nsom bevegelse som passer for b\u00e5de nybegynnere og erfarne brukere.","breadcrumb":{"@id":"https:\/\/motionfitness.se\/no\/produkter\/crosstrainer-e6\/#breadcrumb"},"inLanguage":"nb-NO","potentialAction":[{"@type":"ReadAction","target":["https:\/\/motionfitness.se\/no\/produkter\/crosstrainer-e6\/"]}]},{"@type":"ImageObject","inLanguage":"nb-NO","@id":"https:\/\/motionfitness.se\/no\/produkter\/crosstrainer-e6\/#primaryimage","url":"https:\/\/motionfitness.se\/wp-content\/uploads\/2022\/11\/10-3.webp","contentUrl":"https:\/\/motionfitness.se\/wp-content\/uploads\/2022\/11\/10-3.webp","width":1080,"height":1080},{"@type":"BreadcrumbList","@id":"https:\/\/motionfitness.se\/no\/produkter\/crosstrainer-e6\/#breadcrumb","itemListElement":[{"@type":"ListItem","position":1,"name":"Hem","item":"https:\/\/motionfitness.se\/no\/startside\/"},{"@type":"ListItem","position":2,"name":"Produkter","item":"https:\/\/motionfitness.se\/no\/produkter\/"},{"@type":"ListItem","position":3,"name":"Crosstrainer E6"}]},{"@type":"WebSite","@id":"https:\/\/motionfitness.se\/no\/#website","url":"https:\/\/motionfitness.se\/no\/","name":"Motion Fitness","description":"Stronger Together","publisher":{"@id":"https:\/\/motionfitness.se\/no\/#organization"},"potentialAction":[{"@type":"SearchAction","target":{"@type":"EntryPoint","urlTemplate":"https:\/\/motionfitness.se\/no\/?s={search_term_string}"},"query-input":{"@type":"PropertyValueSpecification","valueRequired":true,"valueName":"search_term_string"}}],"inLanguage":"nb-NO"},{"@type":"Organization","@id":"https:\/\/motionfitness.se\/no\/#organization","name":"Motion Fitness","url":"https:\/\/motionfitness.se\/no\/","logo":{"@type":"ImageObject","inLanguage":"nb-NO","@id":"https:\/\/motionfitness.se\/no\/#\/schema\/logo\/image\/","url":"https:\/\/motionfitness.se\/wp-content\/uploads\/2024\/01\/Motion-Fitness-Logol.png","contentUrl":"https:\/\/motionfitness.se\/wp-content\/uploads\/2024\/01\/Motion-Fitness-Logol.png","width":1280,"height":720,"caption":"Motion Fitness"},"image":{"@id":"https:\/\/motionfitness.se\/no\/#\/schema\/logo\/image\/"},"sameAs":["https:\/\/www.facebook.com\/motionfitnesssverige\/","https:\/\/www.instagram.com\/motionfitness.se\/"]}]}},"_links":{"self":[{"href":"https:\/\/motionfitness.se\/no\/wp-json\/wp\/v2\/product\/21674","targetHints":{"allow":["GET"]}}],"collection":[{"href":"https:\/\/motionfitness.se\/no\/wp-json\/wp\/v2\/product"}],"about":[{"href":"https:\/\/motionfitness.se\/no\/wp-json\/wp\/v2\/types\/product"}],"replies":[{"embeddable":true,"href":"https:\/\/motionfitness.se\/no\/wp-json\/wp\/v2\/comments?post=21674"}],"wp:featuredmedia":[{"embeddable":true,"href":"https:\/\/motionfitness.se\/no\/wp-json\/wp\/v2\/media\/35066"}],"wp:attachment":[{"href":"https:\/\/motionfitness.se\/no\/wp-json\/wp\/v2\/media?parent=21674"}],"wp:term":[{"taxonomy":"product_brand","embeddable":true,"href":"https:\/\/motionfitness.se\/no\/wp-json\/wp\/v2\/product_brand?post=21674"},{"taxonomy":"product_cat","embeddable":true,"href":"https:\/\/motionfitness.se\/no\/wp-json\/wp\/v2\/product_cat?post=21674"},{"taxonomy":"product_tag","embeddable":true,"href":"https:\/\/motionfitness.se\/no\/wp-json\/wp\/v2\/product_tag?post=21674"}],"curies":[{"name":"wp","href":"https:\/\/api.w.org\/{rel}","templated":true}]}}