{"id":21670,"date":"2022-11-16T10:42:03","date_gmt":"2022-11-16T09:42:03","guid":{"rendered":"https:\/\/motionfitness.se\/produkter\/ergometersykkel-b8-e-plus\/"},"modified":"2026-03-28T19:20:35","modified_gmt":"2026-03-28T18:20:35","slug":"ergometersykkel-b8-e-plus","status":"publish","type":"product","link":"https:\/\/motionfitness.se\/no\/produkter\/treningssykkel-b8-e-plus\/","title":{"rendered":"Ergometersykkel B8 E-Plus"},"content":{"rendered":"<p>Circle B8 E-Plus ergometersykkel er en kraftig og robust ergometersykkel som er laget for \u00e5 t\u00e5le kommersielle treningsstudioer. Ergometersykkelen har en jevn og sk\u00e5nsom bevegelse gjennom hele trenings\u00f8kten. H\u00e5ndtakene gir rask og enkel tilgang til \u00e5 justere \u00f8nsket motstand. Med den innovative ber\u00f8ringsskjermen E-plus 2.0 f\u00e5r brukeren nye muligheter til \u00e5 n\u00e5 sine treningsm\u00e5l. N\u00e5r du kobler skjermen til Wi-Fi, \u00e5pner det seg en ny verden av innovative funksjoner, som \u00e5 l\u00f8pe i en virtuell verden, se p\u00e5 Netflix, lytte til musikk via Spotify og surfe p\u00e5 nettet. Brukerne kan ogs\u00e5 bruke CircleFit-appen til \u00e5 opprette, overv\u00e5ke og sette m\u00e5l for treningen. Som klubbeier eller bedriftsleder kan du v\u00e6re trygg p\u00e5 at tredem\u00f8llen alltid er i topp stand, siden den er koblet til Asset Manager, slik at vi kan l\u00f8se problemer f\u00f8r du vet at de har oppst\u00e5tt. Vil du gi klubben din det lille ekstra? Da er Circle B8 E-Plus den rette investeringen for deg.<\/p>\n","protected":false},"excerpt":{"rendered":"<p>Circle B8 E-Plus ergometersykkel er en kraftig og robust ergometersykkel som er laget for \u00e5 t\u00e5le kommersielle treningsstudioer. Ergometersykkelen har en jevn og sk\u00e5nsom bevegelse gjennom hele trenings\u00f8kten. H\u00e5ndtakene gir rask og enkel tilgang til \u00e5 justere \u00f8nsket motstand. Med den innovative ber\u00f8ringsskjermen E-plus 2.0 f\u00e5r brukeren nye muligheter til \u00e5 n\u00e5 sine treningsm\u00e5l. N\u00e5r [&hellip;]<\/p>\n","protected":false},"featured_media":18597,"comment_status":"open","ping_status":"closed","template":"","meta":{"_acf_changed":false,"_monsterinsights_skip_tracking":false,"_monsterinsights_sitenote_active":false,"_monsterinsights_sitenote_note":"","_monsterinsights_sitenote_category":0},"product_brand":[],"product_cat":[591,476],"product_tag":[],"class_list":{"0":"post-21670","1":"product","2":"type-product","3":"status-publish","4":"has-post-thumbnail","6":"product_cat-circle-fitness-no","7":"product_cat-sykler","9":"first","10":"outofstock","11":"taxable","12":"shipping-taxable","13":"purchasable","14":"product-type-simple"},"acf":[],"yoast_head":"<!-- This site is optimized with the Yoast SEO plugin v27.4 - https:\/\/yoast.com\/product\/yoast-seo-wordpress\/ -->\n<title>Ergometersykkel B8 E+ - Motionfitness.com<\/title>\n<meta name=\"description\" content=\"Ergometersykkelen er perfekt for deg som vil ha full kontroll over treningen. Ber\u00f8ringsskjermen gj\u00f8r det enkelt \u00e5 tilpasse treningen til dine m\u00e5l.\" \/>\n<meta name=\"robots\" content=\"index, follow, max-snippet:-1, max-image-preview:large, max-video-preview:-1\" \/>\n<link rel=\"canonical\" href=\"https:\/\/motionfitness.se\/no\/produkter\/treningssykkel-b8-e-plus\/\" \/>\n<meta property=\"og:locale\" content=\"nb_NO\" \/>\n<meta property=\"og:type\" content=\"article\" \/>\n<meta property=\"og:title\" content=\"Ergometersykkel B8 E+ - Motionfitness.com\" \/>\n<meta property=\"og:description\" content=\"Ergometersykkelen er perfekt for deg som vil ha full kontroll over treningen. Ber\u00f8ringsskjermen gj\u00f8r det enkelt \u00e5 tilpasse treningen til dine m\u00e5l.\" \/>\n<meta property=\"og:url\" content=\"https:\/\/motionfitness.se\/no\/produkter\/treningssykkel-b8-e-plus\/\" \/>\n<meta property=\"og:site_name\" content=\"Motion Fitness\" \/>\n<meta property=\"article:publisher\" content=\"https:\/\/www.facebook.com\/motionfitnesssverige\/\" \/>\n<meta property=\"article:modified_time\" content=\"2026-03-28T18:20:35+00:00\" \/>\n<meta property=\"og:image\" content=\"https:\/\/motionfitness.se\/wp-content\/uploads\/2022\/11\/Motioncykel-B8.png\" \/>\n\t<meta property=\"og:image:width\" content=\"1440\" \/>\n\t<meta property=\"og:image:height\" content=\"1440\" \/>\n\t<meta property=\"og:image:type\" content=\"image\/png\" \/>\n<meta name=\"twitter:card\" content=\"summary_large_image\" \/>\n<meta name=\"twitter:label1\" content=\"Ansl. lesetid\" \/>\n\t<meta name=\"twitter:data1\" content=\"1 minutt\" \/>\n<script type=\"application\/ld+json\" class=\"yoast-schema-graph\">{\"@context\":\"https:\\\/\\\/schema.org\",\"@graph\":[{\"@type\":\"WebPage\",\"@id\":\"https:\\\/\\\/motionfitness.se\\\/no\\\/produkter\\\/treningssykkel-b8-e-plus\\\/\",\"url\":\"https:\\\/\\\/motionfitness.se\\\/no\\\/produkter\\\/treningssykkel-b8-e-plus\\\/\",\"name\":\"Ergometersykkel B8 E+ - Motionfitness.com\",\"isPartOf\":{\"@id\":\"https:\\\/\\\/motionfitness.se\\\/no\\\/#website\"},\"primaryImageOfPage\":{\"@id\":\"https:\\\/\\\/motionfitness.se\\\/no\\\/produkter\\\/treningssykkel-b8-e-plus\\\/#primaryimage\"},\"image\":{\"@id\":\"https:\\\/\\\/motionfitness.se\\\/no\\\/produkter\\\/treningssykkel-b8-e-plus\\\/#primaryimage\"},\"thumbnailUrl\":\"https:\\\/\\\/motionfitness.se\\\/wp-content\\\/uploads\\\/2022\\\/11\\\/Motioncykel-B8.png\",\"datePublished\":\"2022-11-16T09:42:03+00:00\",\"dateModified\":\"2026-03-28T18:20:35+00:00\",\"description\":\"Ergometersykkelen er perfekt for deg som vil ha full kontroll over treningen. Ber\u00f8ringsskjermen gj\u00f8r det enkelt \u00e5 tilpasse treningen til dine m\u00e5l.\",\"breadcrumb\":{\"@id\":\"https:\\\/\\\/motionfitness.se\\\/no\\\/produkter\\\/treningssykkel-b8-e-plus\\\/#breadcrumb\"},\"inLanguage\":\"nb-NO\",\"potentialAction\":[{\"@type\":\"ReadAction\",\"target\":[\"https:\\\/\\\/motionfitness.se\\\/no\\\/produkter\\\/treningssykkel-b8-e-plus\\\/\"]}]},{\"@type\":\"ImageObject\",\"inLanguage\":\"nb-NO\",\"@id\":\"https:\\\/\\\/motionfitness.se\\\/no\\\/produkter\\\/treningssykkel-b8-e-plus\\\/#primaryimage\",\"url\":\"https:\\\/\\\/motionfitness.se\\\/wp-content\\\/uploads\\\/2022\\\/11\\\/Motioncykel-B8.png\",\"contentUrl\":\"https:\\\/\\\/motionfitness.se\\\/wp-content\\\/uploads\\\/2022\\\/11\\\/Motioncykel-B8.png\",\"width\":1440,\"height\":1440,\"caption\":\"Ergometersykkel B8 Circle Fitness\"},{\"@type\":\"BreadcrumbList\",\"@id\":\"https:\\\/\\\/motionfitness.se\\\/no\\\/produkter\\\/treningssykkel-b8-e-plus\\\/#breadcrumb\",\"itemListElement\":[{\"@type\":\"ListItem\",\"position\":1,\"name\":\"Hem\",\"item\":\"https:\\\/\\\/motionfitness.se\\\/no\\\/startside\\\/\"},{\"@type\":\"ListItem\",\"position\":2,\"name\":\"Produkter\",\"item\":\"https:\\\/\\\/motionfitness.se\\\/no\\\/produkter\\\/\"},{\"@type\":\"ListItem\",\"position\":3,\"name\":\"Ergometersykkel B8 E-Plus\"}]},{\"@type\":\"WebSite\",\"@id\":\"https:\\\/\\\/motionfitness.se\\\/no\\\/#website\",\"url\":\"https:\\\/\\\/motionfitness.se\\\/no\\\/\",\"name\":\"Motion Fitness\",\"description\":\"Stronger Together\",\"publisher\":{\"@id\":\"https:\\\/\\\/motionfitness.se\\\/no\\\/#organization\"},\"potentialAction\":[{\"@type\":\"SearchAction\",\"target\":{\"@type\":\"EntryPoint\",\"urlTemplate\":\"https:\\\/\\\/motionfitness.se\\\/no\\\/?s={search_term_string}\"},\"query-input\":{\"@type\":\"PropertyValueSpecification\",\"valueRequired\":true,\"valueName\":\"search_term_string\"}}],\"inLanguage\":\"nb-NO\"},{\"@type\":\"Organization\",\"@id\":\"https:\\\/\\\/motionfitness.se\\\/no\\\/#organization\",\"name\":\"Motion Fitness\",\"url\":\"https:\\\/\\\/motionfitness.se\\\/no\\\/\",\"logo\":{\"@type\":\"ImageObject\",\"inLanguage\":\"nb-NO\",\"@id\":\"https:\\\/\\\/motionfitness.se\\\/no\\\/#\\\/schema\\\/logo\\\/image\\\/\",\"url\":\"https:\\\/\\\/motionfitness.se\\\/wp-content\\\/uploads\\\/2024\\\/01\\\/Motion-Fitness-Logol.png\",\"contentUrl\":\"https:\\\/\\\/motionfitness.se\\\/wp-content\\\/uploads\\\/2024\\\/01\\\/Motion-Fitness-Logol.png\",\"width\":1280,\"height\":720,\"caption\":\"Motion Fitness\"},\"image\":{\"@id\":\"https:\\\/\\\/motionfitness.se\\\/no\\\/#\\\/schema\\\/logo\\\/image\\\/\"},\"sameAs\":[\"https:\\\/\\\/www.facebook.com\\\/motionfitnesssverige\\\/\",\"https:\\\/\\\/www.instagram.com\\\/motionfitness.se\\\/\"]}]}<\/script>\n<!-- \/ Yoast SEO plugin. -->","yoast_head_json":{"title":"Ergometersykkel B8 E+ - Motionfitness.com","description":"Ergometersykkelen er perfekt for deg som vil ha full kontroll over treningen. Ber\u00f8ringsskjermen gj\u00f8r det enkelt \u00e5 tilpasse treningen til dine m\u00e5l.","robots":{"index":"index","follow":"follow","max-snippet":"max-snippet:-1","max-image-preview":"max-image-preview:large","max-video-preview":"max-video-preview:-1"},"canonical":"https:\/\/motionfitness.se\/no\/produkter\/treningssykkel-b8-e-plus\/","og_locale":"nb_NO","og_type":"article","og_title":"Ergometersykkel B8 E+ - Motionfitness.com","og_description":"Ergometersykkelen er perfekt for deg som vil ha full kontroll over treningen. Ber\u00f8ringsskjermen gj\u00f8r det enkelt \u00e5 tilpasse treningen til dine m\u00e5l.","og_url":"https:\/\/motionfitness.se\/no\/produkter\/treningssykkel-b8-e-plus\/","og_site_name":"Motion Fitness","article_publisher":"https:\/\/www.facebook.com\/motionfitnesssverige\/","article_modified_time":"2026-03-28T18:20:35+00:00","og_image":[{"width":1440,"height":1440,"url":"https:\/\/motionfitness.se\/wp-content\/uploads\/2022\/11\/Motioncykel-B8.png","type":"image\/png"}],"twitter_card":"summary_large_image","twitter_misc":{"Ansl. lesetid":"1 minutt"},"schema":{"@context":"https:\/\/schema.org","@graph":[{"@type":"WebPage","@id":"https:\/\/motionfitness.se\/no\/produkter\/treningssykkel-b8-e-plus\/","url":"https:\/\/motionfitness.se\/no\/produkter\/treningssykkel-b8-e-plus\/","name":"Ergometersykkel B8 E+ - Motionfitness.com","isPartOf":{"@id":"https:\/\/motionfitness.se\/no\/#website"},"primaryImageOfPage":{"@id":"https:\/\/motionfitness.se\/no\/produkter\/treningssykkel-b8-e-plus\/#primaryimage"},"image":{"@id":"https:\/\/motionfitness.se\/no\/produkter\/treningssykkel-b8-e-plus\/#primaryimage"},"thumbnailUrl":"https:\/\/motionfitness.se\/wp-content\/uploads\/2022\/11\/Motioncykel-B8.png","datePublished":"2022-11-16T09:42:03+00:00","dateModified":"2026-03-28T18:20:35+00:00","description":"Ergometersykkelen er perfekt for deg som vil ha full kontroll over treningen. Ber\u00f8ringsskjermen gj\u00f8r det enkelt \u00e5 tilpasse treningen til dine m\u00e5l.","breadcrumb":{"@id":"https:\/\/motionfitness.se\/no\/produkter\/treningssykkel-b8-e-plus\/#breadcrumb"},"inLanguage":"nb-NO","potentialAction":[{"@type":"ReadAction","target":["https:\/\/motionfitness.se\/no\/produkter\/treningssykkel-b8-e-plus\/"]}]},{"@type":"ImageObject","inLanguage":"nb-NO","@id":"https:\/\/motionfitness.se\/no\/produkter\/treningssykkel-b8-e-plus\/#primaryimage","url":"https:\/\/motionfitness.se\/wp-content\/uploads\/2022\/11\/Motioncykel-B8.png","contentUrl":"https:\/\/motionfitness.se\/wp-content\/uploads\/2022\/11\/Motioncykel-B8.png","width":1440,"height":1440,"caption":"Ergometersykkel B8 Circle Fitness"},{"@type":"BreadcrumbList","@id":"https:\/\/motionfitness.se\/no\/produkter\/treningssykkel-b8-e-plus\/#breadcrumb","itemListElement":[{"@type":"ListItem","position":1,"name":"Hem","item":"https:\/\/motionfitness.se\/no\/startside\/"},{"@type":"ListItem","position":2,"name":"Produkter","item":"https:\/\/motionfitness.se\/no\/produkter\/"},{"@type":"ListItem","position":3,"name":"Ergometersykkel B8 E-Plus"}]},{"@type":"WebSite","@id":"https:\/\/motionfitness.se\/no\/#website","url":"https:\/\/motionfitness.se\/no\/","name":"Motion Fitness","description":"Stronger Together","publisher":{"@id":"https:\/\/motionfitness.se\/no\/#organization"},"potentialAction":[{"@type":"SearchAction","target":{"@type":"EntryPoint","urlTemplate":"https:\/\/motionfitness.se\/no\/?s={search_term_string}"},"query-input":{"@type":"PropertyValueSpecification","valueRequired":true,"valueName":"search_term_string"}}],"inLanguage":"nb-NO"},{"@type":"Organization","@id":"https:\/\/motionfitness.se\/no\/#organization","name":"Motion Fitness","url":"https:\/\/motionfitness.se\/no\/","logo":{"@type":"ImageObject","inLanguage":"nb-NO","@id":"https:\/\/motionfitness.se\/no\/#\/schema\/logo\/image\/","url":"https:\/\/motionfitness.se\/wp-content\/uploads\/2024\/01\/Motion-Fitness-Logol.png","contentUrl":"https:\/\/motionfitness.se\/wp-content\/uploads\/2024\/01\/Motion-Fitness-Logol.png","width":1280,"height":720,"caption":"Motion Fitness"},"image":{"@id":"https:\/\/motionfitness.se\/no\/#\/schema\/logo\/image\/"},"sameAs":["https:\/\/www.facebook.com\/motionfitnesssverige\/","https:\/\/www.instagram.com\/motionfitness.se\/"]}]}},"_links":{"self":[{"href":"https:\/\/motionfitness.se\/no\/wp-json\/wp\/v2\/product\/21670","targetHints":{"allow":["GET"]}}],"collection":[{"href":"https:\/\/motionfitness.se\/no\/wp-json\/wp\/v2\/product"}],"about":[{"href":"https:\/\/motionfitness.se\/no\/wp-json\/wp\/v2\/types\/product"}],"replies":[{"embeddable":true,"href":"https:\/\/motionfitness.se\/no\/wp-json\/wp\/v2\/comments?post=21670"}],"wp:featuredmedia":[{"embeddable":true,"href":"https:\/\/motionfitness.se\/no\/wp-json\/wp\/v2\/media\/18597"}],"wp:attachment":[{"href":"https:\/\/motionfitness.se\/no\/wp-json\/wp\/v2\/media?parent=21670"}],"wp:term":[{"taxonomy":"product_brand","embeddable":true,"href":"https:\/\/motionfitness.se\/no\/wp-json\/wp\/v2\/product_brand?post=21670"},{"taxonomy":"product_cat","embeddable":true,"href":"https:\/\/motionfitness.se\/no\/wp-json\/wp\/v2\/product_cat?post=21670"},{"taxonomy":"product_tag","embeddable":true,"href":"https:\/\/motionfitness.se\/no\/wp-json\/wp\/v2\/product_tag?post=21670"}],"curies":[{"name":"wp","href":"https:\/\/api.w.org\/{rel}","templated":true}]}}