{"id":21650,"date":"2022-11-16T10:42:04","date_gmt":"2022-11-16T09:42:04","guid":{"rendered":"https:\/\/motionfitness.se\/produkter\/tredemolle-m8\/"},"modified":"2026-03-19T11:23:06","modified_gmt":"2026-03-19T10:23:06","slug":"tredemolle-m8","status":"publish","type":"product","link":"https:\/\/motionfitness.se\/no\/produkter\/tredemolle-m8\/","title":{"rendered":"Tredem\u00f8lle M8"},"content":{"rendered":"<p><b>Circle Fitness M8 tredem\u00f8lle<\/b> er et ekstremt kraftig og robust treningsapparat som er konstruert for \u00e5 t\u00e5le de t\u00f8ffeste kravene ved <b>full kommersiell bruk<\/b>.<br \/>\nGjennom innovativ og n\u00f8ye gjennomtenkt konstruksjon leverer M8 en usl\u00e5elig kombinasjon av styrke, holdbarhet og brukervennlighet.<\/p>\n<p><b>Sk\u00e5nsom l\u00f8psf\u00f8lelse og fleksibilitet:<\/b><\/p>\n<ul>\n<li><b>Fleksibel l\u00f8peoverflate:<\/b> Finn ditt optimale tempo med en fleksibel l\u00f8peoverflate og st\u00f8tdemping (&laquo;smooth deck engineering&raquo;) som overf\u00f8rer kraften fra skrittene dine p\u00e5 en sk\u00e5nsom og behagelig m\u00e5te. Dette reduserer effektivt belastningen p\u00e5 <b>kn\u00e6r og ledd.<\/b> <\/li>\n<li><b>F\u00f8rsteklasses tredem\u00f8lle:<\/b> Konstruert med et <b>belte av f\u00f8rsteklasses kvalitet<\/b> som t\u00e5ler de t\u00f8ffeste trenings\u00f8ktene, samtidig som det reduserer friksjonen for en jevn og s\u00f8ml\u00f8s opplevelse.<\/li>\n<\/ul>\n<p><b>Intuitiv kontroll og utfordring:<\/b><\/p>\n<ul>\n<li><b>16 stigningsniv\u00e5er:<\/b> Utfordre utholdenheten din! M8 har hele <b>16 niv\u00e5er av stigningskontroll<\/b>, noe som gjenskaper f\u00f8lelsen av \u00e5 g\u00e5 turer utend\u00f8rs og gj\u00f8r hver eneste trenings\u00f8kt utfordrende og givende. <\/li>\n<li><b>&laquo;Quick-Shift&raquo;-funksjon:<\/b> Med den intuitive &laquo;Quick-Shift&raquo;-funksjonen kan du enkelt justere b\u00e5de hastighet og stigning direkte under treningen, slik at du aldri mister tempoet.<\/li>\n<\/ul>\n<p><b>Konstruksjon og design:<\/b><\/p>\n<ul>\n<li><b>Aluminiumsramme:<\/b> Den slitesterke konstruksjonen har en <b>aluminiumsramme<\/b> som sikrer ekstra holdbarhet i kommersielle milj\u00f8er.<\/li>\n<li><b>Brukervennlig design:<\/b> Tredem\u00f8llen har en enkel og oversiktlig <b>LED-skjerm<\/b> og brede sideskinner som fungerer som en romslig hvileplass. Den smarte designen er ogs\u00e5 effektiv \u00e5 montere, vedlikeholde og flytte. <\/li>\n<\/ul>\n<p>&nbsp;<\/p>\n<p><b>Circle Fitness M8 tredem\u00f8lle &#8211; Bygget for \u00e5 vare, designet for \u00e5 yte.<\/b><\/p>\n","protected":false},"excerpt":{"rendered":"<p>Takket v\u00e6re innovativ og n\u00f8ye gjennomtenkt konstruksjon leverer M8 en usl\u00e5elig kombinasjon av styrke, holdbarhet og brukervennlighet.<\/p>\n","protected":false},"featured_media":35122,"comment_status":"open","ping_status":"closed","template":"","meta":{"_acf_changed":false,"_monsterinsights_skip_tracking":false,"_monsterinsights_sitenote_active":false,"_monsterinsights_sitenote_note":"","_monsterinsights_sitenote_category":0},"product_brand":[],"product_cat":[591,530],"product_tag":[],"class_list":{"0":"post-21650","1":"product","2":"type-product","3":"status-publish","4":"has-post-thumbnail","6":"product_cat-circle-fitness-no","7":"product_cat-tredemolle","8":"pa_valj-modell-beroringskonsoll","9":"pa_valj-modell-e-plus-konsoll","10":"pa_valj-modell-led-konsoll","12":"first","13":"onbackorder","14":"taxable","15":"shipping-taxable","16":"purchasable","17":"product-type-simple"},"acf":[],"yoast_head":"<!-- This site is optimized with the Yoast SEO plugin v27.4 - https:\/\/yoast.com\/product\/yoast-seo-wordpress\/ -->\n<title>M8 tredem\u00f8lle (for lange l\u00f8peturer) - Motionfitness.com<\/title>\n<meta name=\"description\" content=\"M8 tredem\u00f8llen er en p\u00e5litelig maskin for lange l\u00f8peturer. En kraftig motor og en bred l\u00f8peflate gir b\u00e5de komfort og effektivitet.\" \/>\n<meta name=\"robots\" content=\"index, follow, max-snippet:-1, max-image-preview:large, max-video-preview:-1\" \/>\n<link rel=\"canonical\" href=\"https:\/\/motionfitness.se\/no\/produkter\/tredemolle-m8\/\" \/>\n<meta property=\"og:locale\" content=\"nb_NO\" \/>\n<meta property=\"og:type\" content=\"article\" \/>\n<meta property=\"og:title\" content=\"M8 tredem\u00f8lle (for lange l\u00f8peturer) - Motionfitness.com\" \/>\n<meta property=\"og:description\" content=\"M8 tredem\u00f8llen er en p\u00e5litelig maskin for lange l\u00f8peturer. En kraftig motor og en bred l\u00f8peflate gir b\u00e5de komfort og effektivitet.\" \/>\n<meta property=\"og:url\" content=\"https:\/\/motionfitness.se\/no\/produkter\/tredemolle-m8\/\" \/>\n<meta property=\"og:site_name\" content=\"Motion Fitness\" \/>\n<meta property=\"article:publisher\" content=\"https:\/\/www.facebook.com\/motionfitnesssverige\/\" \/>\n<meta property=\"article:modified_time\" content=\"2026-03-19T10:23:06+00:00\" \/>\n<meta property=\"og:image\" content=\"https:\/\/motionfitness.se\/wp-content\/uploads\/2022\/11\/5-7.webp\" \/>\n\t<meta property=\"og:image:width\" content=\"1080\" \/>\n\t<meta property=\"og:image:height\" content=\"1080\" \/>\n\t<meta property=\"og:image:type\" content=\"image\/webp\" \/>\n<meta name=\"twitter:card\" content=\"summary_large_image\" \/>\n<meta name=\"twitter:label1\" content=\"Ansl. lesetid\" \/>\n\t<meta name=\"twitter:data1\" content=\"1 minutt\" \/>\n<script type=\"application\/ld+json\" class=\"yoast-schema-graph\">{\"@context\":\"https:\\\/\\\/schema.org\",\"@graph\":[{\"@type\":\"WebPage\",\"@id\":\"https:\\\/\\\/motionfitness.se\\\/no\\\/produkter\\\/tredemolle-m8\\\/\",\"url\":\"https:\\\/\\\/motionfitness.se\\\/no\\\/produkter\\\/tredemolle-m8\\\/\",\"name\":\"M8 tredem\u00f8lle (for lange l\u00f8peturer) - Motionfitness.com\",\"isPartOf\":{\"@id\":\"https:\\\/\\\/motionfitness.se\\\/no\\\/#website\"},\"primaryImageOfPage\":{\"@id\":\"https:\\\/\\\/motionfitness.se\\\/no\\\/produkter\\\/tredemolle-m8\\\/#primaryimage\"},\"image\":{\"@id\":\"https:\\\/\\\/motionfitness.se\\\/no\\\/produkter\\\/tredemolle-m8\\\/#primaryimage\"},\"thumbnailUrl\":\"https:\\\/\\\/motionfitness.se\\\/wp-content\\\/uploads\\\/2022\\\/11\\\/5-7.webp\",\"datePublished\":\"2022-11-16T09:42:04+00:00\",\"dateModified\":\"2026-03-19T10:23:06+00:00\",\"description\":\"M8 tredem\u00f8llen er en p\u00e5litelig maskin for lange l\u00f8peturer. En kraftig motor og en bred l\u00f8peflate gir b\u00e5de komfort og effektivitet.\",\"breadcrumb\":{\"@id\":\"https:\\\/\\\/motionfitness.se\\\/no\\\/produkter\\\/tredemolle-m8\\\/#breadcrumb\"},\"inLanguage\":\"nb-NO\",\"potentialAction\":[{\"@type\":\"ReadAction\",\"target\":[\"https:\\\/\\\/motionfitness.se\\\/no\\\/produkter\\\/tredemolle-m8\\\/\"]}]},{\"@type\":\"ImageObject\",\"inLanguage\":\"nb-NO\",\"@id\":\"https:\\\/\\\/motionfitness.se\\\/no\\\/produkter\\\/tredemolle-m8\\\/#primaryimage\",\"url\":\"https:\\\/\\\/motionfitness.se\\\/wp-content\\\/uploads\\\/2022\\\/11\\\/5-7.webp\",\"contentUrl\":\"https:\\\/\\\/motionfitness.se\\\/wp-content\\\/uploads\\\/2022\\\/11\\\/5-7.webp\",\"width\":1080,\"height\":1080},{\"@type\":\"BreadcrumbList\",\"@id\":\"https:\\\/\\\/motionfitness.se\\\/no\\\/produkter\\\/tredemolle-m8\\\/#breadcrumb\",\"itemListElement\":[{\"@type\":\"ListItem\",\"position\":1,\"name\":\"Hem\",\"item\":\"https:\\\/\\\/motionfitness.se\\\/no\\\/startside\\\/\"},{\"@type\":\"ListItem\",\"position\":2,\"name\":\"Produkter\",\"item\":\"https:\\\/\\\/motionfitness.se\\\/no\\\/produkter\\\/\"},{\"@type\":\"ListItem\",\"position\":3,\"name\":\"Tredem\u00f8lle M8\"}]},{\"@type\":\"WebSite\",\"@id\":\"https:\\\/\\\/motionfitness.se\\\/no\\\/#website\",\"url\":\"https:\\\/\\\/motionfitness.se\\\/no\\\/\",\"name\":\"Motion Fitness\",\"description\":\"Stronger Together\",\"publisher\":{\"@id\":\"https:\\\/\\\/motionfitness.se\\\/no\\\/#organization\"},\"potentialAction\":[{\"@type\":\"SearchAction\",\"target\":{\"@type\":\"EntryPoint\",\"urlTemplate\":\"https:\\\/\\\/motionfitness.se\\\/no\\\/?s={search_term_string}\"},\"query-input\":{\"@type\":\"PropertyValueSpecification\",\"valueRequired\":true,\"valueName\":\"search_term_string\"}}],\"inLanguage\":\"nb-NO\"},{\"@type\":\"Organization\",\"@id\":\"https:\\\/\\\/motionfitness.se\\\/no\\\/#organization\",\"name\":\"Motion Fitness\",\"url\":\"https:\\\/\\\/motionfitness.se\\\/no\\\/\",\"logo\":{\"@type\":\"ImageObject\",\"inLanguage\":\"nb-NO\",\"@id\":\"https:\\\/\\\/motionfitness.se\\\/no\\\/#\\\/schema\\\/logo\\\/image\\\/\",\"url\":\"https:\\\/\\\/motionfitness.se\\\/wp-content\\\/uploads\\\/2024\\\/01\\\/Motion-Fitness-Logol.png\",\"contentUrl\":\"https:\\\/\\\/motionfitness.se\\\/wp-content\\\/uploads\\\/2024\\\/01\\\/Motion-Fitness-Logol.png\",\"width\":1280,\"height\":720,\"caption\":\"Motion Fitness\"},\"image\":{\"@id\":\"https:\\\/\\\/motionfitness.se\\\/no\\\/#\\\/schema\\\/logo\\\/image\\\/\"},\"sameAs\":[\"https:\\\/\\\/www.facebook.com\\\/motionfitnesssverige\\\/\",\"https:\\\/\\\/www.instagram.com\\\/motionfitness.se\\\/\"]}]}<\/script>\n<!-- \/ Yoast SEO plugin. -->","yoast_head_json":{"title":"M8 tredem\u00f8lle (for lange l\u00f8peturer) - Motionfitness.com","description":"M8 tredem\u00f8llen er en p\u00e5litelig maskin for lange l\u00f8peturer. En kraftig motor og en bred l\u00f8peflate gir b\u00e5de komfort og effektivitet.","robots":{"index":"index","follow":"follow","max-snippet":"max-snippet:-1","max-image-preview":"max-image-preview:large","max-video-preview":"max-video-preview:-1"},"canonical":"https:\/\/motionfitness.se\/no\/produkter\/tredemolle-m8\/","og_locale":"nb_NO","og_type":"article","og_title":"M8 tredem\u00f8lle (for lange l\u00f8peturer) - Motionfitness.com","og_description":"M8 tredem\u00f8llen er en p\u00e5litelig maskin for lange l\u00f8peturer. En kraftig motor og en bred l\u00f8peflate gir b\u00e5de komfort og effektivitet.","og_url":"https:\/\/motionfitness.se\/no\/produkter\/tredemolle-m8\/","og_site_name":"Motion Fitness","article_publisher":"https:\/\/www.facebook.com\/motionfitnesssverige\/","article_modified_time":"2026-03-19T10:23:06+00:00","og_image":[{"width":1080,"height":1080,"url":"https:\/\/motionfitness.se\/wp-content\/uploads\/2022\/11\/5-7.webp","type":"image\/webp"}],"twitter_card":"summary_large_image","twitter_misc":{"Ansl. lesetid":"1 minutt"},"schema":{"@context":"https:\/\/schema.org","@graph":[{"@type":"WebPage","@id":"https:\/\/motionfitness.se\/no\/produkter\/tredemolle-m8\/","url":"https:\/\/motionfitness.se\/no\/produkter\/tredemolle-m8\/","name":"M8 tredem\u00f8lle (for lange l\u00f8peturer) - Motionfitness.com","isPartOf":{"@id":"https:\/\/motionfitness.se\/no\/#website"},"primaryImageOfPage":{"@id":"https:\/\/motionfitness.se\/no\/produkter\/tredemolle-m8\/#primaryimage"},"image":{"@id":"https:\/\/motionfitness.se\/no\/produkter\/tredemolle-m8\/#primaryimage"},"thumbnailUrl":"https:\/\/motionfitness.se\/wp-content\/uploads\/2022\/11\/5-7.webp","datePublished":"2022-11-16T09:42:04+00:00","dateModified":"2026-03-19T10:23:06+00:00","description":"M8 tredem\u00f8llen er en p\u00e5litelig maskin for lange l\u00f8peturer. En kraftig motor og en bred l\u00f8peflate gir b\u00e5de komfort og effektivitet.","breadcrumb":{"@id":"https:\/\/motionfitness.se\/no\/produkter\/tredemolle-m8\/#breadcrumb"},"inLanguage":"nb-NO","potentialAction":[{"@type":"ReadAction","target":["https:\/\/motionfitness.se\/no\/produkter\/tredemolle-m8\/"]}]},{"@type":"ImageObject","inLanguage":"nb-NO","@id":"https:\/\/motionfitness.se\/no\/produkter\/tredemolle-m8\/#primaryimage","url":"https:\/\/motionfitness.se\/wp-content\/uploads\/2022\/11\/5-7.webp","contentUrl":"https:\/\/motionfitness.se\/wp-content\/uploads\/2022\/11\/5-7.webp","width":1080,"height":1080},{"@type":"BreadcrumbList","@id":"https:\/\/motionfitness.se\/no\/produkter\/tredemolle-m8\/#breadcrumb","itemListElement":[{"@type":"ListItem","position":1,"name":"Hem","item":"https:\/\/motionfitness.se\/no\/startside\/"},{"@type":"ListItem","position":2,"name":"Produkter","item":"https:\/\/motionfitness.se\/no\/produkter\/"},{"@type":"ListItem","position":3,"name":"Tredem\u00f8lle M8"}]},{"@type":"WebSite","@id":"https:\/\/motionfitness.se\/no\/#website","url":"https:\/\/motionfitness.se\/no\/","name":"Motion Fitness","description":"Stronger Together","publisher":{"@id":"https:\/\/motionfitness.se\/no\/#organization"},"potentialAction":[{"@type":"SearchAction","target":{"@type":"EntryPoint","urlTemplate":"https:\/\/motionfitness.se\/no\/?s={search_term_string}"},"query-input":{"@type":"PropertyValueSpecification","valueRequired":true,"valueName":"search_term_string"}}],"inLanguage":"nb-NO"},{"@type":"Organization","@id":"https:\/\/motionfitness.se\/no\/#organization","name":"Motion Fitness","url":"https:\/\/motionfitness.se\/no\/","logo":{"@type":"ImageObject","inLanguage":"nb-NO","@id":"https:\/\/motionfitness.se\/no\/#\/schema\/logo\/image\/","url":"https:\/\/motionfitness.se\/wp-content\/uploads\/2024\/01\/Motion-Fitness-Logol.png","contentUrl":"https:\/\/motionfitness.se\/wp-content\/uploads\/2024\/01\/Motion-Fitness-Logol.png","width":1280,"height":720,"caption":"Motion Fitness"},"image":{"@id":"https:\/\/motionfitness.se\/no\/#\/schema\/logo\/image\/"},"sameAs":["https:\/\/www.facebook.com\/motionfitnesssverige\/","https:\/\/www.instagram.com\/motionfitness.se\/"]}]}},"_links":{"self":[{"href":"https:\/\/motionfitness.se\/no\/wp-json\/wp\/v2\/product\/21650","targetHints":{"allow":["GET"]}}],"collection":[{"href":"https:\/\/motionfitness.se\/no\/wp-json\/wp\/v2\/product"}],"about":[{"href":"https:\/\/motionfitness.se\/no\/wp-json\/wp\/v2\/types\/product"}],"replies":[{"embeddable":true,"href":"https:\/\/motionfitness.se\/no\/wp-json\/wp\/v2\/comments?post=21650"}],"wp:featuredmedia":[{"embeddable":true,"href":"https:\/\/motionfitness.se\/no\/wp-json\/wp\/v2\/media\/35122"}],"wp:attachment":[{"href":"https:\/\/motionfitness.se\/no\/wp-json\/wp\/v2\/media?parent=21650"}],"wp:term":[{"taxonomy":"product_brand","embeddable":true,"href":"https:\/\/motionfitness.se\/no\/wp-json\/wp\/v2\/product_brand?post=21650"},{"taxonomy":"product_cat","embeddable":true,"href":"https:\/\/motionfitness.se\/no\/wp-json\/wp\/v2\/product_cat?post=21650"},{"taxonomy":"product_tag","embeddable":true,"href":"https:\/\/motionfitness.se\/no\/wp-json\/wp\/v2\/product_tag?post=21650"}],"curies":[{"name":"wp","href":"https:\/\/api.w.org\/{rel}","templated":true}]}}