{"id":21546,"date":"2022-11-16T10:45:09","date_gmt":"2022-11-16T09:45:09","guid":{"rendered":"https:\/\/motionfitness.se\/produkter\/ecoclimber\/"},"modified":"2026-03-29T23:03:02","modified_gmt":"2026-03-29T21:03:02","slug":"ecoclimber","status":"publish","type":"product","link":"https:\/\/motionfitness.se\/no\/produkter\/ecoclimber\/","title":{"rendered":"ECOCLIMBER"},"content":{"rendered":"<p>Mykt motstandssystem med permanente magneter<\/p>\n<p><strong>Kompakt og plassbesparende<\/strong><br \/>\nTotalareal: 1,2 m\u00b2<\/p>\n<p><strong>Total training<\/strong><br \/>\nTilgjengelighet i 3 trinn som gj\u00f8r det mulig \u00e5 endre intensiteten p\u00e5 trening og l\u00f8p.<\/p>\n<p><strong>7 motstandsniv\u00e5er<\/strong><br \/>\nMulighet til \u00e5 endre treningsintensiteten.<\/p>\n<p><strong>Sikkerhetsbremsesystem<\/strong><br \/>\nSikkerhetsbremsesystemet i maskinen gj\u00f8r det enkelt og trygt \u00e5 starte og stoppe treningen.<\/p>\n<p><strong>Multigrepsh\u00e5ndtak<\/strong><br \/>\nErgonomiske h\u00e5ndtak for ulike typer trening<\/p>\n<ul>\n<li>st\u00f8tte for flere enheter: maskinen er utstyrt med st\u00f8tte for smarttelefoner og nettbrett<\/li>\n<li>stor flaskeholder<\/li>\n<li>easy pull: rask og enkel forflytning takket v\u00e6re bakhjulene og et h\u00e5ndtak bak<\/li>\n<li>lite vedlikehold og design som skal vare over tid. komponenter med lang levetid<\/li>\n<li>maksimal stabilitet<\/li>\n<li>trinn med hi-grip<\/li>\n<\/ul>\n","protected":false},"excerpt":{"rendered":"<p>Mykt motstandssystem med permanente magneter Kompakt og plassbesparende Totalareal: 1,2 m\u00b2 Total training Tilgjengelighet i 3 trinn som gj\u00f8r det mulig \u00e5 endre intensiteten p\u00e5 trening og l\u00f8p. 7 motstandsniv\u00e5er Mulighet til \u00e5 endre treningsintensiteten. Sikkerhetsbremsesystem Sikkerhetsbremsesystemet i maskinen gj\u00f8r det enkelt og trygt \u00e5 starte og stoppe treningen. Multigrepsh\u00e5ndtak Ergonomiske h\u00e5ndtak for ulike typer [&hellip;]<\/p>\n","protected":false},"featured_media":18638,"comment_status":"open","ping_status":"closed","template":"","meta":{"_acf_changed":false,"_monsterinsights_skip_tracking":false,"_monsterinsights_sitenote_active":false,"_monsterinsights_sitenote_note":"","_monsterinsights_sitenote_category":0},"product_brand":[],"product_cat":[538,533],"product_tag":[539],"class_list":{"0":"post-21546","1":"product","2":"type-product","3":"status-publish","4":"has-post-thumbnail","6":"product_cat-ecoline-no-produktlinje-no","7":"product_cat-trappemaskin","8":"product_tag-panatta-ekoline","10":"first","11":"outofstock","12":"taxable","13":"shipping-taxable","14":"purchasable","15":"product-type-simple"},"acf":[],"yoast_head":"<!-- This site is optimized with the Yoast SEO plugin v27.4 - https:\/\/yoast.com\/product\/yoast-seo-wordpress\/ -->\n<title>EcoClimber (magnetisk motstand) - Motionfitness.com<\/title>\n<meta name=\"description\" content=\"EcoClimber er en trappeklatrer med magnetisk motstand og flere niv\u00e5er, noe som gj\u00f8r den ideell for allsidig og effektiv trening.\" \/>\n<meta name=\"robots\" content=\"index, follow, max-snippet:-1, max-image-preview:large, max-video-preview:-1\" \/>\n<link rel=\"canonical\" href=\"https:\/\/motionfitness.se\/no\/produkter\/ecoclimber\/\" \/>\n<meta property=\"og:locale\" content=\"nb_NO\" \/>\n<meta property=\"og:type\" content=\"article\" \/>\n<meta property=\"og:title\" content=\"EcoClimber (magnetisk motstand) - Motionfitness.com\" \/>\n<meta property=\"og:description\" content=\"EcoClimber er en trappeklatrer med magnetisk motstand og flere niv\u00e5er, noe som gj\u00f8r den ideell for allsidig og effektiv trening.\" \/>\n<meta property=\"og:url\" content=\"https:\/\/motionfitness.se\/no\/produkter\/ecoclimber\/\" \/>\n<meta property=\"og:site_name\" content=\"Motion Fitness\" \/>\n<meta property=\"article:publisher\" content=\"https:\/\/www.facebook.com\/motionfitnesssverige\/\" \/>\n<meta property=\"article:modified_time\" content=\"2026-03-29T21:03:02+00:00\" \/>\n<meta property=\"og:image\" content=\"https:\/\/motionfitness.se\/wp-content\/uploads\/2022\/11\/1CF70.png\" \/>\n\t<meta property=\"og:image:width\" content=\"1440\" \/>\n\t<meta property=\"og:image:height\" content=\"1440\" \/>\n\t<meta property=\"og:image:type\" content=\"image\/png\" \/>\n<meta name=\"twitter:card\" content=\"summary_large_image\" \/>\n<meta name=\"twitter:label1\" content=\"Ansl. lesetid\" \/>\n\t<meta name=\"twitter:data1\" content=\"1 minutt\" \/>\n<script type=\"application\/ld+json\" class=\"yoast-schema-graph\">{\"@context\":\"https:\\\/\\\/schema.org\",\"@graph\":[{\"@type\":\"WebPage\",\"@id\":\"https:\\\/\\\/motionfitness.se\\\/no\\\/produkter\\\/ecoclimber\\\/\",\"url\":\"https:\\\/\\\/motionfitness.se\\\/no\\\/produkter\\\/ecoclimber\\\/\",\"name\":\"EcoClimber (magnetisk motstand) - Motionfitness.com\",\"isPartOf\":{\"@id\":\"https:\\\/\\\/motionfitness.se\\\/no\\\/#website\"},\"primaryImageOfPage\":{\"@id\":\"https:\\\/\\\/motionfitness.se\\\/no\\\/produkter\\\/ecoclimber\\\/#primaryimage\"},\"image\":{\"@id\":\"https:\\\/\\\/motionfitness.se\\\/no\\\/produkter\\\/ecoclimber\\\/#primaryimage\"},\"thumbnailUrl\":\"https:\\\/\\\/motionfitness.se\\\/wp-content\\\/uploads\\\/2022\\\/11\\\/1CF70.png\",\"datePublished\":\"2022-11-16T09:45:09+00:00\",\"dateModified\":\"2026-03-29T21:03:02+00:00\",\"description\":\"EcoClimber er en trappeklatrer med magnetisk motstand og flere niv\u00e5er, noe som gj\u00f8r den ideell for allsidig og effektiv trening.\",\"breadcrumb\":{\"@id\":\"https:\\\/\\\/motionfitness.se\\\/no\\\/produkter\\\/ecoclimber\\\/#breadcrumb\"},\"inLanguage\":\"nb-NO\",\"potentialAction\":[{\"@type\":\"ReadAction\",\"target\":[\"https:\\\/\\\/motionfitness.se\\\/no\\\/produkter\\\/ecoclimber\\\/\"]}]},{\"@type\":\"ImageObject\",\"inLanguage\":\"nb-NO\",\"@id\":\"https:\\\/\\\/motionfitness.se\\\/no\\\/produkter\\\/ecoclimber\\\/#primaryimage\",\"url\":\"https:\\\/\\\/motionfitness.se\\\/wp-content\\\/uploads\\\/2022\\\/11\\\/1CF70.png\",\"contentUrl\":\"https:\\\/\\\/motionfitness.se\\\/wp-content\\\/uploads\\\/2022\\\/11\\\/1CF70.png\",\"width\":1440,\"height\":1440},{\"@type\":\"BreadcrumbList\",\"@id\":\"https:\\\/\\\/motionfitness.se\\\/no\\\/produkter\\\/ecoclimber\\\/#breadcrumb\",\"itemListElement\":[{\"@type\":\"ListItem\",\"position\":1,\"name\":\"Hem\",\"item\":\"https:\\\/\\\/motionfitness.se\\\/no\\\/startside\\\/\"},{\"@type\":\"ListItem\",\"position\":2,\"name\":\"Produkter\",\"item\":\"https:\\\/\\\/motionfitness.se\\\/no\\\/produkter\\\/\"},{\"@type\":\"ListItem\",\"position\":3,\"name\":\"ECOCLIMBER\"}]},{\"@type\":\"WebSite\",\"@id\":\"https:\\\/\\\/motionfitness.se\\\/no\\\/#website\",\"url\":\"https:\\\/\\\/motionfitness.se\\\/no\\\/\",\"name\":\"Motion Fitness\",\"description\":\"Stronger Together\",\"publisher\":{\"@id\":\"https:\\\/\\\/motionfitness.se\\\/no\\\/#organization\"},\"potentialAction\":[{\"@type\":\"SearchAction\",\"target\":{\"@type\":\"EntryPoint\",\"urlTemplate\":\"https:\\\/\\\/motionfitness.se\\\/no\\\/?s={search_term_string}\"},\"query-input\":{\"@type\":\"PropertyValueSpecification\",\"valueRequired\":true,\"valueName\":\"search_term_string\"}}],\"inLanguage\":\"nb-NO\"},{\"@type\":\"Organization\",\"@id\":\"https:\\\/\\\/motionfitness.se\\\/no\\\/#organization\",\"name\":\"Motion Fitness\",\"url\":\"https:\\\/\\\/motionfitness.se\\\/no\\\/\",\"logo\":{\"@type\":\"ImageObject\",\"inLanguage\":\"nb-NO\",\"@id\":\"https:\\\/\\\/motionfitness.se\\\/no\\\/#\\\/schema\\\/logo\\\/image\\\/\",\"url\":\"https:\\\/\\\/motionfitness.se\\\/wp-content\\\/uploads\\\/2024\\\/01\\\/Motion-Fitness-Logol.png\",\"contentUrl\":\"https:\\\/\\\/motionfitness.se\\\/wp-content\\\/uploads\\\/2024\\\/01\\\/Motion-Fitness-Logol.png\",\"width\":1280,\"height\":720,\"caption\":\"Motion Fitness\"},\"image\":{\"@id\":\"https:\\\/\\\/motionfitness.se\\\/no\\\/#\\\/schema\\\/logo\\\/image\\\/\"},\"sameAs\":[\"https:\\\/\\\/www.facebook.com\\\/motionfitnesssverige\\\/\",\"https:\\\/\\\/www.instagram.com\\\/motionfitness.se\\\/\"]}]}<\/script>\n<!-- \/ Yoast SEO plugin. -->","yoast_head_json":{"title":"EcoClimber (magnetisk motstand) - Motionfitness.com","description":"EcoClimber er en trappeklatrer med magnetisk motstand og flere niv\u00e5er, noe som gj\u00f8r den ideell for allsidig og effektiv trening.","robots":{"index":"index","follow":"follow","max-snippet":"max-snippet:-1","max-image-preview":"max-image-preview:large","max-video-preview":"max-video-preview:-1"},"canonical":"https:\/\/motionfitness.se\/no\/produkter\/ecoclimber\/","og_locale":"nb_NO","og_type":"article","og_title":"EcoClimber (magnetisk motstand) - Motionfitness.com","og_description":"EcoClimber er en trappeklatrer med magnetisk motstand og flere niv\u00e5er, noe som gj\u00f8r den ideell for allsidig og effektiv trening.","og_url":"https:\/\/motionfitness.se\/no\/produkter\/ecoclimber\/","og_site_name":"Motion Fitness","article_publisher":"https:\/\/www.facebook.com\/motionfitnesssverige\/","article_modified_time":"2026-03-29T21:03:02+00:00","og_image":[{"width":1440,"height":1440,"url":"https:\/\/motionfitness.se\/wp-content\/uploads\/2022\/11\/1CF70.png","type":"image\/png"}],"twitter_card":"summary_large_image","twitter_misc":{"Ansl. lesetid":"1 minutt"},"schema":{"@context":"https:\/\/schema.org","@graph":[{"@type":"WebPage","@id":"https:\/\/motionfitness.se\/no\/produkter\/ecoclimber\/","url":"https:\/\/motionfitness.se\/no\/produkter\/ecoclimber\/","name":"EcoClimber (magnetisk motstand) - Motionfitness.com","isPartOf":{"@id":"https:\/\/motionfitness.se\/no\/#website"},"primaryImageOfPage":{"@id":"https:\/\/motionfitness.se\/no\/produkter\/ecoclimber\/#primaryimage"},"image":{"@id":"https:\/\/motionfitness.se\/no\/produkter\/ecoclimber\/#primaryimage"},"thumbnailUrl":"https:\/\/motionfitness.se\/wp-content\/uploads\/2022\/11\/1CF70.png","datePublished":"2022-11-16T09:45:09+00:00","dateModified":"2026-03-29T21:03:02+00:00","description":"EcoClimber er en trappeklatrer med magnetisk motstand og flere niv\u00e5er, noe som gj\u00f8r den ideell for allsidig og effektiv trening.","breadcrumb":{"@id":"https:\/\/motionfitness.se\/no\/produkter\/ecoclimber\/#breadcrumb"},"inLanguage":"nb-NO","potentialAction":[{"@type":"ReadAction","target":["https:\/\/motionfitness.se\/no\/produkter\/ecoclimber\/"]}]},{"@type":"ImageObject","inLanguage":"nb-NO","@id":"https:\/\/motionfitness.se\/no\/produkter\/ecoclimber\/#primaryimage","url":"https:\/\/motionfitness.se\/wp-content\/uploads\/2022\/11\/1CF70.png","contentUrl":"https:\/\/motionfitness.se\/wp-content\/uploads\/2022\/11\/1CF70.png","width":1440,"height":1440},{"@type":"BreadcrumbList","@id":"https:\/\/motionfitness.se\/no\/produkter\/ecoclimber\/#breadcrumb","itemListElement":[{"@type":"ListItem","position":1,"name":"Hem","item":"https:\/\/motionfitness.se\/no\/startside\/"},{"@type":"ListItem","position":2,"name":"Produkter","item":"https:\/\/motionfitness.se\/no\/produkter\/"},{"@type":"ListItem","position":3,"name":"ECOCLIMBER"}]},{"@type":"WebSite","@id":"https:\/\/motionfitness.se\/no\/#website","url":"https:\/\/motionfitness.se\/no\/","name":"Motion Fitness","description":"Stronger Together","publisher":{"@id":"https:\/\/motionfitness.se\/no\/#organization"},"potentialAction":[{"@type":"SearchAction","target":{"@type":"EntryPoint","urlTemplate":"https:\/\/motionfitness.se\/no\/?s={search_term_string}"},"query-input":{"@type":"PropertyValueSpecification","valueRequired":true,"valueName":"search_term_string"}}],"inLanguage":"nb-NO"},{"@type":"Organization","@id":"https:\/\/motionfitness.se\/no\/#organization","name":"Motion Fitness","url":"https:\/\/motionfitness.se\/no\/","logo":{"@type":"ImageObject","inLanguage":"nb-NO","@id":"https:\/\/motionfitness.se\/no\/#\/schema\/logo\/image\/","url":"https:\/\/motionfitness.se\/wp-content\/uploads\/2024\/01\/Motion-Fitness-Logol.png","contentUrl":"https:\/\/motionfitness.se\/wp-content\/uploads\/2024\/01\/Motion-Fitness-Logol.png","width":1280,"height":720,"caption":"Motion Fitness"},"image":{"@id":"https:\/\/motionfitness.se\/no\/#\/schema\/logo\/image\/"},"sameAs":["https:\/\/www.facebook.com\/motionfitnesssverige\/","https:\/\/www.instagram.com\/motionfitness.se\/"]}]}},"_links":{"self":[{"href":"https:\/\/motionfitness.se\/no\/wp-json\/wp\/v2\/product\/21546","targetHints":{"allow":["GET"]}}],"collection":[{"href":"https:\/\/motionfitness.se\/no\/wp-json\/wp\/v2\/product"}],"about":[{"href":"https:\/\/motionfitness.se\/no\/wp-json\/wp\/v2\/types\/product"}],"replies":[{"embeddable":true,"href":"https:\/\/motionfitness.se\/no\/wp-json\/wp\/v2\/comments?post=21546"}],"wp:featuredmedia":[{"embeddable":true,"href":"https:\/\/motionfitness.se\/no\/wp-json\/wp\/v2\/media\/18638"}],"wp:attachment":[{"href":"https:\/\/motionfitness.se\/no\/wp-json\/wp\/v2\/media?parent=21546"}],"wp:term":[{"taxonomy":"product_brand","embeddable":true,"href":"https:\/\/motionfitness.se\/no\/wp-json\/wp\/v2\/product_brand?post=21546"},{"taxonomy":"product_cat","embeddable":true,"href":"https:\/\/motionfitness.se\/no\/wp-json\/wp\/v2\/product_cat?post=21546"},{"taxonomy":"product_tag","embeddable":true,"href":"https:\/\/motionfitness.se\/no\/wp-json\/wp\/v2\/product_tag?post=21546"}],"curies":[{"name":"wp","href":"https:\/\/api.w.org\/{rel}","templated":true}]}}