{"id":21481,"date":"2022-11-16T10:45:52","date_gmt":"2022-11-16T09:45:52","guid":{"rendered":"https:\/\/motionfitness.se\/produkter\/super-benpress-45-dobbelt-system\/"},"modified":"2026-04-27T10:22:16","modified_gmt":"2026-04-27T08:22:16","slug":"super-leg-press-45-dual-system","status":"publish","type":"product","link":"https:\/\/motionfitness.se\/no\/produkter\/super-leg-press-45-dual-system\/","title":{"rendered":"SUPER LEG PRESS 45\u00b0 DUAL SYSTEM"},"content":{"rendered":"<p>Bredde 185 cm<br \/>\nLengde 255 cm<br \/>\nH\u00f8yde 165 cm<br \/>\nVekt 485 kg<br \/>\nMaks. vekt 900 kg<br \/>\nMotvekt 50+50 kg <\/p>\n","protected":false},"excerpt":{"rendered":"<p>Super Leg Press 45\u00b0 Dual System er ideell for fullstendig trening av hele l\u00e5rmuskulaturen, med mulighet for \u00e5 utf\u00f8re bevegelser med begge f\u00f8tter (med sammenf\u00f8yde eller uavhengige fotbrett) eller med \u00e9n fot (enkelt eller vekselvis med uavhengige fotbrett). Hovedfunksjoner: <\/p>\n<p>ryggst\u00f8tte justerbar i 3 vinkler;<br \/>\nryggpolstring med variabel tetthet med progressiv justering;<br \/>\nline\u00e6rt skyvesystem med konstant belastning p\u00e5 hjul med lav friksjon;<br \/>\nstore, uavhengige skyveplattformer p\u00e5 40&#215;60 cm, hver for enkel eller dobbeltsidig utf\u00f8relse;<br \/>\nanordning for gjensidig l\u00e5sing av de to fotplatene;<br \/>\nskyveplattformer med sklisikker behandling;<br \/>\nfysiologisk bevegelsesstartsystem med uavhengige sikkerhetsspaker p\u00e5 begge sider;<br \/>\nsikkerhetsbegrensningsbrytere som kan justeres i 3 forskjellige posisjoner uavhengig av hverandre p\u00e5 begge sider;<br \/>\nsideh\u00e5ndtak p\u00e5 fotplatene for enkel inn- og utstigning.<\/p>\n<p>Valgfritt:<br \/>\n6 ekstra vektholdere.<\/p>\n","protected":false},"featured_media":18757,"comment_status":"open","ping_status":"closed","template":"","meta":{"_acf_changed":false,"_monsterinsights_skip_tracking":false,"_monsterinsights_sitenote_active":false,"_monsterinsights_sitenote_note":"","_monsterinsights_sitenote_category":0},"product_brand":[],"product_cat":[495,480,493],"product_tag":[490],"class_list":{"0":"post-21481","1":"product","2":"type-product","3":"status-publish","4":"has-post-thumbnail","6":"product_cat-bakside-ben-no","7":"product_cat-free-weight-produktlinje-no","8":"product_cat-fremsideben-no","9":"product_tag-panatta-free-weight-special-no","11":"first","12":"outofstock","13":"taxable","14":"shipping-taxable","15":"purchasable","16":"product-type-simple"},"acf":[],"yoast_head":"<!-- This site is optimized with the Yoast SEO plugin v27.5 - https:\/\/yoast.com\/product\/yoast-seo-wordpress\/ -->\n<title>SUPER LEG PRESS 45\u00b0 DUAL SYSTEM | Motion Fitness<\/title>\n<meta name=\"description\" content=\"Robust og smidig treningsutstyr som passer for deg som privat- eller firmakunde. Kj\u00f8p eller lei treningsutstyr hos Motion Fitness.\" \/>\n<meta name=\"robots\" content=\"index, follow, max-snippet:-1, max-image-preview:large, max-video-preview:-1\" \/>\n<link rel=\"canonical\" href=\"https:\/\/motionfitness.se\/no\/produkter\/super-leg-press-45-dual-system\/\" \/>\n<meta property=\"og:locale\" content=\"nb_NO\" \/>\n<meta property=\"og:type\" content=\"article\" \/>\n<meta property=\"og:title\" content=\"SUPER LEG PRESS 45\u00b0 DUAL SYSTEM | Motion Fitness\" \/>\n<meta property=\"og:description\" content=\"Robust og smidig treningsutstyr som passer for deg som privat- eller firmakunde. Kj\u00f8p eller lei treningsutstyr hos Motion Fitness.\" \/>\n<meta property=\"og:url\" content=\"https:\/\/motionfitness.se\/no\/produkter\/super-leg-press-45-dual-system\/\" \/>\n<meta property=\"og:site_name\" content=\"Motion Fitness\" \/>\n<meta property=\"article:publisher\" content=\"https:\/\/www.facebook.com\/motionfitnesssverige\/\" \/>\n<meta property=\"article:modified_time\" content=\"2026-04-27T08:22:16+00:00\" \/>\n<meta property=\"og:image\" content=\"https:\/\/motionfitness.se\/wp-content\/uploads\/2022\/11\/1FW090_pic_03.png\" \/>\n\t<meta property=\"og:image:width\" content=\"1440\" \/>\n\t<meta property=\"og:image:height\" content=\"1440\" \/>\n\t<meta property=\"og:image:type\" content=\"image\/png\" \/>\n<meta name=\"twitter:card\" content=\"summary_large_image\" \/>\n<meta name=\"twitter:label1\" content=\"Ansl. lesetid\" \/>\n\t<meta name=\"twitter:data1\" content=\"1 minutt\" \/>\n<script type=\"application\/ld+json\" class=\"yoast-schema-graph\">{\"@context\":\"https:\\\/\\\/schema.org\",\"@graph\":[{\"@type\":\"WebPage\",\"@id\":\"https:\\\/\\\/motionfitness.se\\\/no\\\/produkter\\\/super-leg-press-45-dual-system\\\/\",\"url\":\"https:\\\/\\\/motionfitness.se\\\/no\\\/produkter\\\/super-leg-press-45-dual-system\\\/\",\"name\":\"SUPER LEG PRESS 45\u00b0 DUAL SYSTEM | Motion Fitness\",\"isPartOf\":{\"@id\":\"https:\\\/\\\/motionfitness.se\\\/no\\\/#website\"},\"primaryImageOfPage\":{\"@id\":\"https:\\\/\\\/motionfitness.se\\\/no\\\/produkter\\\/super-leg-press-45-dual-system\\\/#primaryimage\"},\"image\":{\"@id\":\"https:\\\/\\\/motionfitness.se\\\/no\\\/produkter\\\/super-leg-press-45-dual-system\\\/#primaryimage\"},\"thumbnailUrl\":\"https:\\\/\\\/motionfitness.se\\\/wp-content\\\/uploads\\\/2022\\\/11\\\/1FW090_pic_03.png\",\"datePublished\":\"2022-11-16T09:45:52+00:00\",\"dateModified\":\"2026-04-27T08:22:16+00:00\",\"description\":\"Robust og smidig treningsutstyr som passer for deg som privat- eller firmakunde. Kj\u00f8p eller lei treningsutstyr hos Motion Fitness.\",\"breadcrumb\":{\"@id\":\"https:\\\/\\\/motionfitness.se\\\/no\\\/produkter\\\/super-leg-press-45-dual-system\\\/#breadcrumb\"},\"inLanguage\":\"nb-NO\",\"potentialAction\":[{\"@type\":\"ReadAction\",\"target\":[\"https:\\\/\\\/motionfitness.se\\\/no\\\/produkter\\\/super-leg-press-45-dual-system\\\/\"]}]},{\"@type\":\"ImageObject\",\"inLanguage\":\"nb-NO\",\"@id\":\"https:\\\/\\\/motionfitness.se\\\/no\\\/produkter\\\/super-leg-press-45-dual-system\\\/#primaryimage\",\"url\":\"https:\\\/\\\/motionfitness.se\\\/wp-content\\\/uploads\\\/2022\\\/11\\\/1FW090_pic_03.png\",\"contentUrl\":\"https:\\\/\\\/motionfitness.se\\\/wp-content\\\/uploads\\\/2022\\\/11\\\/1FW090_pic_03.png\",\"width\":1440,\"height\":1440},{\"@type\":\"BreadcrumbList\",\"@id\":\"https:\\\/\\\/motionfitness.se\\\/no\\\/produkter\\\/super-leg-press-45-dual-system\\\/#breadcrumb\",\"itemListElement\":[{\"@type\":\"ListItem\",\"position\":1,\"name\":\"Hem\",\"item\":\"https:\\\/\\\/motionfitness.se\\\/no\\\/startside\\\/\"},{\"@type\":\"ListItem\",\"position\":2,\"name\":\"Produkter\",\"item\":\"https:\\\/\\\/motionfitness.se\\\/no\\\/produkter\\\/\"},{\"@type\":\"ListItem\",\"position\":3,\"name\":\"SUPER LEG PRESS 45\u00b0 DUAL SYSTEM\"}]},{\"@type\":\"WebSite\",\"@id\":\"https:\\\/\\\/motionfitness.se\\\/no\\\/#website\",\"url\":\"https:\\\/\\\/motionfitness.se\\\/no\\\/\",\"name\":\"Motion Fitness\",\"description\":\"Stronger Together\",\"publisher\":{\"@id\":\"https:\\\/\\\/motionfitness.se\\\/no\\\/#organization\"},\"potentialAction\":[{\"@type\":\"SearchAction\",\"target\":{\"@type\":\"EntryPoint\",\"urlTemplate\":\"https:\\\/\\\/motionfitness.se\\\/no\\\/?s={search_term_string}\"},\"query-input\":{\"@type\":\"PropertyValueSpecification\",\"valueRequired\":true,\"valueName\":\"search_term_string\"}}],\"inLanguage\":\"nb-NO\"},{\"@type\":\"Organization\",\"@id\":\"https:\\\/\\\/motionfitness.se\\\/no\\\/#organization\",\"name\":\"Motion Fitness\",\"url\":\"https:\\\/\\\/motionfitness.se\\\/no\\\/\",\"logo\":{\"@type\":\"ImageObject\",\"inLanguage\":\"nb-NO\",\"@id\":\"https:\\\/\\\/motionfitness.se\\\/no\\\/#\\\/schema\\\/logo\\\/image\\\/\",\"url\":\"https:\\\/\\\/motionfitness.se\\\/wp-content\\\/uploads\\\/2024\\\/01\\\/Motion-Fitness-Logol.png\",\"contentUrl\":\"https:\\\/\\\/motionfitness.se\\\/wp-content\\\/uploads\\\/2024\\\/01\\\/Motion-Fitness-Logol.png\",\"width\":1280,\"height\":720,\"caption\":\"Motion Fitness\"},\"image\":{\"@id\":\"https:\\\/\\\/motionfitness.se\\\/no\\\/#\\\/schema\\\/logo\\\/image\\\/\"},\"sameAs\":[\"https:\\\/\\\/www.facebook.com\\\/motionfitnesssverige\\\/\",\"https:\\\/\\\/www.instagram.com\\\/motionfitness.se\\\/\"]}]}<\/script>\n<!-- \/ Yoast SEO plugin. -->","yoast_head_json":{"title":"SUPER LEG PRESS 45\u00b0 DUAL SYSTEM | Motion Fitness","description":"Robust og smidig treningsutstyr som passer for deg som privat- eller firmakunde. Kj\u00f8p eller lei treningsutstyr hos Motion Fitness.","robots":{"index":"index","follow":"follow","max-snippet":"max-snippet:-1","max-image-preview":"max-image-preview:large","max-video-preview":"max-video-preview:-1"},"canonical":"https:\/\/motionfitness.se\/no\/produkter\/super-leg-press-45-dual-system\/","og_locale":"nb_NO","og_type":"article","og_title":"SUPER LEG PRESS 45\u00b0 DUAL SYSTEM | Motion Fitness","og_description":"Robust og smidig treningsutstyr som passer for deg som privat- eller firmakunde. Kj\u00f8p eller lei treningsutstyr hos Motion Fitness.","og_url":"https:\/\/motionfitness.se\/no\/produkter\/super-leg-press-45-dual-system\/","og_site_name":"Motion Fitness","article_publisher":"https:\/\/www.facebook.com\/motionfitnesssverige\/","article_modified_time":"2026-04-27T08:22:16+00:00","og_image":[{"width":1440,"height":1440,"url":"https:\/\/motionfitness.se\/wp-content\/uploads\/2022\/11\/1FW090_pic_03.png","type":"image\/png"}],"twitter_card":"summary_large_image","twitter_misc":{"Ansl. lesetid":"1 minutt"},"schema":{"@context":"https:\/\/schema.org","@graph":[{"@type":"WebPage","@id":"https:\/\/motionfitness.se\/no\/produkter\/super-leg-press-45-dual-system\/","url":"https:\/\/motionfitness.se\/no\/produkter\/super-leg-press-45-dual-system\/","name":"SUPER LEG PRESS 45\u00b0 DUAL SYSTEM | Motion Fitness","isPartOf":{"@id":"https:\/\/motionfitness.se\/no\/#website"},"primaryImageOfPage":{"@id":"https:\/\/motionfitness.se\/no\/produkter\/super-leg-press-45-dual-system\/#primaryimage"},"image":{"@id":"https:\/\/motionfitness.se\/no\/produkter\/super-leg-press-45-dual-system\/#primaryimage"},"thumbnailUrl":"https:\/\/motionfitness.se\/wp-content\/uploads\/2022\/11\/1FW090_pic_03.png","datePublished":"2022-11-16T09:45:52+00:00","dateModified":"2026-04-27T08:22:16+00:00","description":"Robust og smidig treningsutstyr som passer for deg som privat- eller firmakunde. Kj\u00f8p eller lei treningsutstyr hos Motion Fitness.","breadcrumb":{"@id":"https:\/\/motionfitness.se\/no\/produkter\/super-leg-press-45-dual-system\/#breadcrumb"},"inLanguage":"nb-NO","potentialAction":[{"@type":"ReadAction","target":["https:\/\/motionfitness.se\/no\/produkter\/super-leg-press-45-dual-system\/"]}]},{"@type":"ImageObject","inLanguage":"nb-NO","@id":"https:\/\/motionfitness.se\/no\/produkter\/super-leg-press-45-dual-system\/#primaryimage","url":"https:\/\/motionfitness.se\/wp-content\/uploads\/2022\/11\/1FW090_pic_03.png","contentUrl":"https:\/\/motionfitness.se\/wp-content\/uploads\/2022\/11\/1FW090_pic_03.png","width":1440,"height":1440},{"@type":"BreadcrumbList","@id":"https:\/\/motionfitness.se\/no\/produkter\/super-leg-press-45-dual-system\/#breadcrumb","itemListElement":[{"@type":"ListItem","position":1,"name":"Hem","item":"https:\/\/motionfitness.se\/no\/startside\/"},{"@type":"ListItem","position":2,"name":"Produkter","item":"https:\/\/motionfitness.se\/no\/produkter\/"},{"@type":"ListItem","position":3,"name":"SUPER LEG PRESS 45\u00b0 DUAL SYSTEM"}]},{"@type":"WebSite","@id":"https:\/\/motionfitness.se\/no\/#website","url":"https:\/\/motionfitness.se\/no\/","name":"Motion Fitness","description":"Stronger Together","publisher":{"@id":"https:\/\/motionfitness.se\/no\/#organization"},"potentialAction":[{"@type":"SearchAction","target":{"@type":"EntryPoint","urlTemplate":"https:\/\/motionfitness.se\/no\/?s={search_term_string}"},"query-input":{"@type":"PropertyValueSpecification","valueRequired":true,"valueName":"search_term_string"}}],"inLanguage":"nb-NO"},{"@type":"Organization","@id":"https:\/\/motionfitness.se\/no\/#organization","name":"Motion Fitness","url":"https:\/\/motionfitness.se\/no\/","logo":{"@type":"ImageObject","inLanguage":"nb-NO","@id":"https:\/\/motionfitness.se\/no\/#\/schema\/logo\/image\/","url":"https:\/\/motionfitness.se\/wp-content\/uploads\/2024\/01\/Motion-Fitness-Logol.png","contentUrl":"https:\/\/motionfitness.se\/wp-content\/uploads\/2024\/01\/Motion-Fitness-Logol.png","width":1280,"height":720,"caption":"Motion Fitness"},"image":{"@id":"https:\/\/motionfitness.se\/no\/#\/schema\/logo\/image\/"},"sameAs":["https:\/\/www.facebook.com\/motionfitnesssverige\/","https:\/\/www.instagram.com\/motionfitness.se\/"]}]}},"_links":{"self":[{"href":"https:\/\/motionfitness.se\/no\/wp-json\/wp\/v2\/product\/21481","targetHints":{"allow":["GET"]}}],"collection":[{"href":"https:\/\/motionfitness.se\/no\/wp-json\/wp\/v2\/product"}],"about":[{"href":"https:\/\/motionfitness.se\/no\/wp-json\/wp\/v2\/types\/product"}],"replies":[{"embeddable":true,"href":"https:\/\/motionfitness.se\/no\/wp-json\/wp\/v2\/comments?post=21481"}],"wp:featuredmedia":[{"embeddable":true,"href":"https:\/\/motionfitness.se\/no\/wp-json\/wp\/v2\/media\/18757"}],"wp:attachment":[{"href":"https:\/\/motionfitness.se\/no\/wp-json\/wp\/v2\/media?parent=21481"}],"wp:term":[{"taxonomy":"product_brand","embeddable":true,"href":"https:\/\/motionfitness.se\/no\/wp-json\/wp\/v2\/product_brand?post=21481"},{"taxonomy":"product_cat","embeddable":true,"href":"https:\/\/motionfitness.se\/no\/wp-json\/wp\/v2\/product_cat?post=21481"},{"taxonomy":"product_tag","embeddable":true,"href":"https:\/\/motionfitness.se\/no\/wp-json\/wp\/v2\/product_tag?post=21481"}],"curies":[{"name":"wp","href":"https:\/\/api.w.org\/{rel}","templated":true}]}}