{"id":21454,"date":"2022-11-16T10:45:40","date_gmt":"2022-11-16T09:45:40","guid":{"rendered":"https:\/\/motionfitness.se\/produkter\/super-horisontal-multipresse\/"},"modified":"2025-02-11T11:26:08","modified_gmt":"2025-02-11T10:26:08","slug":"super-horisontal-multipresse","status":"publish","type":"product","link":"https:\/\/motionfitness.se\/no\/produkter\/super-horisontal-multipresse\/","title":{"rendered":"SUPER HORIZONTAL MULTI PRESS"},"content":{"rendered":"<p>Bredde 150 cm<br \/>\nLengde 230 cm<br \/>\nH\u00f8yde 165 cm<br \/>\nVekt 300 kg<br \/>\nMaks. Vekt 270 kg<br \/>\nTom last 25 kg<\/p>\n","protected":false},"excerpt":{"rendered":"<p>Super Horizontal Multi Press er en maskin som gjengir armstrekk\u00f8velsen p\u00e5 en horisontal benk med vektstang, og som brukes til \u00e5 trene hele muskelkjeden best\u00e5ende av brystmusklene, triceps og bakre deltamuskler. Maskinen har betydelige fordeler i forhold til utf\u00f8relse med fri vektstang n\u00e5r det gjelder brukervennlighet, sikkerhet og effektivitet.<\/p>\n<p>Pluss<br \/>\n2 multipressstenger spesielt beregnet for trening av triceps og brystmuskler;<br \/>\nhalvsirkelformet bevegelse med fysiologisk belastningskurve med spakesystem;<br \/>\njusterbart bevegelseomr\u00e5de. Multitrykkstengene kan plasseres i forskjellige gassassisterte h\u00f8yder;<br \/>\nsmartbryter: enkelt dreiesystem for raskt valg av stangtype;<br \/>\nspake for fysiologisk start av bevegelse med skulderst\u00f8tter.<\/p>\n<p>Valgfritt<br \/>\n6 ekstra vektholdere.<\/p>\n","protected":false},"featured_media":18744,"comment_status":"open","ping_status":"closed","template":"","meta":{"_acf_changed":false,"_monsterinsights_skip_tracking":false,"_monsterinsights_sitenote_active":false,"_monsterinsights_sitenote_note":"","_monsterinsights_sitenote_category":0},"product_brand":[],"product_cat":[725,480],"product_tag":[490],"class_list":{"0":"post-21454","1":"product","2":"type-product","3":"status-publish","4":"has-post-thumbnail","6":"product_cat-bryst-no","7":"product_cat-free-weight-produktlinje-no","8":"product_tag-panatta-free-weight-special-no","10":"first","11":"outofstock","12":"taxable","13":"shipping-taxable","14":"purchasable","15":"product-type-simple"},"acf":[],"yoast_head":"<!-- This site is optimized with the Yoast SEO plugin v27.4 - https:\/\/yoast.com\/product\/yoast-seo-wordpress\/ -->\n<title>SUPER HORIZONTAL MULTI PRESS | Motion Fitness<\/title>\n<meta name=\"description\" content=\"Robust og smidig treningsutstyr som passer for deg som privat- eller firmakunde. Kj\u00f8p eller lei treningsutstyr hos Motion Fitness.\" \/>\n<meta name=\"robots\" content=\"index, follow, max-snippet:-1, max-image-preview:large, max-video-preview:-1\" \/>\n<link rel=\"canonical\" href=\"https:\/\/motionfitness.se\/no\/produkter\/super-horisontal-multipresse\/\" \/>\n<meta property=\"og:locale\" content=\"nb_NO\" \/>\n<meta property=\"og:type\" content=\"article\" \/>\n<meta property=\"og:title\" content=\"SUPER HORIZONTAL MULTI PRESS | Motion Fitness\" \/>\n<meta property=\"og:description\" content=\"Robust og smidig treningsutstyr som passer for deg som privat- eller firmakunde. Kj\u00f8p eller lei treningsutstyr hos Motion Fitness.\" \/>\n<meta property=\"og:url\" content=\"https:\/\/motionfitness.se\/no\/produkter\/super-horisontal-multipresse\/\" \/>\n<meta property=\"og:site_name\" content=\"Motion Fitness\" \/>\n<meta property=\"article:publisher\" content=\"https:\/\/www.facebook.com\/motionfitnesssverige\/\" \/>\n<meta property=\"article:modified_time\" content=\"2025-02-11T10:26:08+00:00\" \/>\n<meta property=\"og:image\" content=\"https:\/\/motionfitness.se\/wp-content\/uploads\/2022\/11\/1FW042_pic_03.png\" \/>\n\t<meta property=\"og:image:width\" content=\"1440\" \/>\n\t<meta property=\"og:image:height\" content=\"1440\" \/>\n\t<meta property=\"og:image:type\" content=\"image\/png\" \/>\n<meta name=\"twitter:card\" content=\"summary_large_image\" \/>\n<meta name=\"twitter:label1\" content=\"Ansl. lesetid\" \/>\n\t<meta name=\"twitter:data1\" content=\"1 minutt\" \/>\n<script type=\"application\/ld+json\" class=\"yoast-schema-graph\">{\"@context\":\"https:\\\/\\\/schema.org\",\"@graph\":[{\"@type\":\"WebPage\",\"@id\":\"https:\\\/\\\/motionfitness.se\\\/no\\\/produkter\\\/super-horisontal-multipresse\\\/\",\"url\":\"https:\\\/\\\/motionfitness.se\\\/no\\\/produkter\\\/super-horisontal-multipresse\\\/\",\"name\":\"SUPER HORIZONTAL MULTI PRESS | Motion Fitness\",\"isPartOf\":{\"@id\":\"https:\\\/\\\/motionfitness.se\\\/no\\\/#website\"},\"primaryImageOfPage\":{\"@id\":\"https:\\\/\\\/motionfitness.se\\\/no\\\/produkter\\\/super-horisontal-multipresse\\\/#primaryimage\"},\"image\":{\"@id\":\"https:\\\/\\\/motionfitness.se\\\/no\\\/produkter\\\/super-horisontal-multipresse\\\/#primaryimage\"},\"thumbnailUrl\":\"https:\\\/\\\/motionfitness.se\\\/wp-content\\\/uploads\\\/2022\\\/11\\\/1FW042_pic_03.png\",\"datePublished\":\"2022-11-16T09:45:40+00:00\",\"dateModified\":\"2025-02-11T10:26:08+00:00\",\"description\":\"Robust og smidig treningsutstyr som passer for deg som privat- eller firmakunde. Kj\u00f8p eller lei treningsutstyr hos Motion Fitness.\",\"breadcrumb\":{\"@id\":\"https:\\\/\\\/motionfitness.se\\\/no\\\/produkter\\\/super-horisontal-multipresse\\\/#breadcrumb\"},\"inLanguage\":\"nb-NO\",\"potentialAction\":[{\"@type\":\"ReadAction\",\"target\":[\"https:\\\/\\\/motionfitness.se\\\/no\\\/produkter\\\/super-horisontal-multipresse\\\/\"]}]},{\"@type\":\"ImageObject\",\"inLanguage\":\"nb-NO\",\"@id\":\"https:\\\/\\\/motionfitness.se\\\/no\\\/produkter\\\/super-horisontal-multipresse\\\/#primaryimage\",\"url\":\"https:\\\/\\\/motionfitness.se\\\/wp-content\\\/uploads\\\/2022\\\/11\\\/1FW042_pic_03.png\",\"contentUrl\":\"https:\\\/\\\/motionfitness.se\\\/wp-content\\\/uploads\\\/2022\\\/11\\\/1FW042_pic_03.png\",\"width\":1440,\"height\":1440},{\"@type\":\"BreadcrumbList\",\"@id\":\"https:\\\/\\\/motionfitness.se\\\/no\\\/produkter\\\/super-horisontal-multipresse\\\/#breadcrumb\",\"itemListElement\":[{\"@type\":\"ListItem\",\"position\":1,\"name\":\"Hem\",\"item\":\"https:\\\/\\\/motionfitness.se\\\/no\\\/startside\\\/\"},{\"@type\":\"ListItem\",\"position\":2,\"name\":\"Produkter\",\"item\":\"https:\\\/\\\/motionfitness.se\\\/no\\\/produkter\\\/\"},{\"@type\":\"ListItem\",\"position\":3,\"name\":\"SUPER HORIZONTAL MULTI PRESS\"}]},{\"@type\":\"WebSite\",\"@id\":\"https:\\\/\\\/motionfitness.se\\\/no\\\/#website\",\"url\":\"https:\\\/\\\/motionfitness.se\\\/no\\\/\",\"name\":\"Motion Fitness\",\"description\":\"Stronger Together\",\"publisher\":{\"@id\":\"https:\\\/\\\/motionfitness.se\\\/no\\\/#organization\"},\"potentialAction\":[{\"@type\":\"SearchAction\",\"target\":{\"@type\":\"EntryPoint\",\"urlTemplate\":\"https:\\\/\\\/motionfitness.se\\\/no\\\/?s={search_term_string}\"},\"query-input\":{\"@type\":\"PropertyValueSpecification\",\"valueRequired\":true,\"valueName\":\"search_term_string\"}}],\"inLanguage\":\"nb-NO\"},{\"@type\":\"Organization\",\"@id\":\"https:\\\/\\\/motionfitness.se\\\/no\\\/#organization\",\"name\":\"Motion Fitness\",\"url\":\"https:\\\/\\\/motionfitness.se\\\/no\\\/\",\"logo\":{\"@type\":\"ImageObject\",\"inLanguage\":\"nb-NO\",\"@id\":\"https:\\\/\\\/motionfitness.se\\\/no\\\/#\\\/schema\\\/logo\\\/image\\\/\",\"url\":\"https:\\\/\\\/motionfitness.se\\\/wp-content\\\/uploads\\\/2024\\\/01\\\/Motion-Fitness-Logol.png\",\"contentUrl\":\"https:\\\/\\\/motionfitness.se\\\/wp-content\\\/uploads\\\/2024\\\/01\\\/Motion-Fitness-Logol.png\",\"width\":1280,\"height\":720,\"caption\":\"Motion Fitness\"},\"image\":{\"@id\":\"https:\\\/\\\/motionfitness.se\\\/no\\\/#\\\/schema\\\/logo\\\/image\\\/\"},\"sameAs\":[\"https:\\\/\\\/www.facebook.com\\\/motionfitnesssverige\\\/\",\"https:\\\/\\\/www.instagram.com\\\/motionfitness.se\\\/\"]}]}<\/script>\n<!-- \/ Yoast SEO plugin. -->","yoast_head_json":{"title":"SUPER HORIZONTAL MULTI PRESS | Motion Fitness","description":"Robust og smidig treningsutstyr som passer for deg som privat- eller firmakunde. Kj\u00f8p eller lei treningsutstyr hos Motion Fitness.","robots":{"index":"index","follow":"follow","max-snippet":"max-snippet:-1","max-image-preview":"max-image-preview:large","max-video-preview":"max-video-preview:-1"},"canonical":"https:\/\/motionfitness.se\/no\/produkter\/super-horisontal-multipresse\/","og_locale":"nb_NO","og_type":"article","og_title":"SUPER HORIZONTAL MULTI PRESS | Motion Fitness","og_description":"Robust og smidig treningsutstyr som passer for deg som privat- eller firmakunde. Kj\u00f8p eller lei treningsutstyr hos Motion Fitness.","og_url":"https:\/\/motionfitness.se\/no\/produkter\/super-horisontal-multipresse\/","og_site_name":"Motion Fitness","article_publisher":"https:\/\/www.facebook.com\/motionfitnesssverige\/","article_modified_time":"2025-02-11T10:26:08+00:00","og_image":[{"width":1440,"height":1440,"url":"https:\/\/motionfitness.se\/wp-content\/uploads\/2022\/11\/1FW042_pic_03.png","type":"image\/png"}],"twitter_card":"summary_large_image","twitter_misc":{"Ansl. lesetid":"1 minutt"},"schema":{"@context":"https:\/\/schema.org","@graph":[{"@type":"WebPage","@id":"https:\/\/motionfitness.se\/no\/produkter\/super-horisontal-multipresse\/","url":"https:\/\/motionfitness.se\/no\/produkter\/super-horisontal-multipresse\/","name":"SUPER HORIZONTAL MULTI PRESS | Motion Fitness","isPartOf":{"@id":"https:\/\/motionfitness.se\/no\/#website"},"primaryImageOfPage":{"@id":"https:\/\/motionfitness.se\/no\/produkter\/super-horisontal-multipresse\/#primaryimage"},"image":{"@id":"https:\/\/motionfitness.se\/no\/produkter\/super-horisontal-multipresse\/#primaryimage"},"thumbnailUrl":"https:\/\/motionfitness.se\/wp-content\/uploads\/2022\/11\/1FW042_pic_03.png","datePublished":"2022-11-16T09:45:40+00:00","dateModified":"2025-02-11T10:26:08+00:00","description":"Robust og smidig treningsutstyr som passer for deg som privat- eller firmakunde. Kj\u00f8p eller lei treningsutstyr hos Motion Fitness.","breadcrumb":{"@id":"https:\/\/motionfitness.se\/no\/produkter\/super-horisontal-multipresse\/#breadcrumb"},"inLanguage":"nb-NO","potentialAction":[{"@type":"ReadAction","target":["https:\/\/motionfitness.se\/no\/produkter\/super-horisontal-multipresse\/"]}]},{"@type":"ImageObject","inLanguage":"nb-NO","@id":"https:\/\/motionfitness.se\/no\/produkter\/super-horisontal-multipresse\/#primaryimage","url":"https:\/\/motionfitness.se\/wp-content\/uploads\/2022\/11\/1FW042_pic_03.png","contentUrl":"https:\/\/motionfitness.se\/wp-content\/uploads\/2022\/11\/1FW042_pic_03.png","width":1440,"height":1440},{"@type":"BreadcrumbList","@id":"https:\/\/motionfitness.se\/no\/produkter\/super-horisontal-multipresse\/#breadcrumb","itemListElement":[{"@type":"ListItem","position":1,"name":"Hem","item":"https:\/\/motionfitness.se\/no\/startside\/"},{"@type":"ListItem","position":2,"name":"Produkter","item":"https:\/\/motionfitness.se\/no\/produkter\/"},{"@type":"ListItem","position":3,"name":"SUPER HORIZONTAL MULTI PRESS"}]},{"@type":"WebSite","@id":"https:\/\/motionfitness.se\/no\/#website","url":"https:\/\/motionfitness.se\/no\/","name":"Motion Fitness","description":"Stronger Together","publisher":{"@id":"https:\/\/motionfitness.se\/no\/#organization"},"potentialAction":[{"@type":"SearchAction","target":{"@type":"EntryPoint","urlTemplate":"https:\/\/motionfitness.se\/no\/?s={search_term_string}"},"query-input":{"@type":"PropertyValueSpecification","valueRequired":true,"valueName":"search_term_string"}}],"inLanguage":"nb-NO"},{"@type":"Organization","@id":"https:\/\/motionfitness.se\/no\/#organization","name":"Motion Fitness","url":"https:\/\/motionfitness.se\/no\/","logo":{"@type":"ImageObject","inLanguage":"nb-NO","@id":"https:\/\/motionfitness.se\/no\/#\/schema\/logo\/image\/","url":"https:\/\/motionfitness.se\/wp-content\/uploads\/2024\/01\/Motion-Fitness-Logol.png","contentUrl":"https:\/\/motionfitness.se\/wp-content\/uploads\/2024\/01\/Motion-Fitness-Logol.png","width":1280,"height":720,"caption":"Motion Fitness"},"image":{"@id":"https:\/\/motionfitness.se\/no\/#\/schema\/logo\/image\/"},"sameAs":["https:\/\/www.facebook.com\/motionfitnesssverige\/","https:\/\/www.instagram.com\/motionfitness.se\/"]}]}},"_links":{"self":[{"href":"https:\/\/motionfitness.se\/no\/wp-json\/wp\/v2\/product\/21454","targetHints":{"allow":["GET"]}}],"collection":[{"href":"https:\/\/motionfitness.se\/no\/wp-json\/wp\/v2\/product"}],"about":[{"href":"https:\/\/motionfitness.se\/no\/wp-json\/wp\/v2\/types\/product"}],"replies":[{"embeddable":true,"href":"https:\/\/motionfitness.se\/no\/wp-json\/wp\/v2\/comments?post=21454"}],"wp:featuredmedia":[{"embeddable":true,"href":"https:\/\/motionfitness.se\/no\/wp-json\/wp\/v2\/media\/18744"}],"wp:attachment":[{"href":"https:\/\/motionfitness.se\/no\/wp-json\/wp\/v2\/media?parent=21454"}],"wp:term":[{"taxonomy":"product_brand","embeddable":true,"href":"https:\/\/motionfitness.se\/no\/wp-json\/wp\/v2\/product_brand?post=21454"},{"taxonomy":"product_cat","embeddable":true,"href":"https:\/\/motionfitness.se\/no\/wp-json\/wp\/v2\/product_cat?post=21454"},{"taxonomy":"product_tag","embeddable":true,"href":"https:\/\/motionfitness.se\/no\/wp-json\/wp\/v2\/product_tag?post=21454"}],"curies":[{"name":"wp","href":"https:\/\/api.w.org\/{rel}","templated":true}]}}