{"id":21345,"date":"2022-11-16T10:46:49","date_gmt":"2022-11-16T09:46:49","guid":{"rendered":"https:\/\/motionfitness.se\/produkter\/dfc-184-rig\/"},"modified":"2025-10-16T10:59:25","modified_gmt":"2025-10-16T08:59:25","slug":"dfc-184-rig","status":"publish","type":"product","link":"https:\/\/motionfitness.se\/no\/produkter\/dfc-184-rig\/","title":{"rendered":"DFC 184 RIGG"},"content":{"rendered":"<p>Lengde 800 cm<br \/>\nBredde 420 cm<br \/>\nH\u00f8yde 410 cm<br \/>\nVekt 885 kg<br \/>\nTreningsplass 60 (minimum 6x10m), ekstra 7,5m p\u00e5 brukssiden av tauet<br \/>\nFunksjonell trening og gruppetrening<br \/>\n14 personer kan trene samtidig<br \/>\n4 treningsstasjoner med stativer for treningsoppsett<br \/>\n6 forskjellige trekkstenger<br \/>\n9 ekstra treningsstasjoner: horisontal stige, skr\u00e5 stige, 2 sidelengs trekkstenger, boksesekk, klatretau, kraftstige, ballm\u00e5l og kamptau<br \/>\n8 konstruksjonsstolper og 8 tverrstenger<br \/>\n2 forbindelsesstiger<br \/>\nProduktet leveres demontert.<\/p>\n","protected":false},"excerpt":{"rendered":"<p>stativer og dfc-logo kjennetegner designet<br \/>\nrobust konstruksjon best\u00e5ende av b\u00e6rende profiler p\u00e5 80x80x3 mm og 80x40x3 mm<br \/>\n8 mm tykke plater<br \/>\nsikker bruk<br \/>\n7 \u00e5rs garanti p\u00e5 rammen<br \/>\nMobile panattamoduler kan monteres og demonteres etter behov.<br \/>\nsikkert styringssystem<br \/>\nstabilt og intuitivt festesystem som gir stabilitet under trening<br \/>\nFaste panattamoduler kan skrus fast i ulike posisjoner for \u00e5 utnytte den tilgjengelige treningsplassen fullt ut.<br \/>\nFleksibilitet med hensyn til h\u00e5ndtering av mobile panattamoduler og plassering av faste panattamoduler gir stor fleksibilitet i sammensetningen av konstruksjonen<br \/>\nfargevariasjoner gir mulighet for ytterligere tilpasning. alle komponenter og crossbarer er malt i grafitt. alle stolper og de fleste panattamoduler kan lakkeres i f\u00f8lgende farger: r\u00f8d, gul, hvit, svart, grafitt og s\u00f8lv.<\/p>\n","protected":false},"featured_media":18650,"comment_status":"open","ping_status":"closed","template":"","meta":{"_acf_changed":false,"_monsterinsights_skip_tracking":false,"_monsterinsights_sitenote_active":false,"_monsterinsights_sitenote_note":"","_monsterinsights_sitenote_category":0},"product_brand":[],"product_cat":[523,549],"product_tag":[524],"class_list":{"0":"post-21345","1":"product","2":"type-product","3":"status-publish","4":"has-post-thumbnail","6":"product_cat-dfc-no","7":"product_cat-rigger","8":"product_tag-panatta-dfc-innendors","10":"first","11":"outofstock","12":"taxable","13":"shipping-taxable","14":"purchasable","15":"product-type-simple"},"acf":[],"yoast_head":"<!-- This site is optimized with the Yoast SEO plugin v27.4 - https:\/\/yoast.com\/product\/yoast-seo-wordpress\/ -->\n<title>DFC 184 RIGG | Motion Fitness<\/title>\n<meta name=\"description\" content=\"Kraftig och komplett rigg for deg som vil ta treningen til nye h\u00f8yder. For gym eller hjemmebruk. Lei eller kj\u00f8p treningsutstyr fra Motion Fitness.\" \/>\n<meta name=\"robots\" content=\"index, follow, max-snippet:-1, max-image-preview:large, max-video-preview:-1\" \/>\n<link rel=\"canonical\" href=\"https:\/\/motionfitness.se\/no\/produkter\/dfc-184-rig\/\" \/>\n<meta property=\"og:locale\" content=\"nb_NO\" \/>\n<meta property=\"og:type\" content=\"article\" \/>\n<meta property=\"og:title\" content=\"DFC 184 RIGG | Motion Fitness\" \/>\n<meta property=\"og:description\" content=\"Kraftig och komplett rigg for deg som vil ta treningen til nye h\u00f8yder. For gym eller hjemmebruk. Lei eller kj\u00f8p treningsutstyr fra Motion Fitness.\" \/>\n<meta property=\"og:url\" content=\"https:\/\/motionfitness.se\/no\/produkter\/dfc-184-rig\/\" \/>\n<meta property=\"og:site_name\" content=\"Motion Fitness\" \/>\n<meta property=\"article:publisher\" content=\"https:\/\/www.facebook.com\/motionfitnesssverige\/\" \/>\n<meta property=\"article:modified_time\" content=\"2025-10-16T08:59:25+00:00\" \/>\n<meta property=\"og:image\" content=\"https:\/\/motionfitness.se\/wp-content\/uploads\/2022\/11\/1dfc003.png\" \/>\n\t<meta property=\"og:image:width\" content=\"1440\" \/>\n\t<meta property=\"og:image:height\" content=\"1440\" \/>\n\t<meta property=\"og:image:type\" content=\"image\/png\" \/>\n<meta name=\"twitter:card\" content=\"summary_large_image\" \/>\n<meta name=\"twitter:label1\" content=\"Ansl. lesetid\" \/>\n\t<meta name=\"twitter:data1\" content=\"1 minutt\" \/>\n<script type=\"application\/ld+json\" class=\"yoast-schema-graph\">{\"@context\":\"https:\\\/\\\/schema.org\",\"@graph\":[{\"@type\":\"WebPage\",\"@id\":\"https:\\\/\\\/motionfitness.se\\\/no\\\/produkter\\\/dfc-184-rig\\\/\",\"url\":\"https:\\\/\\\/motionfitness.se\\\/no\\\/produkter\\\/dfc-184-rig\\\/\",\"name\":\"DFC 184 RIGG | Motion Fitness\",\"isPartOf\":{\"@id\":\"https:\\\/\\\/motionfitness.se\\\/no\\\/#website\"},\"primaryImageOfPage\":{\"@id\":\"https:\\\/\\\/motionfitness.se\\\/no\\\/produkter\\\/dfc-184-rig\\\/#primaryimage\"},\"image\":{\"@id\":\"https:\\\/\\\/motionfitness.se\\\/no\\\/produkter\\\/dfc-184-rig\\\/#primaryimage\"},\"thumbnailUrl\":\"https:\\\/\\\/motionfitness.se\\\/wp-content\\\/uploads\\\/2022\\\/11\\\/1dfc003.png\",\"datePublished\":\"2022-11-16T09:46:49+00:00\",\"dateModified\":\"2025-10-16T08:59:25+00:00\",\"description\":\"Kraftig och komplett rigg for deg som vil ta treningen til nye h\u00f8yder. For gym eller hjemmebruk. Lei eller kj\u00f8p treningsutstyr fra Motion Fitness.\",\"breadcrumb\":{\"@id\":\"https:\\\/\\\/motionfitness.se\\\/no\\\/produkter\\\/dfc-184-rig\\\/#breadcrumb\"},\"inLanguage\":\"nb-NO\",\"potentialAction\":[{\"@type\":\"ReadAction\",\"target\":[\"https:\\\/\\\/motionfitness.se\\\/no\\\/produkter\\\/dfc-184-rig\\\/\"]}]},{\"@type\":\"ImageObject\",\"inLanguage\":\"nb-NO\",\"@id\":\"https:\\\/\\\/motionfitness.se\\\/no\\\/produkter\\\/dfc-184-rig\\\/#primaryimage\",\"url\":\"https:\\\/\\\/motionfitness.se\\\/wp-content\\\/uploads\\\/2022\\\/11\\\/1dfc003.png\",\"contentUrl\":\"https:\\\/\\\/motionfitness.se\\\/wp-content\\\/uploads\\\/2022\\\/11\\\/1dfc003.png\",\"width\":1440,\"height\":1440},{\"@type\":\"BreadcrumbList\",\"@id\":\"https:\\\/\\\/motionfitness.se\\\/no\\\/produkter\\\/dfc-184-rig\\\/#breadcrumb\",\"itemListElement\":[{\"@type\":\"ListItem\",\"position\":1,\"name\":\"Hem\",\"item\":\"https:\\\/\\\/motionfitness.se\\\/no\\\/startside\\\/\"},{\"@type\":\"ListItem\",\"position\":2,\"name\":\"Produkter\",\"item\":\"https:\\\/\\\/motionfitness.se\\\/no\\\/produkter\\\/\"},{\"@type\":\"ListItem\",\"position\":3,\"name\":\"DFC 184 RIGG\"}]},{\"@type\":\"WebSite\",\"@id\":\"https:\\\/\\\/motionfitness.se\\\/no\\\/#website\",\"url\":\"https:\\\/\\\/motionfitness.se\\\/no\\\/\",\"name\":\"Motion Fitness\",\"description\":\"Stronger Together\",\"publisher\":{\"@id\":\"https:\\\/\\\/motionfitness.se\\\/no\\\/#organization\"},\"potentialAction\":[{\"@type\":\"SearchAction\",\"target\":{\"@type\":\"EntryPoint\",\"urlTemplate\":\"https:\\\/\\\/motionfitness.se\\\/no\\\/?s={search_term_string}\"},\"query-input\":{\"@type\":\"PropertyValueSpecification\",\"valueRequired\":true,\"valueName\":\"search_term_string\"}}],\"inLanguage\":\"nb-NO\"},{\"@type\":\"Organization\",\"@id\":\"https:\\\/\\\/motionfitness.se\\\/no\\\/#organization\",\"name\":\"Motion Fitness\",\"url\":\"https:\\\/\\\/motionfitness.se\\\/no\\\/\",\"logo\":{\"@type\":\"ImageObject\",\"inLanguage\":\"nb-NO\",\"@id\":\"https:\\\/\\\/motionfitness.se\\\/no\\\/#\\\/schema\\\/logo\\\/image\\\/\",\"url\":\"https:\\\/\\\/motionfitness.se\\\/wp-content\\\/uploads\\\/2024\\\/01\\\/Motion-Fitness-Logol.png\",\"contentUrl\":\"https:\\\/\\\/motionfitness.se\\\/wp-content\\\/uploads\\\/2024\\\/01\\\/Motion-Fitness-Logol.png\",\"width\":1280,\"height\":720,\"caption\":\"Motion Fitness\"},\"image\":{\"@id\":\"https:\\\/\\\/motionfitness.se\\\/no\\\/#\\\/schema\\\/logo\\\/image\\\/\"},\"sameAs\":[\"https:\\\/\\\/www.facebook.com\\\/motionfitnesssverige\\\/\",\"https:\\\/\\\/www.instagram.com\\\/motionfitness.se\\\/\"]}]}<\/script>\n<!-- \/ Yoast SEO plugin. -->","yoast_head_json":{"title":"DFC 184 RIGG | Motion Fitness","description":"Kraftig och komplett rigg for deg som vil ta treningen til nye h\u00f8yder. For gym eller hjemmebruk. Lei eller kj\u00f8p treningsutstyr fra Motion Fitness.","robots":{"index":"index","follow":"follow","max-snippet":"max-snippet:-1","max-image-preview":"max-image-preview:large","max-video-preview":"max-video-preview:-1"},"canonical":"https:\/\/motionfitness.se\/no\/produkter\/dfc-184-rig\/","og_locale":"nb_NO","og_type":"article","og_title":"DFC 184 RIGG | Motion Fitness","og_description":"Kraftig och komplett rigg for deg som vil ta treningen til nye h\u00f8yder. For gym eller hjemmebruk. Lei eller kj\u00f8p treningsutstyr fra Motion Fitness.","og_url":"https:\/\/motionfitness.se\/no\/produkter\/dfc-184-rig\/","og_site_name":"Motion Fitness","article_publisher":"https:\/\/www.facebook.com\/motionfitnesssverige\/","article_modified_time":"2025-10-16T08:59:25+00:00","og_image":[{"width":1440,"height":1440,"url":"https:\/\/motionfitness.se\/wp-content\/uploads\/2022\/11\/1dfc003.png","type":"image\/png"}],"twitter_card":"summary_large_image","twitter_misc":{"Ansl. lesetid":"1 minutt"},"schema":{"@context":"https:\/\/schema.org","@graph":[{"@type":"WebPage","@id":"https:\/\/motionfitness.se\/no\/produkter\/dfc-184-rig\/","url":"https:\/\/motionfitness.se\/no\/produkter\/dfc-184-rig\/","name":"DFC 184 RIGG | Motion Fitness","isPartOf":{"@id":"https:\/\/motionfitness.se\/no\/#website"},"primaryImageOfPage":{"@id":"https:\/\/motionfitness.se\/no\/produkter\/dfc-184-rig\/#primaryimage"},"image":{"@id":"https:\/\/motionfitness.se\/no\/produkter\/dfc-184-rig\/#primaryimage"},"thumbnailUrl":"https:\/\/motionfitness.se\/wp-content\/uploads\/2022\/11\/1dfc003.png","datePublished":"2022-11-16T09:46:49+00:00","dateModified":"2025-10-16T08:59:25+00:00","description":"Kraftig och komplett rigg for deg som vil ta treningen til nye h\u00f8yder. For gym eller hjemmebruk. Lei eller kj\u00f8p treningsutstyr fra Motion Fitness.","breadcrumb":{"@id":"https:\/\/motionfitness.se\/no\/produkter\/dfc-184-rig\/#breadcrumb"},"inLanguage":"nb-NO","potentialAction":[{"@type":"ReadAction","target":["https:\/\/motionfitness.se\/no\/produkter\/dfc-184-rig\/"]}]},{"@type":"ImageObject","inLanguage":"nb-NO","@id":"https:\/\/motionfitness.se\/no\/produkter\/dfc-184-rig\/#primaryimage","url":"https:\/\/motionfitness.se\/wp-content\/uploads\/2022\/11\/1dfc003.png","contentUrl":"https:\/\/motionfitness.se\/wp-content\/uploads\/2022\/11\/1dfc003.png","width":1440,"height":1440},{"@type":"BreadcrumbList","@id":"https:\/\/motionfitness.se\/no\/produkter\/dfc-184-rig\/#breadcrumb","itemListElement":[{"@type":"ListItem","position":1,"name":"Hem","item":"https:\/\/motionfitness.se\/no\/startside\/"},{"@type":"ListItem","position":2,"name":"Produkter","item":"https:\/\/motionfitness.se\/no\/produkter\/"},{"@type":"ListItem","position":3,"name":"DFC 184 RIGG"}]},{"@type":"WebSite","@id":"https:\/\/motionfitness.se\/no\/#website","url":"https:\/\/motionfitness.se\/no\/","name":"Motion Fitness","description":"Stronger Together","publisher":{"@id":"https:\/\/motionfitness.se\/no\/#organization"},"potentialAction":[{"@type":"SearchAction","target":{"@type":"EntryPoint","urlTemplate":"https:\/\/motionfitness.se\/no\/?s={search_term_string}"},"query-input":{"@type":"PropertyValueSpecification","valueRequired":true,"valueName":"search_term_string"}}],"inLanguage":"nb-NO"},{"@type":"Organization","@id":"https:\/\/motionfitness.se\/no\/#organization","name":"Motion Fitness","url":"https:\/\/motionfitness.se\/no\/","logo":{"@type":"ImageObject","inLanguage":"nb-NO","@id":"https:\/\/motionfitness.se\/no\/#\/schema\/logo\/image\/","url":"https:\/\/motionfitness.se\/wp-content\/uploads\/2024\/01\/Motion-Fitness-Logol.png","contentUrl":"https:\/\/motionfitness.se\/wp-content\/uploads\/2024\/01\/Motion-Fitness-Logol.png","width":1280,"height":720,"caption":"Motion Fitness"},"image":{"@id":"https:\/\/motionfitness.se\/no\/#\/schema\/logo\/image\/"},"sameAs":["https:\/\/www.facebook.com\/motionfitnesssverige\/","https:\/\/www.instagram.com\/motionfitness.se\/"]}]}},"_links":{"self":[{"href":"https:\/\/motionfitness.se\/no\/wp-json\/wp\/v2\/product\/21345","targetHints":{"allow":["GET"]}}],"collection":[{"href":"https:\/\/motionfitness.se\/no\/wp-json\/wp\/v2\/product"}],"about":[{"href":"https:\/\/motionfitness.se\/no\/wp-json\/wp\/v2\/types\/product"}],"replies":[{"embeddable":true,"href":"https:\/\/motionfitness.se\/no\/wp-json\/wp\/v2\/comments?post=21345"}],"wp:featuredmedia":[{"embeddable":true,"href":"https:\/\/motionfitness.se\/no\/wp-json\/wp\/v2\/media\/18650"}],"wp:attachment":[{"href":"https:\/\/motionfitness.se\/no\/wp-json\/wp\/v2\/media?parent=21345"}],"wp:term":[{"taxonomy":"product_brand","embeddable":true,"href":"https:\/\/motionfitness.se\/no\/wp-json\/wp\/v2\/product_brand?post=21345"},{"taxonomy":"product_cat","embeddable":true,"href":"https:\/\/motionfitness.se\/no\/wp-json\/wp\/v2\/product_cat?post=21345"},{"taxonomy":"product_tag","embeddable":true,"href":"https:\/\/motionfitness.se\/no\/wp-json\/wp\/v2\/product_tag?post=21345"}],"curies":[{"name":"wp","href":"https:\/\/api.w.org\/{rel}","templated":true}]}}