{"id":21333,"date":"2022-11-16T10:47:02","date_gmt":"2022-11-16T09:47:02","guid":{"rendered":"https:\/\/motionfitness.se\/produkter\/kito-maskin\/"},"modified":"2026-04-27T10:18:46","modified_gmt":"2026-04-27T08:18:46","slug":"kito-maskin","status":"publish","type":"product","link":"https:\/\/motionfitness.se\/no\/produkter\/kito-maskin\/","title":{"rendered":"KITO MASKIN"},"content":{"rendered":"<p data-sourcepos=\"1:1-1:70\"><strong>Vi presenterer Kito Machine &#8211; verdens f\u00f8rste treningsmaskin for barn!<\/strong><\/p>\n<p data-sourcepos=\"3:1-3:171\">Denne unike og patenterte treningsmaskinen, Kito Machine, oppmuntrer barn til \u00e5 delta i lekende fysisk aktivitet samtidig som den fremmer riktig holdning, koordinasjon og belastning.<\/p>\n<p data-sourcepos=\"5:1-5:48\"><strong>Dette er det som gj\u00f8r Kito Machine s\u00e5 spesiell:<\/strong><\/p>\n<ul data-sourcepos=\"7:1-14:0\">\n<li data-sourcepos=\"7:1-7:172\">Bidrar <strong>til riktig holdning:<\/strong> Det ergonomiske rygglenet med elektroniske posisjonssensorer og interaktiv skjerm hjelper barn med \u00e5 opprettholde riktig holdning under trening.<\/li>\n<li data-sourcepos=\"8:1-8:143\"><strong>Interaktiv tilbakemelding:<\/strong> Lys- og lydsignaler gir umiddelbar tilbakemelding p\u00e5 kroppsholdningen, noe som gj\u00f8r det morsomt og engasjerende for barn \u00e5 l\u00e6re.<\/li>\n<li data-sourcepos=\"9:1-9:204\">Justerbar <strong>for voksende kropper:<\/strong> Setet kan justeres i h\u00f8yde og lengde, og fotst\u00f8tten kan justeres i helning, noe som sikrer en komfortabel og ergonomisk passform for barn i ulike aldre og st\u00f8rrelser.<\/li>\n<li data-sourcepos=\"10:1-10:137\"><strong>Uavhengige armbevegelser:<\/strong> Utformingen oppmuntrer til vekslende armbevegelser, noe som bidrar til \u00e5 utvikle koordinasjon og styrke.<\/li>\n<li data-sourcepos=\"11:1-11:108\"><strong>Selvforsynt:<\/strong> Ingen behov for batterier eller eksterne str\u00f8mkilder &#8211; Kito Machine er helt selvforsynt!<\/li>\n<li data-sourcepos=\"12:1-14:0\">L\u00e6rerikt <strong>og morsomt:<\/strong> &laquo;Mooooving Kids&raquo;-systemet gj\u00f8r trening til en l\u00e6rerik og morsom opplevelse som oppmuntrer barn til \u00e5 holde seg aktive og sunne.<\/li>\n<\/ul>\n<p>&nbsp;<\/p>\n<p data-sourcepos=\"15:1-15:64\"><strong>Gi barna glede og mosjon i gave med Kito-maskinen!<\/strong><\/p>\n<p data-sourcepos=\"17:1-17:42\">\n","protected":false},"excerpt":{"rendered":"<p>Denne unike og patenterte treningsmaskinen, Kito Machine, oppmuntrer barn til \u00e5 delta i lekende fysisk aktivitet samtidig som den fremmer riktig holdning, koordinasjon og belastning.<\/p>\n","protected":false},"featured_media":18872,"comment_status":"open","ping_status":"closed","template":"","meta":{"_acf_changed":false,"_monsterinsights_skip_tracking":false,"_monsterinsights_sitenote_active":false,"_monsterinsights_sitenote_note":"","_monsterinsights_sitenote_category":0},"product_brand":[],"product_cat":[441,544],"product_tag":[547],"class_list":{"0":"post-21333","1":"product","2":"type-product","3":"status-publish","4":"has-post-thumbnail","6":"product_cat-panatta-no","7":"product_cat-trening-for-barn-no","8":"product_tag-panatta-kidsline-no","10":"first","11":"instock","12":"taxable","13":"shipping-taxable","14":"purchasable","15":"product-type-simple"},"acf":[],"yoast_head":"<!-- This site is optimized with the Yoast SEO plugin v27.5 - https:\/\/yoast.com\/product\/yoast-seo-wordpress\/ -->\n<title>KITO MASKIN | Motion Fitness<\/title>\n<meta name=\"description\" content=\"Denne unike og patenterte treningsmaskinen, Kito Machine, oppmuntrer barn til \u00e5 delta i lekende fysisk aktivitet samtidig som den fremmer riktig holdning og koordinasjon.\" \/>\n<meta name=\"robots\" content=\"index, follow, max-snippet:-1, max-image-preview:large, max-video-preview:-1\" \/>\n<link rel=\"canonical\" href=\"https:\/\/motionfitness.se\/no\/produkter\/kito-maskin\/\" \/>\n<meta property=\"og:locale\" content=\"nb_NO\" \/>\n<meta property=\"og:type\" content=\"article\" \/>\n<meta property=\"og:title\" content=\"KITO MASKIN | Motion Fitness\" \/>\n<meta property=\"og:description\" content=\"Denne unike og patenterte treningsmaskinen, Kito Machine, oppmuntrer barn til \u00e5 delta i lekende fysisk aktivitet samtidig som den fremmer riktig holdning og koordinasjon.\" \/>\n<meta property=\"og:url\" content=\"https:\/\/motionfitness.se\/no\/produkter\/kito-maskin\/\" \/>\n<meta property=\"og:site_name\" content=\"Motion Fitness\" \/>\n<meta property=\"article:publisher\" content=\"https:\/\/www.facebook.com\/motionfitnesssverige\/\" \/>\n<meta property=\"article:modified_time\" content=\"2026-04-27T08:18:46+00:00\" \/>\n<meta property=\"og:image\" content=\"https:\/\/motionfitness.se\/wp-content\/uploads\/2022\/11\/1KD2.png\" \/>\n\t<meta property=\"og:image:width\" content=\"1440\" \/>\n\t<meta property=\"og:image:height\" content=\"1440\" \/>\n\t<meta property=\"og:image:type\" content=\"image\/png\" \/>\n<meta name=\"twitter:card\" content=\"summary_large_image\" \/>\n<meta name=\"twitter:label1\" content=\"Ansl. lesetid\" \/>\n\t<meta name=\"twitter:data1\" content=\"2 minutter\" \/>\n<script type=\"application\/ld+json\" class=\"yoast-schema-graph\">{\"@context\":\"https:\\\/\\\/schema.org\",\"@graph\":[{\"@type\":\"WebPage\",\"@id\":\"https:\\\/\\\/motionfitness.se\\\/no\\\/produkter\\\/kito-maskin\\\/\",\"url\":\"https:\\\/\\\/motionfitness.se\\\/no\\\/produkter\\\/kito-maskin\\\/\",\"name\":\"KITO MASKIN | Motion Fitness\",\"isPartOf\":{\"@id\":\"https:\\\/\\\/motionfitness.se\\\/no\\\/#website\"},\"primaryImageOfPage\":{\"@id\":\"https:\\\/\\\/motionfitness.se\\\/no\\\/produkter\\\/kito-maskin\\\/#primaryimage\"},\"image\":{\"@id\":\"https:\\\/\\\/motionfitness.se\\\/no\\\/produkter\\\/kito-maskin\\\/#primaryimage\"},\"thumbnailUrl\":\"https:\\\/\\\/motionfitness.se\\\/wp-content\\\/uploads\\\/2022\\\/11\\\/1KD2.png\",\"datePublished\":\"2022-11-16T09:47:02+00:00\",\"dateModified\":\"2026-04-27T08:18:46+00:00\",\"description\":\"Denne unike og patenterte treningsmaskinen, Kito Machine, oppmuntrer barn til \u00e5 delta i lekende fysisk aktivitet samtidig som den fremmer riktig holdning og koordinasjon.\",\"breadcrumb\":{\"@id\":\"https:\\\/\\\/motionfitness.se\\\/no\\\/produkter\\\/kito-maskin\\\/#breadcrumb\"},\"inLanguage\":\"nb-NO\",\"potentialAction\":[{\"@type\":\"ReadAction\",\"target\":[\"https:\\\/\\\/motionfitness.se\\\/no\\\/produkter\\\/kito-maskin\\\/\"]}]},{\"@type\":\"ImageObject\",\"inLanguage\":\"nb-NO\",\"@id\":\"https:\\\/\\\/motionfitness.se\\\/no\\\/produkter\\\/kito-maskin\\\/#primaryimage\",\"url\":\"https:\\\/\\\/motionfitness.se\\\/wp-content\\\/uploads\\\/2022\\\/11\\\/1KD2.png\",\"contentUrl\":\"https:\\\/\\\/motionfitness.se\\\/wp-content\\\/uploads\\\/2022\\\/11\\\/1KD2.png\",\"width\":1440,\"height\":1440},{\"@type\":\"BreadcrumbList\",\"@id\":\"https:\\\/\\\/motionfitness.se\\\/no\\\/produkter\\\/kito-maskin\\\/#breadcrumb\",\"itemListElement\":[{\"@type\":\"ListItem\",\"position\":1,\"name\":\"Hem\",\"item\":\"https:\\\/\\\/motionfitness.se\\\/no\\\/startside\\\/\"},{\"@type\":\"ListItem\",\"position\":2,\"name\":\"Produkter\",\"item\":\"https:\\\/\\\/motionfitness.se\\\/no\\\/produkter\\\/\"},{\"@type\":\"ListItem\",\"position\":3,\"name\":\"KITO MASKIN\"}]},{\"@type\":\"WebSite\",\"@id\":\"https:\\\/\\\/motionfitness.se\\\/no\\\/#website\",\"url\":\"https:\\\/\\\/motionfitness.se\\\/no\\\/\",\"name\":\"Motion Fitness\",\"description\":\"Stronger Together\",\"publisher\":{\"@id\":\"https:\\\/\\\/motionfitness.se\\\/no\\\/#organization\"},\"potentialAction\":[{\"@type\":\"SearchAction\",\"target\":{\"@type\":\"EntryPoint\",\"urlTemplate\":\"https:\\\/\\\/motionfitness.se\\\/no\\\/?s={search_term_string}\"},\"query-input\":{\"@type\":\"PropertyValueSpecification\",\"valueRequired\":true,\"valueName\":\"search_term_string\"}}],\"inLanguage\":\"nb-NO\"},{\"@type\":\"Organization\",\"@id\":\"https:\\\/\\\/motionfitness.se\\\/no\\\/#organization\",\"name\":\"Motion Fitness\",\"url\":\"https:\\\/\\\/motionfitness.se\\\/no\\\/\",\"logo\":{\"@type\":\"ImageObject\",\"inLanguage\":\"nb-NO\",\"@id\":\"https:\\\/\\\/motionfitness.se\\\/no\\\/#\\\/schema\\\/logo\\\/image\\\/\",\"url\":\"https:\\\/\\\/motionfitness.se\\\/wp-content\\\/uploads\\\/2024\\\/01\\\/Motion-Fitness-Logol.png\",\"contentUrl\":\"https:\\\/\\\/motionfitness.se\\\/wp-content\\\/uploads\\\/2024\\\/01\\\/Motion-Fitness-Logol.png\",\"width\":1280,\"height\":720,\"caption\":\"Motion Fitness\"},\"image\":{\"@id\":\"https:\\\/\\\/motionfitness.se\\\/no\\\/#\\\/schema\\\/logo\\\/image\\\/\"},\"sameAs\":[\"https:\\\/\\\/www.facebook.com\\\/motionfitnesssverige\\\/\",\"https:\\\/\\\/www.instagram.com\\\/motionfitness.se\\\/\"]}]}<\/script>\n<!-- \/ Yoast SEO plugin. -->","yoast_head_json":{"title":"KITO MASKIN | Motion Fitness","description":"Denne unike og patenterte treningsmaskinen, Kito Machine, oppmuntrer barn til \u00e5 delta i lekende fysisk aktivitet samtidig som den fremmer riktig holdning og koordinasjon.","robots":{"index":"index","follow":"follow","max-snippet":"max-snippet:-1","max-image-preview":"max-image-preview:large","max-video-preview":"max-video-preview:-1"},"canonical":"https:\/\/motionfitness.se\/no\/produkter\/kito-maskin\/","og_locale":"nb_NO","og_type":"article","og_title":"KITO MASKIN | Motion Fitness","og_description":"Denne unike og patenterte treningsmaskinen, Kito Machine, oppmuntrer barn til \u00e5 delta i lekende fysisk aktivitet samtidig som den fremmer riktig holdning og koordinasjon.","og_url":"https:\/\/motionfitness.se\/no\/produkter\/kito-maskin\/","og_site_name":"Motion Fitness","article_publisher":"https:\/\/www.facebook.com\/motionfitnesssverige\/","article_modified_time":"2026-04-27T08:18:46+00:00","og_image":[{"width":1440,"height":1440,"url":"https:\/\/motionfitness.se\/wp-content\/uploads\/2022\/11\/1KD2.png","type":"image\/png"}],"twitter_card":"summary_large_image","twitter_misc":{"Ansl. lesetid":"2 minutter"},"schema":{"@context":"https:\/\/schema.org","@graph":[{"@type":"WebPage","@id":"https:\/\/motionfitness.se\/no\/produkter\/kito-maskin\/","url":"https:\/\/motionfitness.se\/no\/produkter\/kito-maskin\/","name":"KITO MASKIN | Motion Fitness","isPartOf":{"@id":"https:\/\/motionfitness.se\/no\/#website"},"primaryImageOfPage":{"@id":"https:\/\/motionfitness.se\/no\/produkter\/kito-maskin\/#primaryimage"},"image":{"@id":"https:\/\/motionfitness.se\/no\/produkter\/kito-maskin\/#primaryimage"},"thumbnailUrl":"https:\/\/motionfitness.se\/wp-content\/uploads\/2022\/11\/1KD2.png","datePublished":"2022-11-16T09:47:02+00:00","dateModified":"2026-04-27T08:18:46+00:00","description":"Denne unike og patenterte treningsmaskinen, Kito Machine, oppmuntrer barn til \u00e5 delta i lekende fysisk aktivitet samtidig som den fremmer riktig holdning og koordinasjon.","breadcrumb":{"@id":"https:\/\/motionfitness.se\/no\/produkter\/kito-maskin\/#breadcrumb"},"inLanguage":"nb-NO","potentialAction":[{"@type":"ReadAction","target":["https:\/\/motionfitness.se\/no\/produkter\/kito-maskin\/"]}]},{"@type":"ImageObject","inLanguage":"nb-NO","@id":"https:\/\/motionfitness.se\/no\/produkter\/kito-maskin\/#primaryimage","url":"https:\/\/motionfitness.se\/wp-content\/uploads\/2022\/11\/1KD2.png","contentUrl":"https:\/\/motionfitness.se\/wp-content\/uploads\/2022\/11\/1KD2.png","width":1440,"height":1440},{"@type":"BreadcrumbList","@id":"https:\/\/motionfitness.se\/no\/produkter\/kito-maskin\/#breadcrumb","itemListElement":[{"@type":"ListItem","position":1,"name":"Hem","item":"https:\/\/motionfitness.se\/no\/startside\/"},{"@type":"ListItem","position":2,"name":"Produkter","item":"https:\/\/motionfitness.se\/no\/produkter\/"},{"@type":"ListItem","position":3,"name":"KITO MASKIN"}]},{"@type":"WebSite","@id":"https:\/\/motionfitness.se\/no\/#website","url":"https:\/\/motionfitness.se\/no\/","name":"Motion Fitness","description":"Stronger Together","publisher":{"@id":"https:\/\/motionfitness.se\/no\/#organization"},"potentialAction":[{"@type":"SearchAction","target":{"@type":"EntryPoint","urlTemplate":"https:\/\/motionfitness.se\/no\/?s={search_term_string}"},"query-input":{"@type":"PropertyValueSpecification","valueRequired":true,"valueName":"search_term_string"}}],"inLanguage":"nb-NO"},{"@type":"Organization","@id":"https:\/\/motionfitness.se\/no\/#organization","name":"Motion Fitness","url":"https:\/\/motionfitness.se\/no\/","logo":{"@type":"ImageObject","inLanguage":"nb-NO","@id":"https:\/\/motionfitness.se\/no\/#\/schema\/logo\/image\/","url":"https:\/\/motionfitness.se\/wp-content\/uploads\/2024\/01\/Motion-Fitness-Logol.png","contentUrl":"https:\/\/motionfitness.se\/wp-content\/uploads\/2024\/01\/Motion-Fitness-Logol.png","width":1280,"height":720,"caption":"Motion Fitness"},"image":{"@id":"https:\/\/motionfitness.se\/no\/#\/schema\/logo\/image\/"},"sameAs":["https:\/\/www.facebook.com\/motionfitnesssverige\/","https:\/\/www.instagram.com\/motionfitness.se\/"]}]}},"_links":{"self":[{"href":"https:\/\/motionfitness.se\/no\/wp-json\/wp\/v2\/product\/21333","targetHints":{"allow":["GET"]}}],"collection":[{"href":"https:\/\/motionfitness.se\/no\/wp-json\/wp\/v2\/product"}],"about":[{"href":"https:\/\/motionfitness.se\/no\/wp-json\/wp\/v2\/types\/product"}],"replies":[{"embeddable":true,"href":"https:\/\/motionfitness.se\/no\/wp-json\/wp\/v2\/comments?post=21333"}],"wp:featuredmedia":[{"embeddable":true,"href":"https:\/\/motionfitness.se\/no\/wp-json\/wp\/v2\/media\/18872"}],"wp:attachment":[{"href":"https:\/\/motionfitness.se\/no\/wp-json\/wp\/v2\/media?parent=21333"}],"wp:term":[{"taxonomy":"product_brand","embeddable":true,"href":"https:\/\/motionfitness.se\/no\/wp-json\/wp\/v2\/product_brand?post=21333"},{"taxonomy":"product_cat","embeddable":true,"href":"https:\/\/motionfitness.se\/no\/wp-json\/wp\/v2\/product_cat?post=21333"},{"taxonomy":"product_tag","embeddable":true,"href":"https:\/\/motionfitness.se\/no\/wp-json\/wp\/v2\/product_tag?post=21333"}],"curies":[{"name":"wp","href":"https:\/\/api.w.org\/{rel}","templated":true}]}}