{"id":21161,"date":"2022-11-25T17:00:13","date_gmt":"2022-11-25T16:00:13","guid":{"rendered":"https:\/\/motionfitness.se\/produkter\/super-power-kneboy\/"},"modified":"2026-04-05T14:45:07","modified_gmt":"2026-04-05T12:45:07","slug":"super-power-kneboy","status":"publish","type":"product","link":"https:\/\/motionfitness.se\/no\/produkter\/super-power-squat\/","title":{"rendered":"SUPER POWER SQUAT"},"content":{"rendered":"<p data-start=\"142\" data-end=\"352\">Power Squat er utviklet for effektiv og m\u00e5lrettet trening av hele l\u00e5rmuskulaturen. Maskinen kombinerer et ergonomisk design med et pantografisk bevegelsessystem som gjenskaper en naturlig og fysiologisk kneb\u00f8y.<\/p>\n<p data-start=\"354\" data-end=\"594\">Den doble arbeidsstasjonen gir fleksibilitet i treningen, med mulighet for b\u00e5de mageleie og ryggleie, avhengig av \u00f8nsket belastning og komfort. Justerbar ryggst\u00f8tte og stor fotplattform gj\u00f8r det enkelt \u00e5 tilpasse maskinen til ulike brukere.<\/p>\n<p data-start=\"596\" data-end=\"745\">Et gjennomtenkt spaksystem sikrer en jevn og naturlig belastningskurve, mens integrerte sikkerhetsfunksjoner gir trygg bruk under hele trenings\u00f8kten.<\/p>\n","protected":false},"excerpt":{"rendered":"<p>Power Squat er ideell for en komplett trening av hele l\u00e5rmuskulaturen. Det er vanskelig \u00e5 finne en mer komfortabel og effektiv Power Squat.<\/p>\n","protected":false},"featured_media":19871,"comment_status":"open","ping_status":"closed","template":"","meta":{"_acf_changed":false,"_monsterinsights_skip_tracking":false,"_monsterinsights_sitenote_active":false,"_monsterinsights_sitenote_note":"","_monsterinsights_sitenote_category":0},"product_brand":[],"product_cat":[495,480,493],"product_tag":[],"class_list":{"0":"post-21161","1":"product","2":"type-product","3":"status-publish","4":"has-post-thumbnail","6":"product_cat-bakside-ben-no","7":"product_cat-free-weight-produktlinje-no","8":"product_cat-fremsideben-no","10":"first","11":"instock","12":"taxable","13":"shipping-taxable","14":"purchasable","15":"product-type-simple"},"acf":[],"yoast_head":"<!-- This site is optimized with the Yoast SEO plugin v27.4 - https:\/\/yoast.com\/product\/yoast-seo-wordpress\/ -->\n<title>SUPER POWER SQUAT | Motion Fitness<\/title>\n<meta name=\"description\" content=\"Power Squat er ideell for en komplett trening av hele l\u00e5rmuskulaturen. Det er vanskelig \u00e5 finne en mer komfortabel og effektiv Power Squat. Opplev den i dag!\" \/>\n<meta name=\"robots\" content=\"index, follow, max-snippet:-1, max-image-preview:large, max-video-preview:-1\" \/>\n<link rel=\"canonical\" href=\"https:\/\/motionfitness.se\/no\/produkter\/super-power-squat\/\" \/>\n<meta property=\"og:locale\" content=\"nb_NO\" \/>\n<meta property=\"og:type\" content=\"article\" \/>\n<meta property=\"og:title\" content=\"SUPER POWER SQUAT | Motion Fitness\" \/>\n<meta property=\"og:description\" content=\"Power Squat er ideell for en komplett trening av hele l\u00e5rmuskulaturen. Det er vanskelig \u00e5 finne en mer komfortabel og effektiv Power Squat. Opplev den i dag!\" \/>\n<meta property=\"og:url\" content=\"https:\/\/motionfitness.se\/no\/produkter\/super-power-squat\/\" \/>\n<meta property=\"og:site_name\" content=\"Motion Fitness\" \/>\n<meta property=\"article:publisher\" content=\"https:\/\/www.facebook.com\/motionfitnesssverige\/\" \/>\n<meta property=\"article:modified_time\" content=\"2026-04-05T12:45:07+00:00\" \/>\n<meta property=\"og:image\" content=\"https:\/\/motionfitness.se\/wp-content\/uploads\/2022\/11\/pic_1fw084_01.webp\" \/>\n\t<meta property=\"og:image:width\" content=\"1440\" \/>\n\t<meta property=\"og:image:height\" content=\"1440\" \/>\n\t<meta property=\"og:image:type\" content=\"image\/webp\" \/>\n<meta name=\"twitter:card\" content=\"summary_large_image\" \/>\n<meta name=\"twitter:label1\" content=\"Ansl. lesetid\" \/>\n\t<meta name=\"twitter:data1\" content=\"1 minutt\" \/>\n<script type=\"application\/ld+json\" class=\"yoast-schema-graph\">{\"@context\":\"https:\\\/\\\/schema.org\",\"@graph\":[{\"@type\":\"WebPage\",\"@id\":\"https:\\\/\\\/motionfitness.se\\\/no\\\/produkter\\\/super-power-squat\\\/\",\"url\":\"https:\\\/\\\/motionfitness.se\\\/no\\\/produkter\\\/super-power-squat\\\/\",\"name\":\"SUPER POWER SQUAT | Motion Fitness\",\"isPartOf\":{\"@id\":\"https:\\\/\\\/motionfitness.se\\\/no\\\/#website\"},\"primaryImageOfPage\":{\"@id\":\"https:\\\/\\\/motionfitness.se\\\/no\\\/produkter\\\/super-power-squat\\\/#primaryimage\"},\"image\":{\"@id\":\"https:\\\/\\\/motionfitness.se\\\/no\\\/produkter\\\/super-power-squat\\\/#primaryimage\"},\"thumbnailUrl\":\"https:\\\/\\\/motionfitness.se\\\/wp-content\\\/uploads\\\/2022\\\/11\\\/pic_1fw084_01.webp\",\"datePublished\":\"2022-11-25T16:00:13+00:00\",\"dateModified\":\"2026-04-05T12:45:07+00:00\",\"description\":\"Power Squat er ideell for en komplett trening av hele l\u00e5rmuskulaturen. Det er vanskelig \u00e5 finne en mer komfortabel og effektiv Power Squat. Opplev den i dag!\",\"breadcrumb\":{\"@id\":\"https:\\\/\\\/motionfitness.se\\\/no\\\/produkter\\\/super-power-squat\\\/#breadcrumb\"},\"inLanguage\":\"nb-NO\",\"potentialAction\":[{\"@type\":\"ReadAction\",\"target\":[\"https:\\\/\\\/motionfitness.se\\\/no\\\/produkter\\\/super-power-squat\\\/\"]}]},{\"@type\":\"ImageObject\",\"inLanguage\":\"nb-NO\",\"@id\":\"https:\\\/\\\/motionfitness.se\\\/no\\\/produkter\\\/super-power-squat\\\/#primaryimage\",\"url\":\"https:\\\/\\\/motionfitness.se\\\/wp-content\\\/uploads\\\/2022\\\/11\\\/pic_1fw084_01.webp\",\"contentUrl\":\"https:\\\/\\\/motionfitness.se\\\/wp-content\\\/uploads\\\/2022\\\/11\\\/pic_1fw084_01.webp\",\"width\":1440,\"height\":1440,\"caption\":\"FW0084 Super Power Squat Panatta Motion&amp;Fitness\"},{\"@type\":\"BreadcrumbList\",\"@id\":\"https:\\\/\\\/motionfitness.se\\\/no\\\/produkter\\\/super-power-squat\\\/#breadcrumb\",\"itemListElement\":[{\"@type\":\"ListItem\",\"position\":1,\"name\":\"Hem\",\"item\":\"https:\\\/\\\/motionfitness.se\\\/no\\\/startside\\\/\"},{\"@type\":\"ListItem\",\"position\":2,\"name\":\"Produkter\",\"item\":\"https:\\\/\\\/motionfitness.se\\\/no\\\/produkter\\\/\"},{\"@type\":\"ListItem\",\"position\":3,\"name\":\"SUPER POWER SQUAT\"}]},{\"@type\":\"WebSite\",\"@id\":\"https:\\\/\\\/motionfitness.se\\\/no\\\/#website\",\"url\":\"https:\\\/\\\/motionfitness.se\\\/no\\\/\",\"name\":\"Motion Fitness\",\"description\":\"Stronger Together\",\"publisher\":{\"@id\":\"https:\\\/\\\/motionfitness.se\\\/no\\\/#organization\"},\"potentialAction\":[{\"@type\":\"SearchAction\",\"target\":{\"@type\":\"EntryPoint\",\"urlTemplate\":\"https:\\\/\\\/motionfitness.se\\\/no\\\/?s={search_term_string}\"},\"query-input\":{\"@type\":\"PropertyValueSpecification\",\"valueRequired\":true,\"valueName\":\"search_term_string\"}}],\"inLanguage\":\"nb-NO\"},{\"@type\":\"Organization\",\"@id\":\"https:\\\/\\\/motionfitness.se\\\/no\\\/#organization\",\"name\":\"Motion Fitness\",\"url\":\"https:\\\/\\\/motionfitness.se\\\/no\\\/\",\"logo\":{\"@type\":\"ImageObject\",\"inLanguage\":\"nb-NO\",\"@id\":\"https:\\\/\\\/motionfitness.se\\\/no\\\/#\\\/schema\\\/logo\\\/image\\\/\",\"url\":\"https:\\\/\\\/motionfitness.se\\\/wp-content\\\/uploads\\\/2024\\\/01\\\/Motion-Fitness-Logol.png\",\"contentUrl\":\"https:\\\/\\\/motionfitness.se\\\/wp-content\\\/uploads\\\/2024\\\/01\\\/Motion-Fitness-Logol.png\",\"width\":1280,\"height\":720,\"caption\":\"Motion Fitness\"},\"image\":{\"@id\":\"https:\\\/\\\/motionfitness.se\\\/no\\\/#\\\/schema\\\/logo\\\/image\\\/\"},\"sameAs\":[\"https:\\\/\\\/www.facebook.com\\\/motionfitnesssverige\\\/\",\"https:\\\/\\\/www.instagram.com\\\/motionfitness.se\\\/\"]}]}<\/script>\n<!-- \/ Yoast SEO plugin. -->","yoast_head_json":{"title":"SUPER POWER SQUAT | Motion Fitness","description":"Power Squat er ideell for en komplett trening av hele l\u00e5rmuskulaturen. Det er vanskelig \u00e5 finne en mer komfortabel og effektiv Power Squat. Opplev den i dag!","robots":{"index":"index","follow":"follow","max-snippet":"max-snippet:-1","max-image-preview":"max-image-preview:large","max-video-preview":"max-video-preview:-1"},"canonical":"https:\/\/motionfitness.se\/no\/produkter\/super-power-squat\/","og_locale":"nb_NO","og_type":"article","og_title":"SUPER POWER SQUAT | Motion Fitness","og_description":"Power Squat er ideell for en komplett trening av hele l\u00e5rmuskulaturen. Det er vanskelig \u00e5 finne en mer komfortabel og effektiv Power Squat. Opplev den i dag!","og_url":"https:\/\/motionfitness.se\/no\/produkter\/super-power-squat\/","og_site_name":"Motion Fitness","article_publisher":"https:\/\/www.facebook.com\/motionfitnesssverige\/","article_modified_time":"2026-04-05T12:45:07+00:00","og_image":[{"width":1440,"height":1440,"url":"https:\/\/motionfitness.se\/wp-content\/uploads\/2022\/11\/pic_1fw084_01.webp","type":"image\/webp"}],"twitter_card":"summary_large_image","twitter_misc":{"Ansl. lesetid":"1 minutt"},"schema":{"@context":"https:\/\/schema.org","@graph":[{"@type":"WebPage","@id":"https:\/\/motionfitness.se\/no\/produkter\/super-power-squat\/","url":"https:\/\/motionfitness.se\/no\/produkter\/super-power-squat\/","name":"SUPER POWER SQUAT | Motion Fitness","isPartOf":{"@id":"https:\/\/motionfitness.se\/no\/#website"},"primaryImageOfPage":{"@id":"https:\/\/motionfitness.se\/no\/produkter\/super-power-squat\/#primaryimage"},"image":{"@id":"https:\/\/motionfitness.se\/no\/produkter\/super-power-squat\/#primaryimage"},"thumbnailUrl":"https:\/\/motionfitness.se\/wp-content\/uploads\/2022\/11\/pic_1fw084_01.webp","datePublished":"2022-11-25T16:00:13+00:00","dateModified":"2026-04-05T12:45:07+00:00","description":"Power Squat er ideell for en komplett trening av hele l\u00e5rmuskulaturen. Det er vanskelig \u00e5 finne en mer komfortabel og effektiv Power Squat. Opplev den i dag!","breadcrumb":{"@id":"https:\/\/motionfitness.se\/no\/produkter\/super-power-squat\/#breadcrumb"},"inLanguage":"nb-NO","potentialAction":[{"@type":"ReadAction","target":["https:\/\/motionfitness.se\/no\/produkter\/super-power-squat\/"]}]},{"@type":"ImageObject","inLanguage":"nb-NO","@id":"https:\/\/motionfitness.se\/no\/produkter\/super-power-squat\/#primaryimage","url":"https:\/\/motionfitness.se\/wp-content\/uploads\/2022\/11\/pic_1fw084_01.webp","contentUrl":"https:\/\/motionfitness.se\/wp-content\/uploads\/2022\/11\/pic_1fw084_01.webp","width":1440,"height":1440,"caption":"FW0084 Super Power Squat Panatta Motion&amp;Fitness"},{"@type":"BreadcrumbList","@id":"https:\/\/motionfitness.se\/no\/produkter\/super-power-squat\/#breadcrumb","itemListElement":[{"@type":"ListItem","position":1,"name":"Hem","item":"https:\/\/motionfitness.se\/no\/startside\/"},{"@type":"ListItem","position":2,"name":"Produkter","item":"https:\/\/motionfitness.se\/no\/produkter\/"},{"@type":"ListItem","position":3,"name":"SUPER POWER SQUAT"}]},{"@type":"WebSite","@id":"https:\/\/motionfitness.se\/no\/#website","url":"https:\/\/motionfitness.se\/no\/","name":"Motion Fitness","description":"Stronger Together","publisher":{"@id":"https:\/\/motionfitness.se\/no\/#organization"},"potentialAction":[{"@type":"SearchAction","target":{"@type":"EntryPoint","urlTemplate":"https:\/\/motionfitness.se\/no\/?s={search_term_string}"},"query-input":{"@type":"PropertyValueSpecification","valueRequired":true,"valueName":"search_term_string"}}],"inLanguage":"nb-NO"},{"@type":"Organization","@id":"https:\/\/motionfitness.se\/no\/#organization","name":"Motion Fitness","url":"https:\/\/motionfitness.se\/no\/","logo":{"@type":"ImageObject","inLanguage":"nb-NO","@id":"https:\/\/motionfitness.se\/no\/#\/schema\/logo\/image\/","url":"https:\/\/motionfitness.se\/wp-content\/uploads\/2024\/01\/Motion-Fitness-Logol.png","contentUrl":"https:\/\/motionfitness.se\/wp-content\/uploads\/2024\/01\/Motion-Fitness-Logol.png","width":1280,"height":720,"caption":"Motion Fitness"},"image":{"@id":"https:\/\/motionfitness.se\/no\/#\/schema\/logo\/image\/"},"sameAs":["https:\/\/www.facebook.com\/motionfitnesssverige\/","https:\/\/www.instagram.com\/motionfitness.se\/"]}]}},"_links":{"self":[{"href":"https:\/\/motionfitness.se\/no\/wp-json\/wp\/v2\/product\/21161","targetHints":{"allow":["GET"]}}],"collection":[{"href":"https:\/\/motionfitness.se\/no\/wp-json\/wp\/v2\/product"}],"about":[{"href":"https:\/\/motionfitness.se\/no\/wp-json\/wp\/v2\/types\/product"}],"replies":[{"embeddable":true,"href":"https:\/\/motionfitness.se\/no\/wp-json\/wp\/v2\/comments?post=21161"}],"wp:featuredmedia":[{"embeddable":true,"href":"https:\/\/motionfitness.se\/no\/wp-json\/wp\/v2\/media\/19871"}],"wp:attachment":[{"href":"https:\/\/motionfitness.se\/no\/wp-json\/wp\/v2\/media?parent=21161"}],"wp:term":[{"taxonomy":"product_brand","embeddable":true,"href":"https:\/\/motionfitness.se\/no\/wp-json\/wp\/v2\/product_brand?post=21161"},{"taxonomy":"product_cat","embeddable":true,"href":"https:\/\/motionfitness.se\/no\/wp-json\/wp\/v2\/product_cat?post=21161"},{"taxonomy":"product_tag","embeddable":true,"href":"https:\/\/motionfitness.se\/no\/wp-json\/wp\/v2\/product_tag?post=21161"}],"curies":[{"name":"wp","href":"https:\/\/api.w.org\/{rel}","templated":true}]}}